{"id":11813,"date":"2022-01-19T12:55:14","date_gmt":"2022-01-19T11:55:14","guid":{"rendered":"https:\/\/new.tiketi.com\/cheap-flights-from-dar-es-salaam-to-bukoba\/"},"modified":"2022-09-17T16:37:05","modified_gmt":"2022-09-17T15:37:05","slug":"dar-es-salaam-to-bukoba-dar-bkz","status":"publish","type":"page","link":"https:\/\/tiketi.com\/fr-fr\/cheap-flights\/dar-es-salaam-to-bukoba-dar-bkz\/","title":{"rendered":"Vols \u00e0 bas prix de Dar es Salam \u00e0 Bukoba"},"content":{"rendered":"<h2>Vous recherchez un billet d&#039;avion pas cher de Dar es Salam \u00e0 Bukoba ou des offres de derni\u00e8re minute ?<\/h2>\n<h3>Recherchez, comparez et r\u00e9servez en ligne maintenant un billet d&#039;avion pas cher entre Dar es Salam (DAR) et Bukoba (BKZ).<\/h3>\n<p>R\u00e9servez en ligne des vols \u00e0 bas prix de Dar es Salam \u00e0 Bukoba et \u00e9conomisez du temps et de l&#039;argent. Bukoba se trouve sur les rives du lac Victorian, dans la r\u00e9gion nord-est de la Tanzanie. La ville est la capitale r\u00e9gionale de Kagera avec une population de plus de 100 000 personnes. Bukoba est l&#039;une des plus grandes agglom\u00e9rations urbaines de cette partie de la Tanzanie avec le deuxi\u00e8me plus grand port du pays. Vous pouvez visiter Bukoba gr\u00e2ce \u00e0 des offres exceptionnelles sur des billets d&#039;avion pas chers de Dar es Salaam \u00e0 Bukoba et voler de Dar es Salaam \u00e0 Bukoba \u00e0 bas prix.<\/p>\n<h2>Voici quelques-unes des meilleures attractions de Bukoba<\/h2>\n<h3>\u00cele de Musira<\/h3>\n<p>L&#039;\u00e9norme morceau de roche devant Bukoba \u00e9tait une \u00eele-prison \u00e0 l&#039;\u00e9poque des rois et maintenant il offre une escapade intrigante. A votre arriv\u00e9e pr\u00e9sentez-vous au responsable et r\u00e9glez les charges. Demandez-lui de vous pr\u00e9senter le chemin vers le sommet, qui passe devant l&#039;\u00e9glise orthodoxe et diff\u00e9rentes maisons en herbe \u00e0 \u00e9l\u00e9phant.<\/p>\n<h3>Site du patrimoine de Katuruka<\/h3>\n<p>Cet endroit conserve le plus ancien four de fusion de fer c\u00e9l\u00e8bre d&#039;Afrique orientale, australe et centrale. Alors que l&#039;endroit lui-m\u00eame n&#039;est essentiellement que de vieilles briques et quelques petites p\u00e9pites, il y a des sanctuaires incroyables pour le roi Rugomora et Mugasha, le dieu de l&#039;eau et des temp\u00eates. Votre guide vous racontera quelques l\u00e9gendes remarquables \u00e0 leur sujet.<\/p>\n<h3>Mus\u00e9e de la Kagera<\/h3>\n<p>Ce petit mais pr\u00e9cieux mus\u00e9e combine un ensemble d&#039;objets tribaux domestiques avec des photographies de la faune de la r\u00e9gion de Kagera, des tambours, des sacs \u00e0 main et d&#039;autres objets artisanaux sont expos\u00e9s.<\/p>\n<h2>FAQ sur les vols pas chers de Dar es Salam \u00e0 Bukoba<\/h2>\n<h3>Quel est le meilleur moment pour r\u00e9server des vols pas chers de Dar es Salam \u00e0 Bukoba ?<\/h3>\n<p>G\u00e9n\u00e9ralement, l&#039;excellent temps de vol de Dar es Salaam \u00e0 Bukoba est de 2 mois \u00e0 l&#039;avance. Et les jours les moins chers pour voler de Dar es Salaam \u00e0 Bukoba sont le mercredi, le mardi et le samedi. Le dimanche est le plus cher.<\/p>\n<h3>Combien de vols directs de Dar es Salam \u00e0 Bukoba ?<\/h3>\n<p>Il y a un vols direct entre Dar es Salam et Bukoba.<\/p>\n<h3>Quelle est la compagnie a\u00e9rienne la plus c\u00e9l\u00e8bre pour les billets d&#039;avion pas chers sans escale de Dar es Salaam \u00e0 Bukoba ?<\/h3>\n<p>Precision Air, Air Tanzania propose des billets d&#039;avion pas chers sans escale de Dar es Salaam \u00e0 Bukoba.<\/p>\n<h3>Quelle est la dur\u00e9e moyenne d&#039;un vol entre Dar es Salam et Bukoba ?<\/h3>\n<p>La dur\u00e9e moyenne d&#039;un vol Dar es Salam - Bukoba pas cher est de 2 h 25 min.<\/p>\n<h3>Combien de vols au total volent Dar es Salam vers Bukoba en une semaine ?<\/h3>\n<p>Au total, 7 vols Bukoba au d\u00e9part de Dar es Salaam op\u00e8rent chaque semaine.<\/p>\n<h2>Conseils sur les vols Dar es Salam - Bukoba<\/h2>\n<p>\u2022 Le temps de vol le plus rapide pour les vols directs de Dar es Salaam \u00e0 Bukoba est de deux heures quarante-cinq minutes. Le temps de vol moyen trois heures sept minutes.<\/p>\n<p>\u2022 Le temps de vol le plus rapide pour les vols avec escale est de quatre heures quarante minutes.<\/p>\n<p>\u2022 Les premiers vols de la journ\u00e9e partent \u00e0 5h50. Le dernier vol de la journ\u00e9e part \u00e0 13h50.<\/p>","protected":false},"excerpt":{"rendered":"<p>Looking for cheap airline ticket from Dar es Salaam to Bukoba\u00a0or last minute deals? Search, compare and book cheap airline ticket from Dar es Salaam (DAR) to Bukoba (BKZ) online now. Book cheap flights from Dar es Salaam to Bukoba online and save time and money. Bukoba lies on the shores of Lake Victorian the [&hellip;]<\/p>\n","protected":false},"author":1,"featured_media":14041,"parent":23264,"menu_order":0,"comment_status":"open","ping_status":"closed","template":"template-home-modern.php","meta":{"footnotes":""},"class_list":["post-11813","page","type-page","status-publish","has-post-thumbnail","hentry"],"yoast_head":"<!-- This site is optimized with the Yoast SEO plugin v27.4 - https:\/\/yoast.com\/product\/yoast-seo-wordpress\/ -->\n<title>Cheap Flights from\u00a0Dar es Salaam to Bukoba<\/title>\n<meta name=\"description\" content=\"Looking for cheap flights from\u00a0Cape Town to Kimberley? Search, compare and book cheap airline ticket from Cape Town to Kimberley online\" \/>\n<meta name=\"robots\" content=\"index, follow, max-snippet:-1, max-image-preview:large, max-video-preview:-1\" \/>\n<link rel=\"canonical\" href=\"https:\/\/tiketi.com\/fr-fr\/cheap-flights\/dar-es-salaam-to-bukoba-dar-bkz\/\" \/>\n<meta property=\"og:locale\" content=\"fr_FR\" \/>\n<meta property=\"og:type\" content=\"article\" \/>\n<meta property=\"og:title\" content=\"Cheap Flights from\u00a0Dar es Salaam to Bukoba\" \/>\n<meta property=\"og:description\" content=\"Looking for cheap flights from\u00a0Cape Town to Kimberley? Search, compare and book cheap airline ticket from Cape Town to Kimberley online\" \/>\n<meta property=\"og:url\" content=\"https:\/\/tiketi.com\/fr-fr\/cheap-flights\/dar-es-salaam-to-bukoba-dar-bkz\/\" \/>\n<meta property=\"og:site_name\" content=\"Tiketi.com\" \/>\n<meta property=\"article:publisher\" content=\"https:\/\/www.facebook.com\/TiketiCom\/\" \/>\n<meta property=\"article:modified_time\" content=\"2022-09-17T15:37:05+00:00\" \/>\n<meta property=\"og:image\" content=\"https:\/\/tiketi.com\/wp-content\/uploads\/2022\/01\/flight-ticket-booking-sorasak-KxCJXXGsv9I-unsplas.jpg\" \/>\n\t<meta property=\"og:image:width\" content=\"1200\" \/>\n\t<meta property=\"og:image:height\" content=\"240\" \/>\n\t<meta property=\"og:image:type\" content=\"image\/jpeg\" \/>\n<meta name=\"twitter:card\" content=\"summary_large_image\" \/>\n<meta name=\"twitter:label1\" content=\"Dur\u00e9e de lecture estim\u00e9e\" \/>\n\t<meta name=\"twitter:data1\" content=\"3 minutes\" \/>\n<script type=\"application\/ld+json\" class=\"yoast-schema-graph\">{\"@context\":\"https:\\\/\\\/schema.org\",\"@graph\":[{\"@type\":\"WebPage\",\"@id\":\"https:\\\/\\\/tiketi.com\\\/cheap-flights\\\/dar-es-salaam-to-bukoba-dar-bkz\\\/\",\"url\":\"https:\\\/\\\/tiketi.com\\\/cheap-flights\\\/dar-es-salaam-to-bukoba-dar-bkz\\\/\",\"name\":\"Cheap Flights from\u00a0Dar es Salaam to Bukoba\",\"isPartOf\":{\"@id\":\"https:\\\/\\\/tiketi.com\\\/#website\"},\"primaryImageOfPage\":{\"@id\":\"https:\\\/\\\/tiketi.com\\\/cheap-flights\\\/dar-es-salaam-to-bukoba-dar-bkz\\\/#primaryimage\"},\"image\":{\"@id\":\"https:\\\/\\\/tiketi.com\\\/cheap-flights\\\/dar-es-salaam-to-bukoba-dar-bkz\\\/#primaryimage\"},\"thumbnailUrl\":\"https:\\\/\\\/tiketi.com\\\/wp-content\\\/uploads\\\/2022\\\/01\\\/flight-ticket-booking-sorasak-KxCJXXGsv9I-unsplas.jpg\",\"datePublished\":\"2022-01-19T11:55:14+00:00\",\"dateModified\":\"2022-09-17T15:37:05+00:00\",\"description\":\"Looking for cheap flights from\u00a0Cape Town to Kimberley? Search, compare and book cheap airline ticket from Cape Town to Kimberley online\",\"breadcrumb\":{\"@id\":\"https:\\\/\\\/tiketi.com\\\/cheap-flights\\\/dar-es-salaam-to-bukoba-dar-bkz\\\/#breadcrumb\"},\"inLanguage\":\"fr-FR\",\"potentialAction\":[{\"@type\":\"ReadAction\",\"target\":[\"https:\\\/\\\/tiketi.com\\\/cheap-flights\\\/dar-es-salaam-to-bukoba-dar-bkz\\\/\"]}]},{\"@type\":\"ImageObject\",\"inLanguage\":\"fr-FR\",\"@id\":\"https:\\\/\\\/tiketi.com\\\/cheap-flights\\\/dar-es-salaam-to-bukoba-dar-bkz\\\/#primaryimage\",\"url\":\"https:\\\/\\\/tiketi.com\\\/wp-content\\\/uploads\\\/2022\\\/01\\\/flight-ticket-booking-sorasak-KxCJXXGsv9I-unsplas.jpg\",\"contentUrl\":\"https:\\\/\\\/tiketi.com\\\/wp-content\\\/uploads\\\/2022\\\/01\\\/flight-ticket-booking-sorasak-KxCJXXGsv9I-unsplas.jpg\",\"width\":1200,\"height\":240,\"caption\":\"Online flight ticket booking\"},{\"@type\":\"BreadcrumbList\",\"@id\":\"https:\\\/\\\/tiketi.com\\\/cheap-flights\\\/dar-es-salaam-to-bukoba-dar-bkz\\\/#breadcrumb\",\"itemListElement\":[{\"@type\":\"ListItem\",\"position\":1,\"name\":\"Home\",\"item\":\"https:\\\/\\\/tiketi.com\\\/\"},{\"@type\":\"ListItem\",\"position\":2,\"name\":\"Cheap Flights\",\"item\":\"https:\\\/\\\/tiketi.com\\\/cheap-flights\\\/\"},{\"@type\":\"ListItem\",\"position\":3,\"name\":\"Cheap Flights from\u00a0Dar es Salaam to Bukoba\"}]},{\"@type\":\"WebSite\",\"@id\":\"https:\\\/\\\/tiketi.com\\\/#website\",\"url\":\"https:\\\/\\\/tiketi.com\\\/\",\"name\":\"Flight & Bus Tickets, Tour Packages & Activitites - Tiketi.com\",\"description\":\"Flight &amp; Bus Tickets, Tours, Activitites\",\"publisher\":{\"@id\":\"https:\\\/\\\/tiketi.com\\\/#organization\"},\"potentialAction\":[{\"@type\":\"SearchAction\",\"target\":{\"@type\":\"EntryPoint\",\"urlTemplate\":\"https:\\\/\\\/tiketi.com\\\/?s={search_term_string}\"},\"query-input\":{\"@type\":\"PropertyValueSpecification\",\"valueRequired\":true,\"valueName\":\"search_term_string\"}}],\"inLanguage\":\"fr-FR\"},{\"@type\":\"Organization\",\"@id\":\"https:\\\/\\\/tiketi.com\\\/#organization\",\"name\":\"Tiketi.com\",\"alternateName\":\"Tiketi\",\"url\":\"https:\\\/\\\/tiketi.com\\\/\",\"logo\":{\"@type\":\"ImageObject\",\"inLanguage\":\"fr-FR\",\"@id\":\"https:\\\/\\\/tiketi.com\\\/#\\\/schema\\\/logo\\\/image\\\/\",\"url\":\"https:\\\/\\\/tiketi.com\\\/wp-content\\\/uploads\\\/2019\\\/05\\\/tiketi-logo-696.png\",\"contentUrl\":\"https:\\\/\\\/tiketi.com\\\/wp-content\\\/uploads\\\/2019\\\/05\\\/tiketi-logo-696.png\",\"width\":696,\"height\":696,\"caption\":\"Tiketi.com\"},\"image\":{\"@id\":\"https:\\\/\\\/tiketi.com\\\/#\\\/schema\\\/logo\\\/image\\\/\"},\"sameAs\":[\"https:\\\/\\\/www.facebook.com\\\/TiketiCom\\\/\"]}]}<\/script>\n<!-- \/ Yoast SEO plugin. -->","yoast_head_json":{"title":"Vols \u00e0 bas prix de Dar es Salam \u00e0 Bukoba","description":"Vous recherchez des vols \u00e0 bas prix de Le Cap vers Kimberley ? Recherchez, comparez et r\u00e9servez en ligne un billet d&#039;avion pas cher de Le Cap \u00e0 Kimberley","robots":{"index":"index","follow":"follow","max-snippet":"max-snippet:-1","max-image-preview":"max-image-preview:large","max-video-preview":"max-video-preview:-1"},"canonical":"https:\/\/tiketi.com\/fr-fr\/cheap-flights\/dar-es-salaam-to-bukoba-dar-bkz\/","og_locale":"fr_FR","og_type":"article","og_title":"Cheap Flights from\u00a0Dar es Salaam to Bukoba","og_description":"Looking for cheap flights from\u00a0Cape Town to Kimberley? Search, compare and book cheap airline ticket from Cape Town to Kimberley online","og_url":"https:\/\/tiketi.com\/fr-fr\/cheap-flights\/dar-es-salaam-to-bukoba-dar-bkz\/","og_site_name":"Tiketi.com","article_publisher":"https:\/\/www.facebook.com\/TiketiCom\/","article_modified_time":"2022-09-17T15:37:05+00:00","og_image":[{"width":1200,"height":240,"url":"https:\/\/tiketi.com\/wp-content\/uploads\/2022\/01\/flight-ticket-booking-sorasak-KxCJXXGsv9I-unsplas.jpg","type":"image\/jpeg"}],"twitter_card":"summary_large_image","twitter_misc":{"Dur\u00e9e de lecture estim\u00e9e":"3 minutes"},"schema":{"@context":"https:\/\/schema.org","@graph":[{"@type":"WebPage","@id":"https:\/\/tiketi.com\/cheap-flights\/dar-es-salaam-to-bukoba-dar-bkz\/","url":"https:\/\/tiketi.com\/cheap-flights\/dar-es-salaam-to-bukoba-dar-bkz\/","name":"Vols \u00e0 bas prix de Dar es Salam \u00e0 Bukoba","isPartOf":{"@id":"https:\/\/tiketi.com\/#website"},"primaryImageOfPage":{"@id":"https:\/\/tiketi.com\/cheap-flights\/dar-es-salaam-to-bukoba-dar-bkz\/#primaryimage"},"image":{"@id":"https:\/\/tiketi.com\/cheap-flights\/dar-es-salaam-to-bukoba-dar-bkz\/#primaryimage"},"thumbnailUrl":"https:\/\/tiketi.com\/wp-content\/uploads\/2022\/01\/flight-ticket-booking-sorasak-KxCJXXGsv9I-unsplas.jpg","datePublished":"2022-01-19T11:55:14+00:00","dateModified":"2022-09-17T15:37:05+00:00","description":"Vous recherchez des vols \u00e0 bas prix de Le Cap vers Kimberley ? Recherchez, comparez et r\u00e9servez en ligne un billet d&#039;avion pas cher de Le Cap \u00e0 Kimberley","breadcrumb":{"@id":"https:\/\/tiketi.com\/cheap-flights\/dar-es-salaam-to-bukoba-dar-bkz\/#breadcrumb"},"inLanguage":"fr-FR","potentialAction":[{"@type":"ReadAction","target":["https:\/\/tiketi.com\/cheap-flights\/dar-es-salaam-to-bukoba-dar-bkz\/"]}]},{"@type":"ImageObject","inLanguage":"fr-FR","@id":"https:\/\/tiketi.com\/cheap-flights\/dar-es-salaam-to-bukoba-dar-bkz\/#primaryimage","url":"https:\/\/tiketi.com\/wp-content\/uploads\/2022\/01\/flight-ticket-booking-sorasak-KxCJXXGsv9I-unsplas.jpg","contentUrl":"https:\/\/tiketi.com\/wp-content\/uploads\/2022\/01\/flight-ticket-booking-sorasak-KxCJXXGsv9I-unsplas.jpg","width":1200,"height":240,"caption":"Online flight ticket booking"},{"@type":"BreadcrumbList","@id":"https:\/\/tiketi.com\/cheap-flights\/dar-es-salaam-to-bukoba-dar-bkz\/#breadcrumb","itemListElement":[{"@type":"ListItem","position":1,"name":"Home","item":"https:\/\/tiketi.com\/"},{"@type":"ListItem","position":2,"name":"Cheap Flights","item":"https:\/\/tiketi.com\/cheap-flights\/"},{"@type":"ListItem","position":3,"name":"Cheap Flights from\u00a0Dar es Salaam to Bukoba"}]},{"@type":"WebSite","@id":"https:\/\/tiketi.com\/#website","url":"https:\/\/tiketi.com\/","name":"Billets d&#039;avion et de bus, forfaits touristiques et activit\u00e9s - Tiketi.com","description":"Billets d&#039;avion et de bus, Tours, Activit\u00e9s","publisher":{"@id":"https:\/\/tiketi.com\/#organization"},"potentialAction":[{"@type":"SearchAction","target":{"@type":"EntryPoint","urlTemplate":"https:\/\/tiketi.com\/?s={search_term_string}"},"query-input":{"@type":"PropertyValueSpecification","valueRequired":true,"valueName":"search_term_string"}}],"inLanguage":"fr-FR"},{"@type":"Organization","@id":"https:\/\/tiketi.com\/#organization","name":"Tiketi.com","alternateName":"Tiketi","url":"https:\/\/tiketi.com\/","logo":{"@type":"ImageObject","inLanguage":"fr-FR","@id":"https:\/\/tiketi.com\/#\/schema\/logo\/image\/","url":"https:\/\/tiketi.com\/wp-content\/uploads\/2019\/05\/tiketi-logo-696.png","contentUrl":"https:\/\/tiketi.com\/wp-content\/uploads\/2019\/05\/tiketi-logo-696.png","width":696,"height":696,"caption":"Tiketi.com"},"image":{"@id":"https:\/\/tiketi.com\/#\/schema\/logo\/image\/"},"sameAs":["https:\/\/www.facebook.com\/TiketiCom\/"]}]}},"_links":{"self":[{"href":"https:\/\/tiketi.com\/fr-fr\/wp-json\/wp\/v2\/pages\/11813","targetHints":{"allow":["GET"]}}],"collection":[{"href":"https:\/\/tiketi.com\/fr-fr\/wp-json\/wp\/v2\/pages"}],"about":[{"href":"https:\/\/tiketi.com\/fr-fr\/wp-json\/wp\/v2\/types\/page"}],"author":[{"embeddable":true,"href":"https:\/\/tiketi.com\/fr-fr\/wp-json\/wp\/v2\/users\/1"}],"replies":[{"embeddable":true,"href":"https:\/\/tiketi.com\/fr-fr\/wp-json\/wp\/v2\/comments?post=11813"}],"version-history":[{"count":0,"href":"https:\/\/tiketi.com\/fr-fr\/wp-json\/wp\/v2\/pages\/11813\/revisions"}],"up":[{"embeddable":true,"href":"https:\/\/tiketi.com\/fr-fr\/wp-json\/wp\/v2\/pages\/23264"}],"wp:featuredmedia":[{"embeddable":true,"href":"https:\/\/tiketi.com\/fr-fr\/wp-json\/wp\/v2\/media\/14041"}],"wp:attachment":[{"href":"https:\/\/tiketi.com\/fr-fr\/wp-json\/wp\/v2\/media?parent=11813"}],"curies":[{"name":"wp","href":"https:\/\/api.w.org\/{rel}","templated":true}]}}