{"id":11814,"date":"2022-01-19T12:55:14","date_gmt":"2022-01-19T11:55:14","guid":{"rendered":"https:\/\/new.tiketi.com\/cheap-flights-from-zanzibar-to-tanga\/"},"modified":"2023-07-21T11:23:40","modified_gmt":"2023-07-21T10:23:40","slug":"zanzibar-to-tanga-znz-tgt","status":"publish","type":"page","link":"https:\/\/tiketi.com\/fr-fr\/cheap-flights\/zanzibar-to-tanga-znz-tgt\/","title":{"rendered":"Vols \u00e0 bas prix de Zanzibar \u00e0 Tanga"},"content":{"rendered":"<h2>Vous recherchez un billet d&#039;avion pas cher de Zanzibar \u00e0 Tanga ou des offres de derni\u00e8re minute ?<\/h2>\n<h3>Recherchez, comparez et r\u00e9servez un billet d&#039;avion pas cher entre Zanzibar (ZNZ) et Pemba Island (POL)<span style=\"font-size: 16px;\">\u00a0<\/span>maintenant en ligne.<\/h3>\n<p>R\u00e9servez en ligne des vols \u00e0 bas prix de Zanzibar \u00e0 Tanga et \u00e9conomisez de l&#039;argent sur les billets d&#039;avion. Le tourisme de Tanga s&#039;est beaucoup d\u00e9velopp\u00e9 au fil des ans et les touristes trouvent toujours des choses incroyables \u00e0 faire \u00e0 Tanga. Cela est d\u00fb \u00e0 sa place strat\u00e9gique dans le nord-est de la Tanzanie et \u00e0 ses plus anciennes villes le long de la c\u00f4te tanzanienne. Vous pouvez visiter Tanga gr\u00e2ce \u00e0 des offres exceptionnelles sur la r\u00e9servation de billets en ligne de vols Zanzibar \u00e0 Tanga.<\/p>\n<h2>Voici quelques-unes des meilleures attractions de Tanga<\/h2>\n<h3>Grottes d&#039;Amboni<\/h3>\n<p>Explorer les grottes d&#039;Amboni est l&#039;une des meilleures choses \u00e0 faire \u00e0 Tanga car il y a de tr\u00e8s vieilles peintures, des empreintes d&#039;animaux et des signes d&#039;offrandes et de sorcellerie. Ces merveilleuses grottes sont situ\u00e9es \u00e0 8 km au nord de la ville de Tanga. Ce sont probablement les larges grottes calcaires d&#039;Afrique de l&#039;Est qui ont \u00e9t\u00e9 sculpt\u00e9es par la nature dans un merveilleux monde souterrain de chambres, de salles, de tunnels et de niches, certaines \u00e9quip\u00e9es de stalagmites et de stalactites.<\/p>\n<h3>Ruines de Tongoni<\/h3>\n<p>Voyager \u00e0 environ 17 km au sud de la ville de Tanga aime les ruines de Tongoni. La ville de Tongoni contient la plus grande collection de tombes de Shiraz en Afrique de l&#039;Est. Les ruines de Tongoni contiennent les restes en ruine d&#039;une mosqu\u00e9e et plus de 40 tombes. Les tombes et la mosqu\u00e9e dateraient du XIVe et du XVe si\u00e8cle.<\/p>\n<h3>Plages de Tanga<\/h3>\n<p>Le long de la c\u00f4te de Tanga, il y a diff\u00e9rentes plages pr\u00e9serv\u00e9es o\u00f9 l&#039;on peut se d\u00e9tendre et profiter de vacances c\u00f4ti\u00e8res. La plupart des plages ne sont pas bond\u00e9es et l&#039;\u00e9tendue de sable est entrecoup\u00e9e de cocotiers et parsem\u00e9e de b\u00e2timents historiques.<\/p>\n<h2>FAQ sur les vols pas chers de Zanzibar \u00e0 Tanga<\/h2>\n<h3>Combien de vols directs de Zanzibar \u00e0 Tanga ?<\/h3>\n<p>Il y a un vol direct entre Zanzibar et Tanga.<\/p>\n<h3>Le meilleur moment pour r\u00e9server un billet d&#039;avion de Zanzibar \u00e0 Tanga<\/h3>\n<p>G\u00e9n\u00e9ralement, le meilleur moment pour r\u00e9server un billet d&#039;avion de Zanzibar \u00e0 Tanga est de 2 mois \u00e0 l&#039;avance. Et les jours les moins chers pour voler sont le mercredi, le mardi et le samedi. Le dimanche est le plus cher.<\/p>\n<h3>Quelle est la compagnie a\u00e9rienne la plus c\u00e9l\u00e8bre pour les vols entre Zanzibar et Tanga ?<\/h3>\n<p>Auric Air et Costal Aviation proposent les vols les moins chers de Zanzibar \u00e0 Tanga.<\/p>\n<h3>Quelle est la dur\u00e9e du vol de Zanzibar \u00e0 Tanga ?<\/h3>\n<p>La dur\u00e9e moyenne d&#039;un vol pas cher Zanzibar-Tanga est de 0 h 30 min.<\/p>\n<h3>Combien de vols op\u00e9rant entre Zanzibar et Tanga par semaine\u00a0?<\/h3>\n<p>Il y a trente vols pas chers de Zanzibar \u00e0 Tanga par semaine.<\/p>\n<h2>Conseils sur les vols Zanzibar - Tanga<\/h2>\n<p>\u2022 La distance de vol entre Zanzibar et Tanga est de 120 km.<\/p>\n<p>\u2022 Deux compagnies a\u00e9riennes proposent des vols directs entre Zanzibar et Tanga.<\/p>\n<p>\u2022 La compagnie a\u00e9rienne la plus c\u00e9l\u00e8bre assurant des vols Zanzibar-Tanga est Auric Air.<\/p>\n<p>\u2022 Le temps de vol le plus rapide pour les vols directs de Zanzibar \u00e0 la ville de Tanga est de vingt-cinq minutes. La dur\u00e9e moyenne des vols Tanga au d\u00e9part de Zanzibar est de quarante-sept minutes.<\/p>","protected":false},"excerpt":{"rendered":"<p>Looking for cheap airline ticket from Zanzibar to Tanga\u00a0or last minute deals? Search, compare and book cheap airline ticket from Zanzibar (ZNZ) to Pemba Island (POL)\u00a0online now. Book cheap flights from Zanzibar to Tanga online and save money on airfare. Tanga tourism has grown a lot over the years and tourists forever find amazing things [&hellip;]<\/p>\n","protected":false},"author":1,"featured_media":14041,"parent":23264,"menu_order":0,"comment_status":"open","ping_status":"closed","template":"template-home-modern.php","meta":{"footnotes":""},"class_list":["post-11814","page","type-page","status-publish","has-post-thumbnail","hentry"],"yoast_head":"<!-- This site is optimized with the Yoast SEO plugin v27.3 - https:\/\/yoast.com\/product\/yoast-seo-wordpress\/ -->\n<title>Cheap Flights from\u00a0Zanzibar to Tanga<\/title>\n<meta name=\"description\" content=\"Looking for cheap flights from\u00a0Zanzibar to Tanga? Search, compare and book cheap airline ticket from Zanzibar to Tanga online\" \/>\n<meta name=\"robots\" content=\"index, follow, max-snippet:-1, max-image-preview:large, max-video-preview:-1\" \/>\n<link rel=\"canonical\" href=\"https:\/\/tiketi.com\/fr-fr\/cheap-flights\/zanzibar-to-tanga-znz-tgt\/\" \/>\n<meta property=\"og:locale\" content=\"fr_FR\" \/>\n<meta property=\"og:type\" content=\"article\" \/>\n<meta property=\"og:title\" content=\"Cheap Flights from\u00a0Zanzibar to Tanga\" \/>\n<meta property=\"og:description\" content=\"Looking for cheap flights from\u00a0Zanzibar to Tanga? Search, compare and book cheap airline ticket from Zanzibar to Tanga online\" \/>\n<meta property=\"og:url\" content=\"https:\/\/tiketi.com\/fr-fr\/cheap-flights\/zanzibar-to-tanga-znz-tgt\/\" \/>\n<meta property=\"og:site_name\" content=\"Tiketi.com\" \/>\n<meta property=\"article:publisher\" content=\"https:\/\/www.facebook.com\/TiketiCom\/\" \/>\n<meta property=\"article:modified_time\" content=\"2023-07-21T10:23:40+00:00\" \/>\n<meta property=\"og:image\" content=\"https:\/\/tiketi.com\/wp-content\/uploads\/2022\/01\/flight-ticket-booking-sorasak-KxCJXXGsv9I-unsplas.jpg\" \/>\n\t<meta property=\"og:image:width\" content=\"1200\" \/>\n\t<meta property=\"og:image:height\" content=\"240\" \/>\n\t<meta property=\"og:image:type\" content=\"image\/jpeg\" \/>\n<meta name=\"twitter:card\" content=\"summary_large_image\" \/>\n<meta name=\"twitter:label1\" content=\"Dur\u00e9e de lecture estim\u00e9e\" \/>\n\t<meta name=\"twitter:data1\" content=\"3 minutes\" \/>\n<script type=\"application\/ld+json\" class=\"yoast-schema-graph\">{\"@context\":\"https:\\\/\\\/schema.org\",\"@graph\":[{\"@type\":\"WebPage\",\"@id\":\"https:\\\/\\\/tiketi.com\\\/cheap-flights\\\/zanzibar-to-tanga-znz-tgt\\\/\",\"url\":\"https:\\\/\\\/tiketi.com\\\/cheap-flights\\\/zanzibar-to-tanga-znz-tgt\\\/\",\"name\":\"Cheap Flights from\u00a0Zanzibar to Tanga\",\"isPartOf\":{\"@id\":\"https:\\\/\\\/tiketi.com\\\/#website\"},\"primaryImageOfPage\":{\"@id\":\"https:\\\/\\\/tiketi.com\\\/cheap-flights\\\/zanzibar-to-tanga-znz-tgt\\\/#primaryimage\"},\"image\":{\"@id\":\"https:\\\/\\\/tiketi.com\\\/cheap-flights\\\/zanzibar-to-tanga-znz-tgt\\\/#primaryimage\"},\"thumbnailUrl\":\"https:\\\/\\\/tiketi.com\\\/wp-content\\\/uploads\\\/2022\\\/01\\\/flight-ticket-booking-sorasak-KxCJXXGsv9I-unsplas.jpg\",\"datePublished\":\"2022-01-19T11:55:14+00:00\",\"dateModified\":\"2023-07-21T10:23:40+00:00\",\"description\":\"Looking for cheap flights from\u00a0Zanzibar to Tanga? Search, compare and book cheap airline ticket from Zanzibar to Tanga online\",\"breadcrumb\":{\"@id\":\"https:\\\/\\\/tiketi.com\\\/cheap-flights\\\/zanzibar-to-tanga-znz-tgt\\\/#breadcrumb\"},\"inLanguage\":\"fr-FR\",\"potentialAction\":[{\"@type\":\"ReadAction\",\"target\":[\"https:\\\/\\\/tiketi.com\\\/cheap-flights\\\/zanzibar-to-tanga-znz-tgt\\\/\"]}]},{\"@type\":\"ImageObject\",\"inLanguage\":\"fr-FR\",\"@id\":\"https:\\\/\\\/tiketi.com\\\/cheap-flights\\\/zanzibar-to-tanga-znz-tgt\\\/#primaryimage\",\"url\":\"https:\\\/\\\/tiketi.com\\\/wp-content\\\/uploads\\\/2022\\\/01\\\/flight-ticket-booking-sorasak-KxCJXXGsv9I-unsplas.jpg\",\"contentUrl\":\"https:\\\/\\\/tiketi.com\\\/wp-content\\\/uploads\\\/2022\\\/01\\\/flight-ticket-booking-sorasak-KxCJXXGsv9I-unsplas.jpg\",\"width\":1200,\"height\":240,\"caption\":\"Online flight ticket booking\"},{\"@type\":\"BreadcrumbList\",\"@id\":\"https:\\\/\\\/tiketi.com\\\/cheap-flights\\\/zanzibar-to-tanga-znz-tgt\\\/#breadcrumb\",\"itemListElement\":[{\"@type\":\"ListItem\",\"position\":1,\"name\":\"Home\",\"item\":\"https:\\\/\\\/tiketi.com\\\/\"},{\"@type\":\"ListItem\",\"position\":2,\"name\":\"Cheap Flights\",\"item\":\"https:\\\/\\\/tiketi.com\\\/cheap-flights\\\/\"},{\"@type\":\"ListItem\",\"position\":3,\"name\":\"Cheap Flights from\u00a0Zanzibar to Tanga\"}]},{\"@type\":\"WebSite\",\"@id\":\"https:\\\/\\\/tiketi.com\\\/#website\",\"url\":\"https:\\\/\\\/tiketi.com\\\/\",\"name\":\"Flight & Bus Tickets, Tour Packages & Activitites - Tiketi.com\",\"description\":\"Flight &amp; Bus Tickets, Tours, Activitites\",\"publisher\":{\"@id\":\"https:\\\/\\\/tiketi.com\\\/#organization\"},\"potentialAction\":[{\"@type\":\"SearchAction\",\"target\":{\"@type\":\"EntryPoint\",\"urlTemplate\":\"https:\\\/\\\/tiketi.com\\\/?s={search_term_string}\"},\"query-input\":{\"@type\":\"PropertyValueSpecification\",\"valueRequired\":true,\"valueName\":\"search_term_string\"}}],\"inLanguage\":\"fr-FR\"},{\"@type\":\"Organization\",\"@id\":\"https:\\\/\\\/tiketi.com\\\/#organization\",\"name\":\"Tiketi.com\",\"alternateName\":\"Tiketi\",\"url\":\"https:\\\/\\\/tiketi.com\\\/\",\"logo\":{\"@type\":\"ImageObject\",\"inLanguage\":\"fr-FR\",\"@id\":\"https:\\\/\\\/tiketi.com\\\/#\\\/schema\\\/logo\\\/image\\\/\",\"url\":\"https:\\\/\\\/tiketi.com\\\/wp-content\\\/uploads\\\/2019\\\/05\\\/tiketi-logo-696.png\",\"contentUrl\":\"https:\\\/\\\/tiketi.com\\\/wp-content\\\/uploads\\\/2019\\\/05\\\/tiketi-logo-696.png\",\"width\":696,\"height\":696,\"caption\":\"Tiketi.com\"},\"image\":{\"@id\":\"https:\\\/\\\/tiketi.com\\\/#\\\/schema\\\/logo\\\/image\\\/\"},\"sameAs\":[\"https:\\\/\\\/www.facebook.com\\\/TiketiCom\\\/\"]}]}<\/script>\n<!-- \/ Yoast SEO plugin. -->","yoast_head_json":{"title":"Vols \u00e0 bas prix de Zanzibar \u00e0 Tanga","description":"Vous recherchez des vols \u00e0 bas prix de Zanzibar vers Tanga ? Recherchez, comparez et r\u00e9servez en ligne un billet d&#039;avion pas cher de Zanzibar \u00e0 Tanga","robots":{"index":"index","follow":"follow","max-snippet":"max-snippet:-1","max-image-preview":"max-image-preview:large","max-video-preview":"max-video-preview:-1"},"canonical":"https:\/\/tiketi.com\/fr-fr\/cheap-flights\/zanzibar-to-tanga-znz-tgt\/","og_locale":"fr_FR","og_type":"article","og_title":"Cheap Flights from\u00a0Zanzibar to Tanga","og_description":"Looking for cheap flights from\u00a0Zanzibar to Tanga? Search, compare and book cheap airline ticket from Zanzibar to Tanga online","og_url":"https:\/\/tiketi.com\/fr-fr\/cheap-flights\/zanzibar-to-tanga-znz-tgt\/","og_site_name":"Tiketi.com","article_publisher":"https:\/\/www.facebook.com\/TiketiCom\/","article_modified_time":"2023-07-21T10:23:40+00:00","og_image":[{"width":1200,"height":240,"url":"https:\/\/tiketi.com\/wp-content\/uploads\/2022\/01\/flight-ticket-booking-sorasak-KxCJXXGsv9I-unsplas.jpg","type":"image\/jpeg"}],"twitter_card":"summary_large_image","twitter_misc":{"Dur\u00e9e de lecture estim\u00e9e":"3 minutes"},"schema":{"@context":"https:\/\/schema.org","@graph":[{"@type":"WebPage","@id":"https:\/\/tiketi.com\/cheap-flights\/zanzibar-to-tanga-znz-tgt\/","url":"https:\/\/tiketi.com\/cheap-flights\/zanzibar-to-tanga-znz-tgt\/","name":"Vols \u00e0 bas prix de Zanzibar \u00e0 Tanga","isPartOf":{"@id":"https:\/\/tiketi.com\/#website"},"primaryImageOfPage":{"@id":"https:\/\/tiketi.com\/cheap-flights\/zanzibar-to-tanga-znz-tgt\/#primaryimage"},"image":{"@id":"https:\/\/tiketi.com\/cheap-flights\/zanzibar-to-tanga-znz-tgt\/#primaryimage"},"thumbnailUrl":"https:\/\/tiketi.com\/wp-content\/uploads\/2022\/01\/flight-ticket-booking-sorasak-KxCJXXGsv9I-unsplas.jpg","datePublished":"2022-01-19T11:55:14+00:00","dateModified":"2023-07-21T10:23:40+00:00","description":"Vous recherchez des vols \u00e0 bas prix de Zanzibar vers Tanga ? Recherchez, comparez et r\u00e9servez en ligne un billet d&#039;avion pas cher de Zanzibar \u00e0 Tanga","breadcrumb":{"@id":"https:\/\/tiketi.com\/cheap-flights\/zanzibar-to-tanga-znz-tgt\/#breadcrumb"},"inLanguage":"fr-FR","potentialAction":[{"@type":"ReadAction","target":["https:\/\/tiketi.com\/cheap-flights\/zanzibar-to-tanga-znz-tgt\/"]}]},{"@type":"ImageObject","inLanguage":"fr-FR","@id":"https:\/\/tiketi.com\/cheap-flights\/zanzibar-to-tanga-znz-tgt\/#primaryimage","url":"https:\/\/tiketi.com\/wp-content\/uploads\/2022\/01\/flight-ticket-booking-sorasak-KxCJXXGsv9I-unsplas.jpg","contentUrl":"https:\/\/tiketi.com\/wp-content\/uploads\/2022\/01\/flight-ticket-booking-sorasak-KxCJXXGsv9I-unsplas.jpg","width":1200,"height":240,"caption":"Online flight ticket booking"},{"@type":"BreadcrumbList","@id":"https:\/\/tiketi.com\/cheap-flights\/zanzibar-to-tanga-znz-tgt\/#breadcrumb","itemListElement":[{"@type":"ListItem","position":1,"name":"Home","item":"https:\/\/tiketi.com\/"},{"@type":"ListItem","position":2,"name":"Cheap Flights","item":"https:\/\/tiketi.com\/cheap-flights\/"},{"@type":"ListItem","position":3,"name":"Cheap Flights from\u00a0Zanzibar to Tanga"}]},{"@type":"WebSite","@id":"https:\/\/tiketi.com\/#website","url":"https:\/\/tiketi.com\/","name":"Billets d&#039;avion et de bus, forfaits touristiques et activit\u00e9s - Tiketi.com","description":"Billets d&#039;avion et de bus, Tours, Activit\u00e9s","publisher":{"@id":"https:\/\/tiketi.com\/#organization"},"potentialAction":[{"@type":"SearchAction","target":{"@type":"EntryPoint","urlTemplate":"https:\/\/tiketi.com\/?s={search_term_string}"},"query-input":{"@type":"PropertyValueSpecification","valueRequired":true,"valueName":"search_term_string"}}],"inLanguage":"fr-FR"},{"@type":"Organization","@id":"https:\/\/tiketi.com\/#organization","name":"Tiketi.com","alternateName":"Tiketi","url":"https:\/\/tiketi.com\/","logo":{"@type":"ImageObject","inLanguage":"fr-FR","@id":"https:\/\/tiketi.com\/#\/schema\/logo\/image\/","url":"https:\/\/tiketi.com\/wp-content\/uploads\/2019\/05\/tiketi-logo-696.png","contentUrl":"https:\/\/tiketi.com\/wp-content\/uploads\/2019\/05\/tiketi-logo-696.png","width":696,"height":696,"caption":"Tiketi.com"},"image":{"@id":"https:\/\/tiketi.com\/#\/schema\/logo\/image\/"},"sameAs":["https:\/\/www.facebook.com\/TiketiCom\/"]}]}},"_links":{"self":[{"href":"https:\/\/tiketi.com\/fr-fr\/wp-json\/wp\/v2\/pages\/11814","targetHints":{"allow":["GET"]}}],"collection":[{"href":"https:\/\/tiketi.com\/fr-fr\/wp-json\/wp\/v2\/pages"}],"about":[{"href":"https:\/\/tiketi.com\/fr-fr\/wp-json\/wp\/v2\/types\/page"}],"author":[{"embeddable":true,"href":"https:\/\/tiketi.com\/fr-fr\/wp-json\/wp\/v2\/users\/1"}],"replies":[{"embeddable":true,"href":"https:\/\/tiketi.com\/fr-fr\/wp-json\/wp\/v2\/comments?post=11814"}],"version-history":[{"count":0,"href":"https:\/\/tiketi.com\/fr-fr\/wp-json\/wp\/v2\/pages\/11814\/revisions"}],"up":[{"embeddable":true,"href":"https:\/\/tiketi.com\/fr-fr\/wp-json\/wp\/v2\/pages\/23264"}],"wp:featuredmedia":[{"embeddable":true,"href":"https:\/\/tiketi.com\/fr-fr\/wp-json\/wp\/v2\/media\/14041"}],"wp:attachment":[{"href":"https:\/\/tiketi.com\/fr-fr\/wp-json\/wp\/v2\/media?parent=11814"}],"curies":[{"name":"wp","href":"https:\/\/api.w.org\/{rel}","templated":true}]}}