{"id":11815,"date":"2022-01-19T12:55:14","date_gmt":"2022-01-19T11:55:14","guid":{"rendered":"https:\/\/new.tiketi.com\/cheap-flights-from-zanzibar-to-pemba-island\/"},"modified":"2022-04-05T12:40:33","modified_gmt":"2022-04-05T11:40:33","slug":"flights-zanzibar-pemba-island-znz-pol","status":"publish","type":"page","link":"https:\/\/tiketi.com\/fr-fr\/flights-zanzibar-pemba-island-znz-pol\/","title":{"rendered":"Vols \u00e0 bas prix de Zanzibar \u00e0 \u00cele de Pemba"},"content":{"rendered":"<h2>Vous recherchez un billet d&#039;avion pas cher de Zanzibar \u00e0 Pemba Island ou des offres de derni\u00e8re minute ?<\/h2>\n<h3>Recherchez, comparez et r\u00e9servez en ligne maintenant un billet d&#039;avion pas cher entre Zanzibar (ZNZ) et Pemba Island (POL).<\/h3>\n<p>R\u00e9servez en ligne des vols \u00e0 bas prix de Zanzibar \u00e0 Pemba Island et \u00e9conomisez de l&#039;argent sur les billets d&#039;avion. \u00c0 environ 50 kilom\u00e8tres au nord-est de l&#039;\u00eele de Zanzibar se trouve la deuxi\u00e8me plus grande masse continentale de l&#039;archipel, Pemba, l&#039;\u00eele de Pemba a toujours \u00e9t\u00e9 l&#039;\u00eele la plus fertile et la plus verte de Zanzibar, et la plupart des clous de girofle pour lesquels Zanzibar est populaire sont cultiv\u00e9s ici. La r\u00e9colte annuelle s&#039;\u00e9tend de juillet \u00e0 f\u00e9vrier lorsque l&#039;odeur des clous de girofle s\u00e9ch\u00e9s s&#039;attarde \u00e0 chaque brise qui passe. Comparez les prix et obtenez le tarif le plus bas sur les billets d&#039;avion de Zanzibar \u00e0 Pemba Island gr\u00e2ce \u00e0 des offres exceptionnelles sur la r\u00e9servation de billets en ligne de vols de Zanzibar \u00e0 Pemba Island.<\/p>\n<h2>Voici quelques-unes des meilleures attractions de l&#039;\u00eele de Pemba<\/h2>\n<h3>Les esp\u00e8ces end\u00e9miques de Zanzibar<\/h3>\n<p>La r\u00e9serve foresti\u00e8re de Ngezi, sur la pointe nord-ouest de l&#039;\u00eele de Pemba, est peut-\u00eatre le meilleur endroit de l&#039;archipel pour observer la faune originale de Zanzibar. Une \u00e9tendue de for\u00eat charmante et pr\u00e9serv\u00e9e \u00e0 part enti\u00e8re, elle abrite \u00e9galement le renard volant de Pemba, diff\u00e9rentes esp\u00e8ces d&#039;antilopes et de singes miniatures, et les 3 esp\u00e8ces d&#039;oiseaux end\u00e9miques de Zanzibar, le petit-duc de Pemba, le souimanga \u00e0 poitrine violette de Pemba et l&#039;\u0153il blanc de Pemba. .<\/p>\n<h3>Des plages<\/h3>\n<p>Les plages sont silencieuses, les r\u00e9cifs de plong\u00e9e peu visit\u00e9s dans l&#039;ensemble, l&#039;\u00eele exclut l&#039;exclusivit\u00e9, tout en conservant suffisamment de choix d&#039;h\u00e9bergement pour convenir \u00e0 la plupart des budgets.<\/p>\n<p>L&#039;\u00eele de Pemba offre des plong\u00e9es remarquables pour tous les niveaux, mais est peut-\u00eatre surtout connue pour ses possibilit\u00e9s de plong\u00e9e plus techniques. Les excellents mois sur l&#039;\u00eele de Pemba vont de juillet \u00e0 novembre. Les mois de d\u00e9cembre \u00e0 mars ont tendance \u00e0 \u00eatre plus venteux et humides lorsque le nord-est de Kaskazi souffle.<\/p>\n<h2>FAQ sur les vols pas chers de Zanzibar \u00e0 \u00cele de Pemba<\/h2>\n<h3>Combien de temps dure un vol Zanzibar-Pemba ?<\/h3>\n<p>0h 30min est le temps de vol entre Zanzibar et l&#039;\u00eele de Pemba.<\/p>\n<h3>Combien de compagnies a\u00e9riennes proposent des vols directs de Zanzibar \u00e0 Pemba ?<\/h3>\n<p>Il y a trois compagnies a\u00e9riennes qui proposent des billets d&#039;avion directs de Zanzibar \u00e0 Pemba.<\/p>\n<h3>Combien de vols entre Zanzibar et Pemba\u00a0Island\u00a0?<\/h3>\n<p>Il y a cinquante-deux vols les moins chers par semaine entre Zanzibar et Pemba Island.<\/p>\n<h3>Combien Pemba poss\u00e8de-t-elle d&#039;a\u00e9roports ?<\/h3>\n<p>Il y a seulement 1 a\u00e9roport \u00e0 Pemba.<\/p>\n<h3>Quelle est la distance entre le vol Zanzibar et Pemba Island?<\/h3>\n<p>C&#039;est l&#039;une des meilleures \u00eeles de Tanzanie. Il y a environ 75 kilom\u00e8tres de Zanzibar \u00e0 l&#039;\u00eele de Pemba.<\/p>\n<h2>Conseils sur les vols Zanzibar - Pemba Island<\/h2>\n<p>\u2022 L&#039;\u00eele de Zanzibar, est \u00e0 79 milles de l&#039;\u00eele de Pemba.<\/p>\n<p>\u2022 Sept vols quotidiens relient Zanzibar \u00e0 l&#039;\u00eele de Pemba.<\/p>\n<p>\u2022 Il y a sept vols hebdomadaires entre Zanzibar et l&#039;\u00eele de Pemba.<\/p>\n<p>\u2022 7 vols sans escale op\u00e8rent entre l&#039;\u00eele de Pemba et Zanzibar.<\/p>\n<p>\u2022 Auric Air propose le plus de vols sans escale entre Zanzibar et l&#039;\u00eele de Pemba.<\/p>\n<p>\u2022 Dix vols directs op\u00e8rent de Zanzibar \u00e0 l&#039;\u00eele de Pemba.<\/p>\n<p>\u2022 Tanga, Tanzanie \u2013 L&#039;a\u00e9roport de Tanga est le lien le plus c\u00e9l\u00e8bre pour les vols \u00e0 escale vers l&#039;\u00eele de Pemba.<\/p>\n<p>\u2022 La dur\u00e9e moyenne d&#039;un vol direct entre Zanzibar, Tanzanie et l&#039;\u00eele de Pemba est de trente minutes.<\/p>","protected":false},"excerpt":{"rendered":"<p>Looking for cheap airline ticket from Zanzibar to Pemba Island\u00a0or last minute deals? Search, compare and book cheap airline ticket from Zanzibar (ZNZ) to Pemba Island (POL) online now. Book cheap flights from Zanzibar to Pemba Island online and save money on airfare. About 50 kilometers northeast of Zanzibar Island lies the archipelagos second biggest [&hellip;]<\/p>\n","protected":false},"author":1,"featured_media":14041,"parent":0,"menu_order":0,"comment_status":"open","ping_status":"closed","template":"template-home-modern.php","meta":{"footnotes":""},"class_list":["post-11815","page","type-page","status-publish","has-post-thumbnail","hentry"],"yoast_head":"<!-- This site is optimized with the Yoast SEO plugin v27.3 - https:\/\/yoast.com\/product\/yoast-seo-wordpress\/ -->\n<title>Cheap Flights from\u00a0Zanzibar to Pemba Island<\/title>\n<meta name=\"description\" content=\"Looking for flight tickets from Zanzibar to Pemba\u00a0Island? Book cheap flights from\u00a0Zanzibar to Pemba Island online now\" \/>\n<meta name=\"robots\" content=\"index, follow, max-snippet:-1, max-image-preview:large, max-video-preview:-1\" \/>\n<link rel=\"canonical\" href=\"https:\/\/tiketi.com\/fr-fr\/flights-zanzibar-pemba-island-znz-pol\/\" \/>\n<meta property=\"og:locale\" content=\"fr_FR\" \/>\n<meta property=\"og:type\" content=\"article\" \/>\n<meta property=\"og:title\" content=\"Cheap Flights from\u00a0Zanzibar to Pemba Island\" \/>\n<meta property=\"og:description\" content=\"Looking for flight tickets from Zanzibar to Pemba\u00a0Island? Book cheap flights from\u00a0Zanzibar to Pemba Island online now\" \/>\n<meta property=\"og:url\" content=\"https:\/\/tiketi.com\/fr-fr\/flights-zanzibar-pemba-island-znz-pol\/\" \/>\n<meta property=\"og:site_name\" content=\"Tiketi.com\" \/>\n<meta property=\"article:publisher\" content=\"https:\/\/www.facebook.com\/TiketiCom\/\" \/>\n<meta property=\"article:modified_time\" content=\"2022-04-05T11:40:33+00:00\" \/>\n<meta property=\"og:image\" content=\"https:\/\/tiketi.com\/wp-content\/uploads\/2022\/01\/flight-ticket-booking-sorasak-KxCJXXGsv9I-unsplas.jpg\" \/>\n\t<meta property=\"og:image:width\" content=\"1200\" \/>\n\t<meta property=\"og:image:height\" content=\"240\" \/>\n\t<meta property=\"og:image:type\" content=\"image\/jpeg\" \/>\n<meta name=\"twitter:card\" content=\"summary_large_image\" \/>\n<meta name=\"twitter:label1\" content=\"Dur\u00e9e de lecture estim\u00e9e\" \/>\n\t<meta name=\"twitter:data1\" content=\"3 minutes\" \/>\n<script type=\"application\/ld+json\" class=\"yoast-schema-graph\">{\"@context\":\"https:\\\/\\\/schema.org\",\"@graph\":[{\"@type\":\"WebPage\",\"@id\":\"https:\\\/\\\/tiketi.com\\\/flights-zanzibar-pemba-island-znz-pol\\\/\",\"url\":\"https:\\\/\\\/tiketi.com\\\/flights-zanzibar-pemba-island-znz-pol\\\/\",\"name\":\"Cheap Flights from\u00a0Zanzibar to Pemba Island\",\"isPartOf\":{\"@id\":\"https:\\\/\\\/tiketi.com\\\/#website\"},\"primaryImageOfPage\":{\"@id\":\"https:\\\/\\\/tiketi.com\\\/flights-zanzibar-pemba-island-znz-pol\\\/#primaryimage\"},\"image\":{\"@id\":\"https:\\\/\\\/tiketi.com\\\/flights-zanzibar-pemba-island-znz-pol\\\/#primaryimage\"},\"thumbnailUrl\":\"https:\\\/\\\/tiketi.com\\\/wp-content\\\/uploads\\\/2022\\\/01\\\/flight-ticket-booking-sorasak-KxCJXXGsv9I-unsplas.jpg\",\"datePublished\":\"2022-01-19T11:55:14+00:00\",\"dateModified\":\"2022-04-05T11:40:33+00:00\",\"description\":\"Looking for flight tickets from Zanzibar to Pemba\u00a0Island? Book cheap flights from\u00a0Zanzibar to Pemba Island online now\",\"breadcrumb\":{\"@id\":\"https:\\\/\\\/tiketi.com\\\/flights-zanzibar-pemba-island-znz-pol\\\/#breadcrumb\"},\"inLanguage\":\"fr-FR\",\"potentialAction\":[{\"@type\":\"ReadAction\",\"target\":[\"https:\\\/\\\/tiketi.com\\\/flights-zanzibar-pemba-island-znz-pol\\\/\"]}]},{\"@type\":\"ImageObject\",\"inLanguage\":\"fr-FR\",\"@id\":\"https:\\\/\\\/tiketi.com\\\/flights-zanzibar-pemba-island-znz-pol\\\/#primaryimage\",\"url\":\"https:\\\/\\\/tiketi.com\\\/wp-content\\\/uploads\\\/2022\\\/01\\\/flight-ticket-booking-sorasak-KxCJXXGsv9I-unsplas.jpg\",\"contentUrl\":\"https:\\\/\\\/tiketi.com\\\/wp-content\\\/uploads\\\/2022\\\/01\\\/flight-ticket-booking-sorasak-KxCJXXGsv9I-unsplas.jpg\",\"width\":1200,\"height\":240,\"caption\":\"Online flight ticket booking\"},{\"@type\":\"BreadcrumbList\",\"@id\":\"https:\\\/\\\/tiketi.com\\\/flights-zanzibar-pemba-island-znz-pol\\\/#breadcrumb\",\"itemListElement\":[{\"@type\":\"ListItem\",\"position\":1,\"name\":\"Home\",\"item\":\"https:\\\/\\\/tiketi.com\\\/\"},{\"@type\":\"ListItem\",\"position\":2,\"name\":\"Cheap Flights from\u00a0Zanzibar to Pemba Island\"}]},{\"@type\":\"WebSite\",\"@id\":\"https:\\\/\\\/tiketi.com\\\/#website\",\"url\":\"https:\\\/\\\/tiketi.com\\\/\",\"name\":\"Flight & Bus Tickets, Tour Packages & Activitites - Tiketi.com\",\"description\":\"Flight &amp; Bus Tickets, Tours, Activitites\",\"publisher\":{\"@id\":\"https:\\\/\\\/tiketi.com\\\/#organization\"},\"potentialAction\":[{\"@type\":\"SearchAction\",\"target\":{\"@type\":\"EntryPoint\",\"urlTemplate\":\"https:\\\/\\\/tiketi.com\\\/?s={search_term_string}\"},\"query-input\":{\"@type\":\"PropertyValueSpecification\",\"valueRequired\":true,\"valueName\":\"search_term_string\"}}],\"inLanguage\":\"fr-FR\"},{\"@type\":\"Organization\",\"@id\":\"https:\\\/\\\/tiketi.com\\\/#organization\",\"name\":\"Tiketi.com\",\"alternateName\":\"Tiketi\",\"url\":\"https:\\\/\\\/tiketi.com\\\/\",\"logo\":{\"@type\":\"ImageObject\",\"inLanguage\":\"fr-FR\",\"@id\":\"https:\\\/\\\/tiketi.com\\\/#\\\/schema\\\/logo\\\/image\\\/\",\"url\":\"https:\\\/\\\/tiketi.com\\\/wp-content\\\/uploads\\\/2019\\\/05\\\/tiketi-logo-696.png\",\"contentUrl\":\"https:\\\/\\\/tiketi.com\\\/wp-content\\\/uploads\\\/2019\\\/05\\\/tiketi-logo-696.png\",\"width\":696,\"height\":696,\"caption\":\"Tiketi.com\"},\"image\":{\"@id\":\"https:\\\/\\\/tiketi.com\\\/#\\\/schema\\\/logo\\\/image\\\/\"},\"sameAs\":[\"https:\\\/\\\/www.facebook.com\\\/TiketiCom\\\/\"]}]}<\/script>\n<!-- \/ Yoast SEO plugin. -->","yoast_head_json":{"title":"Vols \u00e0 bas prix de Zanzibar \u00e0 \u00cele de Pemba","description":"Vous \u00eates \u00e0 la recherche de billets d&#039;avion de Zanzibar vers Pemba Island ? R\u00e9servez d\u00e8s maintenant en ligne des vols \u00e0 bas prix de Zanzibar \u00e0 \u00cele de Pemba","robots":{"index":"index","follow":"follow","max-snippet":"max-snippet:-1","max-image-preview":"max-image-preview:large","max-video-preview":"max-video-preview:-1"},"canonical":"https:\/\/tiketi.com\/fr-fr\/flights-zanzibar-pemba-island-znz-pol\/","og_locale":"fr_FR","og_type":"article","og_title":"Cheap Flights from\u00a0Zanzibar to Pemba Island","og_description":"Looking for flight tickets from Zanzibar to Pemba\u00a0Island? Book cheap flights from\u00a0Zanzibar to Pemba Island online now","og_url":"https:\/\/tiketi.com\/fr-fr\/flights-zanzibar-pemba-island-znz-pol\/","og_site_name":"Tiketi.com","article_publisher":"https:\/\/www.facebook.com\/TiketiCom\/","article_modified_time":"2022-04-05T11:40:33+00:00","og_image":[{"width":1200,"height":240,"url":"https:\/\/tiketi.com\/wp-content\/uploads\/2022\/01\/flight-ticket-booking-sorasak-KxCJXXGsv9I-unsplas.jpg","type":"image\/jpeg"}],"twitter_card":"summary_large_image","twitter_misc":{"Dur\u00e9e de lecture estim\u00e9e":"3 minutes"},"schema":{"@context":"https:\/\/schema.org","@graph":[{"@type":"WebPage","@id":"https:\/\/tiketi.com\/flights-zanzibar-pemba-island-znz-pol\/","url":"https:\/\/tiketi.com\/flights-zanzibar-pemba-island-znz-pol\/","name":"Vols \u00e0 bas prix de Zanzibar \u00e0 \u00cele de Pemba","isPartOf":{"@id":"https:\/\/tiketi.com\/#website"},"primaryImageOfPage":{"@id":"https:\/\/tiketi.com\/flights-zanzibar-pemba-island-znz-pol\/#primaryimage"},"image":{"@id":"https:\/\/tiketi.com\/flights-zanzibar-pemba-island-znz-pol\/#primaryimage"},"thumbnailUrl":"https:\/\/tiketi.com\/wp-content\/uploads\/2022\/01\/flight-ticket-booking-sorasak-KxCJXXGsv9I-unsplas.jpg","datePublished":"2022-01-19T11:55:14+00:00","dateModified":"2022-04-05T11:40:33+00:00","description":"Vous \u00eates \u00e0 la recherche de billets d&#039;avion de Zanzibar vers Pemba Island ? R\u00e9servez d\u00e8s maintenant en ligne des vols \u00e0 bas prix de Zanzibar \u00e0 \u00cele de Pemba","breadcrumb":{"@id":"https:\/\/tiketi.com\/flights-zanzibar-pemba-island-znz-pol\/#breadcrumb"},"inLanguage":"fr-FR","potentialAction":[{"@type":"ReadAction","target":["https:\/\/tiketi.com\/flights-zanzibar-pemba-island-znz-pol\/"]}]},{"@type":"ImageObject","inLanguage":"fr-FR","@id":"https:\/\/tiketi.com\/flights-zanzibar-pemba-island-znz-pol\/#primaryimage","url":"https:\/\/tiketi.com\/wp-content\/uploads\/2022\/01\/flight-ticket-booking-sorasak-KxCJXXGsv9I-unsplas.jpg","contentUrl":"https:\/\/tiketi.com\/wp-content\/uploads\/2022\/01\/flight-ticket-booking-sorasak-KxCJXXGsv9I-unsplas.jpg","width":1200,"height":240,"caption":"Online flight ticket booking"},{"@type":"BreadcrumbList","@id":"https:\/\/tiketi.com\/flights-zanzibar-pemba-island-znz-pol\/#breadcrumb","itemListElement":[{"@type":"ListItem","position":1,"name":"Home","item":"https:\/\/tiketi.com\/"},{"@type":"ListItem","position":2,"name":"Cheap Flights from\u00a0Zanzibar to Pemba Island"}]},{"@type":"WebSite","@id":"https:\/\/tiketi.com\/#website","url":"https:\/\/tiketi.com\/","name":"Billets d&#039;avion et de bus, forfaits touristiques et activit\u00e9s - Tiketi.com","description":"Billets d&#039;avion et de bus, Tours, Activit\u00e9s","publisher":{"@id":"https:\/\/tiketi.com\/#organization"},"potentialAction":[{"@type":"SearchAction","target":{"@type":"EntryPoint","urlTemplate":"https:\/\/tiketi.com\/?s={search_term_string}"},"query-input":{"@type":"PropertyValueSpecification","valueRequired":true,"valueName":"search_term_string"}}],"inLanguage":"fr-FR"},{"@type":"Organization","@id":"https:\/\/tiketi.com\/#organization","name":"Tiketi.com","alternateName":"Tiketi","url":"https:\/\/tiketi.com\/","logo":{"@type":"ImageObject","inLanguage":"fr-FR","@id":"https:\/\/tiketi.com\/#\/schema\/logo\/image\/","url":"https:\/\/tiketi.com\/wp-content\/uploads\/2019\/05\/tiketi-logo-696.png","contentUrl":"https:\/\/tiketi.com\/wp-content\/uploads\/2019\/05\/tiketi-logo-696.png","width":696,"height":696,"caption":"Tiketi.com"},"image":{"@id":"https:\/\/tiketi.com\/#\/schema\/logo\/image\/"},"sameAs":["https:\/\/www.facebook.com\/TiketiCom\/"]}]}},"_links":{"self":[{"href":"https:\/\/tiketi.com\/fr-fr\/wp-json\/wp\/v2\/pages\/11815","targetHints":{"allow":["GET"]}}],"collection":[{"href":"https:\/\/tiketi.com\/fr-fr\/wp-json\/wp\/v2\/pages"}],"about":[{"href":"https:\/\/tiketi.com\/fr-fr\/wp-json\/wp\/v2\/types\/page"}],"author":[{"embeddable":true,"href":"https:\/\/tiketi.com\/fr-fr\/wp-json\/wp\/v2\/users\/1"}],"replies":[{"embeddable":true,"href":"https:\/\/tiketi.com\/fr-fr\/wp-json\/wp\/v2\/comments?post=11815"}],"version-history":[{"count":0,"href":"https:\/\/tiketi.com\/fr-fr\/wp-json\/wp\/v2\/pages\/11815\/revisions"}],"wp:featuredmedia":[{"embeddable":true,"href":"https:\/\/tiketi.com\/fr-fr\/wp-json\/wp\/v2\/media\/14041"}],"wp:attachment":[{"href":"https:\/\/tiketi.com\/fr-fr\/wp-json\/wp\/v2\/media?parent=11815"}],"curies":[{"name":"wp","href":"https:\/\/api.w.org\/{rel}","templated":true}]}}