{"id":11816,"date":"2022-01-19T12:55:14","date_gmt":"2022-01-19T11:55:14","guid":{"rendered":"https:\/\/new.tiketi.com\/cheap-flights-from-zanzibar-to-kilimanjaro\/"},"modified":"2022-04-04T17:42:38","modified_gmt":"2022-04-04T16:42:38","slug":"flights-zanzibar-kilimanjaro-znz-jro","status":"publish","type":"page","link":"https:\/\/tiketi.com\/fr-fr\/flights-zanzibar-kilimanjaro-znz-jro\/","title":{"rendered":"Vols \u00e0 bas prix de Zanzibar \u00e0 Kilimandjaro"},"content":{"rendered":"<h2>Vous recherchez un billet d&#039;avion pas cher Zanzibar vers Kilimandjaro ou des offres de derni\u00e8re minute ?<\/h2>\n<h3>Recherchez, comparez et r\u00e9servez en ligne maintenant un billet d&#039;avion pas cher entre Zanzibar (ZNZ) et Kilimandjaro (JRO).<\/h3>\n<p>R\u00e9servez en ligne des vols \u00e0 bas prix de Zanzibar \u00e0 Kilimandjaro et \u00e9conomisez de l&#039;argent sur les billets d&#039;avion. Le Kilimandjaro est \u00e9galement c\u00e9l\u00e8bre comme l&#039;une des montagnes pi\u00e9tonnes du monde. Il fait partie des 7 Sommets, qui sont les plus hautes montagnes de chacun des 7 continents. Vous n&#039;avez pas besoin d&#039;avoir une expertise avanc\u00e9e en escalade pour atteindre le sommet. Comparez les prix et obtenez le tarif le plus bas sur les billets d&#039;avion de Zanzibar \u00e0 Kilimandjaro gr\u00e2ce \u00e0 des offres exceptionnelles sur la r\u00e9servation de billets en ligne de vols de Zanzibar \u00e0 Kilimandjaro.<\/p>\n<h2>Voici quelques-unes des meilleures attractions du Kilimandjaro<\/h2>\n<h3>le Mont Kilimanjaro<\/h3>\n<p>L&#039;un des sommets les plus connus au monde, le mont Kilimandjaro attire des randonneurs de toute la plan\u00e8te, aspirant \u00e0 atteindre ses sommets glaciaires. Avec 3 c\u00f4nes volcaniques, ce volcan dynamique d\u00e9tient le titre de plus haute montagne d&#039;Afrique. Une excursion d&#039;une journ\u00e9e vous permet de parcourir les montagnes en contrebas et d&#039;admirer des paysages incroyables. Les randonneurs professionnels peuvent entreprendre une exp\u00e9dition plus importante, d&#039;une dur\u00e9e moyenne d&#039;environ 9 jours. Les p\u00e9riodes les plus c\u00e9l\u00e8bres de l&#039;ann\u00e9e sont la saison s\u00e8che (juin \u00e0 octobre et janvier \u00e0 mi-mars), car elles offrent d&#039;excellentes situations et des vues plus claires.<\/p>\n<h3>Moshi<\/h3>\n<p>Situ\u00e9e dans les contreforts du mont Kilimandjaro, la ville endormie de Moshi offre aux visiteurs un endroit s\u00fbr et amusant o\u00f9 s\u00e9journer tout en visitant la r\u00e9gion ou en bravant la plus haute montagne d&#039;Afrique. Pendant vos vacances \u00e0 Moshi, vous pourrez explorer ses environs remarquables, parsem\u00e9s de riches plantations de caf\u00e9, de sources chaudes, de cascades et de villages.<\/p>\n<h2>FAQ sur les vols pas chers de Zanzibar \u00e0 Kilimandjaro<\/h2>\n<h3>Quelle est la distance de Kilimandjaro \u00e0 Zanzibar ?<\/h3>\n<p>La distance de Zanzibar au Kilimandjaro est de 391 kilom\u00e8tres.<\/p>\n<h3>Combien de temps dure le vol le moins cher de Zanzibar \u00e0 Kilimandjaro ?<\/h3>\n<p>La dur\u00e9e moyenne d&#039;un vol entre Zanzibar et le Kilimandjaro est d&#039;une heure et vingt minutes.<\/p>\n<h3>Quelle est la fr\u00e9quence des vols directs entre Zanzibar et Kilimandjaro ?<\/h3>\n<p>Il y a quatorze vols directs de Zanzibar au Kilimandjaro.<\/p>\n<h3>Quelles sont les compagnies a\u00e9riennes Zanzibar les plus c\u00e9l\u00e8bres pour les vols Zanzibar - Kilimandjaro ?<\/h3>\n<p>Air Tanzania propose cinquante pour cent des vols sans escale entre le Kilimandjaro et Zanzibar.<\/p>\n<h3>Combien de vols Kilimandjaro au d\u00e9part de Zanzibar en moyenne par semaine\u00a0?<\/h3>\n<p>Voici 34 vols Zanzibar vers Kilimandjaro par semaine.<\/p>\n<h3>Quel est le meilleur moment pour r\u00e9server un billet d&#039;avion de Zanzibar \u00e0 Kilimandjaro ?<\/h3>\n<p>Le meilleur moment pour r\u00e9server un billet d&#039;avion de Zanzibar \u00e0 Kilimandjaro est le lundi.<\/p>\n<h2>Conseils sur les vols Zanzibar - Kilimandjaro<\/h2>\n<p>\u2022 L&#039;\u00eele de Zanzibar est \u00e0 243 milles du Kilimandjaro.<\/p>\n<p>\u2022 Il y a 34 vols hebdomadaires de Zanzibar au Kilimandjaro.<\/p>\n<p>\u2022 8 vols sans escale op\u00e9rant de Zanzibar au Kilimandjaro.<\/p>\n<p>\u2022 Precision Air propose le plus de vols sans escale entre Zanzibar et le Kilimandjaro.<\/p>\n<p>\u2022 2 vols directs op\u00e8rent de Zanzibar au Kilimandjaro.<\/p>\n<p>\u2022 Coastal Aviation propose le plus de vols directs entre l&#039;\u00eele de Zanzibar et le Kilimandjaro.<\/p>\n<p>\u2022 Dar es Salaam, Tanzanie \u2013 Dar es Salam Intl est le lien le plus c\u00e9l\u00e8bre pour les vols \u00e0 escale entre Zanzibar et le Kilimandjaro.<\/p>","protected":false},"excerpt":{"rendered":"<p>Looking for cheap airline ticket from Zanzibar to Kilimanjaro\u00a0or last minute deals? Search, compare and book cheap airline ticket from Zanzibar (ZNZ) to Kilimanjaro (JRO)\u00a0online now. Book cheap flights from Zanzibar to Kilimanjaro online and save money on airfare. Kilimanjaro is also famous as one of the worlds walkable mountains. It belongs to the 7 [&hellip;]<\/p>\n","protected":false},"author":1,"featured_media":14041,"parent":0,"menu_order":0,"comment_status":"open","ping_status":"closed","template":"template-home-modern.php","meta":{"footnotes":""},"class_list":["post-11816","page","type-page","status-publish","has-post-thumbnail","hentry"],"yoast_head":"<!-- This site is optimized with the Yoast SEO plugin v27.3 - https:\/\/yoast.com\/product\/yoast-seo-wordpress\/ -->\n<title>Cheap Flights from Zanzibar to Kilimanjaro<\/title>\n<meta name=\"description\" content=\"Looking for flight tickets from Zanzibar to Kilimanjaro? Book cheap flights from\u00a0Zanzibar to Kilimanjaro online now\" \/>\n<meta name=\"robots\" content=\"index, follow, max-snippet:-1, max-image-preview:large, max-video-preview:-1\" \/>\n<link rel=\"canonical\" href=\"https:\/\/tiketi.com\/fr-fr\/flights-zanzibar-kilimanjaro-znz-jro\/\" \/>\n<meta property=\"og:locale\" content=\"fr_FR\" \/>\n<meta property=\"og:type\" content=\"article\" \/>\n<meta property=\"og:title\" content=\"Cheap Flights from Zanzibar to Kilimanjaro\" \/>\n<meta property=\"og:description\" content=\"Looking for flight tickets from Zanzibar to Kilimanjaro? Book cheap flights from\u00a0Zanzibar to Kilimanjaro online now\" \/>\n<meta property=\"og:url\" content=\"https:\/\/tiketi.com\/fr-fr\/flights-zanzibar-kilimanjaro-znz-jro\/\" \/>\n<meta property=\"og:site_name\" content=\"Tiketi.com\" \/>\n<meta property=\"article:publisher\" content=\"https:\/\/www.facebook.com\/TiketiCom\/\" \/>\n<meta property=\"article:modified_time\" content=\"2022-04-04T16:42:38+00:00\" \/>\n<meta property=\"og:image\" content=\"https:\/\/tiketi.com\/wp-content\/uploads\/2022\/01\/flight-ticket-booking-sorasak-KxCJXXGsv9I-unsplas.jpg\" \/>\n\t<meta property=\"og:image:width\" content=\"1200\" \/>\n\t<meta property=\"og:image:height\" content=\"240\" \/>\n\t<meta property=\"og:image:type\" content=\"image\/jpeg\" \/>\n<meta name=\"twitter:card\" content=\"summary_large_image\" \/>\n<meta name=\"twitter:label1\" content=\"Dur\u00e9e de lecture estim\u00e9e\" \/>\n\t<meta name=\"twitter:data1\" content=\"3 minutes\" \/>\n<script type=\"application\/ld+json\" class=\"yoast-schema-graph\">{\"@context\":\"https:\\\/\\\/schema.org\",\"@graph\":[{\"@type\":\"WebPage\",\"@id\":\"https:\\\/\\\/tiketi.com\\\/fr-fr\\\/flights-zanzibar-kilimanjaro-znz-jro\\\/\",\"url\":\"https:\\\/\\\/tiketi.com\\\/fr-fr\\\/flights-zanzibar-kilimanjaro-znz-jro\\\/\",\"name\":\"Cheap Flights from Zanzibar to Kilimanjaro\",\"isPartOf\":{\"@id\":\"https:\\\/\\\/tiketi.com\\\/#website\"},\"primaryImageOfPage\":{\"@id\":\"https:\\\/\\\/tiketi.com\\\/fr-fr\\\/flights-zanzibar-kilimanjaro-znz-jro\\\/#primaryimage\"},\"image\":{\"@id\":\"https:\\\/\\\/tiketi.com\\\/fr-fr\\\/flights-zanzibar-kilimanjaro-znz-jro\\\/#primaryimage\"},\"thumbnailUrl\":\"https:\\\/\\\/tiketi.com\\\/wp-content\\\/uploads\\\/2022\\\/01\\\/flight-ticket-booking-sorasak-KxCJXXGsv9I-unsplas.jpg\",\"datePublished\":\"2022-01-19T11:55:14+00:00\",\"dateModified\":\"2022-04-04T16:42:38+00:00\",\"description\":\"Looking for flight tickets from Zanzibar to Kilimanjaro? Book cheap flights from\u00a0Zanzibar to Kilimanjaro online now\",\"breadcrumb\":{\"@id\":\"https:\\\/\\\/tiketi.com\\\/fr-fr\\\/flights-zanzibar-kilimanjaro-znz-jro\\\/#breadcrumb\"},\"inLanguage\":\"fr-FR\",\"potentialAction\":[{\"@type\":\"ReadAction\",\"target\":[\"https:\\\/\\\/tiketi.com\\\/fr-fr\\\/flights-zanzibar-kilimanjaro-znz-jro\\\/\"]}]},{\"@type\":\"ImageObject\",\"inLanguage\":\"fr-FR\",\"@id\":\"https:\\\/\\\/tiketi.com\\\/fr-fr\\\/flights-zanzibar-kilimanjaro-znz-jro\\\/#primaryimage\",\"url\":\"https:\\\/\\\/tiketi.com\\\/wp-content\\\/uploads\\\/2022\\\/01\\\/flight-ticket-booking-sorasak-KxCJXXGsv9I-unsplas.jpg\",\"contentUrl\":\"https:\\\/\\\/tiketi.com\\\/wp-content\\\/uploads\\\/2022\\\/01\\\/flight-ticket-booking-sorasak-KxCJXXGsv9I-unsplas.jpg\",\"width\":1200,\"height\":240,\"caption\":\"Online flight ticket booking\"},{\"@type\":\"BreadcrumbList\",\"@id\":\"https:\\\/\\\/tiketi.com\\\/fr-fr\\\/flights-zanzibar-kilimanjaro-znz-jro\\\/#breadcrumb\",\"itemListElement\":[{\"@type\":\"ListItem\",\"position\":1,\"name\":\"Home\",\"item\":\"https:\\\/\\\/tiketi.com\\\/\"},{\"@type\":\"ListItem\",\"position\":2,\"name\":\"Cheap Flights from Zanzibar to Kilimanjaro\"}]},{\"@type\":\"WebSite\",\"@id\":\"https:\\\/\\\/tiketi.com\\\/#website\",\"url\":\"https:\\\/\\\/tiketi.com\\\/\",\"name\":\"Flight & Bus Tickets, Tour Packages & Activitites - Tiketi.com\",\"description\":\"Flight &amp; Bus Tickets, Tours, Activitites\",\"publisher\":{\"@id\":\"https:\\\/\\\/tiketi.com\\\/#organization\"},\"potentialAction\":[{\"@type\":\"SearchAction\",\"target\":{\"@type\":\"EntryPoint\",\"urlTemplate\":\"https:\\\/\\\/tiketi.com\\\/?s={search_term_string}\"},\"query-input\":{\"@type\":\"PropertyValueSpecification\",\"valueRequired\":true,\"valueName\":\"search_term_string\"}}],\"inLanguage\":\"fr-FR\"},{\"@type\":\"Organization\",\"@id\":\"https:\\\/\\\/tiketi.com\\\/#organization\",\"name\":\"Tiketi.com\",\"alternateName\":\"Tiketi\",\"url\":\"https:\\\/\\\/tiketi.com\\\/\",\"logo\":{\"@type\":\"ImageObject\",\"inLanguage\":\"fr-FR\",\"@id\":\"https:\\\/\\\/tiketi.com\\\/#\\\/schema\\\/logo\\\/image\\\/\",\"url\":\"https:\\\/\\\/tiketi.com\\\/wp-content\\\/uploads\\\/2019\\\/05\\\/tiketi-logo-696.png\",\"contentUrl\":\"https:\\\/\\\/tiketi.com\\\/wp-content\\\/uploads\\\/2019\\\/05\\\/tiketi-logo-696.png\",\"width\":696,\"height\":696,\"caption\":\"Tiketi.com\"},\"image\":{\"@id\":\"https:\\\/\\\/tiketi.com\\\/#\\\/schema\\\/logo\\\/image\\\/\"},\"sameAs\":[\"https:\\\/\\\/www.facebook.com\\\/TiketiCom\\\/\"]}]}<\/script>\n<!-- \/ Yoast SEO plugin. -->","yoast_head_json":{"title":"Vols \u00e0 bas prix de Zanzibar \u00e0 Kilimandjaro","description":"Vous \u00eates \u00e0 la recherche de billets d&#039;avion de Zanzibar vers Kilimandjaro ? R\u00e9servez en ligne maintenant des vols \u00e0 bas prix de Zanzibar \u00e0 Kilimandjaro","robots":{"index":"index","follow":"follow","max-snippet":"max-snippet:-1","max-image-preview":"max-image-preview:large","max-video-preview":"max-video-preview:-1"},"canonical":"https:\/\/tiketi.com\/fr-fr\/flights-zanzibar-kilimanjaro-znz-jro\/","og_locale":"fr_FR","og_type":"article","og_title":"Cheap Flights from Zanzibar to Kilimanjaro","og_description":"Looking for flight tickets from Zanzibar to Kilimanjaro? Book cheap flights from\u00a0Zanzibar to Kilimanjaro online now","og_url":"https:\/\/tiketi.com\/fr-fr\/flights-zanzibar-kilimanjaro-znz-jro\/","og_site_name":"Tiketi.com","article_publisher":"https:\/\/www.facebook.com\/TiketiCom\/","article_modified_time":"2022-04-04T16:42:38+00:00","og_image":[{"width":1200,"height":240,"url":"https:\/\/tiketi.com\/wp-content\/uploads\/2022\/01\/flight-ticket-booking-sorasak-KxCJXXGsv9I-unsplas.jpg","type":"image\/jpeg"}],"twitter_card":"summary_large_image","twitter_misc":{"Dur\u00e9e de lecture estim\u00e9e":"3 minutes"},"schema":{"@context":"https:\/\/schema.org","@graph":[{"@type":"WebPage","@id":"https:\/\/tiketi.com\/fr-fr\/flights-zanzibar-kilimanjaro-znz-jro\/","url":"https:\/\/tiketi.com\/fr-fr\/flights-zanzibar-kilimanjaro-znz-jro\/","name":"Vols \u00e0 bas prix de Zanzibar \u00e0 Kilimandjaro","isPartOf":{"@id":"https:\/\/tiketi.com\/#website"},"primaryImageOfPage":{"@id":"https:\/\/tiketi.com\/fr-fr\/flights-zanzibar-kilimanjaro-znz-jro\/#primaryimage"},"image":{"@id":"https:\/\/tiketi.com\/fr-fr\/flights-zanzibar-kilimanjaro-znz-jro\/#primaryimage"},"thumbnailUrl":"https:\/\/tiketi.com\/wp-content\/uploads\/2022\/01\/flight-ticket-booking-sorasak-KxCJXXGsv9I-unsplas.jpg","datePublished":"2022-01-19T11:55:14+00:00","dateModified":"2022-04-04T16:42:38+00:00","description":"Vous \u00eates \u00e0 la recherche de billets d&#039;avion de Zanzibar vers Kilimandjaro ? R\u00e9servez en ligne maintenant des vols \u00e0 bas prix de Zanzibar \u00e0 Kilimandjaro","breadcrumb":{"@id":"https:\/\/tiketi.com\/fr-fr\/flights-zanzibar-kilimanjaro-znz-jro\/#breadcrumb"},"inLanguage":"fr-FR","potentialAction":[{"@type":"ReadAction","target":["https:\/\/tiketi.com\/fr-fr\/flights-zanzibar-kilimanjaro-znz-jro\/"]}]},{"@type":"ImageObject","inLanguage":"fr-FR","@id":"https:\/\/tiketi.com\/fr-fr\/flights-zanzibar-kilimanjaro-znz-jro\/#primaryimage","url":"https:\/\/tiketi.com\/wp-content\/uploads\/2022\/01\/flight-ticket-booking-sorasak-KxCJXXGsv9I-unsplas.jpg","contentUrl":"https:\/\/tiketi.com\/wp-content\/uploads\/2022\/01\/flight-ticket-booking-sorasak-KxCJXXGsv9I-unsplas.jpg","width":1200,"height":240,"caption":"Online flight ticket booking"},{"@type":"BreadcrumbList","@id":"https:\/\/tiketi.com\/fr-fr\/flights-zanzibar-kilimanjaro-znz-jro\/#breadcrumb","itemListElement":[{"@type":"ListItem","position":1,"name":"Home","item":"https:\/\/tiketi.com\/"},{"@type":"ListItem","position":2,"name":"Cheap Flights from Zanzibar to Kilimanjaro"}]},{"@type":"WebSite","@id":"https:\/\/tiketi.com\/#website","url":"https:\/\/tiketi.com\/","name":"Billets d&#039;avion et de bus, forfaits touristiques et activit\u00e9s - Tiketi.com","description":"Billets d&#039;avion et de bus, Tours, Activit\u00e9s","publisher":{"@id":"https:\/\/tiketi.com\/#organization"},"potentialAction":[{"@type":"SearchAction","target":{"@type":"EntryPoint","urlTemplate":"https:\/\/tiketi.com\/?s={search_term_string}"},"query-input":{"@type":"PropertyValueSpecification","valueRequired":true,"valueName":"search_term_string"}}],"inLanguage":"fr-FR"},{"@type":"Organization","@id":"https:\/\/tiketi.com\/#organization","name":"Tiketi.com","alternateName":"Tiketi","url":"https:\/\/tiketi.com\/","logo":{"@type":"ImageObject","inLanguage":"fr-FR","@id":"https:\/\/tiketi.com\/#\/schema\/logo\/image\/","url":"https:\/\/tiketi.com\/wp-content\/uploads\/2019\/05\/tiketi-logo-696.png","contentUrl":"https:\/\/tiketi.com\/wp-content\/uploads\/2019\/05\/tiketi-logo-696.png","width":696,"height":696,"caption":"Tiketi.com"},"image":{"@id":"https:\/\/tiketi.com\/#\/schema\/logo\/image\/"},"sameAs":["https:\/\/www.facebook.com\/TiketiCom\/"]}]}},"_links":{"self":[{"href":"https:\/\/tiketi.com\/fr-fr\/wp-json\/wp\/v2\/pages\/11816","targetHints":{"allow":["GET"]}}],"collection":[{"href":"https:\/\/tiketi.com\/fr-fr\/wp-json\/wp\/v2\/pages"}],"about":[{"href":"https:\/\/tiketi.com\/fr-fr\/wp-json\/wp\/v2\/types\/page"}],"author":[{"embeddable":true,"href":"https:\/\/tiketi.com\/fr-fr\/wp-json\/wp\/v2\/users\/1"}],"replies":[{"embeddable":true,"href":"https:\/\/tiketi.com\/fr-fr\/wp-json\/wp\/v2\/comments?post=11816"}],"version-history":[{"count":0,"href":"https:\/\/tiketi.com\/fr-fr\/wp-json\/wp\/v2\/pages\/11816\/revisions"}],"wp:featuredmedia":[{"embeddable":true,"href":"https:\/\/tiketi.com\/fr-fr\/wp-json\/wp\/v2\/media\/14041"}],"wp:attachment":[{"href":"https:\/\/tiketi.com\/fr-fr\/wp-json\/wp\/v2\/media?parent=11816"}],"curies":[{"name":"wp","href":"https:\/\/api.w.org\/{rel}","templated":true}]}}