{"id":11817,"date":"2022-01-19T12:55:14","date_gmt":"2022-01-19T11:55:14","guid":{"rendered":"https:\/\/new.tiketi.com\/cheap-flights-from-zanzibar-to-dar-es-salaam\/"},"modified":"2023-12-16T16:03:09","modified_gmt":"2023-12-16T15:03:09","slug":"flights-zanzibar-dar-es-salaam-znz-dar","status":"publish","type":"page","link":"https:\/\/tiketi.com\/fr-fr\/flights-zanzibar-dar-es-salaam-znz-dar\/","title":{"rendered":"Vols \u00e0 bas prix de Zanzibar \u00e0 Dar es Salam"},"content":{"rendered":"<h2>Vous recherchez un billet d&#039;avion pas cher de Zanzibar \u00e0 Dar es Salam ou des offres de derni\u00e8re minute ?<\/h2>\n<h3>Recherchez, comparez et r\u00e9servez en ligne maintenant un billet d&#039;avion pas cher entre Zanzibar (ZNZ) et Dar es Salam (DAR).<\/h3>\n<p>R\u00e9servez en ligne des vols \u00e0 bas prix de Zanzibar \u00e0 Dar es Salam et \u00e9conomisez de l&#039;argent sur les billets d&#039;avion. L&#039;incroyable centre commercial de la Tanzanie, Dar es Salaam est une merveilleuse ville de travail qui a une \u00e9nergie brute in\u00e9gal\u00e9e par toute autre grande m\u00e9tropole d&#039;Afrique de l&#039;Est. Vous pouvez visiter Addis-Abeba gr\u00e2ce \u00e0 des offres exceptionnelles sur les billets d&#039;avion de Zanzibar \u00e0 Dar es Salaam. Comparez les prix et obtenez le tarif le plus bas sur les billets d&#039;avion de Zanzibar \u00e0 Dar es Salaam gr\u00e2ce \u00e0 des offres exceptionnelles sur la r\u00e9servation de billets en ligne de vols de Zanzibar \u00e0 Dar es Salaam.<\/p>\n<h2>Voici quelques-unes des meilleures attractions de Dar es Salaam<\/h2>\n<h3>Centre du patrimoine culturel de la Tanzanie<\/h3>\n<p>C&#039;est l&#039;endroit id\u00e9al pour trier des souvenirs pour votre famille et vos amis. Il existe une large gamme de produits haut de gamme. Les prix sont plus \u00e9lev\u00e9s que sur les march\u00e9s nationaux. L&#039;avantage est qu&#039;il est plus simple de trouver de bons articles, sans avoir \u00e0 passer beaucoup de temps. Parce qu&#039;il se trouve sur le chemin de l&#039;a\u00e9roport, c&#039;est le meilleur endroit pour acheter des produits nationaux de derni\u00e8re minute avant de rentrer.<\/p>\n<h3>\u00c9glise luth\u00e9rienne<\/h3>\n<p>Au cas o\u00f9 vous vous poseriez des questions sur l&#039;architecture du b\u00e2timent, l&#039;\u00e9glise luth\u00e9rienne d&#039;Azania Front a \u00e9t\u00e9 construite en 1898 par des missionnaires allemands. Actuellement, c&#039;est l&#039;un des monuments de Dar Es Salaam, il est toujours utilis\u00e9 pour les r\u00e9p\u00e9titions et les services de la chorale. En fin d&#039;apr\u00e8s-midi, le service est g\u00e9n\u00e9ralement en anglais.<\/p>\n<h3>Plage Coco<\/h3>\n<p>Situ\u00e9 sur la p\u00e9ninsule de Msasani, Coco Beach est le meilleur endroit pour le week-end parmi les habitants. La plage se transforme en un march\u00e9 alimentaire avec de la bi\u00e8re et de la noix de coco propos\u00e9es sur de nombreux stands. Si vous arrivez l\u00e0-bas \u00e0 mar\u00e9e basse, vous ne pourrez pas nager, mais Coco Beach est toujours un endroit parfait pour passer du temps, ce qui vous donne \u00e9galement la possibilit\u00e9 d&#039;interagir avec les habitants.<\/p>\n<h2>FAQ sur les vols pas chers de Zanzibar \u00e0 Dar es Salam<\/h2>\n<h3>Quelle est la distance entre les vols de Zanzibar \u00e0 Dar es Salaam ?<\/h3>\n<p>La distance entre les vols de Zanzibar \u00e0 Dar es Salaam est de 72 kilom\u00e8tres.<\/p>\n<h3>Combien de temps dure le vol Zanzibar Dar es Salam ?<\/h3>\n<p>La dur\u00e9e moyenne d&#039;un vol entre Zanzibar et Dar es Salaam est de vingt-quatre minutes.<\/p>\n<h3>Quelle est la fr\u00e9quence des vols directs entre Zanzibar et Dar es Salam ?<\/h3>\n<p>Il y a 306 vols directs entre Zanzibar et Dar es Salaam.<\/p>\n<h3>Quelles sont les compagnies a\u00e9riennes les plus c\u00e9l\u00e8bres de Zanzibar pour les billets d&#039;avion pas chers de Zanzibar vers Dar es Salam directs ?<\/h3>\n<p>Coastal Aviation propose trente-quatre pour cent des vols sans escale entre Dar es Salaam et Zanzibar.<\/p>\n<h2>Conseils sur les vols de Zanzibar \u00e0 Dar es Salaam<\/h2>\n<p>\u2022 Dar es Salaam, en Tanzanie, est \u00e0 quarante-cinq miles de l&#039;\u00eele de Zanzibar<\/p>\n<p>\u2022 Il y a 39 vols quotidiens entre Zanzibar et Dar es Salaam.<\/p>\n<p>\u2022 Il y a 43 vols hebdomadaires de Zanzibar \u00e0 Dar es Salaam vols directs.<\/p>\n<p>\u2022 Regional Air propose le plus de vols directs entre Zanzibar et Dar es Salaam, en Tanzanie.<\/p>\n<p>\u2022 Nairobi, Kenya \u2013 Jomo Kenyatta Intl est le lien le plus c\u00e9l\u00e8bre pour les vols \u00e0 escale entre Zanzibar et Dar es Salaam.<\/p>","protected":false},"excerpt":{"rendered":"<p>Looking for cheap airline ticket from Zanzibar to Dar es Salaam\u00a0or last minute deals? Search, compare and book cheap airline ticket from Zanzibar (ZNZ) to Dar es Salaam (DAR)\u00a0online now. Book cheap flights from Zanzibar to Dar es Salaam online and save money on airfare. The amazing commercial center of Tanzania, Dar es Salaam is [&hellip;]<\/p>\n","protected":false},"author":1,"featured_media":30064,"parent":0,"menu_order":0,"comment_status":"open","ping_status":"closed","template":"template-home-modern.php","meta":{"footnotes":""},"class_list":["post-11817","page","type-page","status-publish","has-post-thumbnail","hentry"],"yoast_head":"<!-- This site is optimized with the Yoast SEO plugin v27.4 - https:\/\/yoast.com\/product\/yoast-seo-wordpress\/ -->\n<title>Cheap Flights from Zanzibar to Dar es Salaam<\/title>\n<meta name=\"description\" content=\"Looking for cheap flights from Zanzibar to Dar es Salaam? Search, compare and book cheap airline ticket from Zanzibar to Dar es Salaam online\" \/>\n<meta name=\"robots\" content=\"index, follow, max-snippet:-1, max-image-preview:large, max-video-preview:-1\" \/>\n<link rel=\"canonical\" href=\"https:\/\/tiketi.com\/fr-fr\/flights-zanzibar-dar-es-salaam-znz-dar\/\" \/>\n<meta property=\"og:locale\" content=\"fr_FR\" \/>\n<meta property=\"og:type\" content=\"article\" \/>\n<meta property=\"og:title\" content=\"Cheap Flights from Zanzibar to Dar es Salaam\" \/>\n<meta property=\"og:description\" content=\"Looking for cheap flights from Zanzibar to Dar es Salaam? Search, compare and book cheap airline ticket from Zanzibar to Dar es Salaam online\" \/>\n<meta property=\"og:url\" content=\"https:\/\/tiketi.com\/fr-fr\/flights-zanzibar-dar-es-salaam-znz-dar\/\" \/>\n<meta property=\"og:site_name\" content=\"Tiketi.com\" \/>\n<meta property=\"article:publisher\" content=\"https:\/\/www.facebook.com\/TiketiCom\/\" \/>\n<meta property=\"article:modified_time\" content=\"2023-12-16T15:03:09+00:00\" \/>\n<meta property=\"og:image\" content=\"https:\/\/tiketi.com\/wp-content\/uploads\/2021\/06\/destination-dar-es-salaam-moses-londo-1bubgYf5zeY-uns.jpg\" \/>\n\t<meta property=\"og:image:width\" content=\"1200\" \/>\n\t<meta property=\"og:image:height\" content=\"400\" \/>\n\t<meta property=\"og:image:type\" content=\"image\/jpeg\" \/>\n<meta name=\"twitter:card\" content=\"summary_large_image\" \/>\n<meta name=\"twitter:label1\" content=\"Dur\u00e9e de lecture estim\u00e9e\" \/>\n\t<meta name=\"twitter:data1\" content=\"3 minutes\" \/>\n<script type=\"application\/ld+json\" class=\"yoast-schema-graph\">{\"@context\":\"https:\\\/\\\/schema.org\",\"@graph\":[{\"@type\":\"WebPage\",\"@id\":\"https:\\\/\\\/tiketi.com\\\/sw\\\/flights-zanzibar-dar-es-salaam-znz-dar\\\/\",\"url\":\"https:\\\/\\\/tiketi.com\\\/sw\\\/flights-zanzibar-dar-es-salaam-znz-dar\\\/\",\"name\":\"Cheap Flights from Zanzibar to Dar es Salaam\",\"isPartOf\":{\"@id\":\"https:\\\/\\\/tiketi.com\\\/#website\"},\"primaryImageOfPage\":{\"@id\":\"https:\\\/\\\/tiketi.com\\\/sw\\\/flights-zanzibar-dar-es-salaam-znz-dar\\\/#primaryimage\"},\"image\":{\"@id\":\"https:\\\/\\\/tiketi.com\\\/sw\\\/flights-zanzibar-dar-es-salaam-znz-dar\\\/#primaryimage\"},\"thumbnailUrl\":\"https:\\\/\\\/tiketi.com\\\/wp-content\\\/uploads\\\/2021\\\/06\\\/destination-dar-es-salaam-moses-londo-1bubgYf5zeY-uns.jpg\",\"datePublished\":\"2022-01-19T11:55:14+00:00\",\"dateModified\":\"2023-12-16T15:03:09+00:00\",\"description\":\"Looking for cheap flights from Zanzibar to Dar es Salaam? Search, compare and book cheap airline ticket from Zanzibar to Dar es Salaam online\",\"breadcrumb\":{\"@id\":\"https:\\\/\\\/tiketi.com\\\/sw\\\/flights-zanzibar-dar-es-salaam-znz-dar\\\/#breadcrumb\"},\"inLanguage\":\"fr-FR\",\"potentialAction\":[{\"@type\":\"ReadAction\",\"target\":[\"https:\\\/\\\/tiketi.com\\\/sw\\\/flights-zanzibar-dar-es-salaam-znz-dar\\\/\"]}]},{\"@type\":\"ImageObject\",\"inLanguage\":\"fr-FR\",\"@id\":\"https:\\\/\\\/tiketi.com\\\/sw\\\/flights-zanzibar-dar-es-salaam-znz-dar\\\/#primaryimage\",\"url\":\"https:\\\/\\\/tiketi.com\\\/wp-content\\\/uploads\\\/2021\\\/06\\\/destination-dar-es-salaam-moses-londo-1bubgYf5zeY-uns.jpg\",\"contentUrl\":\"https:\\\/\\\/tiketi.com\\\/wp-content\\\/uploads\\\/2021\\\/06\\\/destination-dar-es-salaam-moses-londo-1bubgYf5zeY-uns.jpg\",\"width\":1200,\"height\":400,\"caption\":\"Best Tourist Destinations in Dar es Salaam Travel Guide\"},{\"@type\":\"BreadcrumbList\",\"@id\":\"https:\\\/\\\/tiketi.com\\\/sw\\\/flights-zanzibar-dar-es-salaam-znz-dar\\\/#breadcrumb\",\"itemListElement\":[{\"@type\":\"ListItem\",\"position\":1,\"name\":\"Home\",\"item\":\"https:\\\/\\\/tiketi.com\\\/\"},{\"@type\":\"ListItem\",\"position\":2,\"name\":\"Cheap Flights from Zanzibar to Dar es Salaam\"}]},{\"@type\":\"WebSite\",\"@id\":\"https:\\\/\\\/tiketi.com\\\/#website\",\"url\":\"https:\\\/\\\/tiketi.com\\\/\",\"name\":\"Flight & Bus Tickets, Tour Packages & Activitites - Tiketi.com\",\"description\":\"Flight &amp; Bus Tickets, Tours, Activitites\",\"publisher\":{\"@id\":\"https:\\\/\\\/tiketi.com\\\/#organization\"},\"potentialAction\":[{\"@type\":\"SearchAction\",\"target\":{\"@type\":\"EntryPoint\",\"urlTemplate\":\"https:\\\/\\\/tiketi.com\\\/?s={search_term_string}\"},\"query-input\":{\"@type\":\"PropertyValueSpecification\",\"valueRequired\":true,\"valueName\":\"search_term_string\"}}],\"inLanguage\":\"fr-FR\"},{\"@type\":\"Organization\",\"@id\":\"https:\\\/\\\/tiketi.com\\\/#organization\",\"name\":\"Tiketi.com\",\"alternateName\":\"Tiketi\",\"url\":\"https:\\\/\\\/tiketi.com\\\/\",\"logo\":{\"@type\":\"ImageObject\",\"inLanguage\":\"fr-FR\",\"@id\":\"https:\\\/\\\/tiketi.com\\\/#\\\/schema\\\/logo\\\/image\\\/\",\"url\":\"https:\\\/\\\/tiketi.com\\\/wp-content\\\/uploads\\\/2019\\\/05\\\/tiketi-logo-696.png\",\"contentUrl\":\"https:\\\/\\\/tiketi.com\\\/wp-content\\\/uploads\\\/2019\\\/05\\\/tiketi-logo-696.png\",\"width\":696,\"height\":696,\"caption\":\"Tiketi.com\"},\"image\":{\"@id\":\"https:\\\/\\\/tiketi.com\\\/#\\\/schema\\\/logo\\\/image\\\/\"},\"sameAs\":[\"https:\\\/\\\/www.facebook.com\\\/TiketiCom\\\/\"]}]}<\/script>\n<!-- \/ Yoast SEO plugin. -->","yoast_head_json":{"title":"Vols \u00e0 bas prix de Zanzibar \u00e0 Dar es Salam","description":"Vous recherchez des vols \u00e0 bas prix de Zanzibar vers Dar es Salam ? Recherchez, comparez et r\u00e9servez en ligne un billet d&#039;avion pas cher de Zanzibar \u00e0 Dar es Salam","robots":{"index":"index","follow":"follow","max-snippet":"max-snippet:-1","max-image-preview":"max-image-preview:large","max-video-preview":"max-video-preview:-1"},"canonical":"https:\/\/tiketi.com\/fr-fr\/flights-zanzibar-dar-es-salaam-znz-dar\/","og_locale":"fr_FR","og_type":"article","og_title":"Cheap Flights from Zanzibar to Dar es Salaam","og_description":"Looking for cheap flights from Zanzibar to Dar es Salaam? Search, compare and book cheap airline ticket from Zanzibar to Dar es Salaam online","og_url":"https:\/\/tiketi.com\/fr-fr\/flights-zanzibar-dar-es-salaam-znz-dar\/","og_site_name":"Tiketi.com","article_publisher":"https:\/\/www.facebook.com\/TiketiCom\/","article_modified_time":"2023-12-16T15:03:09+00:00","og_image":[{"width":1200,"height":400,"url":"https:\/\/tiketi.com\/wp-content\/uploads\/2021\/06\/destination-dar-es-salaam-moses-londo-1bubgYf5zeY-uns.jpg","type":"image\/jpeg"}],"twitter_card":"summary_large_image","twitter_misc":{"Dur\u00e9e de lecture estim\u00e9e":"3 minutes"},"schema":{"@context":"https:\/\/schema.org","@graph":[{"@type":"WebPage","@id":"https:\/\/tiketi.com\/sw\/flights-zanzibar-dar-es-salaam-znz-dar\/","url":"https:\/\/tiketi.com\/sw\/flights-zanzibar-dar-es-salaam-znz-dar\/","name":"Vols \u00e0 bas prix de Zanzibar \u00e0 Dar es Salam","isPartOf":{"@id":"https:\/\/tiketi.com\/#website"},"primaryImageOfPage":{"@id":"https:\/\/tiketi.com\/sw\/flights-zanzibar-dar-es-salaam-znz-dar\/#primaryimage"},"image":{"@id":"https:\/\/tiketi.com\/sw\/flights-zanzibar-dar-es-salaam-znz-dar\/#primaryimage"},"thumbnailUrl":"https:\/\/tiketi.com\/wp-content\/uploads\/2021\/06\/destination-dar-es-salaam-moses-londo-1bubgYf5zeY-uns.jpg","datePublished":"2022-01-19T11:55:14+00:00","dateModified":"2023-12-16T15:03:09+00:00","description":"Vous recherchez des vols \u00e0 bas prix de Zanzibar vers Dar es Salam ? Recherchez, comparez et r\u00e9servez en ligne un billet d&#039;avion pas cher de Zanzibar \u00e0 Dar es Salam","breadcrumb":{"@id":"https:\/\/tiketi.com\/sw\/flights-zanzibar-dar-es-salaam-znz-dar\/#breadcrumb"},"inLanguage":"fr-FR","potentialAction":[{"@type":"ReadAction","target":["https:\/\/tiketi.com\/sw\/flights-zanzibar-dar-es-salaam-znz-dar\/"]}]},{"@type":"ImageObject","inLanguage":"fr-FR","@id":"https:\/\/tiketi.com\/sw\/flights-zanzibar-dar-es-salaam-znz-dar\/#primaryimage","url":"https:\/\/tiketi.com\/wp-content\/uploads\/2021\/06\/destination-dar-es-salaam-moses-londo-1bubgYf5zeY-uns.jpg","contentUrl":"https:\/\/tiketi.com\/wp-content\/uploads\/2021\/06\/destination-dar-es-salaam-moses-londo-1bubgYf5zeY-uns.jpg","width":1200,"height":400,"caption":"Best Tourist Destinations in Dar es Salaam Travel Guide"},{"@type":"BreadcrumbList","@id":"https:\/\/tiketi.com\/sw\/flights-zanzibar-dar-es-salaam-znz-dar\/#breadcrumb","itemListElement":[{"@type":"ListItem","position":1,"name":"Home","item":"https:\/\/tiketi.com\/"},{"@type":"ListItem","position":2,"name":"Cheap Flights from Zanzibar to Dar es Salaam"}]},{"@type":"WebSite","@id":"https:\/\/tiketi.com\/#website","url":"https:\/\/tiketi.com\/","name":"Billets d&#039;avion et de bus, forfaits touristiques et activit\u00e9s - Tiketi.com","description":"Billets d&#039;avion et de bus, Tours, Activit\u00e9s","publisher":{"@id":"https:\/\/tiketi.com\/#organization"},"potentialAction":[{"@type":"SearchAction","target":{"@type":"EntryPoint","urlTemplate":"https:\/\/tiketi.com\/?s={search_term_string}"},"query-input":{"@type":"PropertyValueSpecification","valueRequired":true,"valueName":"search_term_string"}}],"inLanguage":"fr-FR"},{"@type":"Organization","@id":"https:\/\/tiketi.com\/#organization","name":"Tiketi.com","alternateName":"Tiketi","url":"https:\/\/tiketi.com\/","logo":{"@type":"ImageObject","inLanguage":"fr-FR","@id":"https:\/\/tiketi.com\/#\/schema\/logo\/image\/","url":"https:\/\/tiketi.com\/wp-content\/uploads\/2019\/05\/tiketi-logo-696.png","contentUrl":"https:\/\/tiketi.com\/wp-content\/uploads\/2019\/05\/tiketi-logo-696.png","width":696,"height":696,"caption":"Tiketi.com"},"image":{"@id":"https:\/\/tiketi.com\/#\/schema\/logo\/image\/"},"sameAs":["https:\/\/www.facebook.com\/TiketiCom\/"]}]}},"_links":{"self":[{"href":"https:\/\/tiketi.com\/fr-fr\/wp-json\/wp\/v2\/pages\/11817","targetHints":{"allow":["GET"]}}],"collection":[{"href":"https:\/\/tiketi.com\/fr-fr\/wp-json\/wp\/v2\/pages"}],"about":[{"href":"https:\/\/tiketi.com\/fr-fr\/wp-json\/wp\/v2\/types\/page"}],"author":[{"embeddable":true,"href":"https:\/\/tiketi.com\/fr-fr\/wp-json\/wp\/v2\/users\/1"}],"replies":[{"embeddable":true,"href":"https:\/\/tiketi.com\/fr-fr\/wp-json\/wp\/v2\/comments?post=11817"}],"version-history":[{"count":0,"href":"https:\/\/tiketi.com\/fr-fr\/wp-json\/wp\/v2\/pages\/11817\/revisions"}],"wp:featuredmedia":[{"embeddable":true,"href":"https:\/\/tiketi.com\/fr-fr\/wp-json\/wp\/v2\/media\/30064"}],"wp:attachment":[{"href":"https:\/\/tiketi.com\/fr-fr\/wp-json\/wp\/v2\/media?parent=11817"}],"curies":[{"name":"wp","href":"https:\/\/api.w.org\/{rel}","templated":true}]}}