{"id":11818,"date":"2022-01-19T12:55:14","date_gmt":"2022-01-19T11:55:14","guid":{"rendered":"https:\/\/new.tiketi.com\/cheap-flights-from-zanzibar-to-selous-matambwe-mtemere\/"},"modified":"2023-08-24T08:49:58","modified_gmt":"2023-08-24T07:49:58","slug":"flights-zanzibar-selous-matambwe-znz-se4","status":"publish","type":"page","link":"https:\/\/tiketi.com\/fr-fr\/flights-zanzibar-selous-matambwe-znz-se4\/","title":{"rendered":"Vols pas chers de Zanzibar \u00e0 Selous Matambwe \u2013 Mtemere"},"content":{"rendered":"<h2>Vol Mtemere \/ Matambwe de Zanzibar \u00e0 Selous R\u00e9servation en ligne<\/h2>\n<h3>R\u00e9servez en ligne d\u00e8s maintenant vos billets d&#039;avion de Zanzibar (ZNZ) \u00e0 Selous Matambwe (SE4) ou Mtemere.<\/h3>\n<p>Comparez et r\u00e9servez des vols pas chers de Zanzibar \u00e0 Selous Matambwe \/ Mtemere en ligne avec Tiketi.com pour profiter des meilleures offres. La r\u00e9serve animali\u00e8re de Selous est r\u00e9put\u00e9e pour \u00eatre la plus grande r\u00e9serve faunique d&#039;Afrique, avec un large \u00e9ventail d&#039;\u00e9cosyst\u00e8mes diversifi\u00e9s. La r\u00e9serve animali\u00e8re abrite une large gamme d&#039;esp\u00e8ces sauvages, notamment les animaux \u00ab Big Five \u00bb, de rares rhinoc\u00e9ros noirs et des chiens sauvages. Il existe diff\u00e9rents lacs dans la r\u00e9serve de gibier de Selous qui attirent une grande vari\u00e9t\u00e9 d&#039;animaux, notamment des crocodiles, des hippopotames et des aigles p\u00eacheurs. Il existe plusieurs activit\u00e9s \u00e0 pratiquer \u00e0 Selous, telles que des safaris, des safaris en bateau et des safaris \u00e0 pied. Vous pouvez visiter la r\u00e9serve animali\u00e8re de Selous gr\u00e2ce \u00e0 des offres int\u00e9ressantes sur les vols de Zanzibar \u00e0 Selous et voyager de Zanzibar \u00e0 Mtemere \/ Matambwe pas cher.<\/p>\n<h2>Vols pas chers de Zanzibar \u00e0 Selous Matambwe \/ Mtemere<\/h2>\n<h3>Quelle est la dur\u00e9e d&#039;un vol de Zanzibar \u00e0 Selous ?<\/h3>\n<p>Il y a peu de vols directs entre Zanzibar et Selous chaque semaine avec des vols accessibles sur cet itin\u00e9raire depuis Coastal Aviation et Zan Air. Le temps de vol est d&#039;environ deux heures et trente minutes pour couvrir la distance de 210 kilom\u00e8tres.<\/p>\n<h3>Quel est le c\u00e9l\u00e8bre a\u00e9roport d&#039;atterrissage pour les vols de Zanzibar \u00e0 Selous ?<\/h3>\n<p>L&#039;a\u00e9roport de Selous Mtemere est le c\u00e9l\u00e8bre a\u00e9roport, et son code IATA SE4, est un a\u00e9roport local situ\u00e9 dans la r\u00e9gion de Selous. Cette piste d&#039;atterrissage est l&#039;une des nombreuses pistes d&#039;atterrissage desservant la r\u00e9serve de gibier de Seolous. La piste d&#039;atterrissage de Mtemere est extr\u00eamement vaguement d\u00e9finie comme un a\u00e9roport car il s&#039;agit d&#039;une configuration plut\u00f4t informelle, comme dans le cas de nombreuses pistes d&#039;atterrissage dans la r\u00e9serve de chasse.<\/p>\n<h3>Quelles compagnies a\u00e9riennes proposent des vols pas chers de Zanzibar \u00e0 Selous Matambwe \/ Mtemere ?<\/h3>\n<p>Zan Air, Safair Air link, Coastal Aviation et Auric Air proposent des vols pas chers de Zanzibar \u00e0 Selous Mtemere \/ Matambwe.<\/p>\n<h3>Quelle est la distance d&#039;un vol direct de Zanzibar \u00e0 Mtemere \/ Matambwe ?<\/h3>\n<p>Atteindre la r\u00e9serve animali\u00e8re de Selous est simple car il existe des vols bon march\u00e9 de Zanzibar \u00e0 Selous Mtemere \/ Matambwe. Vous devez embarquer \u00e0 l&#039;a\u00e9roport depuis Stone Town et vous serez conduit \u00e0 la piste d&#039;atterrissage de Mteemere \u00e0 Selous. Apr\u00e8s six heures de safari, vous serez ramen\u00e9 \u00e0 Zanzibar dans la soir\u00e9e. La distance entre Selous et Zanzibar est de 210 kilom\u00e8tres.<\/p>\n<h2>Vol pas cher de Zanzibar \u00e0 Selous Mtemere \/ Matambwe Conseils<\/h2>\n<p>Selous compte \u00e9galement plus de 350 esp\u00e8ces d&#039;oiseaux. La marche est autoris\u00e9e. Selous est l&#039;une des zones les plus exclusives de Tanzanie. Son emplacement et sa taille offrent intimit\u00e9 et isolement par rapport aux masses de visiteurs li\u00e9s aux parcs les plus c\u00e9l\u00e8bres tels que Serengeti et Ngorongoro. Une partie de la r\u00e9gion est accentu\u00e9e par le syst\u00e8me fluvial Rufuji qui coule via son centre, rendant impossible toute communication.<\/p>\n<p>On peut choisir de faire un road trip depuis Dar es Salaam qui implique de prendre un itin\u00e9raire de circuit g\u00e9n\u00e9ral qui impliquerait un voyage vers le parc national de Mukumi en passant par la porte Selous - Matambwe. La saison s\u00e8che est le moment id\u00e9al pour observer le gibier, tandis que la saison des pluies offre suffisamment de possibilit\u00e9s d&#039;observation des oiseaux.<\/p>","protected":false},"excerpt":{"rendered":"<p>Zanzibar to Selous Flight Mtemere \/ Matambwe Online Booking Book your cheap flight tickets from Zanzibar (ZNZ) to Selous Matambwe (SE4) or Mtemere online now. Compare and book cheap flights from Zanzibar to Selous Matambwe \/ Mtemere online with Tiketi.com for the best offers. Selous Game Reserve is renowned as the biggest wildlife reserve in [&hellip;]<\/p>\n","protected":false},"author":1,"featured_media":14041,"parent":0,"menu_order":0,"comment_status":"open","ping_status":"closed","template":"template-home-modern.php","meta":{"footnotes":""},"class_list":["post-11818","page","type-page","status-publish","has-post-thumbnail","hentry"],"yoast_head":"<!-- This site is optimized with the Yoast SEO plugin v27.3 - https:\/\/yoast.com\/product\/yoast-seo-wordpress\/ -->\n<title>Cheap Flights from Zanzibar to Selous Matambwe - Mtemere<\/title>\n<meta name=\"description\" content=\"Looking for cheap flights from Zanzibar to Selous Matambwe \/ Mtemere? Book affordable flights from\u00a0Zanzibar to Selous Mtemere \/ Matambwe now\" \/>\n<meta name=\"robots\" content=\"index, follow, max-snippet:-1, max-image-preview:large, max-video-preview:-1\" \/>\n<link rel=\"canonical\" href=\"https:\/\/tiketi.com\/fr-fr\/flights-zanzibar-selous-matambwe-znz-se4\/\" \/>\n<meta property=\"og:locale\" content=\"fr_FR\" \/>\n<meta property=\"og:type\" content=\"article\" \/>\n<meta property=\"og:title\" content=\"Cheap Flights from Zanzibar to Selous Matambwe - Mtemere\" \/>\n<meta property=\"og:description\" content=\"Looking for cheap flights from Zanzibar to Selous Matambwe \/ Mtemere? Book affordable flights from\u00a0Zanzibar to Selous Mtemere \/ Matambwe now\" \/>\n<meta property=\"og:url\" content=\"https:\/\/tiketi.com\/fr-fr\/flights-zanzibar-selous-matambwe-znz-se4\/\" \/>\n<meta property=\"og:site_name\" content=\"Tiketi.com\" \/>\n<meta property=\"article:publisher\" content=\"https:\/\/www.facebook.com\/TiketiCom\/\" \/>\n<meta property=\"article:modified_time\" content=\"2023-08-24T07:49:58+00:00\" \/>\n<meta property=\"og:image\" content=\"https:\/\/tiketi.com\/wp-content\/uploads\/2022\/01\/flight-ticket-booking-sorasak-KxCJXXGsv9I-unsplas.jpg\" \/>\n\t<meta property=\"og:image:width\" content=\"1200\" \/>\n\t<meta property=\"og:image:height\" content=\"240\" \/>\n\t<meta property=\"og:image:type\" content=\"image\/jpeg\" \/>\n<meta name=\"twitter:card\" content=\"summary_large_image\" \/>\n<meta name=\"twitter:label1\" content=\"Dur\u00e9e de lecture estim\u00e9e\" \/>\n\t<meta name=\"twitter:data1\" content=\"3 minutes\" \/>\n<script type=\"application\/ld+json\" class=\"yoast-schema-graph\">{\"@context\":\"https:\\\/\\\/schema.org\",\"@graph\":[{\"@type\":\"WebPage\",\"@id\":\"https:\\\/\\\/tiketi.com\\\/en-gb\\\/flights-zanzibar-selous-matambwe-znz-se4\\\/\",\"url\":\"https:\\\/\\\/tiketi.com\\\/en-gb\\\/flights-zanzibar-selous-matambwe-znz-se4\\\/\",\"name\":\"Cheap Flights from Zanzibar to Selous Matambwe - Mtemere\",\"isPartOf\":{\"@id\":\"https:\\\/\\\/tiketi.com\\\/#website\"},\"primaryImageOfPage\":{\"@id\":\"https:\\\/\\\/tiketi.com\\\/en-gb\\\/flights-zanzibar-selous-matambwe-znz-se4\\\/#primaryimage\"},\"image\":{\"@id\":\"https:\\\/\\\/tiketi.com\\\/en-gb\\\/flights-zanzibar-selous-matambwe-znz-se4\\\/#primaryimage\"},\"thumbnailUrl\":\"https:\\\/\\\/tiketi.com\\\/wp-content\\\/uploads\\\/2022\\\/01\\\/flight-ticket-booking-sorasak-KxCJXXGsv9I-unsplas.jpg\",\"datePublished\":\"2022-01-19T11:55:14+00:00\",\"dateModified\":\"2023-08-24T07:49:58+00:00\",\"description\":\"Looking for cheap flights from Zanzibar to Selous Matambwe \\\/ Mtemere? Book affordable flights from\u00a0Zanzibar to Selous Mtemere \\\/ Matambwe now\",\"breadcrumb\":{\"@id\":\"https:\\\/\\\/tiketi.com\\\/en-gb\\\/flights-zanzibar-selous-matambwe-znz-se4\\\/#breadcrumb\"},\"inLanguage\":\"fr-FR\",\"potentialAction\":[{\"@type\":\"ReadAction\",\"target\":[\"https:\\\/\\\/tiketi.com\\\/en-gb\\\/flights-zanzibar-selous-matambwe-znz-se4\\\/\"]}]},{\"@type\":\"ImageObject\",\"inLanguage\":\"fr-FR\",\"@id\":\"https:\\\/\\\/tiketi.com\\\/en-gb\\\/flights-zanzibar-selous-matambwe-znz-se4\\\/#primaryimage\",\"url\":\"https:\\\/\\\/tiketi.com\\\/wp-content\\\/uploads\\\/2022\\\/01\\\/flight-ticket-booking-sorasak-KxCJXXGsv9I-unsplas.jpg\",\"contentUrl\":\"https:\\\/\\\/tiketi.com\\\/wp-content\\\/uploads\\\/2022\\\/01\\\/flight-ticket-booking-sorasak-KxCJXXGsv9I-unsplas.jpg\",\"width\":1200,\"height\":240,\"caption\":\"Online flight ticket booking\"},{\"@type\":\"BreadcrumbList\",\"@id\":\"https:\\\/\\\/tiketi.com\\\/en-gb\\\/flights-zanzibar-selous-matambwe-znz-se4\\\/#breadcrumb\",\"itemListElement\":[{\"@type\":\"ListItem\",\"position\":1,\"name\":\"Home\",\"item\":\"https:\\\/\\\/tiketi.com\\\/\"},{\"@type\":\"ListItem\",\"position\":2,\"name\":\"Cheap Flights from Zanzibar to Selous Matambwe &#8211; Mtemere\"}]},{\"@type\":\"WebSite\",\"@id\":\"https:\\\/\\\/tiketi.com\\\/#website\",\"url\":\"https:\\\/\\\/tiketi.com\\\/\",\"name\":\"Flight & Bus Tickets, Tour Packages & Activitites - Tiketi.com\",\"description\":\"Flight &amp; Bus Tickets, Tours, Activitites\",\"publisher\":{\"@id\":\"https:\\\/\\\/tiketi.com\\\/#organization\"},\"potentialAction\":[{\"@type\":\"SearchAction\",\"target\":{\"@type\":\"EntryPoint\",\"urlTemplate\":\"https:\\\/\\\/tiketi.com\\\/?s={search_term_string}\"},\"query-input\":{\"@type\":\"PropertyValueSpecification\",\"valueRequired\":true,\"valueName\":\"search_term_string\"}}],\"inLanguage\":\"fr-FR\"},{\"@type\":\"Organization\",\"@id\":\"https:\\\/\\\/tiketi.com\\\/#organization\",\"name\":\"Tiketi.com\",\"alternateName\":\"Tiketi\",\"url\":\"https:\\\/\\\/tiketi.com\\\/\",\"logo\":{\"@type\":\"ImageObject\",\"inLanguage\":\"fr-FR\",\"@id\":\"https:\\\/\\\/tiketi.com\\\/#\\\/schema\\\/logo\\\/image\\\/\",\"url\":\"https:\\\/\\\/tiketi.com\\\/wp-content\\\/uploads\\\/2019\\\/05\\\/tiketi-logo-696.png\",\"contentUrl\":\"https:\\\/\\\/tiketi.com\\\/wp-content\\\/uploads\\\/2019\\\/05\\\/tiketi-logo-696.png\",\"width\":696,\"height\":696,\"caption\":\"Tiketi.com\"},\"image\":{\"@id\":\"https:\\\/\\\/tiketi.com\\\/#\\\/schema\\\/logo\\\/image\\\/\"},\"sameAs\":[\"https:\\\/\\\/www.facebook.com\\\/TiketiCom\\\/\"]}]}<\/script>\n<!-- \/ Yoast SEO plugin. -->","yoast_head_json":{"title":"Vols pas chers de Zanzibar \u00e0 Selous Matambwe - Mtemere","description":"Vous recherchez des vols \u00e0 bas prix au Zanzibar vers Selous Matambwe \/ Mtemere? R\u00e9servez d\u00e8s maintenant des vols \u00e0 prix abordables de Zanzibar vers Selous Mtemere \/ Matambwe","robots":{"index":"index","follow":"follow","max-snippet":"max-snippet:-1","max-image-preview":"max-image-preview:large","max-video-preview":"max-video-preview:-1"},"canonical":"https:\/\/tiketi.com\/fr-fr\/flights-zanzibar-selous-matambwe-znz-se4\/","og_locale":"fr_FR","og_type":"article","og_title":"Cheap Flights from Zanzibar to Selous Matambwe - Mtemere","og_description":"Looking for cheap flights from Zanzibar to Selous Matambwe \/ Mtemere? Book affordable flights from\u00a0Zanzibar to Selous Mtemere \/ Matambwe now","og_url":"https:\/\/tiketi.com\/fr-fr\/flights-zanzibar-selous-matambwe-znz-se4\/","og_site_name":"Tiketi.com","article_publisher":"https:\/\/www.facebook.com\/TiketiCom\/","article_modified_time":"2023-08-24T07:49:58+00:00","og_image":[{"width":1200,"height":240,"url":"https:\/\/tiketi.com\/wp-content\/uploads\/2022\/01\/flight-ticket-booking-sorasak-KxCJXXGsv9I-unsplas.jpg","type":"image\/jpeg"}],"twitter_card":"summary_large_image","twitter_misc":{"Dur\u00e9e de lecture estim\u00e9e":"3 minutes"},"schema":{"@context":"https:\/\/schema.org","@graph":[{"@type":"WebPage","@id":"https:\/\/tiketi.com\/en-gb\/flights-zanzibar-selous-matambwe-znz-se4\/","url":"https:\/\/tiketi.com\/en-gb\/flights-zanzibar-selous-matambwe-znz-se4\/","name":"Vols pas chers de Zanzibar \u00e0 Selous Matambwe - Mtemere","isPartOf":{"@id":"https:\/\/tiketi.com\/#website"},"primaryImageOfPage":{"@id":"https:\/\/tiketi.com\/en-gb\/flights-zanzibar-selous-matambwe-znz-se4\/#primaryimage"},"image":{"@id":"https:\/\/tiketi.com\/en-gb\/flights-zanzibar-selous-matambwe-znz-se4\/#primaryimage"},"thumbnailUrl":"https:\/\/tiketi.com\/wp-content\/uploads\/2022\/01\/flight-ticket-booking-sorasak-KxCJXXGsv9I-unsplas.jpg","datePublished":"2022-01-19T11:55:14+00:00","dateModified":"2023-08-24T07:49:58+00:00","description":"Vous recherchez des vols \u00e0 bas prix au Zanzibar vers Selous Matambwe \/ Mtemere? R\u00e9servez d\u00e8s maintenant des vols \u00e0 prix abordables de Zanzibar vers Selous Mtemere \/ Matambwe","breadcrumb":{"@id":"https:\/\/tiketi.com\/en-gb\/flights-zanzibar-selous-matambwe-znz-se4\/#breadcrumb"},"inLanguage":"fr-FR","potentialAction":[{"@type":"ReadAction","target":["https:\/\/tiketi.com\/en-gb\/flights-zanzibar-selous-matambwe-znz-se4\/"]}]},{"@type":"ImageObject","inLanguage":"fr-FR","@id":"https:\/\/tiketi.com\/en-gb\/flights-zanzibar-selous-matambwe-znz-se4\/#primaryimage","url":"https:\/\/tiketi.com\/wp-content\/uploads\/2022\/01\/flight-ticket-booking-sorasak-KxCJXXGsv9I-unsplas.jpg","contentUrl":"https:\/\/tiketi.com\/wp-content\/uploads\/2022\/01\/flight-ticket-booking-sorasak-KxCJXXGsv9I-unsplas.jpg","width":1200,"height":240,"caption":"Online flight ticket booking"},{"@type":"BreadcrumbList","@id":"https:\/\/tiketi.com\/en-gb\/flights-zanzibar-selous-matambwe-znz-se4\/#breadcrumb","itemListElement":[{"@type":"ListItem","position":1,"name":"Home","item":"https:\/\/tiketi.com\/"},{"@type":"ListItem","position":2,"name":"Cheap Flights from Zanzibar to Selous Matambwe &#8211; Mtemere"}]},{"@type":"WebSite","@id":"https:\/\/tiketi.com\/#website","url":"https:\/\/tiketi.com\/","name":"Billets d&#039;avion et de bus, forfaits touristiques et activit\u00e9s - Tiketi.com","description":"Billets d&#039;avion et de bus, Tours, Activit\u00e9s","publisher":{"@id":"https:\/\/tiketi.com\/#organization"},"potentialAction":[{"@type":"SearchAction","target":{"@type":"EntryPoint","urlTemplate":"https:\/\/tiketi.com\/?s={search_term_string}"},"query-input":{"@type":"PropertyValueSpecification","valueRequired":true,"valueName":"search_term_string"}}],"inLanguage":"fr-FR"},{"@type":"Organization","@id":"https:\/\/tiketi.com\/#organization","name":"Tiketi.com","alternateName":"Tiketi","url":"https:\/\/tiketi.com\/","logo":{"@type":"ImageObject","inLanguage":"fr-FR","@id":"https:\/\/tiketi.com\/#\/schema\/logo\/image\/","url":"https:\/\/tiketi.com\/wp-content\/uploads\/2019\/05\/tiketi-logo-696.png","contentUrl":"https:\/\/tiketi.com\/wp-content\/uploads\/2019\/05\/tiketi-logo-696.png","width":696,"height":696,"caption":"Tiketi.com"},"image":{"@id":"https:\/\/tiketi.com\/#\/schema\/logo\/image\/"},"sameAs":["https:\/\/www.facebook.com\/TiketiCom\/"]}]}},"_links":{"self":[{"href":"https:\/\/tiketi.com\/fr-fr\/wp-json\/wp\/v2\/pages\/11818","targetHints":{"allow":["GET"]}}],"collection":[{"href":"https:\/\/tiketi.com\/fr-fr\/wp-json\/wp\/v2\/pages"}],"about":[{"href":"https:\/\/tiketi.com\/fr-fr\/wp-json\/wp\/v2\/types\/page"}],"author":[{"embeddable":true,"href":"https:\/\/tiketi.com\/fr-fr\/wp-json\/wp\/v2\/users\/1"}],"replies":[{"embeddable":true,"href":"https:\/\/tiketi.com\/fr-fr\/wp-json\/wp\/v2\/comments?post=11818"}],"version-history":[{"count":0,"href":"https:\/\/tiketi.com\/fr-fr\/wp-json\/wp\/v2\/pages\/11818\/revisions"}],"wp:featuredmedia":[{"embeddable":true,"href":"https:\/\/tiketi.com\/fr-fr\/wp-json\/wp\/v2\/media\/14041"}],"wp:attachment":[{"href":"https:\/\/tiketi.com\/fr-fr\/wp-json\/wp\/v2\/media?parent=11818"}],"curies":[{"name":"wp","href":"https:\/\/api.w.org\/{rel}","templated":true}]}}