{"id":11819,"date":"2022-01-19T12:55:14","date_gmt":"2022-01-19T11:55:14","guid":{"rendered":"https:\/\/new.tiketi.com\/cheap-flights-to-washington-dc\/"},"modified":"2022-02-10T18:21:21","modified_gmt":"2022-02-10T17:21:21","slug":"cheap-flights-to-washington-dc","status":"publish","type":"page","link":"https:\/\/tiketi.com\/fr-fr\/cheap-flights-to-washington-dc\/","title":{"rendered":"Vols pas chers vers Washington DC"},"content":{"rendered":"<h2>Vous recherchez un billet d&#039;avion pas cher pour Washington DC ou des offres de derni\u00e8re minute ?<\/h2>\n<h3>Recherchez, comparez et r\u00e9servez d\u00e8s maintenant des vols pas chers pour Washington DC en ligne.<\/h3>\n<p>R\u00e9servez des vols pas chers vers Washington DC en ligne et \u00e9conomisez de l&#039;argent sur les billets d&#039;avion. Avec tant de choses \u00e0 voir et \u00e0 faire \u00e0 Washington, DC, notamment des b\u00e2timents gouvernementaux, des monuments historiques, des mus\u00e9es gratuits et bien plus encore, il peut \u00eatre difficile de r\u00e9duire une liste de lieux incontournables. Pour vous simplifier la t\u00e2che, voici quelques-unes des meilleures attractions de Washington DC. Comparez les prix et obtenez le tarif le plus bas sur les billets d&#039;avion pour Washington DC gr\u00e2ce \u00e0 des offres exceptionnelles sur la r\u00e9servation de billets en ligne de vols pour Washington DC.<\/p>\n<h2>Voici quelques-unes des meilleures attractions de Washington DC<\/h2>\n<h3>Monument de Washington et National Mall<\/h3>\n<p>Le National Mall est l&#039;un des quartiers les plus c\u00e9l\u00e8bres de la ville, mis en valeur par l&#039;imposant Washington Monument au centre et bord\u00e9 de diff\u00e9rents monuments comm\u00e9moratifs. M\u00eame si vous \u00eates en ville juste pour une petite visite, c&#039;est un arr\u00eat incontournable pour tout nouveau visiteur.<\/p>\n<h3>Biblioth\u00e8que du Congr\u00e8s<\/h3>\n<p>La plus grande biblioth\u00e8que du monde et l&#039;une des plus impressionnantes, l&#039;\u00e9tonnante Biblioth\u00e8que du Congr\u00e8s se trouve dans 3 b\u00e2timents et abrite plus de 160 millions d&#039;articles. C&#039;est \u00e9galement la plus ancienne institution culturelle f\u00e9d\u00e9rale d&#039;Am\u00e9rique.<\/p>\n<h3>Mus\u00e9e comm\u00e9moratif de l&#039;Holocauste aux \u00c9tats-Unis<\/h3>\n<p>Adjacent au National Mall, l&#039;American Holocaust Memorial Museum propose une documentation et une interpr\u00e9tation sombres et approfondies de l&#039;histoire de l&#039;Holocauste. D\u00e9couvrez des photographies et diff\u00e9rents artefacts et d\u00e9couvrez des histoires personnelles de cette p\u00e9riode du r\u00e9gime nazi.<\/p>\n<h3>Georgetown<\/h3>\n<p>Promenez-vous dans les magnifiques rues de Georgetown, regorgeant de magasins et de restaurants, puis dirigez-vous vers le front de mer de Georgetown pour admirer le Potomac et savourez un repas dans l&#039;un des restaurants surplombant l&#039;eau. Promenez-vous hors de la r\u00e9gion principale pour d\u00e9couvrir certains des biens immobiliers les plus co\u00fbteux de la ville.<\/p>\n<h3>Le m\u00e9morial de Lincoln<\/h3>\n<p>Le Lincoln Memorial, le plus appr\u00e9ci\u00e9 de tous les monuments comm\u00e9moratifs de Washington, se trouve \u00e0 l&#039;extr\u00e9mit\u00e9 du centre commercial, s\u00e9par\u00e9 du Monument de Washington par le Reflecting Pool. En son centre se trouve une statue en marbre de dix-neuf pieds d&#039;un pr\u00e9sident Abraham Lincoln assis et pensif, entour\u00e9e de trente-six colonnes, une pour chacun des \u00c9tats qui existaient au moment de la mort de Lincoln. Il s&#039;agit de l&#039;\u0153uvre la plus populaire du c\u00e9l\u00e8bre sculpteur Daniel Chester French. Jules Gu\u00e9rin a peint les peintures murales sur les murs int\u00e9rieurs, montrant les \u00e9v\u00e9nements vitaux de la vie de Lincoln.<\/p>\n<h2>FAQ sur les vols pas chers vers Washington DC<\/h2>\n<h3>\u00c0 quelle heure de la journ\u00e9e est-il bon march\u00e9 de voler\u00a0?<\/h3>\n<p>Pour obtenir le meilleur rapport qualit\u00e9-prix, essayez de r\u00e9server un vol l\u2019apr\u00e8s-midi lorsque vous visitez Washington. En g\u00e9n\u00e9ral, les prix augmenteront pour les vols directs vers Washington DC \u00e0 midi, car la demande est g\u00e9n\u00e9ralement plus \u00e9lev\u00e9e.<\/p>\n<h3>Quel est le jour le moins cher pour prendre un vol pour Washington ?<\/h3>\n<p>Les vols bon march\u00e9 vers Washington DC ont g\u00e9n\u00e9ralement lieu le mardi. Pour le moment, c&#039;est le dimanche qui co\u00fbte le plus cher.<\/p>\n<h3>Quelle est la meilleure p\u00e9riode pour r\u00e9server un billet d\u2019avion pas cher pour Washington DC ?<\/h3>\n<p>En ce qui concerne les conditions m\u00e9t\u00e9orologiques, les vols vers Washington DC sont l&#039;automne et le printemps, lorsque le temps est le plus chaud et le plus agr\u00e9able. Les \u00e9t\u00e9s peuvent \u00eatre extr\u00eamement humides et chauds avec des temp\u00e9ratures g\u00e9n\u00e9ralement comprises entre 21 \u00b0C et 32 \u00b0C, mais parfois jusqu&#039;\u00e0 40 \u00b0C. Lorsque vous recherchez des vols vers Washington DC, r\u00e9servez \u00e0 bas prix en dehors des grands \u00e9v\u00e9nements annuels tels que le Jour de l&#039;Ind\u00e9pendance, car le prix des billets d&#039;avion pour Washington DC augmentera. Si vous n&#039;\u00eates pas un visiteur \u00e0 petit budget, c\u00e9l\u00e9brer cet \u00e9v\u00e9nement important dans la capitale am\u00e9ricaine serait une exp\u00e9rience \u00e9poustouflante, en particulier pour le feu d&#039;artifice embl\u00e9matique.<\/p>\n<h3>Quelle est la meilleure p\u00e9riode pour voler \u00e0 Washington, DC ?<\/h3>\n<p><strong>Haute saison<\/strong><br \/>\nLa haute saison pour les visiteurs souhaitant prendre des billets d&#039;avion pour Washington DC se situe entre mars et septembre. Les mois de mars et avril sont principalement occup\u00e9s par le Festival national des fleurs de cerisier, un grand \u00e9v\u00e9nement tr\u00e8s fr\u00e9quent\u00e9 qui se d\u00e9roule sur 3 semaines. D&#039;autres p\u00e9riodes charg\u00e9es incluent la p\u00e9riode o\u00f9 le Congr\u00e8s si\u00e8ge et, de la mi-janvier \u00e0 juin, lorsque les manifestants et les lobbyistes remplissent les restaurants et les h\u00f4tels. Il est conseill\u00e9 de r\u00e9server les vols pour Washington DC \u00e0 l&#039;avance pendant cette p\u00e9riode.<\/p>\n<p><strong>Hors saison<\/strong><br \/>\nLes p\u00e9riodes de basse saison vont de fin ao\u00fbt \u00e0 d\u00e9but septembre et entre la mi-janvier et Thanksgiving. Les hivers \u00e0 Washington DC sont froids, avec une temp\u00e9rature moyenne de la mi-d\u00e9cembre \u00e0 la mi-f\u00e9vrier oscillant autour de 38 degr\u00e9s Fahrenheit. Ces moments o\u00f9 Washington DC est le plus froid, mais vous \u00eates plus susceptible de trouver des offres de vols pour Washington DC et de meilleurs tarifs d&#039;h\u00f4tel.<\/p>\n<h3>Quelles compagnies a\u00e9riennes proposent des vols vers Washington DC ?<\/h3>\n<p>L&#039;a\u00e9roport international de Washington Dulles dessert plusieurs transporteurs am\u00e9ricains et internationaux pour des vols sans escale, notamment American Airlines, Alaska Airlines, Jet Blue, Frontier Airlines, Southwest Airlines et United Airlines. Les transporteurs internationaux desservis par Washington Dulles comprennent Lufthansa, Korean Air, Austrian Airlines, Virgin Atlantic et Icelandair. Bon nombre des m\u00eames transporteurs locaux desservent \u00e9galement l&#039;a\u00e9roport national Ronald Reagan de Washington, bien que la plupart des vols mondiaux soient achemin\u00e9s via Washington Dulles.<\/p>\n<h2>Se d\u00e9placer \u00e0 Washington, DC<\/h2>\n<p>La plupart des vols bon march\u00e9 au monde vers Washington DC \u00e0 l&#039;a\u00e9roport international de Dulles, \u00e0 vingt-six miles \u00e0 l&#039;ouest de la ville. Il s&#039;agit du plus grand a\u00e9roport desservant et d&#039;un centre pour United Airlines. Pour atteindre Washington DC, le moyen le plus rapide est de prendre le bus express Sliver Line jusqu&#039;\u00e0 la station Wiehle-Reston Metro East, un tarif adulte co\u00fbte $ par trajet. Les taxis sont accessibles au niveau inf\u00e9rieur du terminal principal. Si vous louez un v\u00e9hicule aupr\u00e8s du terminal principal, les entreprises proposent des navettes gratuites vers le parking de location.<\/p>","protected":false},"excerpt":{"rendered":"<p>Looking for cheap airline ticket to Washington DC or last minute deals? Search, compare and book cheap Washington DC flights online now. Book cheap flights to Washington DC online and save money on airfare.\u00a0With so many things to see and do in Washington, D.C., including government buildings, historical monuments, free museums and more, it can [&hellip;]<\/p>\n","protected":false},"author":1,"featured_media":14358,"parent":0,"menu_order":0,"comment_status":"open","ping_status":"closed","template":"template-home-modern.php","meta":{"footnotes":""},"class_list":["post-11819","page","type-page","status-publish","has-post-thumbnail","hentry"],"yoast_head":"<!-- This site is optimized with the Yoast SEO plugin v27.3 - https:\/\/yoast.com\/product\/yoast-seo-wordpress\/ -->\n<title>Cheap flights to Washington DC<\/title>\n<meta name=\"description\" content=\"Looking for cheap flights to\u00a0Washington DC? Search, compare and book cheap airline ticket from to\u00a0Washington DC online and save money\" \/>\n<meta name=\"robots\" content=\"index, follow, max-snippet:-1, max-image-preview:large, max-video-preview:-1\" \/>\n<link rel=\"canonical\" href=\"https:\/\/tiketi.com\/fr-fr\/cheap-flights-to-washington-dc\/\" \/>\n<meta property=\"og:locale\" content=\"fr_FR\" \/>\n<meta property=\"og:type\" content=\"article\" \/>\n<meta property=\"og:title\" content=\"Cheap flights to Washington DC\" \/>\n<meta property=\"og:description\" content=\"Looking for cheap flights to\u00a0Washington DC? Search, compare and book cheap airline ticket from to\u00a0Washington DC online and save money\" \/>\n<meta property=\"og:url\" content=\"https:\/\/tiketi.com\/fr-fr\/cheap-flights-to-washington-dc\/\" \/>\n<meta property=\"og:site_name\" content=\"Tiketi.com\" \/>\n<meta property=\"article:publisher\" content=\"https:\/\/www.facebook.com\/TiketiCom\/\" \/>\n<meta property=\"article:modified_time\" content=\"2022-02-10T17:21:21+00:00\" \/>\n<meta property=\"og:image\" content=\"https:\/\/tiketi.com\/wp-content\/uploads\/2022\/01\/washington-dc-tidal-basin-6.jpg\" \/>\n\t<meta property=\"og:image:width\" content=\"1200\" \/>\n\t<meta property=\"og:image:height\" content=\"200\" \/>\n\t<meta property=\"og:image:type\" content=\"image\/jpeg\" \/>\n<meta name=\"twitter:card\" content=\"summary_large_image\" \/>\n<meta name=\"twitter:label1\" content=\"Dur\u00e9e de lecture estim\u00e9e\" \/>\n\t<meta name=\"twitter:data1\" content=\"4 minutes\" \/>\n<script type=\"application\/ld+json\" class=\"yoast-schema-graph\">{\"@context\":\"https:\\\/\\\/schema.org\",\"@graph\":[{\"@type\":\"WebPage\",\"@id\":\"https:\\\/\\\/tiketi.com\\\/fr-fr\\\/cheap-flights-to-washington-dc\\\/\",\"url\":\"https:\\\/\\\/tiketi.com\\\/fr-fr\\\/cheap-flights-to-washington-dc\\\/\",\"name\":\"Cheap flights to Washington DC\",\"isPartOf\":{\"@id\":\"https:\\\/\\\/tiketi.com\\\/#website\"},\"primaryImageOfPage\":{\"@id\":\"https:\\\/\\\/tiketi.com\\\/fr-fr\\\/cheap-flights-to-washington-dc\\\/#primaryimage\"},\"image\":{\"@id\":\"https:\\\/\\\/tiketi.com\\\/fr-fr\\\/cheap-flights-to-washington-dc\\\/#primaryimage\"},\"thumbnailUrl\":\"https:\\\/\\\/tiketi.com\\\/wp-content\\\/uploads\\\/2022\\\/01\\\/washington-dc-tidal-basin-6.jpg\",\"datePublished\":\"2022-01-19T11:55:14+00:00\",\"dateModified\":\"2022-02-10T17:21:21+00:00\",\"description\":\"Looking for cheap flights to\u00a0Washington DC? Search, compare and book cheap airline ticket from to\u00a0Washington DC online and save money\",\"breadcrumb\":{\"@id\":\"https:\\\/\\\/tiketi.com\\\/fr-fr\\\/cheap-flights-to-washington-dc\\\/#breadcrumb\"},\"inLanguage\":\"fr-FR\",\"potentialAction\":[{\"@type\":\"ReadAction\",\"target\":[\"https:\\\/\\\/tiketi.com\\\/fr-fr\\\/cheap-flights-to-washington-dc\\\/\"]}]},{\"@type\":\"ImageObject\",\"inLanguage\":\"fr-FR\",\"@id\":\"https:\\\/\\\/tiketi.com\\\/fr-fr\\\/cheap-flights-to-washington-dc\\\/#primaryimage\",\"url\":\"https:\\\/\\\/tiketi.com\\\/wp-content\\\/uploads\\\/2022\\\/01\\\/washington-dc-tidal-basin-6.jpg\",\"contentUrl\":\"https:\\\/\\\/tiketi.com\\\/wp-content\\\/uploads\\\/2022\\\/01\\\/washington-dc-tidal-basin-6.jpg\",\"width\":1200,\"height\":200,\"caption\":\"Air Taxi in Washington Online Booking\"},{\"@type\":\"BreadcrumbList\",\"@id\":\"https:\\\/\\\/tiketi.com\\\/fr-fr\\\/cheap-flights-to-washington-dc\\\/#breadcrumb\",\"itemListElement\":[{\"@type\":\"ListItem\",\"position\":1,\"name\":\"Home\",\"item\":\"https:\\\/\\\/tiketi.com\\\/\"},{\"@type\":\"ListItem\",\"position\":2,\"name\":\"Cheap flights to Washington DC\"}]},{\"@type\":\"WebSite\",\"@id\":\"https:\\\/\\\/tiketi.com\\\/#website\",\"url\":\"https:\\\/\\\/tiketi.com\\\/\",\"name\":\"Flight & Bus Tickets, Tour Packages & Activitites - Tiketi.com\",\"description\":\"Flight &amp; Bus Tickets, Tours, Activitites\",\"publisher\":{\"@id\":\"https:\\\/\\\/tiketi.com\\\/#organization\"},\"potentialAction\":[{\"@type\":\"SearchAction\",\"target\":{\"@type\":\"EntryPoint\",\"urlTemplate\":\"https:\\\/\\\/tiketi.com\\\/?s={search_term_string}\"},\"query-input\":{\"@type\":\"PropertyValueSpecification\",\"valueRequired\":true,\"valueName\":\"search_term_string\"}}],\"inLanguage\":\"fr-FR\"},{\"@type\":\"Organization\",\"@id\":\"https:\\\/\\\/tiketi.com\\\/#organization\",\"name\":\"Tiketi.com\",\"alternateName\":\"Tiketi\",\"url\":\"https:\\\/\\\/tiketi.com\\\/\",\"logo\":{\"@type\":\"ImageObject\",\"inLanguage\":\"fr-FR\",\"@id\":\"https:\\\/\\\/tiketi.com\\\/#\\\/schema\\\/logo\\\/image\\\/\",\"url\":\"https:\\\/\\\/tiketi.com\\\/wp-content\\\/uploads\\\/2019\\\/05\\\/tiketi-logo-696.png\",\"contentUrl\":\"https:\\\/\\\/tiketi.com\\\/wp-content\\\/uploads\\\/2019\\\/05\\\/tiketi-logo-696.png\",\"width\":696,\"height\":696,\"caption\":\"Tiketi.com\"},\"image\":{\"@id\":\"https:\\\/\\\/tiketi.com\\\/#\\\/schema\\\/logo\\\/image\\\/\"},\"sameAs\":[\"https:\\\/\\\/www.facebook.com\\\/TiketiCom\\\/\"]}]}<\/script>\n<!-- \/ Yoast SEO plugin. -->","yoast_head_json":{"title":"Vols pas chers vers Washington DC","description":"Vous recherchez des vols pas chers pour Washington DC ? Recherchez, comparez et r\u00e9servez un billet d&#039;avion pas cher de \u00e0 Washington DC en ligne et \u00e9conomisez de l&#039;argent.","robots":{"index":"index","follow":"follow","max-snippet":"max-snippet:-1","max-image-preview":"max-image-preview:large","max-video-preview":"max-video-preview:-1"},"canonical":"https:\/\/tiketi.com\/fr-fr\/cheap-flights-to-washington-dc\/","og_locale":"fr_FR","og_type":"article","og_title":"Cheap flights to Washington DC","og_description":"Looking for cheap flights to\u00a0Washington DC? Search, compare and book cheap airline ticket from to\u00a0Washington DC online and save money","og_url":"https:\/\/tiketi.com\/fr-fr\/cheap-flights-to-washington-dc\/","og_site_name":"Tiketi.com","article_publisher":"https:\/\/www.facebook.com\/TiketiCom\/","article_modified_time":"2022-02-10T17:21:21+00:00","og_image":[{"width":1200,"height":200,"url":"https:\/\/tiketi.com\/wp-content\/uploads\/2022\/01\/washington-dc-tidal-basin-6.jpg","type":"image\/jpeg"}],"twitter_card":"summary_large_image","twitter_misc":{"Dur\u00e9e de lecture estim\u00e9e":"4 minutes"},"schema":{"@context":"https:\/\/schema.org","@graph":[{"@type":"WebPage","@id":"https:\/\/tiketi.com\/fr-fr\/cheap-flights-to-washington-dc\/","url":"https:\/\/tiketi.com\/fr-fr\/cheap-flights-to-washington-dc\/","name":"Vols pas chers vers Washington DC","isPartOf":{"@id":"https:\/\/tiketi.com\/#website"},"primaryImageOfPage":{"@id":"https:\/\/tiketi.com\/fr-fr\/cheap-flights-to-washington-dc\/#primaryimage"},"image":{"@id":"https:\/\/tiketi.com\/fr-fr\/cheap-flights-to-washington-dc\/#primaryimage"},"thumbnailUrl":"https:\/\/tiketi.com\/wp-content\/uploads\/2022\/01\/washington-dc-tidal-basin-6.jpg","datePublished":"2022-01-19T11:55:14+00:00","dateModified":"2022-02-10T17:21:21+00:00","description":"Vous recherchez des vols pas chers pour Washington DC ? Recherchez, comparez et r\u00e9servez un billet d&#039;avion pas cher de \u00e0 Washington DC en ligne et \u00e9conomisez de l&#039;argent.","breadcrumb":{"@id":"https:\/\/tiketi.com\/fr-fr\/cheap-flights-to-washington-dc\/#breadcrumb"},"inLanguage":"fr-FR","potentialAction":[{"@type":"ReadAction","target":["https:\/\/tiketi.com\/fr-fr\/cheap-flights-to-washington-dc\/"]}]},{"@type":"ImageObject","inLanguage":"fr-FR","@id":"https:\/\/tiketi.com\/fr-fr\/cheap-flights-to-washington-dc\/#primaryimage","url":"https:\/\/tiketi.com\/wp-content\/uploads\/2022\/01\/washington-dc-tidal-basin-6.jpg","contentUrl":"https:\/\/tiketi.com\/wp-content\/uploads\/2022\/01\/washington-dc-tidal-basin-6.jpg","width":1200,"height":200,"caption":"Air Taxi in Washington Online Booking"},{"@type":"BreadcrumbList","@id":"https:\/\/tiketi.com\/fr-fr\/cheap-flights-to-washington-dc\/#breadcrumb","itemListElement":[{"@type":"ListItem","position":1,"name":"Home","item":"https:\/\/tiketi.com\/"},{"@type":"ListItem","position":2,"name":"Cheap flights to Washington DC"}]},{"@type":"WebSite","@id":"https:\/\/tiketi.com\/#website","url":"https:\/\/tiketi.com\/","name":"Billets d&#039;avion et de bus, forfaits touristiques et activit\u00e9s - Tiketi.com","description":"Billets d&#039;avion et de bus, Tours, Activit\u00e9s","publisher":{"@id":"https:\/\/tiketi.com\/#organization"},"potentialAction":[{"@type":"SearchAction","target":{"@type":"EntryPoint","urlTemplate":"https:\/\/tiketi.com\/?s={search_term_string}"},"query-input":{"@type":"PropertyValueSpecification","valueRequired":true,"valueName":"search_term_string"}}],"inLanguage":"fr-FR"},{"@type":"Organization","@id":"https:\/\/tiketi.com\/#organization","name":"Tiketi.com","alternateName":"Tiketi","url":"https:\/\/tiketi.com\/","logo":{"@type":"ImageObject","inLanguage":"fr-FR","@id":"https:\/\/tiketi.com\/#\/schema\/logo\/image\/","url":"https:\/\/tiketi.com\/wp-content\/uploads\/2019\/05\/tiketi-logo-696.png","contentUrl":"https:\/\/tiketi.com\/wp-content\/uploads\/2019\/05\/tiketi-logo-696.png","width":696,"height":696,"caption":"Tiketi.com"},"image":{"@id":"https:\/\/tiketi.com\/#\/schema\/logo\/image\/"},"sameAs":["https:\/\/www.facebook.com\/TiketiCom\/"]}]}},"_links":{"self":[{"href":"https:\/\/tiketi.com\/fr-fr\/wp-json\/wp\/v2\/pages\/11819","targetHints":{"allow":["GET"]}}],"collection":[{"href":"https:\/\/tiketi.com\/fr-fr\/wp-json\/wp\/v2\/pages"}],"about":[{"href":"https:\/\/tiketi.com\/fr-fr\/wp-json\/wp\/v2\/types\/page"}],"author":[{"embeddable":true,"href":"https:\/\/tiketi.com\/fr-fr\/wp-json\/wp\/v2\/users\/1"}],"replies":[{"embeddable":true,"href":"https:\/\/tiketi.com\/fr-fr\/wp-json\/wp\/v2\/comments?post=11819"}],"version-history":[{"count":0,"href":"https:\/\/tiketi.com\/fr-fr\/wp-json\/wp\/v2\/pages\/11819\/revisions"}],"wp:featuredmedia":[{"embeddable":true,"href":"https:\/\/tiketi.com\/fr-fr\/wp-json\/wp\/v2\/media\/14358"}],"wp:attachment":[{"href":"https:\/\/tiketi.com\/fr-fr\/wp-json\/wp\/v2\/media?parent=11819"}],"curies":[{"name":"wp","href":"https:\/\/api.w.org\/{rel}","templated":true}]}}