{"id":11820,"date":"2022-01-19T12:55:14","date_gmt":"2022-01-19T11:55:14","guid":{"rendered":"https:\/\/new.tiketi.com\/cheap-flights-to-united-states\/"},"modified":"2022-11-09T13:20:05","modified_gmt":"2022-11-09T12:20:05","slug":"united-states-usa","status":"publish","type":"page","link":"https:\/\/tiketi.com\/fr-fr\/cheap-flights\/united-states-usa\/","title":{"rendered":"Vols pas chers pour les \u00c9tats-Unis"},"content":{"rendered":"<h2>Vous recherchez un billet d&#039;avion pas cher pour les \u00c9tats-Unis ou des offres de derni\u00e8re minute ?<\/h2>\n<h3>Recherchez, comparez et r\u00e9servez en ligne d\u00e8s maintenant des vols pas chers aux \u00c9tats-Unis.<\/h3>\n<p>R\u00e9servez en ligne des vols pas chers pour les \u00c9tats-Unis et \u00e9conomisez de l&#039;argent sur les billets d&#039;avion. En tant que l&#039;un des pays les plus grands et les plus diversifi\u00e9s de la plan\u00e8te, les \u00c9tats-Unis comptent une quantit\u00e9 remarquable de lieux touristiques allant des gratte-ciel de Chicago et de New York, des merveilles naturelles de l&#039;Alaska et de Yellowstone aux plages ensoleill\u00e9es de la Floride, de la Californie et d&#039;Hawa\u00ef. . Comparez les prix et obtenez les tarifs les plus bas sur les billets d&#039;avion pour les \u00c9tats-Unis gr\u00e2ce \u00e0 des offres exceptionnelles sur la r\u00e9servation de billets en ligne pour les vols vers les \u00c9tats-Unis.<\/p>\n<h2>Voici quelques-unes des meilleures attractions des \u00c9tats-Unis<\/h2>\n<h3>grand Canyon<\/h3>\n<p>Le Grand Canyon est situ\u00e9 dans le nord de l&#039;Arizona et est l&#039;une des grandes attractions touristiques de l&#039;Am\u00e9rique. Creus\u00e9 pendant plusieurs millions d&#039;ann\u00e9es par le fleuve Colorado, le canyon atteint une profondeur de plus de 1,5 km et 445 km de long. Le Grand Canyon n&#039;est pas le canyon le plus profond ou le plus long de la plan\u00e8te, mais sa taille \u00e9crasante et son paysage color\u00e9 et complexe offrent aux visiteurs de magnifiques panoramas in\u00e9gal\u00e9s sur toute la plan\u00e8te.<\/p>\n<h3>Manhattan<\/h3>\n<p>Manhattan est l&#039;un des endroits les plus c\u00e9l\u00e8bres d&#039;Am\u00e9rique. Ses vues et sa ligne d&#039;horizon famili\u00e8res ont \u00e9t\u00e9 pr\u00e9sent\u00e9es 1000 fois \u00e0 l&#039;\u00e9cran. Promenez-vous \u00e0 l&#039;ombre des gratte-ciel, assistez \u00e0 un spectacle de Broadway, \u00e0 une photo de la Statue de la Libert\u00e9, escaladez l&#039;Empire State Building, promenez-vous dans Central Park, faites du l\u00e8che-vitrines sur la Cinqui\u00e8me Avenue ou titubez autour d&#039;un mus\u00e9e.<\/p>\n<h3>le parc national de Yellowstone<\/h3>\n<p>Ce parc a \u00e9t\u00e9 le premier parc national du monde, cr\u00e9\u00e9 en 1872 pour prot\u00e9ger le grand nombre de sources chaudes, de geysers et d&#039;autres zones thermales, ainsi que pour sauver l&#039;incroyable faune et la beaut\u00e9 sauvage de la r\u00e9gion. Le parc contient la moiti\u00e9 de toutes les sp\u00e9cifications g\u00e9othermiques c\u00e9l\u00e8bres, avec plus de 10 000 exemples de sources chaudes et de geysers.<\/p>\n<h3>le pont du Golden Gate<\/h3>\n<p>Le Golden Gate Bridge est un pont suspendu qui \u00e9tend le Golden Gate, le d\u00e9troit entre le comt\u00e9 de Marin au nord et San Francisco. Le Golden Gate Bridge \u00e9tait le plus grand pont suspendu de la plan\u00e8te lorsqu&#039;il a \u00e9t\u00e9 construit en 1937 et est devenu un symbole mondialement connu de la Californie et de San Francisco.<\/p>\n<h2>FAQ sur les vols pas chers vers les \u00c9tats-Unis<\/h2>\n<h3>Quel jour est le moins cher pour voyager aux \u00c9tats-Unis ?<\/h3>\n<p>Le jour le moins cher pour voyager aux \u00c9tats-Unis est g\u00e9n\u00e9ralement le mardi. Pour le moment, le samedi est le plus cher.<\/p>\n<h3>\u00c0 quelle heure de la journ\u00e9e est-il bon march\u00e9 de voler\u00a0?<\/h3>\n<p>\u00c0 l&#039;heure actuelle, les vols aux \u00c9tats-Unis en soir\u00e9e sont susceptibles d&#039;offrir le meilleur rapport qualit\u00e9-prix pour votre voyage aux \u00c9tats-Unis. Un vol \u00e0 midi sera le plus souvent plus on\u00e9reux.<\/p>\n<h3>Quel est le meilleur moment pour r\u00e9server un billet d&#039;avion pour les \u00c9tats-Unis ?<\/h3>\n<p>Le moment id\u00e9al pour r\u00e9server vos vols vers les \u00c9tats-Unis changera radicalement en fonction de l&#039;endroit o\u00f9 vous pr\u00e9voyez de vous rendre. Une fois que vous avez planifi\u00e9 quelques endroits, il vaut la peine de rechercher tous les \u00e9v\u00e9nements ou festivals qui pourraient avoir lieu, puis de s\u00e9curiser t\u00f4t le prix de vos billets d&#039;avion aux \u00c9tats-Unis. Assurez-vous de les r\u00e9server \u00e0 l&#039;avance pour trouver les compagnies a\u00e9riennes aux \u00c9tats-Unis et essayez de rejeter la haute saison si vous voulez garder de l&#039;argent.<\/p>\n<h3>Quel est le meilleur moment pour s&#039;envoler pour les \u00c9tats-Unis ?<\/h3>\n<p><strong>Haute saison<\/strong><br \/>\nSelon l&#039;endroit o\u00f9 vous souhaitez voler en Am\u00e9rique, cela d\u00e9pendra des saisons de pointe. En raison du tr\u00e8s grand nombre d&#039;\u00c9tats, il peut \u00eatre difficile de d\u00e9terminer les bons mois de l&#039;ann\u00e9e \u00e0 visiter. Miami et Atlanta, par exemple, connaissent la haute saison de mars \u00e0 juin et de septembre \u00e0 d\u00e9cembre. Las Vegas, en revanche, est occup\u00e9e presque toute l&#039;ann\u00e9e. Vous trouverez des vols bon march\u00e9 vers les \u00c9tats-Unis si vous allez \u00e0 Las Vegas pendant l&#039;\u00e9t\u00e9, car les temp\u00e9ratures \u00e0 Las Vegas peuvent devenir extr\u00eamement chaudes. Une fois que vous avez planifi\u00e9 un endroit aux \u00c9tats-Unis, vous pouvez commencer \u00e0 rechercher la haute saison pour cette ville ou cet \u00c9tat, puis s\u00e9curiser des vols directs vers les \u00c9tats-Unis.<\/p>\n<p><strong>Hors saison<\/strong><br \/>\nLos Angeles est bon march\u00e9 vers janvier car c&#039;est la saison des pluies, vous trouverez donc des vols pas chers vers les \u00c9tats-Unis, puis Miami conna\u00eet sa basse saison de juin \u00e0 septembre, car les temp\u00e9ratures deviennent extr\u00eamement chaudes, de sorte que les offres de vols vers les \u00c9tats-Unis sont plus facilement accessibles si vous planifiez \u00e0 l&#039;avance et r\u00e9servez-les t\u00f4t.<\/p>\n<h3>Quelles compagnies a\u00e9riennes desservent les \u00c9tats-Unis\u00a0?<\/h3>\n<p>Une large gamme de compagnies a\u00e9riennes effectue des vols internationaux quotidiens vers l&#039;Am\u00e9rique en fonction de votre point de d\u00e9part et de votre destination finale. Les grandes compagnies a\u00e9riennes incluent United, American Airlines, Virgin Atlantic Airlines, Delta, parmi lesquelles Air France, KLM, Aeroflot et Turkish Airlines. Souvent, une ou plusieurs compagnies a\u00e9riennes peuvent regrouper le service. Recherchez des billets d&#039;avion pas chers pour les \u00c9tats-Unis qui r\u00e9pondent \u00e0 vos besoins.<\/p>\n<h2>Comment se d\u00e9placer aux \u00c9tats-Unis<\/h2>\n<p>La voiture est reine aux USA, mais il existe des dizaines de vols pas chers dont Southwest, Spirit Airlines, AirTrain, Jet Blue pour n&#039;en citer que quelques-uns.<\/p>\n<p>Louez une voiture et prenez l&#039;autoroute. Les grandes soci\u00e9t\u00e9s de location de voitures sont toutes pr\u00e9sentes dans la plupart des a\u00e9roports am\u00e9ricains.<\/p>\n<p>De nombreux sites Web de services de bus vendent des billets de bus en ligne et des voyages \u00e0 travers les \u00c9tats. Les visiteurs peuvent effectuer une recherche par lieu et faire correspondre toutes les options pour un itin\u00e9raire donn\u00e9 \u00e0 partir d&#039;un seul \u00e9cran.<\/p>","protected":false},"excerpt":{"rendered":"<p>Looking for cheap airline ticket to United States or last minute deals? Search, compare and book cheap United States flights online now. Book cheap flights to United States online and save money on airfare.\u00a0As one of the biggest and most diverse countries in the planet, the United States boast a remarkable amount of tourist places [&hellip;]<\/p>\n","protected":false},"author":1,"featured_media":15770,"parent":23264,"menu_order":0,"comment_status":"open","ping_status":"closed","template":"template-home-modern.php","meta":{"footnotes":""},"class_list":["post-11820","page","type-page","status-publish","has-post-thumbnail","hentry"],"yoast_head":"<!-- This site is optimized with the Yoast SEO plugin v27.2 - https:\/\/yoast.com\/product\/yoast-seo-wordpress\/ -->\n<title>Cheap flights to United States<\/title>\n<meta name=\"description\" content=\"Looking for cheap flights to\u00a0United States? Search, compare and book cheap airline ticket from to\u00a0United States online and save money\" \/>\n<meta name=\"robots\" content=\"index, follow, max-snippet:-1, max-image-preview:large, max-video-preview:-1\" \/>\n<link rel=\"canonical\" href=\"https:\/\/tiketi.com\/fr-fr\/nauli-ndege\/united-states-usa\/\" \/>\n<meta property=\"og:locale\" content=\"fr_FR\" \/>\n<meta property=\"og:type\" content=\"article\" \/>\n<meta property=\"og:title\" content=\"Cheap flights to United States\" \/>\n<meta property=\"og:description\" content=\"Looking for cheap flights to\u00a0United States? Search, compare and book cheap airline ticket from to\u00a0United States online and save money\" \/>\n<meta property=\"og:url\" content=\"https:\/\/tiketi.com\/fr-fr\/nauli-ndege\/united-states-usa\/\" \/>\n<meta property=\"og:site_name\" content=\"Tiketi.com\" \/>\n<meta property=\"article:publisher\" content=\"https:\/\/www.facebook.com\/TiketiCom\/\" \/>\n<meta property=\"article:modified_time\" content=\"2022-11-09T12:20:05+00:00\" \/>\n<meta property=\"og:image\" content=\"https:\/\/tiketi.com\/wp-content\/uploads\/2019\/05\/new-york-4957752_1280.jpg\" \/>\n\t<meta property=\"og:image:width\" content=\"1200\" \/>\n\t<meta property=\"og:image:height\" content=\"204\" \/>\n\t<meta property=\"og:image:type\" content=\"image\/jpeg\" \/>\n<meta name=\"twitter:card\" content=\"summary_large_image\" \/>\n<meta name=\"twitter:label1\" content=\"Dur\u00e9e de lecture estim\u00e9e\" \/>\n\t<meta name=\"twitter:data1\" content=\"4 minutes\" \/>\n<script type=\"application\/ld+json\" class=\"yoast-schema-graph\">{\"@context\":\"https:\/\/schema.org\",\"@graph\":[{\"@type\":\"WebPage\",\"@id\":\"https:\/\/tiketi.com\/sw\/nauli-ndege\/united-states-usa\/\",\"url\":\"https:\/\/tiketi.com\/sw\/nauli-ndege\/united-states-usa\/\",\"name\":\"Cheap flights to United States\",\"isPartOf\":{\"@id\":\"https:\/\/tiketi.com\/#website\"},\"primaryImageOfPage\":{\"@id\":\"https:\/\/tiketi.com\/sw\/nauli-ndege\/united-states-usa\/#primaryimage\"},\"image\":{\"@id\":\"https:\/\/tiketi.com\/sw\/nauli-ndege\/united-states-usa\/#primaryimage\"},\"thumbnailUrl\":\"https:\/\/tiketi.com\/wp-content\/uploads\/2019\/05\/new-york-4957752_1280.jpg\",\"datePublished\":\"2022-01-19T11:55:14+00:00\",\"dateModified\":\"2022-11-09T12:20:05+00:00\",\"description\":\"Looking for cheap flights to\u00a0United States? Search, compare and book cheap airline ticket from to\u00a0United States online and save money\",\"breadcrumb\":{\"@id\":\"https:\/\/tiketi.com\/sw\/nauli-ndege\/united-states-usa\/#breadcrumb\"},\"inLanguage\":\"fr-FR\",\"potentialAction\":[{\"@type\":\"ReadAction\",\"target\":[\"https:\/\/tiketi.com\/sw\/nauli-ndege\/united-states-usa\/\"]}]},{\"@type\":\"ImageObject\",\"inLanguage\":\"fr-FR\",\"@id\":\"https:\/\/tiketi.com\/sw\/nauli-ndege\/united-states-usa\/#primaryimage\",\"url\":\"https:\/\/tiketi.com\/wp-content\/uploads\/2019\/05\/new-york-4957752_1280.jpg\",\"contentUrl\":\"https:\/\/tiketi.com\/wp-content\/uploads\/2019\/05\/new-york-4957752_1280.jpg\",\"width\":1200,\"height\":204,\"caption\":\"Air Taxi in New York\"},{\"@type\":\"BreadcrumbList\",\"@id\":\"https:\/\/tiketi.com\/sw\/nauli-ndege\/united-states-usa\/#breadcrumb\",\"itemListElement\":[{\"@type\":\"ListItem\",\"position\":1,\"name\":\"Home\",\"item\":\"https:\/\/tiketi.com\/\"},{\"@type\":\"ListItem\",\"position\":2,\"name\":\"Cheap Flights\",\"item\":\"https:\/\/tiketi.com\/cheap-flights\/\"},{\"@type\":\"ListItem\",\"position\":3,\"name\":\"Cheap flights to United States\"}]},{\"@type\":\"WebSite\",\"@id\":\"https:\/\/tiketi.com\/#website\",\"url\":\"https:\/\/tiketi.com\/\",\"name\":\"Flight & Bus Tickets, Tour Packages & Activitites - Tiketi.com\",\"description\":\"Flight &amp; Bus Tickets, Tours, Activitites\",\"publisher\":{\"@id\":\"https:\/\/tiketi.com\/#organization\"},\"potentialAction\":[{\"@type\":\"SearchAction\",\"target\":{\"@type\":\"EntryPoint\",\"urlTemplate\":\"https:\/\/tiketi.com\/?s={search_term_string}\"},\"query-input\":{\"@type\":\"PropertyValueSpecification\",\"valueRequired\":true,\"valueName\":\"search_term_string\"}}],\"inLanguage\":\"fr-FR\"},{\"@type\":\"Organization\",\"@id\":\"https:\/\/tiketi.com\/#organization\",\"name\":\"Tiketi.com\",\"alternateName\":\"Tiketi\",\"url\":\"https:\/\/tiketi.com\/\",\"logo\":{\"@type\":\"ImageObject\",\"inLanguage\":\"fr-FR\",\"@id\":\"https:\/\/tiketi.com\/#\/schema\/logo\/image\/\",\"url\":\"https:\/\/tiketi.com\/wp-content\/uploads\/2019\/05\/tiketi-logo-696.png\",\"contentUrl\":\"https:\/\/tiketi.com\/wp-content\/uploads\/2019\/05\/tiketi-logo-696.png\",\"width\":696,\"height\":696,\"caption\":\"Tiketi.com\"},\"image\":{\"@id\":\"https:\/\/tiketi.com\/#\/schema\/logo\/image\/\"},\"sameAs\":[\"https:\/\/www.facebook.com\/TiketiCom\/\"]}]}<\/script>\n<!-- \/ Yoast SEO plugin. -->","yoast_head_json":{"title":"Vols pas chers pour les \u00c9tats-Unis","description":"Vous cherchez des vols pas chers pour les \u00c9tats-Unis ? Recherchez, comparez et r\u00e9servez en ligne un billet d&#039;avion pas cher de vers les \u00c9tats-Unis et \u00e9conomisez de l&#039;argent","robots":{"index":"index","follow":"follow","max-snippet":"max-snippet:-1","max-image-preview":"max-image-preview:large","max-video-preview":"max-video-preview:-1"},"canonical":"https:\/\/tiketi.com\/fr-fr\/nauli-ndege\/united-states-usa\/","og_locale":"fr_FR","og_type":"article","og_title":"Cheap flights to United States","og_description":"Looking for cheap flights to\u00a0United States? Search, compare and book cheap airline ticket from to\u00a0United States online and save money","og_url":"https:\/\/tiketi.com\/fr-fr\/nauli-ndege\/united-states-usa\/","og_site_name":"Tiketi.com","article_publisher":"https:\/\/www.facebook.com\/TiketiCom\/","article_modified_time":"2022-11-09T12:20:05+00:00","og_image":[{"width":1200,"height":204,"url":"https:\/\/tiketi.com\/wp-content\/uploads\/2019\/05\/new-york-4957752_1280.jpg","type":"image\/jpeg"}],"twitter_card":"summary_large_image","twitter_misc":{"Dur\u00e9e de lecture estim\u00e9e":"4 minutes"},"schema":{"@context":"https:\/\/schema.org","@graph":[{"@type":"WebPage","@id":"https:\/\/tiketi.com\/sw\/nauli-ndege\/united-states-usa\/","url":"https:\/\/tiketi.com\/sw\/nauli-ndege\/united-states-usa\/","name":"Vols pas chers pour les \u00c9tats-Unis","isPartOf":{"@id":"https:\/\/tiketi.com\/#website"},"primaryImageOfPage":{"@id":"https:\/\/tiketi.com\/sw\/nauli-ndege\/united-states-usa\/#primaryimage"},"image":{"@id":"https:\/\/tiketi.com\/sw\/nauli-ndege\/united-states-usa\/#primaryimage"},"thumbnailUrl":"https:\/\/tiketi.com\/wp-content\/uploads\/2019\/05\/new-york-4957752_1280.jpg","datePublished":"2022-01-19T11:55:14+00:00","dateModified":"2022-11-09T12:20:05+00:00","description":"Vous cherchez des vols pas chers pour les \u00c9tats-Unis ? Recherchez, comparez et r\u00e9servez en ligne un billet d&#039;avion pas cher de vers les \u00c9tats-Unis et \u00e9conomisez de l&#039;argent","breadcrumb":{"@id":"https:\/\/tiketi.com\/sw\/nauli-ndege\/united-states-usa\/#breadcrumb"},"inLanguage":"fr-FR","potentialAction":[{"@type":"ReadAction","target":["https:\/\/tiketi.com\/sw\/nauli-ndege\/united-states-usa\/"]}]},{"@type":"ImageObject","inLanguage":"fr-FR","@id":"https:\/\/tiketi.com\/sw\/nauli-ndege\/united-states-usa\/#primaryimage","url":"https:\/\/tiketi.com\/wp-content\/uploads\/2019\/05\/new-york-4957752_1280.jpg","contentUrl":"https:\/\/tiketi.com\/wp-content\/uploads\/2019\/05\/new-york-4957752_1280.jpg","width":1200,"height":204,"caption":"Air Taxi in New York"},{"@type":"BreadcrumbList","@id":"https:\/\/tiketi.com\/sw\/nauli-ndege\/united-states-usa\/#breadcrumb","itemListElement":[{"@type":"ListItem","position":1,"name":"Home","item":"https:\/\/tiketi.com\/"},{"@type":"ListItem","position":2,"name":"Cheap Flights","item":"https:\/\/tiketi.com\/cheap-flights\/"},{"@type":"ListItem","position":3,"name":"Cheap flights to United States"}]},{"@type":"WebSite","@id":"https:\/\/tiketi.com\/#website","url":"https:\/\/tiketi.com\/","name":"Billets d&#039;avion et de bus, forfaits touristiques et activit\u00e9s - Tiketi.com","description":"Billets d&#039;avion et de bus, Tours, Activit\u00e9s","publisher":{"@id":"https:\/\/tiketi.com\/#organization"},"potentialAction":[{"@type":"SearchAction","target":{"@type":"EntryPoint","urlTemplate":"https:\/\/tiketi.com\/?s={search_term_string}"},"query-input":{"@type":"PropertyValueSpecification","valueRequired":true,"valueName":"search_term_string"}}],"inLanguage":"fr-FR"},{"@type":"Organization","@id":"https:\/\/tiketi.com\/#organization","name":"Tiketi.com","alternateName":"Tiketi","url":"https:\/\/tiketi.com\/","logo":{"@type":"ImageObject","inLanguage":"fr-FR","@id":"https:\/\/tiketi.com\/#\/schema\/logo\/image\/","url":"https:\/\/tiketi.com\/wp-content\/uploads\/2019\/05\/tiketi-logo-696.png","contentUrl":"https:\/\/tiketi.com\/wp-content\/uploads\/2019\/05\/tiketi-logo-696.png","width":696,"height":696,"caption":"Tiketi.com"},"image":{"@id":"https:\/\/tiketi.com\/#\/schema\/logo\/image\/"},"sameAs":["https:\/\/www.facebook.com\/TiketiCom\/"]}]}},"_links":{"self":[{"href":"https:\/\/tiketi.com\/fr-fr\/wp-json\/wp\/v2\/pages\/11820","targetHints":{"allow":["GET"]}}],"collection":[{"href":"https:\/\/tiketi.com\/fr-fr\/wp-json\/wp\/v2\/pages"}],"about":[{"href":"https:\/\/tiketi.com\/fr-fr\/wp-json\/wp\/v2\/types\/page"}],"author":[{"embeddable":true,"href":"https:\/\/tiketi.com\/fr-fr\/wp-json\/wp\/v2\/users\/1"}],"replies":[{"embeddable":true,"href":"https:\/\/tiketi.com\/fr-fr\/wp-json\/wp\/v2\/comments?post=11820"}],"version-history":[{"count":0,"href":"https:\/\/tiketi.com\/fr-fr\/wp-json\/wp\/v2\/pages\/11820\/revisions"}],"up":[{"embeddable":true,"href":"https:\/\/tiketi.com\/fr-fr\/wp-json\/wp\/v2\/pages\/23264"}],"wp:featuredmedia":[{"embeddable":true,"href":"https:\/\/tiketi.com\/fr-fr\/wp-json\/wp\/v2\/media\/15770"}],"wp:attachment":[{"href":"https:\/\/tiketi.com\/fr-fr\/wp-json\/wp\/v2\/media?parent=11820"}],"curies":[{"name":"wp","href":"https:\/\/api.w.org\/{rel}","templated":true}]}}