{"id":11821,"date":"2022-01-19T12:55:14","date_gmt":"2022-01-19T11:55:14","guid":{"rendered":"https:\/\/new.tiketi.com\/cheap-flights-to-the-united-kingdom\/"},"modified":"2022-11-09T10:32:47","modified_gmt":"2022-11-09T09:32:47","slug":"united-kingdom-uk","status":"publish","type":"page","link":"https:\/\/tiketi.com\/fr-fr\/cheap-flights\/united-kingdom-uk\/","title":{"rendered":"Vols pas chers vers le Royaume-Uni"},"content":{"rendered":"<h2>Vous recherchez un billet d&#039;avion pas cher pour le Royaume-Uni ou des offres de derni\u00e8re minute ?<\/h2>\n<h3>Cherchez, comparez et r\u00e9servez des vols pas chers Royaume-Uni en ligne d\u00e8s maintenant.<\/h3>\n<p>R\u00e9servez en ligne des vols pas chers pour le Royaume-Uni et \u00e9conomisez de l&#039;argent sur les billets d&#039;avion. Compos\u00e9 du Pays de Galles, du Royaume-Uni, de l&#039;Irlande du Nord, de l&#039;Angleterre et de l&#039;\u00c9cosse, le pays est depuis longtemps un lieu de pr\u00e9dilection pour les visiteurs occidentaux en raison de son paysage charmant, de ses villes historiques, de ses excellents mus\u00e9es et de ses th\u00e9\u00e2tres remarquables. Comparez les prix et obtenez les tarifs a\u00e9riens les plus bas sur les billets d&#039;avion de Royaume-Uni gr\u00e2ce \u00e0 des offres exceptionnelles sur la r\u00e9servation de billets en ligne de vols Royaume-Uni.<\/p>\n<h2>Voici quelques-unes des meilleures attractions du Royaume-Uni<\/h2>\n<h3>Londres<\/h3>\n<p>Londres est une ville remarquable charg\u00e9e d&#039;histoire, remplie de galeries d&#039;art et de mus\u00e9es, de charmants packs verts, de restaurants et de boutiques fantastiques, d&#039;une sc\u00e8ne th\u00e9\u00e2trale dynamique et, sans aucun doute, de la royaut\u00e9. Londres est vraiment une ville qui a tout pour plaire. La rel\u00e8ve de la garde au palais de Buckingham est une exp\u00e9rience tr\u00e8s remarquable, tout comme regarder la grande horloge Big Ben.<\/p>\n<h3>Highlands \u00e9cossais<\/h3>\n<p>Les Highlands \u00e9cossais sont la partie accident\u00e9e du nord-ouest et du nord de l&#039;\u00c9cosse. C&#039;est l&#039;Ecosse \u00e9voqu\u00e9e par des visions de kilts, de tartan, de Braveheart et de lochs. La r\u00e9gion est extr\u00eamement peu peupl\u00e9e, avec de nombreuses cha\u00eenes de montagnes dominant la r\u00e9gion et contient la plus haute montagne de Grande-Bretagne, le Ben Nevis. Parmi ses attractions les plus c\u00e9l\u00e8bres, citons le ch\u00e2teau d&#039;Eilean Donan, un ch\u00e2teau \u00e0 l&#039;image fid\u00e8le et le Loch Ness, les lacs les plus populaires d&#039;\u00c9cosse.<\/p>\n<h3>Stonehenge<\/h3>\n<p>L&#039;un des sites les plus populaires de la plan\u00e8te, Stonehenge est compos\u00e9 de terrassements entourant un cadre circulaire de grandes pierres dress\u00e9es dans le sud-ouest de l&#039;Angleterre. Il abrite \u00e9galement certaines des d\u00e9couvertes et structures les plus vitales de l&#039;\u00e2ge du bronze et du n\u00e9olithique au Royaume-Uni, et contient quelque deux cents monuments class\u00e9s.<\/p>\n<h3>\u00c9dimbourg<\/h3>\n<p>Les clients d&#039;Edimbourg doivent \u00eatre pr\u00eats \u00e0 d\u00e9couvrir l&#039;histoire, du ch\u00e2teau d&#039;Edimbourg aux rues pav\u00e9es qui symbolisent la capitale \u00e9cossaise. Edimbourg est ancr\u00e9e dans l&#039;histoire, \u00e0 commencer par les villes nouvelles et anciennes, qui comptent plus de 4 500 b\u00e2timents et lieux historiques entre eux. La vieille ville abrite la rue la plus populaire d&#039;Edimbourg, le Royal Mile qui relie le ch\u00e2teau d&#039;Edimbourg au palais de Holyroodhouse.<\/p>\n<p><strong>York<\/strong><br \/>\nYork est une ville fortifi\u00e9e au riche patrimoine situ\u00e9e l\u00e0 o\u00f9 la rivi\u00e8re Foss rencontre la rivi\u00e8re Ouse. Un nombre remarquable d&#039;attractions sont emball\u00e9s dans la zone de cette tr\u00e8s vieille ville. L&#039;un des monuments de la ville est York Minster.<\/p>\n<h2>FAQ sur les vols pas chers vers le Royaume-Uni<\/h2>\n<h3>Quel jour est le moins cher pour partir \u00e0 Royaume-Uni ?<\/h3>\n<p>Le mardi est actuellement, en moyenne, le jour le moins cher pour prendre l&#039;avion pour Royaume-Uni. Voler le samedi se traduira par des vols plus \u00e9lev\u00e9s au Royaume-Uni.<\/p>\n<h3>\u00c0 quelle heure de la journ\u00e9e est-il bon march\u00e9 de voler\u00a0?<\/h3>\n<p>Les vols au Royaume-Uni peuvent \u00eatre rendus abordables si vous choisissez un vol \u00e0 midi. R\u00e9server un vol vers le Royaume-Uni dans l&#039;apr\u00e8s-midi se traduira probablement par des prix \u00e9lev\u00e9s.<\/p>\n<h3>Quel est le meilleur moment pour r\u00e9server un billet d&#039;avion pour le Royaume-Uni ?<\/h3>\n<p>Pour vous assurer d&#039;obtenir le prix le moins cher possible pour un vol vers Royaume-Uni, vous devez regarder au moins 55 jours avant la date de votre voyage pr\u00e9vu. Le prix de votre billet d&#039;avion vers Royaume-Uni direct peut augmenter si vous retardez et laissez la r\u00e9servation jusqu&#039;\u00e0 environ une semaine avant le d\u00e9part.<\/p>\n<h3>Quelles compagnies a\u00e9riennes desservent le Royaume-Uni ?<\/h3>\n<p>Vous pouvez voler sans escale depuis les \u00c9tats-Unis vers Birmingham et Manchester, mais si vous voyagez vers le Royaume-Uni, il y a de fortes chances que vous atterrissiez dans la capitale. Les deux principaux a\u00e9roports de Londres sont Gatwick et Heathrow. Heathrow est un centre pour le monde, donc presque toutes les compagnies a\u00e9riennes internationales y ont des vols. Depuis l&#039;Am\u00e9rique, d\u00e9couvrez les vols bon march\u00e9 vers le Royaume-Uni de British Airways, Virgin Atlantic, Delta, Air New Zealand et Air India. La plupart de ces compagnies a\u00e9riennes proposent \u00e9galement des vols vers Gatwick, qui est un petit a\u00e9roport.<\/p>\n<h3>Quand partir pour le Royaume-Uni<\/h3>\n<p><strong>Haute saison<\/strong><br \/>\nLe Royaume-Uni est un endroit ouvert toute l&#039;ann\u00e9e et les visiteurs sont impatients d&#039;explorer les grandes attractions du pays. Les mois d&#039;\u00e9t\u00e9 les plus fr\u00e9quent\u00e9s sont les plus fr\u00e9quent\u00e9s, principalement \u00e0 Londres et dans les grands centres d&#039;accueil. Les temp\u00e9ratures estivales varient entre 15 et 30 degr\u00e9s Celsius et les pr\u00e9cipitations changent consid\u00e9rablement chaque ann\u00e9e.<\/p>\n<p><strong>Hors saison<\/strong><br \/>\nLes mois d&#039;hiver (de d\u00e9cembre \u00e0 fin mars) peuvent \u00eatre froids, mais en g\u00e9n\u00e9ral, plus on va vers le nord, plus il fait froid. C&#039;est le meilleur moment pour les vols au Royaume-Uni pour les sports d&#039;hiver. L&#039;Ecosse compte 5 zones principales pour les sports d&#039;hiver : Glencoe, Nevis Range, Lecht, Cairngorm et Glenshee.<\/p>\n<p><strong>Saison interm\u00e9diaire<\/strong><br \/>\nL&#039;automne (septembre \u00e0 novembre) et le printemps (mars \u00e0 mai) peuvent \u00eatre des p\u00e9riodes remarquables pour r\u00e9server des billets d&#039;avion bon march\u00e9 pour le Royaume-Uni. La saison des visiteurs se pr\u00e9pare \u00e0 peine et le temps peut \u00eatre chaud et ensoleill\u00e9. Mai et septembre, en particulier, peuvent profiter des meilleures conditions m\u00e9t\u00e9orologiques.<\/p>\n<h2>Se d\u00e9placer au Royaume-Uni<\/h2>\n<p>Voler est une t\u00e2che simple, \u00e9tant donn\u00e9 les billets d&#039;avion bon march\u00e9 des compagnies a\u00e9riennes vers le Royaume-Uni. La concurrence entre les compagnies a\u00e9riennes \u00e0 bas prix garantit que les tarifs sont bas - parfois abordables que de prendre le train.<\/p>\n<p>Les transports sont rapides et fr\u00e9quents, et la r\u00e9servation longtemps \u00e0 l&#039;avance permet d&#039;obtenir des tarifs abordables.<\/p>\n<p>Les autocars et les bus sont \u00e9galement un moyen remarquable de se d\u00e9placer au Royaume-Uni. R\u00e9servez suffisamment \u00e0 l&#039;avance pour vous rendre dans de nombreux endroits depuis Londres pour un petit prix avec des entreprises telles que National Express.<\/p>\n<p>La location de voiture est facile. Toutes les grandes entreprises sont repr\u00e9sent\u00e9es dans les a\u00e9roports et dans les villes du Royaume-Uni.<\/p>","protected":false},"excerpt":{"rendered":"<p>Looking for cheap airline ticket to United Kingdom or last minute deals? Search, compare and book cheap United Kingdom flights online now. Book cheap flights to the United Kingdom\u00a0online and save money on airfare. Composed of Wales, United Kingdom, Northern Ireland, England, and Scotland, the has long been a favorite Western visitor place for many [&hellip;]<\/p>\n","protected":false},"author":1,"featured_media":14230,"parent":23264,"menu_order":0,"comment_status":"open","ping_status":"closed","template":"template-home-modern.php","meta":{"footnotes":""},"class_list":["post-11821","page","type-page","status-publish","has-post-thumbnail","hentry"],"yoast_head":"<!-- This site is optimized with the Yoast SEO plugin v27.2 - https:\/\/yoast.com\/product\/yoast-seo-wordpress\/ -->\n<title>Cheap Flights to the United Kingdom<\/title>\n<meta name=\"description\" content=\"Looking for cheap flights to\u00a0United Kingdom? Search, compare and book cheap airline ticket from to\u00a0United Kingdom online\" \/>\n<meta name=\"robots\" content=\"index, follow, max-snippet:-1, max-image-preview:large, max-video-preview:-1\" \/>\n<link rel=\"canonical\" href=\"https:\/\/tiketi.com\/fr-fr\/nauli-ndege\/uingereza\/\" \/>\n<meta property=\"og:locale\" content=\"fr_FR\" \/>\n<meta property=\"og:type\" content=\"article\" \/>\n<meta property=\"og:title\" content=\"Cheap Flights to the United Kingdom\" \/>\n<meta property=\"og:description\" content=\"Looking for cheap flights to\u00a0United Kingdom? Search, compare and book cheap airline ticket from to\u00a0United Kingdom online\" \/>\n<meta property=\"og:url\" content=\"https:\/\/tiketi.com\/fr-fr\/nauli-ndege\/uingereza\/\" \/>\n<meta property=\"og:site_name\" content=\"Tiketi.com\" \/>\n<meta property=\"article:publisher\" content=\"https:\/\/www.facebook.com\/TiketiCom\/\" \/>\n<meta property=\"article:modified_time\" content=\"2022-11-09T09:32:47+00:00\" \/>\n<meta property=\"og:image\" content=\"https:\/\/tiketi.com\/wp-content\/uploads\/2022\/01\/london-2239726_1280.jpg\" \/>\n\t<meta property=\"og:image:width\" content=\"1200\" \/>\n\t<meta property=\"og:image:height\" content=\"200\" \/>\n\t<meta property=\"og:image:type\" content=\"image\/jpeg\" \/>\n<meta name=\"twitter:card\" content=\"summary_large_image\" \/>\n<meta name=\"twitter:label1\" content=\"Dur\u00e9e de lecture estim\u00e9e\" \/>\n\t<meta name=\"twitter:data1\" content=\"4 minutes\" \/>\n<script type=\"application\/ld+json\" class=\"yoast-schema-graph\">{\"@context\":\"https:\/\/schema.org\",\"@graph\":[{\"@type\":\"WebPage\",\"@id\":\"https:\/\/tiketi.com\/sw\/nauli-ndege\/uingereza\/\",\"url\":\"https:\/\/tiketi.com\/sw\/nauli-ndege\/uingereza\/\",\"name\":\"Cheap Flights to the United Kingdom\",\"isPartOf\":{\"@id\":\"https:\/\/tiketi.com\/#website\"},\"primaryImageOfPage\":{\"@id\":\"https:\/\/tiketi.com\/sw\/nauli-ndege\/uingereza\/#primaryimage\"},\"image\":{\"@id\":\"https:\/\/tiketi.com\/sw\/nauli-ndege\/uingereza\/#primaryimage\"},\"thumbnailUrl\":\"https:\/\/tiketi.com\/wp-content\/uploads\/2022\/01\/london-2239726_1280.jpg\",\"datePublished\":\"2022-01-19T11:55:14+00:00\",\"dateModified\":\"2022-11-09T09:32:47+00:00\",\"description\":\"Looking for cheap flights to\u00a0United Kingdom? Search, compare and book cheap airline ticket from to\u00a0United Kingdom online\",\"breadcrumb\":{\"@id\":\"https:\/\/tiketi.com\/sw\/nauli-ndege\/uingereza\/#breadcrumb\"},\"inLanguage\":\"fr-FR\",\"potentialAction\":[{\"@type\":\"ReadAction\",\"target\":[\"https:\/\/tiketi.com\/sw\/nauli-ndege\/uingereza\/\"]}]},{\"@type\":\"ImageObject\",\"inLanguage\":\"fr-FR\",\"@id\":\"https:\/\/tiketi.com\/sw\/nauli-ndege\/uingereza\/#primaryimage\",\"url\":\"https:\/\/tiketi.com\/wp-content\/uploads\/2022\/01\/london-2239726_1280.jpg\",\"contentUrl\":\"https:\/\/tiketi.com\/wp-content\/uploads\/2022\/01\/london-2239726_1280.jpg\",\"width\":1200,\"height\":200,\"caption\":\"Air Taxi in London\"},{\"@type\":\"BreadcrumbList\",\"@id\":\"https:\/\/tiketi.com\/sw\/nauli-ndege\/uingereza\/#breadcrumb\",\"itemListElement\":[{\"@type\":\"ListItem\",\"position\":1,\"name\":\"Home\",\"item\":\"https:\/\/tiketi.com\/\"},{\"@type\":\"ListItem\",\"position\":2,\"name\":\"Cheap Flights\",\"item\":\"https:\/\/tiketi.com\/cheap-flights\/\"},{\"@type\":\"ListItem\",\"position\":3,\"name\":\"Cheap Flights to the United Kingdom\"}]},{\"@type\":\"WebSite\",\"@id\":\"https:\/\/tiketi.com\/#website\",\"url\":\"https:\/\/tiketi.com\/\",\"name\":\"Flight & Bus Tickets, Tour Packages & Activitites - Tiketi.com\",\"description\":\"Flight &amp; Bus Tickets, Tours, Activitites\",\"publisher\":{\"@id\":\"https:\/\/tiketi.com\/#organization\"},\"potentialAction\":[{\"@type\":\"SearchAction\",\"target\":{\"@type\":\"EntryPoint\",\"urlTemplate\":\"https:\/\/tiketi.com\/?s={search_term_string}\"},\"query-input\":{\"@type\":\"PropertyValueSpecification\",\"valueRequired\":true,\"valueName\":\"search_term_string\"}}],\"inLanguage\":\"fr-FR\"},{\"@type\":\"Organization\",\"@id\":\"https:\/\/tiketi.com\/#organization\",\"name\":\"Tiketi.com\",\"alternateName\":\"Tiketi\",\"url\":\"https:\/\/tiketi.com\/\",\"logo\":{\"@type\":\"ImageObject\",\"inLanguage\":\"fr-FR\",\"@id\":\"https:\/\/tiketi.com\/#\/schema\/logo\/image\/\",\"url\":\"https:\/\/tiketi.com\/wp-content\/uploads\/2019\/05\/tiketi-logo-696.png\",\"contentUrl\":\"https:\/\/tiketi.com\/wp-content\/uploads\/2019\/05\/tiketi-logo-696.png\",\"width\":696,\"height\":696,\"caption\":\"Tiketi.com\"},\"image\":{\"@id\":\"https:\/\/tiketi.com\/#\/schema\/logo\/image\/\"},\"sameAs\":[\"https:\/\/www.facebook.com\/TiketiCom\/\"]}]}<\/script>\n<!-- \/ Yoast SEO plugin. -->","yoast_head_json":{"title":"Vols pas chers vers le Royaume-Uni","description":"Vous cherchez des vols pas chers vers Royaume-Uni ? Recherchez, comparez et r\u00e9servez en ligne un billet d&#039;avion pas cher de vers Royaume-Uni","robots":{"index":"index","follow":"follow","max-snippet":"max-snippet:-1","max-image-preview":"max-image-preview:large","max-video-preview":"max-video-preview:-1"},"canonical":"https:\/\/tiketi.com\/fr-fr\/nauli-ndege\/uingereza\/","og_locale":"fr_FR","og_type":"article","og_title":"Cheap Flights to the United Kingdom","og_description":"Looking for cheap flights to\u00a0United Kingdom? Search, compare and book cheap airline ticket from to\u00a0United Kingdom online","og_url":"https:\/\/tiketi.com\/fr-fr\/nauli-ndege\/uingereza\/","og_site_name":"Tiketi.com","article_publisher":"https:\/\/www.facebook.com\/TiketiCom\/","article_modified_time":"2022-11-09T09:32:47+00:00","og_image":[{"width":1200,"height":200,"url":"https:\/\/tiketi.com\/wp-content\/uploads\/2022\/01\/london-2239726_1280.jpg","type":"image\/jpeg"}],"twitter_card":"summary_large_image","twitter_misc":{"Dur\u00e9e de lecture estim\u00e9e":"4 minutes"},"schema":{"@context":"https:\/\/schema.org","@graph":[{"@type":"WebPage","@id":"https:\/\/tiketi.com\/sw\/nauli-ndege\/uingereza\/","url":"https:\/\/tiketi.com\/sw\/nauli-ndege\/uingereza\/","name":"Vols pas chers vers le Royaume-Uni","isPartOf":{"@id":"https:\/\/tiketi.com\/#website"},"primaryImageOfPage":{"@id":"https:\/\/tiketi.com\/sw\/nauli-ndege\/uingereza\/#primaryimage"},"image":{"@id":"https:\/\/tiketi.com\/sw\/nauli-ndege\/uingereza\/#primaryimage"},"thumbnailUrl":"https:\/\/tiketi.com\/wp-content\/uploads\/2022\/01\/london-2239726_1280.jpg","datePublished":"2022-01-19T11:55:14+00:00","dateModified":"2022-11-09T09:32:47+00:00","description":"Vous cherchez des vols pas chers vers Royaume-Uni ? Recherchez, comparez et r\u00e9servez en ligne un billet d&#039;avion pas cher de vers Royaume-Uni","breadcrumb":{"@id":"https:\/\/tiketi.com\/sw\/nauli-ndege\/uingereza\/#breadcrumb"},"inLanguage":"fr-FR","potentialAction":[{"@type":"ReadAction","target":["https:\/\/tiketi.com\/sw\/nauli-ndege\/uingereza\/"]}]},{"@type":"ImageObject","inLanguage":"fr-FR","@id":"https:\/\/tiketi.com\/sw\/nauli-ndege\/uingereza\/#primaryimage","url":"https:\/\/tiketi.com\/wp-content\/uploads\/2022\/01\/london-2239726_1280.jpg","contentUrl":"https:\/\/tiketi.com\/wp-content\/uploads\/2022\/01\/london-2239726_1280.jpg","width":1200,"height":200,"caption":"Air Taxi in London"},{"@type":"BreadcrumbList","@id":"https:\/\/tiketi.com\/sw\/nauli-ndege\/uingereza\/#breadcrumb","itemListElement":[{"@type":"ListItem","position":1,"name":"Home","item":"https:\/\/tiketi.com\/"},{"@type":"ListItem","position":2,"name":"Cheap Flights","item":"https:\/\/tiketi.com\/cheap-flights\/"},{"@type":"ListItem","position":3,"name":"Cheap Flights to the United Kingdom"}]},{"@type":"WebSite","@id":"https:\/\/tiketi.com\/#website","url":"https:\/\/tiketi.com\/","name":"Billets d&#039;avion et de bus, forfaits touristiques et activit\u00e9s - Tiketi.com","description":"Billets d&#039;avion et de bus, Tours, Activit\u00e9s","publisher":{"@id":"https:\/\/tiketi.com\/#organization"},"potentialAction":[{"@type":"SearchAction","target":{"@type":"EntryPoint","urlTemplate":"https:\/\/tiketi.com\/?s={search_term_string}"},"query-input":{"@type":"PropertyValueSpecification","valueRequired":true,"valueName":"search_term_string"}}],"inLanguage":"fr-FR"},{"@type":"Organization","@id":"https:\/\/tiketi.com\/#organization","name":"Tiketi.com","alternateName":"Tiketi","url":"https:\/\/tiketi.com\/","logo":{"@type":"ImageObject","inLanguage":"fr-FR","@id":"https:\/\/tiketi.com\/#\/schema\/logo\/image\/","url":"https:\/\/tiketi.com\/wp-content\/uploads\/2019\/05\/tiketi-logo-696.png","contentUrl":"https:\/\/tiketi.com\/wp-content\/uploads\/2019\/05\/tiketi-logo-696.png","width":696,"height":696,"caption":"Tiketi.com"},"image":{"@id":"https:\/\/tiketi.com\/#\/schema\/logo\/image\/"},"sameAs":["https:\/\/www.facebook.com\/TiketiCom\/"]}]}},"_links":{"self":[{"href":"https:\/\/tiketi.com\/fr-fr\/wp-json\/wp\/v2\/pages\/11821","targetHints":{"allow":["GET"]}}],"collection":[{"href":"https:\/\/tiketi.com\/fr-fr\/wp-json\/wp\/v2\/pages"}],"about":[{"href":"https:\/\/tiketi.com\/fr-fr\/wp-json\/wp\/v2\/types\/page"}],"author":[{"embeddable":true,"href":"https:\/\/tiketi.com\/fr-fr\/wp-json\/wp\/v2\/users\/1"}],"replies":[{"embeddable":true,"href":"https:\/\/tiketi.com\/fr-fr\/wp-json\/wp\/v2\/comments?post=11821"}],"version-history":[{"count":0,"href":"https:\/\/tiketi.com\/fr-fr\/wp-json\/wp\/v2\/pages\/11821\/revisions"}],"up":[{"embeddable":true,"href":"https:\/\/tiketi.com\/fr-fr\/wp-json\/wp\/v2\/pages\/23264"}],"wp:featuredmedia":[{"embeddable":true,"href":"https:\/\/tiketi.com\/fr-fr\/wp-json\/wp\/v2\/media\/14230"}],"wp:attachment":[{"href":"https:\/\/tiketi.com\/fr-fr\/wp-json\/wp\/v2\/media?parent=11821"}],"curies":[{"name":"wp","href":"https:\/\/api.w.org\/{rel}","templated":true}]}}