{"id":11827,"date":"2022-01-19T12:55:14","date_gmt":"2022-01-19T11:55:14","guid":{"rendered":"https:\/\/new.tiketi.com\/cheap-flights-from-dar-es-salaam-to-kilimanjaro\/"},"modified":"2022-09-14T15:51:05","modified_gmt":"2022-09-14T14:51:05","slug":"dar-es-salaam-to-kilimanjaro-dar-jro","status":"publish","type":"page","link":"https:\/\/tiketi.com\/fr-fr\/cheap-flights\/dar-es-salaam-to-kilimanjaro-dar-jro\/","title":{"rendered":"Vols \u00e0 bas prix de Dar es Salam \u00e0 Kilimandjaro"},"content":{"rendered":"<h2>Vous recherchez un billet d&#039;avion pas cher de Dar es Salam \u00e0 Kilimandjaro ou des offres de derni\u00e8re minute ?<\/h2>\n<h3>Recherchez, comparez et r\u00e9servez en ligne maintenant des billets d&#039;avion pas chers entre Dar es Salam (DAR) et Kilimandjaro (JRO).<\/h3>\n<p>Comparez et r\u00e9servez en ligne des vols pas chers de Dar es Salam \u00e0 Kilimandjaro et gagnez du temps et de l&#039;argent. B\u00eates sauvages, beaut\u00e9 naturelle et habitants sympathiques, le Kilimandjaro a tout pour plaire. V\u00e9ritable joyau de la Tanzanie, rendez-vous au c\u0153ur de cette r\u00e9gion remarquable avec une excursion dans le parc national du Kilimandjaro. Tout d&#039;abord, vous voudrez faire de l&#039;escalade. Vous pouvez visiter le Kilimandjaro gr\u00e2ce \u00e0 des offres exceptionnelles sur les billets d&#039;avion de Dar es Salaam \u00e0 Kilimandjaro et voler de Dar es Salaam \u00e0 Kilimandjaro \u00e0 bas prix.<\/p>\n<p>Le point culminant d&#039;une visite au Kilimandjaro est l&#039;ascension de sa montagne embl\u00e9matique. Culminant \u00e0 5896 m\u00e8tres d&#039;altitude, d\u00e9couvrir le mont Kilimandjaro \u00e0 pied est une exp\u00e9rience unique. Il existe une large gamme de sentiers de randonn\u00e9e et d&#039;itin\u00e9raires adapt\u00e9s \u00e0 diff\u00e9rents niveaux de sant\u00e9 et de difficult\u00e9.<\/p>\n<p>Si vous avez h\u00e2te de vous pousser, dirigez-vous directement vers Kibo Peak. Le plus haut des 3 volcans du Kilimandjaro, vous devrez traverser 5 zones climatiques diff\u00e9rentes pour conqu\u00e9rir Kibo. Passez par la brousse semi-aride, les sommets enneig\u00e9s et les for\u00eats tropicales pour atteindre le sommet.<\/p>\n<p>Si vous souhaitez vous lancer dans l&#039;aventure en plein air mais que vous souhaitez rester l\u00e9ger, nous vous conseillons d&#039;opter plut\u00f4t pour le plateau de Shira. La charmante \u00e9tendue de parc \u00e9tait autrefois un tr\u00e8s ancien volcan et sa vall\u00e9e a \u00e9t\u00e9 creus\u00e9e par des rivi\u00e8res de lave il y a des milliers d&#039;ann\u00e9es. Parcourez ces sentiers tr\u00e8s p\u00e9troliers \u00e0 la recherche de lions, d&#039;\u00e9l\u00e9phants et de buffles pour votre propre moment de roi lion.<\/p>\n<h2>FAQ sur les vols pas chers de Dar es Salam \u00e0 Kilimandjaro<\/h2>\n<h3>Quelle est la distance de Kilimandjaro \u00e0 Dar Es Salam ?<\/h3>\n<p>La distance entre les vols Dar es Salaam et Kilimandjaro est de 499 kilom\u00e8tres.<\/p>\n<h3>Combien de temps dure le vol Dar es Salam - Kilimandjaro le moins cher ?<\/h3>\n<p>La dur\u00e9e moyenne d&#039;un vol entre Dar es Salaam et le Kilimandjaro est d&#039;une heure et quinze minutes.<\/p>\n<h3>Quelle est la fr\u00e9quence des vols directs de Dar es Salaam \u00e0 Kilimandjaro ?<\/h3>\n<p>Il y a cinquante-quatre vols directs entre Dar es Salaam et le Kilimandjaro.<\/p>\n<h3>Quels sont les billets d&#039;avion pas chers les plus connus de Dar es Salaam \u00e0 Kilimandjaro ?<\/h3>\n<p>Precisionair propose soixante-six pour cent des vols sans escale entre le Kilimandjaro et Dar Es Salaam.<\/p>\n<h3>Quel est le jour le moins cher pour r\u00e9server un billet d&#039;avion de Dar es Salam \u00e0 Kilimandjaro ?<\/h3>\n<p>Le jour le moins cher pour voler de Dar es Salaam \u00e0 Kilimandjaro est le mardi.<\/p>\n<h2>Conseils sur les vols Dar es Salaam - Kilimandjaro<\/h2>\n<p>\u2022 Dar es Salaam est \u00e0 280 miles du Kilimandjaro.<\/p>\n<p>\u2022 Il y a seize vols hebdomadaires de Dar es Salaam au Kilimandjaro.<\/p>\n<p>\u2022 Quatorze vols sans escale op\u00e8rent de Dar es Salaam au Kilimandjaro.<\/p>\n<p>\u2022 Precision Air propose le plus de vols sans escale entre le Kilimandjaro et Dar es Salaam.<\/p>\n<p>\u2022 Nairobi, Kenya \u2013 Jomo Kenyatta Intl est le lien le plus c\u00e9l\u00e8bre pour les vols \u00e0 escale entre le Kilimandjaro et Dar es Salaam.<\/p>","protected":false},"excerpt":{"rendered":"<p>Looking for cheap airline ticket from Dar es Salaam to Kilimanjaro\u00a0or last minute deals? Search, compare and book cheap airline ticket from Dar es Salaam (DAR) to Kilimanjaro (JRO) online now. Compare and book cheap flights from Dar es Salaam to Kilimanjaro online and save time and money. Wild beasts, natural beauty, and friendly locals, [&hellip;]<\/p>\n","protected":false},"author":1,"featured_media":14041,"parent":23264,"menu_order":0,"comment_status":"open","ping_status":"closed","template":"template-home-modern.php","meta":{"footnotes":""},"class_list":["post-11827","page","type-page","status-publish","has-post-thumbnail","hentry"],"yoast_head":"<!-- This site is optimized with the Yoast SEO plugin v27.4 - https:\/\/yoast.com\/product\/yoast-seo-wordpress\/ -->\n<title>Cheap Flights from Dar es Salaam to Kilimanjaro<\/title>\n<meta name=\"description\" content=\"Looking for cheap flights from\u00a0Dar es Salaam to Kilimanjaro? Compare and book cheap airline ticket from Dar es Salaam to Kilimanjaro online\" \/>\n<meta name=\"robots\" content=\"index, follow, max-snippet:-1, max-image-preview:large, max-video-preview:-1\" \/>\n<link rel=\"canonical\" href=\"https:\/\/tiketi.com\/fr-fr\/cheap-flights\/dar-es-salaam-to-kilimanjaro-dar-jro\/\" \/>\n<meta property=\"og:locale\" content=\"fr_FR\" \/>\n<meta property=\"og:type\" content=\"article\" \/>\n<meta property=\"og:title\" content=\"Cheap Flights from Dar es Salaam to Kilimanjaro\" \/>\n<meta property=\"og:description\" content=\"Looking for cheap flights from\u00a0Dar es Salaam to Kilimanjaro? Compare and book cheap airline ticket from Dar es Salaam to Kilimanjaro online\" \/>\n<meta property=\"og:url\" content=\"https:\/\/tiketi.com\/fr-fr\/cheap-flights\/dar-es-salaam-to-kilimanjaro-dar-jro\/\" \/>\n<meta property=\"og:site_name\" content=\"Tiketi.com\" \/>\n<meta property=\"article:publisher\" content=\"https:\/\/www.facebook.com\/TiketiCom\/\" \/>\n<meta property=\"article:modified_time\" content=\"2022-09-14T14:51:05+00:00\" \/>\n<meta property=\"og:image\" content=\"https:\/\/tiketi.com\/wp-content\/uploads\/2022\/01\/flight-ticket-booking-sorasak-KxCJXXGsv9I-unsplas.jpg\" \/>\n\t<meta property=\"og:image:width\" content=\"1200\" \/>\n\t<meta property=\"og:image:height\" content=\"240\" \/>\n\t<meta property=\"og:image:type\" content=\"image\/jpeg\" \/>\n<meta name=\"twitter:card\" content=\"summary_large_image\" \/>\n<meta name=\"twitter:label1\" content=\"Dur\u00e9e de lecture estim\u00e9e\" \/>\n\t<meta name=\"twitter:data1\" content=\"3 minutes\" \/>\n<script type=\"application\/ld+json\" class=\"yoast-schema-graph\">{\"@context\":\"https:\\\/\\\/schema.org\",\"@graph\":[{\"@type\":\"WebPage\",\"@id\":\"https:\\\/\\\/tiketi.com\\\/cheap-flights\\\/dar-es-salaam-to-kilimanjaro-dar-jro\\\/\",\"url\":\"https:\\\/\\\/tiketi.com\\\/cheap-flights\\\/dar-es-salaam-to-kilimanjaro-dar-jro\\\/\",\"name\":\"Cheap Flights from Dar es Salaam to Kilimanjaro\",\"isPartOf\":{\"@id\":\"https:\\\/\\\/tiketi.com\\\/#website\"},\"primaryImageOfPage\":{\"@id\":\"https:\\\/\\\/tiketi.com\\\/cheap-flights\\\/dar-es-salaam-to-kilimanjaro-dar-jro\\\/#primaryimage\"},\"image\":{\"@id\":\"https:\\\/\\\/tiketi.com\\\/cheap-flights\\\/dar-es-salaam-to-kilimanjaro-dar-jro\\\/#primaryimage\"},\"thumbnailUrl\":\"https:\\\/\\\/tiketi.com\\\/wp-content\\\/uploads\\\/2022\\\/01\\\/flight-ticket-booking-sorasak-KxCJXXGsv9I-unsplas.jpg\",\"datePublished\":\"2022-01-19T11:55:14+00:00\",\"dateModified\":\"2022-09-14T14:51:05+00:00\",\"description\":\"Looking for cheap flights from\u00a0Dar es Salaam to Kilimanjaro? Compare and book cheap airline ticket from Dar es Salaam to Kilimanjaro online\",\"breadcrumb\":{\"@id\":\"https:\\\/\\\/tiketi.com\\\/cheap-flights\\\/dar-es-salaam-to-kilimanjaro-dar-jro\\\/#breadcrumb\"},\"inLanguage\":\"fr-FR\",\"potentialAction\":[{\"@type\":\"ReadAction\",\"target\":[\"https:\\\/\\\/tiketi.com\\\/cheap-flights\\\/dar-es-salaam-to-kilimanjaro-dar-jro\\\/\"]}]},{\"@type\":\"ImageObject\",\"inLanguage\":\"fr-FR\",\"@id\":\"https:\\\/\\\/tiketi.com\\\/cheap-flights\\\/dar-es-salaam-to-kilimanjaro-dar-jro\\\/#primaryimage\",\"url\":\"https:\\\/\\\/tiketi.com\\\/wp-content\\\/uploads\\\/2022\\\/01\\\/flight-ticket-booking-sorasak-KxCJXXGsv9I-unsplas.jpg\",\"contentUrl\":\"https:\\\/\\\/tiketi.com\\\/wp-content\\\/uploads\\\/2022\\\/01\\\/flight-ticket-booking-sorasak-KxCJXXGsv9I-unsplas.jpg\",\"width\":1200,\"height\":240,\"caption\":\"Online flight ticket booking\"},{\"@type\":\"BreadcrumbList\",\"@id\":\"https:\\\/\\\/tiketi.com\\\/cheap-flights\\\/dar-es-salaam-to-kilimanjaro-dar-jro\\\/#breadcrumb\",\"itemListElement\":[{\"@type\":\"ListItem\",\"position\":1,\"name\":\"Home\",\"item\":\"https:\\\/\\\/tiketi.com\\\/\"},{\"@type\":\"ListItem\",\"position\":2,\"name\":\"Cheap Flights\",\"item\":\"https:\\\/\\\/tiketi.com\\\/cheap-flights\\\/\"},{\"@type\":\"ListItem\",\"position\":3,\"name\":\"Cheap Flights from Dar es Salaam to Kilimanjaro\"}]},{\"@type\":\"WebSite\",\"@id\":\"https:\\\/\\\/tiketi.com\\\/#website\",\"url\":\"https:\\\/\\\/tiketi.com\\\/\",\"name\":\"Flight & Bus Tickets, Tour Packages & Activitites - Tiketi.com\",\"description\":\"Flight &amp; Bus Tickets, Tours, Activitites\",\"publisher\":{\"@id\":\"https:\\\/\\\/tiketi.com\\\/#organization\"},\"potentialAction\":[{\"@type\":\"SearchAction\",\"target\":{\"@type\":\"EntryPoint\",\"urlTemplate\":\"https:\\\/\\\/tiketi.com\\\/?s={search_term_string}\"},\"query-input\":{\"@type\":\"PropertyValueSpecification\",\"valueRequired\":true,\"valueName\":\"search_term_string\"}}],\"inLanguage\":\"fr-FR\"},{\"@type\":\"Organization\",\"@id\":\"https:\\\/\\\/tiketi.com\\\/#organization\",\"name\":\"Tiketi.com\",\"alternateName\":\"Tiketi\",\"url\":\"https:\\\/\\\/tiketi.com\\\/\",\"logo\":{\"@type\":\"ImageObject\",\"inLanguage\":\"fr-FR\",\"@id\":\"https:\\\/\\\/tiketi.com\\\/#\\\/schema\\\/logo\\\/image\\\/\",\"url\":\"https:\\\/\\\/tiketi.com\\\/wp-content\\\/uploads\\\/2019\\\/05\\\/tiketi-logo-696.png\",\"contentUrl\":\"https:\\\/\\\/tiketi.com\\\/wp-content\\\/uploads\\\/2019\\\/05\\\/tiketi-logo-696.png\",\"width\":696,\"height\":696,\"caption\":\"Tiketi.com\"},\"image\":{\"@id\":\"https:\\\/\\\/tiketi.com\\\/#\\\/schema\\\/logo\\\/image\\\/\"},\"sameAs\":[\"https:\\\/\\\/www.facebook.com\\\/TiketiCom\\\/\"]}]}<\/script>\n<!-- \/ Yoast SEO plugin. -->","yoast_head_json":{"title":"Vols \u00e0 bas prix de Dar es Salam \u00e0 Kilimandjaro","description":"Vous recherchez des vols \u00e0 bas prix de Dar es Salam vers Kilimandjaro ? Comparez et r\u00e9servez en ligne les billets d&#039;avion pas chers de Dar es Salam \u00e0 Kilimandjaro","robots":{"index":"index","follow":"follow","max-snippet":"max-snippet:-1","max-image-preview":"max-image-preview:large","max-video-preview":"max-video-preview:-1"},"canonical":"https:\/\/tiketi.com\/fr-fr\/cheap-flights\/dar-es-salaam-to-kilimanjaro-dar-jro\/","og_locale":"fr_FR","og_type":"article","og_title":"Cheap Flights from Dar es Salaam to Kilimanjaro","og_description":"Looking for cheap flights from\u00a0Dar es Salaam to Kilimanjaro? Compare and book cheap airline ticket from Dar es Salaam to Kilimanjaro online","og_url":"https:\/\/tiketi.com\/fr-fr\/cheap-flights\/dar-es-salaam-to-kilimanjaro-dar-jro\/","og_site_name":"Tiketi.com","article_publisher":"https:\/\/www.facebook.com\/TiketiCom\/","article_modified_time":"2022-09-14T14:51:05+00:00","og_image":[{"width":1200,"height":240,"url":"https:\/\/tiketi.com\/wp-content\/uploads\/2022\/01\/flight-ticket-booking-sorasak-KxCJXXGsv9I-unsplas.jpg","type":"image\/jpeg"}],"twitter_card":"summary_large_image","twitter_misc":{"Dur\u00e9e de lecture estim\u00e9e":"3 minutes"},"schema":{"@context":"https:\/\/schema.org","@graph":[{"@type":"WebPage","@id":"https:\/\/tiketi.com\/cheap-flights\/dar-es-salaam-to-kilimanjaro-dar-jro\/","url":"https:\/\/tiketi.com\/cheap-flights\/dar-es-salaam-to-kilimanjaro-dar-jro\/","name":"Vols \u00e0 bas prix de Dar es Salam \u00e0 Kilimandjaro","isPartOf":{"@id":"https:\/\/tiketi.com\/#website"},"primaryImageOfPage":{"@id":"https:\/\/tiketi.com\/cheap-flights\/dar-es-salaam-to-kilimanjaro-dar-jro\/#primaryimage"},"image":{"@id":"https:\/\/tiketi.com\/cheap-flights\/dar-es-salaam-to-kilimanjaro-dar-jro\/#primaryimage"},"thumbnailUrl":"https:\/\/tiketi.com\/wp-content\/uploads\/2022\/01\/flight-ticket-booking-sorasak-KxCJXXGsv9I-unsplas.jpg","datePublished":"2022-01-19T11:55:14+00:00","dateModified":"2022-09-14T14:51:05+00:00","description":"Vous recherchez des vols \u00e0 bas prix de Dar es Salam vers Kilimandjaro ? Comparez et r\u00e9servez en ligne les billets d&#039;avion pas chers de Dar es Salam \u00e0 Kilimandjaro","breadcrumb":{"@id":"https:\/\/tiketi.com\/cheap-flights\/dar-es-salaam-to-kilimanjaro-dar-jro\/#breadcrumb"},"inLanguage":"fr-FR","potentialAction":[{"@type":"ReadAction","target":["https:\/\/tiketi.com\/cheap-flights\/dar-es-salaam-to-kilimanjaro-dar-jro\/"]}]},{"@type":"ImageObject","inLanguage":"fr-FR","@id":"https:\/\/tiketi.com\/cheap-flights\/dar-es-salaam-to-kilimanjaro-dar-jro\/#primaryimage","url":"https:\/\/tiketi.com\/wp-content\/uploads\/2022\/01\/flight-ticket-booking-sorasak-KxCJXXGsv9I-unsplas.jpg","contentUrl":"https:\/\/tiketi.com\/wp-content\/uploads\/2022\/01\/flight-ticket-booking-sorasak-KxCJXXGsv9I-unsplas.jpg","width":1200,"height":240,"caption":"Online flight ticket booking"},{"@type":"BreadcrumbList","@id":"https:\/\/tiketi.com\/cheap-flights\/dar-es-salaam-to-kilimanjaro-dar-jro\/#breadcrumb","itemListElement":[{"@type":"ListItem","position":1,"name":"Home","item":"https:\/\/tiketi.com\/"},{"@type":"ListItem","position":2,"name":"Cheap Flights","item":"https:\/\/tiketi.com\/cheap-flights\/"},{"@type":"ListItem","position":3,"name":"Cheap Flights from Dar es Salaam to Kilimanjaro"}]},{"@type":"WebSite","@id":"https:\/\/tiketi.com\/#website","url":"https:\/\/tiketi.com\/","name":"Billets d&#039;avion et de bus, forfaits touristiques et activit\u00e9s - Tiketi.com","description":"Billets d&#039;avion et de bus, Tours, Activit\u00e9s","publisher":{"@id":"https:\/\/tiketi.com\/#organization"},"potentialAction":[{"@type":"SearchAction","target":{"@type":"EntryPoint","urlTemplate":"https:\/\/tiketi.com\/?s={search_term_string}"},"query-input":{"@type":"PropertyValueSpecification","valueRequired":true,"valueName":"search_term_string"}}],"inLanguage":"fr-FR"},{"@type":"Organization","@id":"https:\/\/tiketi.com\/#organization","name":"Tiketi.com","alternateName":"Tiketi","url":"https:\/\/tiketi.com\/","logo":{"@type":"ImageObject","inLanguage":"fr-FR","@id":"https:\/\/tiketi.com\/#\/schema\/logo\/image\/","url":"https:\/\/tiketi.com\/wp-content\/uploads\/2019\/05\/tiketi-logo-696.png","contentUrl":"https:\/\/tiketi.com\/wp-content\/uploads\/2019\/05\/tiketi-logo-696.png","width":696,"height":696,"caption":"Tiketi.com"},"image":{"@id":"https:\/\/tiketi.com\/#\/schema\/logo\/image\/"},"sameAs":["https:\/\/www.facebook.com\/TiketiCom\/"]}]}},"_links":{"self":[{"href":"https:\/\/tiketi.com\/fr-fr\/wp-json\/wp\/v2\/pages\/11827","targetHints":{"allow":["GET"]}}],"collection":[{"href":"https:\/\/tiketi.com\/fr-fr\/wp-json\/wp\/v2\/pages"}],"about":[{"href":"https:\/\/tiketi.com\/fr-fr\/wp-json\/wp\/v2\/types\/page"}],"author":[{"embeddable":true,"href":"https:\/\/tiketi.com\/fr-fr\/wp-json\/wp\/v2\/users\/1"}],"replies":[{"embeddable":true,"href":"https:\/\/tiketi.com\/fr-fr\/wp-json\/wp\/v2\/comments?post=11827"}],"version-history":[{"count":0,"href":"https:\/\/tiketi.com\/fr-fr\/wp-json\/wp\/v2\/pages\/11827\/revisions"}],"up":[{"embeddable":true,"href":"https:\/\/tiketi.com\/fr-fr\/wp-json\/wp\/v2\/pages\/23264"}],"wp:featuredmedia":[{"embeddable":true,"href":"https:\/\/tiketi.com\/fr-fr\/wp-json\/wp\/v2\/media\/14041"}],"wp:attachment":[{"href":"https:\/\/tiketi.com\/fr-fr\/wp-json\/wp\/v2\/media?parent=11827"}],"curies":[{"name":"wp","href":"https:\/\/api.w.org\/{rel}","templated":true}]}}