{"id":11828,"date":"2022-01-19T12:55:14","date_gmt":"2022-01-19T11:55:14","guid":{"rendered":"https:\/\/new.tiketi.com\/cheap-flights-from-dar-es-salaam-to-kigoma\/"},"modified":"2022-09-17T16:43:13","modified_gmt":"2022-09-17T15:43:13","slug":"dar-es-salaam-to-kigoma-dar-tkq","status":"publish","type":"page","link":"https:\/\/tiketi.com\/fr-fr\/cheap-flights\/dar-es-salaam-to-kigoma-dar-tkq\/","title":{"rendered":"Vols \u00e0 bas prix de Dar es Salam \u00e0 Kigoma"},"content":{"rendered":"<h2>Vous recherchez un billet d&#039;avion pas cher de Dar es Salam \u00e0 Kigoma ou des offres de derni\u00e8re minute ?<\/h2>\n<h3>Recherchez, comparez et r\u00e9servez en ligne maintenant un billet d&#039;avion pas cher entre Dar es Salaam (DAR) et Kigoma (TKQ).<\/h3>\n<p>R\u00e9servez en ligne des vols \u00e0 bas prix de Dar es Salam \u00e0 Kigoma et \u00e9conomisez du temps et de l&#039;argent. Kigoma est un port lacustre et une ville du nord-ouest de la Tanzanie, sur la rive nord-est du lac Tanganyika et pr\u00e8s de la fronti\u00e8re avec la R\u00e9publique d\u00e9mocratique du Congo et le Burundi. R\u00e9servez des billets d&#039;avion \u00e0 bas prix de Dar es Salam \u00e0 Kigoma au meilleur prix et volez de Dar es Salam \u00e0 Kigoma \u00e0 bas prix.<\/p>\n<h2>Voici quelques-unes des meilleures attractions de cet endroit<\/h2>\n<h3>Lac Tanganyika<\/h3>\n<p>Le lac Tanganyika est l&#039;attraction principale de Kigoma. C&#039;est l&#039;un des plus grands lacs d&#039;eau douce de la plan\u00e8te. Une fois sur place, vous comprendrez pourquoi c&#039;est le point culminant de Kigoma. L&#039;eau est extr\u00eamement claire et pleine de poissons color\u00e9s. Assurez-vous d&#039;emporter avec vous du mat\u00e9riel de plong\u00e9e en apn\u00e9e, afin de pouvoir admirer correctement les diff\u00e9rentes esp\u00e8ces de poissons. Observer la vie aquatique s&#039;accompagne d\u00e9finitivement d&#039;un sentiment particulier.<\/p>\n<h3>Parc national de Gombe<\/h3>\n<p>Un autre site \u00e0 visiter \u00e0 Kigoma est le parc national de Gombe. De nos jours, il y a trop d&#039;endroits sur la plan\u00e8te o\u00f9 vous pouvez r\u00e9ellement voir des chimpanz\u00e9s. Le parc national de Gombe est l&#039;un des rares. Bien que ce soit le petit parc national de Tanzanie, il est populaire dans le monde entier gr\u00e2ce \u00e0 Jane Goodall. S&#039;y rendre peut co\u00fbter cher.<\/p>\n<h3>MV Liemba<\/h3>\n<p>Si vous aimez la voile et les bateaux, vous devez vraiment envisager de monter sur le MV Liemba, surtout si vous voyagez au sud de la Tanzanie. Le MV Liemba est un ancien navire restaur\u00e9 qui peut vous transporter jusqu&#039;en Zambie, sur le lac Tanganyika.<\/p>\n<h2>FAQ sur les vols pas chers de Dar es Salam \u00e0 Kigoma<\/h2>\n<h3>Excellent moment pour r\u00e9server des vols de Dar es Salaam \u00e0 Kigoma<\/h3>\n<p>G\u00e9n\u00e9ralement, l&#039;excellent temps de vol de Dar es Salaam \u00e0 Kigoma est de 2 mois \u00e0 l&#039;avance. Et les jours les moins chers pour voler sont le mercredi, le mardi et le samedi.<\/p>\n<h3>Combien de vols directs de Dar es Salaam \u00e0 Kigoma ?<\/h3>\n<p>Il y a un vol direct de Dar es Salaam \u00e0 Kigoma.<\/p>\n<h3>Quelle est la dur\u00e9e du vol entre Dar es Salam et Kigoma ?<\/h3>\n<p>La dur\u00e9e moyenne d&#039;un vol Dar es Salam-Kigoma est de 1 h 45 min.<\/p>\n<h3>Combien de compagnies a\u00e9riennes proposent des billets d&#039;avion directs de Dar es Salam \u00e0 Kigoma ?<\/h3>\n<p>1 compagnie a\u00e9rienne op\u00e8re des vols directs entre Dar es Salam et Kigoma.<\/p>\n<h3>Combien de vols entre Dar es Salam et Kigoma par semaine ?<\/h3>\n<p>Il y a cinq vols par semaine entre Dar es Salaam et Kigoma.<\/p>\n<h2>\u00a0Conseils sur les vols Dar es Salam - Kigoma<\/h2>\n<p>\u2022 Dar es Salaam est \u00e0 670 milles de Kigoma.<\/p>\n<p>\u2022 Un vol sans escale op\u00e8re de Dar es Salaam \u00e0 Kigoma.<\/p>\n<p>\u2022 Air Tanzania propose le plus de vols sans escale les moins chers de Dar es Salaam \u00e0 Kigoma.<\/p>\n<p>\u2022 Tabora, Tanzanie \u2013 L&#039;a\u00e9roport de Tabora est le lien le plus c\u00e9l\u00e8bre pour les vols \u00e0 escale entre Kigoma et Dar es Salaam.<\/p>","protected":false},"excerpt":{"rendered":"<p>Looking for cheap airline ticket from Dar es Salaam to Kigoma\u00a0or last minute deals? Search, compare and book cheap airline ticket from Dar es Salaam (DAR) to Kigoma (TKQ) online now. Book cheap flights from Dar es Salaam to Kigoma online and save time and money. Kigoma is a lake port and town in north [&hellip;]<\/p>\n","protected":false},"author":1,"featured_media":14041,"parent":23264,"menu_order":0,"comment_status":"open","ping_status":"closed","template":"template-home-modern.php","meta":{"footnotes":""},"class_list":["post-11828","page","type-page","status-publish","has-post-thumbnail","hentry"],"yoast_head":"<!-- This site is optimized with the Yoast SEO plugin v27.3 - https:\/\/yoast.com\/product\/yoast-seo-wordpress\/ -->\n<title>Cheap Flights from\u00a0Dar es Salaam to Kigoma<\/title>\n<meta name=\"description\" content=\"Looking for cheap flights from\u00a0Dar es Salaam to Kigoma? Search, compare and book cheap airline ticket from Dar es Salaam to Kigoma online\" \/>\n<meta name=\"robots\" content=\"index, follow, max-snippet:-1, max-image-preview:large, max-video-preview:-1\" \/>\n<link rel=\"canonical\" href=\"https:\/\/tiketi.com\/fr-fr\/cheap-flights\/dar-es-salaam-to-kigoma-dar-tkq\/\" \/>\n<meta property=\"og:locale\" content=\"fr_FR\" \/>\n<meta property=\"og:type\" content=\"article\" \/>\n<meta property=\"og:title\" content=\"Cheap Flights from\u00a0Dar es Salaam to Kigoma\" \/>\n<meta property=\"og:description\" content=\"Looking for cheap flights from\u00a0Dar es Salaam to Kigoma? Search, compare and book cheap airline ticket from Dar es Salaam to Kigoma online\" \/>\n<meta property=\"og:url\" content=\"https:\/\/tiketi.com\/fr-fr\/cheap-flights\/dar-es-salaam-to-kigoma-dar-tkq\/\" \/>\n<meta property=\"og:site_name\" content=\"Tiketi.com\" \/>\n<meta property=\"article:publisher\" content=\"https:\/\/www.facebook.com\/TiketiCom\/\" \/>\n<meta property=\"article:modified_time\" content=\"2022-09-17T15:43:13+00:00\" \/>\n<meta property=\"og:image\" content=\"https:\/\/tiketi.com\/wp-content\/uploads\/2022\/01\/flight-ticket-booking-sorasak-KxCJXXGsv9I-unsplas.jpg\" \/>\n\t<meta property=\"og:image:width\" content=\"1200\" \/>\n\t<meta property=\"og:image:height\" content=\"240\" \/>\n\t<meta property=\"og:image:type\" content=\"image\/jpeg\" \/>\n<meta name=\"twitter:card\" content=\"summary_large_image\" \/>\n<meta name=\"twitter:label1\" content=\"Dur\u00e9e de lecture estim\u00e9e\" \/>\n\t<meta name=\"twitter:data1\" content=\"3 minutes\" \/>\n<script type=\"application\/ld+json\" class=\"yoast-schema-graph\">{\"@context\":\"https:\\\/\\\/schema.org\",\"@graph\":[{\"@type\":\"WebPage\",\"@id\":\"https:\\\/\\\/tiketi.com\\\/cheap-flights\\\/dar-es-salaam-to-kigoma-dar-tkq\\\/\",\"url\":\"https:\\\/\\\/tiketi.com\\\/cheap-flights\\\/dar-es-salaam-to-kigoma-dar-tkq\\\/\",\"name\":\"Cheap Flights from\u00a0Dar es Salaam to Kigoma\",\"isPartOf\":{\"@id\":\"https:\\\/\\\/tiketi.com\\\/#website\"},\"primaryImageOfPage\":{\"@id\":\"https:\\\/\\\/tiketi.com\\\/cheap-flights\\\/dar-es-salaam-to-kigoma-dar-tkq\\\/#primaryimage\"},\"image\":{\"@id\":\"https:\\\/\\\/tiketi.com\\\/cheap-flights\\\/dar-es-salaam-to-kigoma-dar-tkq\\\/#primaryimage\"},\"thumbnailUrl\":\"https:\\\/\\\/tiketi.com\\\/wp-content\\\/uploads\\\/2022\\\/01\\\/flight-ticket-booking-sorasak-KxCJXXGsv9I-unsplas.jpg\",\"datePublished\":\"2022-01-19T11:55:14+00:00\",\"dateModified\":\"2022-09-17T15:43:13+00:00\",\"description\":\"Looking for cheap flights from\u00a0Dar es Salaam to Kigoma? Search, compare and book cheap airline ticket from Dar es Salaam to Kigoma online\",\"breadcrumb\":{\"@id\":\"https:\\\/\\\/tiketi.com\\\/cheap-flights\\\/dar-es-salaam-to-kigoma-dar-tkq\\\/#breadcrumb\"},\"inLanguage\":\"fr-FR\",\"potentialAction\":[{\"@type\":\"ReadAction\",\"target\":[\"https:\\\/\\\/tiketi.com\\\/cheap-flights\\\/dar-es-salaam-to-kigoma-dar-tkq\\\/\"]}]},{\"@type\":\"ImageObject\",\"inLanguage\":\"fr-FR\",\"@id\":\"https:\\\/\\\/tiketi.com\\\/cheap-flights\\\/dar-es-salaam-to-kigoma-dar-tkq\\\/#primaryimage\",\"url\":\"https:\\\/\\\/tiketi.com\\\/wp-content\\\/uploads\\\/2022\\\/01\\\/flight-ticket-booking-sorasak-KxCJXXGsv9I-unsplas.jpg\",\"contentUrl\":\"https:\\\/\\\/tiketi.com\\\/wp-content\\\/uploads\\\/2022\\\/01\\\/flight-ticket-booking-sorasak-KxCJXXGsv9I-unsplas.jpg\",\"width\":1200,\"height\":240,\"caption\":\"Online flight ticket booking\"},{\"@type\":\"BreadcrumbList\",\"@id\":\"https:\\\/\\\/tiketi.com\\\/cheap-flights\\\/dar-es-salaam-to-kigoma-dar-tkq\\\/#breadcrumb\",\"itemListElement\":[{\"@type\":\"ListItem\",\"position\":1,\"name\":\"Home\",\"item\":\"https:\\\/\\\/tiketi.com\\\/\"},{\"@type\":\"ListItem\",\"position\":2,\"name\":\"Cheap Flights\",\"item\":\"https:\\\/\\\/tiketi.com\\\/cheap-flights\\\/\"},{\"@type\":\"ListItem\",\"position\":3,\"name\":\"Cheap Flights from\u00a0Dar es Salaam to Kigoma\"}]},{\"@type\":\"WebSite\",\"@id\":\"https:\\\/\\\/tiketi.com\\\/#website\",\"url\":\"https:\\\/\\\/tiketi.com\\\/\",\"name\":\"Flight & Bus Tickets, Tour Packages & Activitites - Tiketi.com\",\"description\":\"Flight &amp; Bus Tickets, Tours, Activitites\",\"publisher\":{\"@id\":\"https:\\\/\\\/tiketi.com\\\/#organization\"},\"potentialAction\":[{\"@type\":\"SearchAction\",\"target\":{\"@type\":\"EntryPoint\",\"urlTemplate\":\"https:\\\/\\\/tiketi.com\\\/?s={search_term_string}\"},\"query-input\":{\"@type\":\"PropertyValueSpecification\",\"valueRequired\":true,\"valueName\":\"search_term_string\"}}],\"inLanguage\":\"fr-FR\"},{\"@type\":\"Organization\",\"@id\":\"https:\\\/\\\/tiketi.com\\\/#organization\",\"name\":\"Tiketi.com\",\"alternateName\":\"Tiketi\",\"url\":\"https:\\\/\\\/tiketi.com\\\/\",\"logo\":{\"@type\":\"ImageObject\",\"inLanguage\":\"fr-FR\",\"@id\":\"https:\\\/\\\/tiketi.com\\\/#\\\/schema\\\/logo\\\/image\\\/\",\"url\":\"https:\\\/\\\/tiketi.com\\\/wp-content\\\/uploads\\\/2019\\\/05\\\/tiketi-logo-696.png\",\"contentUrl\":\"https:\\\/\\\/tiketi.com\\\/wp-content\\\/uploads\\\/2019\\\/05\\\/tiketi-logo-696.png\",\"width\":696,\"height\":696,\"caption\":\"Tiketi.com\"},\"image\":{\"@id\":\"https:\\\/\\\/tiketi.com\\\/#\\\/schema\\\/logo\\\/image\\\/\"},\"sameAs\":[\"https:\\\/\\\/www.facebook.com\\\/TiketiCom\\\/\"]}]}<\/script>\n<!-- \/ Yoast SEO plugin. -->","yoast_head_json":{"title":"Vols \u00e0 bas prix de Dar es Salam \u00e0 Kigoma","description":"Vous recherchez des vols \u00e0 bas prix de Dar es Salam \u00e0 Kigoma ? Recherchez, comparez et r\u00e9servez en ligne un billet d&#039;avion pas cher de Dar es Salam \u00e0 Kigoma","robots":{"index":"index","follow":"follow","max-snippet":"max-snippet:-1","max-image-preview":"max-image-preview:large","max-video-preview":"max-video-preview:-1"},"canonical":"https:\/\/tiketi.com\/fr-fr\/cheap-flights\/dar-es-salaam-to-kigoma-dar-tkq\/","og_locale":"fr_FR","og_type":"article","og_title":"Cheap Flights from\u00a0Dar es Salaam to Kigoma","og_description":"Looking for cheap flights from\u00a0Dar es Salaam to Kigoma? Search, compare and book cheap airline ticket from Dar es Salaam to Kigoma online","og_url":"https:\/\/tiketi.com\/fr-fr\/cheap-flights\/dar-es-salaam-to-kigoma-dar-tkq\/","og_site_name":"Tiketi.com","article_publisher":"https:\/\/www.facebook.com\/TiketiCom\/","article_modified_time":"2022-09-17T15:43:13+00:00","og_image":[{"width":1200,"height":240,"url":"https:\/\/tiketi.com\/wp-content\/uploads\/2022\/01\/flight-ticket-booking-sorasak-KxCJXXGsv9I-unsplas.jpg","type":"image\/jpeg"}],"twitter_card":"summary_large_image","twitter_misc":{"Dur\u00e9e de lecture estim\u00e9e":"3 minutes"},"schema":{"@context":"https:\/\/schema.org","@graph":[{"@type":"WebPage","@id":"https:\/\/tiketi.com\/cheap-flights\/dar-es-salaam-to-kigoma-dar-tkq\/","url":"https:\/\/tiketi.com\/cheap-flights\/dar-es-salaam-to-kigoma-dar-tkq\/","name":"Vols \u00e0 bas prix de Dar es Salam \u00e0 Kigoma","isPartOf":{"@id":"https:\/\/tiketi.com\/#website"},"primaryImageOfPage":{"@id":"https:\/\/tiketi.com\/cheap-flights\/dar-es-salaam-to-kigoma-dar-tkq\/#primaryimage"},"image":{"@id":"https:\/\/tiketi.com\/cheap-flights\/dar-es-salaam-to-kigoma-dar-tkq\/#primaryimage"},"thumbnailUrl":"https:\/\/tiketi.com\/wp-content\/uploads\/2022\/01\/flight-ticket-booking-sorasak-KxCJXXGsv9I-unsplas.jpg","datePublished":"2022-01-19T11:55:14+00:00","dateModified":"2022-09-17T15:43:13+00:00","description":"Vous recherchez des vols \u00e0 bas prix de Dar es Salam \u00e0 Kigoma ? Recherchez, comparez et r\u00e9servez en ligne un billet d&#039;avion pas cher de Dar es Salam \u00e0 Kigoma","breadcrumb":{"@id":"https:\/\/tiketi.com\/cheap-flights\/dar-es-salaam-to-kigoma-dar-tkq\/#breadcrumb"},"inLanguage":"fr-FR","potentialAction":[{"@type":"ReadAction","target":["https:\/\/tiketi.com\/cheap-flights\/dar-es-salaam-to-kigoma-dar-tkq\/"]}]},{"@type":"ImageObject","inLanguage":"fr-FR","@id":"https:\/\/tiketi.com\/cheap-flights\/dar-es-salaam-to-kigoma-dar-tkq\/#primaryimage","url":"https:\/\/tiketi.com\/wp-content\/uploads\/2022\/01\/flight-ticket-booking-sorasak-KxCJXXGsv9I-unsplas.jpg","contentUrl":"https:\/\/tiketi.com\/wp-content\/uploads\/2022\/01\/flight-ticket-booking-sorasak-KxCJXXGsv9I-unsplas.jpg","width":1200,"height":240,"caption":"Online flight ticket booking"},{"@type":"BreadcrumbList","@id":"https:\/\/tiketi.com\/cheap-flights\/dar-es-salaam-to-kigoma-dar-tkq\/#breadcrumb","itemListElement":[{"@type":"ListItem","position":1,"name":"Home","item":"https:\/\/tiketi.com\/"},{"@type":"ListItem","position":2,"name":"Cheap Flights","item":"https:\/\/tiketi.com\/cheap-flights\/"},{"@type":"ListItem","position":3,"name":"Cheap Flights from\u00a0Dar es Salaam to Kigoma"}]},{"@type":"WebSite","@id":"https:\/\/tiketi.com\/#website","url":"https:\/\/tiketi.com\/","name":"Billets d&#039;avion et de bus, forfaits touristiques et activit\u00e9s - Tiketi.com","description":"Billets d&#039;avion et de bus, Tours, Activit\u00e9s","publisher":{"@id":"https:\/\/tiketi.com\/#organization"},"potentialAction":[{"@type":"SearchAction","target":{"@type":"EntryPoint","urlTemplate":"https:\/\/tiketi.com\/?s={search_term_string}"},"query-input":{"@type":"PropertyValueSpecification","valueRequired":true,"valueName":"search_term_string"}}],"inLanguage":"fr-FR"},{"@type":"Organization","@id":"https:\/\/tiketi.com\/#organization","name":"Tiketi.com","alternateName":"Tiketi","url":"https:\/\/tiketi.com\/","logo":{"@type":"ImageObject","inLanguage":"fr-FR","@id":"https:\/\/tiketi.com\/#\/schema\/logo\/image\/","url":"https:\/\/tiketi.com\/wp-content\/uploads\/2019\/05\/tiketi-logo-696.png","contentUrl":"https:\/\/tiketi.com\/wp-content\/uploads\/2019\/05\/tiketi-logo-696.png","width":696,"height":696,"caption":"Tiketi.com"},"image":{"@id":"https:\/\/tiketi.com\/#\/schema\/logo\/image\/"},"sameAs":["https:\/\/www.facebook.com\/TiketiCom\/"]}]}},"_links":{"self":[{"href":"https:\/\/tiketi.com\/fr-fr\/wp-json\/wp\/v2\/pages\/11828","targetHints":{"allow":["GET"]}}],"collection":[{"href":"https:\/\/tiketi.com\/fr-fr\/wp-json\/wp\/v2\/pages"}],"about":[{"href":"https:\/\/tiketi.com\/fr-fr\/wp-json\/wp\/v2\/types\/page"}],"author":[{"embeddable":true,"href":"https:\/\/tiketi.com\/fr-fr\/wp-json\/wp\/v2\/users\/1"}],"replies":[{"embeddable":true,"href":"https:\/\/tiketi.com\/fr-fr\/wp-json\/wp\/v2\/comments?post=11828"}],"version-history":[{"count":0,"href":"https:\/\/tiketi.com\/fr-fr\/wp-json\/wp\/v2\/pages\/11828\/revisions"}],"up":[{"embeddable":true,"href":"https:\/\/tiketi.com\/fr-fr\/wp-json\/wp\/v2\/pages\/23264"}],"wp:featuredmedia":[{"embeddable":true,"href":"https:\/\/tiketi.com\/fr-fr\/wp-json\/wp\/v2\/media\/14041"}],"wp:attachment":[{"href":"https:\/\/tiketi.com\/fr-fr\/wp-json\/wp\/v2\/media?parent=11828"}],"curies":[{"name":"wp","href":"https:\/\/api.w.org\/{rel}","templated":true}]}}