{"id":11831,"date":"2022-01-19T12:55:16","date_gmt":"2022-01-19T11:55:16","guid":{"rendered":"https:\/\/new.tiketi.com\/cheap-flights-from-rabat-to-marrakech-best-air-taxi\/"},"modified":"2022-02-09T17:15:38","modified_gmt":"2022-02-09T16:15:38","slug":"flights-rabat-marrakech-rba-rak","status":"publish","type":"page","link":"https:\/\/tiketi.com\/fr-fr\/flights-rabat-marrakech-rba-rak\/","title":{"rendered":"Vols pas chers de Rabat \u00e0 Marrakech \u2013 Meilleur taxi a\u00e9rien"},"content":{"rendered":"<h2>Vous recherchez un billet d&#039;avion pas cher Rabat - Marrakech ou des offres de derni\u00e8re minute ?<\/h2>\n<h3>Recherchez, comparez et r\u00e9servez un billet d&#039;avion pas cher entre Rabat (RBA) et Marrakech (RAK)<span style=\"font-size: 16px;\">\u00a0<\/span>maintenant en ligne.<\/h3>\n<p>R\u00e9servez en ligne des vols \u00e0 bas prix de Rabat \u00e0 Marrakech et \u00e9conomisez de l&#039;argent sur les billets d&#039;avion. D\u00e9couvrez ce qu&#039;il y a \u00e0 voir en vous promenant dans le souk, visitez l&#039;\u00e9tonnante place Jamaa el Fna et le palais Badi et bien d&#039;autres lieux remarquables pendant votre s\u00e9jour \u00e0 Marrakech. Comparez les prix et obtenez les meilleurs tarifs sur les billets d&#039;avion de Rabat \u00e0 Marrakech gr\u00e2ce \u00e0 des offres exceptionnelles sur la r\u00e9servation de billets en ligne de vols Rabat \u00e0 Marrakech.<\/p>\n<h2>Voici quelques-unes des meilleures attractions de Marrakech<\/h2>\n<h3>Jemaa el-Fnaa<\/h3>\n<p>La place Jemaa el-Fna est la grande place de Marrakech et la partie la plus vitale de la m\u00e9dina. Ici, touristes et habitants se rassemblent de nuit comme de jour pour faire du shopping, se restaurer ou observer les diff\u00e9rents spectacles qui se d\u00e9roulent.<\/p>\n<h3>Les souks<\/h3>\n<p>Les souks commencent dans la partie nord de Jemaa el-Fnaa et s&#039;\u00e9tendent dans diff\u00e9rentes rues et voies de passage, en p\u00eachant au mus\u00e9e de Marrakech. Les visiteurs pourront acheter des tissus, des v\u00eatements, de la nourriture, de la poterie, des \u00e9pices, des bijoux et bien d&#039;autres produits traditionnels marocains dans ces remarquables march\u00e9s traditionnels.<\/p>\n<h3>Mosqu\u00e9e de la Koutoubia<\/h3>\n<p>La mosqu\u00e9e Koutoubia est la mosqu\u00e9e la plus vitale de Marrakech et \u00e9tait l&#039;un des plus grands lieux de culte pour les adeptes de l&#039;islam lorsqu&#039;elle a \u00e9t\u00e9 construite en 1158. Son nom signifie mosqu\u00e9e des libraires en raison des diff\u00e9rents stands de livres qui entouraient la mosqu\u00e9e lors de sa construction.<\/p>\n<h3>Palais de la Bahia<\/h3>\n<p>Le Palais de la Bahia est l&#039;un des \u00e9difices les plus imposants de Marrakech. Il a \u00e9t\u00e9 construit \u00e0 la fin du 19\u00e8me si\u00e8cle et \u00e9tait destin\u00e9 \u00e0 \u00eatre l&#039;endroit le plus \u00e9tonnant de tous les temps.<\/p>\n<h2>FAQ sur les vols pas chers de Rabat \u00e0 Marrakech<\/h2>\n<h3>Combien de compagnies a\u00e9riennes op\u00e8rent des vols directs Rabat - Marrakech ?<\/h3>\n<p>Aucune compagnie a\u00e9rienne n&#039;op\u00e8re de vol direct entre Raba et Marrakech.<\/p>\n<h3>Excellent moment pour r\u00e9server un billet d&#039;avion pas cher de Rabat \u00e0 Marrakech<\/h3>\n<p>G\u00e9n\u00e9ralement, le meilleur moment pour r\u00e9server un vol Rabat Marrakech est de 2 mois \u00e0 l&#039;avance. Et les jours les moins chers pour voler sont les samedis, mercredis et mardis. Le dimanche est le plus cher.<\/p>\n<h3>Quelle est la compagnie a\u00e9rienne la plus c\u00e9l\u00e8bre pour les vols Rabat - Marrakech ?<\/h3>\n<p>Royal Air Maroc propose 4 vols entre Marrakech et Rabat.<\/p>\n<h3>Quel est le temps de vol de Rabat \u00e0 Marrakech?<\/h3>\n<p>Le temps de vol de Rabat \u00e0 Marrakech est de vingt-sept minutes. La distance entre Marrakech et Rabat est de 300 kilom\u00e8tres.<\/p>\n<h2>Conseils pour un taxi a\u00e9rien pas cher de Rabat \u00e0 Marrakech<\/h2>\n<p>\u2022 R\u00e9servez au moins trois semaines avant le d\u00e9part afin d&#039;obtenir un prix inf\u00e9rieur \u00e0 la moyenne.<\/p>\n<p>\u2022 La haute saison est consid\u00e9r\u00e9e comme juillet et juin. Le mois le moins cher pour partir \u00e0 Marrakech est f\u00e9vrier.<\/p>\n<p>\u2022 Le vol taxi a\u00e9rien de Rabat \u00e0 Marrakech est de 186 miles.<\/p>\n<p>\u2022 New Delhi, Inde \u2013 L&#039;a\u00e9roport international Indira Gandhi est le lien le plus c\u00e9l\u00e8bre pour les vols \u00e0 escale entre Marrakech et Rabat.<\/p>\n<p>\u2022 L&#039;a\u00e9roport de Menera est le grand a\u00e9roport le plus proche de Marrakech.<\/p>\n<p>\u2022 Les a\u00e9roports de Menara proposent des vols sans escale vers soixante-huit villes.<\/p>\n<p>\u2022 Chaque semaine, au moins 54 vols locaux et 205 vols internationaux d\u00e9collent de Menara Airport.<\/p>","protected":false},"excerpt":{"rendered":"<p>Looking for cheap airline ticket from Rabat to Marrakech\u00a0or last minute deals? Search, compare and book cheap airline ticket from Rabat (RBA) to Marrakech (RAK)\u00a0online now. Book cheap flights from Rabat to Marrakech online and save money on airfare. Discover what to view as you wander through the souk, visit the amazing Jamaa el Fna [&hellip;]<\/p>\n","protected":false},"author":1,"featured_media":18053,"parent":0,"menu_order":0,"comment_status":"open","ping_status":"closed","template":"template-home-modern.php","meta":{"footnotes":""},"class_list":["post-11831","page","type-page","status-publish","has-post-thumbnail","hentry"],"yoast_head":"<!-- This site is optimized with the Yoast SEO plugin v27.4 - https:\/\/yoast.com\/product\/yoast-seo-wordpress\/ -->\n<title>Cheap Flights from Rabat to Marrakech - Best Air Taxi<\/title>\n<meta name=\"description\" content=\"Looking for cheap flights from Rabat to Marrakech ? Search, compare and book cheap airline ticket from Rabat to Marrakech online\" \/>\n<meta name=\"robots\" content=\"index, follow, max-snippet:-1, max-image-preview:large, max-video-preview:-1\" \/>\n<link rel=\"canonical\" href=\"https:\/\/tiketi.com\/fr-fr\/flights-rabat-marrakech-rba-rak\/\" \/>\n<meta property=\"og:locale\" content=\"fr_FR\" \/>\n<meta property=\"og:type\" content=\"article\" \/>\n<meta property=\"og:title\" content=\"Cheap Flights from Rabat to Marrakech - Best Air Taxi\" \/>\n<meta property=\"og:description\" content=\"Looking for cheap flights from Rabat to Marrakech ? Search, compare and book cheap airline ticket from Rabat to Marrakech online\" \/>\n<meta property=\"og:url\" content=\"https:\/\/tiketi.com\/fr-fr\/flights-rabat-marrakech-rba-rak\/\" \/>\n<meta property=\"og:site_name\" content=\"Tiketi.com\" \/>\n<meta property=\"article:publisher\" content=\"https:\/\/www.facebook.com\/TiketiCom\/\" \/>\n<meta property=\"article:modified_time\" content=\"2022-02-09T16:15:38+00:00\" \/>\n<meta property=\"og:image\" content=\"https:\/\/tiketi.com\/wp-content\/uploads\/2022\/02\/marrakech-jemaa-el-fna-squa.jpg\" \/>\n\t<meta property=\"og:image:width\" content=\"1200\" \/>\n\t<meta property=\"og:image:height\" content=\"202\" \/>\n\t<meta property=\"og:image:type\" content=\"image\/jpeg\" \/>\n<meta name=\"twitter:card\" content=\"summary_large_image\" \/>\n<meta name=\"twitter:label1\" content=\"Dur\u00e9e de lecture estim\u00e9e\" \/>\n\t<meta name=\"twitter:data1\" content=\"3 minutes\" \/>\n<script type=\"application\/ld+json\" class=\"yoast-schema-graph\">{\"@context\":\"https:\\\/\\\/schema.org\",\"@graph\":[{\"@type\":\"WebPage\",\"@id\":\"https:\\\/\\\/tiketi.com\\\/flights-rabat-marrakech-rba-rak\\\/\",\"url\":\"https:\\\/\\\/tiketi.com\\\/flights-rabat-marrakech-rba-rak\\\/\",\"name\":\"Cheap Flights from Rabat to Marrakech - Best Air Taxi\",\"isPartOf\":{\"@id\":\"https:\\\/\\\/tiketi.com\\\/#website\"},\"primaryImageOfPage\":{\"@id\":\"https:\\\/\\\/tiketi.com\\\/flights-rabat-marrakech-rba-rak\\\/#primaryimage\"},\"image\":{\"@id\":\"https:\\\/\\\/tiketi.com\\\/flights-rabat-marrakech-rba-rak\\\/#primaryimage\"},\"thumbnailUrl\":\"https:\\\/\\\/tiketi.com\\\/wp-content\\\/uploads\\\/2022\\\/02\\\/marrakech-jemaa-el-fna-squa.jpg\",\"datePublished\":\"2022-01-19T11:55:16+00:00\",\"dateModified\":\"2022-02-09T16:15:38+00:00\",\"description\":\"Looking for cheap flights from Rabat to Marrakech ? Search, compare and book cheap airline ticket from Rabat to Marrakech online\",\"breadcrumb\":{\"@id\":\"https:\\\/\\\/tiketi.com\\\/flights-rabat-marrakech-rba-rak\\\/#breadcrumb\"},\"inLanguage\":\"fr-FR\",\"potentialAction\":[{\"@type\":\"ReadAction\",\"target\":[\"https:\\\/\\\/tiketi.com\\\/flights-rabat-marrakech-rba-rak\\\/\"]}]},{\"@type\":\"ImageObject\",\"inLanguage\":\"fr-FR\",\"@id\":\"https:\\\/\\\/tiketi.com\\\/flights-rabat-marrakech-rba-rak\\\/#primaryimage\",\"url\":\"https:\\\/\\\/tiketi.com\\\/wp-content\\\/uploads\\\/2022\\\/02\\\/marrakech-jemaa-el-fna-squa.jpg\",\"contentUrl\":\"https:\\\/\\\/tiketi.com\\\/wp-content\\\/uploads\\\/2022\\\/02\\\/marrakech-jemaa-el-fna-squa.jpg\",\"width\":1200,\"height\":202,\"caption\":\"air taxi in Marrakech\"},{\"@type\":\"BreadcrumbList\",\"@id\":\"https:\\\/\\\/tiketi.com\\\/flights-rabat-marrakech-rba-rak\\\/#breadcrumb\",\"itemListElement\":[{\"@type\":\"ListItem\",\"position\":1,\"name\":\"Home\",\"item\":\"https:\\\/\\\/tiketi.com\\\/\"},{\"@type\":\"ListItem\",\"position\":2,\"name\":\"Cheap Flights from Rabat to Marrakech &#8211; Best Air Taxi\"}]},{\"@type\":\"WebSite\",\"@id\":\"https:\\\/\\\/tiketi.com\\\/#website\",\"url\":\"https:\\\/\\\/tiketi.com\\\/\",\"name\":\"Flight & Bus Tickets, Tour Packages & Activitites - Tiketi.com\",\"description\":\"Flight &amp; Bus Tickets, Tours, Activitites\",\"publisher\":{\"@id\":\"https:\\\/\\\/tiketi.com\\\/#organization\"},\"potentialAction\":[{\"@type\":\"SearchAction\",\"target\":{\"@type\":\"EntryPoint\",\"urlTemplate\":\"https:\\\/\\\/tiketi.com\\\/?s={search_term_string}\"},\"query-input\":{\"@type\":\"PropertyValueSpecification\",\"valueRequired\":true,\"valueName\":\"search_term_string\"}}],\"inLanguage\":\"fr-FR\"},{\"@type\":\"Organization\",\"@id\":\"https:\\\/\\\/tiketi.com\\\/#organization\",\"name\":\"Tiketi.com\",\"alternateName\":\"Tiketi\",\"url\":\"https:\\\/\\\/tiketi.com\\\/\",\"logo\":{\"@type\":\"ImageObject\",\"inLanguage\":\"fr-FR\",\"@id\":\"https:\\\/\\\/tiketi.com\\\/#\\\/schema\\\/logo\\\/image\\\/\",\"url\":\"https:\\\/\\\/tiketi.com\\\/wp-content\\\/uploads\\\/2019\\\/05\\\/tiketi-logo-696.png\",\"contentUrl\":\"https:\\\/\\\/tiketi.com\\\/wp-content\\\/uploads\\\/2019\\\/05\\\/tiketi-logo-696.png\",\"width\":696,\"height\":696,\"caption\":\"Tiketi.com\"},\"image\":{\"@id\":\"https:\\\/\\\/tiketi.com\\\/#\\\/schema\\\/logo\\\/image\\\/\"},\"sameAs\":[\"https:\\\/\\\/www.facebook.com\\\/TiketiCom\\\/\"]}]}<\/script>\n<!-- \/ Yoast SEO plugin. -->","yoast_head_json":{"title":"Vols pas chers de Rabat \u00e0 Marrakech - Meilleur taxi a\u00e9rien","description":"Vous cherchez des vols pas chers de Rabat \u00e0 Marrakech ? Recherchez, comparez et r\u00e9servez en ligne un billet d&#039;avion pas cher de Rabat \u00e0 Marrakech","robots":{"index":"index","follow":"follow","max-snippet":"max-snippet:-1","max-image-preview":"max-image-preview:large","max-video-preview":"max-video-preview:-1"},"canonical":"https:\/\/tiketi.com\/fr-fr\/flights-rabat-marrakech-rba-rak\/","og_locale":"fr_FR","og_type":"article","og_title":"Cheap Flights from Rabat to Marrakech - Best Air Taxi","og_description":"Looking for cheap flights from Rabat to Marrakech ? Search, compare and book cheap airline ticket from Rabat to Marrakech online","og_url":"https:\/\/tiketi.com\/fr-fr\/flights-rabat-marrakech-rba-rak\/","og_site_name":"Tiketi.com","article_publisher":"https:\/\/www.facebook.com\/TiketiCom\/","article_modified_time":"2022-02-09T16:15:38+00:00","og_image":[{"width":1200,"height":202,"url":"https:\/\/tiketi.com\/wp-content\/uploads\/2022\/02\/marrakech-jemaa-el-fna-squa.jpg","type":"image\/jpeg"}],"twitter_card":"summary_large_image","twitter_misc":{"Dur\u00e9e de lecture estim\u00e9e":"3 minutes"},"schema":{"@context":"https:\/\/schema.org","@graph":[{"@type":"WebPage","@id":"https:\/\/tiketi.com\/flights-rabat-marrakech-rba-rak\/","url":"https:\/\/tiketi.com\/flights-rabat-marrakech-rba-rak\/","name":"Vols pas chers de Rabat \u00e0 Marrakech - Meilleur taxi a\u00e9rien","isPartOf":{"@id":"https:\/\/tiketi.com\/#website"},"primaryImageOfPage":{"@id":"https:\/\/tiketi.com\/flights-rabat-marrakech-rba-rak\/#primaryimage"},"image":{"@id":"https:\/\/tiketi.com\/flights-rabat-marrakech-rba-rak\/#primaryimage"},"thumbnailUrl":"https:\/\/tiketi.com\/wp-content\/uploads\/2022\/02\/marrakech-jemaa-el-fna-squa.jpg","datePublished":"2022-01-19T11:55:16+00:00","dateModified":"2022-02-09T16:15:38+00:00","description":"Vous cherchez des vols pas chers de Rabat \u00e0 Marrakech ? Recherchez, comparez et r\u00e9servez en ligne un billet d&#039;avion pas cher de Rabat \u00e0 Marrakech","breadcrumb":{"@id":"https:\/\/tiketi.com\/flights-rabat-marrakech-rba-rak\/#breadcrumb"},"inLanguage":"fr-FR","potentialAction":[{"@type":"ReadAction","target":["https:\/\/tiketi.com\/flights-rabat-marrakech-rba-rak\/"]}]},{"@type":"ImageObject","inLanguage":"fr-FR","@id":"https:\/\/tiketi.com\/flights-rabat-marrakech-rba-rak\/#primaryimage","url":"https:\/\/tiketi.com\/wp-content\/uploads\/2022\/02\/marrakech-jemaa-el-fna-squa.jpg","contentUrl":"https:\/\/tiketi.com\/wp-content\/uploads\/2022\/02\/marrakech-jemaa-el-fna-squa.jpg","width":1200,"height":202,"caption":"air taxi in Marrakech"},{"@type":"BreadcrumbList","@id":"https:\/\/tiketi.com\/flights-rabat-marrakech-rba-rak\/#breadcrumb","itemListElement":[{"@type":"ListItem","position":1,"name":"Home","item":"https:\/\/tiketi.com\/"},{"@type":"ListItem","position":2,"name":"Cheap Flights from Rabat to Marrakech &#8211; Best Air Taxi"}]},{"@type":"WebSite","@id":"https:\/\/tiketi.com\/#website","url":"https:\/\/tiketi.com\/","name":"Billets d&#039;avion et de bus, forfaits touristiques et activit\u00e9s - Tiketi.com","description":"Billets d&#039;avion et de bus, Tours, Activit\u00e9s","publisher":{"@id":"https:\/\/tiketi.com\/#organization"},"potentialAction":[{"@type":"SearchAction","target":{"@type":"EntryPoint","urlTemplate":"https:\/\/tiketi.com\/?s={search_term_string}"},"query-input":{"@type":"PropertyValueSpecification","valueRequired":true,"valueName":"search_term_string"}}],"inLanguage":"fr-FR"},{"@type":"Organization","@id":"https:\/\/tiketi.com\/#organization","name":"Tiketi.com","alternateName":"Tiketi","url":"https:\/\/tiketi.com\/","logo":{"@type":"ImageObject","inLanguage":"fr-FR","@id":"https:\/\/tiketi.com\/#\/schema\/logo\/image\/","url":"https:\/\/tiketi.com\/wp-content\/uploads\/2019\/05\/tiketi-logo-696.png","contentUrl":"https:\/\/tiketi.com\/wp-content\/uploads\/2019\/05\/tiketi-logo-696.png","width":696,"height":696,"caption":"Tiketi.com"},"image":{"@id":"https:\/\/tiketi.com\/#\/schema\/logo\/image\/"},"sameAs":["https:\/\/www.facebook.com\/TiketiCom\/"]}]}},"_links":{"self":[{"href":"https:\/\/tiketi.com\/fr-fr\/wp-json\/wp\/v2\/pages\/11831","targetHints":{"allow":["GET"]}}],"collection":[{"href":"https:\/\/tiketi.com\/fr-fr\/wp-json\/wp\/v2\/pages"}],"about":[{"href":"https:\/\/tiketi.com\/fr-fr\/wp-json\/wp\/v2\/types\/page"}],"author":[{"embeddable":true,"href":"https:\/\/tiketi.com\/fr-fr\/wp-json\/wp\/v2\/users\/1"}],"replies":[{"embeddable":true,"href":"https:\/\/tiketi.com\/fr-fr\/wp-json\/wp\/v2\/comments?post=11831"}],"version-history":[{"count":0,"href":"https:\/\/tiketi.com\/fr-fr\/wp-json\/wp\/v2\/pages\/11831\/revisions"}],"wp:featuredmedia":[{"embeddable":true,"href":"https:\/\/tiketi.com\/fr-fr\/wp-json\/wp\/v2\/media\/18053"}],"wp:attachment":[{"href":"https:\/\/tiketi.com\/fr-fr\/wp-json\/wp\/v2\/media?parent=11831"}],"curies":[{"name":"wp","href":"https:\/\/api.w.org\/{rel}","templated":true}]}}