{"id":11832,"date":"2022-01-19T12:55:16","date_gmt":"2022-01-19T11:55:16","guid":{"rendered":"https:\/\/new.tiketi.com\/cheap-flights-from-rabat-to-casablanca-best-air-taxi\/"},"modified":"2022-02-09T17:11:19","modified_gmt":"2022-02-09T16:11:19","slug":"flights-rabat-casablanca-rba-cma","status":"publish","type":"page","link":"https:\/\/tiketi.com\/fr-fr\/flights-rabat-casablanca-rba-cma\/","title":{"rendered":"Vols pas chers de Rabat \u00e0 Casablanca \u2013 Meilleur taxi a\u00e9rien"},"content":{"rendered":"<h2>Vous recherchez un billet d&#039;avion pas cher Rabat - Casablanca ou des offres de derni\u00e8re minute ?<\/h2>\n<h3>Recherchez, comparez et r\u00e9servez un billet d&#039;avion pas cher entre Rabat (RBA) et Casablanca (CMN)<span style=\"font-size: 16px;\">\u00a0<\/span>maintenant en ligne.<\/h3>\n<p>R\u00e9servez en ligne des vols \u00e0 bas prix de Rabat \u00e0 Casablanca et \u00e9conomisez de l&#039;argent sur les billets d&#039;avion. Casablanca est l&#039;entr\u00e9e principale du Maroc, car elle abrite le principal a\u00e9roport international. Cette ville \u00e9tonnante est le moteur des affaires et le centre industriel du Maroc, avec un nouveau fanfaron qui est invisible dans d&#039;autres parties du pays. Alors trouvez et comparez les billets d&#039;avion de Rabat (RBA) \u00e0 Casablanca (CMN) et r\u00e9servez d\u00e8s maintenant en ligne des offres exceptionnelles sur des taxis a\u00e9riens pas chers de Rabat \u00e0 Casablanca. Comparez les prix et obtenez les meilleurs tarifs sur les billets d&#039;avion de Rabat \u00e0 Casablanca gr\u00e2ce \u00e0 des offres exceptionnelles sur la r\u00e9servation de billets en ligne de vols Rabat \u00e0 Casablanca.<\/p>\n<h2>Voici quelques-unes des meilleures attractions \u00e0 voir \u00e0 Casablanca<\/h2>\n<h3>Mosqu\u00e9e Hassan II<\/h3>\n<p>\u00c9tant la plus grande mosqu\u00e9e de tout le Maroc, la mosqu\u00e9e Hassan II est une v\u00e9ritable merveille \u00e0 regarder. Magnifiquement construit montrant l&#039;importance m\u00eame de l&#039;architecture marocaine, ce monument attire des millions de visiteurs de toute la plan\u00e8te.<\/p>\n<h3>Place Mohamed V<\/h3>\n<p>C\u00e9l\u00e8bre pour ses incroyables services de luxe et de d\u00e9tente, la Place Mohammed V se situe dans la moiti\u00e9 moderne de la ville. Il s&#039;agit de l&#039;attraction la plus \u00e9tonnante de la partie moderne de la ville avec de nombreux lieux photographiques, dont les charmantes fontaines.<\/p>\n<h3>La M\u00e9dina<\/h3>\n<p>Toujours encombr\u00e9e par l&#039;agitation quotidienne du mode de vie tr\u00e8s ancien, la m\u00e9dina ne semble jamais d\u00e9cevoir personne. Fournissant le chemin vers la grande mosqu\u00e9e et permettant de fl\u00e2ner sur le bord de mer, ce vieux port de Casablanca est tr\u00e8s appr\u00e9ci\u00e9 de tous les visiteurs.<\/p>\n<h3>Corniche<\/h3>\n<p>La corniche est la zone en bord de mer de Casablanca. Le littoral est une zone de vill\u00e9giature de luxe avec plusieurs clubs et h\u00f4tels de luxe exotiques.<\/p>\n<h2>FAQ sur les vols pas chers Rabat-Casablanca<\/h2>\n<h3>Quelle est la dur\u00e9e du vol Rabat-Casablanca ?<\/h3>\n<p>Le temps de vol de Rabat \u00e0 Casablanca est d&#039;environ cinquante minutes.<\/p>\n<h3>Quels sont les principaux a\u00e9roports de Casablanca ?<\/h3>\n<p>Les vols Rabat-Casablanca atterrissent \u00e0 l&#039;a\u00e9roport international Mohammed V de Casablanca. Aussi connu sous le nom de Nouasseur, c&#039;est le grand a\u00e9roport de la ville et le grand a\u00e9roport d&#039;affaires du Maroc. Il dispose de 3 terminaux avec la majorit\u00e9 des vols internationaux op\u00e9rant actuellement \u00e0 partir du Terminal 2.<\/p>\n<h3>Quelles compagnies a\u00e9riennes proposent des billets d&#039;avion pas chers de Rabat vers Casablanca ?<\/h3>\n<p>Un grand nombre de compagnies a\u00e9riennes proposent des billets d&#039;avion de Rabat \u00e0 Casablanca, notamment : Jetairfly, Royal Air Maroc et Air Arabic Maroc.<\/p>\n<h3>Comment se d\u00e9placer \u00e0 Casablanca ?<\/h3>\n<p>L&#039;acc\u00e8s entre le centre-ville de Casablanca et l&#039;a\u00e9roport est possible par l&#039;autoroute jusqu&#039;\u00e0 Marrakech. Si vous venez de Rabat, vous pouvez \u00e9galement prendre l&#039;autoroute jusqu&#039;\u00e0 Marrakech. Si vous venez de Marrakech, prenez l&#039;autoroute Casablanca-Rabat. La sortie de l&#039;a\u00e9roport est signalis\u00e9e et un parking est accessible aux deux terminaux. Les passagers peuvent prendre le train depuis la gare situ\u00e9e sous le Terminal 1, qui traverse les gares de Casa Port, Ain Sebaa, Oasis et Casa Voyageurs.<\/p>\n<h2>Conseils pour un taxi a\u00e9rien pas cher de Rabat \u00e0 Casablanca<\/h2>\n<p>\u2022 Le vol taxi a\u00e9rien de Rabat \u00e0 Casablanca est \u00e0 100 km de Rabat.<\/p>\n<p>\u2022 Paris, France \u2013 L&#039;a\u00e9roport Charles De Gaulle est le lien le plus c\u00e9l\u00e8bre pour les vols \u00e0 escale entre Rabat et Casablanca.<\/p>","protected":false},"excerpt":{"rendered":"<p>Looking for cheap airline ticket from Rabat to Casablanca\u00a0or last minute deals? Search, compare and book cheap airline ticket from Rabat (RBA) to Casablanca (CMN)\u00a0online now. Book cheap flights from Rabat to Casablanca online and save money on airfare. Casablanca is the main entrance to Morocco, as it is home to the primary international airport. [&hellip;]<\/p>\n","protected":false},"author":1,"featured_media":16343,"parent":0,"menu_order":0,"comment_status":"open","ping_status":"closed","template":"template-home-modern.php","meta":{"footnotes":""},"class_list":["post-11832","page","type-page","status-publish","has-post-thumbnail","hentry"],"yoast_head":"<!-- This site is optimized with the Yoast SEO plugin v27.2 - https:\/\/yoast.com\/product\/yoast-seo-wordpress\/ -->\n<title>Cheap Flights from Rabat to Casablanca - Best Air Taxi<\/title>\n<meta name=\"description\" content=\"Looking for cheap flights from Rabat to Casablanca? Search, compare and book cheap airline ticket from Rabat to Casablanca online\" \/>\n<meta name=\"robots\" content=\"index, follow, max-snippet:-1, max-image-preview:large, max-video-preview:-1\" \/>\n<link rel=\"canonical\" href=\"https:\/\/tiketi.com\/fr-fr\/flights-rabat-casablanca-rba-cma\/\" \/>\n<meta property=\"og:locale\" content=\"fr_FR\" \/>\n<meta property=\"og:type\" content=\"article\" \/>\n<meta property=\"og:title\" content=\"Cheap Flights from Rabat to Casablanca - Best Air Taxi\" \/>\n<meta property=\"og:description\" content=\"Looking for cheap flights from Rabat to Casablanca? Search, compare and book cheap airline ticket from Rabat to Casablanca online\" \/>\n<meta property=\"og:url\" content=\"https:\/\/tiketi.com\/fr-fr\/flights-rabat-casablanca-rba-cma\/\" \/>\n<meta property=\"og:site_name\" content=\"Tiketi.com\" \/>\n<meta property=\"article:publisher\" content=\"https:\/\/www.facebook.com\/TiketiCom\/\" \/>\n<meta property=\"article:modified_time\" content=\"2022-02-09T16:11:19+00:00\" \/>\n<meta property=\"og:image\" content=\"https:\/\/tiketi.com\/wp-content\/uploads\/2022\/02\/casablanca-mosque-4215662_1.jpg\" \/>\n\t<meta property=\"og:image:width\" content=\"1200\" \/>\n\t<meta property=\"og:image:height\" content=\"201\" \/>\n\t<meta property=\"og:image:type\" content=\"image\/jpeg\" \/>\n<meta name=\"twitter:card\" content=\"summary_large_image\" \/>\n<meta name=\"twitter:label1\" content=\"Dur\u00e9e de lecture estim\u00e9e\" \/>\n\t<meta name=\"twitter:data1\" content=\"3 minutes\" \/>\n<script type=\"application\/ld+json\" class=\"yoast-schema-graph\">{\"@context\":\"https:\/\/schema.org\",\"@graph\":[{\"@type\":\"WebPage\",\"@id\":\"https:\/\/tiketi.com\/flights-rabat-casablanca-rba-cma\/\",\"url\":\"https:\/\/tiketi.com\/flights-rabat-casablanca-rba-cma\/\",\"name\":\"Cheap Flights from Rabat to Casablanca - Best Air Taxi\",\"isPartOf\":{\"@id\":\"https:\/\/tiketi.com\/#website\"},\"primaryImageOfPage\":{\"@id\":\"https:\/\/tiketi.com\/flights-rabat-casablanca-rba-cma\/#primaryimage\"},\"image\":{\"@id\":\"https:\/\/tiketi.com\/flights-rabat-casablanca-rba-cma\/#primaryimage\"},\"thumbnailUrl\":\"https:\/\/tiketi.com\/wp-content\/uploads\/2022\/02\/casablanca-mosque-4215662_1.jpg\",\"datePublished\":\"2022-01-19T11:55:16+00:00\",\"dateModified\":\"2022-02-09T16:11:19+00:00\",\"description\":\"Looking for cheap flights from Rabat to Casablanca? Search, compare and book cheap airline ticket from Rabat to Casablanca online\",\"breadcrumb\":{\"@id\":\"https:\/\/tiketi.com\/flights-rabat-casablanca-rba-cma\/#breadcrumb\"},\"inLanguage\":\"fr-FR\",\"potentialAction\":[{\"@type\":\"ReadAction\",\"target\":[\"https:\/\/tiketi.com\/flights-rabat-casablanca-rba-cma\/\"]}]},{\"@type\":\"ImageObject\",\"inLanguage\":\"fr-FR\",\"@id\":\"https:\/\/tiketi.com\/flights-rabat-casablanca-rba-cma\/#primaryimage\",\"url\":\"https:\/\/tiketi.com\/wp-content\/uploads\/2022\/02\/casablanca-mosque-4215662_1.jpg\",\"contentUrl\":\"https:\/\/tiketi.com\/wp-content\/uploads\/2022\/02\/casablanca-mosque-4215662_1.jpg\",\"width\":1200,\"height\":201},{\"@type\":\"BreadcrumbList\",\"@id\":\"https:\/\/tiketi.com\/flights-rabat-casablanca-rba-cma\/#breadcrumb\",\"itemListElement\":[{\"@type\":\"ListItem\",\"position\":1,\"name\":\"Home\",\"item\":\"https:\/\/tiketi.com\/\"},{\"@type\":\"ListItem\",\"position\":2,\"name\":\"Cheap Flights from Rabat to Casablanca &#8211; Best Air Taxi\"}]},{\"@type\":\"WebSite\",\"@id\":\"https:\/\/tiketi.com\/#website\",\"url\":\"https:\/\/tiketi.com\/\",\"name\":\"Flight & Bus Tickets, Tour Packages & Activitites - Tiketi.com\",\"description\":\"Flight &amp; Bus Tickets, Tours, Activitites\",\"publisher\":{\"@id\":\"https:\/\/tiketi.com\/#organization\"},\"potentialAction\":[{\"@type\":\"SearchAction\",\"target\":{\"@type\":\"EntryPoint\",\"urlTemplate\":\"https:\/\/tiketi.com\/?s={search_term_string}\"},\"query-input\":{\"@type\":\"PropertyValueSpecification\",\"valueRequired\":true,\"valueName\":\"search_term_string\"}}],\"inLanguage\":\"fr-FR\"},{\"@type\":\"Organization\",\"@id\":\"https:\/\/tiketi.com\/#organization\",\"name\":\"Tiketi.com\",\"alternateName\":\"Tiketi\",\"url\":\"https:\/\/tiketi.com\/\",\"logo\":{\"@type\":\"ImageObject\",\"inLanguage\":\"fr-FR\",\"@id\":\"https:\/\/tiketi.com\/#\/schema\/logo\/image\/\",\"url\":\"https:\/\/tiketi.com\/wp-content\/uploads\/2019\/05\/tiketi-logo-696.png\",\"contentUrl\":\"https:\/\/tiketi.com\/wp-content\/uploads\/2019\/05\/tiketi-logo-696.png\",\"width\":696,\"height\":696,\"caption\":\"Tiketi.com\"},\"image\":{\"@id\":\"https:\/\/tiketi.com\/#\/schema\/logo\/image\/\"},\"sameAs\":[\"https:\/\/www.facebook.com\/TiketiCom\/\"]}]}<\/script>\n<!-- \/ Yoast SEO plugin. -->","yoast_head_json":{"title":"Vols pas chers de Rabat \u00e0 Casablanca - Meilleurs taxis a\u00e9riens","description":"Vous cherchez des vols \u00e0 bas prix de Rabat vers Casablanca ? Recherchez, comparez et r\u00e9servez en ligne un billet d&#039;avion pas cher de Rabat \u00e0 Casablanca","robots":{"index":"index","follow":"follow","max-snippet":"max-snippet:-1","max-image-preview":"max-image-preview:large","max-video-preview":"max-video-preview:-1"},"canonical":"https:\/\/tiketi.com\/fr-fr\/flights-rabat-casablanca-rba-cma\/","og_locale":"fr_FR","og_type":"article","og_title":"Cheap Flights from Rabat to Casablanca - Best Air Taxi","og_description":"Looking for cheap flights from Rabat to Casablanca? Search, compare and book cheap airline ticket from Rabat to Casablanca online","og_url":"https:\/\/tiketi.com\/fr-fr\/flights-rabat-casablanca-rba-cma\/","og_site_name":"Tiketi.com","article_publisher":"https:\/\/www.facebook.com\/TiketiCom\/","article_modified_time":"2022-02-09T16:11:19+00:00","og_image":[{"width":1200,"height":201,"url":"https:\/\/tiketi.com\/wp-content\/uploads\/2022\/02\/casablanca-mosque-4215662_1.jpg","type":"image\/jpeg"}],"twitter_card":"summary_large_image","twitter_misc":{"Dur\u00e9e de lecture estim\u00e9e":"3 minutes"},"schema":{"@context":"https:\/\/schema.org","@graph":[{"@type":"WebPage","@id":"https:\/\/tiketi.com\/flights-rabat-casablanca-rba-cma\/","url":"https:\/\/tiketi.com\/flights-rabat-casablanca-rba-cma\/","name":"Vols pas chers de Rabat \u00e0 Casablanca - Meilleurs taxis a\u00e9riens","isPartOf":{"@id":"https:\/\/tiketi.com\/#website"},"primaryImageOfPage":{"@id":"https:\/\/tiketi.com\/flights-rabat-casablanca-rba-cma\/#primaryimage"},"image":{"@id":"https:\/\/tiketi.com\/flights-rabat-casablanca-rba-cma\/#primaryimage"},"thumbnailUrl":"https:\/\/tiketi.com\/wp-content\/uploads\/2022\/02\/casablanca-mosque-4215662_1.jpg","datePublished":"2022-01-19T11:55:16+00:00","dateModified":"2022-02-09T16:11:19+00:00","description":"Vous cherchez des vols \u00e0 bas prix de Rabat vers Casablanca ? Recherchez, comparez et r\u00e9servez en ligne un billet d&#039;avion pas cher de Rabat \u00e0 Casablanca","breadcrumb":{"@id":"https:\/\/tiketi.com\/flights-rabat-casablanca-rba-cma\/#breadcrumb"},"inLanguage":"fr-FR","potentialAction":[{"@type":"ReadAction","target":["https:\/\/tiketi.com\/flights-rabat-casablanca-rba-cma\/"]}]},{"@type":"ImageObject","inLanguage":"fr-FR","@id":"https:\/\/tiketi.com\/flights-rabat-casablanca-rba-cma\/#primaryimage","url":"https:\/\/tiketi.com\/wp-content\/uploads\/2022\/02\/casablanca-mosque-4215662_1.jpg","contentUrl":"https:\/\/tiketi.com\/wp-content\/uploads\/2022\/02\/casablanca-mosque-4215662_1.jpg","width":1200,"height":201},{"@type":"BreadcrumbList","@id":"https:\/\/tiketi.com\/flights-rabat-casablanca-rba-cma\/#breadcrumb","itemListElement":[{"@type":"ListItem","position":1,"name":"Home","item":"https:\/\/tiketi.com\/"},{"@type":"ListItem","position":2,"name":"Cheap Flights from Rabat to Casablanca &#8211; Best Air Taxi"}]},{"@type":"WebSite","@id":"https:\/\/tiketi.com\/#website","url":"https:\/\/tiketi.com\/","name":"Billets d&#039;avion et de bus, forfaits touristiques et activit\u00e9s - Tiketi.com","description":"Billets d&#039;avion et de bus, Tours, Activit\u00e9s","publisher":{"@id":"https:\/\/tiketi.com\/#organization"},"potentialAction":[{"@type":"SearchAction","target":{"@type":"EntryPoint","urlTemplate":"https:\/\/tiketi.com\/?s={search_term_string}"},"query-input":{"@type":"PropertyValueSpecification","valueRequired":true,"valueName":"search_term_string"}}],"inLanguage":"fr-FR"},{"@type":"Organization","@id":"https:\/\/tiketi.com\/#organization","name":"Tiketi.com","alternateName":"Tiketi","url":"https:\/\/tiketi.com\/","logo":{"@type":"ImageObject","inLanguage":"fr-FR","@id":"https:\/\/tiketi.com\/#\/schema\/logo\/image\/","url":"https:\/\/tiketi.com\/wp-content\/uploads\/2019\/05\/tiketi-logo-696.png","contentUrl":"https:\/\/tiketi.com\/wp-content\/uploads\/2019\/05\/tiketi-logo-696.png","width":696,"height":696,"caption":"Tiketi.com"},"image":{"@id":"https:\/\/tiketi.com\/#\/schema\/logo\/image\/"},"sameAs":["https:\/\/www.facebook.com\/TiketiCom\/"]}]}},"_links":{"self":[{"href":"https:\/\/tiketi.com\/fr-fr\/wp-json\/wp\/v2\/pages\/11832","targetHints":{"allow":["GET"]}}],"collection":[{"href":"https:\/\/tiketi.com\/fr-fr\/wp-json\/wp\/v2\/pages"}],"about":[{"href":"https:\/\/tiketi.com\/fr-fr\/wp-json\/wp\/v2\/types\/page"}],"author":[{"embeddable":true,"href":"https:\/\/tiketi.com\/fr-fr\/wp-json\/wp\/v2\/users\/1"}],"replies":[{"embeddable":true,"href":"https:\/\/tiketi.com\/fr-fr\/wp-json\/wp\/v2\/comments?post=11832"}],"version-history":[{"count":0,"href":"https:\/\/tiketi.com\/fr-fr\/wp-json\/wp\/v2\/pages\/11832\/revisions"}],"wp:featuredmedia":[{"embeddable":true,"href":"https:\/\/tiketi.com\/fr-fr\/wp-json\/wp\/v2\/media\/16343"}],"wp:attachment":[{"href":"https:\/\/tiketi.com\/fr-fr\/wp-json\/wp\/v2\/media?parent=11832"}],"curies":[{"name":"wp","href":"https:\/\/api.w.org\/{rel}","templated":true}]}}