{"id":11834,"date":"2022-01-19T12:55:16","date_gmt":"2022-01-19T11:55:16","guid":{"rendered":"https:\/\/new.tiketi.com\/cheap-flights-from-nairobi-to-port-louis\/"},"modified":"2022-02-09T15:10:23","modified_gmt":"2022-02-09T14:10:23","slug":"flights-nairobi-port-kouis-nbo-mru","status":"publish","type":"page","link":"https:\/\/tiketi.com\/fr-fr\/flights-nairobi-port-kouis-nbo-mru\/","title":{"rendered":"Vols \u00e0 bas prix de Nairobi \u00e0 Port-Louis"},"content":{"rendered":"<h2>Vous recherchez un billet d&#039;avion pas cher Nairobi - Port Louis ou des offres de derni\u00e8re minute ?<\/h2>\n<h3>Recherchez, comparez et r\u00e9servez un billet d&#039;avion pas cher entre Nairobi (NBO) et Port Louis, Maurice (MRU)<span style=\"font-size: 16px;\">\u00a0<\/span>maintenant en ligne.<\/h3>\n<p>R\u00e9servez en ligne des vols \u00e0 bas prix de Nairobi \u00e0 Port-Louis et \u00e9conomisez de l&#039;argent sur les billets d&#039;avion. Si vous vous demandez quel est le meilleur endroit pour en apprendre davantage sur la culture et l&#039;histoire mauricienne, ce doit \u00eatre Port Louis, la capitale de l&#039;\u00eele Maurice. Situ\u00e9 dans la zone nord-ouest du port int\u00e9rieur, Louis est le plus petit des neuf districts int\u00e9rieurs et certainement la ville la plus chaude de Maurice. Comparez les prix et obtenez les meilleurs tarifs sur les billets d&#039;avion de Nairobi \u00e0 Port Louis gr\u00e2ce \u00e0 des offres exceptionnelles sur la r\u00e9servation de billets en ligne de vols Nairobi \u00e0 Port Louis.<\/p>\n<h2>Voici quelques-unes des meilleures attractions d&#039;Arusha<\/h2>\n<h3>Caudan<\/h3>\n<p>La plupart des visiteurs pr\u00e9f\u00e8rent commencer leur visite de la ville par Caudan Waterfront. En plus d&#039;avoir l&#039;un des parkings les plus s\u00fbrs de la ville, Caudan s&#039;ouvre sur l&#039;oc\u00e9an d&#039;un seul c\u00f4t\u00e9 et est justement plac\u00e9 pour les prochaines attractions de la ville.<\/p>\n<p>Caudan est un point de d\u00e9part incroyable pour d\u00e9couvrir Port Louis, mais on pourrait simplement y passer une journ\u00e9e compl\u00e8te avec les nombreuses installations, cin\u00e9mas, boutiques de luxe et tripot. Commerces en tous genres, restaurants et caf\u00e9s, cin\u00e9mas, salles de jeux, animations musicales, il y a de tout pour s&#039;amuser.<\/p>\n<h3>La Place d&#039;Armes<\/h3>\n<p>La ville de Port Louis a \u00e9t\u00e9 d\u00e9couverte en 1735 par Fran\u00e7ois Mah\u00e9 de Labourdonnais. Aujourd&#039;hui encore la statue du gouverneur fran\u00e7ais tr\u00f4ne sur la Place d&#039;Armes plac\u00e9e juste en face du port. Lieu historique mais aussi extr\u00eamement fr\u00e9quent\u00e9 car les routes qui le traversent relient le nord et le sud du centre-ville.<\/p>\n<h2>FAQ sur les vols pas chers de Nairobi \u00e0 Port Louis, \u00cele Maurice<\/h2>\n<h3>Combien de temps dure le vol Nairobi-Port Louis ?<\/h3>\n<p>Vous pouvez deviner un temps de vol Nairobi-Port Louis allant jusqu&#039;\u00e0 cinq heures en vol direct. Les compagnies a\u00e9riennes parcourront une distance de 1 928 kilom\u00e8tres.<\/p>\n<h3>Quelles compagnies a\u00e9riennes volent de Nairobi \u00e0 Port-Louis ?<\/h3>\n<p>Il n&#039;y a actuellement aucune compagnie a\u00e9rienne proposant des vols directs pas chers de Nairobi \u00e0 Port-Louis.<\/p>\n<h3>Combien de vols de Nairobi \u00e0 Port Louis partent en moyenne par jour ?<\/h3>\n<p>Onze vols partent de Nairobi vers Port Louis en moyenne par jour.<\/p>\n<p>\u2022 Apr\u00e8s-midi\u00a0: 73\u00a0% des d\u00e9parts de vols<\/p>\n<p>\u2022 Soir - vingt-sept d\u00e9parts de vol<\/p>\n<h3>Quelles sont les compagnies a\u00e9riennes Nairobi les plus c\u00e9l\u00e8bres pour les vols directs Nairobi - Port Louis les moins chers ?<\/h3>\n<p>Kenya Airways propose soixante-dix-sept pour cent des vols sans escale entre Nairobi et Port Louis.<\/p>\n<h3>Quel est le meilleur jour pour r\u00e9server un billet d&#039;avion de Nairobi \u00e0 Port Louis ?<\/h3>\n<p>\u2022 Le jour le moins cher pour r\u00e9server un billet d&#039;avion de Nairobi \u00e0 Port Louis et voler de Nairobi \u00e0 Port Louis est le mardi.<\/p>\n<h2>Conseils pour les vols de Nairobi \u00e0 Port Louis<\/h2>\n<p>\u2022 La dur\u00e9e moyenne d&#039;un vol Nairobi-Port Louis est de cinq heures maximum.<\/p>\n<p>\u2022 Nairobi est desservie par un a\u00e9roport, l&#039;a\u00e9roport international de Nairobi Jomo Kenyatta.<\/p>\n<p>\u2022 Port Louis est desservie par un a\u00e9roport Port Louis Sir Seewoosagur Ramgoolam Airport (MRU).<\/p>","protected":false},"excerpt":{"rendered":"<p>Looking for cheap airline ticket from Nairobi to Port Louis\u00a0or last minute deals? Search, compare and book cheap airline ticket from Nairobi (NBO) to Port Louis, Mauritius (MRU)\u00a0online now. Book cheap flights from Nairobi to Port Louis online and save money on airfare. If you are wondering what is the excellent place to learn about [&hellip;]<\/p>\n","protected":false},"author":1,"featured_media":14041,"parent":0,"menu_order":0,"comment_status":"open","ping_status":"closed","template":"template-home-modern.php","meta":{"footnotes":""},"class_list":["post-11834","page","type-page","status-publish","has-post-thumbnail","hentry"],"yoast_head":"<!-- This site is optimized with the Yoast SEO plugin v27.2 - https:\/\/yoast.com\/product\/yoast-seo-wordpress\/ -->\n<title>Cheap Flights from Nairobi to Port Louis<\/title>\n<meta name=\"description\" content=\"Looking for cheap flights from\u00a0Nairobi to Port Louis? Search, compare and book cheap airline ticket from Nairobi to Port Louis online\" \/>\n<meta name=\"robots\" content=\"index, follow, max-snippet:-1, max-image-preview:large, max-video-preview:-1\" \/>\n<link rel=\"canonical\" href=\"https:\/\/tiketi.com\/fr-fr\/flights-nairobi-port-kouis-nbo-mru\/\" \/>\n<meta property=\"og:locale\" content=\"fr_FR\" \/>\n<meta property=\"og:type\" content=\"article\" \/>\n<meta property=\"og:title\" content=\"Cheap Flights from Nairobi to Port Louis\" \/>\n<meta property=\"og:description\" content=\"Looking for cheap flights from\u00a0Nairobi to Port Louis? Search, compare and book cheap airline ticket from Nairobi to Port Louis online\" \/>\n<meta property=\"og:url\" content=\"https:\/\/tiketi.com\/fr-fr\/flights-nairobi-port-kouis-nbo-mru\/\" \/>\n<meta property=\"og:site_name\" content=\"Tiketi.com\" \/>\n<meta property=\"article:publisher\" content=\"https:\/\/www.facebook.com\/TiketiCom\/\" \/>\n<meta property=\"article:modified_time\" content=\"2022-02-09T14:10:23+00:00\" \/>\n<meta property=\"og:image\" content=\"https:\/\/tiketi.com\/wp-content\/uploads\/2022\/01\/flight-ticket-booking-sorasak-KxCJXXGsv9I-unsplas.jpg\" \/>\n\t<meta property=\"og:image:width\" content=\"1200\" \/>\n\t<meta property=\"og:image:height\" content=\"240\" \/>\n\t<meta property=\"og:image:type\" content=\"image\/jpeg\" \/>\n<meta name=\"twitter:card\" content=\"summary_large_image\" \/>\n<meta name=\"twitter:label1\" content=\"Dur\u00e9e de lecture estim\u00e9e\" \/>\n\t<meta name=\"twitter:data1\" content=\"3 minutes\" \/>\n<script type=\"application\/ld+json\" class=\"yoast-schema-graph\">{\"@context\":\"https:\/\/schema.org\",\"@graph\":[{\"@type\":\"WebPage\",\"@id\":\"https:\/\/tiketi.com\/sw\/flights-nairobi-port-kouis-nbo-mru\/\",\"url\":\"https:\/\/tiketi.com\/sw\/flights-nairobi-port-kouis-nbo-mru\/\",\"name\":\"Cheap Flights from Nairobi to Port Louis\",\"isPartOf\":{\"@id\":\"https:\/\/tiketi.com\/#website\"},\"primaryImageOfPage\":{\"@id\":\"https:\/\/tiketi.com\/sw\/flights-nairobi-port-kouis-nbo-mru\/#primaryimage\"},\"image\":{\"@id\":\"https:\/\/tiketi.com\/sw\/flights-nairobi-port-kouis-nbo-mru\/#primaryimage\"},\"thumbnailUrl\":\"https:\/\/tiketi.com\/wp-content\/uploads\/2022\/01\/flight-ticket-booking-sorasak-KxCJXXGsv9I-unsplas.jpg\",\"datePublished\":\"2022-01-19T11:55:16+00:00\",\"dateModified\":\"2022-02-09T14:10:23+00:00\",\"description\":\"Looking for cheap flights from\u00a0Nairobi to Port Louis? Search, compare and book cheap airline ticket from Nairobi to Port Louis online\",\"breadcrumb\":{\"@id\":\"https:\/\/tiketi.com\/sw\/flights-nairobi-port-kouis-nbo-mru\/#breadcrumb\"},\"inLanguage\":\"fr-FR\",\"potentialAction\":[{\"@type\":\"ReadAction\",\"target\":[\"https:\/\/tiketi.com\/sw\/flights-nairobi-port-kouis-nbo-mru\/\"]}]},{\"@type\":\"ImageObject\",\"inLanguage\":\"fr-FR\",\"@id\":\"https:\/\/tiketi.com\/sw\/flights-nairobi-port-kouis-nbo-mru\/#primaryimage\",\"url\":\"https:\/\/tiketi.com\/wp-content\/uploads\/2022\/01\/flight-ticket-booking-sorasak-KxCJXXGsv9I-unsplas.jpg\",\"contentUrl\":\"https:\/\/tiketi.com\/wp-content\/uploads\/2022\/01\/flight-ticket-booking-sorasak-KxCJXXGsv9I-unsplas.jpg\",\"width\":1200,\"height\":240,\"caption\":\"Online flight ticket booking\"},{\"@type\":\"BreadcrumbList\",\"@id\":\"https:\/\/tiketi.com\/sw\/flights-nairobi-port-kouis-nbo-mru\/#breadcrumb\",\"itemListElement\":[{\"@type\":\"ListItem\",\"position\":1,\"name\":\"Home\",\"item\":\"https:\/\/tiketi.com\/\"},{\"@type\":\"ListItem\",\"position\":2,\"name\":\"Cheap Flights from Nairobi to Port Louis\"}]},{\"@type\":\"WebSite\",\"@id\":\"https:\/\/tiketi.com\/#website\",\"url\":\"https:\/\/tiketi.com\/\",\"name\":\"Flight & Bus Tickets, Tour Packages & Activitites - Tiketi.com\",\"description\":\"Flight &amp; Bus Tickets, Tours, Activitites\",\"publisher\":{\"@id\":\"https:\/\/tiketi.com\/#organization\"},\"potentialAction\":[{\"@type\":\"SearchAction\",\"target\":{\"@type\":\"EntryPoint\",\"urlTemplate\":\"https:\/\/tiketi.com\/?s={search_term_string}\"},\"query-input\":{\"@type\":\"PropertyValueSpecification\",\"valueRequired\":true,\"valueName\":\"search_term_string\"}}],\"inLanguage\":\"fr-FR\"},{\"@type\":\"Organization\",\"@id\":\"https:\/\/tiketi.com\/#organization\",\"name\":\"Tiketi.com\",\"alternateName\":\"Tiketi\",\"url\":\"https:\/\/tiketi.com\/\",\"logo\":{\"@type\":\"ImageObject\",\"inLanguage\":\"fr-FR\",\"@id\":\"https:\/\/tiketi.com\/#\/schema\/logo\/image\/\",\"url\":\"https:\/\/tiketi.com\/wp-content\/uploads\/2019\/05\/tiketi-logo-696.png\",\"contentUrl\":\"https:\/\/tiketi.com\/wp-content\/uploads\/2019\/05\/tiketi-logo-696.png\",\"width\":696,\"height\":696,\"caption\":\"Tiketi.com\"},\"image\":{\"@id\":\"https:\/\/tiketi.com\/#\/schema\/logo\/image\/\"},\"sameAs\":[\"https:\/\/www.facebook.com\/TiketiCom\/\"]}]}<\/script>\n<!-- \/ Yoast SEO plugin. -->","yoast_head_json":{"title":"Vols \u00e0 bas prix de Nairobi \u00e0 Port-Louis","description":"Vous recherchez des vols \u00e0 bas prix de Nairobi vers Port-Louis ? Recherchez, comparez et r\u00e9servez en ligne un billet d&#039;avion pas cher de Nairobi \u00e0 Port Louis","robots":{"index":"index","follow":"follow","max-snippet":"max-snippet:-1","max-image-preview":"max-image-preview:large","max-video-preview":"max-video-preview:-1"},"canonical":"https:\/\/tiketi.com\/fr-fr\/flights-nairobi-port-kouis-nbo-mru\/","og_locale":"fr_FR","og_type":"article","og_title":"Cheap Flights from Nairobi to Port Louis","og_description":"Looking for cheap flights from\u00a0Nairobi to Port Louis? Search, compare and book cheap airline ticket from Nairobi to Port Louis online","og_url":"https:\/\/tiketi.com\/fr-fr\/flights-nairobi-port-kouis-nbo-mru\/","og_site_name":"Tiketi.com","article_publisher":"https:\/\/www.facebook.com\/TiketiCom\/","article_modified_time":"2022-02-09T14:10:23+00:00","og_image":[{"width":1200,"height":240,"url":"https:\/\/tiketi.com\/wp-content\/uploads\/2022\/01\/flight-ticket-booking-sorasak-KxCJXXGsv9I-unsplas.jpg","type":"image\/jpeg"}],"twitter_card":"summary_large_image","twitter_misc":{"Dur\u00e9e de lecture estim\u00e9e":"3 minutes"},"schema":{"@context":"https:\/\/schema.org","@graph":[{"@type":"WebPage","@id":"https:\/\/tiketi.com\/sw\/flights-nairobi-port-kouis-nbo-mru\/","url":"https:\/\/tiketi.com\/sw\/flights-nairobi-port-kouis-nbo-mru\/","name":"Vols \u00e0 bas prix de Nairobi \u00e0 Port-Louis","isPartOf":{"@id":"https:\/\/tiketi.com\/#website"},"primaryImageOfPage":{"@id":"https:\/\/tiketi.com\/sw\/flights-nairobi-port-kouis-nbo-mru\/#primaryimage"},"image":{"@id":"https:\/\/tiketi.com\/sw\/flights-nairobi-port-kouis-nbo-mru\/#primaryimage"},"thumbnailUrl":"https:\/\/tiketi.com\/wp-content\/uploads\/2022\/01\/flight-ticket-booking-sorasak-KxCJXXGsv9I-unsplas.jpg","datePublished":"2022-01-19T11:55:16+00:00","dateModified":"2022-02-09T14:10:23+00:00","description":"Vous recherchez des vols \u00e0 bas prix de Nairobi vers Port-Louis ? Recherchez, comparez et r\u00e9servez en ligne un billet d&#039;avion pas cher de Nairobi \u00e0 Port Louis","breadcrumb":{"@id":"https:\/\/tiketi.com\/sw\/flights-nairobi-port-kouis-nbo-mru\/#breadcrumb"},"inLanguage":"fr-FR","potentialAction":[{"@type":"ReadAction","target":["https:\/\/tiketi.com\/sw\/flights-nairobi-port-kouis-nbo-mru\/"]}]},{"@type":"ImageObject","inLanguage":"fr-FR","@id":"https:\/\/tiketi.com\/sw\/flights-nairobi-port-kouis-nbo-mru\/#primaryimage","url":"https:\/\/tiketi.com\/wp-content\/uploads\/2022\/01\/flight-ticket-booking-sorasak-KxCJXXGsv9I-unsplas.jpg","contentUrl":"https:\/\/tiketi.com\/wp-content\/uploads\/2022\/01\/flight-ticket-booking-sorasak-KxCJXXGsv9I-unsplas.jpg","width":1200,"height":240,"caption":"Online flight ticket booking"},{"@type":"BreadcrumbList","@id":"https:\/\/tiketi.com\/sw\/flights-nairobi-port-kouis-nbo-mru\/#breadcrumb","itemListElement":[{"@type":"ListItem","position":1,"name":"Home","item":"https:\/\/tiketi.com\/"},{"@type":"ListItem","position":2,"name":"Cheap Flights from Nairobi to Port Louis"}]},{"@type":"WebSite","@id":"https:\/\/tiketi.com\/#website","url":"https:\/\/tiketi.com\/","name":"Billets d&#039;avion et de bus, forfaits touristiques et activit\u00e9s - Tiketi.com","description":"Billets d&#039;avion et de bus, Tours, Activit\u00e9s","publisher":{"@id":"https:\/\/tiketi.com\/#organization"},"potentialAction":[{"@type":"SearchAction","target":{"@type":"EntryPoint","urlTemplate":"https:\/\/tiketi.com\/?s={search_term_string}"},"query-input":{"@type":"PropertyValueSpecification","valueRequired":true,"valueName":"search_term_string"}}],"inLanguage":"fr-FR"},{"@type":"Organization","@id":"https:\/\/tiketi.com\/#organization","name":"Tiketi.com","alternateName":"Tiketi","url":"https:\/\/tiketi.com\/","logo":{"@type":"ImageObject","inLanguage":"fr-FR","@id":"https:\/\/tiketi.com\/#\/schema\/logo\/image\/","url":"https:\/\/tiketi.com\/wp-content\/uploads\/2019\/05\/tiketi-logo-696.png","contentUrl":"https:\/\/tiketi.com\/wp-content\/uploads\/2019\/05\/tiketi-logo-696.png","width":696,"height":696,"caption":"Tiketi.com"},"image":{"@id":"https:\/\/tiketi.com\/#\/schema\/logo\/image\/"},"sameAs":["https:\/\/www.facebook.com\/TiketiCom\/"]}]}},"_links":{"self":[{"href":"https:\/\/tiketi.com\/fr-fr\/wp-json\/wp\/v2\/pages\/11834","targetHints":{"allow":["GET"]}}],"collection":[{"href":"https:\/\/tiketi.com\/fr-fr\/wp-json\/wp\/v2\/pages"}],"about":[{"href":"https:\/\/tiketi.com\/fr-fr\/wp-json\/wp\/v2\/types\/page"}],"author":[{"embeddable":true,"href":"https:\/\/tiketi.com\/fr-fr\/wp-json\/wp\/v2\/users\/1"}],"replies":[{"embeddable":true,"href":"https:\/\/tiketi.com\/fr-fr\/wp-json\/wp\/v2\/comments?post=11834"}],"version-history":[{"count":0,"href":"https:\/\/tiketi.com\/fr-fr\/wp-json\/wp\/v2\/pages\/11834\/revisions"}],"wp:featuredmedia":[{"embeddable":true,"href":"https:\/\/tiketi.com\/fr-fr\/wp-json\/wp\/v2\/media\/14041"}],"wp:attachment":[{"href":"https:\/\/tiketi.com\/fr-fr\/wp-json\/wp\/v2\/media?parent=11834"}],"curies":[{"name":"wp","href":"https:\/\/api.w.org\/{rel}","templated":true}]}}