{"id":11835,"date":"2022-01-19T12:55:16","date_gmt":"2022-01-19T11:55:16","guid":{"rendered":"https:\/\/new.tiketi.com\/cheap-flights-from-nairobi-to-entebbe\/"},"modified":"2022-02-09T14:03:50","modified_gmt":"2022-02-09T13:03:50","slug":"flights-nairobi-entebbe-nbo-ebb","status":"publish","type":"page","link":"https:\/\/tiketi.com\/fr-fr\/flights-nairobi-entebbe-nbo-ebb\/","title":{"rendered":"Vols \u00e0 bas prix de Nairobi \u00e0 Entebbe"},"content":{"rendered":"<h2>Vous recherchez un billet d&#039;avion pas cher Nairobi - Entebbe ou des offres de derni\u00e8re minute ?<\/h2>\n<h3>Recherchez, comparez et r\u00e9servez un billet d&#039;avion pas cher entre Nairobi (NBO) et Entebbe (EBB)<span style=\"font-size: 16px;\">&nbsp;<\/span>maintenant en ligne.<\/h3>\n<p>R\u00e9servez en ligne des vols \u00e0 bas prix de Nairobi \u00e0 Entebbe et \u00e9conomisez de l&#039;argent sur les billets d&#039;avion. Entebbe est l&#039;un des endroits auxquels les Ougandais pensent lorsqu&#039;il s&#039;agit de vacances \u00e0 la plage. Outre des vues et des plages incroyables, il existe un certain nombre d&#039;activit\u00e9s qui peuvent se joindre \u00e0 Entebbe. Voici quelques-unes des meilleures attractions d&#039;Entebbe. Vous pouvez visiter Entebbe gr\u00e2ce \u00e0 des offres exceptionnelles sur les billets d&#039;avion de Nairobi \u00e0 Entebbe. Comparez les prix et obtenez les meilleurs tarifs sur les billets d&#039;avion de Nairobi \u00e0 Entebbe gr\u00e2ce \u00e0 des offres exceptionnelles sur la r\u00e9servation de billets en ligne de vols Nairobi \u00e0 Entebbe.<\/p>\n<h2>Voici quelques-unes des meilleures attractions d&#039;Entebbe<\/h2>\n<h3>Marais de Mabamba<\/h3>\n<p>Mabamba Swamp est l&#039;un des meilleurs endroits en Ouganda pour rep\u00e9rer le shoebill tr\u00e8s recherch\u00e9 dans ses habitudes naturelles. Consultez r\u00e9guli\u00e8rement les brochures touristiques et ces oiseaux extr\u00eamement rares avec leurs sp\u00e9cifications pr\u00e9historiques et leur bec jaune surdimensionn\u00e9. L&#039;observation des oiseaux ici est archiv\u00e9e principalement en cano\u00eb, o\u00f9 vous naviguerez sur des voies navigables comprenant des mar\u00e9cages de papyrus et des n\u00e9nuphars. Parmi les 260 esp\u00e8ces de la r\u00e9gion, d&#039;autres oiseaux c\u00e9l\u00e8bres incluent le busard p\u00e2le, la paruline jaune et l&#039;hirondelle bleue.<\/p>\n<h3>Parcours de golf d&#039;Entebbe<\/h3>\n<p>Ce parcours est jouable toute l&#039;ann\u00e9e. Le club dispose \u00e9galement de 2 courts de tennis, d&#039;un terrain de basket et d&#039;un terrain de cricket. Les jeux d&#039;int\u00e9rieur contiennent des fl\u00e9chettes, du badminton et du snooker. Le parcours de golf d&#039;Entebbe est consid\u00e9r\u00e9 comme l&#039;un des meilleurs parcours d&#039;Afrique de l&#039;Est, et en Ouganda, le parcours rivalise avec le parcours de Kampala pour le statut de num\u00e9ro un.<\/p>\n<h3>Centre d&#039;\u00e9ducation sur la faune sauvage de l&#039;Ouganda<\/h3>\n<p>UWEC \u00e9tait en fait appel\u00e9 le zoo install\u00e9 le long du rivage du lac Victoria \u00e0 Entebbe. Il est devenu UWEC en 1194 dans le but d&#039;am\u00e9liorer le zoo d&#039;Entebbe de l&#039;\u00e9poque et de commencer \u00e0 \u00e9duquer tous les Ougandais sur l&#039;importance de la conservation de la faune.<\/p>\n<h2>FAQ sur les vols pas chers Nairobi - Entebbe<\/h2>\n<h3>Quelle est la distance entre Entebbe et Nairobi ?<\/h3>\n<p>La distance entre les vols Nairobi et Entebbe est de 519 kilom\u00e8tres.<\/p>\n<h3>Quelle est la dur\u00e9e des vols de Nairobi \u00e0 Entebbe ?<\/h3>\n<p>La dur\u00e9e moyenne d&#039;un vol Nairobi-Entebbe est d&#039;une heure et treize minutes.<\/p>\n<h3>Dans quelle mesure les vols directs Nairobi-Entebbe sont-ils g\u00e9n\u00e9raux\u00a0?<\/h3>\n<p>Il y a soixante et un vols directs entre Nairobi et Entebbe.<\/p>\n<h3>Quelles sont les compagnies a\u00e9riennes Nairobi les plus c\u00e9l\u00e8bres pour les vols Nairobi - Entebbe ?<\/h3>\n<p>Kenya Airways propose soixante-deux pour cent des vols sans escale entre Entebbe et Nairobi.<\/p>\n<h3>Le meilleur moment pour r\u00e9server un billet d&#039;avion de Nairobi \u00e0 Entebbe<\/h3>\n<p>G\u00e9n\u00e9ralement, le meilleur moment pour r\u00e9server un billet d&#039;avion de Nairobi \u00e0 Entebbe est de 2 mois \u00e0 l&#039;avance. Et les jours les moins chers pour voler sont les mercredis, mardis et samedis.<\/p>\n<h2>Conseils pour les vols de Nairobi \u00e0 Entebbe<\/h2>\n<p>Nairobi est \u00e0 325 miles d&#039;Entebbe.<\/p>\n<p>Il y a vingt-quatre vols hebdomadaires de Nairobi \u00e0 Entebbe.<\/p>\n<p>Vingt-deux vols sans escale op\u00e8rent de Nairobi \u00e0 Entebbe.<\/p>\n<p>Kenya Airways propose le plus de vols sans escale entre Entebbe et Nairobi.<\/p>\n<p>Kenya Airways propose le plus de vols sans escale entre Entebbe et Nairobi.<\/p>\n<p>Addis-Abeba, \u00c9thiopie - Bole est le lien le plus c\u00e9l\u00e8bre pour les vols \u00e0 escale entre Entebbe et Nairobi.<\/p>","protected":false},"excerpt":{"rendered":"<p>Looking for cheap airline ticket from Nairobi to Entebbe&nbsp;or last minute deals? Search, compare and book cheap airline ticket from Nairobi (NBO) to Entebbe (EBB)&nbsp;online now. Book cheap flights from Nairobi to Entebbe online and save money on airfare. Entebbe is one of the location Ugandans think of when it comes to beach holidays. Apart [&hellip;]<\/p>\n","protected":false},"author":1,"featured_media":14041,"parent":0,"menu_order":0,"comment_status":"open","ping_status":"closed","template":"template-home-modern.php","meta":{"footnotes":""},"class_list":["post-11835","page","type-page","status-publish","has-post-thumbnail","hentry"],"yoast_head":"<!-- This site is optimized with the Yoast SEO plugin v27.2 - https:\/\/yoast.com\/product\/yoast-seo-wordpress\/ -->\n<title>Cheap Flights from Nairobi to Entebbe<\/title>\n<meta name=\"description\" content=\"Looking for cheap flights from\u00a0Nairobi to Entebbe? Search, compare and book cheap airline ticket from Nairobi to Entebbe online\" \/>\n<meta name=\"robots\" content=\"index, follow, max-snippet:-1, max-image-preview:large, max-video-preview:-1\" \/>\n<link rel=\"canonical\" href=\"https:\/\/tiketi.com\/fr-fr\/flights-nairobi-entebbe-nbo-ebb\/\" \/>\n<meta property=\"og:locale\" content=\"fr_FR\" \/>\n<meta property=\"og:type\" content=\"article\" \/>\n<meta property=\"og:title\" content=\"Cheap Flights from Nairobi to Entebbe\" \/>\n<meta property=\"og:description\" content=\"Looking for cheap flights from\u00a0Nairobi to Entebbe? Search, compare and book cheap airline ticket from Nairobi to Entebbe online\" \/>\n<meta property=\"og:url\" content=\"https:\/\/tiketi.com\/fr-fr\/flights-nairobi-entebbe-nbo-ebb\/\" \/>\n<meta property=\"og:site_name\" content=\"Tiketi.com\" \/>\n<meta property=\"article:publisher\" content=\"https:\/\/www.facebook.com\/TiketiCom\/\" \/>\n<meta property=\"article:modified_time\" content=\"2022-02-09T13:03:50+00:00\" \/>\n<meta property=\"og:image\" content=\"https:\/\/tiketi.com\/wp-content\/uploads\/2022\/01\/flight-ticket-booking-sorasak-KxCJXXGsv9I-unsplas.jpg\" \/>\n\t<meta property=\"og:image:width\" content=\"1200\" \/>\n\t<meta property=\"og:image:height\" content=\"240\" \/>\n\t<meta property=\"og:image:type\" content=\"image\/jpeg\" \/>\n<meta name=\"twitter:card\" content=\"summary_large_image\" \/>\n<meta name=\"twitter:label1\" content=\"Dur\u00e9e de lecture estim\u00e9e\" \/>\n\t<meta name=\"twitter:data1\" content=\"3 minutes\" \/>\n<script type=\"application\/ld+json\" class=\"yoast-schema-graph\">{\"@context\":\"https:\/\/schema.org\",\"@graph\":[{\"@type\":\"WebPage\",\"@id\":\"https:\/\/tiketi.com\/en-gb\/flights-nairobi-entebbe-nbo-ebb\/\",\"url\":\"https:\/\/tiketi.com\/en-gb\/flights-nairobi-entebbe-nbo-ebb\/\",\"name\":\"Cheap Flights from Nairobi to Entebbe\",\"isPartOf\":{\"@id\":\"https:\/\/tiketi.com\/#website\"},\"primaryImageOfPage\":{\"@id\":\"https:\/\/tiketi.com\/en-gb\/flights-nairobi-entebbe-nbo-ebb\/#primaryimage\"},\"image\":{\"@id\":\"https:\/\/tiketi.com\/en-gb\/flights-nairobi-entebbe-nbo-ebb\/#primaryimage\"},\"thumbnailUrl\":\"https:\/\/tiketi.com\/wp-content\/uploads\/2022\/01\/flight-ticket-booking-sorasak-KxCJXXGsv9I-unsplas.jpg\",\"datePublished\":\"2022-01-19T11:55:16+00:00\",\"dateModified\":\"2022-02-09T13:03:50+00:00\",\"description\":\"Looking for cheap flights from\u00a0Nairobi to Entebbe? Search, compare and book cheap airline ticket from Nairobi to Entebbe online\",\"breadcrumb\":{\"@id\":\"https:\/\/tiketi.com\/en-gb\/flights-nairobi-entebbe-nbo-ebb\/#breadcrumb\"},\"inLanguage\":\"fr-FR\",\"potentialAction\":[{\"@type\":\"ReadAction\",\"target\":[\"https:\/\/tiketi.com\/en-gb\/flights-nairobi-entebbe-nbo-ebb\/\"]}]},{\"@type\":\"ImageObject\",\"inLanguage\":\"fr-FR\",\"@id\":\"https:\/\/tiketi.com\/en-gb\/flights-nairobi-entebbe-nbo-ebb\/#primaryimage\",\"url\":\"https:\/\/tiketi.com\/wp-content\/uploads\/2022\/01\/flight-ticket-booking-sorasak-KxCJXXGsv9I-unsplas.jpg\",\"contentUrl\":\"https:\/\/tiketi.com\/wp-content\/uploads\/2022\/01\/flight-ticket-booking-sorasak-KxCJXXGsv9I-unsplas.jpg\",\"width\":1200,\"height\":240,\"caption\":\"Online flight ticket booking\"},{\"@type\":\"BreadcrumbList\",\"@id\":\"https:\/\/tiketi.com\/en-gb\/flights-nairobi-entebbe-nbo-ebb\/#breadcrumb\",\"itemListElement\":[{\"@type\":\"ListItem\",\"position\":1,\"name\":\"Home\",\"item\":\"https:\/\/tiketi.com\/\"},{\"@type\":\"ListItem\",\"position\":2,\"name\":\"Cheap Flights from Nairobi to Entebbe\"}]},{\"@type\":\"WebSite\",\"@id\":\"https:\/\/tiketi.com\/#website\",\"url\":\"https:\/\/tiketi.com\/\",\"name\":\"Flight & Bus Tickets, Tour Packages & Activitites - Tiketi.com\",\"description\":\"Flight &amp; Bus Tickets, Tours, Activitites\",\"publisher\":{\"@id\":\"https:\/\/tiketi.com\/#organization\"},\"potentialAction\":[{\"@type\":\"SearchAction\",\"target\":{\"@type\":\"EntryPoint\",\"urlTemplate\":\"https:\/\/tiketi.com\/?s={search_term_string}\"},\"query-input\":{\"@type\":\"PropertyValueSpecification\",\"valueRequired\":true,\"valueName\":\"search_term_string\"}}],\"inLanguage\":\"fr-FR\"},{\"@type\":\"Organization\",\"@id\":\"https:\/\/tiketi.com\/#organization\",\"name\":\"Tiketi.com\",\"alternateName\":\"Tiketi\",\"url\":\"https:\/\/tiketi.com\/\",\"logo\":{\"@type\":\"ImageObject\",\"inLanguage\":\"fr-FR\",\"@id\":\"https:\/\/tiketi.com\/#\/schema\/logo\/image\/\",\"url\":\"https:\/\/tiketi.com\/wp-content\/uploads\/2019\/05\/tiketi-logo-696.png\",\"contentUrl\":\"https:\/\/tiketi.com\/wp-content\/uploads\/2019\/05\/tiketi-logo-696.png\",\"width\":696,\"height\":696,\"caption\":\"Tiketi.com\"},\"image\":{\"@id\":\"https:\/\/tiketi.com\/#\/schema\/logo\/image\/\"},\"sameAs\":[\"https:\/\/www.facebook.com\/TiketiCom\/\"]}]}<\/script>\n<!-- \/ Yoast SEO plugin. -->","yoast_head_json":{"title":"Vols \u00e0 bas prix de Nairobi \u00e0 Entebbe","description":"Vous recherchez des vols \u00e0 bas prix de Nairobi \u00e0 Entebbe ? Recherchez, comparez et r\u00e9servez en ligne un billet d&#039;avion pas cher de Nairobi \u00e0 Entebbe","robots":{"index":"index","follow":"follow","max-snippet":"max-snippet:-1","max-image-preview":"max-image-preview:large","max-video-preview":"max-video-preview:-1"},"canonical":"https:\/\/tiketi.com\/fr-fr\/flights-nairobi-entebbe-nbo-ebb\/","og_locale":"fr_FR","og_type":"article","og_title":"Cheap Flights from Nairobi to Entebbe","og_description":"Looking for cheap flights from\u00a0Nairobi to Entebbe? Search, compare and book cheap airline ticket from Nairobi to Entebbe online","og_url":"https:\/\/tiketi.com\/fr-fr\/flights-nairobi-entebbe-nbo-ebb\/","og_site_name":"Tiketi.com","article_publisher":"https:\/\/www.facebook.com\/TiketiCom\/","article_modified_time":"2022-02-09T13:03:50+00:00","og_image":[{"width":1200,"height":240,"url":"https:\/\/tiketi.com\/wp-content\/uploads\/2022\/01\/flight-ticket-booking-sorasak-KxCJXXGsv9I-unsplas.jpg","type":"image\/jpeg"}],"twitter_card":"summary_large_image","twitter_misc":{"Dur\u00e9e de lecture estim\u00e9e":"3 minutes"},"schema":{"@context":"https:\/\/schema.org","@graph":[{"@type":"WebPage","@id":"https:\/\/tiketi.com\/en-gb\/flights-nairobi-entebbe-nbo-ebb\/","url":"https:\/\/tiketi.com\/en-gb\/flights-nairobi-entebbe-nbo-ebb\/","name":"Vols \u00e0 bas prix de Nairobi \u00e0 Entebbe","isPartOf":{"@id":"https:\/\/tiketi.com\/#website"},"primaryImageOfPage":{"@id":"https:\/\/tiketi.com\/en-gb\/flights-nairobi-entebbe-nbo-ebb\/#primaryimage"},"image":{"@id":"https:\/\/tiketi.com\/en-gb\/flights-nairobi-entebbe-nbo-ebb\/#primaryimage"},"thumbnailUrl":"https:\/\/tiketi.com\/wp-content\/uploads\/2022\/01\/flight-ticket-booking-sorasak-KxCJXXGsv9I-unsplas.jpg","datePublished":"2022-01-19T11:55:16+00:00","dateModified":"2022-02-09T13:03:50+00:00","description":"Vous recherchez des vols \u00e0 bas prix de Nairobi \u00e0 Entebbe ? Recherchez, comparez et r\u00e9servez en ligne un billet d&#039;avion pas cher de Nairobi \u00e0 Entebbe","breadcrumb":{"@id":"https:\/\/tiketi.com\/en-gb\/flights-nairobi-entebbe-nbo-ebb\/#breadcrumb"},"inLanguage":"fr-FR","potentialAction":[{"@type":"ReadAction","target":["https:\/\/tiketi.com\/en-gb\/flights-nairobi-entebbe-nbo-ebb\/"]}]},{"@type":"ImageObject","inLanguage":"fr-FR","@id":"https:\/\/tiketi.com\/en-gb\/flights-nairobi-entebbe-nbo-ebb\/#primaryimage","url":"https:\/\/tiketi.com\/wp-content\/uploads\/2022\/01\/flight-ticket-booking-sorasak-KxCJXXGsv9I-unsplas.jpg","contentUrl":"https:\/\/tiketi.com\/wp-content\/uploads\/2022\/01\/flight-ticket-booking-sorasak-KxCJXXGsv9I-unsplas.jpg","width":1200,"height":240,"caption":"Online flight ticket booking"},{"@type":"BreadcrumbList","@id":"https:\/\/tiketi.com\/en-gb\/flights-nairobi-entebbe-nbo-ebb\/#breadcrumb","itemListElement":[{"@type":"ListItem","position":1,"name":"Home","item":"https:\/\/tiketi.com\/"},{"@type":"ListItem","position":2,"name":"Cheap Flights from Nairobi to Entebbe"}]},{"@type":"WebSite","@id":"https:\/\/tiketi.com\/#website","url":"https:\/\/tiketi.com\/","name":"Billets d&#039;avion et de bus, forfaits touristiques et activit\u00e9s - Tiketi.com","description":"Billets d&#039;avion et de bus, Tours, Activit\u00e9s","publisher":{"@id":"https:\/\/tiketi.com\/#organization"},"potentialAction":[{"@type":"SearchAction","target":{"@type":"EntryPoint","urlTemplate":"https:\/\/tiketi.com\/?s={search_term_string}"},"query-input":{"@type":"PropertyValueSpecification","valueRequired":true,"valueName":"search_term_string"}}],"inLanguage":"fr-FR"},{"@type":"Organization","@id":"https:\/\/tiketi.com\/#organization","name":"Tiketi.com","alternateName":"Tiketi","url":"https:\/\/tiketi.com\/","logo":{"@type":"ImageObject","inLanguage":"fr-FR","@id":"https:\/\/tiketi.com\/#\/schema\/logo\/image\/","url":"https:\/\/tiketi.com\/wp-content\/uploads\/2019\/05\/tiketi-logo-696.png","contentUrl":"https:\/\/tiketi.com\/wp-content\/uploads\/2019\/05\/tiketi-logo-696.png","width":696,"height":696,"caption":"Tiketi.com"},"image":{"@id":"https:\/\/tiketi.com\/#\/schema\/logo\/image\/"},"sameAs":["https:\/\/www.facebook.com\/TiketiCom\/"]}]}},"_links":{"self":[{"href":"https:\/\/tiketi.com\/fr-fr\/wp-json\/wp\/v2\/pages\/11835","targetHints":{"allow":["GET"]}}],"collection":[{"href":"https:\/\/tiketi.com\/fr-fr\/wp-json\/wp\/v2\/pages"}],"about":[{"href":"https:\/\/tiketi.com\/fr-fr\/wp-json\/wp\/v2\/types\/page"}],"author":[{"embeddable":true,"href":"https:\/\/tiketi.com\/fr-fr\/wp-json\/wp\/v2\/users\/1"}],"replies":[{"embeddable":true,"href":"https:\/\/tiketi.com\/fr-fr\/wp-json\/wp\/v2\/comments?post=11835"}],"version-history":[{"count":0,"href":"https:\/\/tiketi.com\/fr-fr\/wp-json\/wp\/v2\/pages\/11835\/revisions"}],"wp:featuredmedia":[{"embeddable":true,"href":"https:\/\/tiketi.com\/fr-fr\/wp-json\/wp\/v2\/media\/14041"}],"wp:attachment":[{"href":"https:\/\/tiketi.com\/fr-fr\/wp-json\/wp\/v2\/media?parent=11835"}],"curies":[{"name":"wp","href":"https:\/\/api.w.org\/{rel}","templated":true}]}}