{"id":11836,"date":"2022-01-19T12:55:16","date_gmt":"2022-01-19T11:55:16","guid":{"rendered":"https:\/\/new.tiketi.com\/cheap-flights-from-dar-es-salaam-to-lusaka\/"},"modified":"2022-02-07T17:47:02","modified_gmt":"2022-02-07T16:47:02","slug":"flights-dar-es-salaam-lusaka-dar-lun","status":"publish","type":"page","link":"https:\/\/tiketi.com\/fr-fr\/flights-dar-es-salaam-lusaka-dar-lun\/","title":{"rendered":"Vols \u00e0 bas prix de Dar es Salam \u00e0 Lusaka"},"content":{"rendered":"<h2>Vous recherchez un billet d&#039;avion pas cher de Dar es Salam \u00e0 Lusaka ou des offres de derni\u00e8re minute ?<\/h2>\n<h3>Recherchez, comparez et r\u00e9servez en ligne maintenant un billet d&#039;avion pas cher entre Dar es Salam (DAR) et Lusaka (LUN) .<\/h3>\n<p>R\u00e9servez en ligne des vols \u00e0 bas prix de Dar es Salam \u00e0 Lusaka et \u00e9conomisez du temps et de l&#039;argent. Bien qu&#039;elle soit la plus grande ville et capitale de la Zambie, Lusaka est g\u00e9n\u00e9ralement un endroit surbook\u00e9 pour les visiteurs en Afrique. Quoi qu&#039;il en soit, cette ville remarquable a connu une sorte de r\u00e9surgence ces derni\u00e8res ann\u00e9es, avec des march\u00e9s urbains incroyables, un certain nombre de bars et de restaurants haut de gamme et les meilleures liaisons \u00e0 travers le pays. R\u00e9servez des offres exceptionnelles sur les billets d&#039;avion de Dar es Salam \u00e0 Lusaka au meilleur prix et volez de Dar es Salam \u00e0 Lusaka \u00e0 bas prix.<\/p>\n<h2>Voici quelques-unes des meilleures attractions<\/h2>\n<h3>Parc national de Lusaka<\/h3>\n<p>Situ\u00e9 \u00e0 seulement trente kilom\u00e8tres de la ville, le parc national de Lusaka - le plus r\u00e9cent mais petit parc national de Zambie est un endroit remarquable pour une excursion d&#039;une journ\u00e9e. L&#039;endroit est plut\u00f4t atypique, car il est plac\u00e9 \u00e0 proximit\u00e9 de la ville et dans un lieu peupl\u00e9. Quoi qu&#039;il en soit, il abrite des milliers d&#039;esp\u00e8ces telles que des rhinoc\u00e9ros blancs rares, des gnous bleus, des z\u00e8bres, des girafes et des \u00e9lans, qui errent librement dans tout l&#039;habitat, les lacs, comprenant des for\u00eats, des cascades et des rivi\u00e8res.<\/p>\n<h3>Parc panoramique de Nembo<\/h3>\n<p>R\u00e9parti sur une r\u00e9gion de 47 000 m\u00e8tres carr\u00e9s, le Nembo Scenic Park est un mod\u00e8le r\u00e9duit de la carte de la Zambie, vous permettant ainsi d&#039;avoir une vue magnifique sur le pays sans avoir \u00e0 d\u00e9coller en avion. Situ\u00e9 \u00e0 environ onze kilom\u00e8tres du centre-ville, c&#039;est le meilleur endroit pour se promener en famille, avec de charmants lacs et cascades \u00e0 contempler.<\/p>\n<h3>Galerie d&#039;art Nomwande<\/h3>\n<p>Cette galerie pr\u00e9sente des sculptures et des peintures d&#039;artistes zambiens plus connus.<\/p>\n<h2>FAQ sur les vols pas chers de Dar es Salam \u00e0 Lusaka<\/h2>\n<h3>Quel est le jour le moins cher pour r\u00e9server un billet d&#039;avion de Dar es Salaam \u00e0 Lusaka ?<\/h3>\n<p>Le jour le moins cher pour r\u00e9server un billet d&#039;avion de Dar es Salaam \u00e0 Lusaka est le mardi.<\/p>\n<h3>Quelle est la dur\u00e9e de vol de Dar es Salam \u00e0 Lusaka ?<\/h3>\n<p>La dur\u00e9e moyenne d&#039;un vol Dar es Salam-Lusaka est de 2 h 25 min.<\/p>\n<h3>Combien de compagnies a\u00e9riennes op\u00e8rent des vols directs entre Dar es Salam et Lusaka ?<\/h3>\n<p>Une compagnie a\u00e9rienne op\u00e8re des vols directs entre Dar es Salam et Lusaka.<\/p>\n<h3>Combien de vols Dar es Salam-Lusaka en moyenne par semaine?<\/h3>\n<p>Il y a deux vols par semaine entre Dar es Salaam et Lusaka.<\/p>\n<h3>Quelle est la compagnie a\u00e9rienne la plus c\u00e9l\u00e8bre de Dar Es Salaam \u00e0 Lusaka ?<\/h3>\n<p>Les lignes a\u00e9riennes r\u00e9gionales sont les compagnies a\u00e9riennes les plus c\u00e9l\u00e8bres op\u00e9rant de Dar es Salaam \u00e0 Lusaka.<\/p>\n<h2>Conseils sur les vols entre Dar es Salam et Lusaka<\/h2>\n<p>\u2022 Dar es Salaam est \u00e0 934 milles de Lusaka.<\/p>\n<p>\u2022 Zanzibar, Tanzanie \u2013 Zanibar Kisamu est le lien le plus c\u00e9l\u00e8bre pour les vols bon march\u00e9 \u00e0 escale de Dar es Salaam \u00e0 Lusaka.<\/p>\n<p>\u2022 Le temps de vol moyen pour un Dar es Salaam \u00e0 Lusaka est de deux heures vingt minutes.<\/p>\n<p>\u2022 Le premier vol de la journ\u00e9e part \u00e0 3h50. Le dernier vol de la journ\u00e9e part \u00e0 20h20.<\/p>","protected":false},"excerpt":{"rendered":"<p>Looking for cheap airline ticket from Dar es Salaam to Lusaka\u00a0or last minute deals? Search, compare and book cheap airline ticket from Dar es Salaam (DAR) to Lusaka (LUN)) online now. Book cheap flights from Dar es Salaam to Lusaka online and save time and money. Despite being Zambia&#8217;s biggest city and capital, Lusaka is [&hellip;]<\/p>\n","protected":false},"author":1,"featured_media":14041,"parent":0,"menu_order":0,"comment_status":"open","ping_status":"closed","template":"template-home-modern.php","meta":{"footnotes":""},"class_list":["post-11836","page","type-page","status-publish","has-post-thumbnail","hentry"],"yoast_head":"<!-- This site is optimized with the Yoast SEO plugin v27.3 - https:\/\/yoast.com\/product\/yoast-seo-wordpress\/ -->\n<title>Cheap Flights from Dar es Salaam to Lusaka<\/title>\n<meta name=\"description\" content=\"Looking for cheap flights from\u00a0Dar es Salaam to Kigoma? Search, compare and book cheap airline ticket from Dar es Salaam to Kigoma online\" \/>\n<meta name=\"robots\" content=\"index, follow, max-snippet:-1, max-image-preview:large, max-video-preview:-1\" \/>\n<link rel=\"canonical\" href=\"https:\/\/tiketi.com\/fr-fr\/flights-dar-es-salaam-lusaka-dar-lun\/\" \/>\n<meta property=\"og:locale\" content=\"fr_FR\" \/>\n<meta property=\"og:type\" content=\"article\" \/>\n<meta property=\"og:title\" content=\"Cheap Flights from Dar es Salaam to Lusaka\" \/>\n<meta property=\"og:description\" content=\"Looking for cheap flights from\u00a0Dar es Salaam to Kigoma? Search, compare and book cheap airline ticket from Dar es Salaam to Kigoma online\" \/>\n<meta property=\"og:url\" content=\"https:\/\/tiketi.com\/fr-fr\/flights-dar-es-salaam-lusaka-dar-lun\/\" \/>\n<meta property=\"og:site_name\" content=\"Tiketi.com\" \/>\n<meta property=\"article:publisher\" content=\"https:\/\/www.facebook.com\/TiketiCom\/\" \/>\n<meta property=\"article:modified_time\" content=\"2022-02-07T16:47:02+00:00\" \/>\n<meta property=\"og:image\" content=\"https:\/\/tiketi.com\/wp-content\/uploads\/2022\/01\/flight-ticket-booking-sorasak-KxCJXXGsv9I-unsplas.jpg\" \/>\n\t<meta property=\"og:image:width\" content=\"1200\" \/>\n\t<meta property=\"og:image:height\" content=\"240\" \/>\n\t<meta property=\"og:image:type\" content=\"image\/jpeg\" \/>\n<meta name=\"twitter:card\" content=\"summary_large_image\" \/>\n<meta name=\"twitter:label1\" content=\"Dur\u00e9e de lecture estim\u00e9e\" \/>\n\t<meta name=\"twitter:data1\" content=\"3 minutes\" \/>\n<script type=\"application\/ld+json\" class=\"yoast-schema-graph\">{\"@context\":\"https:\\\/\\\/schema.org\",\"@graph\":[{\"@type\":\"WebPage\",\"@id\":\"https:\\\/\\\/tiketi.com\\\/flights-dar-es-salaam-lusaka-dar-lun\\\/\",\"url\":\"https:\\\/\\\/tiketi.com\\\/flights-dar-es-salaam-lusaka-dar-lun\\\/\",\"name\":\"Cheap Flights from Dar es Salaam to Lusaka\",\"isPartOf\":{\"@id\":\"https:\\\/\\\/tiketi.com\\\/#website\"},\"primaryImageOfPage\":{\"@id\":\"https:\\\/\\\/tiketi.com\\\/flights-dar-es-salaam-lusaka-dar-lun\\\/#primaryimage\"},\"image\":{\"@id\":\"https:\\\/\\\/tiketi.com\\\/flights-dar-es-salaam-lusaka-dar-lun\\\/#primaryimage\"},\"thumbnailUrl\":\"https:\\\/\\\/tiketi.com\\\/wp-content\\\/uploads\\\/2022\\\/01\\\/flight-ticket-booking-sorasak-KxCJXXGsv9I-unsplas.jpg\",\"datePublished\":\"2022-01-19T11:55:16+00:00\",\"dateModified\":\"2022-02-07T16:47:02+00:00\",\"description\":\"Looking for cheap flights from\u00a0Dar es Salaam to Kigoma? Search, compare and book cheap airline ticket from Dar es Salaam to Kigoma online\",\"breadcrumb\":{\"@id\":\"https:\\\/\\\/tiketi.com\\\/flights-dar-es-salaam-lusaka-dar-lun\\\/#breadcrumb\"},\"inLanguage\":\"fr-FR\",\"potentialAction\":[{\"@type\":\"ReadAction\",\"target\":[\"https:\\\/\\\/tiketi.com\\\/flights-dar-es-salaam-lusaka-dar-lun\\\/\"]}]},{\"@type\":\"ImageObject\",\"inLanguage\":\"fr-FR\",\"@id\":\"https:\\\/\\\/tiketi.com\\\/flights-dar-es-salaam-lusaka-dar-lun\\\/#primaryimage\",\"url\":\"https:\\\/\\\/tiketi.com\\\/wp-content\\\/uploads\\\/2022\\\/01\\\/flight-ticket-booking-sorasak-KxCJXXGsv9I-unsplas.jpg\",\"contentUrl\":\"https:\\\/\\\/tiketi.com\\\/wp-content\\\/uploads\\\/2022\\\/01\\\/flight-ticket-booking-sorasak-KxCJXXGsv9I-unsplas.jpg\",\"width\":1200,\"height\":240,\"caption\":\"Online flight ticket booking\"},{\"@type\":\"BreadcrumbList\",\"@id\":\"https:\\\/\\\/tiketi.com\\\/flights-dar-es-salaam-lusaka-dar-lun\\\/#breadcrumb\",\"itemListElement\":[{\"@type\":\"ListItem\",\"position\":1,\"name\":\"Home\",\"item\":\"https:\\\/\\\/tiketi.com\\\/\"},{\"@type\":\"ListItem\",\"position\":2,\"name\":\"Cheap Flights from Dar es Salaam to Lusaka\"}]},{\"@type\":\"WebSite\",\"@id\":\"https:\\\/\\\/tiketi.com\\\/#website\",\"url\":\"https:\\\/\\\/tiketi.com\\\/\",\"name\":\"Flight & Bus Tickets, Tour Packages & Activitites - Tiketi.com\",\"description\":\"Flight &amp; Bus Tickets, Tours, Activitites\",\"publisher\":{\"@id\":\"https:\\\/\\\/tiketi.com\\\/#organization\"},\"potentialAction\":[{\"@type\":\"SearchAction\",\"target\":{\"@type\":\"EntryPoint\",\"urlTemplate\":\"https:\\\/\\\/tiketi.com\\\/?s={search_term_string}\"},\"query-input\":{\"@type\":\"PropertyValueSpecification\",\"valueRequired\":true,\"valueName\":\"search_term_string\"}}],\"inLanguage\":\"fr-FR\"},{\"@type\":\"Organization\",\"@id\":\"https:\\\/\\\/tiketi.com\\\/#organization\",\"name\":\"Tiketi.com\",\"alternateName\":\"Tiketi\",\"url\":\"https:\\\/\\\/tiketi.com\\\/\",\"logo\":{\"@type\":\"ImageObject\",\"inLanguage\":\"fr-FR\",\"@id\":\"https:\\\/\\\/tiketi.com\\\/#\\\/schema\\\/logo\\\/image\\\/\",\"url\":\"https:\\\/\\\/tiketi.com\\\/wp-content\\\/uploads\\\/2019\\\/05\\\/tiketi-logo-696.png\",\"contentUrl\":\"https:\\\/\\\/tiketi.com\\\/wp-content\\\/uploads\\\/2019\\\/05\\\/tiketi-logo-696.png\",\"width\":696,\"height\":696,\"caption\":\"Tiketi.com\"},\"image\":{\"@id\":\"https:\\\/\\\/tiketi.com\\\/#\\\/schema\\\/logo\\\/image\\\/\"},\"sameAs\":[\"https:\\\/\\\/www.facebook.com\\\/TiketiCom\\\/\"]}]}<\/script>\n<!-- \/ Yoast SEO plugin. -->","yoast_head_json":{"title":"Vols \u00e0 bas prix de Dar es Salam \u00e0 Lusaka","description":"Vous recherchez des vols \u00e0 bas prix de Dar es Salam \u00e0 Kigoma ? Recherchez, comparez et r\u00e9servez en ligne un billet d&#039;avion pas cher de Dar es Salam \u00e0 Kigoma","robots":{"index":"index","follow":"follow","max-snippet":"max-snippet:-1","max-image-preview":"max-image-preview:large","max-video-preview":"max-video-preview:-1"},"canonical":"https:\/\/tiketi.com\/fr-fr\/flights-dar-es-salaam-lusaka-dar-lun\/","og_locale":"fr_FR","og_type":"article","og_title":"Cheap Flights from Dar es Salaam to Lusaka","og_description":"Looking for cheap flights from\u00a0Dar es Salaam to Kigoma? Search, compare and book cheap airline ticket from Dar es Salaam to Kigoma online","og_url":"https:\/\/tiketi.com\/fr-fr\/flights-dar-es-salaam-lusaka-dar-lun\/","og_site_name":"Tiketi.com","article_publisher":"https:\/\/www.facebook.com\/TiketiCom\/","article_modified_time":"2022-02-07T16:47:02+00:00","og_image":[{"width":1200,"height":240,"url":"https:\/\/tiketi.com\/wp-content\/uploads\/2022\/01\/flight-ticket-booking-sorasak-KxCJXXGsv9I-unsplas.jpg","type":"image\/jpeg"}],"twitter_card":"summary_large_image","twitter_misc":{"Dur\u00e9e de lecture estim\u00e9e":"3 minutes"},"schema":{"@context":"https:\/\/schema.org","@graph":[{"@type":"WebPage","@id":"https:\/\/tiketi.com\/flights-dar-es-salaam-lusaka-dar-lun\/","url":"https:\/\/tiketi.com\/flights-dar-es-salaam-lusaka-dar-lun\/","name":"Vols \u00e0 bas prix de Dar es Salam \u00e0 Lusaka","isPartOf":{"@id":"https:\/\/tiketi.com\/#website"},"primaryImageOfPage":{"@id":"https:\/\/tiketi.com\/flights-dar-es-salaam-lusaka-dar-lun\/#primaryimage"},"image":{"@id":"https:\/\/tiketi.com\/flights-dar-es-salaam-lusaka-dar-lun\/#primaryimage"},"thumbnailUrl":"https:\/\/tiketi.com\/wp-content\/uploads\/2022\/01\/flight-ticket-booking-sorasak-KxCJXXGsv9I-unsplas.jpg","datePublished":"2022-01-19T11:55:16+00:00","dateModified":"2022-02-07T16:47:02+00:00","description":"Vous recherchez des vols \u00e0 bas prix de Dar es Salam \u00e0 Kigoma ? Recherchez, comparez et r\u00e9servez en ligne un billet d&#039;avion pas cher de Dar es Salam \u00e0 Kigoma","breadcrumb":{"@id":"https:\/\/tiketi.com\/flights-dar-es-salaam-lusaka-dar-lun\/#breadcrumb"},"inLanguage":"fr-FR","potentialAction":[{"@type":"ReadAction","target":["https:\/\/tiketi.com\/flights-dar-es-salaam-lusaka-dar-lun\/"]}]},{"@type":"ImageObject","inLanguage":"fr-FR","@id":"https:\/\/tiketi.com\/flights-dar-es-salaam-lusaka-dar-lun\/#primaryimage","url":"https:\/\/tiketi.com\/wp-content\/uploads\/2022\/01\/flight-ticket-booking-sorasak-KxCJXXGsv9I-unsplas.jpg","contentUrl":"https:\/\/tiketi.com\/wp-content\/uploads\/2022\/01\/flight-ticket-booking-sorasak-KxCJXXGsv9I-unsplas.jpg","width":1200,"height":240,"caption":"Online flight ticket booking"},{"@type":"BreadcrumbList","@id":"https:\/\/tiketi.com\/flights-dar-es-salaam-lusaka-dar-lun\/#breadcrumb","itemListElement":[{"@type":"ListItem","position":1,"name":"Home","item":"https:\/\/tiketi.com\/"},{"@type":"ListItem","position":2,"name":"Cheap Flights from Dar es Salaam to Lusaka"}]},{"@type":"WebSite","@id":"https:\/\/tiketi.com\/#website","url":"https:\/\/tiketi.com\/","name":"Billets d&#039;avion et de bus, forfaits touristiques et activit\u00e9s - Tiketi.com","description":"Billets d&#039;avion et de bus, Tours, Activit\u00e9s","publisher":{"@id":"https:\/\/tiketi.com\/#organization"},"potentialAction":[{"@type":"SearchAction","target":{"@type":"EntryPoint","urlTemplate":"https:\/\/tiketi.com\/?s={search_term_string}"},"query-input":{"@type":"PropertyValueSpecification","valueRequired":true,"valueName":"search_term_string"}}],"inLanguage":"fr-FR"},{"@type":"Organization","@id":"https:\/\/tiketi.com\/#organization","name":"Tiketi.com","alternateName":"Tiketi","url":"https:\/\/tiketi.com\/","logo":{"@type":"ImageObject","inLanguage":"fr-FR","@id":"https:\/\/tiketi.com\/#\/schema\/logo\/image\/","url":"https:\/\/tiketi.com\/wp-content\/uploads\/2019\/05\/tiketi-logo-696.png","contentUrl":"https:\/\/tiketi.com\/wp-content\/uploads\/2019\/05\/tiketi-logo-696.png","width":696,"height":696,"caption":"Tiketi.com"},"image":{"@id":"https:\/\/tiketi.com\/#\/schema\/logo\/image\/"},"sameAs":["https:\/\/www.facebook.com\/TiketiCom\/"]}]}},"_links":{"self":[{"href":"https:\/\/tiketi.com\/fr-fr\/wp-json\/wp\/v2\/pages\/11836","targetHints":{"allow":["GET"]}}],"collection":[{"href":"https:\/\/tiketi.com\/fr-fr\/wp-json\/wp\/v2\/pages"}],"about":[{"href":"https:\/\/tiketi.com\/fr-fr\/wp-json\/wp\/v2\/types\/page"}],"author":[{"embeddable":true,"href":"https:\/\/tiketi.com\/fr-fr\/wp-json\/wp\/v2\/users\/1"}],"replies":[{"embeddable":true,"href":"https:\/\/tiketi.com\/fr-fr\/wp-json\/wp\/v2\/comments?post=11836"}],"version-history":[{"count":0,"href":"https:\/\/tiketi.com\/fr-fr\/wp-json\/wp\/v2\/pages\/11836\/revisions"}],"wp:featuredmedia":[{"embeddable":true,"href":"https:\/\/tiketi.com\/fr-fr\/wp-json\/wp\/v2\/media\/14041"}],"wp:attachment":[{"href":"https:\/\/tiketi.com\/fr-fr\/wp-json\/wp\/v2\/media?parent=11836"}],"curies":[{"name":"wp","href":"https:\/\/api.w.org\/{rel}","templated":true}]}}