{"id":11837,"date":"2022-01-19T12:55:16","date_gmt":"2022-01-19T11:55:16","guid":{"rendered":"https:\/\/new.tiketi.com\/cheap-flights-from-dar-es-salaam-to-harare\/"},"modified":"2022-02-07T16:49:49","modified_gmt":"2022-02-07T15:49:49","slug":"flights-dar-es-salaam-harare-dar-hre","status":"publish","type":"page","link":"https:\/\/tiketi.com\/fr-fr\/flights-dar-es-salaam-harare-dar-hre\/","title":{"rendered":"Vols \u00e0 bas prix de Dar es Salam \u00e0 Harare"},"content":{"rendered":"<h2>Vous recherchez un billet d&#039;avion pas cher de Dar es Salam \u00e0 Harare ou des offres de derni\u00e8re minute ?<\/h2>\n<h3>Cherchez, comparez et r\u00e9servez en ligne maintenant un billet d&#039;avion pas cher entre Dar es Salaam (DAR) et Harare (HRE).<\/h3>\n<p>R\u00e9servez en ligne des vols \u00e0 bas prix de Dar es Salam \u00e0 Harare et \u00e9conomisez du temps et de l&#039;argent. Harare est la merveilleuse capitale zimbabw\u00e9enne qui surprend de nombreux visiteurs avec ses charmantes stations baln\u00e9aires et ses joyaux s\u00e9duisants. Un paradis pour une faune incroyable, la ville est entour\u00e9e de vastes plaines africaines et de paysages magnifiques abritant des lions, des girafes, des gnous et plus encore. Vous pouvez visiter Harare gr\u00e2ce \u00e0 des offres exceptionnelles sur les billets d&#039;avion de Dar es Salaam \u00e0 Harare et \u00e9conomiser gros sur vos vols de Dar es Salaam \u00e0 Harare.<\/p>\n<h2>Voici quelques-unes des meilleures attractions de la ville de Harare<\/h2>\n<h3>Sauvage est la vie Grand Zimbabwe<\/h3>\n<p>Il s&#039;agit d&#039;un sanctuaire faunique pour une esp\u00e8ce d&#039;animaux domestiques, situ\u00e9 \u00e0 proximit\u00e9 de l&#039;a\u00e9roport international de Harare. Le sanctuaire offre une chance remarquable de se rapprocher de la nature. Les visites permettent aux visiteurs d&#039;observer les animaux secourus dans leurs habitats naturels et de regarder les sauveteurs alors qu&#039;ils nourrissent et nettoient de nombreuses esp\u00e8ces diff\u00e9rentes.<\/p>\n<h3>R\u00e9serve faunique de Thetford<\/h3>\n<p>La r\u00e9serve de chasse de Thetford couvre une magnifique campagne de 3 300 hectares et un terrain montagneux charmant, et se situe \u00e0 une trentaine de kilom\u00e8tres \u00e0 l&#039;ext\u00e9rieur de Harare. Bien qu&#039;il soit si peu \u00e9loign\u00e9 du centre-ville anim\u00e9, les visiteurs trouveront dans cet endroit un coin de paradis idyllique, un lieu regorgeant d&#039;animaux sauvages et de plus de 150 esp\u00e8ces d&#039;oiseaux.<\/p>\n<h3>Jardins botaniques nationaux<\/h3>\n<p>Situ\u00e9 \u00e0 quatre kilom\u00e8tres au nord du centre-ville, au c\u0153ur de la banlieue d&#039;Alexandra Park, le charmant jardin botanique national poss\u00e8de une grande vari\u00e9t\u00e9 de vari\u00e9t\u00e9s d&#039;arbres et de plantes de jardin au Zimbabwe.<\/p>\n<h2>FAQ sur les vols pas chers de Dar es Salam \u00e0 Harare<\/h2>\n<h3>Combien de temps dure un vol pas cher Dar es Salam - Harare ?<\/h3>\n<p>Un vol direct typique peut prendre environ trois heures, couvrant environ 940 kilom\u00e8tres.<\/p>\n<h3>Quelles compagnies a\u00e9riennes proposent un vol direct Dar es Salam Harare ?<\/h3>\n<p>Il existe actuellement 2 compagnies a\u00e9riennes proposant des vols directs les moins chers de Dar es Salam \u00e0 Harare.<\/p>\n<h3>Combien de vols de Dar es Salam \u00e0 Harare partent en moyenne par jour ?<\/h3>\n<p>En moyenne, deux vols de Dar es Salaam \u00e0 Harare par jour.<\/p>\n<p>\u2022 T\u00f4t le matin - cinquante pour cent des d\u00e9parts de vol<br \/>\n\u2022 Matin - cinquante pour cent des d\u00e9parts de vol<\/p>\n<h3>Quelles sont les compagnies a\u00e9riennes directes les plus c\u00e9l\u00e8bres proposant des vols pas chers de Dar es Salam \u00e0 Harare ?<\/h3>\n<p>Air Tanzania fournit soixante pour cent du billet d&#039;avion bon march\u00e9 sans escale entre Dar es Salaam et les vols Harare.<\/p>\n<h2>Conseils sur les vols Dar es Salaam - Harare<\/h2>\n<p>\u2022 Dar es Salaam est \u00e0 939 milles de Harare<\/p>\n<p>\u2022 Il y a deux vols hebdomadaires de Dar es Salaam \u00e0 Harare.<\/p>\n<p>\u2022 Un vol sans escale op\u00e8re de Dar es Salaam \u00e0 Harare.<\/p>\n<p>\u2022 Air Tanzania propose le plus de vols sans escale entre Harare et Dar es Salaam.<\/p>\n<p>\u2022 Nairobi, Kenya \u2013 Jomo Kenyatta Intl est le lien le plus c\u00e9l\u00e8bre pour les vols \u00e0 escale entre Harare et Dar es Salaam.<\/p>","protected":false},"excerpt":{"rendered":"<p>Looking for cheap airline ticket from Dar es Salaam to Harare\u00a0or last minute deals? Search, compare and book cheap airline ticket from Dar es Salaam (DAR) to Harare (HRE) online now. Book cheap flights from Dar es Salaam to Harare online and save time and money. Harare is the wonderful Zimbabwean capital which surpirses many [&hellip;]<\/p>\n","protected":false},"author":1,"featured_media":14041,"parent":0,"menu_order":0,"comment_status":"open","ping_status":"closed","template":"template-home-modern.php","meta":{"footnotes":""},"class_list":["post-11837","page","type-page","status-publish","has-post-thumbnail","hentry"],"yoast_head":"<!-- This site is optimized with the Yoast SEO plugin v27.3 - https:\/\/yoast.com\/product\/yoast-seo-wordpress\/ -->\n<title>Cheap Flights from Dar es Salaam to Harare<\/title>\n<meta name=\"description\" content=\"Looking for cheap flights from\u00a0Dar es Salaam to Harare? Search, compare and book cheap airline ticket from Dar es Salaam to Harare online\" \/>\n<meta name=\"robots\" content=\"index, follow, max-snippet:-1, max-image-preview:large, max-video-preview:-1\" \/>\n<link rel=\"canonical\" href=\"https:\/\/tiketi.com\/fr-fr\/flights-dar-es-salaam-harare-dar-hre\/\" \/>\n<meta property=\"og:locale\" content=\"fr_FR\" \/>\n<meta property=\"og:type\" content=\"article\" \/>\n<meta property=\"og:title\" content=\"Cheap Flights from Dar es Salaam to Harare\" \/>\n<meta property=\"og:description\" content=\"Looking for cheap flights from\u00a0Dar es Salaam to Harare? Search, compare and book cheap airline ticket from Dar es Salaam to Harare online\" \/>\n<meta property=\"og:url\" content=\"https:\/\/tiketi.com\/fr-fr\/flights-dar-es-salaam-harare-dar-hre\/\" \/>\n<meta property=\"og:site_name\" content=\"Tiketi.com\" \/>\n<meta property=\"article:publisher\" content=\"https:\/\/www.facebook.com\/TiketiCom\/\" \/>\n<meta property=\"article:modified_time\" content=\"2022-02-07T15:49:49+00:00\" \/>\n<meta property=\"og:image\" content=\"https:\/\/tiketi.com\/wp-content\/uploads\/2022\/01\/flight-ticket-booking-sorasak-KxCJXXGsv9I-unsplas.jpg\" \/>\n\t<meta property=\"og:image:width\" content=\"1200\" \/>\n\t<meta property=\"og:image:height\" content=\"240\" \/>\n\t<meta property=\"og:image:type\" content=\"image\/jpeg\" \/>\n<meta name=\"twitter:card\" content=\"summary_large_image\" \/>\n<meta name=\"twitter:label1\" content=\"Dur\u00e9e de lecture estim\u00e9e\" \/>\n\t<meta name=\"twitter:data1\" content=\"3 minutes\" \/>\n<script type=\"application\/ld+json\" class=\"yoast-schema-graph\">{\"@context\":\"https:\\\/\\\/schema.org\",\"@graph\":[{\"@type\":\"WebPage\",\"@id\":\"https:\\\/\\\/tiketi.com\\\/flights-dar-es-salaam-harare-dar-hre\\\/\",\"url\":\"https:\\\/\\\/tiketi.com\\\/flights-dar-es-salaam-harare-dar-hre\\\/\",\"name\":\"Cheap Flights from Dar es Salaam to Harare\",\"isPartOf\":{\"@id\":\"https:\\\/\\\/tiketi.com\\\/#website\"},\"primaryImageOfPage\":{\"@id\":\"https:\\\/\\\/tiketi.com\\\/flights-dar-es-salaam-harare-dar-hre\\\/#primaryimage\"},\"image\":{\"@id\":\"https:\\\/\\\/tiketi.com\\\/flights-dar-es-salaam-harare-dar-hre\\\/#primaryimage\"},\"thumbnailUrl\":\"https:\\\/\\\/tiketi.com\\\/wp-content\\\/uploads\\\/2022\\\/01\\\/flight-ticket-booking-sorasak-KxCJXXGsv9I-unsplas.jpg\",\"datePublished\":\"2022-01-19T11:55:16+00:00\",\"dateModified\":\"2022-02-07T15:49:49+00:00\",\"description\":\"Looking for cheap flights from\u00a0Dar es Salaam to Harare? Search, compare and book cheap airline ticket from Dar es Salaam to Harare online\",\"breadcrumb\":{\"@id\":\"https:\\\/\\\/tiketi.com\\\/flights-dar-es-salaam-harare-dar-hre\\\/#breadcrumb\"},\"inLanguage\":\"fr-FR\",\"potentialAction\":[{\"@type\":\"ReadAction\",\"target\":[\"https:\\\/\\\/tiketi.com\\\/flights-dar-es-salaam-harare-dar-hre\\\/\"]}]},{\"@type\":\"ImageObject\",\"inLanguage\":\"fr-FR\",\"@id\":\"https:\\\/\\\/tiketi.com\\\/flights-dar-es-salaam-harare-dar-hre\\\/#primaryimage\",\"url\":\"https:\\\/\\\/tiketi.com\\\/wp-content\\\/uploads\\\/2022\\\/01\\\/flight-ticket-booking-sorasak-KxCJXXGsv9I-unsplas.jpg\",\"contentUrl\":\"https:\\\/\\\/tiketi.com\\\/wp-content\\\/uploads\\\/2022\\\/01\\\/flight-ticket-booking-sorasak-KxCJXXGsv9I-unsplas.jpg\",\"width\":1200,\"height\":240,\"caption\":\"Online flight ticket booking\"},{\"@type\":\"BreadcrumbList\",\"@id\":\"https:\\\/\\\/tiketi.com\\\/flights-dar-es-salaam-harare-dar-hre\\\/#breadcrumb\",\"itemListElement\":[{\"@type\":\"ListItem\",\"position\":1,\"name\":\"Home\",\"item\":\"https:\\\/\\\/tiketi.com\\\/\"},{\"@type\":\"ListItem\",\"position\":2,\"name\":\"Cheap Flights from Dar es Salaam to Harare\"}]},{\"@type\":\"WebSite\",\"@id\":\"https:\\\/\\\/tiketi.com\\\/#website\",\"url\":\"https:\\\/\\\/tiketi.com\\\/\",\"name\":\"Flight & Bus Tickets, Tour Packages & Activitites - Tiketi.com\",\"description\":\"Flight &amp; Bus Tickets, Tours, Activitites\",\"publisher\":{\"@id\":\"https:\\\/\\\/tiketi.com\\\/#organization\"},\"potentialAction\":[{\"@type\":\"SearchAction\",\"target\":{\"@type\":\"EntryPoint\",\"urlTemplate\":\"https:\\\/\\\/tiketi.com\\\/?s={search_term_string}\"},\"query-input\":{\"@type\":\"PropertyValueSpecification\",\"valueRequired\":true,\"valueName\":\"search_term_string\"}}],\"inLanguage\":\"fr-FR\"},{\"@type\":\"Organization\",\"@id\":\"https:\\\/\\\/tiketi.com\\\/#organization\",\"name\":\"Tiketi.com\",\"alternateName\":\"Tiketi\",\"url\":\"https:\\\/\\\/tiketi.com\\\/\",\"logo\":{\"@type\":\"ImageObject\",\"inLanguage\":\"fr-FR\",\"@id\":\"https:\\\/\\\/tiketi.com\\\/#\\\/schema\\\/logo\\\/image\\\/\",\"url\":\"https:\\\/\\\/tiketi.com\\\/wp-content\\\/uploads\\\/2019\\\/05\\\/tiketi-logo-696.png\",\"contentUrl\":\"https:\\\/\\\/tiketi.com\\\/wp-content\\\/uploads\\\/2019\\\/05\\\/tiketi-logo-696.png\",\"width\":696,\"height\":696,\"caption\":\"Tiketi.com\"},\"image\":{\"@id\":\"https:\\\/\\\/tiketi.com\\\/#\\\/schema\\\/logo\\\/image\\\/\"},\"sameAs\":[\"https:\\\/\\\/www.facebook.com\\\/TiketiCom\\\/\"]}]}<\/script>\n<!-- \/ Yoast SEO plugin. -->","yoast_head_json":{"title":"Vols \u00e0 bas prix de Dar es Salam \u00e0 Harare","description":"Vous recherchez des vols \u00e0 bas prix de Dar es Salam \u00e0 Harare ? Recherchez, comparez et r\u00e9servez en ligne un billet d&#039;avion pas cher de Dar es Salaam \u00e0 Harare","robots":{"index":"index","follow":"follow","max-snippet":"max-snippet:-1","max-image-preview":"max-image-preview:large","max-video-preview":"max-video-preview:-1"},"canonical":"https:\/\/tiketi.com\/fr-fr\/flights-dar-es-salaam-harare-dar-hre\/","og_locale":"fr_FR","og_type":"article","og_title":"Cheap Flights from Dar es Salaam to Harare","og_description":"Looking for cheap flights from\u00a0Dar es Salaam to Harare? Search, compare and book cheap airline ticket from Dar es Salaam to Harare online","og_url":"https:\/\/tiketi.com\/fr-fr\/flights-dar-es-salaam-harare-dar-hre\/","og_site_name":"Tiketi.com","article_publisher":"https:\/\/www.facebook.com\/TiketiCom\/","article_modified_time":"2022-02-07T15:49:49+00:00","og_image":[{"width":1200,"height":240,"url":"https:\/\/tiketi.com\/wp-content\/uploads\/2022\/01\/flight-ticket-booking-sorasak-KxCJXXGsv9I-unsplas.jpg","type":"image\/jpeg"}],"twitter_card":"summary_large_image","twitter_misc":{"Dur\u00e9e de lecture estim\u00e9e":"3 minutes"},"schema":{"@context":"https:\/\/schema.org","@graph":[{"@type":"WebPage","@id":"https:\/\/tiketi.com\/flights-dar-es-salaam-harare-dar-hre\/","url":"https:\/\/tiketi.com\/flights-dar-es-salaam-harare-dar-hre\/","name":"Vols \u00e0 bas prix de Dar es Salam \u00e0 Harare","isPartOf":{"@id":"https:\/\/tiketi.com\/#website"},"primaryImageOfPage":{"@id":"https:\/\/tiketi.com\/flights-dar-es-salaam-harare-dar-hre\/#primaryimage"},"image":{"@id":"https:\/\/tiketi.com\/flights-dar-es-salaam-harare-dar-hre\/#primaryimage"},"thumbnailUrl":"https:\/\/tiketi.com\/wp-content\/uploads\/2022\/01\/flight-ticket-booking-sorasak-KxCJXXGsv9I-unsplas.jpg","datePublished":"2022-01-19T11:55:16+00:00","dateModified":"2022-02-07T15:49:49+00:00","description":"Vous recherchez des vols \u00e0 bas prix de Dar es Salam \u00e0 Harare ? Recherchez, comparez et r\u00e9servez en ligne un billet d&#039;avion pas cher de Dar es Salaam \u00e0 Harare","breadcrumb":{"@id":"https:\/\/tiketi.com\/flights-dar-es-salaam-harare-dar-hre\/#breadcrumb"},"inLanguage":"fr-FR","potentialAction":[{"@type":"ReadAction","target":["https:\/\/tiketi.com\/flights-dar-es-salaam-harare-dar-hre\/"]}]},{"@type":"ImageObject","inLanguage":"fr-FR","@id":"https:\/\/tiketi.com\/flights-dar-es-salaam-harare-dar-hre\/#primaryimage","url":"https:\/\/tiketi.com\/wp-content\/uploads\/2022\/01\/flight-ticket-booking-sorasak-KxCJXXGsv9I-unsplas.jpg","contentUrl":"https:\/\/tiketi.com\/wp-content\/uploads\/2022\/01\/flight-ticket-booking-sorasak-KxCJXXGsv9I-unsplas.jpg","width":1200,"height":240,"caption":"Online flight ticket booking"},{"@type":"BreadcrumbList","@id":"https:\/\/tiketi.com\/flights-dar-es-salaam-harare-dar-hre\/#breadcrumb","itemListElement":[{"@type":"ListItem","position":1,"name":"Home","item":"https:\/\/tiketi.com\/"},{"@type":"ListItem","position":2,"name":"Cheap Flights from Dar es Salaam to Harare"}]},{"@type":"WebSite","@id":"https:\/\/tiketi.com\/#website","url":"https:\/\/tiketi.com\/","name":"Billets d&#039;avion et de bus, forfaits touristiques et activit\u00e9s - Tiketi.com","description":"Billets d&#039;avion et de bus, Tours, Activit\u00e9s","publisher":{"@id":"https:\/\/tiketi.com\/#organization"},"potentialAction":[{"@type":"SearchAction","target":{"@type":"EntryPoint","urlTemplate":"https:\/\/tiketi.com\/?s={search_term_string}"},"query-input":{"@type":"PropertyValueSpecification","valueRequired":true,"valueName":"search_term_string"}}],"inLanguage":"fr-FR"},{"@type":"Organization","@id":"https:\/\/tiketi.com\/#organization","name":"Tiketi.com","alternateName":"Tiketi","url":"https:\/\/tiketi.com\/","logo":{"@type":"ImageObject","inLanguage":"fr-FR","@id":"https:\/\/tiketi.com\/#\/schema\/logo\/image\/","url":"https:\/\/tiketi.com\/wp-content\/uploads\/2019\/05\/tiketi-logo-696.png","contentUrl":"https:\/\/tiketi.com\/wp-content\/uploads\/2019\/05\/tiketi-logo-696.png","width":696,"height":696,"caption":"Tiketi.com"},"image":{"@id":"https:\/\/tiketi.com\/#\/schema\/logo\/image\/"},"sameAs":["https:\/\/www.facebook.com\/TiketiCom\/"]}]}},"_links":{"self":[{"href":"https:\/\/tiketi.com\/fr-fr\/wp-json\/wp\/v2\/pages\/11837","targetHints":{"allow":["GET"]}}],"collection":[{"href":"https:\/\/tiketi.com\/fr-fr\/wp-json\/wp\/v2\/pages"}],"about":[{"href":"https:\/\/tiketi.com\/fr-fr\/wp-json\/wp\/v2\/types\/page"}],"author":[{"embeddable":true,"href":"https:\/\/tiketi.com\/fr-fr\/wp-json\/wp\/v2\/users\/1"}],"replies":[{"embeddable":true,"href":"https:\/\/tiketi.com\/fr-fr\/wp-json\/wp\/v2\/comments?post=11837"}],"version-history":[{"count":0,"href":"https:\/\/tiketi.com\/fr-fr\/wp-json\/wp\/v2\/pages\/11837\/revisions"}],"wp:featuredmedia":[{"embeddable":true,"href":"https:\/\/tiketi.com\/fr-fr\/wp-json\/wp\/v2\/media\/14041"}],"wp:attachment":[{"href":"https:\/\/tiketi.com\/fr-fr\/wp-json\/wp\/v2\/media?parent=11837"}],"curies":[{"name":"wp","href":"https:\/\/api.w.org\/{rel}","templated":true}]}}