{"id":11838,"date":"2022-01-19T12:55:16","date_gmt":"2022-01-19T11:55:16","guid":{"rendered":"https:\/\/new.tiketi.com\/cheap-flights-from-dar-es-salaam-to-entebbe\/"},"modified":"2022-02-07T16:45:42","modified_gmt":"2022-02-07T15:45:42","slug":"flights-dar-es-salaam-entebbe-dar-ebb","status":"publish","type":"page","link":"https:\/\/tiketi.com\/fr-fr\/flights-dar-es-salaam-entebbe-dar-ebb\/","title":{"rendered":"Vols \u00e0 bas prix de Dar es Salam \u00e0 Entebbe"},"content":{"rendered":"<h2>Vous recherchez un billet d&#039;avion pas cher de Dar es Salam \u00e0 Entebbe ou des offres de derni\u00e8re minute ?<\/h2>\n<h3>Recherchez, comparez et r\u00e9servez en ligne maintenant des billets d&#039;avion de Dar es Salaam (DAR) \u00e0 Entebbe (EBB).<\/h3>\n<p>R\u00e9servez en ligne des vols \u00e0 bas prix de Dar es Salam \u00e0 Entebbe et \u00e9conomisez du temps et de l&#039;argent. Entebbe est un endroit sur une p\u00e9ninsule du lac Victoria, au milieu de l&#039;Ouganda. Les plages de la r\u00e9gion comprennent la plage anim\u00e9e du Lido, \u00e0 proximit\u00e9 de l&#039;a\u00e9roport international d&#039;Entebbe. Cet endroit est proche du sanctuaire des chimpanz\u00e9s de l&#039;\u00eele Ngamba, qui sauve les chimpanz\u00e9s orphelins. Vous pouvez visiter Harare \u00e0 travers les meilleures offres sur les billets d&#039;avion de Dar es Salaam \u00e0 Entebbe et voler de Dar es Salaam \u00e0 Entebbe pas cher.<\/p>\n<h2>Voici quelques-unes des meilleures attractions<\/h2>\n<h3>Jardins botaniques d&#039;Entebbe<\/h3>\n<p>Les jardins sont accessibles \u00e0 pied depuis l&#039;h\u00e9bergement Gately Inn Entebbe. Les jardins botaniques ont \u00e9t\u00e9 cr\u00e9\u00e9s en 1898 et abritent plus de 320 vari\u00e9t\u00e9s d&#039;esp\u00e8ces de plantes exotiques et une abondance de mammif\u00e8res et d&#039;animaux sauvages. Cette charmante zone de for\u00eats tropicales a \u00e9t\u00e9 utilis\u00e9e dans le vrai film de Tarzan en 1940.<\/p>\n<h3>Zoo d&#039;Entebbe<\/h3>\n<p>\u00c9galement \u00e0 proximit\u00e9 de l&#039;auberge Gately se trouve l&#039;UWEC, un centre de r\u00e9cup\u00e9ration, d&#039;\u00e9levage et de r\u00e9habilitation des animaux ougandais qui ont \u00e9t\u00e9 sauv\u00e9s des trafiquants ill\u00e9gaux et des braconniers. Ces animaux sont rel\u00e2ch\u00e9s dans la nature lorsque c&#039;est facile par l&#039;UWEC qui s&#039;efforce \u00e9galement d&#039;\u00e9duquer le peuple ougandais sur l&#039;importance de nos animaux locaux et de notre conversation.<\/p>\n<h3>Sanctuaire int\u00e9rieur des chimpanz\u00e9s de Ngamba<\/h3>\n<p>Fond\u00e9e par Jane Goodall en 1998, cette \u00eele est un refuge pour plus de quarante-cinq chimpanz\u00e9s sauv\u00e9s. Il existe diff\u00e9rents choix d&#039;excursions et d&#039;exp\u00e9riences sur l&#039;\u00eele. Le marais de Mabamba est l&#039;un des meilleurs endroits en Ouganda pour rep\u00e9rer le shoebill tr\u00e8s recherch\u00e9 dans son habitat naturel.<\/p>\n<h2>FAQ sur les vols pas chers de Dar es Salam \u00e0 Entebbe<\/h2>\n<h3>Quel est le jour le moins cher pour prendre un vol entre Dar es Salam et Entebbe ?<\/h3>\n<p>Le jour le moins cher pour voler de Dar es Salaam \u00e0 Entebbe est le mardi.<\/p>\n<h3>Quelle est la dur\u00e9e du vol Dar es Salaam \u00e0 Entebbe ?<\/h3>\n<p>La dur\u00e9e moyenne d&#039;un vol Dar es Salam-Entebbe est de 2 h 25 min.<\/p>\n<h3>Combien de compagnies a\u00e9riennes op\u00e8rent des vols pas chers entre Dar es Salam et Entebbe ?<\/h3>\n<p>Aucune compagnie a\u00e9rienne n&#039;op\u00e8re de vol direct entre Dar es Salam et Entebbe.<\/p>\n<h3>Combien d&#039;a\u00e9roports y a-t-il \u00e0 Entebbe ?<\/h3>\n<p>Il n&#039;y a qu&#039;un seul a\u00e9roport \u00e0 Entebbe.<\/p>\n<h3>Quelles sont les compagnies a\u00e9riennes les plus c\u00e9l\u00e8bres qui proposent des vols pas chers de Dar es Salaam \u00e0 Entebbe ?<\/h3>\n<p>La compagnie a\u00e9rienne la plus c\u00e9l\u00e8bre proposant des billets d&#039;avion pas chers de Dar es Salaam \u00e0 Entebbe est Kenya Airways.<\/p>\n<h2>Vols Dar es Salaam - Entebbe<\/h2>\n<p>\u2022 Dar es Salaam, Tanzanie est \u00e0 1 110 km de Entebbe.<\/p>\n<p>\u2022 Il y a un vol hebdomadaire de Dar Es Salaam \u00e0 Entebbe.<\/p>\n<p>\u2022 Un vol sans escale op\u00e8re entre Dar es Salaam et les vols Entebbe.<\/p>\n<p>\u2022 Utair \u2013 Express propose le plus de vols sans escale entre Entebbe et Dar es Salaam.<\/p>\n<p>\u2022 Nairobi, Kenya \u2013 Jomo Kenyatta Intl est le lien le plus c\u00e9l\u00e8bre pour les vols \u00e0 escale entre Entebbe et Dar es Salaam.<\/p>\n<p>\u2022 Les premiers vols de la journ\u00e9e partent \u00e0 3h50. Le dernier vol de la journ\u00e9e part \u00e0 20h40.<\/p>","protected":false},"excerpt":{"rendered":"<p>Looking for cheap airline ticket from Dar es Salaam to Entebbe\u00a0or last minute deals? Search, compare and book cheap airline ticket from Dar es Salaam (DAR) to Entebbe (EBB online now. Book cheap flights from Dar es Salaam to Entebbe online and save time and money. Entebbe is a place on a peninsula in Lake [&hellip;]<\/p>\n","protected":false},"author":1,"featured_media":14041,"parent":0,"menu_order":0,"comment_status":"open","ping_status":"closed","template":"template-home-modern.php","meta":{"footnotes":""},"class_list":["post-11838","page","type-page","status-publish","has-post-thumbnail","hentry"],"yoast_head":"<!-- This site is optimized with the Yoast SEO plugin v27.3 - https:\/\/yoast.com\/product\/yoast-seo-wordpress\/ -->\n<title>Cheap Flights from\u00a0Dar es Salaam to Entebbe<\/title>\n<meta name=\"description\" content=\"Looking for cheap flights from\u00a0Dar es Salaam to Entebbe? Search, compare and book cheap airline ticket from Dar es Salaam to Entebbe online\" \/>\n<meta name=\"robots\" content=\"index, follow, max-snippet:-1, max-image-preview:large, max-video-preview:-1\" \/>\n<link rel=\"canonical\" href=\"https:\/\/tiketi.com\/fr-fr\/flights-dar-es-salaam-entebbe-dar-ebb\/\" \/>\n<meta property=\"og:locale\" content=\"fr_FR\" \/>\n<meta property=\"og:type\" content=\"article\" \/>\n<meta property=\"og:title\" content=\"Cheap Flights from\u00a0Dar es Salaam to Entebbe\" \/>\n<meta property=\"og:description\" content=\"Looking for cheap flights from\u00a0Dar es Salaam to Entebbe? Search, compare and book cheap airline ticket from Dar es Salaam to Entebbe online\" \/>\n<meta property=\"og:url\" content=\"https:\/\/tiketi.com\/fr-fr\/flights-dar-es-salaam-entebbe-dar-ebb\/\" \/>\n<meta property=\"og:site_name\" content=\"Tiketi.com\" \/>\n<meta property=\"article:publisher\" content=\"https:\/\/www.facebook.com\/TiketiCom\/\" \/>\n<meta property=\"article:modified_time\" content=\"2022-02-07T15:45:42+00:00\" \/>\n<meta property=\"og:image\" content=\"https:\/\/tiketi.com\/wp-content\/uploads\/2022\/01\/flight-ticket-booking-sorasak-KxCJXXGsv9I-unsplas.jpg\" \/>\n\t<meta property=\"og:image:width\" content=\"1200\" \/>\n\t<meta property=\"og:image:height\" content=\"240\" \/>\n\t<meta property=\"og:image:type\" content=\"image\/jpeg\" \/>\n<meta name=\"twitter:card\" content=\"summary_large_image\" \/>\n<meta name=\"twitter:label1\" content=\"Dur\u00e9e de lecture estim\u00e9e\" \/>\n\t<meta name=\"twitter:data1\" content=\"3 minutes\" \/>\n<script type=\"application\/ld+json\" class=\"yoast-schema-graph\">{\"@context\":\"https:\\\/\\\/schema.org\",\"@graph\":[{\"@type\":\"WebPage\",\"@id\":\"https:\\\/\\\/tiketi.com\\\/en-gb\\\/flights-dar-es-salaam-entebbe-dar-ebb\\\/\",\"url\":\"https:\\\/\\\/tiketi.com\\\/en-gb\\\/flights-dar-es-salaam-entebbe-dar-ebb\\\/\",\"name\":\"Cheap Flights from\u00a0Dar es Salaam to Entebbe\",\"isPartOf\":{\"@id\":\"https:\\\/\\\/tiketi.com\\\/#website\"},\"primaryImageOfPage\":{\"@id\":\"https:\\\/\\\/tiketi.com\\\/en-gb\\\/flights-dar-es-salaam-entebbe-dar-ebb\\\/#primaryimage\"},\"image\":{\"@id\":\"https:\\\/\\\/tiketi.com\\\/en-gb\\\/flights-dar-es-salaam-entebbe-dar-ebb\\\/#primaryimage\"},\"thumbnailUrl\":\"https:\\\/\\\/tiketi.com\\\/wp-content\\\/uploads\\\/2022\\\/01\\\/flight-ticket-booking-sorasak-KxCJXXGsv9I-unsplas.jpg\",\"datePublished\":\"2022-01-19T11:55:16+00:00\",\"dateModified\":\"2022-02-07T15:45:42+00:00\",\"description\":\"Looking for cheap flights from\u00a0Dar es Salaam to Entebbe? Search, compare and book cheap airline ticket from Dar es Salaam to Entebbe online\",\"breadcrumb\":{\"@id\":\"https:\\\/\\\/tiketi.com\\\/en-gb\\\/flights-dar-es-salaam-entebbe-dar-ebb\\\/#breadcrumb\"},\"inLanguage\":\"fr-FR\",\"potentialAction\":[{\"@type\":\"ReadAction\",\"target\":[\"https:\\\/\\\/tiketi.com\\\/en-gb\\\/flights-dar-es-salaam-entebbe-dar-ebb\\\/\"]}]},{\"@type\":\"ImageObject\",\"inLanguage\":\"fr-FR\",\"@id\":\"https:\\\/\\\/tiketi.com\\\/en-gb\\\/flights-dar-es-salaam-entebbe-dar-ebb\\\/#primaryimage\",\"url\":\"https:\\\/\\\/tiketi.com\\\/wp-content\\\/uploads\\\/2022\\\/01\\\/flight-ticket-booking-sorasak-KxCJXXGsv9I-unsplas.jpg\",\"contentUrl\":\"https:\\\/\\\/tiketi.com\\\/wp-content\\\/uploads\\\/2022\\\/01\\\/flight-ticket-booking-sorasak-KxCJXXGsv9I-unsplas.jpg\",\"width\":1200,\"height\":240,\"caption\":\"Online flight ticket booking\"},{\"@type\":\"BreadcrumbList\",\"@id\":\"https:\\\/\\\/tiketi.com\\\/en-gb\\\/flights-dar-es-salaam-entebbe-dar-ebb\\\/#breadcrumb\",\"itemListElement\":[{\"@type\":\"ListItem\",\"position\":1,\"name\":\"Home\",\"item\":\"https:\\\/\\\/tiketi.com\\\/\"},{\"@type\":\"ListItem\",\"position\":2,\"name\":\"Cheap Flights from\u00a0Dar es Salaam to Entebbe\"}]},{\"@type\":\"WebSite\",\"@id\":\"https:\\\/\\\/tiketi.com\\\/#website\",\"url\":\"https:\\\/\\\/tiketi.com\\\/\",\"name\":\"Flight & Bus Tickets, Tour Packages & Activitites - Tiketi.com\",\"description\":\"Flight &amp; Bus Tickets, Tours, Activitites\",\"publisher\":{\"@id\":\"https:\\\/\\\/tiketi.com\\\/#organization\"},\"potentialAction\":[{\"@type\":\"SearchAction\",\"target\":{\"@type\":\"EntryPoint\",\"urlTemplate\":\"https:\\\/\\\/tiketi.com\\\/?s={search_term_string}\"},\"query-input\":{\"@type\":\"PropertyValueSpecification\",\"valueRequired\":true,\"valueName\":\"search_term_string\"}}],\"inLanguage\":\"fr-FR\"},{\"@type\":\"Organization\",\"@id\":\"https:\\\/\\\/tiketi.com\\\/#organization\",\"name\":\"Tiketi.com\",\"alternateName\":\"Tiketi\",\"url\":\"https:\\\/\\\/tiketi.com\\\/\",\"logo\":{\"@type\":\"ImageObject\",\"inLanguage\":\"fr-FR\",\"@id\":\"https:\\\/\\\/tiketi.com\\\/#\\\/schema\\\/logo\\\/image\\\/\",\"url\":\"https:\\\/\\\/tiketi.com\\\/wp-content\\\/uploads\\\/2019\\\/05\\\/tiketi-logo-696.png\",\"contentUrl\":\"https:\\\/\\\/tiketi.com\\\/wp-content\\\/uploads\\\/2019\\\/05\\\/tiketi-logo-696.png\",\"width\":696,\"height\":696,\"caption\":\"Tiketi.com\"},\"image\":{\"@id\":\"https:\\\/\\\/tiketi.com\\\/#\\\/schema\\\/logo\\\/image\\\/\"},\"sameAs\":[\"https:\\\/\\\/www.facebook.com\\\/TiketiCom\\\/\"]}]}<\/script>\n<!-- \/ Yoast SEO plugin. -->","yoast_head_json":{"title":"Vols \u00e0 bas prix de Dar es Salam \u00e0 Entebbe","description":"Vous recherchez des vols \u00e0 bas prix de Dar es Salam \u00e0 Entebbe ? Recherchez, comparez et r\u00e9servez en ligne un billet d&#039;avion pas cher de Dar es Salam \u00e0 Entebbe","robots":{"index":"index","follow":"follow","max-snippet":"max-snippet:-1","max-image-preview":"max-image-preview:large","max-video-preview":"max-video-preview:-1"},"canonical":"https:\/\/tiketi.com\/fr-fr\/flights-dar-es-salaam-entebbe-dar-ebb\/","og_locale":"fr_FR","og_type":"article","og_title":"Cheap Flights from\u00a0Dar es Salaam to Entebbe","og_description":"Looking for cheap flights from\u00a0Dar es Salaam to Entebbe? Search, compare and book cheap airline ticket from Dar es Salaam to Entebbe online","og_url":"https:\/\/tiketi.com\/fr-fr\/flights-dar-es-salaam-entebbe-dar-ebb\/","og_site_name":"Tiketi.com","article_publisher":"https:\/\/www.facebook.com\/TiketiCom\/","article_modified_time":"2022-02-07T15:45:42+00:00","og_image":[{"width":1200,"height":240,"url":"https:\/\/tiketi.com\/wp-content\/uploads\/2022\/01\/flight-ticket-booking-sorasak-KxCJXXGsv9I-unsplas.jpg","type":"image\/jpeg"}],"twitter_card":"summary_large_image","twitter_misc":{"Dur\u00e9e de lecture estim\u00e9e":"3 minutes"},"schema":{"@context":"https:\/\/schema.org","@graph":[{"@type":"WebPage","@id":"https:\/\/tiketi.com\/en-gb\/flights-dar-es-salaam-entebbe-dar-ebb\/","url":"https:\/\/tiketi.com\/en-gb\/flights-dar-es-salaam-entebbe-dar-ebb\/","name":"Vols \u00e0 bas prix de Dar es Salam \u00e0 Entebbe","isPartOf":{"@id":"https:\/\/tiketi.com\/#website"},"primaryImageOfPage":{"@id":"https:\/\/tiketi.com\/en-gb\/flights-dar-es-salaam-entebbe-dar-ebb\/#primaryimage"},"image":{"@id":"https:\/\/tiketi.com\/en-gb\/flights-dar-es-salaam-entebbe-dar-ebb\/#primaryimage"},"thumbnailUrl":"https:\/\/tiketi.com\/wp-content\/uploads\/2022\/01\/flight-ticket-booking-sorasak-KxCJXXGsv9I-unsplas.jpg","datePublished":"2022-01-19T11:55:16+00:00","dateModified":"2022-02-07T15:45:42+00:00","description":"Vous recherchez des vols \u00e0 bas prix de Dar es Salam \u00e0 Entebbe ? Recherchez, comparez et r\u00e9servez en ligne un billet d&#039;avion pas cher de Dar es Salam \u00e0 Entebbe","breadcrumb":{"@id":"https:\/\/tiketi.com\/en-gb\/flights-dar-es-salaam-entebbe-dar-ebb\/#breadcrumb"},"inLanguage":"fr-FR","potentialAction":[{"@type":"ReadAction","target":["https:\/\/tiketi.com\/en-gb\/flights-dar-es-salaam-entebbe-dar-ebb\/"]}]},{"@type":"ImageObject","inLanguage":"fr-FR","@id":"https:\/\/tiketi.com\/en-gb\/flights-dar-es-salaam-entebbe-dar-ebb\/#primaryimage","url":"https:\/\/tiketi.com\/wp-content\/uploads\/2022\/01\/flight-ticket-booking-sorasak-KxCJXXGsv9I-unsplas.jpg","contentUrl":"https:\/\/tiketi.com\/wp-content\/uploads\/2022\/01\/flight-ticket-booking-sorasak-KxCJXXGsv9I-unsplas.jpg","width":1200,"height":240,"caption":"Online flight ticket booking"},{"@type":"BreadcrumbList","@id":"https:\/\/tiketi.com\/en-gb\/flights-dar-es-salaam-entebbe-dar-ebb\/#breadcrumb","itemListElement":[{"@type":"ListItem","position":1,"name":"Home","item":"https:\/\/tiketi.com\/"},{"@type":"ListItem","position":2,"name":"Cheap Flights from\u00a0Dar es Salaam to Entebbe"}]},{"@type":"WebSite","@id":"https:\/\/tiketi.com\/#website","url":"https:\/\/tiketi.com\/","name":"Billets d&#039;avion et de bus, forfaits touristiques et activit\u00e9s - Tiketi.com","description":"Billets d&#039;avion et de bus, Tours, Activit\u00e9s","publisher":{"@id":"https:\/\/tiketi.com\/#organization"},"potentialAction":[{"@type":"SearchAction","target":{"@type":"EntryPoint","urlTemplate":"https:\/\/tiketi.com\/?s={search_term_string}"},"query-input":{"@type":"PropertyValueSpecification","valueRequired":true,"valueName":"search_term_string"}}],"inLanguage":"fr-FR"},{"@type":"Organization","@id":"https:\/\/tiketi.com\/#organization","name":"Tiketi.com","alternateName":"Tiketi","url":"https:\/\/tiketi.com\/","logo":{"@type":"ImageObject","inLanguage":"fr-FR","@id":"https:\/\/tiketi.com\/#\/schema\/logo\/image\/","url":"https:\/\/tiketi.com\/wp-content\/uploads\/2019\/05\/tiketi-logo-696.png","contentUrl":"https:\/\/tiketi.com\/wp-content\/uploads\/2019\/05\/tiketi-logo-696.png","width":696,"height":696,"caption":"Tiketi.com"},"image":{"@id":"https:\/\/tiketi.com\/#\/schema\/logo\/image\/"},"sameAs":["https:\/\/www.facebook.com\/TiketiCom\/"]}]}},"_links":{"self":[{"href":"https:\/\/tiketi.com\/fr-fr\/wp-json\/wp\/v2\/pages\/11838","targetHints":{"allow":["GET"]}}],"collection":[{"href":"https:\/\/tiketi.com\/fr-fr\/wp-json\/wp\/v2\/pages"}],"about":[{"href":"https:\/\/tiketi.com\/fr-fr\/wp-json\/wp\/v2\/types\/page"}],"author":[{"embeddable":true,"href":"https:\/\/tiketi.com\/fr-fr\/wp-json\/wp\/v2\/users\/1"}],"replies":[{"embeddable":true,"href":"https:\/\/tiketi.com\/fr-fr\/wp-json\/wp\/v2\/comments?post=11838"}],"version-history":[{"count":0,"href":"https:\/\/tiketi.com\/fr-fr\/wp-json\/wp\/v2\/pages\/11838\/revisions"}],"wp:featuredmedia":[{"embeddable":true,"href":"https:\/\/tiketi.com\/fr-fr\/wp-json\/wp\/v2\/media\/14041"}],"wp:attachment":[{"href":"https:\/\/tiketi.com\/fr-fr\/wp-json\/wp\/v2\/media?parent=11838"}],"curies":[{"name":"wp","href":"https:\/\/api.w.org\/{rel}","templated":true}]}}