{"id":11839,"date":"2022-01-19T12:55:16","date_gmt":"2022-01-19T11:55:16","guid":{"rendered":"https:\/\/new.tiketi.com\/cheap-flights-from-dar-es-salaam-to-comoros\/"},"modified":"2022-03-28T16:09:40","modified_gmt":"2022-03-28T15:09:40","slug":"flights-dar-es-salaam-comoros-dar-aha","status":"publish","type":"page","link":"https:\/\/tiketi.com\/fr-fr\/flights-dar-es-salaam-comoros-dar-aha\/","title":{"rendered":"Vols \u00e0 bas prix de Dar es Salam \u00e0 Comores"},"content":{"rendered":"<h2 id=\"looking-for-cheap-airline-ticket-from-cape-town-to-victoria-falls-or-last-minute-deals\">Vous recherchez un billet d&#039;avion pas cher Dar es Salam vers Comores ou des offres de derni\u00e8re minute ?<\/h2>\n<h2><span style=\"font-size: 16px;\"><!-- \/wp:post-content --><!-- wp:heading {\"level\":3} --><\/span><\/h2>\n<h3 id=\"search-compare-and-book-cheap-airline-ticket-from-cape-town-cpt-to-victoria-falls-vfa-online-now\">Cherchez, comparez et r\u00e9servez en ligne maintenant un billet d&#039;avion pas cher entre Dar es Salam (DAR) et Comores (AHA).<\/h3>\n<h2><span style=\"font-size: 16px;\"><!-- \/wp:heading --><!-- wp:paragraph --><\/span><\/h2>\nComparez et r\u00e9servez en ligne des vols pas chers de Dar es Salam \u00e0 Comores et gagnez du temps et de l&#039;argent. Les \u00eeles Comores sont un archipel dynamique situ\u00e9 au large des c\u00f4tes africaines dans l&#039;oc\u00e9an Indien. Cet endroit obscur est vraiment \u00e0 la hauteur de la hype paradisiaque qui l&#039;entoure - pensez aux palmiers et aux bananiers, aux panoramas incroyables et \u00e0 la nature intacte. Vous pouvez visiter les Comores gr\u00e2ce \u00e0 des offres exceptionnelles sur les billets d&#039;avion de Dar es Salaam aux Comores et \u00e9conomiser gros sur vos vols de Dar es Salaam aux Comores.\n<h2>Voici quelques-unes des meilleures attractions<\/h2>\n<h3>Lagon de Mayottee<\/h3>\nC&#039;est un merveilleux monde sous-marin du lagon de Mayotte, l&#039;un des plus grands lagons ferm\u00e9s de la plan\u00e8te. Le Llot Bouzi, grand arri\u00e8re-pays de la lagune de Mayotte est un lieu de conservation de la faune des esp\u00e8ces de l\u00e9muriens de Mayotte.\n<h3>Quartier arabe<\/h3>\nLe quartier arabe est compos\u00e9 du quartier autour du port et de la vieille mosqu\u00e9e du vendredi. C&#039;est une m\u00e9dina \u00e9troite remplie de b\u00e2timents datant de l&#039;\u00e9poque swahili.\n<h3>Moh\u00e9li<\/h3>\nBien qu&#039;il s&#039;agisse de la petite \u00eele des Comores, c&#039;est certainement la plus \u00e9tonnante du lot. Moheli est habit\u00e9 par extr\u00eamement peu de personnes, et il est en grande partie sous-d\u00e9velopp\u00e9 et principalement sauvage en cons\u00e9quence. Il abrite le c\u00e9l\u00e8bre parc national du pays, le Parc Marin de Moheli. Si vous aimez la nature, vous voudrez d\u00e9couvrir les \u00eelots escarp\u00e9s qui bordent l&#039;\u00eele, car ce sont des endroits remarquables pour observer la vie marine comme les baleines, les tortues et les dauphins.\n<h2>FAQ sur les vols pas chers de Dar es Salam \u00e0 Comores<\/h2>\n<h3>Combien de vols sont op\u00e9r\u00e9s par semaine entre Dar es Salam et Comores ?<\/h3>\nIl y a en moyenne 24 vols Dar es Salaam vers Comores par semaine.\n<h3>Combien de vols directs Dar es Salaam vers Comores sont-ils op\u00e9r\u00e9s ?<\/h3>\nIl n&#039;y a que quatre vols directs entre Dar es Salaam et les Comores.\n<h3>Quelle est la dur\u00e9e du vol Dar es Salaam \u00e0 Comores ?<\/h3>\nLes vols directs de Dar es Salaam aux Comores prennent 2h 10min.\n<h3>Quelle est la distance entre les vols de Dar es Salam \u00e0 Comores ?<\/h3>\nLa distance des vols entre Dar es Salaam et les Comores est de 697 km.\n<h3>Quelle est la compagnie a\u00e9rienne la moins ch\u00e8re sur un billet d&#039;avion Dar es Salam vers Comores ?<\/h3>\nOman Air propose le billet d&#039;avion le moins cher entre Dar es Salaam et les Comores.\n<h2>Conseils sur les vols Dar es Salaam - Comores<\/h2>\n<ul>\n \t<li>Dar es Salaam, Tanzanie est \u00e0 680 km de Comores.<\/li>\n \t<li>Il y a trois vols hebdomadaires entre Dar es Salaam et les Comores.<\/li>\n \t<li>Deux vols sans escale op\u00e8rent de Dar es Salaam aux Comores.<\/li>\n \t<li>Le Cambodge propose le plus de vols sans escale entre les Comores et Dar es Salaam.<\/li>\n \t<li>Nairobi, Kenya - Jomo Kenyatt Intl est le lien le plus c\u00e9l\u00e8bre pour les vols \u00e0 escale entre les Comores et Dar es Salaam.<\/li>\n \t<li>La dur\u00e9e de vol moyenne pour un vol direct au d\u00e9part de Dar es Salam pour Comores est 2h 10min.<\/li>\n<\/ul>","protected":false},"excerpt":{"rendered":"<p>Looking for cheap airline ticket from Dar es Salaam to Comoros\u00a0or last minute deals? Search, compare and book cheap airline ticket from Dar es Salaam (DAR) to Comoros (AHA) online now. Compare and book cheap flights from Dar es Salaam to Comoros online and save time and money. The Comoros Islands are dynamic archipelago that [&hellip;]<\/p>\n","protected":false},"author":1,"featured_media":14041,"parent":0,"menu_order":0,"comment_status":"open","ping_status":"closed","template":"template-home-modern.php","meta":{"footnotes":""},"class_list":["post-11839","page","type-page","status-publish","has-post-thumbnail","hentry"],"yoast_head":"<!-- This site is optimized with the Yoast SEO plugin v27.3 - https:\/\/yoast.com\/product\/yoast-seo-wordpress\/ -->\n<title>Cheap Flights from Dar es Salaam to Comoros<\/title>\n<meta name=\"description\" content=\"Looking for cheap flights from\u00a0Dar es Salaam to Comoros? Search, compare and book cheap airline ticket from Dar es Salaam to Comoros online\" \/>\n<meta name=\"robots\" content=\"index, follow, max-snippet:-1, max-image-preview:large, max-video-preview:-1\" \/>\n<link rel=\"canonical\" href=\"https:\/\/tiketi.com\/fr-fr\/flights-dar-es-salaam-comoros-dar-aha\/\" \/>\n<meta property=\"og:locale\" content=\"fr_FR\" \/>\n<meta property=\"og:type\" content=\"article\" \/>\n<meta property=\"og:title\" content=\"Cheap Flights from Dar es Salaam to Comoros\" \/>\n<meta property=\"og:description\" content=\"Looking for cheap flights from\u00a0Dar es Salaam to Comoros? Search, compare and book cheap airline ticket from Dar es Salaam to Comoros online\" \/>\n<meta property=\"og:url\" content=\"https:\/\/tiketi.com\/fr-fr\/flights-dar-es-salaam-comoros-dar-aha\/\" \/>\n<meta property=\"og:site_name\" content=\"Tiketi.com\" \/>\n<meta property=\"article:publisher\" content=\"https:\/\/www.facebook.com\/TiketiCom\/\" \/>\n<meta property=\"article:modified_time\" content=\"2022-03-28T15:09:40+00:00\" \/>\n<meta property=\"og:image\" content=\"https:\/\/tiketi.com\/wp-content\/uploads\/2022\/01\/flight-ticket-booking-sorasak-KxCJXXGsv9I-unsplas.jpg\" \/>\n\t<meta property=\"og:image:width\" content=\"1200\" \/>\n\t<meta property=\"og:image:height\" content=\"240\" \/>\n\t<meta property=\"og:image:type\" content=\"image\/jpeg\" \/>\n<meta name=\"twitter:card\" content=\"summary_large_image\" \/>\n<meta name=\"twitter:label1\" content=\"Dur\u00e9e de lecture estim\u00e9e\" \/>\n\t<meta name=\"twitter:data1\" content=\"3 minutes\" \/>\n<script type=\"application\/ld+json\" class=\"yoast-schema-graph\">{\"@context\":\"https:\\\/\\\/schema.org\",\"@graph\":[{\"@type\":\"WebPage\",\"@id\":\"https:\\\/\\\/tiketi.com\\\/flights-dar-es-salaam-comoros-dar-aha\\\/\",\"url\":\"https:\\\/\\\/tiketi.com\\\/flights-dar-es-salaam-comoros-dar-aha\\\/\",\"name\":\"Cheap Flights from Dar es Salaam to Comoros\",\"isPartOf\":{\"@id\":\"https:\\\/\\\/tiketi.com\\\/#website\"},\"primaryImageOfPage\":{\"@id\":\"https:\\\/\\\/tiketi.com\\\/flights-dar-es-salaam-comoros-dar-aha\\\/#primaryimage\"},\"image\":{\"@id\":\"https:\\\/\\\/tiketi.com\\\/flights-dar-es-salaam-comoros-dar-aha\\\/#primaryimage\"},\"thumbnailUrl\":\"https:\\\/\\\/tiketi.com\\\/wp-content\\\/uploads\\\/2022\\\/01\\\/flight-ticket-booking-sorasak-KxCJXXGsv9I-unsplas.jpg\",\"datePublished\":\"2022-01-19T11:55:16+00:00\",\"dateModified\":\"2022-03-28T15:09:40+00:00\",\"description\":\"Looking for cheap flights from\u00a0Dar es Salaam to Comoros? Search, compare and book cheap airline ticket from Dar es Salaam to Comoros online\",\"breadcrumb\":{\"@id\":\"https:\\\/\\\/tiketi.com\\\/flights-dar-es-salaam-comoros-dar-aha\\\/#breadcrumb\"},\"inLanguage\":\"fr-FR\",\"potentialAction\":[{\"@type\":\"ReadAction\",\"target\":[\"https:\\\/\\\/tiketi.com\\\/flights-dar-es-salaam-comoros-dar-aha\\\/\"]}]},{\"@type\":\"ImageObject\",\"inLanguage\":\"fr-FR\",\"@id\":\"https:\\\/\\\/tiketi.com\\\/flights-dar-es-salaam-comoros-dar-aha\\\/#primaryimage\",\"url\":\"https:\\\/\\\/tiketi.com\\\/wp-content\\\/uploads\\\/2022\\\/01\\\/flight-ticket-booking-sorasak-KxCJXXGsv9I-unsplas.jpg\",\"contentUrl\":\"https:\\\/\\\/tiketi.com\\\/wp-content\\\/uploads\\\/2022\\\/01\\\/flight-ticket-booking-sorasak-KxCJXXGsv9I-unsplas.jpg\",\"width\":1200,\"height\":240,\"caption\":\"Online flight ticket booking\"},{\"@type\":\"BreadcrumbList\",\"@id\":\"https:\\\/\\\/tiketi.com\\\/flights-dar-es-salaam-comoros-dar-aha\\\/#breadcrumb\",\"itemListElement\":[{\"@type\":\"ListItem\",\"position\":1,\"name\":\"Home\",\"item\":\"https:\\\/\\\/tiketi.com\\\/\"},{\"@type\":\"ListItem\",\"position\":2,\"name\":\"Cheap Flights from Dar es Salaam to Comoros\"}]},{\"@type\":\"WebSite\",\"@id\":\"https:\\\/\\\/tiketi.com\\\/#website\",\"url\":\"https:\\\/\\\/tiketi.com\\\/\",\"name\":\"Flight & Bus Tickets, Tour Packages & Activitites - Tiketi.com\",\"description\":\"Flight &amp; Bus Tickets, Tours, Activitites\",\"publisher\":{\"@id\":\"https:\\\/\\\/tiketi.com\\\/#organization\"},\"potentialAction\":[{\"@type\":\"SearchAction\",\"target\":{\"@type\":\"EntryPoint\",\"urlTemplate\":\"https:\\\/\\\/tiketi.com\\\/?s={search_term_string}\"},\"query-input\":{\"@type\":\"PropertyValueSpecification\",\"valueRequired\":true,\"valueName\":\"search_term_string\"}}],\"inLanguage\":\"fr-FR\"},{\"@type\":\"Organization\",\"@id\":\"https:\\\/\\\/tiketi.com\\\/#organization\",\"name\":\"Tiketi.com\",\"alternateName\":\"Tiketi\",\"url\":\"https:\\\/\\\/tiketi.com\\\/\",\"logo\":{\"@type\":\"ImageObject\",\"inLanguage\":\"fr-FR\",\"@id\":\"https:\\\/\\\/tiketi.com\\\/#\\\/schema\\\/logo\\\/image\\\/\",\"url\":\"https:\\\/\\\/tiketi.com\\\/wp-content\\\/uploads\\\/2019\\\/05\\\/tiketi-logo-696.png\",\"contentUrl\":\"https:\\\/\\\/tiketi.com\\\/wp-content\\\/uploads\\\/2019\\\/05\\\/tiketi-logo-696.png\",\"width\":696,\"height\":696,\"caption\":\"Tiketi.com\"},\"image\":{\"@id\":\"https:\\\/\\\/tiketi.com\\\/#\\\/schema\\\/logo\\\/image\\\/\"},\"sameAs\":[\"https:\\\/\\\/www.facebook.com\\\/TiketiCom\\\/\"]}]}<\/script>\n<!-- \/ Yoast SEO plugin. -->","yoast_head_json":{"title":"Vols \u00e0 bas prix de Dar es Salam \u00e0 Comores","description":"Vous recherchez des vols \u00e0 bas prix de Dar es Salam vers Comores ? Recherchez, comparez et r\u00e9servez en ligne un billet d&#039;avion pas cher de Dar es Salam \u00e0 Comores","robots":{"index":"index","follow":"follow","max-snippet":"max-snippet:-1","max-image-preview":"max-image-preview:large","max-video-preview":"max-video-preview:-1"},"canonical":"https:\/\/tiketi.com\/fr-fr\/flights-dar-es-salaam-comoros-dar-aha\/","og_locale":"fr_FR","og_type":"article","og_title":"Cheap Flights from Dar es Salaam to Comoros","og_description":"Looking for cheap flights from\u00a0Dar es Salaam to Comoros? Search, compare and book cheap airline ticket from Dar es Salaam to Comoros online","og_url":"https:\/\/tiketi.com\/fr-fr\/flights-dar-es-salaam-comoros-dar-aha\/","og_site_name":"Tiketi.com","article_publisher":"https:\/\/www.facebook.com\/TiketiCom\/","article_modified_time":"2022-03-28T15:09:40+00:00","og_image":[{"width":1200,"height":240,"url":"https:\/\/tiketi.com\/wp-content\/uploads\/2022\/01\/flight-ticket-booking-sorasak-KxCJXXGsv9I-unsplas.jpg","type":"image\/jpeg"}],"twitter_card":"summary_large_image","twitter_misc":{"Dur\u00e9e de lecture estim\u00e9e":"3 minutes"},"schema":{"@context":"https:\/\/schema.org","@graph":[{"@type":"WebPage","@id":"https:\/\/tiketi.com\/flights-dar-es-salaam-comoros-dar-aha\/","url":"https:\/\/tiketi.com\/flights-dar-es-salaam-comoros-dar-aha\/","name":"Vols \u00e0 bas prix de Dar es Salam \u00e0 Comores","isPartOf":{"@id":"https:\/\/tiketi.com\/#website"},"primaryImageOfPage":{"@id":"https:\/\/tiketi.com\/flights-dar-es-salaam-comoros-dar-aha\/#primaryimage"},"image":{"@id":"https:\/\/tiketi.com\/flights-dar-es-salaam-comoros-dar-aha\/#primaryimage"},"thumbnailUrl":"https:\/\/tiketi.com\/wp-content\/uploads\/2022\/01\/flight-ticket-booking-sorasak-KxCJXXGsv9I-unsplas.jpg","datePublished":"2022-01-19T11:55:16+00:00","dateModified":"2022-03-28T15:09:40+00:00","description":"Vous recherchez des vols \u00e0 bas prix de Dar es Salam vers Comores ? Recherchez, comparez et r\u00e9servez en ligne un billet d&#039;avion pas cher de Dar es Salam \u00e0 Comores","breadcrumb":{"@id":"https:\/\/tiketi.com\/flights-dar-es-salaam-comoros-dar-aha\/#breadcrumb"},"inLanguage":"fr-FR","potentialAction":[{"@type":"ReadAction","target":["https:\/\/tiketi.com\/flights-dar-es-salaam-comoros-dar-aha\/"]}]},{"@type":"ImageObject","inLanguage":"fr-FR","@id":"https:\/\/tiketi.com\/flights-dar-es-salaam-comoros-dar-aha\/#primaryimage","url":"https:\/\/tiketi.com\/wp-content\/uploads\/2022\/01\/flight-ticket-booking-sorasak-KxCJXXGsv9I-unsplas.jpg","contentUrl":"https:\/\/tiketi.com\/wp-content\/uploads\/2022\/01\/flight-ticket-booking-sorasak-KxCJXXGsv9I-unsplas.jpg","width":1200,"height":240,"caption":"Online flight ticket booking"},{"@type":"BreadcrumbList","@id":"https:\/\/tiketi.com\/flights-dar-es-salaam-comoros-dar-aha\/#breadcrumb","itemListElement":[{"@type":"ListItem","position":1,"name":"Home","item":"https:\/\/tiketi.com\/"},{"@type":"ListItem","position":2,"name":"Cheap Flights from Dar es Salaam to Comoros"}]},{"@type":"WebSite","@id":"https:\/\/tiketi.com\/#website","url":"https:\/\/tiketi.com\/","name":"Billets d&#039;avion et de bus, forfaits touristiques et activit\u00e9s - Tiketi.com","description":"Billets d&#039;avion et de bus, Tours, Activit\u00e9s","publisher":{"@id":"https:\/\/tiketi.com\/#organization"},"potentialAction":[{"@type":"SearchAction","target":{"@type":"EntryPoint","urlTemplate":"https:\/\/tiketi.com\/?s={search_term_string}"},"query-input":{"@type":"PropertyValueSpecification","valueRequired":true,"valueName":"search_term_string"}}],"inLanguage":"fr-FR"},{"@type":"Organization","@id":"https:\/\/tiketi.com\/#organization","name":"Tiketi.com","alternateName":"Tiketi","url":"https:\/\/tiketi.com\/","logo":{"@type":"ImageObject","inLanguage":"fr-FR","@id":"https:\/\/tiketi.com\/#\/schema\/logo\/image\/","url":"https:\/\/tiketi.com\/wp-content\/uploads\/2019\/05\/tiketi-logo-696.png","contentUrl":"https:\/\/tiketi.com\/wp-content\/uploads\/2019\/05\/tiketi-logo-696.png","width":696,"height":696,"caption":"Tiketi.com"},"image":{"@id":"https:\/\/tiketi.com\/#\/schema\/logo\/image\/"},"sameAs":["https:\/\/www.facebook.com\/TiketiCom\/"]}]}},"_links":{"self":[{"href":"https:\/\/tiketi.com\/fr-fr\/wp-json\/wp\/v2\/pages\/11839","targetHints":{"allow":["GET"]}}],"collection":[{"href":"https:\/\/tiketi.com\/fr-fr\/wp-json\/wp\/v2\/pages"}],"about":[{"href":"https:\/\/tiketi.com\/fr-fr\/wp-json\/wp\/v2\/types\/page"}],"author":[{"embeddable":true,"href":"https:\/\/tiketi.com\/fr-fr\/wp-json\/wp\/v2\/users\/1"}],"replies":[{"embeddable":true,"href":"https:\/\/tiketi.com\/fr-fr\/wp-json\/wp\/v2\/comments?post=11839"}],"version-history":[{"count":0,"href":"https:\/\/tiketi.com\/fr-fr\/wp-json\/wp\/v2\/pages\/11839\/revisions"}],"wp:featuredmedia":[{"embeddable":true,"href":"https:\/\/tiketi.com\/fr-fr\/wp-json\/wp\/v2\/media\/14041"}],"wp:attachment":[{"href":"https:\/\/tiketi.com\/fr-fr\/wp-json\/wp\/v2\/media?parent=11839"}],"curies":[{"name":"wp","href":"https:\/\/api.w.org\/{rel}","templated":true}]}}