{"id":11840,"date":"2022-01-19T12:55:16","date_gmt":"2022-01-19T11:55:16","guid":{"rendered":"https:\/\/new.tiketi.com\/cheap-flights-from-dar-es-salaam-to-bujumbura\/"},"modified":"2022-02-07T16:09:19","modified_gmt":"2022-02-07T15:09:19","slug":"flightsdar-es-salaam-bujumbura-dar-bjm","status":"publish","type":"page","link":"https:\/\/tiketi.com\/fr-fr\/flightsdar-es-salaam-bujumbura-dar-bjm\/","title":{"rendered":"Vols \u00e0 bas prix de Dar es Salam \u00e0 Bujumbura"},"content":{"rendered":"<h2>Vous recherchez un billet d&#039;avion pas cher de Dar es Salam \u00e0 Bujumbura ou des offres de derni\u00e8re minute ?<\/h2>\n<h3>Recherchez, comparez et r\u00e9servez en ligne maintenant un billet d&#039;avion pas cher entre Dar es Salam (DAR) et Bujumbura (BJM).<\/h3>\n<p>R\u00e9servez en ligne des vols \u00e0 bas prix de Dar es Salam \u00e0 Bujumbura et \u00e9conomisez du temps et de l&#039;argent. Bujumbura est la plus grande ville et capitale de Brandi. Buja, comme on appelle g\u00e9n\u00e9ralement la ville, propose un large \u00e9ventail d&#039;attractions et d&#039;activit\u00e9s pour les visiteurs et une vie nocturne incroyable. Vous pouvez visiter Bujumbura gr\u00e2ce \u00e0 des offres exceptionnelles sur les billets d&#039;avion de Dar es Salam \u00e0 Bujumbura au meilleur prix et voler de Dar es Salam \u00e0 Bujumbura \u00e0 bas prix.<\/p>\n<h2>Voici quelques-unes des meilleures attractions de la ville<\/h2>\n<h3>Parc national de la Rusizi<\/h3>\n<p>L&#039;une des plus grandes r\u00e9serves naturelles du pays, vous adorerez la collection d&#039;hippopotames et de rhinoc\u00e9ros du parc national de la Rusizi. Vous devez venir t\u00f4t le matin pour passer une journ\u00e9e compl\u00e8te avec la faune. Le personnel ici vous fournira une protection suffisante car il y aura des gardes arm\u00e9s avec le groupe de visiteurs. Ce parc poss\u00e8de une grande collection d&#039;alligators et d&#039;antilopes au bord de la rivi\u00e8re. L&#039;avantage de ce parc est que vous pouvez m\u00eame venir pique-niquer dans cette zone prot\u00e9g\u00e9e unique.<\/p>\n<h3>Kanyosha<\/h3>\n<p>Kanyosha est situ\u00e9 dans la ville de Bujumbura. C&#039;est g\u00e9n\u00e9ralement un joyau cach\u00e9 et rempli de visiteurs. Il est entour\u00e9 de plusieurs flore et faune parfaites que vous pouvez observer tout en vous promenant dans les environs. L&#039;endroit est habit\u00e9 par diff\u00e9rentes localit\u00e9s et vous pourrez voir la vie quotidienne de ces personnes. Une fois que vous avez visit\u00e9 cet endroit, vous pouvez capturer la beaut\u00e9 de l&#039;endroit dans votre appareil photo et ensuite recommander \u00e0 vos amis de visiter cet endroit \u00e9galement.<\/p>\n<h2>FAQ sur les vols pas chers de Dar es Salam \u00e0 Bujumbura<\/h2>\n<h3>Quelle est la dur\u00e9e du vol entre Dar es Salam et Bujumbura ?<\/h3>\n<p>La dur\u00e9e moyenne d&#039;un vol Dar es Salam-Bujumbura est de 3 h 10 min.<\/p>\n<h3>Combien de compagnies a\u00e9riennes op\u00e8rent des vols directs entre Dar es Salam et Bujumbura ?<\/h3>\n<p>Aucune compagnie a\u00e9rienne n&#039;op\u00e8re de vol direct entre Dar es Salam et Bujumbura.<\/p>\n<h3>Combien de compagnies a\u00e9riennes y a-t-il \u00e0 Dar es Salam qui proposent des vols de Dar es Salam \u00e0 Bujumbura ?<\/h3>\n<p>Il y a 1 compagnie a\u00e9rienne \u00e0 Dar es Salam qui propose des vols Dar es Salam - Bujumbura.<\/p>\n<h3>Le meilleur moment pour r\u00e9server un billet d&#039;avion pas cher de Dar es Salam \u00e0 Bujumbura<\/h3>\n<p>G\u00e9n\u00e9ralement, le meilleur moment pour r\u00e9server un billet d&#039;avion pas cher de Dar es Salam \u00e0 Bujumbura est de 2 mois \u00e0 l&#039;avance. Et les jours les moins chers pour voler sont les mercredis, mardis et samedis. Le dimanche est le plus cher.<\/p>\n<h3>Quelle est la compagnie a\u00e9rienne la plus c\u00e9l\u00e8bre pour les vols directs entre Bujumbura et Dar es Salam ?<\/h3>\n<p>Rwanda Air propose des vols sans escale entre Bujumbura et Dar es Salaam.<\/p>\n<h2>Conseils sur les vols Dar es Salam - Bujumbura<\/h2>\n<p>\u2022 Dar es Salaam, Tanzanie est \u00e0 720 miles de Bujumbura<\/p>\n<p>\u2022 Zanzibar \u2013 Zanzibar Kisauni est la liaison la plus c\u00e9l\u00e8bre pour les vols \u00e0 escale entre Bujumbura et Dar es Salaam.<\/p>\n<p>\u2022 Le temps de vol le plus rapide pour les vols directs de Dar es Salaam \u00e0 Bujumbura est de trois heures dix minutes. Le temps de vol moyen est de trois heures dix minutes.<\/p>","protected":false},"excerpt":{"rendered":"<p>Looking for cheap airline ticket from Dar es Salaam to Bujumbura\u00a0or last minute deals? Search, compare and book cheap airline ticket from Dar es Salaam (DAR) to Bujumbura (BJM) online now. Book cheap flights from Dar es Salaam to Bujumbura online and save time and money. Bujumbura is Brandi&#8217;s biggest city and capital. Buja, as [&hellip;]<\/p>\n","protected":false},"author":1,"featured_media":14041,"parent":0,"menu_order":0,"comment_status":"open","ping_status":"closed","template":"template-home-modern.php","meta":{"footnotes":""},"class_list":["post-11840","page","type-page","status-publish","has-post-thumbnail","hentry"],"yoast_head":"<!-- This site is optimized with the Yoast SEO plugin v27.3 - https:\/\/yoast.com\/product\/yoast-seo-wordpress\/ -->\n<title>Cheap Flights from\u00a0Dar es Salaam to Bujumbura<\/title>\n<meta name=\"description\" content=\"Looking for cheap flights from\u00a0Dar es Salaam to Bujumbura? Search, compare and book cheap airline ticket from Dar es Salaam to Bujumbura online\" \/>\n<meta name=\"robots\" content=\"index, follow, max-snippet:-1, max-image-preview:large, max-video-preview:-1\" \/>\n<link rel=\"canonical\" href=\"https:\/\/tiketi.com\/fr-fr\/flightsdar-es-salaam-bujumbura-dar-bjm\/\" \/>\n<meta property=\"og:locale\" content=\"fr_FR\" \/>\n<meta property=\"og:type\" content=\"article\" \/>\n<meta property=\"og:title\" content=\"Cheap Flights from\u00a0Dar es Salaam to Bujumbura\" \/>\n<meta property=\"og:description\" content=\"Looking for cheap flights from\u00a0Dar es Salaam to Bujumbura? Search, compare and book cheap airline ticket from Dar es Salaam to Bujumbura online\" \/>\n<meta property=\"og:url\" content=\"https:\/\/tiketi.com\/fr-fr\/flightsdar-es-salaam-bujumbura-dar-bjm\/\" \/>\n<meta property=\"og:site_name\" content=\"Tiketi.com\" \/>\n<meta property=\"article:publisher\" content=\"https:\/\/www.facebook.com\/TiketiCom\/\" \/>\n<meta property=\"article:modified_time\" content=\"2022-02-07T15:09:19+00:00\" \/>\n<meta property=\"og:image\" content=\"https:\/\/tiketi.com\/wp-content\/uploads\/2022\/01\/flight-ticket-booking-sorasak-KxCJXXGsv9I-unsplas.jpg\" \/>\n\t<meta property=\"og:image:width\" content=\"1200\" \/>\n\t<meta property=\"og:image:height\" content=\"240\" \/>\n\t<meta property=\"og:image:type\" content=\"image\/jpeg\" \/>\n<meta name=\"twitter:card\" content=\"summary_large_image\" \/>\n<meta name=\"twitter:label1\" content=\"Dur\u00e9e de lecture estim\u00e9e\" \/>\n\t<meta name=\"twitter:data1\" content=\"3 minutes\" \/>\n<script type=\"application\/ld+json\" class=\"yoast-schema-graph\">{\"@context\":\"https:\\\/\\\/schema.org\",\"@graph\":[{\"@type\":\"WebPage\",\"@id\":\"https:\\\/\\\/tiketi.com\\\/en-gb\\\/flightsdar-es-salaam-bujumbura-dar-bjm\\\/\",\"url\":\"https:\\\/\\\/tiketi.com\\\/en-gb\\\/flightsdar-es-salaam-bujumbura-dar-bjm\\\/\",\"name\":\"Cheap Flights from\u00a0Dar es Salaam to Bujumbura\",\"isPartOf\":{\"@id\":\"https:\\\/\\\/tiketi.com\\\/#website\"},\"primaryImageOfPage\":{\"@id\":\"https:\\\/\\\/tiketi.com\\\/en-gb\\\/flightsdar-es-salaam-bujumbura-dar-bjm\\\/#primaryimage\"},\"image\":{\"@id\":\"https:\\\/\\\/tiketi.com\\\/en-gb\\\/flightsdar-es-salaam-bujumbura-dar-bjm\\\/#primaryimage\"},\"thumbnailUrl\":\"https:\\\/\\\/tiketi.com\\\/wp-content\\\/uploads\\\/2022\\\/01\\\/flight-ticket-booking-sorasak-KxCJXXGsv9I-unsplas.jpg\",\"datePublished\":\"2022-01-19T11:55:16+00:00\",\"dateModified\":\"2022-02-07T15:09:19+00:00\",\"description\":\"Looking for cheap flights from\u00a0Dar es Salaam to Bujumbura? Search, compare and book cheap airline ticket from Dar es Salaam to Bujumbura online\",\"breadcrumb\":{\"@id\":\"https:\\\/\\\/tiketi.com\\\/en-gb\\\/flightsdar-es-salaam-bujumbura-dar-bjm\\\/#breadcrumb\"},\"inLanguage\":\"fr-FR\",\"potentialAction\":[{\"@type\":\"ReadAction\",\"target\":[\"https:\\\/\\\/tiketi.com\\\/en-gb\\\/flightsdar-es-salaam-bujumbura-dar-bjm\\\/\"]}]},{\"@type\":\"ImageObject\",\"inLanguage\":\"fr-FR\",\"@id\":\"https:\\\/\\\/tiketi.com\\\/en-gb\\\/flightsdar-es-salaam-bujumbura-dar-bjm\\\/#primaryimage\",\"url\":\"https:\\\/\\\/tiketi.com\\\/wp-content\\\/uploads\\\/2022\\\/01\\\/flight-ticket-booking-sorasak-KxCJXXGsv9I-unsplas.jpg\",\"contentUrl\":\"https:\\\/\\\/tiketi.com\\\/wp-content\\\/uploads\\\/2022\\\/01\\\/flight-ticket-booking-sorasak-KxCJXXGsv9I-unsplas.jpg\",\"width\":1200,\"height\":240,\"caption\":\"Online flight ticket booking\"},{\"@type\":\"BreadcrumbList\",\"@id\":\"https:\\\/\\\/tiketi.com\\\/en-gb\\\/flightsdar-es-salaam-bujumbura-dar-bjm\\\/#breadcrumb\",\"itemListElement\":[{\"@type\":\"ListItem\",\"position\":1,\"name\":\"Home\",\"item\":\"https:\\\/\\\/tiketi.com\\\/\"},{\"@type\":\"ListItem\",\"position\":2,\"name\":\"Cheap Flights from\u00a0Dar es Salaam to Bujumbura\"}]},{\"@type\":\"WebSite\",\"@id\":\"https:\\\/\\\/tiketi.com\\\/#website\",\"url\":\"https:\\\/\\\/tiketi.com\\\/\",\"name\":\"Flight & Bus Tickets, Tour Packages & Activitites - Tiketi.com\",\"description\":\"Flight &amp; Bus Tickets, Tours, Activitites\",\"publisher\":{\"@id\":\"https:\\\/\\\/tiketi.com\\\/#organization\"},\"potentialAction\":[{\"@type\":\"SearchAction\",\"target\":{\"@type\":\"EntryPoint\",\"urlTemplate\":\"https:\\\/\\\/tiketi.com\\\/?s={search_term_string}\"},\"query-input\":{\"@type\":\"PropertyValueSpecification\",\"valueRequired\":true,\"valueName\":\"search_term_string\"}}],\"inLanguage\":\"fr-FR\"},{\"@type\":\"Organization\",\"@id\":\"https:\\\/\\\/tiketi.com\\\/#organization\",\"name\":\"Tiketi.com\",\"alternateName\":\"Tiketi\",\"url\":\"https:\\\/\\\/tiketi.com\\\/\",\"logo\":{\"@type\":\"ImageObject\",\"inLanguage\":\"fr-FR\",\"@id\":\"https:\\\/\\\/tiketi.com\\\/#\\\/schema\\\/logo\\\/image\\\/\",\"url\":\"https:\\\/\\\/tiketi.com\\\/wp-content\\\/uploads\\\/2019\\\/05\\\/tiketi-logo-696.png\",\"contentUrl\":\"https:\\\/\\\/tiketi.com\\\/wp-content\\\/uploads\\\/2019\\\/05\\\/tiketi-logo-696.png\",\"width\":696,\"height\":696,\"caption\":\"Tiketi.com\"},\"image\":{\"@id\":\"https:\\\/\\\/tiketi.com\\\/#\\\/schema\\\/logo\\\/image\\\/\"},\"sameAs\":[\"https:\\\/\\\/www.facebook.com\\\/TiketiCom\\\/\"]}]}<\/script>\n<!-- \/ Yoast SEO plugin. -->","yoast_head_json":{"title":"Vols \u00e0 bas prix de Dar es Salam \u00e0 Bujumbura","description":"Vous recherchez des vols \u00e0 bas prix de Dar es Salam \u00e0 Bujumbura ? Recherchez, comparez et r\u00e9servez en ligne un billet d&#039;avion pas cher de Dar es Salam \u00e0 Bujumbura","robots":{"index":"index","follow":"follow","max-snippet":"max-snippet:-1","max-image-preview":"max-image-preview:large","max-video-preview":"max-video-preview:-1"},"canonical":"https:\/\/tiketi.com\/fr-fr\/flightsdar-es-salaam-bujumbura-dar-bjm\/","og_locale":"fr_FR","og_type":"article","og_title":"Cheap Flights from\u00a0Dar es Salaam to Bujumbura","og_description":"Looking for cheap flights from\u00a0Dar es Salaam to Bujumbura? Search, compare and book cheap airline ticket from Dar es Salaam to Bujumbura online","og_url":"https:\/\/tiketi.com\/fr-fr\/flightsdar-es-salaam-bujumbura-dar-bjm\/","og_site_name":"Tiketi.com","article_publisher":"https:\/\/www.facebook.com\/TiketiCom\/","article_modified_time":"2022-02-07T15:09:19+00:00","og_image":[{"width":1200,"height":240,"url":"https:\/\/tiketi.com\/wp-content\/uploads\/2022\/01\/flight-ticket-booking-sorasak-KxCJXXGsv9I-unsplas.jpg","type":"image\/jpeg"}],"twitter_card":"summary_large_image","twitter_misc":{"Dur\u00e9e de lecture estim\u00e9e":"3 minutes"},"schema":{"@context":"https:\/\/schema.org","@graph":[{"@type":"WebPage","@id":"https:\/\/tiketi.com\/en-gb\/flightsdar-es-salaam-bujumbura-dar-bjm\/","url":"https:\/\/tiketi.com\/en-gb\/flightsdar-es-salaam-bujumbura-dar-bjm\/","name":"Vols \u00e0 bas prix de Dar es Salam \u00e0 Bujumbura","isPartOf":{"@id":"https:\/\/tiketi.com\/#website"},"primaryImageOfPage":{"@id":"https:\/\/tiketi.com\/en-gb\/flightsdar-es-salaam-bujumbura-dar-bjm\/#primaryimage"},"image":{"@id":"https:\/\/tiketi.com\/en-gb\/flightsdar-es-salaam-bujumbura-dar-bjm\/#primaryimage"},"thumbnailUrl":"https:\/\/tiketi.com\/wp-content\/uploads\/2022\/01\/flight-ticket-booking-sorasak-KxCJXXGsv9I-unsplas.jpg","datePublished":"2022-01-19T11:55:16+00:00","dateModified":"2022-02-07T15:09:19+00:00","description":"Vous recherchez des vols \u00e0 bas prix de Dar es Salam \u00e0 Bujumbura ? Recherchez, comparez et r\u00e9servez en ligne un billet d&#039;avion pas cher de Dar es Salam \u00e0 Bujumbura","breadcrumb":{"@id":"https:\/\/tiketi.com\/en-gb\/flightsdar-es-salaam-bujumbura-dar-bjm\/#breadcrumb"},"inLanguage":"fr-FR","potentialAction":[{"@type":"ReadAction","target":["https:\/\/tiketi.com\/en-gb\/flightsdar-es-salaam-bujumbura-dar-bjm\/"]}]},{"@type":"ImageObject","inLanguage":"fr-FR","@id":"https:\/\/tiketi.com\/en-gb\/flightsdar-es-salaam-bujumbura-dar-bjm\/#primaryimage","url":"https:\/\/tiketi.com\/wp-content\/uploads\/2022\/01\/flight-ticket-booking-sorasak-KxCJXXGsv9I-unsplas.jpg","contentUrl":"https:\/\/tiketi.com\/wp-content\/uploads\/2022\/01\/flight-ticket-booking-sorasak-KxCJXXGsv9I-unsplas.jpg","width":1200,"height":240,"caption":"Online flight ticket booking"},{"@type":"BreadcrumbList","@id":"https:\/\/tiketi.com\/en-gb\/flightsdar-es-salaam-bujumbura-dar-bjm\/#breadcrumb","itemListElement":[{"@type":"ListItem","position":1,"name":"Home","item":"https:\/\/tiketi.com\/"},{"@type":"ListItem","position":2,"name":"Cheap Flights from\u00a0Dar es Salaam to Bujumbura"}]},{"@type":"WebSite","@id":"https:\/\/tiketi.com\/#website","url":"https:\/\/tiketi.com\/","name":"Billets d&#039;avion et de bus, forfaits touristiques et activit\u00e9s - Tiketi.com","description":"Billets d&#039;avion et de bus, Tours, Activit\u00e9s","publisher":{"@id":"https:\/\/tiketi.com\/#organization"},"potentialAction":[{"@type":"SearchAction","target":{"@type":"EntryPoint","urlTemplate":"https:\/\/tiketi.com\/?s={search_term_string}"},"query-input":{"@type":"PropertyValueSpecification","valueRequired":true,"valueName":"search_term_string"}}],"inLanguage":"fr-FR"},{"@type":"Organization","@id":"https:\/\/tiketi.com\/#organization","name":"Tiketi.com","alternateName":"Tiketi","url":"https:\/\/tiketi.com\/","logo":{"@type":"ImageObject","inLanguage":"fr-FR","@id":"https:\/\/tiketi.com\/#\/schema\/logo\/image\/","url":"https:\/\/tiketi.com\/wp-content\/uploads\/2019\/05\/tiketi-logo-696.png","contentUrl":"https:\/\/tiketi.com\/wp-content\/uploads\/2019\/05\/tiketi-logo-696.png","width":696,"height":696,"caption":"Tiketi.com"},"image":{"@id":"https:\/\/tiketi.com\/#\/schema\/logo\/image\/"},"sameAs":["https:\/\/www.facebook.com\/TiketiCom\/"]}]}},"_links":{"self":[{"href":"https:\/\/tiketi.com\/fr-fr\/wp-json\/wp\/v2\/pages\/11840","targetHints":{"allow":["GET"]}}],"collection":[{"href":"https:\/\/tiketi.com\/fr-fr\/wp-json\/wp\/v2\/pages"}],"about":[{"href":"https:\/\/tiketi.com\/fr-fr\/wp-json\/wp\/v2\/types\/page"}],"author":[{"embeddable":true,"href":"https:\/\/tiketi.com\/fr-fr\/wp-json\/wp\/v2\/users\/1"}],"replies":[{"embeddable":true,"href":"https:\/\/tiketi.com\/fr-fr\/wp-json\/wp\/v2\/comments?post=11840"}],"version-history":[{"count":0,"href":"https:\/\/tiketi.com\/fr-fr\/wp-json\/wp\/v2\/pages\/11840\/revisions"}],"wp:featuredmedia":[{"embeddable":true,"href":"https:\/\/tiketi.com\/fr-fr\/wp-json\/wp\/v2\/media\/14041"}],"wp:attachment":[{"href":"https:\/\/tiketi.com\/fr-fr\/wp-json\/wp\/v2\/media?parent=11840"}],"curies":[{"name":"wp","href":"https:\/\/api.w.org\/{rel}","templated":true}]}}