{"id":11841,"date":"2022-01-19T12:55:16","date_gmt":"2022-01-19T11:55:16","guid":{"rendered":"https:\/\/new.tiketi.com\/cheap-flights-from-nairobi-to-khartoum\/"},"modified":"2022-02-09T13:45:33","modified_gmt":"2022-02-09T12:45:33","slug":"flights-nairobi-khartoum-nbo-krt","status":"publish","type":"page","link":"https:\/\/tiketi.com\/fr-fr\/flights-nairobi-khartoum-nbo-krt\/","title":{"rendered":"Vols pas chers de Nairobi \u00e0 Khartoum"},"content":{"rendered":"<h2>Vous cherchez un billet d&#039;avion pas cher \u00e0 partir de Nairobi pour Khartoum ou des offres de derni\u00e8re minute ?<\/h2>\n<h3>Cherchez, comparez et r\u00e9servez un billet d&#039;avion pas cher de Nairobi (NBO) \u00e0 Khartoum (KRT)<span style=\"font-size: 16px;\">&nbsp;<\/span>maintenant en ligne.<\/h3>\n<p>R\u00e9servez des vols pas chers de Nairobi \u00e0 Khartoum en ligne et \u00e9conomisez de l&#039;argent sur les billets d&#039;avion. Khartoum, la capitale du Soudan. La capitale du pays est en r\u00e9alit\u00e9 un groupe de 3 villes : Omdurman, Bahri et Khartoum. Comparez les prix et obtenez le tarif d&#039;avion le moins cher sur les billets d&#039;avion de Nairobi \u00e0 Khartoum. Comparez les prix et obtenez le tarif le plus bas sur les billets d&#039;avion de Nairobi \u00e0 Khartoum gr\u00e2ce \u00e0 des offres exceptionnelles sur les vols en ligne de Nairobi \u00e0 Khartoum.<\/p>\n<h2>Voici quelques-unes des meilleures attractions de Khartoum<\/h2>\n<h3>Rue Shari&#039;a Al-Nil<\/h3>\n<p>La rue Shari&#039;a Al-Nil, \u00e9galement connue sous le nom de rue du Nil, est consid\u00e9r\u00e9e comme la rue la plus charmante de la capitale soudanaise. Flanqu\u00e9e d&#039;un c\u00f4t\u00e9 par le Nil Bleu, elle abrite de nombreuses maisons de style colonial classique, principalement utilis\u00e9es comme bureaux gouvernementaux.<\/p>\n<h3>Souk arabe<\/h3>\n<p>Ce souk, ou march\u00e9 en arabe, est grand et s&#039;\u00e9tend sur plusieurs p\u00e2t\u00e9s de maisons au centre de Khartoum, au sud de la Grande Mosqu\u00e9e. On raconte que jusqu&#039;au d\u00e9but des ann\u00e9es 1990, la r\u00e9gion o\u00f9 se situe aujourd&#039;hui le march\u00e9 \u00e9tait le centre de la vie intellectuelle et de la cr\u00e9ation artistique, avec ses clubs, ses bars et ses galeries d&#039;art.<\/p>\n<h3>Souk d&#039;Omdourman<\/h3>\n<p>L&#039;Arabi Souk est peut-\u00eatre plus simple \u00e0 atteindre, mais celui d&#039;Omdurman est bien plus \u00e9tonnant, bien qu&#039;il se situe dans une partie de la capitale qui est d\u00e9j\u00e0 une ville \u00e0 part enti\u00e8re, et donc plus \u00e9loign\u00e9e du centre-ville. Les spectacles folkloriques sont l&#039;un des points forts du march\u00e9.<br \/>\nM\u00eame si une petite partie de ce march\u00e9 s&#039;adresse aux visiteurs, il reste largement orient\u00e9 vers la communaut\u00e9 nationale et les clients nationaux. Cela signifie que le vendredi, jour effrayant de l&#039;Islam, il y a moins de choses \u00e0 faire et \u00e0 voir, surtout pendant les pri\u00e8res.<\/p>\n<h2>FAQ sur les vols pas chers de Nairobi \u00e0 Khartoum<\/h2>\n<h3>Quelle est la distance entre Khartoum et Nairobi ?<\/h3>\n<p>La distance entre Nairobi et Khartoum est de 1939 kilom\u00e8tres.<\/p>\n<h3>Combien de temps dure le vol de Nairobi \u00e0 Khartoum ?<\/h3>\n<p>La dur\u00e9e moyenne d\u2019un vol Nairobi-Khartoum est de deux heures et cinquante-cinq minutes.<\/p>\n<h3>Quelle est la fr\u00e9quence des vols directs de Nairobi \u00e0 Khartoum ?<\/h3>\n<p>Il existe cinq vols directs de Nairobi \u00e0 Khartoum.<\/p>\n<h3>Quelles sont les compagnies a\u00e9riennes les plus connues de Nairobi pour des billets d&#039;avion pas chers de Nairobi \u00e0 Khartoum ?<\/h3>\n<p>Kenya Airways assure 100 % des vols sans escale entre Khartoum et Nairobi.<\/p>\n<h2>Conseils de vol de Nairobi \u00e0 Khartoum<\/h2>\n<p>\u2022 Nairobi est \u00e0 1\u00a0210\u00a0miles de Khartoum.<\/p>\n<p>\u2022 Il y a cinq vols hebdomadaires de Nairobi \u00e0 Khartoum.<\/p>\n<p>\u2022 Cinq vols sans escale op\u00e8rent de Nairobi \u00e0 Khartoum<\/p>\n<p>\u2022 KLM Royal Dutch Airlines propose le plus grand nombre de vols directs de Nairobi \u00e0 Khartoum.<\/p>\n<p>\u2022 Addis-Abeba, \u00c9thiopie \u2013 Bole est la liaison la plus c\u00e9l\u00e8bre pour les vols \u00e0 escale entre Khartoum et Nairobi.<\/p>\n<p>\u2022 Le temps de vol le plus rapide pour aller de Nairobi \u00e0 Khartoum est de deux heures cinquante-cinq heures minutes. La dur\u00e9e moyenne du vol est de deux heures cinquante-cinq minutes.<\/p>\n<p>\u2022 Le temps de vol le plus rapide de Nairobi \u00e0 Khartoum avec escales est de huit heures quarante-cinq minutes.<\/p>","protected":false},"excerpt":{"rendered":"<p>Looking for cheap airline ticket from Nairobi to Khartoum&nbsp;or last minute deals? Search, compare and book cheap airline ticket from Nairobi (NBO) to Khartoum (KRT)&nbsp;online now. Book cheap flights from Nairobi to Khartoum online and save money on airfare. Khartoum, the capital city of Sudan. The country&#8217;s capital is actually a group of 3 cities, [&hellip;]<\/p>\n","protected":false},"author":1,"featured_media":14041,"parent":0,"menu_order":0,"comment_status":"open","ping_status":"closed","template":"template-home-modern.php","meta":{"footnotes":""},"class_list":["post-11841","page","type-page","status-publish","has-post-thumbnail","hentry"],"yoast_head":"<!-- This site is optimized with the Yoast SEO plugin v27.2 - https:\/\/yoast.com\/product\/yoast-seo-wordpress\/ -->\n<title>Cheap Flights from\u00a0Nairobi to Khartoum<\/title>\n<meta name=\"description\" content=\"Looking for cheap flights from\u00a0Nairobi to Khartoum? Search, compare and book cheap airline ticket from Nairobi to Khartoum online\" \/>\n<meta name=\"robots\" content=\"index, follow, max-snippet:-1, max-image-preview:large, max-video-preview:-1\" \/>\n<link rel=\"canonical\" href=\"https:\/\/tiketi.com\/fr-fr\/flights-nairobi-khartoum-nbo-krt\/\" \/>\n<meta property=\"og:locale\" content=\"fr_FR\" \/>\n<meta property=\"og:type\" content=\"article\" \/>\n<meta property=\"og:title\" content=\"Cheap Flights from\u00a0Nairobi to Khartoum\" \/>\n<meta property=\"og:description\" content=\"Looking for cheap flights from\u00a0Nairobi to Khartoum? Search, compare and book cheap airline ticket from Nairobi to Khartoum online\" \/>\n<meta property=\"og:url\" content=\"https:\/\/tiketi.com\/fr-fr\/flights-nairobi-khartoum-nbo-krt\/\" \/>\n<meta property=\"og:site_name\" content=\"Tiketi.com\" \/>\n<meta property=\"article:publisher\" content=\"https:\/\/www.facebook.com\/TiketiCom\/\" \/>\n<meta property=\"article:modified_time\" content=\"2022-02-09T12:45:33+00:00\" \/>\n<meta property=\"og:image\" content=\"https:\/\/tiketi.com\/wp-content\/uploads\/2022\/01\/flight-ticket-booking-sorasak-KxCJXXGsv9I-unsplas.jpg\" \/>\n\t<meta property=\"og:image:width\" content=\"1200\" \/>\n\t<meta property=\"og:image:height\" content=\"240\" \/>\n\t<meta property=\"og:image:type\" content=\"image\/jpeg\" \/>\n<meta name=\"twitter:card\" content=\"summary_large_image\" \/>\n<meta name=\"twitter:label1\" content=\"Dur\u00e9e de lecture estim\u00e9e\" \/>\n\t<meta name=\"twitter:data1\" content=\"3 minutes\" \/>\n<script type=\"application\/ld+json\" class=\"yoast-schema-graph\">{\"@context\":\"https:\/\/schema.org\",\"@graph\":[{\"@type\":\"WebPage\",\"@id\":\"https:\/\/tiketi.com\/fr-fr\/flights-nairobi-khartoum-nbo-krt\/\",\"url\":\"https:\/\/tiketi.com\/fr-fr\/flights-nairobi-khartoum-nbo-krt\/\",\"name\":\"Cheap Flights from\u00a0Nairobi to Khartoum\",\"isPartOf\":{\"@id\":\"https:\/\/tiketi.com\/#website\"},\"primaryImageOfPage\":{\"@id\":\"https:\/\/tiketi.com\/fr-fr\/flights-nairobi-khartoum-nbo-krt\/#primaryimage\"},\"image\":{\"@id\":\"https:\/\/tiketi.com\/fr-fr\/flights-nairobi-khartoum-nbo-krt\/#primaryimage\"},\"thumbnailUrl\":\"https:\/\/tiketi.com\/wp-content\/uploads\/2022\/01\/flight-ticket-booking-sorasak-KxCJXXGsv9I-unsplas.jpg\",\"datePublished\":\"2022-01-19T11:55:16+00:00\",\"dateModified\":\"2022-02-09T12:45:33+00:00\",\"description\":\"Looking for cheap flights from\u00a0Nairobi to Khartoum? Search, compare and book cheap airline ticket from Nairobi to Khartoum online\",\"breadcrumb\":{\"@id\":\"https:\/\/tiketi.com\/fr-fr\/flights-nairobi-khartoum-nbo-krt\/#breadcrumb\"},\"inLanguage\":\"fr-FR\",\"potentialAction\":[{\"@type\":\"ReadAction\",\"target\":[\"https:\/\/tiketi.com\/fr-fr\/flights-nairobi-khartoum-nbo-krt\/\"]}]},{\"@type\":\"ImageObject\",\"inLanguage\":\"fr-FR\",\"@id\":\"https:\/\/tiketi.com\/fr-fr\/flights-nairobi-khartoum-nbo-krt\/#primaryimage\",\"url\":\"https:\/\/tiketi.com\/wp-content\/uploads\/2022\/01\/flight-ticket-booking-sorasak-KxCJXXGsv9I-unsplas.jpg\",\"contentUrl\":\"https:\/\/tiketi.com\/wp-content\/uploads\/2022\/01\/flight-ticket-booking-sorasak-KxCJXXGsv9I-unsplas.jpg\",\"width\":1200,\"height\":240,\"caption\":\"Online flight ticket booking\"},{\"@type\":\"BreadcrumbList\",\"@id\":\"https:\/\/tiketi.com\/fr-fr\/flights-nairobi-khartoum-nbo-krt\/#breadcrumb\",\"itemListElement\":[{\"@type\":\"ListItem\",\"position\":1,\"name\":\"Home\",\"item\":\"https:\/\/tiketi.com\/\"},{\"@type\":\"ListItem\",\"position\":2,\"name\":\"Cheap Flights from\u00a0Nairobi to Khartoum\"}]},{\"@type\":\"WebSite\",\"@id\":\"https:\/\/tiketi.com\/#website\",\"url\":\"https:\/\/tiketi.com\/\",\"name\":\"Flight & Bus Tickets, Tour Packages & Activitites - Tiketi.com\",\"description\":\"Flight &amp; Bus Tickets, Tours, Activitites\",\"publisher\":{\"@id\":\"https:\/\/tiketi.com\/#organization\"},\"potentialAction\":[{\"@type\":\"SearchAction\",\"target\":{\"@type\":\"EntryPoint\",\"urlTemplate\":\"https:\/\/tiketi.com\/?s={search_term_string}\"},\"query-input\":{\"@type\":\"PropertyValueSpecification\",\"valueRequired\":true,\"valueName\":\"search_term_string\"}}],\"inLanguage\":\"fr-FR\"},{\"@type\":\"Organization\",\"@id\":\"https:\/\/tiketi.com\/#organization\",\"name\":\"Tiketi.com\",\"alternateName\":\"Tiketi\",\"url\":\"https:\/\/tiketi.com\/\",\"logo\":{\"@type\":\"ImageObject\",\"inLanguage\":\"fr-FR\",\"@id\":\"https:\/\/tiketi.com\/#\/schema\/logo\/image\/\",\"url\":\"https:\/\/tiketi.com\/wp-content\/uploads\/2019\/05\/tiketi-logo-696.png\",\"contentUrl\":\"https:\/\/tiketi.com\/wp-content\/uploads\/2019\/05\/tiketi-logo-696.png\",\"width\":696,\"height\":696,\"caption\":\"Tiketi.com\"},\"image\":{\"@id\":\"https:\/\/tiketi.com\/#\/schema\/logo\/image\/\"},\"sameAs\":[\"https:\/\/www.facebook.com\/TiketiCom\/\"]}]}<\/script>\n<!-- \/ Yoast SEO plugin. -->","yoast_head_json":{"title":"Vols pas chers de Nairobi \u00e0 Khartoum","description":"Vous recherchez des vols \u00e0 bas prix au Nairobi vers Khartoum? Recherchez, comparez et r\u00e9servez un billet d&#039;avion pas cher de Nairobi \u00e0 Khartoum en ligne","robots":{"index":"index","follow":"follow","max-snippet":"max-snippet:-1","max-image-preview":"max-image-preview:large","max-video-preview":"max-video-preview:-1"},"canonical":"https:\/\/tiketi.com\/fr-fr\/flights-nairobi-khartoum-nbo-krt\/","og_locale":"fr_FR","og_type":"article","og_title":"Cheap Flights from\u00a0Nairobi to Khartoum","og_description":"Looking for cheap flights from\u00a0Nairobi to Khartoum? Search, compare and book cheap airline ticket from Nairobi to Khartoum online","og_url":"https:\/\/tiketi.com\/fr-fr\/flights-nairobi-khartoum-nbo-krt\/","og_site_name":"Tiketi.com","article_publisher":"https:\/\/www.facebook.com\/TiketiCom\/","article_modified_time":"2022-02-09T12:45:33+00:00","og_image":[{"width":1200,"height":240,"url":"https:\/\/tiketi.com\/wp-content\/uploads\/2022\/01\/flight-ticket-booking-sorasak-KxCJXXGsv9I-unsplas.jpg","type":"image\/jpeg"}],"twitter_card":"summary_large_image","twitter_misc":{"Dur\u00e9e de lecture estim\u00e9e":"3 minutes"},"schema":{"@context":"https:\/\/schema.org","@graph":[{"@type":"WebPage","@id":"https:\/\/tiketi.com\/fr-fr\/flights-nairobi-khartoum-nbo-krt\/","url":"https:\/\/tiketi.com\/fr-fr\/flights-nairobi-khartoum-nbo-krt\/","name":"Vols pas chers de Nairobi \u00e0 Khartoum","isPartOf":{"@id":"https:\/\/tiketi.com\/#website"},"primaryImageOfPage":{"@id":"https:\/\/tiketi.com\/fr-fr\/flights-nairobi-khartoum-nbo-krt\/#primaryimage"},"image":{"@id":"https:\/\/tiketi.com\/fr-fr\/flights-nairobi-khartoum-nbo-krt\/#primaryimage"},"thumbnailUrl":"https:\/\/tiketi.com\/wp-content\/uploads\/2022\/01\/flight-ticket-booking-sorasak-KxCJXXGsv9I-unsplas.jpg","datePublished":"2022-01-19T11:55:16+00:00","dateModified":"2022-02-09T12:45:33+00:00","description":"Vous recherchez des vols \u00e0 bas prix au Nairobi vers Khartoum? Recherchez, comparez et r\u00e9servez un billet d&#039;avion pas cher de Nairobi \u00e0 Khartoum en ligne","breadcrumb":{"@id":"https:\/\/tiketi.com\/fr-fr\/flights-nairobi-khartoum-nbo-krt\/#breadcrumb"},"inLanguage":"fr-FR","potentialAction":[{"@type":"ReadAction","target":["https:\/\/tiketi.com\/fr-fr\/flights-nairobi-khartoum-nbo-krt\/"]}]},{"@type":"ImageObject","inLanguage":"fr-FR","@id":"https:\/\/tiketi.com\/fr-fr\/flights-nairobi-khartoum-nbo-krt\/#primaryimage","url":"https:\/\/tiketi.com\/wp-content\/uploads\/2022\/01\/flight-ticket-booking-sorasak-KxCJXXGsv9I-unsplas.jpg","contentUrl":"https:\/\/tiketi.com\/wp-content\/uploads\/2022\/01\/flight-ticket-booking-sorasak-KxCJXXGsv9I-unsplas.jpg","width":1200,"height":240,"caption":"Online flight ticket booking"},{"@type":"BreadcrumbList","@id":"https:\/\/tiketi.com\/fr-fr\/flights-nairobi-khartoum-nbo-krt\/#breadcrumb","itemListElement":[{"@type":"ListItem","position":1,"name":"Home","item":"https:\/\/tiketi.com\/"},{"@type":"ListItem","position":2,"name":"Cheap Flights from\u00a0Nairobi to Khartoum"}]},{"@type":"WebSite","@id":"https:\/\/tiketi.com\/#website","url":"https:\/\/tiketi.com\/","name":"Billets d&#039;avion et de bus, forfaits touristiques et activit\u00e9s - Tiketi.com","description":"Billets d&#039;avion et de bus, Tours, Activit\u00e9s","publisher":{"@id":"https:\/\/tiketi.com\/#organization"},"potentialAction":[{"@type":"SearchAction","target":{"@type":"EntryPoint","urlTemplate":"https:\/\/tiketi.com\/?s={search_term_string}"},"query-input":{"@type":"PropertyValueSpecification","valueRequired":true,"valueName":"search_term_string"}}],"inLanguage":"fr-FR"},{"@type":"Organization","@id":"https:\/\/tiketi.com\/#organization","name":"Tiketi.com","alternateName":"Tiketi","url":"https:\/\/tiketi.com\/","logo":{"@type":"ImageObject","inLanguage":"fr-FR","@id":"https:\/\/tiketi.com\/#\/schema\/logo\/image\/","url":"https:\/\/tiketi.com\/wp-content\/uploads\/2019\/05\/tiketi-logo-696.png","contentUrl":"https:\/\/tiketi.com\/wp-content\/uploads\/2019\/05\/tiketi-logo-696.png","width":696,"height":696,"caption":"Tiketi.com"},"image":{"@id":"https:\/\/tiketi.com\/#\/schema\/logo\/image\/"},"sameAs":["https:\/\/www.facebook.com\/TiketiCom\/"]}]}},"_links":{"self":[{"href":"https:\/\/tiketi.com\/fr-fr\/wp-json\/wp\/v2\/pages\/11841","targetHints":{"allow":["GET"]}}],"collection":[{"href":"https:\/\/tiketi.com\/fr-fr\/wp-json\/wp\/v2\/pages"}],"about":[{"href":"https:\/\/tiketi.com\/fr-fr\/wp-json\/wp\/v2\/types\/page"}],"author":[{"embeddable":true,"href":"https:\/\/tiketi.com\/fr-fr\/wp-json\/wp\/v2\/users\/1"}],"replies":[{"embeddable":true,"href":"https:\/\/tiketi.com\/fr-fr\/wp-json\/wp\/v2\/comments?post=11841"}],"version-history":[{"count":0,"href":"https:\/\/tiketi.com\/fr-fr\/wp-json\/wp\/v2\/pages\/11841\/revisions"}],"wp:featuredmedia":[{"embeddable":true,"href":"https:\/\/tiketi.com\/fr-fr\/wp-json\/wp\/v2\/media\/14041"}],"wp:attachment":[{"href":"https:\/\/tiketi.com\/fr-fr\/wp-json\/wp\/v2\/media?parent=11841"}],"curies":[{"name":"wp","href":"https:\/\/api.w.org\/{rel}","templated":true}]}}