{"id":11842,"date":"2022-01-19T12:55:16","date_gmt":"2022-01-19T11:55:16","guid":{"rendered":"https:\/\/new.tiketi.com\/cheap-flights-from-nairobi-to-hong-kong\/"},"modified":"2022-02-09T14:03:46","modified_gmt":"2022-02-09T13:03:46","slug":"flights-nairobi-hong-kong-nbo-hkg","status":"publish","type":"page","link":"https:\/\/tiketi.com\/fr-fr\/flights-nairobi-hong-kong-nbo-hkg\/","title":{"rendered":"Vols pas chers de Nairobi \u00e0 Hong Kong"},"content":{"rendered":"<h2>Vous cherchez un billet d&#039;avion pas cher au d\u00e9part de Nairobi pour Hong Kong ou des offres de derni\u00e8re minute ?<\/h2>\n<h3>Cherchez, comparez et r\u00e9servez un billet d&#039;avion pas cher de Nairobi (NBO) \u00e0 Hong Kong (HKG)<span style=\"font-size: 16px;\">&nbsp;<\/span>maintenant en ligne.<\/h3>\n<p>R\u00e9servez des vols pas chers de Nairobi \u00e0 Hong Kong en ligne et \u00e9conomisez de l&#039;argent sur les billets d&#039;avion. Abritant 7 millions d&#039;habitants, 260 \u00eeles et d&#039;immenses gratte-ciel que n&#039;importe quelle autre ville du monde, Hong Kong est un lieu immerg\u00e9 dans tous les sens du monde. Vous pouvez visiter Londres gr\u00e2ce \u00e0 des offres exceptionnelles sur les billets d\u2019avion de Nairobi \u00e0 Hong Kong. Comparez les prix et obtenez le tarif le plus bas sur les billets d&#039;avion de Nairobi \u00e0 Hong Kong gr\u00e2ce \u00e0 des offres exceptionnelles sur les vols de Nairobi \u00e0 Hong Kong en ligne.<\/p>\n<h2>Voici quelques-unes des meilleures attractions de Hong Kong<\/h2>\n<h3>\u00c9toile Ferry<\/h3>\n<p>Ces modestes navires sillonnent le port de Victoria depuis 1880, offrant aux visiteurs une vue magnifique sur l&#039;eau, les montagnes et les gratte-ciel. De nombreuses croisi\u00e8res de visiteurs font le tour du port, mais le Star Ferry co\u00fbte relativement cher pour les m\u00eames vues fascinantes.<\/p>\n<h3>Pic Victoria<\/h3>\n<p>Parmi les premi\u00e8res choses que vous devez inclure dans votre liste de choses \u00e0 faire \u00e0 Hong Kong se trouve le Peak, le point culminant de l&#039;\u00eele de Hong Kong. L&#039;air frais des montagnes a fait de Victoria Peak la r\u00e9gion la plus exclusive de la ville \u00e0 l&#039;\u00e9poque coloniale, mais la vue imprenable sur l&#039;horizon envo\u00fbtant est aujourd&#039;hui l&#039;attraction principale.<\/p>\n<h3>Symphonie des Lumi\u00e8res<\/h3>\n<p>Chaque touriste doit se rendre au port de Victoria \u00e0 20 heures du soir, lorsque ce remarquable spectacle de lumi\u00e8re illumine quarante b\u00e2timents de chaque c\u00f4t\u00e9 de l&#039;eau. Alors que le Guinness World Records reconna\u00eet la Symphonie des Lumi\u00e8res comme le plus grand spectacle son et lumi\u00e8re permanent au monde, il est simple de comprendre pourquoi une visite pour observer la Symphonie des Lumi\u00e8res fait toujours partie des choses les plus c\u00e9l\u00e8bres \u00e0 faire \u00e0 Hong Kong.<\/p>\n<h2>FAQ sur les vols pas chers de Nairobi \u00e0 Hong Kong<\/h2>\n<h3>Quel est le jour le moins cher pour prendre un vol de Nairobi \u00e0 Hong Kong ?<\/h3>\n<p>Le jour le moins cher pour voler de Nairobi \u00e0 Hong Kong est le vendredi.<\/p>\n<h3>Combien de temps dure le vol de Nairobi \u00e0 Hong Kong ?<\/h3>\n<p>La dur\u00e9e moyenne d&#039;un vol Nairobi-Hong Kong est de 13 h 55 min.<\/p>\n<h3>Combien de compagnies a\u00e9riennes op\u00e8rent des vols directs entre Nairobi et Hong Kong ?<\/h3>\n<p>Aucune compagnie a\u00e9rienne n&#039;op\u00e8re de vol direct entre Nairobi et Hong Kong.<\/p>\n<h3>Combien d&#039;a\u00e9roports y a-t-il \u00e0 Hong Kong ?<\/h3>\n<p>Il y a deux a\u00e9roports \u00e0 Hong Kong\u00a0: l&#039;h\u00e9liport de Hong Kong HK et l&#039;a\u00e9roport international de Hong Kong.<\/p>\n<h3>Meilleur moment pour r\u00e9server un billet d&#039;avion pas cher de Nairobi \u00e0 Hong Kong<\/h3>\n<p>G\u00e9n\u00e9ralement, le meilleur moment pour r\u00e9server un billet d\u2019avion de Nairobi \u00e0 Hong Kong est 2 mois \u00e0 l\u2019avance. Et les jours les moins chers pour voler sont le mercredi, le mardi et le samedi. Le dimanche est le plus cher.<\/p>\n<h3>Quelle est la compagnie a\u00e9rienne la plus connue pour ses vols directs de Nairobi \u00e0 Hong Kong ?<\/h3>\n<p>Ethihad Airways propose des vols bon march\u00e9 sans escale de Nairobi \u00e0 Hong Kong.<\/p>\n<h2>Conseils pour les vols de Nairobi \u00e0 Hong Kong<\/h2>\n<p>\u2022 Nairobi, au Kenya, se trouve \u00e0 5 430 milles de Hong Kong.<\/p>\n<p>\u2022 Mombasa, Kenya \u2013 Moi Intl est la liaison la plus c\u00e9l\u00e8bre pour les vols de Nairobi \u00e0 Hong Kong.<\/p>\n<p>\u2022 \u00c0 l&#039;heure actuelle, 103 compagnies a\u00e9riennes op\u00e8rent \u00e0 partir de l&#039;a\u00e9roport international de Hong Kong.<\/p>","protected":false},"excerpt":{"rendered":"<p>Looking for cheap airline ticket from Nairobi to Hong Kong&nbsp;or last minute deals? Search, compare and book cheap airline ticket from Nairobi (NBO) to Hong Kong (HKG)&nbsp;online now. Book cheap flights from Nairobi to Hong Kong online and save money on airfare. Home to 7 million people, 260 islands and huge skyscrapers than any city [&hellip;]<\/p>\n","protected":false},"author":1,"featured_media":14244,"parent":0,"menu_order":0,"comment_status":"open","ping_status":"closed","template":"template-home-modern.php","meta":{"footnotes":""},"class_list":["post-11842","page","type-page","status-publish","has-post-thumbnail","hentry"],"yoast_head":"<!-- This site is optimized with the Yoast SEO plugin v27.2 - https:\/\/yoast.com\/product\/yoast-seo-wordpress\/ -->\n<title>Cheap Flights from Nairobi to Hong Kong<\/title>\n<meta name=\"description\" content=\"Looking for cheap flights from\u00a0Nairobi to Hong Kong? Search, compare and book cheap airline ticket from Nairobi to Hong Kong online\" \/>\n<meta name=\"robots\" content=\"index, follow, max-snippet:-1, max-image-preview:large, max-video-preview:-1\" \/>\n<link rel=\"canonical\" href=\"https:\/\/tiketi.com\/fr-fr\/flights-nairobi-hong-kong-nbo-hkg\/\" \/>\n<meta property=\"og:locale\" content=\"fr_FR\" \/>\n<meta property=\"og:type\" content=\"article\" \/>\n<meta property=\"og:title\" content=\"Cheap Flights from Nairobi to Hong Kong\" \/>\n<meta property=\"og:description\" content=\"Looking for cheap flights from\u00a0Nairobi to Hong Kong? Search, compare and book cheap airline ticket from Nairobi to Hong Kong online\" \/>\n<meta property=\"og:url\" content=\"https:\/\/tiketi.com\/fr-fr\/flights-nairobi-hong-kong-nbo-hkg\/\" \/>\n<meta property=\"og:site_name\" content=\"Tiketi.com\" \/>\n<meta property=\"article:publisher\" content=\"https:\/\/www.facebook.com\/TiketiCom\/\" \/>\n<meta property=\"article:modified_time\" content=\"2022-02-09T13:03:46+00:00\" \/>\n<meta property=\"og:image\" content=\"https:\/\/tiketi.com\/wp-content\/uploads\/2022\/01\/hong-kong-4370342_1280.jpg\" \/>\n\t<meta property=\"og:image:width\" content=\"1200\" \/>\n\t<meta property=\"og:image:height\" content=\"264\" \/>\n\t<meta property=\"og:image:type\" content=\"image\/jpeg\" \/>\n<meta name=\"twitter:card\" content=\"summary_large_image\" \/>\n<meta name=\"twitter:label1\" content=\"Dur\u00e9e de lecture estim\u00e9e\" \/>\n\t<meta name=\"twitter:data1\" content=\"3 minutes\" \/>\n<script type=\"application\/ld+json\" class=\"yoast-schema-graph\">{\"@context\":\"https:\/\/schema.org\",\"@graph\":[{\"@type\":\"WebPage\",\"@id\":\"https:\/\/tiketi.com\/flights-nairobi-hong-kong-nbo-hkg\/\",\"url\":\"https:\/\/tiketi.com\/flights-nairobi-hong-kong-nbo-hkg\/\",\"name\":\"Cheap Flights from Nairobi to Hong Kong\",\"isPartOf\":{\"@id\":\"https:\/\/tiketi.com\/#website\"},\"primaryImageOfPage\":{\"@id\":\"https:\/\/tiketi.com\/flights-nairobi-hong-kong-nbo-hkg\/#primaryimage\"},\"image\":{\"@id\":\"https:\/\/tiketi.com\/flights-nairobi-hong-kong-nbo-hkg\/#primaryimage\"},\"thumbnailUrl\":\"https:\/\/tiketi.com\/wp-content\/uploads\/2022\/01\/hong-kong-4370342_1280.jpg\",\"datePublished\":\"2022-01-19T11:55:16+00:00\",\"dateModified\":\"2022-02-09T13:03:46+00:00\",\"description\":\"Looking for cheap flights from\u00a0Nairobi to Hong Kong? Search, compare and book cheap airline ticket from Nairobi to Hong Kong online\",\"breadcrumb\":{\"@id\":\"https:\/\/tiketi.com\/flights-nairobi-hong-kong-nbo-hkg\/#breadcrumb\"},\"inLanguage\":\"fr-FR\",\"potentialAction\":[{\"@type\":\"ReadAction\",\"target\":[\"https:\/\/tiketi.com\/flights-nairobi-hong-kong-nbo-hkg\/\"]}]},{\"@type\":\"ImageObject\",\"inLanguage\":\"fr-FR\",\"@id\":\"https:\/\/tiketi.com\/flights-nairobi-hong-kong-nbo-hkg\/#primaryimage\",\"url\":\"https:\/\/tiketi.com\/wp-content\/uploads\/2022\/01\/hong-kong-4370342_1280.jpg\",\"contentUrl\":\"https:\/\/tiketi.com\/wp-content\/uploads\/2022\/01\/hong-kong-4370342_1280.jpg\",\"width\":1200,\"height\":264,\"caption\":\"Air Taxi in Hong Kong\"},{\"@type\":\"BreadcrumbList\",\"@id\":\"https:\/\/tiketi.com\/flights-nairobi-hong-kong-nbo-hkg\/#breadcrumb\",\"itemListElement\":[{\"@type\":\"ListItem\",\"position\":1,\"name\":\"Home\",\"item\":\"https:\/\/tiketi.com\/\"},{\"@type\":\"ListItem\",\"position\":2,\"name\":\"Cheap Flights from Nairobi to Hong Kong\"}]},{\"@type\":\"WebSite\",\"@id\":\"https:\/\/tiketi.com\/#website\",\"url\":\"https:\/\/tiketi.com\/\",\"name\":\"Flight & Bus Tickets, Tour Packages & Activitites - Tiketi.com\",\"description\":\"Flight &amp; Bus Tickets, Tours, Activitites\",\"publisher\":{\"@id\":\"https:\/\/tiketi.com\/#organization\"},\"potentialAction\":[{\"@type\":\"SearchAction\",\"target\":{\"@type\":\"EntryPoint\",\"urlTemplate\":\"https:\/\/tiketi.com\/?s={search_term_string}\"},\"query-input\":{\"@type\":\"PropertyValueSpecification\",\"valueRequired\":true,\"valueName\":\"search_term_string\"}}],\"inLanguage\":\"fr-FR\"},{\"@type\":\"Organization\",\"@id\":\"https:\/\/tiketi.com\/#organization\",\"name\":\"Tiketi.com\",\"alternateName\":\"Tiketi\",\"url\":\"https:\/\/tiketi.com\/\",\"logo\":{\"@type\":\"ImageObject\",\"inLanguage\":\"fr-FR\",\"@id\":\"https:\/\/tiketi.com\/#\/schema\/logo\/image\/\",\"url\":\"https:\/\/tiketi.com\/wp-content\/uploads\/2019\/05\/tiketi-logo-696.png\",\"contentUrl\":\"https:\/\/tiketi.com\/wp-content\/uploads\/2019\/05\/tiketi-logo-696.png\",\"width\":696,\"height\":696,\"caption\":\"Tiketi.com\"},\"image\":{\"@id\":\"https:\/\/tiketi.com\/#\/schema\/logo\/image\/\"},\"sameAs\":[\"https:\/\/www.facebook.com\/TiketiCom\/\"]}]}<\/script>\n<!-- \/ Yoast SEO plugin. -->","yoast_head_json":{"title":"Vols pas chers de Nairobi \u00e0 Hong Kong","description":"Vous recherchez des vols \u00e0 bas prix au Nairobi vers Hong Kong? Recherchez, comparez et r\u00e9servez un billet d&#039;avion pas cher de Nairobi \u00e0 Hong Kong en ligne","robots":{"index":"index","follow":"follow","max-snippet":"max-snippet:-1","max-image-preview":"max-image-preview:large","max-video-preview":"max-video-preview:-1"},"canonical":"https:\/\/tiketi.com\/fr-fr\/flights-nairobi-hong-kong-nbo-hkg\/","og_locale":"fr_FR","og_type":"article","og_title":"Cheap Flights from Nairobi to Hong Kong","og_description":"Looking for cheap flights from\u00a0Nairobi to Hong Kong? Search, compare and book cheap airline ticket from Nairobi to Hong Kong online","og_url":"https:\/\/tiketi.com\/fr-fr\/flights-nairobi-hong-kong-nbo-hkg\/","og_site_name":"Tiketi.com","article_publisher":"https:\/\/www.facebook.com\/TiketiCom\/","article_modified_time":"2022-02-09T13:03:46+00:00","og_image":[{"width":1200,"height":264,"url":"https:\/\/tiketi.com\/wp-content\/uploads\/2022\/01\/hong-kong-4370342_1280.jpg","type":"image\/jpeg"}],"twitter_card":"summary_large_image","twitter_misc":{"Dur\u00e9e de lecture estim\u00e9e":"3 minutes"},"schema":{"@context":"https:\/\/schema.org","@graph":[{"@type":"WebPage","@id":"https:\/\/tiketi.com\/flights-nairobi-hong-kong-nbo-hkg\/","url":"https:\/\/tiketi.com\/flights-nairobi-hong-kong-nbo-hkg\/","name":"Vols pas chers de Nairobi \u00e0 Hong Kong","isPartOf":{"@id":"https:\/\/tiketi.com\/#website"},"primaryImageOfPage":{"@id":"https:\/\/tiketi.com\/flights-nairobi-hong-kong-nbo-hkg\/#primaryimage"},"image":{"@id":"https:\/\/tiketi.com\/flights-nairobi-hong-kong-nbo-hkg\/#primaryimage"},"thumbnailUrl":"https:\/\/tiketi.com\/wp-content\/uploads\/2022\/01\/hong-kong-4370342_1280.jpg","datePublished":"2022-01-19T11:55:16+00:00","dateModified":"2022-02-09T13:03:46+00:00","description":"Vous recherchez des vols \u00e0 bas prix au Nairobi vers Hong Kong? Recherchez, comparez et r\u00e9servez un billet d&#039;avion pas cher de Nairobi \u00e0 Hong Kong en ligne","breadcrumb":{"@id":"https:\/\/tiketi.com\/flights-nairobi-hong-kong-nbo-hkg\/#breadcrumb"},"inLanguage":"fr-FR","potentialAction":[{"@type":"ReadAction","target":["https:\/\/tiketi.com\/flights-nairobi-hong-kong-nbo-hkg\/"]}]},{"@type":"ImageObject","inLanguage":"fr-FR","@id":"https:\/\/tiketi.com\/flights-nairobi-hong-kong-nbo-hkg\/#primaryimage","url":"https:\/\/tiketi.com\/wp-content\/uploads\/2022\/01\/hong-kong-4370342_1280.jpg","contentUrl":"https:\/\/tiketi.com\/wp-content\/uploads\/2022\/01\/hong-kong-4370342_1280.jpg","width":1200,"height":264,"caption":"Air Taxi in Hong Kong"},{"@type":"BreadcrumbList","@id":"https:\/\/tiketi.com\/flights-nairobi-hong-kong-nbo-hkg\/#breadcrumb","itemListElement":[{"@type":"ListItem","position":1,"name":"Home","item":"https:\/\/tiketi.com\/"},{"@type":"ListItem","position":2,"name":"Cheap Flights from Nairobi to Hong Kong"}]},{"@type":"WebSite","@id":"https:\/\/tiketi.com\/#website","url":"https:\/\/tiketi.com\/","name":"Billets d&#039;avion et de bus, forfaits touristiques et activit\u00e9s - Tiketi.com","description":"Billets d&#039;avion et de bus, Tours, Activit\u00e9s","publisher":{"@id":"https:\/\/tiketi.com\/#organization"},"potentialAction":[{"@type":"SearchAction","target":{"@type":"EntryPoint","urlTemplate":"https:\/\/tiketi.com\/?s={search_term_string}"},"query-input":{"@type":"PropertyValueSpecification","valueRequired":true,"valueName":"search_term_string"}}],"inLanguage":"fr-FR"},{"@type":"Organization","@id":"https:\/\/tiketi.com\/#organization","name":"Tiketi.com","alternateName":"Tiketi","url":"https:\/\/tiketi.com\/","logo":{"@type":"ImageObject","inLanguage":"fr-FR","@id":"https:\/\/tiketi.com\/#\/schema\/logo\/image\/","url":"https:\/\/tiketi.com\/wp-content\/uploads\/2019\/05\/tiketi-logo-696.png","contentUrl":"https:\/\/tiketi.com\/wp-content\/uploads\/2019\/05\/tiketi-logo-696.png","width":696,"height":696,"caption":"Tiketi.com"},"image":{"@id":"https:\/\/tiketi.com\/#\/schema\/logo\/image\/"},"sameAs":["https:\/\/www.facebook.com\/TiketiCom\/"]}]}},"_links":{"self":[{"href":"https:\/\/tiketi.com\/fr-fr\/wp-json\/wp\/v2\/pages\/11842","targetHints":{"allow":["GET"]}}],"collection":[{"href":"https:\/\/tiketi.com\/fr-fr\/wp-json\/wp\/v2\/pages"}],"about":[{"href":"https:\/\/tiketi.com\/fr-fr\/wp-json\/wp\/v2\/types\/page"}],"author":[{"embeddable":true,"href":"https:\/\/tiketi.com\/fr-fr\/wp-json\/wp\/v2\/users\/1"}],"replies":[{"embeddable":true,"href":"https:\/\/tiketi.com\/fr-fr\/wp-json\/wp\/v2\/comments?post=11842"}],"version-history":[{"count":0,"href":"https:\/\/tiketi.com\/fr-fr\/wp-json\/wp\/v2\/pages\/11842\/revisions"}],"wp:featuredmedia":[{"embeddable":true,"href":"https:\/\/tiketi.com\/fr-fr\/wp-json\/wp\/v2\/media\/14244"}],"wp:attachment":[{"href":"https:\/\/tiketi.com\/fr-fr\/wp-json\/wp\/v2\/media?parent=11842"}],"curies":[{"name":"wp","href":"https:\/\/api.w.org\/{rel}","templated":true}]}}