{"id":11843,"date":"2022-01-19T12:55:16","date_gmt":"2022-01-19T11:55:16","guid":{"rendered":"https:\/\/new.tiketi.com\/cheap-flights-from-nairobi-to-cotonou\/"},"modified":"2022-02-09T14:13:24","modified_gmt":"2022-02-09T13:13:24","slug":"flights-nairobi-cotonou-nbo-coo","status":"publish","type":"page","link":"https:\/\/tiketi.com\/fr-fr\/flights-nairobi-cotonou-nbo-coo\/","title":{"rendered":"Vols pas chers de Nairobi \u00e0 Cotonou"},"content":{"rendered":"<h2>Vous cherchez un billet d&#039;avion pas cher \u00e0 destination de Cotonou ou des offres de derni\u00e8re minute ?<\/h2>\n<h3>Cherchez, comparez et r\u00e9servez un billet d&#039;avion pas cher de Nairobi (NBO) \u00e0 Cotonou (COO)<span style=\"font-size: 16px;\">&nbsp;<\/span>maintenant en ligne.<\/h3>\n<p>R\u00e9servez des vols pas chers de Nairobi \u00e0 Cotonou en ligne et \u00e9conomisez de l&#039;argent sur les billets d&#039;avion en toute confiance sur Tiketi.com. Cotonou, la capitale \u00e9conomique et dynamique du B\u00e9nin, est situ\u00e9e au sud du pays \u00e0 proximit\u00e9 de la mer. La ville est bord\u00e9e par les lacs, la mer et les lagons et propose de nombreuses activit\u00e9s et sites \u00e0 voir. Site Web unique pour les tarifs a\u00e9riens et les billets d&#039;avion pas chers au d\u00e9part de Nairobi et de Cotonou. Comparez les prix et obtenez le tarif le plus bas sur les billets d&#039;avion de Nairobi \u00e0 Cotonou gr\u00e2ce \u00e0 des offres exceptionnelles sur la r\u00e9servation de billets en ligne de vols de Nairobi et Cotonou.<\/p>\n<h2>Voici quelques-unes des meilleures attractions de Cotonou<\/h2>\n<h3>March\u00e9 Dantokpa<\/h3>\n<p>Ce grand march\u00e9 est l\u2019endroit o\u00f9 les B\u00e9ninois vont acheter pratiquement tout. Il ne sert pas seulement \u00e0 acheter des produits mais aussi \u00e0 acheter des souvenirs et toute autre n\u00e9cessit\u00e9 g\u00e9n\u00e9rale dont vous pourriez avoir besoin, y compris un espace pour acheter des articles pour fabriquer des f\u00e9tiches.<\/p>\n<h3>Fondation Zinsou<\/h3>\n<p>Il s&#039;agit d&#039;une organisation \u00e0 but non lucratif visant \u00e0 promouvoir l&#039;\u00e9ducation, l&#039;art et la culture des B\u00e9ninois. Ils travaillent en collaboration avec tous les mus\u00e9es historiques du B\u00e9nin afin d&#039;offrir une plateforme aux b\u00e9ninois et aux touristes pouvant d\u00e9couvrir la beaut\u00e9 et la culture du pays. Ils disposent \u00e9galement de ressources telles que six petites classes d&#039;art, des biblioth\u00e8ques, des \u00e9coles et des excursions sp\u00e9ciales en bus pour aider et faciliter le transport des enfants \u00e0 faible revenu dans diff\u00e9rentes r\u00e9gions du pays.<\/p>\n<h3>Le Centre Artisanal<\/h3>\n<p>Le centre artisanal est un endroit remarquable \u00e0 visiter si vous souhaitez v\u00e9rifier et acheter de l&#039;artisanat et des arts. Le centre comprend plusieurs zones construites avec une conception architecturale africaine. Chaque zone compte des artisans sp\u00e9cifiques vendant des marchandises ou fabriquant parfois des marchandises destin\u00e9es \u00e0 la vente. Les prix sont abordables et les articles sont tr\u00e8s sp\u00e9ciaux.<\/p>\n<h2>FAQ sur les vols pas chers de Nairobi \u00e0 Cotonou<\/h2>\n<h3>Quelles sont les compagnies a\u00e9riennes les plus privil\u00e9gi\u00e9es pour trouver des billets d&#039;avion pas chers de Nairobi \u00e0 Cotonou ?<\/h3>\n<p>Rwandair Express, Ethiopian Airlines, Kenya Airways et Air Burkina sont les compagnies a\u00e9riennes les plus appr\u00e9ci\u00e9es pour les billets d&#039;avion pas chers de Nairobi \u00e0 Cotonou.<\/p>\n<h3>Quels sont les codes et noms des a\u00e9roports de Nairobi et de Cotonou ?<\/h3>\n<p>Le nom de l&#039;a\u00e9roport de Nairobi est Jomo Kenyatta International Airport, son code est NBO et le nom de l&#039;a\u00e9roport de Cotonou est Cadjehoun Airport et son code est COO.<\/p>\n<h3>Quelle est la distance de vol entre Nairobi et Cotonou ?<\/h3>\n<p>La distance entre Nairobi et Cotonou est d&#039;environ 3940 kilom\u00e8tres.<\/p>\n<h3>Combien de vols quotidiens sont effectu\u00e9s de Nairobi \u00e0 Cotonou ?<\/h3>\n<p>Environ 19 vols en masse de Nairobi \u00e0 Cotonou. Dont dix-neuf s&#039;encha\u00eenent sur cet itin\u00e9raire. Certaines grandes compagnies a\u00e9riennes entre cette route sont Rwandair Express, Ethiopian Express, Kenya Airways, Air Bukrina et Turkish Airlines.<\/p>\n<h2>Conseils pour des vols pas chers \u00e0 Nairobi et Cotonou<\/h2>\n<p>\u2022 Le temps de vol le plus rapide de Nairobi \u00e0 Cotonou est de six heures trente minutes. La dur\u00e9e moyenne du vol est de six heures trente minutes.<\/p>\n<p>\u2022 Cotonou, au B\u00e9nin, se trouve \u00e0 2 445 milles de Nairobi.<\/p>\n<p>\u2022 Chicago, Illinois \u2013 L&#039;a\u00e9roport international OHare est le lien le plus c\u00e9l\u00e8bre pour les vols pas chers avec escale de Nairobi \u00e0 Cotonou.<\/p>","protected":false},"excerpt":{"rendered":"<p>Looking for cheap airline ticket from Nairobi to Cotonou&nbsp;or last minute deals? Search, compare and book cheap airline ticket from Nairobi (NBO) to Cotonou (COO)&nbsp;online now. Book cheap flights from Nairobi to Cotonou online and save money on airfare with confidence on Tiketi.com. Cotonou, the economical and dynamic capital of Benin, is placed on the [&hellip;]<\/p>\n","protected":false},"author":1,"featured_media":14041,"parent":0,"menu_order":0,"comment_status":"open","ping_status":"closed","template":"template-home-modern.php","meta":{"footnotes":""},"class_list":["post-11843","page","type-page","status-publish","has-post-thumbnail","hentry"],"yoast_head":"<!-- This site is optimized with the Yoast SEO plugin v27.2 - https:\/\/yoast.com\/product\/yoast-seo-wordpress\/ -->\n<title>Cheap Flights from\u00a0Nairobi to Cotonou<\/title>\n<meta name=\"description\" content=\"Looking for cheap flights from\u00a0Nairobi to Cotonou? Search, compare and book cheap airline ticket from Nairobi to Cotonou online\" \/>\n<meta name=\"robots\" content=\"index, follow, max-snippet:-1, max-image-preview:large, max-video-preview:-1\" \/>\n<link rel=\"canonical\" href=\"https:\/\/tiketi.com\/fr-fr\/flights-nairobi-cotonou-nbo-coo\/\" \/>\n<meta property=\"og:locale\" content=\"fr_FR\" \/>\n<meta property=\"og:type\" content=\"article\" \/>\n<meta property=\"og:title\" content=\"Cheap Flights from\u00a0Nairobi to Cotonou\" \/>\n<meta property=\"og:description\" content=\"Looking for cheap flights from\u00a0Nairobi to Cotonou? Search, compare and book cheap airline ticket from Nairobi to Cotonou online\" \/>\n<meta property=\"og:url\" content=\"https:\/\/tiketi.com\/fr-fr\/flights-nairobi-cotonou-nbo-coo\/\" \/>\n<meta property=\"og:site_name\" content=\"Tiketi.com\" \/>\n<meta property=\"article:publisher\" content=\"https:\/\/www.facebook.com\/TiketiCom\/\" \/>\n<meta property=\"article:modified_time\" content=\"2022-02-09T13:13:24+00:00\" \/>\n<meta property=\"og:image\" content=\"https:\/\/tiketi.com\/wp-content\/uploads\/2022\/01\/flight-ticket-booking-sorasak-KxCJXXGsv9I-unsplas.jpg\" \/>\n\t<meta property=\"og:image:width\" content=\"1200\" \/>\n\t<meta property=\"og:image:height\" content=\"240\" \/>\n\t<meta property=\"og:image:type\" content=\"image\/jpeg\" \/>\n<meta name=\"twitter:card\" content=\"summary_large_image\" \/>\n<meta name=\"twitter:label1\" content=\"Dur\u00e9e de lecture estim\u00e9e\" \/>\n\t<meta name=\"twitter:data1\" content=\"3 minutes\" \/>\n<script type=\"application\/ld+json\" class=\"yoast-schema-graph\">{\"@context\":\"https:\/\/schema.org\",\"@graph\":[{\"@type\":\"WebPage\",\"@id\":\"https:\/\/tiketi.com\/flights-nairobi-cotonou-nbo-coo\/\",\"url\":\"https:\/\/tiketi.com\/flights-nairobi-cotonou-nbo-coo\/\",\"name\":\"Cheap Flights from\u00a0Nairobi to Cotonou\",\"isPartOf\":{\"@id\":\"https:\/\/tiketi.com\/#website\"},\"primaryImageOfPage\":{\"@id\":\"https:\/\/tiketi.com\/flights-nairobi-cotonou-nbo-coo\/#primaryimage\"},\"image\":{\"@id\":\"https:\/\/tiketi.com\/flights-nairobi-cotonou-nbo-coo\/#primaryimage\"},\"thumbnailUrl\":\"https:\/\/tiketi.com\/wp-content\/uploads\/2022\/01\/flight-ticket-booking-sorasak-KxCJXXGsv9I-unsplas.jpg\",\"datePublished\":\"2022-01-19T11:55:16+00:00\",\"dateModified\":\"2022-02-09T13:13:24+00:00\",\"description\":\"Looking for cheap flights from\u00a0Nairobi to Cotonou? Search, compare and book cheap airline ticket from Nairobi to Cotonou online\",\"breadcrumb\":{\"@id\":\"https:\/\/tiketi.com\/flights-nairobi-cotonou-nbo-coo\/#breadcrumb\"},\"inLanguage\":\"fr-FR\",\"potentialAction\":[{\"@type\":\"ReadAction\",\"target\":[\"https:\/\/tiketi.com\/flights-nairobi-cotonou-nbo-coo\/\"]}]},{\"@type\":\"ImageObject\",\"inLanguage\":\"fr-FR\",\"@id\":\"https:\/\/tiketi.com\/flights-nairobi-cotonou-nbo-coo\/#primaryimage\",\"url\":\"https:\/\/tiketi.com\/wp-content\/uploads\/2022\/01\/flight-ticket-booking-sorasak-KxCJXXGsv9I-unsplas.jpg\",\"contentUrl\":\"https:\/\/tiketi.com\/wp-content\/uploads\/2022\/01\/flight-ticket-booking-sorasak-KxCJXXGsv9I-unsplas.jpg\",\"width\":1200,\"height\":240,\"caption\":\"Online flight ticket booking\"},{\"@type\":\"BreadcrumbList\",\"@id\":\"https:\/\/tiketi.com\/flights-nairobi-cotonou-nbo-coo\/#breadcrumb\",\"itemListElement\":[{\"@type\":\"ListItem\",\"position\":1,\"name\":\"Home\",\"item\":\"https:\/\/tiketi.com\/\"},{\"@type\":\"ListItem\",\"position\":2,\"name\":\"Cheap Flights from\u00a0Nairobi to Cotonou\"}]},{\"@type\":\"WebSite\",\"@id\":\"https:\/\/tiketi.com\/#website\",\"url\":\"https:\/\/tiketi.com\/\",\"name\":\"Flight & Bus Tickets, Tour Packages & Activitites - Tiketi.com\",\"description\":\"Flight &amp; Bus Tickets, Tours, Activitites\",\"publisher\":{\"@id\":\"https:\/\/tiketi.com\/#organization\"},\"potentialAction\":[{\"@type\":\"SearchAction\",\"target\":{\"@type\":\"EntryPoint\",\"urlTemplate\":\"https:\/\/tiketi.com\/?s={search_term_string}\"},\"query-input\":{\"@type\":\"PropertyValueSpecification\",\"valueRequired\":true,\"valueName\":\"search_term_string\"}}],\"inLanguage\":\"fr-FR\"},{\"@type\":\"Organization\",\"@id\":\"https:\/\/tiketi.com\/#organization\",\"name\":\"Tiketi.com\",\"alternateName\":\"Tiketi\",\"url\":\"https:\/\/tiketi.com\/\",\"logo\":{\"@type\":\"ImageObject\",\"inLanguage\":\"fr-FR\",\"@id\":\"https:\/\/tiketi.com\/#\/schema\/logo\/image\/\",\"url\":\"https:\/\/tiketi.com\/wp-content\/uploads\/2019\/05\/tiketi-logo-696.png\",\"contentUrl\":\"https:\/\/tiketi.com\/wp-content\/uploads\/2019\/05\/tiketi-logo-696.png\",\"width\":696,\"height\":696,\"caption\":\"Tiketi.com\"},\"image\":{\"@id\":\"https:\/\/tiketi.com\/#\/schema\/logo\/image\/\"},\"sameAs\":[\"https:\/\/www.facebook.com\/TiketiCom\/\"]}]}<\/script>\n<!-- \/ Yoast SEO plugin. -->","yoast_head_json":{"title":"Vols pas chers de Nairobi \u00e0 Cotonou","description":"Vous recherchez des vols \u00e0 bas prix au Nairobi vers Cotonou? Recherchez, comparez et r\u00e9servez en ligne un billet d&#039;avion pas cher de Nairobi \u00e0 Cotonou","robots":{"index":"index","follow":"follow","max-snippet":"max-snippet:-1","max-image-preview":"max-image-preview:large","max-video-preview":"max-video-preview:-1"},"canonical":"https:\/\/tiketi.com\/fr-fr\/flights-nairobi-cotonou-nbo-coo\/","og_locale":"fr_FR","og_type":"article","og_title":"Cheap Flights from\u00a0Nairobi to Cotonou","og_description":"Looking for cheap flights from\u00a0Nairobi to Cotonou? Search, compare and book cheap airline ticket from Nairobi to Cotonou online","og_url":"https:\/\/tiketi.com\/fr-fr\/flights-nairobi-cotonou-nbo-coo\/","og_site_name":"Tiketi.com","article_publisher":"https:\/\/www.facebook.com\/TiketiCom\/","article_modified_time":"2022-02-09T13:13:24+00:00","og_image":[{"width":1200,"height":240,"url":"https:\/\/tiketi.com\/wp-content\/uploads\/2022\/01\/flight-ticket-booking-sorasak-KxCJXXGsv9I-unsplas.jpg","type":"image\/jpeg"}],"twitter_card":"summary_large_image","twitter_misc":{"Dur\u00e9e de lecture estim\u00e9e":"3 minutes"},"schema":{"@context":"https:\/\/schema.org","@graph":[{"@type":"WebPage","@id":"https:\/\/tiketi.com\/flights-nairobi-cotonou-nbo-coo\/","url":"https:\/\/tiketi.com\/flights-nairobi-cotonou-nbo-coo\/","name":"Vols pas chers de Nairobi \u00e0 Cotonou","isPartOf":{"@id":"https:\/\/tiketi.com\/#website"},"primaryImageOfPage":{"@id":"https:\/\/tiketi.com\/flights-nairobi-cotonou-nbo-coo\/#primaryimage"},"image":{"@id":"https:\/\/tiketi.com\/flights-nairobi-cotonou-nbo-coo\/#primaryimage"},"thumbnailUrl":"https:\/\/tiketi.com\/wp-content\/uploads\/2022\/01\/flight-ticket-booking-sorasak-KxCJXXGsv9I-unsplas.jpg","datePublished":"2022-01-19T11:55:16+00:00","dateModified":"2022-02-09T13:13:24+00:00","description":"Vous recherchez des vols \u00e0 bas prix au Nairobi vers Cotonou? Recherchez, comparez et r\u00e9servez en ligne un billet d&#039;avion pas cher de Nairobi \u00e0 Cotonou","breadcrumb":{"@id":"https:\/\/tiketi.com\/flights-nairobi-cotonou-nbo-coo\/#breadcrumb"},"inLanguage":"fr-FR","potentialAction":[{"@type":"ReadAction","target":["https:\/\/tiketi.com\/flights-nairobi-cotonou-nbo-coo\/"]}]},{"@type":"ImageObject","inLanguage":"fr-FR","@id":"https:\/\/tiketi.com\/flights-nairobi-cotonou-nbo-coo\/#primaryimage","url":"https:\/\/tiketi.com\/wp-content\/uploads\/2022\/01\/flight-ticket-booking-sorasak-KxCJXXGsv9I-unsplas.jpg","contentUrl":"https:\/\/tiketi.com\/wp-content\/uploads\/2022\/01\/flight-ticket-booking-sorasak-KxCJXXGsv9I-unsplas.jpg","width":1200,"height":240,"caption":"Online flight ticket booking"},{"@type":"BreadcrumbList","@id":"https:\/\/tiketi.com\/flights-nairobi-cotonou-nbo-coo\/#breadcrumb","itemListElement":[{"@type":"ListItem","position":1,"name":"Home","item":"https:\/\/tiketi.com\/"},{"@type":"ListItem","position":2,"name":"Cheap Flights from\u00a0Nairobi to Cotonou"}]},{"@type":"WebSite","@id":"https:\/\/tiketi.com\/#website","url":"https:\/\/tiketi.com\/","name":"Billets d&#039;avion et de bus, forfaits touristiques et activit\u00e9s - Tiketi.com","description":"Billets d&#039;avion et de bus, Tours, Activit\u00e9s","publisher":{"@id":"https:\/\/tiketi.com\/#organization"},"potentialAction":[{"@type":"SearchAction","target":{"@type":"EntryPoint","urlTemplate":"https:\/\/tiketi.com\/?s={search_term_string}"},"query-input":{"@type":"PropertyValueSpecification","valueRequired":true,"valueName":"search_term_string"}}],"inLanguage":"fr-FR"},{"@type":"Organization","@id":"https:\/\/tiketi.com\/#organization","name":"Tiketi.com","alternateName":"Tiketi","url":"https:\/\/tiketi.com\/","logo":{"@type":"ImageObject","inLanguage":"fr-FR","@id":"https:\/\/tiketi.com\/#\/schema\/logo\/image\/","url":"https:\/\/tiketi.com\/wp-content\/uploads\/2019\/05\/tiketi-logo-696.png","contentUrl":"https:\/\/tiketi.com\/wp-content\/uploads\/2019\/05\/tiketi-logo-696.png","width":696,"height":696,"caption":"Tiketi.com"},"image":{"@id":"https:\/\/tiketi.com\/#\/schema\/logo\/image\/"},"sameAs":["https:\/\/www.facebook.com\/TiketiCom\/"]}]}},"_links":{"self":[{"href":"https:\/\/tiketi.com\/fr-fr\/wp-json\/wp\/v2\/pages\/11843","targetHints":{"allow":["GET"]}}],"collection":[{"href":"https:\/\/tiketi.com\/fr-fr\/wp-json\/wp\/v2\/pages"}],"about":[{"href":"https:\/\/tiketi.com\/fr-fr\/wp-json\/wp\/v2\/types\/page"}],"author":[{"embeddable":true,"href":"https:\/\/tiketi.com\/fr-fr\/wp-json\/wp\/v2\/users\/1"}],"replies":[{"embeddable":true,"href":"https:\/\/tiketi.com\/fr-fr\/wp-json\/wp\/v2\/comments?post=11843"}],"version-history":[{"count":0,"href":"https:\/\/tiketi.com\/fr-fr\/wp-json\/wp\/v2\/pages\/11843\/revisions"}],"wp:featuredmedia":[{"embeddable":true,"href":"https:\/\/tiketi.com\/fr-fr\/wp-json\/wp\/v2\/media\/14041"}],"wp:attachment":[{"href":"https:\/\/tiketi.com\/fr-fr\/wp-json\/wp\/v2\/media?parent=11843"}],"curies":[{"name":"wp","href":"https:\/\/api.w.org\/{rel}","templated":true}]}}