{"id":11844,"date":"2022-01-19T12:55:16","date_gmt":"2022-01-19T11:55:16","guid":{"rendered":"https:\/\/new.tiketi.com\/cheap-flights-from-nairobi-to-antananarivo\/"},"modified":"2022-02-09T13:07:55","modified_gmt":"2022-02-09T12:07:55","slug":"flights-nairobi-antananarivo-nbo","status":"publish","type":"page","link":"https:\/\/tiketi.com\/fr-fr\/flights-nairobi-antananarivo-nbo\/","title":{"rendered":"Vols pas chers de Nairobi \u00e0 Antananarivo"},"content":{"rendered":"<h2>Vous cherchez un billet d&#039;avion pas cher \u00e0 partir de Nairobi pour Antananarivo ou des offres de derni\u00e8re minute ?<\/h2>\n<h3>Cherchez, comparez et r\u00e9servez un billet d&#039;avion pas cher de Nairobi (NBO) \u00e0 Antananarivo (TNR)<span style=\"font-size: 16px;\">\u00a0<\/span>maintenant en ligne.<\/h3>\n<p>R\u00e9servez des vols pas chers de Nairobi \u00e0 Antananarivo en ligne et \u00e9conomisez de l&#039;argent sur les billets d&#039;avion. M\u00eame si vous ne restez que quelques jours, la capitale de Madagascar, Antananarivo, offre des lieux historiques remarquables qui valent la peine d&#039;\u00eatre visit\u00e9s. Appel\u00e9e localement \u00ab Tana \u00bb, Antananarivo poss\u00e8de de merveilleux projets grandioses. Site Web unique pour les tarifs a\u00e9riens et les billets d&#039;avion \u00e0 bas prix de Nairobi \u00e0 Antananarivo.<\/p>\n<p>Comparez les prix et obtenez le tarif le plus bas sur les billets d&#039;avion de Nairobi \u00e0 Antananarivo gr\u00e2ce \u00e0 des offres exceptionnelles sur les vols de Nairobi \u00e0 Antananarivo en ligne.<\/p>\n<h2>Voici quelques-unes des meilleures attractions d&#039;Arusha<\/h2>\n<h3>Le Rova d&#039;Antananarivo<\/h3>\n<p>Perch\u00e9 au sommet d&#039;une colline, le Rova d&#039;Antananarivo est l&#039;un des symboles du royaume Imerina. \u00c0 l\u2019int\u00e9rieur de l\u2019enceinte royale se trouvent une \u00e9glise et diff\u00e9rents palais, dont le Palais de la Reine. Apr\u00e8s avoir br\u00fbl\u00e9 en 1995, le Rova a \u00e9t\u00e9 reconstruit et reste toujours un lieu \u00e0 visiter pour profiter de la vue magnifique sur la ville en contrebas.<\/p>\n<h3>Palais des Premiers Ministres<\/h3>\n<p>Construit en 1872 par l&#039;architecte anglais William Pool, le Palais des Premiers Ministres rempla\u00e7ait ce qui \u00e9tait en r\u00e9alit\u00e9 un b\u00e2timent en bois. Incendi\u00e9 mais restaur\u00e9 en 1976, il abrite une v\u00e9ritable exposition d&#039;attributs royaux et d&#039;effets personnels provenant du Palais des Reines du Rova d&#039;Antananarivo, \u00e9galement incendi\u00e9.<\/p>\n<h3>Place Andohalo<\/h3>\n<p>Andohalo Place \u00e9tait la maison du premier march\u00e9 de Zoma. Avant son d\u00e9veloppement, tous les \u00e9v\u00e9nements monarchiques officiels avaient lieu \u00e0 Andohalo. Le 14 octobre 1958, la naissance de la R\u00e9publique Malgache y est proclam\u00e9e.<\/p>\n<h2>FAQ sur les vols pas chers de Nairobi \u00e0 Antananarivo<\/h2>\n<h3>Quelle est la distance entre Antananarivo et Nairobi ?<\/h3>\n<p>La distance entre Nairobi et Antananarivo est de 2\u00a0256 kilom\u00e8tres.<\/p>\n<h3>Quelle est la dur\u00e9e du vol Nairobi - Antananarivo ?<\/h3>\n<p>La dur\u00e9e moyenne d\u2019un vol Nairobi-Antananarivo est de trois heures et vingt minutes.<\/p>\n<h3>Quelle est la fr\u00e9quence des vols directs Nairobi-Antananarivo ?<\/h3>\n<p>Il existe dix vols directs de Nairobi \u00e0 Antananarivo.<\/p>\n<p>\u2022 Matin \u2013 quatre-vingt-trois pour cent des d\u00e9parts de vols<\/p>\n<p>\u2022 Soir \u2013 soixante-dix pour cent des d\u00e9parts de vols<\/p>\n<h3>Quelles sont les compagnies a\u00e9riennes les plus connues de Nairobi pour des billets d&#039;avion pas chers de Nairobi \u00e0 Antananarivo ?<\/h3>\n<p>Kenya Airways propose 100 % des vols sans escale entre Antananarivo et Nairobi.<\/p>\n<h3>Quels sont les a\u00e9roports les plus proches d&#039;Antananarivo et de Nairobi ?<\/h3>\n<p>L\u2019a\u00e9roport le plus proche d\u2019Antananarivo est l\u2019a\u00e9roport d\u2019Antananarivo et l\u2019a\u00e9roport le plus proche de Nairobi est l\u2019a\u00e9roport international Jomo Kenyatta.<\/p>\n<h2>Conseils de vol de Nairobi \u00e0 Antananarivo<\/h2>\n<p>\u2022 Nairobi, au Kenya, se trouve \u00e0 1 405 milles d&#039;Antananarivo.<\/p>\n<p>\u2022 Il y a trois vols quotidiens de Nairobi \u00e0 Antananarivo.<\/p>\n<p>\u2022 Il y a cinq vols hebdomadaires de Nairobi \u00e0 Antananarivo.<\/p>\n<p>\u2022 Cinq vols sans escale sont assur\u00e9s de Nairobi \u00e0 Antananarivo.<\/p>\n<p>\u2022 Kenya Airways propose le billet d&#039;avion le moins cher sans escale de Nairobi \u00e0 Antananarivo.<\/p>\n<p>\u2022 Paris, France \u2013 L&#039;a\u00e9roport Charles De Gaulle est la liaison la plus c\u00e9l\u00e8bre pour les vols \u00e0 escale entre Antananarivo et Nairobi.<\/p>","protected":false},"excerpt":{"rendered":"<p>Looking for cheap airline ticket from Nairobi to Antananarivo\u00a0or last minute deals? Search, compare and book cheap airline ticket from Nairobi (NBO) to Antananarivo (TNR)\u00a0online now. Book cheap flights from Nairobi to Antananarivo online and save money on airfare. Even if you are just staying for a couple of days, Madagascar capital city, Antananarivo, provides [&hellip;]<\/p>\n","protected":false},"author":1,"featured_media":14041,"parent":0,"menu_order":0,"comment_status":"open","ping_status":"closed","template":"template-home-modern.php","meta":{"footnotes":""},"class_list":["post-11844","page","type-page","status-publish","has-post-thumbnail","hentry"],"yoast_head":"<!-- This site is optimized with the Yoast SEO plugin v27.3 - https:\/\/yoast.com\/product\/yoast-seo-wordpress\/ -->\n<title>Cheap Flights from\u00a0Nairobi to Antananarivo<\/title>\n<meta name=\"description\" content=\"Looking for cheap flights from\u00a0Nairobi to Antananarivo? Search, compare and book cheap airline ticket from Nairobi to Antananarivo online\" \/>\n<meta name=\"robots\" content=\"index, follow, max-snippet:-1, max-image-preview:large, max-video-preview:-1\" \/>\n<link rel=\"canonical\" href=\"https:\/\/tiketi.com\/fr-fr\/flights-nairobi-antananarivo-nbo\/\" \/>\n<meta property=\"og:locale\" content=\"fr_FR\" \/>\n<meta property=\"og:type\" content=\"article\" \/>\n<meta property=\"og:title\" content=\"Cheap Flights from\u00a0Nairobi to Antananarivo\" \/>\n<meta property=\"og:description\" content=\"Looking for cheap flights from\u00a0Nairobi to Antananarivo? Search, compare and book cheap airline ticket from Nairobi to Antananarivo online\" \/>\n<meta property=\"og:url\" content=\"https:\/\/tiketi.com\/fr-fr\/flights-nairobi-antananarivo-nbo\/\" \/>\n<meta property=\"og:site_name\" content=\"Tiketi.com\" \/>\n<meta property=\"article:publisher\" content=\"https:\/\/www.facebook.com\/TiketiCom\/\" \/>\n<meta property=\"article:modified_time\" content=\"2022-02-09T12:07:55+00:00\" \/>\n<meta property=\"og:image\" content=\"https:\/\/tiketi.com\/wp-content\/uploads\/2022\/01\/flight-ticket-booking-sorasak-KxCJXXGsv9I-unsplas.jpg\" \/>\n\t<meta property=\"og:image:width\" content=\"1200\" \/>\n\t<meta property=\"og:image:height\" content=\"240\" \/>\n\t<meta property=\"og:image:type\" content=\"image\/jpeg\" \/>\n<meta name=\"twitter:card\" content=\"summary_large_image\" \/>\n<meta name=\"twitter:label1\" content=\"Dur\u00e9e de lecture estim\u00e9e\" \/>\n\t<meta name=\"twitter:data1\" content=\"3 minutes\" \/>\n<script type=\"application\/ld+json\" class=\"yoast-schema-graph\">{\"@context\":\"https:\\\/\\\/schema.org\",\"@graph\":[{\"@type\":\"WebPage\",\"@id\":\"https:\\\/\\\/tiketi.com\\\/flights-nairobi-antananarivo-nbo\\\/\",\"url\":\"https:\\\/\\\/tiketi.com\\\/flights-nairobi-antananarivo-nbo\\\/\",\"name\":\"Cheap Flights from\u00a0Nairobi to Antananarivo\",\"isPartOf\":{\"@id\":\"https:\\\/\\\/tiketi.com\\\/#website\"},\"primaryImageOfPage\":{\"@id\":\"https:\\\/\\\/tiketi.com\\\/flights-nairobi-antananarivo-nbo\\\/#primaryimage\"},\"image\":{\"@id\":\"https:\\\/\\\/tiketi.com\\\/flights-nairobi-antananarivo-nbo\\\/#primaryimage\"},\"thumbnailUrl\":\"https:\\\/\\\/tiketi.com\\\/wp-content\\\/uploads\\\/2022\\\/01\\\/flight-ticket-booking-sorasak-KxCJXXGsv9I-unsplas.jpg\",\"datePublished\":\"2022-01-19T11:55:16+00:00\",\"dateModified\":\"2022-02-09T12:07:55+00:00\",\"description\":\"Looking for cheap flights from\u00a0Nairobi to Antananarivo? Search, compare and book cheap airline ticket from Nairobi to Antananarivo online\",\"breadcrumb\":{\"@id\":\"https:\\\/\\\/tiketi.com\\\/flights-nairobi-antananarivo-nbo\\\/#breadcrumb\"},\"inLanguage\":\"fr-FR\",\"potentialAction\":[{\"@type\":\"ReadAction\",\"target\":[\"https:\\\/\\\/tiketi.com\\\/flights-nairobi-antananarivo-nbo\\\/\"]}]},{\"@type\":\"ImageObject\",\"inLanguage\":\"fr-FR\",\"@id\":\"https:\\\/\\\/tiketi.com\\\/flights-nairobi-antananarivo-nbo\\\/#primaryimage\",\"url\":\"https:\\\/\\\/tiketi.com\\\/wp-content\\\/uploads\\\/2022\\\/01\\\/flight-ticket-booking-sorasak-KxCJXXGsv9I-unsplas.jpg\",\"contentUrl\":\"https:\\\/\\\/tiketi.com\\\/wp-content\\\/uploads\\\/2022\\\/01\\\/flight-ticket-booking-sorasak-KxCJXXGsv9I-unsplas.jpg\",\"width\":1200,\"height\":240,\"caption\":\"Online flight ticket booking\"},{\"@type\":\"BreadcrumbList\",\"@id\":\"https:\\\/\\\/tiketi.com\\\/flights-nairobi-antananarivo-nbo\\\/#breadcrumb\",\"itemListElement\":[{\"@type\":\"ListItem\",\"position\":1,\"name\":\"Home\",\"item\":\"https:\\\/\\\/tiketi.com\\\/\"},{\"@type\":\"ListItem\",\"position\":2,\"name\":\"Cheap Flights from\u00a0Nairobi to Antananarivo\"}]},{\"@type\":\"WebSite\",\"@id\":\"https:\\\/\\\/tiketi.com\\\/#website\",\"url\":\"https:\\\/\\\/tiketi.com\\\/\",\"name\":\"Flight & Bus Tickets, Tour Packages & Activitites - Tiketi.com\",\"description\":\"Flight &amp; Bus Tickets, Tours, Activitites\",\"publisher\":{\"@id\":\"https:\\\/\\\/tiketi.com\\\/#organization\"},\"potentialAction\":[{\"@type\":\"SearchAction\",\"target\":{\"@type\":\"EntryPoint\",\"urlTemplate\":\"https:\\\/\\\/tiketi.com\\\/?s={search_term_string}\"},\"query-input\":{\"@type\":\"PropertyValueSpecification\",\"valueRequired\":true,\"valueName\":\"search_term_string\"}}],\"inLanguage\":\"fr-FR\"},{\"@type\":\"Organization\",\"@id\":\"https:\\\/\\\/tiketi.com\\\/#organization\",\"name\":\"Tiketi.com\",\"alternateName\":\"Tiketi\",\"url\":\"https:\\\/\\\/tiketi.com\\\/\",\"logo\":{\"@type\":\"ImageObject\",\"inLanguage\":\"fr-FR\",\"@id\":\"https:\\\/\\\/tiketi.com\\\/#\\\/schema\\\/logo\\\/image\\\/\",\"url\":\"https:\\\/\\\/tiketi.com\\\/wp-content\\\/uploads\\\/2019\\\/05\\\/tiketi-logo-696.png\",\"contentUrl\":\"https:\\\/\\\/tiketi.com\\\/wp-content\\\/uploads\\\/2019\\\/05\\\/tiketi-logo-696.png\",\"width\":696,\"height\":696,\"caption\":\"Tiketi.com\"},\"image\":{\"@id\":\"https:\\\/\\\/tiketi.com\\\/#\\\/schema\\\/logo\\\/image\\\/\"},\"sameAs\":[\"https:\\\/\\\/www.facebook.com\\\/TiketiCom\\\/\"]}]}<\/script>\n<!-- \/ Yoast SEO plugin. -->","yoast_head_json":{"title":"Vols pas chers de Nairobi \u00e0 Antananarivo","description":"Vous recherchez des vols \u00e0 bas prix au Nairobi vers Antananarivo? Recherchez, comparez et r\u00e9servez en ligne un billet d&#039;avion pas cher de Nairobi \u00e0 Antananarivo","robots":{"index":"index","follow":"follow","max-snippet":"max-snippet:-1","max-image-preview":"max-image-preview:large","max-video-preview":"max-video-preview:-1"},"canonical":"https:\/\/tiketi.com\/fr-fr\/flights-nairobi-antananarivo-nbo\/","og_locale":"fr_FR","og_type":"article","og_title":"Cheap Flights from\u00a0Nairobi to Antananarivo","og_description":"Looking for cheap flights from\u00a0Nairobi to Antananarivo? Search, compare and book cheap airline ticket from Nairobi to Antananarivo online","og_url":"https:\/\/tiketi.com\/fr-fr\/flights-nairobi-antananarivo-nbo\/","og_site_name":"Tiketi.com","article_publisher":"https:\/\/www.facebook.com\/TiketiCom\/","article_modified_time":"2022-02-09T12:07:55+00:00","og_image":[{"width":1200,"height":240,"url":"https:\/\/tiketi.com\/wp-content\/uploads\/2022\/01\/flight-ticket-booking-sorasak-KxCJXXGsv9I-unsplas.jpg","type":"image\/jpeg"}],"twitter_card":"summary_large_image","twitter_misc":{"Dur\u00e9e de lecture estim\u00e9e":"3 minutes"},"schema":{"@context":"https:\/\/schema.org","@graph":[{"@type":"WebPage","@id":"https:\/\/tiketi.com\/flights-nairobi-antananarivo-nbo\/","url":"https:\/\/tiketi.com\/flights-nairobi-antananarivo-nbo\/","name":"Vols pas chers de Nairobi \u00e0 Antananarivo","isPartOf":{"@id":"https:\/\/tiketi.com\/#website"},"primaryImageOfPage":{"@id":"https:\/\/tiketi.com\/flights-nairobi-antananarivo-nbo\/#primaryimage"},"image":{"@id":"https:\/\/tiketi.com\/flights-nairobi-antananarivo-nbo\/#primaryimage"},"thumbnailUrl":"https:\/\/tiketi.com\/wp-content\/uploads\/2022\/01\/flight-ticket-booking-sorasak-KxCJXXGsv9I-unsplas.jpg","datePublished":"2022-01-19T11:55:16+00:00","dateModified":"2022-02-09T12:07:55+00:00","description":"Vous recherchez des vols \u00e0 bas prix au Nairobi vers Antananarivo? Recherchez, comparez et r\u00e9servez en ligne un billet d&#039;avion pas cher de Nairobi \u00e0 Antananarivo","breadcrumb":{"@id":"https:\/\/tiketi.com\/flights-nairobi-antananarivo-nbo\/#breadcrumb"},"inLanguage":"fr-FR","potentialAction":[{"@type":"ReadAction","target":["https:\/\/tiketi.com\/flights-nairobi-antananarivo-nbo\/"]}]},{"@type":"ImageObject","inLanguage":"fr-FR","@id":"https:\/\/tiketi.com\/flights-nairobi-antananarivo-nbo\/#primaryimage","url":"https:\/\/tiketi.com\/wp-content\/uploads\/2022\/01\/flight-ticket-booking-sorasak-KxCJXXGsv9I-unsplas.jpg","contentUrl":"https:\/\/tiketi.com\/wp-content\/uploads\/2022\/01\/flight-ticket-booking-sorasak-KxCJXXGsv9I-unsplas.jpg","width":1200,"height":240,"caption":"Online flight ticket booking"},{"@type":"BreadcrumbList","@id":"https:\/\/tiketi.com\/flights-nairobi-antananarivo-nbo\/#breadcrumb","itemListElement":[{"@type":"ListItem","position":1,"name":"Home","item":"https:\/\/tiketi.com\/"},{"@type":"ListItem","position":2,"name":"Cheap Flights from\u00a0Nairobi to Antananarivo"}]},{"@type":"WebSite","@id":"https:\/\/tiketi.com\/#website","url":"https:\/\/tiketi.com\/","name":"Billets d&#039;avion et de bus, forfaits touristiques et activit\u00e9s - Tiketi.com","description":"Billets d&#039;avion et de bus, Tours, Activit\u00e9s","publisher":{"@id":"https:\/\/tiketi.com\/#organization"},"potentialAction":[{"@type":"SearchAction","target":{"@type":"EntryPoint","urlTemplate":"https:\/\/tiketi.com\/?s={search_term_string}"},"query-input":{"@type":"PropertyValueSpecification","valueRequired":true,"valueName":"search_term_string"}}],"inLanguage":"fr-FR"},{"@type":"Organization","@id":"https:\/\/tiketi.com\/#organization","name":"Tiketi.com","alternateName":"Tiketi","url":"https:\/\/tiketi.com\/","logo":{"@type":"ImageObject","inLanguage":"fr-FR","@id":"https:\/\/tiketi.com\/#\/schema\/logo\/image\/","url":"https:\/\/tiketi.com\/wp-content\/uploads\/2019\/05\/tiketi-logo-696.png","contentUrl":"https:\/\/tiketi.com\/wp-content\/uploads\/2019\/05\/tiketi-logo-696.png","width":696,"height":696,"caption":"Tiketi.com"},"image":{"@id":"https:\/\/tiketi.com\/#\/schema\/logo\/image\/"},"sameAs":["https:\/\/www.facebook.com\/TiketiCom\/"]}]}},"_links":{"self":[{"href":"https:\/\/tiketi.com\/fr-fr\/wp-json\/wp\/v2\/pages\/11844","targetHints":{"allow":["GET"]}}],"collection":[{"href":"https:\/\/tiketi.com\/fr-fr\/wp-json\/wp\/v2\/pages"}],"about":[{"href":"https:\/\/tiketi.com\/fr-fr\/wp-json\/wp\/v2\/types\/page"}],"author":[{"embeddable":true,"href":"https:\/\/tiketi.com\/fr-fr\/wp-json\/wp\/v2\/users\/1"}],"replies":[{"embeddable":true,"href":"https:\/\/tiketi.com\/fr-fr\/wp-json\/wp\/v2\/comments?post=11844"}],"version-history":[{"count":0,"href":"https:\/\/tiketi.com\/fr-fr\/wp-json\/wp\/v2\/pages\/11844\/revisions"}],"wp:featuredmedia":[{"embeddable":true,"href":"https:\/\/tiketi.com\/fr-fr\/wp-json\/wp\/v2\/media\/14041"}],"wp:attachment":[{"href":"https:\/\/tiketi.com\/fr-fr\/wp-json\/wp\/v2\/media?parent=11844"}],"curies":[{"name":"wp","href":"https:\/\/api.w.org\/{rel}","templated":true}]}}