{"id":11845,"date":"2022-01-19T12:55:16","date_gmt":"2022-01-19T11:55:16","guid":{"rendered":"https:\/\/new.tiketi.com\/cheap-flights-from-nairobi-to-lilongwe\/"},"modified":"2022-02-09T14:43:53","modified_gmt":"2022-02-09T13:43:53","slug":"flights-nairobi-lilongwe-nbo-llw","status":"publish","type":"page","link":"https:\/\/tiketi.com\/fr-fr\/flights-nairobi-lilongwe-nbo-llw\/","title":{"rendered":"Vols pas chers de Nairobi \u00e0 Lilongwe"},"content":{"rendered":"<h2>Vous cherchez un billet d&#039;avion pas cher \u00e0 partir de Nairobi pour Lilongwe ou des offres de derni\u00e8re minute ?<\/h2>\n<h3>Recherchez, comparez et r\u00e9servez d\u00e8s maintenant un billet d&#039;avion pas cher de Nairobi (NBO) \u00e0 Lilongwe (LLW).<\/h3>\n<p>R\u00e9servez des vols pas chers de Nairobi \u00e0 Lilongwe en ligne et \u00e9conomisez de l&#039;argent sur les billets d&#039;avion en toute confiance sur Tiketi.com. Si vous envisagez d&#039;explorer Lilongwe, la capitale du Malawi, et que vous n&#039;avez pas encore d\u00e9cid\u00e9 quoi faire et o\u00f9 aller, utilisez ce guide pratique pour explorer le meilleur de la capitale du c\u0153ur br\u00fblant de l&#039;Afrique. Comparez les prix et obtenez le tarif le plus bas sur les billets d&#039;avion de Nairobi \u00e0 Lilongwe gr\u00e2ce \u00e0 des offres exceptionnelles sur les vols de Nairobi \u00e0 Lilongwe en ligne.<\/p>\n<h2>Voici quelques-unes des meilleures attractions de Lilongwe<\/h2>\n<h3>March\u00e9 artisanal de Lilongwe<\/h3>\n<p>La vieille ville est l&#039;un des endroits de Lilongwe les plus visit\u00e9s par les visiteurs en raison du march\u00e9 artisanal pr\u00e8s de la poste. Le march\u00e9 est une ruche d&#039;activit\u00e9 o\u00f9 les sculpteurs et les vendeurs vendent de charmantes sculptures sur bois, des bijoux, des produits tiss\u00e9s, des v\u00eatements et des sacs imprim\u00e9s africains, ainsi que des chaises traditionnelles malwaiennes. C&#039;est ici que les visiteurs ach\u00e8tent des souvenirs et des objets illustrant la culture et l&#039;histoire du peuple du Malawi.<\/p>\n<h3>Mausol\u00e9e de Kamuzu<\/h3>\n<p>L&#039;une des particularit\u00e9s qui font de Lilongwe un endroit remarquable \u00e0 visiter est le mausol\u00e9e de marbre et de pierre de Kamuzu situ\u00e9 \u00e0 proximit\u00e9 du b\u00e2timent du Parlement. Le Dr Hastings Kamuzu Banda \u00e9tait le p\u00e8re fondateur du pays actuel qui a gouvern\u00e9 de 1961 \u00e0 1944. Les visiteurs qui souhaitent en savoir plus sur le p\u00e8re fondateur du pays, consid\u00e9r\u00e9 comme Lion, ont la possibilit\u00e9 d&#039;acc\u00e9der \u00e0 des informations via le centre de recherche et la biblioth\u00e8que du mausol\u00e9e.<\/p>\n<h3>B\u00e2timent du Parlement<\/h3>\n<p>C&#039;est l&#039;une des nombreuses attractions touristiques de la capitale du Malawi et peut \u00eatre la sc\u00e8ne centrale de tout plan de vacances pour les visiteurs.<\/p>\n<h2>FAQ sur les vols pas chers de Nairobi \u00e0 Lilongwe<\/h2>\n<h3>Quelle est la distance entre Lilongwe et Nairobi ?<\/h3>\n<p>La distance entre Nairobi et Lilongwe en avion est de 1\u00a0427 kilom\u00e8tres.<\/p>\n<h3>Quel est le temps de vol depuis Nairobi vers Lilongwe ?<\/h3>\n<p>La dur\u00e9e moyenne d\u2019un vol Nairobi-Lilongwe est de deux heures et douze minutes.<\/p>\n<h3>Quelle est la fr\u00e9quence des vols directs de Nairobi \u00e0 Lilongwe ?<\/h3>\n<p>Il existe dix-sept vols directs de Nairobi \u00e0 Lilongwe.<\/p>\n<p>\u2022 Matin \u2013 soixante et onze pour cent des d\u00e9parts de vols<\/p>\n<p>\u2022 Soir \u2013 vingt-neuf pour cent des d\u00e9parts de vols<\/p>\n<h3>Quelles sont les compagnies a\u00e9riennes les plus connues de Nairobi pour des billets d&#039;avion pas chers de Nairobi \u00e0 Lilongwe ?<\/h3>\n<p>Kenya Airways assure 58 pour cent des vols sans escale entre Lilongwe et Nairobi.<\/p>\n<h3>Combien de compagnies a\u00e9riennes op\u00e8rent des vols directs entre Nairobi et Lilongwe ?<\/h3>\n<p>Quatre compagnies a\u00e9riennes proposent des vols de Nairobi \u00e0 Lilongwe.<\/p>\n<h3>Quelles sont les compagnies a\u00e9riennes pr\u00e9f\u00e9r\u00e9es pour trouver des billets d&#039;avion pas chers de Nairobi \u00e0 Lilongwe ?<\/h3>\n<p>Air France, Ethiopian Airlines, Kenya Airways, Klm Royal Dutch sont les compagnies a\u00e9riennes les plus pr\u00e9f\u00e9r\u00e9es sur la route Nairobi-Lilongwe.<\/p>\n<h2>Conseils pour les vols pas chers de Nairobi \u00e0 Lilongwe<\/h2>\n<p>\u2022 Nairobi est \u00e0 890\u00a0miles de Lilongwe.<\/p>\n<p>\u2022 Il y a onze vols hebdomadaires de Nairobi \u00e0 Lilongwe.<\/p>\n<p>\u2022 Sept vols sans escale sont assur\u00e9s de Nairobi \u00e0 Lilongwe.<\/p>\n<p>\u2022 KLM Royal Dutch Airlines propose le plus grand nombre de vols sans escale de Nairobi \u00e0 Lilongwe.<\/p>\n<p>\u2022 Addis-Abeba, Ethiopie \u2013 Bole est le lien le plus c\u00e9l\u00e8bre pour les vols pas chers avec escale de Nairobi \u00e0 Lilongwe.<\/p>","protected":false},"excerpt":{"rendered":"<p>Looking for cheap airline ticket from Nairobi to Lilongwe\u00a0or last minute deals? Search, compare and book cheap airline ticket from Nairobi (NBO) to Lilongwe (LLW) online now. Book cheap flights from Nairobi to Lilongwe online and save money on airfare with confidence on Tiketi.com. If you are planning to explore Lilongwe, the Malawi capital city, [&hellip;]<\/p>\n","protected":false},"author":1,"featured_media":14041,"parent":0,"menu_order":0,"comment_status":"open","ping_status":"closed","template":"template-home-modern.php","meta":{"footnotes":""},"class_list":["post-11845","page","type-page","status-publish","has-post-thumbnail","hentry"],"yoast_head":"<!-- This site is optimized with the Yoast SEO plugin v27.2 - https:\/\/yoast.com\/product\/yoast-seo-wordpress\/ -->\n<title>Cheap Flights from\u00a0Nairobi to Lilongwe<\/title>\n<meta name=\"description\" content=\"Looking for cheap flights from\u00a0Nairobi to Lilongwe? Search, compare and book cheap airline ticket from Nairobi to Lilongwe online\" \/>\n<meta name=\"robots\" content=\"index, follow, max-snippet:-1, max-image-preview:large, max-video-preview:-1\" \/>\n<link rel=\"canonical\" href=\"https:\/\/tiketi.com\/fr-fr\/flights-nairobi-lilongwe-nbo-llw\/\" \/>\n<meta property=\"og:locale\" content=\"fr_FR\" \/>\n<meta property=\"og:type\" content=\"article\" \/>\n<meta property=\"og:title\" content=\"Cheap Flights from\u00a0Nairobi to Lilongwe\" \/>\n<meta property=\"og:description\" content=\"Looking for cheap flights from\u00a0Nairobi to Lilongwe? Search, compare and book cheap airline ticket from Nairobi to Lilongwe online\" \/>\n<meta property=\"og:url\" content=\"https:\/\/tiketi.com\/fr-fr\/flights-nairobi-lilongwe-nbo-llw\/\" \/>\n<meta property=\"og:site_name\" content=\"Tiketi.com\" \/>\n<meta property=\"article:publisher\" content=\"https:\/\/www.facebook.com\/TiketiCom\/\" \/>\n<meta property=\"article:modified_time\" content=\"2022-02-09T13:43:53+00:00\" \/>\n<meta property=\"og:image\" content=\"https:\/\/tiketi.com\/wp-content\/uploads\/2022\/01\/flight-ticket-booking-sorasak-KxCJXXGsv9I-unsplas.jpg\" \/>\n\t<meta property=\"og:image:width\" content=\"1200\" \/>\n\t<meta property=\"og:image:height\" content=\"240\" \/>\n\t<meta property=\"og:image:type\" content=\"image\/jpeg\" \/>\n<meta name=\"twitter:card\" content=\"summary_large_image\" \/>\n<meta name=\"twitter:label1\" content=\"Dur\u00e9e de lecture estim\u00e9e\" \/>\n\t<meta name=\"twitter:data1\" content=\"3 minutes\" \/>\n<script type=\"application\/ld+json\" class=\"yoast-schema-graph\">{\"@context\":\"https:\/\/schema.org\",\"@graph\":[{\"@type\":\"WebPage\",\"@id\":\"https:\/\/tiketi.com\/sw\/flights-nairobi-lilongwe-nbo-llw\/\",\"url\":\"https:\/\/tiketi.com\/sw\/flights-nairobi-lilongwe-nbo-llw\/\",\"name\":\"Cheap Flights from\u00a0Nairobi to Lilongwe\",\"isPartOf\":{\"@id\":\"https:\/\/tiketi.com\/#website\"},\"primaryImageOfPage\":{\"@id\":\"https:\/\/tiketi.com\/sw\/flights-nairobi-lilongwe-nbo-llw\/#primaryimage\"},\"image\":{\"@id\":\"https:\/\/tiketi.com\/sw\/flights-nairobi-lilongwe-nbo-llw\/#primaryimage\"},\"thumbnailUrl\":\"https:\/\/tiketi.com\/wp-content\/uploads\/2022\/01\/flight-ticket-booking-sorasak-KxCJXXGsv9I-unsplas.jpg\",\"datePublished\":\"2022-01-19T11:55:16+00:00\",\"dateModified\":\"2022-02-09T13:43:53+00:00\",\"description\":\"Looking for cheap flights from\u00a0Nairobi to Lilongwe? Search, compare and book cheap airline ticket from Nairobi to Lilongwe online\",\"breadcrumb\":{\"@id\":\"https:\/\/tiketi.com\/sw\/flights-nairobi-lilongwe-nbo-llw\/#breadcrumb\"},\"inLanguage\":\"fr-FR\",\"potentialAction\":[{\"@type\":\"ReadAction\",\"target\":[\"https:\/\/tiketi.com\/sw\/flights-nairobi-lilongwe-nbo-llw\/\"]}]},{\"@type\":\"ImageObject\",\"inLanguage\":\"fr-FR\",\"@id\":\"https:\/\/tiketi.com\/sw\/flights-nairobi-lilongwe-nbo-llw\/#primaryimage\",\"url\":\"https:\/\/tiketi.com\/wp-content\/uploads\/2022\/01\/flight-ticket-booking-sorasak-KxCJXXGsv9I-unsplas.jpg\",\"contentUrl\":\"https:\/\/tiketi.com\/wp-content\/uploads\/2022\/01\/flight-ticket-booking-sorasak-KxCJXXGsv9I-unsplas.jpg\",\"width\":1200,\"height\":240,\"caption\":\"Online flight ticket booking\"},{\"@type\":\"BreadcrumbList\",\"@id\":\"https:\/\/tiketi.com\/sw\/flights-nairobi-lilongwe-nbo-llw\/#breadcrumb\",\"itemListElement\":[{\"@type\":\"ListItem\",\"position\":1,\"name\":\"Home\",\"item\":\"https:\/\/tiketi.com\/\"},{\"@type\":\"ListItem\",\"position\":2,\"name\":\"Cheap Flights from\u00a0Nairobi to Lilongwe\"}]},{\"@type\":\"WebSite\",\"@id\":\"https:\/\/tiketi.com\/#website\",\"url\":\"https:\/\/tiketi.com\/\",\"name\":\"Flight & Bus Tickets, Tour Packages & Activitites - Tiketi.com\",\"description\":\"Flight &amp; Bus Tickets, Tours, Activitites\",\"publisher\":{\"@id\":\"https:\/\/tiketi.com\/#organization\"},\"potentialAction\":[{\"@type\":\"SearchAction\",\"target\":{\"@type\":\"EntryPoint\",\"urlTemplate\":\"https:\/\/tiketi.com\/?s={search_term_string}\"},\"query-input\":{\"@type\":\"PropertyValueSpecification\",\"valueRequired\":true,\"valueName\":\"search_term_string\"}}],\"inLanguage\":\"fr-FR\"},{\"@type\":\"Organization\",\"@id\":\"https:\/\/tiketi.com\/#organization\",\"name\":\"Tiketi.com\",\"alternateName\":\"Tiketi\",\"url\":\"https:\/\/tiketi.com\/\",\"logo\":{\"@type\":\"ImageObject\",\"inLanguage\":\"fr-FR\",\"@id\":\"https:\/\/tiketi.com\/#\/schema\/logo\/image\/\",\"url\":\"https:\/\/tiketi.com\/wp-content\/uploads\/2019\/05\/tiketi-logo-696.png\",\"contentUrl\":\"https:\/\/tiketi.com\/wp-content\/uploads\/2019\/05\/tiketi-logo-696.png\",\"width\":696,\"height\":696,\"caption\":\"Tiketi.com\"},\"image\":{\"@id\":\"https:\/\/tiketi.com\/#\/schema\/logo\/image\/\"},\"sameAs\":[\"https:\/\/www.facebook.com\/TiketiCom\/\"]}]}<\/script>\n<!-- \/ Yoast SEO plugin. -->","yoast_head_json":{"title":"Vols pas chers de Nairobi \u00e0 Lilongwe","description":"Vous recherchez des vols \u00e0 bas prix au Nairobi vers Lilongwe? Recherchez, comparez et r\u00e9servez en ligne un billet d&#039;avion pas cher de Nairobi \u00e0 Lilongwe","robots":{"index":"index","follow":"follow","max-snippet":"max-snippet:-1","max-image-preview":"max-image-preview:large","max-video-preview":"max-video-preview:-1"},"canonical":"https:\/\/tiketi.com\/fr-fr\/flights-nairobi-lilongwe-nbo-llw\/","og_locale":"fr_FR","og_type":"article","og_title":"Cheap Flights from\u00a0Nairobi to Lilongwe","og_description":"Looking for cheap flights from\u00a0Nairobi to Lilongwe? Search, compare and book cheap airline ticket from Nairobi to Lilongwe online","og_url":"https:\/\/tiketi.com\/fr-fr\/flights-nairobi-lilongwe-nbo-llw\/","og_site_name":"Tiketi.com","article_publisher":"https:\/\/www.facebook.com\/TiketiCom\/","article_modified_time":"2022-02-09T13:43:53+00:00","og_image":[{"width":1200,"height":240,"url":"https:\/\/tiketi.com\/wp-content\/uploads\/2022\/01\/flight-ticket-booking-sorasak-KxCJXXGsv9I-unsplas.jpg","type":"image\/jpeg"}],"twitter_card":"summary_large_image","twitter_misc":{"Dur\u00e9e de lecture estim\u00e9e":"3 minutes"},"schema":{"@context":"https:\/\/schema.org","@graph":[{"@type":"WebPage","@id":"https:\/\/tiketi.com\/sw\/flights-nairobi-lilongwe-nbo-llw\/","url":"https:\/\/tiketi.com\/sw\/flights-nairobi-lilongwe-nbo-llw\/","name":"Vols pas chers de Nairobi \u00e0 Lilongwe","isPartOf":{"@id":"https:\/\/tiketi.com\/#website"},"primaryImageOfPage":{"@id":"https:\/\/tiketi.com\/sw\/flights-nairobi-lilongwe-nbo-llw\/#primaryimage"},"image":{"@id":"https:\/\/tiketi.com\/sw\/flights-nairobi-lilongwe-nbo-llw\/#primaryimage"},"thumbnailUrl":"https:\/\/tiketi.com\/wp-content\/uploads\/2022\/01\/flight-ticket-booking-sorasak-KxCJXXGsv9I-unsplas.jpg","datePublished":"2022-01-19T11:55:16+00:00","dateModified":"2022-02-09T13:43:53+00:00","description":"Vous recherchez des vols \u00e0 bas prix au Nairobi vers Lilongwe? Recherchez, comparez et r\u00e9servez en ligne un billet d&#039;avion pas cher de Nairobi \u00e0 Lilongwe","breadcrumb":{"@id":"https:\/\/tiketi.com\/sw\/flights-nairobi-lilongwe-nbo-llw\/#breadcrumb"},"inLanguage":"fr-FR","potentialAction":[{"@type":"ReadAction","target":["https:\/\/tiketi.com\/sw\/flights-nairobi-lilongwe-nbo-llw\/"]}]},{"@type":"ImageObject","inLanguage":"fr-FR","@id":"https:\/\/tiketi.com\/sw\/flights-nairobi-lilongwe-nbo-llw\/#primaryimage","url":"https:\/\/tiketi.com\/wp-content\/uploads\/2022\/01\/flight-ticket-booking-sorasak-KxCJXXGsv9I-unsplas.jpg","contentUrl":"https:\/\/tiketi.com\/wp-content\/uploads\/2022\/01\/flight-ticket-booking-sorasak-KxCJXXGsv9I-unsplas.jpg","width":1200,"height":240,"caption":"Online flight ticket booking"},{"@type":"BreadcrumbList","@id":"https:\/\/tiketi.com\/sw\/flights-nairobi-lilongwe-nbo-llw\/#breadcrumb","itemListElement":[{"@type":"ListItem","position":1,"name":"Home","item":"https:\/\/tiketi.com\/"},{"@type":"ListItem","position":2,"name":"Cheap Flights from\u00a0Nairobi to Lilongwe"}]},{"@type":"WebSite","@id":"https:\/\/tiketi.com\/#website","url":"https:\/\/tiketi.com\/","name":"Billets d&#039;avion et de bus, forfaits touristiques et activit\u00e9s - Tiketi.com","description":"Billets d&#039;avion et de bus, Tours, Activit\u00e9s","publisher":{"@id":"https:\/\/tiketi.com\/#organization"},"potentialAction":[{"@type":"SearchAction","target":{"@type":"EntryPoint","urlTemplate":"https:\/\/tiketi.com\/?s={search_term_string}"},"query-input":{"@type":"PropertyValueSpecification","valueRequired":true,"valueName":"search_term_string"}}],"inLanguage":"fr-FR"},{"@type":"Organization","@id":"https:\/\/tiketi.com\/#organization","name":"Tiketi.com","alternateName":"Tiketi","url":"https:\/\/tiketi.com\/","logo":{"@type":"ImageObject","inLanguage":"fr-FR","@id":"https:\/\/tiketi.com\/#\/schema\/logo\/image\/","url":"https:\/\/tiketi.com\/wp-content\/uploads\/2019\/05\/tiketi-logo-696.png","contentUrl":"https:\/\/tiketi.com\/wp-content\/uploads\/2019\/05\/tiketi-logo-696.png","width":696,"height":696,"caption":"Tiketi.com"},"image":{"@id":"https:\/\/tiketi.com\/#\/schema\/logo\/image\/"},"sameAs":["https:\/\/www.facebook.com\/TiketiCom\/"]}]}},"_links":{"self":[{"href":"https:\/\/tiketi.com\/fr-fr\/wp-json\/wp\/v2\/pages\/11845","targetHints":{"allow":["GET"]}}],"collection":[{"href":"https:\/\/tiketi.com\/fr-fr\/wp-json\/wp\/v2\/pages"}],"about":[{"href":"https:\/\/tiketi.com\/fr-fr\/wp-json\/wp\/v2\/types\/page"}],"author":[{"embeddable":true,"href":"https:\/\/tiketi.com\/fr-fr\/wp-json\/wp\/v2\/users\/1"}],"replies":[{"embeddable":true,"href":"https:\/\/tiketi.com\/fr-fr\/wp-json\/wp\/v2\/comments?post=11845"}],"version-history":[{"count":0,"href":"https:\/\/tiketi.com\/fr-fr\/wp-json\/wp\/v2\/pages\/11845\/revisions"}],"wp:featuredmedia":[{"embeddable":true,"href":"https:\/\/tiketi.com\/fr-fr\/wp-json\/wp\/v2\/media\/14041"}],"wp:attachment":[{"href":"https:\/\/tiketi.com\/fr-fr\/wp-json\/wp\/v2\/media?parent=11845"}],"curies":[{"name":"wp","href":"https:\/\/api.w.org\/{rel}","templated":true}]}}