{"id":11846,"date":"2022-01-19T12:55:16","date_gmt":"2022-01-19T11:55:16","guid":{"rendered":"https:\/\/new.tiketi.com\/cheap-flights-from-dar-es-salaam-to-tabora\/"},"modified":"2022-10-24T10:01:51","modified_gmt":"2022-10-24T09:01:51","slug":"dar-es-salaam-to-tabora-dar-tbo","status":"publish","type":"page","link":"https:\/\/tiketi.com\/fr-fr\/cheap-flights\/dar-es-salaam-to-tabora-dar-tbo\/","title":{"rendered":"Vols \u00e0 bas prix de Dar es Salam \u00e0 Tabora"},"content":{"rendered":"<h2>Vous recherchez un billet d&#039;avion pas cher de Dar es Salam \u00e0 Tabora ou des offres de derni\u00e8re minute ?<\/h2>\n<h3>Recherchez, comparez et r\u00e9servez en ligne maintenant un billet d&#039;avion pas cher entre Dar es Salam (DAR) et Tabora (TBO).<\/h3>\n<p>R\u00e9servez en ligne des vols \u00e0 bas prix de Dar es Salam \u00e0 Tabora et \u00e9conomisez du temps et de l&#039;argent. Tabora, la capitale de la r\u00e9gion qui porte son nom, est une ville en plein essor. Avec une population approchant rapidement un quart de million, Tabora devient de plus en plus c\u00e9l\u00e8bre aupr\u00e8s des visiteurs \u00e0 la recherche d&#039;une \u00e9tape suppl\u00e9mentaire dans leur exploration de la Tanzanie. Vous pouvez visiter Tabora gr\u00e2ce \u00e0 des offres exceptionnelles sur les billets d&#039;avion de Dar es Salam \u00e0 Tabora et \u00e9conomiser gros sur vos vols de Dar es Salaam \u00e0 Tabora.<\/p>\n<h3>Voici quelques-unes des meilleures attractions de Mbeya<\/h3>\n<p>Si vous cherchez des endroits \u00e0 visiter pendant votre s\u00e9jour \u00e0 Tabora, assurez-vous de pr\u00e9voir du temps pour une excursion au Fort Boma qui a \u00e9t\u00e9 construit par les Allemands au XIXe si\u00e8cle et sert toujours un objectif militaire pour la nation jusqu&#039;\u00e0 ce jour, ou explorez l&#039;architecture coloniale de la gare nationale.<\/p>\n<p>\u00c0 Kwihara se trouve un mus\u00e9e vivant qui a \u00e9t\u00e9 construit et nomm\u00e9 en l&#039;honneur de leurs colons bien connus, le Dr David Livingstone. Pr\u00e8s de Kwihara vaut \u00e9galement la peine d&#039;\u00eatre visit\u00e9 avec une excursion d&#039;une journ\u00e9e, elle-m\u00eame une partie historiquement vitale de l&#039;\u00e9poque coloniale avec de nombreuses attractions et sites sp\u00e9ciaux.<\/p>\n<p>Le barrage d&#039;Igombe vaut vraiment la peine d&#039;\u00eatre visit\u00e9 si vous \u00eates un amoureux de la nature, la r\u00e9gion \u00e9tant d\u00e9sormais une r\u00e9serve foresti\u00e8re prot\u00e9g\u00e9e accueillant toutes sortes d&#039;animaux sauvages indig\u00e8nes.<\/p>\n<p>Les march\u00e9s de Tabora regorgent g\u00e9n\u00e9ralement de proc\u00e9dures locales et les rues de vieux manguiers plant\u00e9s par des commer\u00e7ants omanais.<\/p>\n<h2>FAQ sur les vols pas chers de Dar es Salam \u00e0 Tabora<\/h2>\n<h3>Excellent moment pour r\u00e9server un billet d&#039;avion pas cher de Dar es Salaam \u00e0 Tabora.<\/h3>\n<p>G\u00e9n\u00e9ralement, le meilleur temps de vol de Dar es Salam \u00e0 Tabora est de 2 mois \u00e0 l&#039;avance. Et les jours les moins chers pour voler sont le mercredi, le mardi et le samedi. Le dimanche est le plus cher.<\/p>\n<h3>Combien de vols directs de Dar es Salam \u00e0 Tabora ?<\/h3>\n<p>Il y a un vol direct de Dar es Salaam \u00e0 Tabora.<\/p>\n<h3>Quelle est la compagnie a\u00e9rienne la plus c\u00e9l\u00e8bre pour les vols pas chers sans escale entre Dar es Salam et Tabora ?<\/h3>\n<p>Air Tanzania propose des vols sans escale entre Tabora et Dar es Salaam.<\/p>\n<h3>Quelle est la dur\u00e9e de vol de Dar es Salam \u00e0 Tabora ?<\/h3>\n<p>1h 30min est le temps des vols de Dar es Salaam \u00e0 Tabora.<\/p>\n<h3>Combien de vols volent Dar es Salam-Tabora en moyenne par semaine ?<\/h3>\n<p>Il y a deux vols par semaine entre Dar es Salaam et Tabora.<\/p>\n<h2>Conseils sur les vols entre Dar es Salam et Tabora<\/h2>\n<p>\u2022 Le temps de vol le plus rapide pour les vols directs de Dar es Salaam \u00e0 Tabora est d&#039;une heure trente minutes. La dur\u00e9e moyenne des vols est de deux heures quarante-sept minutes.<\/p>\n<p>\u2022 La distance de vol entre Dar es Salaam et Tabora est de 740 km.<\/p>\n<p>\u2022 La compagnie a\u00e9rienne la plus c\u00e9l\u00e8bre effectuant des vols entre Dar es Salaam et Tabora est Air Tanzania.<\/p>","protected":false},"excerpt":{"rendered":"<p>Looking for cheap airline ticket from Dar es Salaam to Tabora&nbsp;or last minute deals? Search, compare and book cheap airline ticket from Dar es Salaam (DAR) to Tabora (TBO) online now. Book cheap flights from Dar es Salaam to Tabora online and save time and money. Tabora, the capital of the area that shares its [&hellip;]<\/p>\n","protected":false},"author":1,"featured_media":14041,"parent":23264,"menu_order":0,"comment_status":"open","ping_status":"closed","template":"template-home-modern.php","meta":{"footnotes":""},"class_list":["post-11846","page","type-page","status-publish","has-post-thumbnail","hentry"],"yoast_head":"<!-- This site is optimized with the Yoast SEO plugin v27.3 - https:\/\/yoast.com\/product\/yoast-seo-wordpress\/ -->\n<title>Cheap Flights from Dar es Salaam to Tabora<\/title>\n<meta name=\"description\" content=\"Looking for cheap flights from\u00a0Dar es Salaam to Tabora? Search, compare and book cheap airline ticket from Dar es Salaam to Tabora online\" \/>\n<meta name=\"robots\" content=\"index, follow, max-snippet:-1, max-image-preview:large, max-video-preview:-1\" \/>\n<link rel=\"canonical\" href=\"https:\/\/tiketi.com\/fr-fr\/nauli-ndege\/dar-es-salaam-kwenda-tabora-dar-tbo\/\" \/>\n<meta property=\"og:locale\" content=\"fr_FR\" \/>\n<meta property=\"og:type\" content=\"article\" \/>\n<meta property=\"og:title\" content=\"Cheap Flights from Dar es Salaam to Tabora\" \/>\n<meta property=\"og:description\" content=\"Looking for cheap flights from\u00a0Dar es Salaam to Tabora? Search, compare and book cheap airline ticket from Dar es Salaam to Tabora online\" \/>\n<meta property=\"og:url\" content=\"https:\/\/tiketi.com\/fr-fr\/nauli-ndege\/dar-es-salaam-kwenda-tabora-dar-tbo\/\" \/>\n<meta property=\"og:site_name\" content=\"Tiketi.com\" \/>\n<meta property=\"article:publisher\" content=\"https:\/\/www.facebook.com\/TiketiCom\/\" \/>\n<meta property=\"article:modified_time\" content=\"2022-10-24T09:01:51+00:00\" \/>\n<meta property=\"og:image\" content=\"https:\/\/tiketi.com\/wp-content\/uploads\/2022\/01\/flight-ticket-booking-sorasak-KxCJXXGsv9I-unsplas.jpg\" \/>\n\t<meta property=\"og:image:width\" content=\"1200\" \/>\n\t<meta property=\"og:image:height\" content=\"240\" \/>\n\t<meta property=\"og:image:type\" content=\"image\/jpeg\" \/>\n<meta name=\"twitter:card\" content=\"summary_large_image\" \/>\n<meta name=\"twitter:label1\" content=\"Dur\u00e9e de lecture estim\u00e9e\" \/>\n\t<meta name=\"twitter:data1\" content=\"3 minutes\" \/>\n<script type=\"application\/ld+json\" class=\"yoast-schema-graph\">{\"@context\":\"https:\\\/\\\/schema.org\",\"@graph\":[{\"@type\":\"WebPage\",\"@id\":\"https:\\\/\\\/tiketi.com\\\/sw\\\/nauli-ndege\\\/dar-es-salaam-kwenda-tabora-dar-tbo\\\/\",\"url\":\"https:\\\/\\\/tiketi.com\\\/sw\\\/nauli-ndege\\\/dar-es-salaam-kwenda-tabora-dar-tbo\\\/\",\"name\":\"Cheap Flights from Dar es Salaam to Tabora\",\"isPartOf\":{\"@id\":\"https:\\\/\\\/tiketi.com\\\/#website\"},\"primaryImageOfPage\":{\"@id\":\"https:\\\/\\\/tiketi.com\\\/sw\\\/nauli-ndege\\\/dar-es-salaam-kwenda-tabora-dar-tbo\\\/#primaryimage\"},\"image\":{\"@id\":\"https:\\\/\\\/tiketi.com\\\/sw\\\/nauli-ndege\\\/dar-es-salaam-kwenda-tabora-dar-tbo\\\/#primaryimage\"},\"thumbnailUrl\":\"https:\\\/\\\/tiketi.com\\\/wp-content\\\/uploads\\\/2022\\\/01\\\/flight-ticket-booking-sorasak-KxCJXXGsv9I-unsplas.jpg\",\"datePublished\":\"2022-01-19T11:55:16+00:00\",\"dateModified\":\"2022-10-24T09:01:51+00:00\",\"description\":\"Looking for cheap flights from\u00a0Dar es Salaam to Tabora? Search, compare and book cheap airline ticket from Dar es Salaam to Tabora online\",\"breadcrumb\":{\"@id\":\"https:\\\/\\\/tiketi.com\\\/sw\\\/nauli-ndege\\\/dar-es-salaam-kwenda-tabora-dar-tbo\\\/#breadcrumb\"},\"inLanguage\":\"fr-FR\",\"potentialAction\":[{\"@type\":\"ReadAction\",\"target\":[\"https:\\\/\\\/tiketi.com\\\/sw\\\/nauli-ndege\\\/dar-es-salaam-kwenda-tabora-dar-tbo\\\/\"]}]},{\"@type\":\"ImageObject\",\"inLanguage\":\"fr-FR\",\"@id\":\"https:\\\/\\\/tiketi.com\\\/sw\\\/nauli-ndege\\\/dar-es-salaam-kwenda-tabora-dar-tbo\\\/#primaryimage\",\"url\":\"https:\\\/\\\/tiketi.com\\\/wp-content\\\/uploads\\\/2022\\\/01\\\/flight-ticket-booking-sorasak-KxCJXXGsv9I-unsplas.jpg\",\"contentUrl\":\"https:\\\/\\\/tiketi.com\\\/wp-content\\\/uploads\\\/2022\\\/01\\\/flight-ticket-booking-sorasak-KxCJXXGsv9I-unsplas.jpg\",\"width\":1200,\"height\":240,\"caption\":\"Online flight ticket booking\"},{\"@type\":\"BreadcrumbList\",\"@id\":\"https:\\\/\\\/tiketi.com\\\/sw\\\/nauli-ndege\\\/dar-es-salaam-kwenda-tabora-dar-tbo\\\/#breadcrumb\",\"itemListElement\":[{\"@type\":\"ListItem\",\"position\":1,\"name\":\"Home\",\"item\":\"https:\\\/\\\/tiketi.com\\\/\"},{\"@type\":\"ListItem\",\"position\":2,\"name\":\"Cheap Flights\",\"item\":\"https:\\\/\\\/tiketi.com\\\/cheap-flights\\\/\"},{\"@type\":\"ListItem\",\"position\":3,\"name\":\"Cheap Flights from Dar es Salaam to Tabora\"}]},{\"@type\":\"WebSite\",\"@id\":\"https:\\\/\\\/tiketi.com\\\/#website\",\"url\":\"https:\\\/\\\/tiketi.com\\\/\",\"name\":\"Flight & Bus Tickets, Tour Packages & Activitites - Tiketi.com\",\"description\":\"Flight &amp; Bus Tickets, Tours, Activitites\",\"publisher\":{\"@id\":\"https:\\\/\\\/tiketi.com\\\/#organization\"},\"potentialAction\":[{\"@type\":\"SearchAction\",\"target\":{\"@type\":\"EntryPoint\",\"urlTemplate\":\"https:\\\/\\\/tiketi.com\\\/?s={search_term_string}\"},\"query-input\":{\"@type\":\"PropertyValueSpecification\",\"valueRequired\":true,\"valueName\":\"search_term_string\"}}],\"inLanguage\":\"fr-FR\"},{\"@type\":\"Organization\",\"@id\":\"https:\\\/\\\/tiketi.com\\\/#organization\",\"name\":\"Tiketi.com\",\"alternateName\":\"Tiketi\",\"url\":\"https:\\\/\\\/tiketi.com\\\/\",\"logo\":{\"@type\":\"ImageObject\",\"inLanguage\":\"fr-FR\",\"@id\":\"https:\\\/\\\/tiketi.com\\\/#\\\/schema\\\/logo\\\/image\\\/\",\"url\":\"https:\\\/\\\/tiketi.com\\\/wp-content\\\/uploads\\\/2019\\\/05\\\/tiketi-logo-696.png\",\"contentUrl\":\"https:\\\/\\\/tiketi.com\\\/wp-content\\\/uploads\\\/2019\\\/05\\\/tiketi-logo-696.png\",\"width\":696,\"height\":696,\"caption\":\"Tiketi.com\"},\"image\":{\"@id\":\"https:\\\/\\\/tiketi.com\\\/#\\\/schema\\\/logo\\\/image\\\/\"},\"sameAs\":[\"https:\\\/\\\/www.facebook.com\\\/TiketiCom\\\/\"]}]}<\/script>\n<!-- \/ Yoast SEO plugin. -->","yoast_head_json":{"title":"Vols \u00e0 bas prix de Dar es Salam \u00e0 Tabora","description":"Vous recherchez des vols \u00e0 bas prix de Dar es Salam \u00e0 Tabora ? Recherchez, comparez et r\u00e9servez en ligne un billet d&#039;avion pas cher de Dar es Salam \u00e0 Tabora","robots":{"index":"index","follow":"follow","max-snippet":"max-snippet:-1","max-image-preview":"max-image-preview:large","max-video-preview":"max-video-preview:-1"},"canonical":"https:\/\/tiketi.com\/fr-fr\/nauli-ndege\/dar-es-salaam-kwenda-tabora-dar-tbo\/","og_locale":"fr_FR","og_type":"article","og_title":"Cheap Flights from Dar es Salaam to Tabora","og_description":"Looking for cheap flights from\u00a0Dar es Salaam to Tabora? Search, compare and book cheap airline ticket from Dar es Salaam to Tabora online","og_url":"https:\/\/tiketi.com\/fr-fr\/nauli-ndege\/dar-es-salaam-kwenda-tabora-dar-tbo\/","og_site_name":"Tiketi.com","article_publisher":"https:\/\/www.facebook.com\/TiketiCom\/","article_modified_time":"2022-10-24T09:01:51+00:00","og_image":[{"width":1200,"height":240,"url":"https:\/\/tiketi.com\/wp-content\/uploads\/2022\/01\/flight-ticket-booking-sorasak-KxCJXXGsv9I-unsplas.jpg","type":"image\/jpeg"}],"twitter_card":"summary_large_image","twitter_misc":{"Dur\u00e9e de lecture estim\u00e9e":"3 minutes"},"schema":{"@context":"https:\/\/schema.org","@graph":[{"@type":"WebPage","@id":"https:\/\/tiketi.com\/sw\/nauli-ndege\/dar-es-salaam-kwenda-tabora-dar-tbo\/","url":"https:\/\/tiketi.com\/sw\/nauli-ndege\/dar-es-salaam-kwenda-tabora-dar-tbo\/","name":"Vols \u00e0 bas prix de Dar es Salam \u00e0 Tabora","isPartOf":{"@id":"https:\/\/tiketi.com\/#website"},"primaryImageOfPage":{"@id":"https:\/\/tiketi.com\/sw\/nauli-ndege\/dar-es-salaam-kwenda-tabora-dar-tbo\/#primaryimage"},"image":{"@id":"https:\/\/tiketi.com\/sw\/nauli-ndege\/dar-es-salaam-kwenda-tabora-dar-tbo\/#primaryimage"},"thumbnailUrl":"https:\/\/tiketi.com\/wp-content\/uploads\/2022\/01\/flight-ticket-booking-sorasak-KxCJXXGsv9I-unsplas.jpg","datePublished":"2022-01-19T11:55:16+00:00","dateModified":"2022-10-24T09:01:51+00:00","description":"Vous recherchez des vols \u00e0 bas prix de Dar es Salam \u00e0 Tabora ? Recherchez, comparez et r\u00e9servez en ligne un billet d&#039;avion pas cher de Dar es Salam \u00e0 Tabora","breadcrumb":{"@id":"https:\/\/tiketi.com\/sw\/nauli-ndege\/dar-es-salaam-kwenda-tabora-dar-tbo\/#breadcrumb"},"inLanguage":"fr-FR","potentialAction":[{"@type":"ReadAction","target":["https:\/\/tiketi.com\/sw\/nauli-ndege\/dar-es-salaam-kwenda-tabora-dar-tbo\/"]}]},{"@type":"ImageObject","inLanguage":"fr-FR","@id":"https:\/\/tiketi.com\/sw\/nauli-ndege\/dar-es-salaam-kwenda-tabora-dar-tbo\/#primaryimage","url":"https:\/\/tiketi.com\/wp-content\/uploads\/2022\/01\/flight-ticket-booking-sorasak-KxCJXXGsv9I-unsplas.jpg","contentUrl":"https:\/\/tiketi.com\/wp-content\/uploads\/2022\/01\/flight-ticket-booking-sorasak-KxCJXXGsv9I-unsplas.jpg","width":1200,"height":240,"caption":"Online flight ticket booking"},{"@type":"BreadcrumbList","@id":"https:\/\/tiketi.com\/sw\/nauli-ndege\/dar-es-salaam-kwenda-tabora-dar-tbo\/#breadcrumb","itemListElement":[{"@type":"ListItem","position":1,"name":"Home","item":"https:\/\/tiketi.com\/"},{"@type":"ListItem","position":2,"name":"Cheap Flights","item":"https:\/\/tiketi.com\/cheap-flights\/"},{"@type":"ListItem","position":3,"name":"Cheap Flights from Dar es Salaam to Tabora"}]},{"@type":"WebSite","@id":"https:\/\/tiketi.com\/#website","url":"https:\/\/tiketi.com\/","name":"Billets d&#039;avion et de bus, forfaits touristiques et activit\u00e9s - Tiketi.com","description":"Billets d&#039;avion et de bus, Tours, Activit\u00e9s","publisher":{"@id":"https:\/\/tiketi.com\/#organization"},"potentialAction":[{"@type":"SearchAction","target":{"@type":"EntryPoint","urlTemplate":"https:\/\/tiketi.com\/?s={search_term_string}"},"query-input":{"@type":"PropertyValueSpecification","valueRequired":true,"valueName":"search_term_string"}}],"inLanguage":"fr-FR"},{"@type":"Organization","@id":"https:\/\/tiketi.com\/#organization","name":"Tiketi.com","alternateName":"Tiketi","url":"https:\/\/tiketi.com\/","logo":{"@type":"ImageObject","inLanguage":"fr-FR","@id":"https:\/\/tiketi.com\/#\/schema\/logo\/image\/","url":"https:\/\/tiketi.com\/wp-content\/uploads\/2019\/05\/tiketi-logo-696.png","contentUrl":"https:\/\/tiketi.com\/wp-content\/uploads\/2019\/05\/tiketi-logo-696.png","width":696,"height":696,"caption":"Tiketi.com"},"image":{"@id":"https:\/\/tiketi.com\/#\/schema\/logo\/image\/"},"sameAs":["https:\/\/www.facebook.com\/TiketiCom\/"]}]}},"_links":{"self":[{"href":"https:\/\/tiketi.com\/fr-fr\/wp-json\/wp\/v2\/pages\/11846","targetHints":{"allow":["GET"]}}],"collection":[{"href":"https:\/\/tiketi.com\/fr-fr\/wp-json\/wp\/v2\/pages"}],"about":[{"href":"https:\/\/tiketi.com\/fr-fr\/wp-json\/wp\/v2\/types\/page"}],"author":[{"embeddable":true,"href":"https:\/\/tiketi.com\/fr-fr\/wp-json\/wp\/v2\/users\/1"}],"replies":[{"embeddable":true,"href":"https:\/\/tiketi.com\/fr-fr\/wp-json\/wp\/v2\/comments?post=11846"}],"version-history":[{"count":0,"href":"https:\/\/tiketi.com\/fr-fr\/wp-json\/wp\/v2\/pages\/11846\/revisions"}],"up":[{"embeddable":true,"href":"https:\/\/tiketi.com\/fr-fr\/wp-json\/wp\/v2\/pages\/23264"}],"wp:featuredmedia":[{"embeddable":true,"href":"https:\/\/tiketi.com\/fr-fr\/wp-json\/wp\/v2\/media\/14041"}],"wp:attachment":[{"href":"https:\/\/tiketi.com\/fr-fr\/wp-json\/wp\/v2\/media?parent=11846"}],"curies":[{"name":"wp","href":"https:\/\/api.w.org\/{rel}","templated":true}]}}