{"id":11847,"date":"2022-01-19T12:55:16","date_gmt":"2022-01-19T11:55:16","guid":{"rendered":"https:\/\/new.tiketi.com\/cheap-flights-from-nairobi-to-kinshasa\/"},"modified":"2022-02-09T14:40:43","modified_gmt":"2022-02-09T13:40:43","slug":"flights-nairobi-kinshasa-nbo-fih","status":"publish","type":"page","link":"https:\/\/tiketi.com\/fr-fr\/flights-nairobi-kinshasa-nbo-fih\/","title":{"rendered":"Vols pas chers de Nairobi \u00e0 Kinshasa"},"content":{"rendered":"<h2>Vous cherchez un billet d&#039;avion pas cher \u00e0 destination de Kinshasa ou des offres de derni\u00e8re minute ?<\/h2>\n<h3>Cherchez, comparez et r\u00e9servez un billet d&#039;avion pas cher de Nairobi (NBO) \u00e0 Kinshasa (FIH)<span style=\"font-size: 16px;\">\u00a0<\/span>maintenant en ligne.<\/h3>\n<p>R\u00e9servez des vols pas chers de Nairobi \u00e0 Kinshasa en ligne et \u00e9conomisez de l&#039;argent sur les billets d&#039;avion en toute confiance sur Tiketi.com. Kinshasa est la plus grande ville et la capitale de la R\u00e9publique d\u00e9mocratique du Congo. La ville est situ\u00e9e au bord du fleuve Congo. Autrefois un site de villages de commerce et de p\u00eacheurs. Comparez les prix et obtenez le tarif le plus bas sur les billets d&#039;avion de Nairobi \u00e0 Kinshasa gr\u00e2ce \u00e0 des offres exceptionnelles sur les vols de Nairobi \u00e0 Kinshasa en ligne.<\/p>\n<h2>Voici quelques-unes des meilleures attractions de Kinshasa<\/h2>\n<h3>Acad\u00e9mie des Beaux Arts<\/h3>\n<p>Malgr\u00e9 son histoire r\u00e9cente mouvement\u00e9e, de nombreux Africains excellents peintres bas\u00e9s \u00e0 Kinshasa, enseignent ou \u00e9tudient \u00e0 l&#039;Acad\u00e9mie des Beaux Arts. L&#039;\u00e9cole abrite une galerie remplie d&#039;art domestique et il est g\u00e9n\u00e9ralement possible de rencontrer l&#039;artiste et de d\u00e9couvrir son travail avant d&#039;acheter.<\/p>\n<h3>Vie nocturne \u00e0 Kinshasa<\/h3>\n<p>Les restaurants et bars locaux proposent la meilleure bi\u00e8re locale, la Tembo, ainsi que des bi\u00e8res import\u00e9es. Le jazz congolais est assez c\u00e9l\u00e8bre ici, les meilleurs endroits pour l&#039;entendre sont les clubs de style occidental sur le boulevard principal de Gombe et dans les bars des h\u00f4tels du monde entier.<\/p>\n<h3>Le March\u00e9 des Valeurs<\/h3>\n<p>Une option plus abordable que l&#039;Acad\u00e9mie si vous \u00eates \u00e0 la recherche d&#039;artisanat, le grand march\u00e9 en plein air de Kinshasa propose une large gamme de produits alimentaires, textiles et de premi\u00e8re n\u00e9cessit\u00e9. La n\u00e9gociation est ici indispensable.<\/p>\n<h3>Chutes de Lukia<\/h3>\n<p>Pr\u00e9sent\u00e9e par des sources nationales comme un incontournable, cette cha\u00eene de lacs \u00e0 l&#039;ext\u00e9rieur de Kinshasa propose des baignades, un restaurant, des locations de mat\u00e9riel et un orphelinat de bonobos qui permet aux clients de jouer avec les petits chimpanz\u00e9s.<\/p>\n<h2>FAQ sur les vols pas chers de Nairobi \u00e0 Kinshasa<\/h2>\n<h3>Quelle est la distance entre Kinshasa et Nairobi ?<\/h3>\n<p>La distance en avion de Nairobi \u00e0 Kinshasa est de 2 407 kilom\u00e8tres.<\/p>\n<h3>Quelle est la fr\u00e9quence des vols directs Nairobi-Kinshasa ?<\/h3>\n<p>Il existe sept vols directs de Nairobi \u00e0 Kinshasa.<\/p>\n<h3>Quelle est la dur\u00e9e d&#039;un vol Nairobi - Kinshasa ?<\/h3>\n<p>La dur\u00e9e moyenne d\u2019un vol Nairobi-Kinshasa est de trois heures et trente minutes.<\/p>\n<h3>Quelles sont les compagnies a\u00e9riennes les plus connues de Nairobi pour des billets d&#039;avion directs de Nairobi \u00e0 Kinshasa ?<\/h3>\n<p>Kenya Airways offre 100 % de billets d&#039;avion pas chers sans escale de Nairobi \u00e0 Kinshasa.<\/p>\n<h3>Meilleur moment pour r\u00e9server un vol Nairobi - Kinshasa<\/h3>\n<p>En g\u00e9n\u00e9ral, le meilleur moment pour r\u00e9server un vol Nairobi-Kinshasa est deux mois \u00e0 l\u2019avance. Et les jours les moins chers pour voler sont le samedi, le mercredi et le mardi.<\/p>\n<h2>Conseils pour les vols pas chers de Nairobi \u00e0 Kinshasa<\/h2>\n<p>\u2022 Nairobi, au Kenya, est \u00e0 2\u00a0400\u00a0km de Kinshasa.<\/p>\n<p>\u2022 Il y a deux vols quotidiens de Nairobi \u00e0 Kinshasa.<\/p>\n<p>\u2022 Il y a deux vols hebdomadaires les moins chers de Nairobi \u00e0 Kinshasa.<\/p>\n<p>\u2022 Deux vols sans escale sont assur\u00e9s de Nairobi \u00e0 Kinshasa.<\/p>\n<p>\u2022 KLM Royal Dutch Airlines propose le plus de vols directs vers Kinshasa au d\u00e9part de Nairobi.<\/p>\n<p>\u2022 Addis Abba, Ethiopie \u2013 Bole est la liaison la plus c\u00e9l\u00e8bre pour les vols \u00e0 escale entre Kinshasa et Nairobi.<\/p>","protected":false},"excerpt":{"rendered":"<p>Looking for cheap airline ticket from Nairobi to Kinshasa\u00a0or last minute deals? Search, compare and book cheap airline ticket from Nairobi (NBO) to Kinshasa (FIH)\u00a0online now. Book cheap flights from Nairobi to Kinshasa online and save money on airfare with confidence on Tiketi.com. Kinshasa is the largest and capital city of the Democratic Republic of [&hellip;]<\/p>\n","protected":false},"author":1,"featured_media":14041,"parent":0,"menu_order":0,"comment_status":"open","ping_status":"closed","template":"template-home-modern.php","meta":{"footnotes":""},"class_list":["post-11847","page","type-page","status-publish","has-post-thumbnail","hentry"],"yoast_head":"<!-- This site is optimized with the Yoast SEO plugin v27.2 - https:\/\/yoast.com\/product\/yoast-seo-wordpress\/ -->\n<title>Cheap Flights from\u00a0Nairobi to Kinshasa<\/title>\n<meta name=\"description\" content=\"Looking for cheap flights from\u00a0Nairobi to Kinshasa? Search, compare and book cheap airline ticket from Nairobi to Kinshasa online\" \/>\n<meta name=\"robots\" content=\"index, follow, max-snippet:-1, max-image-preview:large, max-video-preview:-1\" \/>\n<link rel=\"canonical\" href=\"https:\/\/tiketi.com\/fr-fr\/flights-nairobi-kinshasa-nbo-fih\/\" \/>\n<meta property=\"og:locale\" content=\"fr_FR\" \/>\n<meta property=\"og:type\" content=\"article\" \/>\n<meta property=\"og:title\" content=\"Cheap Flights from\u00a0Nairobi to Kinshasa\" \/>\n<meta property=\"og:description\" content=\"Looking for cheap flights from\u00a0Nairobi to Kinshasa? Search, compare and book cheap airline ticket from Nairobi to Kinshasa online\" \/>\n<meta property=\"og:url\" content=\"https:\/\/tiketi.com\/fr-fr\/flights-nairobi-kinshasa-nbo-fih\/\" \/>\n<meta property=\"og:site_name\" content=\"Tiketi.com\" \/>\n<meta property=\"article:publisher\" content=\"https:\/\/www.facebook.com\/TiketiCom\/\" \/>\n<meta property=\"article:modified_time\" content=\"2022-02-09T13:40:43+00:00\" \/>\n<meta property=\"og:image\" content=\"https:\/\/tiketi.com\/wp-content\/uploads\/2022\/01\/flight-ticket-booking-sorasak-KxCJXXGsv9I-unsplas.jpg\" \/>\n\t<meta property=\"og:image:width\" content=\"1200\" \/>\n\t<meta property=\"og:image:height\" content=\"240\" \/>\n\t<meta property=\"og:image:type\" content=\"image\/jpeg\" \/>\n<meta name=\"twitter:card\" content=\"summary_large_image\" \/>\n<meta name=\"twitter:label1\" content=\"Dur\u00e9e de lecture estim\u00e9e\" \/>\n\t<meta name=\"twitter:data1\" content=\"3 minutes\" \/>\n<script type=\"application\/ld+json\" class=\"yoast-schema-graph\">{\"@context\":\"https:\/\/schema.org\",\"@graph\":[{\"@type\":\"WebPage\",\"@id\":\"https:\/\/tiketi.com\/flights-nairobi-kinshasa-nbo-fih\/\",\"url\":\"https:\/\/tiketi.com\/flights-nairobi-kinshasa-nbo-fih\/\",\"name\":\"Cheap Flights from\u00a0Nairobi to Kinshasa\",\"isPartOf\":{\"@id\":\"https:\/\/tiketi.com\/#website\"},\"primaryImageOfPage\":{\"@id\":\"https:\/\/tiketi.com\/flights-nairobi-kinshasa-nbo-fih\/#primaryimage\"},\"image\":{\"@id\":\"https:\/\/tiketi.com\/flights-nairobi-kinshasa-nbo-fih\/#primaryimage\"},\"thumbnailUrl\":\"https:\/\/tiketi.com\/wp-content\/uploads\/2022\/01\/flight-ticket-booking-sorasak-KxCJXXGsv9I-unsplas.jpg\",\"datePublished\":\"2022-01-19T11:55:16+00:00\",\"dateModified\":\"2022-02-09T13:40:43+00:00\",\"description\":\"Looking for cheap flights from\u00a0Nairobi to Kinshasa? Search, compare and book cheap airline ticket from Nairobi to Kinshasa online\",\"breadcrumb\":{\"@id\":\"https:\/\/tiketi.com\/flights-nairobi-kinshasa-nbo-fih\/#breadcrumb\"},\"inLanguage\":\"fr-FR\",\"potentialAction\":[{\"@type\":\"ReadAction\",\"target\":[\"https:\/\/tiketi.com\/flights-nairobi-kinshasa-nbo-fih\/\"]}]},{\"@type\":\"ImageObject\",\"inLanguage\":\"fr-FR\",\"@id\":\"https:\/\/tiketi.com\/flights-nairobi-kinshasa-nbo-fih\/#primaryimage\",\"url\":\"https:\/\/tiketi.com\/wp-content\/uploads\/2022\/01\/flight-ticket-booking-sorasak-KxCJXXGsv9I-unsplas.jpg\",\"contentUrl\":\"https:\/\/tiketi.com\/wp-content\/uploads\/2022\/01\/flight-ticket-booking-sorasak-KxCJXXGsv9I-unsplas.jpg\",\"width\":1200,\"height\":240,\"caption\":\"Online flight ticket booking\"},{\"@type\":\"BreadcrumbList\",\"@id\":\"https:\/\/tiketi.com\/flights-nairobi-kinshasa-nbo-fih\/#breadcrumb\",\"itemListElement\":[{\"@type\":\"ListItem\",\"position\":1,\"name\":\"Home\",\"item\":\"https:\/\/tiketi.com\/\"},{\"@type\":\"ListItem\",\"position\":2,\"name\":\"Cheap Flights from\u00a0Nairobi to Kinshasa\"}]},{\"@type\":\"WebSite\",\"@id\":\"https:\/\/tiketi.com\/#website\",\"url\":\"https:\/\/tiketi.com\/\",\"name\":\"Flight & Bus Tickets, Tour Packages & Activitites - Tiketi.com\",\"description\":\"Flight &amp; Bus Tickets, Tours, Activitites\",\"publisher\":{\"@id\":\"https:\/\/tiketi.com\/#organization\"},\"potentialAction\":[{\"@type\":\"SearchAction\",\"target\":{\"@type\":\"EntryPoint\",\"urlTemplate\":\"https:\/\/tiketi.com\/?s={search_term_string}\"},\"query-input\":{\"@type\":\"PropertyValueSpecification\",\"valueRequired\":true,\"valueName\":\"search_term_string\"}}],\"inLanguage\":\"fr-FR\"},{\"@type\":\"Organization\",\"@id\":\"https:\/\/tiketi.com\/#organization\",\"name\":\"Tiketi.com\",\"alternateName\":\"Tiketi\",\"url\":\"https:\/\/tiketi.com\/\",\"logo\":{\"@type\":\"ImageObject\",\"inLanguage\":\"fr-FR\",\"@id\":\"https:\/\/tiketi.com\/#\/schema\/logo\/image\/\",\"url\":\"https:\/\/tiketi.com\/wp-content\/uploads\/2019\/05\/tiketi-logo-696.png\",\"contentUrl\":\"https:\/\/tiketi.com\/wp-content\/uploads\/2019\/05\/tiketi-logo-696.png\",\"width\":696,\"height\":696,\"caption\":\"Tiketi.com\"},\"image\":{\"@id\":\"https:\/\/tiketi.com\/#\/schema\/logo\/image\/\"},\"sameAs\":[\"https:\/\/www.facebook.com\/TiketiCom\/\"]}]}<\/script>\n<!-- \/ Yoast SEO plugin. -->","yoast_head_json":{"title":"Vols pas chers de Nairobi \u00e0 Kinshasa","description":"Vous recherchez des vols \u00e0 bas prix au Nairobi vers Kinshasa? Recherchez, comparez et r\u00e9servez un billet d&#039;avion pas cher de Nairobi \u00e0 Kinshasa en ligne","robots":{"index":"index","follow":"follow","max-snippet":"max-snippet:-1","max-image-preview":"max-image-preview:large","max-video-preview":"max-video-preview:-1"},"canonical":"https:\/\/tiketi.com\/fr-fr\/flights-nairobi-kinshasa-nbo-fih\/","og_locale":"fr_FR","og_type":"article","og_title":"Cheap Flights from\u00a0Nairobi to Kinshasa","og_description":"Looking for cheap flights from\u00a0Nairobi to Kinshasa? Search, compare and book cheap airline ticket from Nairobi to Kinshasa online","og_url":"https:\/\/tiketi.com\/fr-fr\/flights-nairobi-kinshasa-nbo-fih\/","og_site_name":"Tiketi.com","article_publisher":"https:\/\/www.facebook.com\/TiketiCom\/","article_modified_time":"2022-02-09T13:40:43+00:00","og_image":[{"width":1200,"height":240,"url":"https:\/\/tiketi.com\/wp-content\/uploads\/2022\/01\/flight-ticket-booking-sorasak-KxCJXXGsv9I-unsplas.jpg","type":"image\/jpeg"}],"twitter_card":"summary_large_image","twitter_misc":{"Dur\u00e9e de lecture estim\u00e9e":"3 minutes"},"schema":{"@context":"https:\/\/schema.org","@graph":[{"@type":"WebPage","@id":"https:\/\/tiketi.com\/flights-nairobi-kinshasa-nbo-fih\/","url":"https:\/\/tiketi.com\/flights-nairobi-kinshasa-nbo-fih\/","name":"Vols pas chers de Nairobi \u00e0 Kinshasa","isPartOf":{"@id":"https:\/\/tiketi.com\/#website"},"primaryImageOfPage":{"@id":"https:\/\/tiketi.com\/flights-nairobi-kinshasa-nbo-fih\/#primaryimage"},"image":{"@id":"https:\/\/tiketi.com\/flights-nairobi-kinshasa-nbo-fih\/#primaryimage"},"thumbnailUrl":"https:\/\/tiketi.com\/wp-content\/uploads\/2022\/01\/flight-ticket-booking-sorasak-KxCJXXGsv9I-unsplas.jpg","datePublished":"2022-01-19T11:55:16+00:00","dateModified":"2022-02-09T13:40:43+00:00","description":"Vous recherchez des vols \u00e0 bas prix au Nairobi vers Kinshasa? Recherchez, comparez et r\u00e9servez un billet d&#039;avion pas cher de Nairobi \u00e0 Kinshasa en ligne","breadcrumb":{"@id":"https:\/\/tiketi.com\/flights-nairobi-kinshasa-nbo-fih\/#breadcrumb"},"inLanguage":"fr-FR","potentialAction":[{"@type":"ReadAction","target":["https:\/\/tiketi.com\/flights-nairobi-kinshasa-nbo-fih\/"]}]},{"@type":"ImageObject","inLanguage":"fr-FR","@id":"https:\/\/tiketi.com\/flights-nairobi-kinshasa-nbo-fih\/#primaryimage","url":"https:\/\/tiketi.com\/wp-content\/uploads\/2022\/01\/flight-ticket-booking-sorasak-KxCJXXGsv9I-unsplas.jpg","contentUrl":"https:\/\/tiketi.com\/wp-content\/uploads\/2022\/01\/flight-ticket-booking-sorasak-KxCJXXGsv9I-unsplas.jpg","width":1200,"height":240,"caption":"Online flight ticket booking"},{"@type":"BreadcrumbList","@id":"https:\/\/tiketi.com\/flights-nairobi-kinshasa-nbo-fih\/#breadcrumb","itemListElement":[{"@type":"ListItem","position":1,"name":"Home","item":"https:\/\/tiketi.com\/"},{"@type":"ListItem","position":2,"name":"Cheap Flights from\u00a0Nairobi to Kinshasa"}]},{"@type":"WebSite","@id":"https:\/\/tiketi.com\/#website","url":"https:\/\/tiketi.com\/","name":"Billets d&#039;avion et de bus, forfaits touristiques et activit\u00e9s - Tiketi.com","description":"Billets d&#039;avion et de bus, Tours, Activit\u00e9s","publisher":{"@id":"https:\/\/tiketi.com\/#organization"},"potentialAction":[{"@type":"SearchAction","target":{"@type":"EntryPoint","urlTemplate":"https:\/\/tiketi.com\/?s={search_term_string}"},"query-input":{"@type":"PropertyValueSpecification","valueRequired":true,"valueName":"search_term_string"}}],"inLanguage":"fr-FR"},{"@type":"Organization","@id":"https:\/\/tiketi.com\/#organization","name":"Tiketi.com","alternateName":"Tiketi","url":"https:\/\/tiketi.com\/","logo":{"@type":"ImageObject","inLanguage":"fr-FR","@id":"https:\/\/tiketi.com\/#\/schema\/logo\/image\/","url":"https:\/\/tiketi.com\/wp-content\/uploads\/2019\/05\/tiketi-logo-696.png","contentUrl":"https:\/\/tiketi.com\/wp-content\/uploads\/2019\/05\/tiketi-logo-696.png","width":696,"height":696,"caption":"Tiketi.com"},"image":{"@id":"https:\/\/tiketi.com\/#\/schema\/logo\/image\/"},"sameAs":["https:\/\/www.facebook.com\/TiketiCom\/"]}]}},"_links":{"self":[{"href":"https:\/\/tiketi.com\/fr-fr\/wp-json\/wp\/v2\/pages\/11847","targetHints":{"allow":["GET"]}}],"collection":[{"href":"https:\/\/tiketi.com\/fr-fr\/wp-json\/wp\/v2\/pages"}],"about":[{"href":"https:\/\/tiketi.com\/fr-fr\/wp-json\/wp\/v2\/types\/page"}],"author":[{"embeddable":true,"href":"https:\/\/tiketi.com\/fr-fr\/wp-json\/wp\/v2\/users\/1"}],"replies":[{"embeddable":true,"href":"https:\/\/tiketi.com\/fr-fr\/wp-json\/wp\/v2\/comments?post=11847"}],"version-history":[{"count":0,"href":"https:\/\/tiketi.com\/fr-fr\/wp-json\/wp\/v2\/pages\/11847\/revisions"}],"wp:featuredmedia":[{"embeddable":true,"href":"https:\/\/tiketi.com\/fr-fr\/wp-json\/wp\/v2\/media\/14041"}],"wp:attachment":[{"href":"https:\/\/tiketi.com\/fr-fr\/wp-json\/wp\/v2\/media?parent=11847"}],"curies":[{"name":"wp","href":"https:\/\/api.w.org\/{rel}","templated":true}]}}