{"id":11848,"date":"2022-01-19T12:55:16","date_gmt":"2022-01-19T11:55:16","guid":{"rendered":"https:\/\/new.tiketi.com\/cheap-flights-from-nairobi-to-kigali\/"},"modified":"2022-02-09T14:30:53","modified_gmt":"2022-02-09T13:30:53","slug":"flights-nairobi-kigali-nbo-kgl","status":"publish","type":"page","link":"https:\/\/tiketi.com\/fr-fr\/flights-nairobi-kigali-nbo-kgl\/","title":{"rendered":"Vols \u00e0 bas prix de Nairobi \u00e0 Kigali"},"content":{"rendered":"<h2>Vous recherchez un billet d&#039;avion pas cher Nairobi - Kigali ou des offres de derni\u00e8re minute ?<\/h2>\n<h3>Recherchez, comparez et r\u00e9servez un billet d&#039;avion pas cher de Nairobi (NBO) \u00e0 Kigali (KGL)<span style=\"font-size: 16px;\">\u00a0<\/span>maintenant en ligne.<\/h3>\n<p>R\u00e9servez des vols pas chers de Nairobi \u00e0 Kigali en ligne et \u00e9conomisez sur les billets d&#039;avion en toute confiance sur Tiketi.com. Merveilleuse et charmante capitale du Rwanda, Kigali a une histoire attrayante qui a c\u00e9d\u00e9 la place \u00e0 la ville incroyablement paisible et avant-gardiste d&#039;aujourd&#039;hui. Site Web unique pour comparer les prix et obtenir les tarifs a\u00e9riens les plus bas sur les billets d&#039;avion de Nairobi \u00e0 Kigali gr\u00e2ce \u00e0 des offres exceptionnelles sur la r\u00e9servation de billets en ligne de vols Nairobi \u00e0 Kigali.<\/p>\n<h2>Voici quelques-unes des meilleures attractions de Kigali sont<\/h2>\n<h3>Merveille de la nature<\/h3>\n<p>\u00c0 trois heures de route de la c\u00e9l\u00e8bre ville se trouve le mont Bisoke, \u00e9galement appel\u00e9 mont Visoke, dans les montagnes des Virunga. La montagne se dresse \u00e0 une hauteur respectable de 3 710 m\u00e8tres et constitue une randonn\u00e9e escarp\u00e9e et difficile, mais l&#039;attraction principale est l&#039;incroyable lac de crat\u00e8re au sommet, qui est le plus grand de la r\u00e9gion.<\/p>\n<h3>Site culturel<\/h3>\n<p>Si vous avez le temps et que vous souhaitez avoir un meilleur aper\u00e7u de la sc\u00e8ne de Kigali, d\u00e9couvrez les arts ou participez \u00e0 l&#039;une des nombreuses activit\u00e9s propos\u00e9es au centre des arts Inema. Il y a diff\u00e9rentes \u0153uvres d&#039;art de certains des talents les plus brillants du pays et vous pouvez voir les artistes au travail dans le studio. Ici, vous pouvez acheter des articles fabriqu\u00e9s localement aupr\u00e8s d&#039;artisans locaux, assister \u00e0 l&#039;un de leurs \u00e9v\u00e9nements ou m\u00eame apprendre une nouvelle comp\u00e9tence, comme la danse ou le tambour.<\/p>\n<h3>Faune<\/h3>\n<p>En voyageant \u00e0 2 heures \u00e0 l&#039;est de la ville, vous atteindrez le parc national de l&#039;Akagera, le premier lieu de safari du Rwanda. Le parc lui-m\u00eame est tr\u00e8s charmant et a \u00e9t\u00e9 lanc\u00e9 principalement comme un projet de conservation plut\u00f4t que pour le tourisme.<\/p>\n<h2>FAQ sur les vols pas chers de Nairobi \u00e0 Kigali<\/h2>\n<h3>Quel est le jour le moins cher pour voler ?<\/h3>\n<p>Le jour le moins cher pour voler de Nairobi \u00e0 Kigali est le mardi.<\/p>\n<h3>Quelle est la distance entre Kigali et Nairobi ?<\/h3>\n<p>La distance des vols Nairobi-Kigali est de 575 kilom\u00e8tres.<\/p>\n<h3>Quelle est la fr\u00e9quence des vols directs Nairobi-Kigali ?<\/h3>\n<p>Il y a trente-deux vols directs de Nairobi \u00e0 Kigali.<\/p>\n<h3>Quelle est la dur\u00e9e du vol entre Kigali et Nairobi ?<\/h3>\n<p>Le temps de vol moyen de Nairobi \u00e0 Kigali est d&#039;une heure et vingt-sept minutes.<\/p>\n<h3>Quelles sont les compagnies a\u00e9riennes Nairobi les plus c\u00e9l\u00e8bres pour les vols directs Nairobi - Kigali ?<\/h3>\n<p>RwandaAir Express propose 65% des vols sans escale entre Kigali et Nairobi.<\/p>\n<h3>Excellent moment pour r\u00e9server un billet d&#039;avion pas cher de Nairobi \u00e0 Kigali<\/h3>\n<p>\u2022 G\u00e9n\u00e9ralement, le meilleur moment pour r\u00e9server un billet d&#039;avion de Nairobi \u00e0 Kigali est de 2 mois \u00e0 l&#039;avance. Et les jours les moins chers pour voler sont le mercredi, le mardi et le samedi. Le dimanche est le plus cher.<\/p>\n<h2>Conseils pour trouver un vol pas cher de Nairobi \u00e0 Kigali<\/h2>\n<p>\u2022 Nairobi est \u00e0 472 miles de Kigali<\/p>\n<p>\u2022 Il y a neuf vols hebdomadaires de Nairobi \u00e0 Kigali.<\/p>\n<p>\u2022 Neuf vols sans escale op\u00e8rent de Nairobi \u00e0 Kigali.<\/p>\n<p>\u2022 Rwanda Air propose le plus de vols sans escale de Nairobi \u00e0 Kigali.<\/p>\n<p>\u2022 Addis-Abeba, \u00c9thiopie \u2013 Bole est la liaison la plus c\u00e9l\u00e8bre pour les vols entre Nairobi et Kigali.<\/p>","protected":false},"excerpt":{"rendered":"<p>Looking for cheap airline ticket from Nairobi to Kigali\u00a0or last minute deals? Search, compare and book cheap airline ticket from Nairobi (NBO) to to Kigali (KGL)\u00a0online now. Book cheap flights from Nairobi to Kigali online and save money on airfare with confidence on Tiketi.com. Rwanda&#8217;s wonderful and charming capital, Kigali has a attractive history that [&hellip;]<\/p>\n","protected":false},"author":1,"featured_media":14041,"parent":0,"menu_order":0,"comment_status":"open","ping_status":"closed","template":"template-home-modern.php","meta":{"footnotes":""},"class_list":["post-11848","page","type-page","status-publish","has-post-thumbnail","hentry"],"yoast_head":"<!-- This site is optimized with the Yoast SEO plugin v27.2 - https:\/\/yoast.com\/product\/yoast-seo-wordpress\/ -->\n<title>Cheap Flights from\u00a0Nairobi to Kigali<\/title>\n<meta name=\"description\" content=\"Looking for cheap flights from\u00a0Nairobi to Kigali? Search, compare and book cheap airline ticket from Nairobi to Kigali online\" \/>\n<meta name=\"robots\" content=\"index, follow, max-snippet:-1, max-image-preview:large, max-video-preview:-1\" \/>\n<link rel=\"canonical\" href=\"https:\/\/tiketi.com\/fr-fr\/flights-nairobi-kigali-nbo-kgl\/\" \/>\n<meta property=\"og:locale\" content=\"fr_FR\" \/>\n<meta property=\"og:type\" content=\"article\" \/>\n<meta property=\"og:title\" content=\"Cheap Flights from\u00a0Nairobi to Kigali\" \/>\n<meta property=\"og:description\" content=\"Looking for cheap flights from\u00a0Nairobi to Kigali? Search, compare and book cheap airline ticket from Nairobi to Kigali online\" \/>\n<meta property=\"og:url\" content=\"https:\/\/tiketi.com\/fr-fr\/flights-nairobi-kigali-nbo-kgl\/\" \/>\n<meta property=\"og:site_name\" content=\"Tiketi.com\" \/>\n<meta property=\"article:publisher\" content=\"https:\/\/www.facebook.com\/TiketiCom\/\" \/>\n<meta property=\"article:modified_time\" content=\"2022-02-09T13:30:53+00:00\" \/>\n<meta property=\"og:image\" content=\"https:\/\/tiketi.com\/wp-content\/uploads\/2022\/01\/flight-ticket-booking-sorasak-KxCJXXGsv9I-unsplas.jpg\" \/>\n\t<meta property=\"og:image:width\" content=\"1200\" \/>\n\t<meta property=\"og:image:height\" content=\"240\" \/>\n\t<meta property=\"og:image:type\" content=\"image\/jpeg\" \/>\n<meta name=\"twitter:card\" content=\"summary_large_image\" \/>\n<meta name=\"twitter:label1\" content=\"Dur\u00e9e de lecture estim\u00e9e\" \/>\n\t<meta name=\"twitter:data1\" content=\"3 minutes\" \/>\n<script type=\"application\/ld+json\" class=\"yoast-schema-graph\">{\"@context\":\"https:\/\/schema.org\",\"@graph\":[{\"@type\":\"WebPage\",\"@id\":\"https:\/\/tiketi.com\/sw\/flights-nairobi-kigali-nbo-kgl\/\",\"url\":\"https:\/\/tiketi.com\/sw\/flights-nairobi-kigali-nbo-kgl\/\",\"name\":\"Cheap Flights from\u00a0Nairobi to Kigali\",\"isPartOf\":{\"@id\":\"https:\/\/tiketi.com\/#website\"},\"primaryImageOfPage\":{\"@id\":\"https:\/\/tiketi.com\/sw\/flights-nairobi-kigali-nbo-kgl\/#primaryimage\"},\"image\":{\"@id\":\"https:\/\/tiketi.com\/sw\/flights-nairobi-kigali-nbo-kgl\/#primaryimage\"},\"thumbnailUrl\":\"https:\/\/tiketi.com\/wp-content\/uploads\/2022\/01\/flight-ticket-booking-sorasak-KxCJXXGsv9I-unsplas.jpg\",\"datePublished\":\"2022-01-19T11:55:16+00:00\",\"dateModified\":\"2022-02-09T13:30:53+00:00\",\"description\":\"Looking for cheap flights from\u00a0Nairobi to Kigali? Search, compare and book cheap airline ticket from Nairobi to Kigali online\",\"breadcrumb\":{\"@id\":\"https:\/\/tiketi.com\/sw\/flights-nairobi-kigali-nbo-kgl\/#breadcrumb\"},\"inLanguage\":\"fr-FR\",\"potentialAction\":[{\"@type\":\"ReadAction\",\"target\":[\"https:\/\/tiketi.com\/sw\/flights-nairobi-kigali-nbo-kgl\/\"]}]},{\"@type\":\"ImageObject\",\"inLanguage\":\"fr-FR\",\"@id\":\"https:\/\/tiketi.com\/sw\/flights-nairobi-kigali-nbo-kgl\/#primaryimage\",\"url\":\"https:\/\/tiketi.com\/wp-content\/uploads\/2022\/01\/flight-ticket-booking-sorasak-KxCJXXGsv9I-unsplas.jpg\",\"contentUrl\":\"https:\/\/tiketi.com\/wp-content\/uploads\/2022\/01\/flight-ticket-booking-sorasak-KxCJXXGsv9I-unsplas.jpg\",\"width\":1200,\"height\":240,\"caption\":\"Online flight ticket booking\"},{\"@type\":\"BreadcrumbList\",\"@id\":\"https:\/\/tiketi.com\/sw\/flights-nairobi-kigali-nbo-kgl\/#breadcrumb\",\"itemListElement\":[{\"@type\":\"ListItem\",\"position\":1,\"name\":\"Home\",\"item\":\"https:\/\/tiketi.com\/\"},{\"@type\":\"ListItem\",\"position\":2,\"name\":\"Cheap Flights from\u00a0Nairobi to Kigali\"}]},{\"@type\":\"WebSite\",\"@id\":\"https:\/\/tiketi.com\/#website\",\"url\":\"https:\/\/tiketi.com\/\",\"name\":\"Flight & Bus Tickets, Tour Packages & Activitites - Tiketi.com\",\"description\":\"Flight &amp; Bus Tickets, Tours, Activitites\",\"publisher\":{\"@id\":\"https:\/\/tiketi.com\/#organization\"},\"potentialAction\":[{\"@type\":\"SearchAction\",\"target\":{\"@type\":\"EntryPoint\",\"urlTemplate\":\"https:\/\/tiketi.com\/?s={search_term_string}\"},\"query-input\":{\"@type\":\"PropertyValueSpecification\",\"valueRequired\":true,\"valueName\":\"search_term_string\"}}],\"inLanguage\":\"fr-FR\"},{\"@type\":\"Organization\",\"@id\":\"https:\/\/tiketi.com\/#organization\",\"name\":\"Tiketi.com\",\"alternateName\":\"Tiketi\",\"url\":\"https:\/\/tiketi.com\/\",\"logo\":{\"@type\":\"ImageObject\",\"inLanguage\":\"fr-FR\",\"@id\":\"https:\/\/tiketi.com\/#\/schema\/logo\/image\/\",\"url\":\"https:\/\/tiketi.com\/wp-content\/uploads\/2019\/05\/tiketi-logo-696.png\",\"contentUrl\":\"https:\/\/tiketi.com\/wp-content\/uploads\/2019\/05\/tiketi-logo-696.png\",\"width\":696,\"height\":696,\"caption\":\"Tiketi.com\"},\"image\":{\"@id\":\"https:\/\/tiketi.com\/#\/schema\/logo\/image\/\"},\"sameAs\":[\"https:\/\/www.facebook.com\/TiketiCom\/\"]}]}<\/script>\n<!-- \/ Yoast SEO plugin. -->","yoast_head_json":{"title":"Vols \u00e0 bas prix de Nairobi \u00e0 Kigali","description":"Vous recherchez des vols \u00e0 bas prix de Nairobi \u00e0 Kigali ? Recherchez, comparez et r\u00e9servez en ligne un billet d&#039;avion pas cher de Nairobi \u00e0 Kigali","robots":{"index":"index","follow":"follow","max-snippet":"max-snippet:-1","max-image-preview":"max-image-preview:large","max-video-preview":"max-video-preview:-1"},"canonical":"https:\/\/tiketi.com\/fr-fr\/flights-nairobi-kigali-nbo-kgl\/","og_locale":"fr_FR","og_type":"article","og_title":"Cheap Flights from\u00a0Nairobi to Kigali","og_description":"Looking for cheap flights from\u00a0Nairobi to Kigali? Search, compare and book cheap airline ticket from Nairobi to Kigali online","og_url":"https:\/\/tiketi.com\/fr-fr\/flights-nairobi-kigali-nbo-kgl\/","og_site_name":"Tiketi.com","article_publisher":"https:\/\/www.facebook.com\/TiketiCom\/","article_modified_time":"2022-02-09T13:30:53+00:00","og_image":[{"width":1200,"height":240,"url":"https:\/\/tiketi.com\/wp-content\/uploads\/2022\/01\/flight-ticket-booking-sorasak-KxCJXXGsv9I-unsplas.jpg","type":"image\/jpeg"}],"twitter_card":"summary_large_image","twitter_misc":{"Dur\u00e9e de lecture estim\u00e9e":"3 minutes"},"schema":{"@context":"https:\/\/schema.org","@graph":[{"@type":"WebPage","@id":"https:\/\/tiketi.com\/sw\/flights-nairobi-kigali-nbo-kgl\/","url":"https:\/\/tiketi.com\/sw\/flights-nairobi-kigali-nbo-kgl\/","name":"Vols \u00e0 bas prix de Nairobi \u00e0 Kigali","isPartOf":{"@id":"https:\/\/tiketi.com\/#website"},"primaryImageOfPage":{"@id":"https:\/\/tiketi.com\/sw\/flights-nairobi-kigali-nbo-kgl\/#primaryimage"},"image":{"@id":"https:\/\/tiketi.com\/sw\/flights-nairobi-kigali-nbo-kgl\/#primaryimage"},"thumbnailUrl":"https:\/\/tiketi.com\/wp-content\/uploads\/2022\/01\/flight-ticket-booking-sorasak-KxCJXXGsv9I-unsplas.jpg","datePublished":"2022-01-19T11:55:16+00:00","dateModified":"2022-02-09T13:30:53+00:00","description":"Vous recherchez des vols \u00e0 bas prix de Nairobi \u00e0 Kigali ? Recherchez, comparez et r\u00e9servez en ligne un billet d&#039;avion pas cher de Nairobi \u00e0 Kigali","breadcrumb":{"@id":"https:\/\/tiketi.com\/sw\/flights-nairobi-kigali-nbo-kgl\/#breadcrumb"},"inLanguage":"fr-FR","potentialAction":[{"@type":"ReadAction","target":["https:\/\/tiketi.com\/sw\/flights-nairobi-kigali-nbo-kgl\/"]}]},{"@type":"ImageObject","inLanguage":"fr-FR","@id":"https:\/\/tiketi.com\/sw\/flights-nairobi-kigali-nbo-kgl\/#primaryimage","url":"https:\/\/tiketi.com\/wp-content\/uploads\/2022\/01\/flight-ticket-booking-sorasak-KxCJXXGsv9I-unsplas.jpg","contentUrl":"https:\/\/tiketi.com\/wp-content\/uploads\/2022\/01\/flight-ticket-booking-sorasak-KxCJXXGsv9I-unsplas.jpg","width":1200,"height":240,"caption":"Online flight ticket booking"},{"@type":"BreadcrumbList","@id":"https:\/\/tiketi.com\/sw\/flights-nairobi-kigali-nbo-kgl\/#breadcrumb","itemListElement":[{"@type":"ListItem","position":1,"name":"Home","item":"https:\/\/tiketi.com\/"},{"@type":"ListItem","position":2,"name":"Cheap Flights from\u00a0Nairobi to Kigali"}]},{"@type":"WebSite","@id":"https:\/\/tiketi.com\/#website","url":"https:\/\/tiketi.com\/","name":"Billets d&#039;avion et de bus, forfaits touristiques et activit\u00e9s - Tiketi.com","description":"Billets d&#039;avion et de bus, Tours, Activit\u00e9s","publisher":{"@id":"https:\/\/tiketi.com\/#organization"},"potentialAction":[{"@type":"SearchAction","target":{"@type":"EntryPoint","urlTemplate":"https:\/\/tiketi.com\/?s={search_term_string}"},"query-input":{"@type":"PropertyValueSpecification","valueRequired":true,"valueName":"search_term_string"}}],"inLanguage":"fr-FR"},{"@type":"Organization","@id":"https:\/\/tiketi.com\/#organization","name":"Tiketi.com","alternateName":"Tiketi","url":"https:\/\/tiketi.com\/","logo":{"@type":"ImageObject","inLanguage":"fr-FR","@id":"https:\/\/tiketi.com\/#\/schema\/logo\/image\/","url":"https:\/\/tiketi.com\/wp-content\/uploads\/2019\/05\/tiketi-logo-696.png","contentUrl":"https:\/\/tiketi.com\/wp-content\/uploads\/2019\/05\/tiketi-logo-696.png","width":696,"height":696,"caption":"Tiketi.com"},"image":{"@id":"https:\/\/tiketi.com\/#\/schema\/logo\/image\/"},"sameAs":["https:\/\/www.facebook.com\/TiketiCom\/"]}]}},"_links":{"self":[{"href":"https:\/\/tiketi.com\/fr-fr\/wp-json\/wp\/v2\/pages\/11848","targetHints":{"allow":["GET"]}}],"collection":[{"href":"https:\/\/tiketi.com\/fr-fr\/wp-json\/wp\/v2\/pages"}],"about":[{"href":"https:\/\/tiketi.com\/fr-fr\/wp-json\/wp\/v2\/types\/page"}],"author":[{"embeddable":true,"href":"https:\/\/tiketi.com\/fr-fr\/wp-json\/wp\/v2\/users\/1"}],"replies":[{"embeddable":true,"href":"https:\/\/tiketi.com\/fr-fr\/wp-json\/wp\/v2\/comments?post=11848"}],"version-history":[{"count":0,"href":"https:\/\/tiketi.com\/fr-fr\/wp-json\/wp\/v2\/pages\/11848\/revisions"}],"wp:featuredmedia":[{"embeddable":true,"href":"https:\/\/tiketi.com\/fr-fr\/wp-json\/wp\/v2\/media\/14041"}],"wp:attachment":[{"href":"https:\/\/tiketi.com\/fr-fr\/wp-json\/wp\/v2\/media?parent=11848"}],"curies":[{"name":"wp","href":"https:\/\/api.w.org\/{rel}","templated":true}]}}