{"id":11849,"date":"2022-01-19T12:55:18","date_gmt":"2022-01-19T11:55:18","guid":{"rendered":"https:\/\/new.tiketi.com\/cheap-flights-from-nairobi-to-accra\/"},"modified":"2022-02-09T13:03:46","modified_gmt":"2022-02-09T12:03:46","slug":"flights-nairobi-accra-nbo-acc","status":"publish","type":"page","link":"https:\/\/tiketi.com\/fr-fr\/flights-nairobi-accra-nbo-acc\/","title":{"rendered":"Vols pas chers de Nairobi \u00e0 Accra"},"content":{"rendered":"<h2>Vous cherchez un billet d&#039;avion pas cher \u00e0 partir de Nairobi pour Accra ou des offres de derni\u00e8re minute ?<\/h2>\n<h3>Cherchez, comparez et r\u00e9servez un billet d&#039;avion pas cher de Nairobi (NBO) \u00e0 Accra (ACC)<span style=\"font-size: 16px;\">\u00a0<\/span>maintenant en ligne.<\/h3>\n<p>R\u00e9servez des vols pas chers de Nairobi \u00e0 Accra en ligne et \u00e9conomisez de l&#039;argent sur les billets d&#039;avion. Comparez et r\u00e9servez des vols pas chers de Nairobi \u00e0 Accra en toute confiance sur Tiketi.com. Accra est la capitale du Ghana, la plus grande ville, par ses b\u00e2timents et son paysage, elle se distingue des autres villes du Ghana. C&#039;est une ville merveilleuse avec des infrastructures charmantes, une \u00e9conomie stable et des attractions touristiques remarquables qui vous captiveront. Comparez et r\u00e9servez vos billets d&#039;avion pas chers de Nairobi \u00e0 Accra. Comparez les prix et obtenez le tarif le plus bas sur les billets d&#039;avion de Nairobi \u00e0 Accra gr\u00e2ce \u00e0 des offres exceptionnelles sur les vols de Nairobi \u00e0 Accra en ligne.<\/p>\n<h2>Voici quelques-unes des meilleures attractions d\u2019Accra<\/h2>\n<h3>Mausol\u00e9e et parc comm\u00e9moratif de Kwame Nkrumah<\/h3>\n<p>Accra et tout le pays respectent cet homme qui a conduit le Ghana \u00e0 une r\u00e9conciliation non-violente avec ses colons. Ce magnifique mus\u00e9e porte son nom en l&#039;honneur de sa lutte pour l&#039;ind\u00e9pendance et est situ\u00e9 au c\u0153ur d&#039;Accra. C&#039;est l&#039;un des plus beaux endroits que vous pouvez visiter pour en savoir plus sur l&#039;histoire des grands anc\u00eatres et h\u00e9ros du Ghana.<\/p>\n<h3>Le th\u00e9\u00e2tre national<\/h3>\n<p>Cette structure a \u00e9t\u00e9 construite en 1990 et sert de lieu de d\u00e9veloppement et de d\u00e9monstration des talents nationaux. Vous pouvez visiter ce merveilleux th\u00e9\u00e2tre et regarder des femmes et des hommes locaux dot\u00e9s d&#039;arts et de comp\u00e9tences incroyables, vous d\u00e9tendre et vous divertir.<\/p>\n<h3>Jamestown<\/h3>\n<p>Cette ville est l&#039;un des plus grands ports de p\u00eache d&#039;Afrique et est consid\u00e9r\u00e9e comme l&#039;un des plus grands tr\u00e9sors historiques d&#039;Accra au XVIIe si\u00e8cle. Les \u00e9trangers viennent \u00e9galement implanter leurs affaires dans cette ville superbe en raison de sa plus grande \u00e9conomie.<\/p>\n<h2>FAQ sur les vols pas chers de Nairobi \u00e0 Accra<\/h2>\n<h3>Quel est le jour le moins cher pour r\u00e9server un billet d&#039;avion de Nairobi \u00e0 Accra ?<\/h3>\n<p>Le jour le moins cher pour r\u00e9server un billet d&#039;avion de Nairobi \u00e0 Accra est le vendredi.<\/p>\n<h3>Quelle est la distance entre Accra et Nairobi ?<\/h3>\n<p>La distance entre Nairobi et Accra en avion est de 4\u00a0187 kilom\u00e8tres.<\/p>\n<h3>Quelle est la dur\u00e9e d&#039;un vol Nairobi-Accra ?<\/h3>\n<p>La dur\u00e9e moyenne d\u2019un vol Nairobi-Accra est de cinq heures et quarante minutes.<\/p>\n<h3>Quelle est la fr\u00e9quence des vols directs de Nairobi \u00e0 Accra ?<\/h3>\n<p>Il y a sept vols directs de Nairobi \u00e0 Accra.<\/p>\n<h3>Quelles sont les compagnies a\u00e9riennes les plus connues de Nairobi proposant des vols directs entre Nairobi et Accra ?<\/h3>\n<p>Kenya Airways propose 100 % des vols sans escale entre Accra et Nairobi.<\/p>\n<h2>Conseils pour les vols de Nairobi \u00e0 Accra<\/h2>\n<p>\u2022 Nairobi, se trouve \u00e0 2 605 milles d&#039;Accra.<\/p>\n<p>\u2022 Il y a deux vols hebdomadaires de Nairobi \u00e0 Accra.<\/p>\n<p>\u2022 Un vol sans escale est assur\u00e9 de Nairobi \u00e0 Accra.<\/p>\n<p>\u2022 Kenya Airways propose le plus grand nombre de vols sans escale entre Accra et Nairobi.<\/p>\n<p>\u2022 Addis-Abeba, \u00c9thiopie \u2013 Bole est la liaison la plus c\u00e9l\u00e8bre pour les vols \u00e0 escale entre Accra et Nairobi.<\/p>\n<p>\u2022 Le temps de vol le plus rapide pour les vols directs de Nairobi \u00e0 Accra est de cinq heures quarante minutes.<\/p>\n<p>\u2022 La dur\u00e9e moyenne des vols les moins chers de Nairobi \u00e0 Accra est de cinq heures quarante minutes.<\/p>\n<p>\u2022 La dur\u00e9e de vol la plus rapide pour les vols avec escales est de dix heures quarante minutes.<\/p>","protected":false},"excerpt":{"rendered":"<p>Looking for cheap airline ticket from Nairobi to Accra\u00a0or last minute deals? Search, compare and book cheap airline ticket from Nairobi (NBO) to Accra (ACC)\u00a0online now. Book cheap flights from Nairobi to Accra online and save money on airfare. Compare and book cheap flights from Nairobi to Accra with confidence on Tiketi.com. Accra is the [&hellip;]<\/p>\n","protected":false},"author":1,"featured_media":14041,"parent":0,"menu_order":0,"comment_status":"open","ping_status":"closed","template":"template-home-modern.php","meta":{"footnotes":""},"class_list":["post-11849","page","type-page","status-publish","has-post-thumbnail","hentry"],"yoast_head":"<!-- This site is optimized with the Yoast SEO plugin v27.2 - https:\/\/yoast.com\/product\/yoast-seo-wordpress\/ -->\n<title>Cheap Flights from\u00a0Nairobi to Accra<\/title>\n<meta name=\"description\" content=\"Looking for cheap flights from\u00a0Nairobi to Accra? Search, compare and book cheap airline ticket from Nairobi to Accra online\" \/>\n<meta name=\"robots\" content=\"index, follow, max-snippet:-1, max-image-preview:large, max-video-preview:-1\" \/>\n<link rel=\"canonical\" href=\"https:\/\/tiketi.com\/fr-fr\/flights-nairobi-accra-nbo-acc\/\" \/>\n<meta property=\"og:locale\" content=\"fr_FR\" \/>\n<meta property=\"og:type\" content=\"article\" \/>\n<meta property=\"og:title\" content=\"Cheap Flights from\u00a0Nairobi to Accra\" \/>\n<meta property=\"og:description\" content=\"Looking for cheap flights from\u00a0Nairobi to Accra? Search, compare and book cheap airline ticket from Nairobi to Accra online\" \/>\n<meta property=\"og:url\" content=\"https:\/\/tiketi.com\/fr-fr\/flights-nairobi-accra-nbo-acc\/\" \/>\n<meta property=\"og:site_name\" content=\"Tiketi.com\" \/>\n<meta property=\"article:publisher\" content=\"https:\/\/www.facebook.com\/TiketiCom\/\" \/>\n<meta property=\"article:modified_time\" content=\"2022-02-09T12:03:46+00:00\" \/>\n<meta property=\"og:image\" content=\"https:\/\/tiketi.com\/wp-content\/uploads\/2022\/01\/flight-ticket-booking-sorasak-KxCJXXGsv9I-unsplas.jpg\" \/>\n\t<meta property=\"og:image:width\" content=\"1200\" \/>\n\t<meta property=\"og:image:height\" content=\"240\" \/>\n\t<meta property=\"og:image:type\" content=\"image\/jpeg\" \/>\n<meta name=\"twitter:card\" content=\"summary_large_image\" \/>\n<meta name=\"twitter:label1\" content=\"Dur\u00e9e de lecture estim\u00e9e\" \/>\n\t<meta name=\"twitter:data1\" content=\"3 minutes\" \/>\n<script type=\"application\/ld+json\" class=\"yoast-schema-graph\">{\"@context\":\"https:\/\/schema.org\",\"@graph\":[{\"@type\":\"WebPage\",\"@id\":\"https:\/\/tiketi.com\/en-gb\/flights-nairobi-accra-nbo-acc\/\",\"url\":\"https:\/\/tiketi.com\/en-gb\/flights-nairobi-accra-nbo-acc\/\",\"name\":\"Cheap Flights from\u00a0Nairobi to Accra\",\"isPartOf\":{\"@id\":\"https:\/\/tiketi.com\/#website\"},\"primaryImageOfPage\":{\"@id\":\"https:\/\/tiketi.com\/en-gb\/flights-nairobi-accra-nbo-acc\/#primaryimage\"},\"image\":{\"@id\":\"https:\/\/tiketi.com\/en-gb\/flights-nairobi-accra-nbo-acc\/#primaryimage\"},\"thumbnailUrl\":\"https:\/\/tiketi.com\/wp-content\/uploads\/2022\/01\/flight-ticket-booking-sorasak-KxCJXXGsv9I-unsplas.jpg\",\"datePublished\":\"2022-01-19T11:55:18+00:00\",\"dateModified\":\"2022-02-09T12:03:46+00:00\",\"description\":\"Looking for cheap flights from\u00a0Nairobi to Accra? Search, compare and book cheap airline ticket from Nairobi to Accra online\",\"breadcrumb\":{\"@id\":\"https:\/\/tiketi.com\/en-gb\/flights-nairobi-accra-nbo-acc\/#breadcrumb\"},\"inLanguage\":\"fr-FR\",\"potentialAction\":[{\"@type\":\"ReadAction\",\"target\":[\"https:\/\/tiketi.com\/en-gb\/flights-nairobi-accra-nbo-acc\/\"]}]},{\"@type\":\"ImageObject\",\"inLanguage\":\"fr-FR\",\"@id\":\"https:\/\/tiketi.com\/en-gb\/flights-nairobi-accra-nbo-acc\/#primaryimage\",\"url\":\"https:\/\/tiketi.com\/wp-content\/uploads\/2022\/01\/flight-ticket-booking-sorasak-KxCJXXGsv9I-unsplas.jpg\",\"contentUrl\":\"https:\/\/tiketi.com\/wp-content\/uploads\/2022\/01\/flight-ticket-booking-sorasak-KxCJXXGsv9I-unsplas.jpg\",\"width\":1200,\"height\":240,\"caption\":\"Online flight ticket booking\"},{\"@type\":\"BreadcrumbList\",\"@id\":\"https:\/\/tiketi.com\/en-gb\/flights-nairobi-accra-nbo-acc\/#breadcrumb\",\"itemListElement\":[{\"@type\":\"ListItem\",\"position\":1,\"name\":\"Home\",\"item\":\"https:\/\/tiketi.com\/\"},{\"@type\":\"ListItem\",\"position\":2,\"name\":\"Cheap Flights from\u00a0Nairobi to Accra\"}]},{\"@type\":\"WebSite\",\"@id\":\"https:\/\/tiketi.com\/#website\",\"url\":\"https:\/\/tiketi.com\/\",\"name\":\"Flight & Bus Tickets, Tour Packages & Activitites - Tiketi.com\",\"description\":\"Flight &amp; Bus Tickets, Tours, Activitites\",\"publisher\":{\"@id\":\"https:\/\/tiketi.com\/#organization\"},\"potentialAction\":[{\"@type\":\"SearchAction\",\"target\":{\"@type\":\"EntryPoint\",\"urlTemplate\":\"https:\/\/tiketi.com\/?s={search_term_string}\"},\"query-input\":{\"@type\":\"PropertyValueSpecification\",\"valueRequired\":true,\"valueName\":\"search_term_string\"}}],\"inLanguage\":\"fr-FR\"},{\"@type\":\"Organization\",\"@id\":\"https:\/\/tiketi.com\/#organization\",\"name\":\"Tiketi.com\",\"alternateName\":\"Tiketi\",\"url\":\"https:\/\/tiketi.com\/\",\"logo\":{\"@type\":\"ImageObject\",\"inLanguage\":\"fr-FR\",\"@id\":\"https:\/\/tiketi.com\/#\/schema\/logo\/image\/\",\"url\":\"https:\/\/tiketi.com\/wp-content\/uploads\/2019\/05\/tiketi-logo-696.png\",\"contentUrl\":\"https:\/\/tiketi.com\/wp-content\/uploads\/2019\/05\/tiketi-logo-696.png\",\"width\":696,\"height\":696,\"caption\":\"Tiketi.com\"},\"image\":{\"@id\":\"https:\/\/tiketi.com\/#\/schema\/logo\/image\/\"},\"sameAs\":[\"https:\/\/www.facebook.com\/TiketiCom\/\"]}]}<\/script>\n<!-- \/ Yoast SEO plugin. -->","yoast_head_json":{"title":"Vols pas chers de Nairobi \u00e0 Accra","description":"Vous recherchez des vols \u00e0 bas prix au Nairobi vers Accra? Recherchez, comparez et r\u00e9servez un billet d&#039;avion pas cher de Nairobi \u00e0 Accra en ligne","robots":{"index":"index","follow":"follow","max-snippet":"max-snippet:-1","max-image-preview":"max-image-preview:large","max-video-preview":"max-video-preview:-1"},"canonical":"https:\/\/tiketi.com\/fr-fr\/flights-nairobi-accra-nbo-acc\/","og_locale":"fr_FR","og_type":"article","og_title":"Cheap Flights from\u00a0Nairobi to Accra","og_description":"Looking for cheap flights from\u00a0Nairobi to Accra? Search, compare and book cheap airline ticket from Nairobi to Accra online","og_url":"https:\/\/tiketi.com\/fr-fr\/flights-nairobi-accra-nbo-acc\/","og_site_name":"Tiketi.com","article_publisher":"https:\/\/www.facebook.com\/TiketiCom\/","article_modified_time":"2022-02-09T12:03:46+00:00","og_image":[{"width":1200,"height":240,"url":"https:\/\/tiketi.com\/wp-content\/uploads\/2022\/01\/flight-ticket-booking-sorasak-KxCJXXGsv9I-unsplas.jpg","type":"image\/jpeg"}],"twitter_card":"summary_large_image","twitter_misc":{"Dur\u00e9e de lecture estim\u00e9e":"3 minutes"},"schema":{"@context":"https:\/\/schema.org","@graph":[{"@type":"WebPage","@id":"https:\/\/tiketi.com\/en-gb\/flights-nairobi-accra-nbo-acc\/","url":"https:\/\/tiketi.com\/en-gb\/flights-nairobi-accra-nbo-acc\/","name":"Vols pas chers de Nairobi \u00e0 Accra","isPartOf":{"@id":"https:\/\/tiketi.com\/#website"},"primaryImageOfPage":{"@id":"https:\/\/tiketi.com\/en-gb\/flights-nairobi-accra-nbo-acc\/#primaryimage"},"image":{"@id":"https:\/\/tiketi.com\/en-gb\/flights-nairobi-accra-nbo-acc\/#primaryimage"},"thumbnailUrl":"https:\/\/tiketi.com\/wp-content\/uploads\/2022\/01\/flight-ticket-booking-sorasak-KxCJXXGsv9I-unsplas.jpg","datePublished":"2022-01-19T11:55:18+00:00","dateModified":"2022-02-09T12:03:46+00:00","description":"Vous recherchez des vols \u00e0 bas prix au Nairobi vers Accra? Recherchez, comparez et r\u00e9servez un billet d&#039;avion pas cher de Nairobi \u00e0 Accra en ligne","breadcrumb":{"@id":"https:\/\/tiketi.com\/en-gb\/flights-nairobi-accra-nbo-acc\/#breadcrumb"},"inLanguage":"fr-FR","potentialAction":[{"@type":"ReadAction","target":["https:\/\/tiketi.com\/en-gb\/flights-nairobi-accra-nbo-acc\/"]}]},{"@type":"ImageObject","inLanguage":"fr-FR","@id":"https:\/\/tiketi.com\/en-gb\/flights-nairobi-accra-nbo-acc\/#primaryimage","url":"https:\/\/tiketi.com\/wp-content\/uploads\/2022\/01\/flight-ticket-booking-sorasak-KxCJXXGsv9I-unsplas.jpg","contentUrl":"https:\/\/tiketi.com\/wp-content\/uploads\/2022\/01\/flight-ticket-booking-sorasak-KxCJXXGsv9I-unsplas.jpg","width":1200,"height":240,"caption":"Online flight ticket booking"},{"@type":"BreadcrumbList","@id":"https:\/\/tiketi.com\/en-gb\/flights-nairobi-accra-nbo-acc\/#breadcrumb","itemListElement":[{"@type":"ListItem","position":1,"name":"Home","item":"https:\/\/tiketi.com\/"},{"@type":"ListItem","position":2,"name":"Cheap Flights from\u00a0Nairobi to Accra"}]},{"@type":"WebSite","@id":"https:\/\/tiketi.com\/#website","url":"https:\/\/tiketi.com\/","name":"Billets d&#039;avion et de bus, forfaits touristiques et activit\u00e9s - Tiketi.com","description":"Billets d&#039;avion et de bus, Tours, Activit\u00e9s","publisher":{"@id":"https:\/\/tiketi.com\/#organization"},"potentialAction":[{"@type":"SearchAction","target":{"@type":"EntryPoint","urlTemplate":"https:\/\/tiketi.com\/?s={search_term_string}"},"query-input":{"@type":"PropertyValueSpecification","valueRequired":true,"valueName":"search_term_string"}}],"inLanguage":"fr-FR"},{"@type":"Organization","@id":"https:\/\/tiketi.com\/#organization","name":"Tiketi.com","alternateName":"Tiketi","url":"https:\/\/tiketi.com\/","logo":{"@type":"ImageObject","inLanguage":"fr-FR","@id":"https:\/\/tiketi.com\/#\/schema\/logo\/image\/","url":"https:\/\/tiketi.com\/wp-content\/uploads\/2019\/05\/tiketi-logo-696.png","contentUrl":"https:\/\/tiketi.com\/wp-content\/uploads\/2019\/05\/tiketi-logo-696.png","width":696,"height":696,"caption":"Tiketi.com"},"image":{"@id":"https:\/\/tiketi.com\/#\/schema\/logo\/image\/"},"sameAs":["https:\/\/www.facebook.com\/TiketiCom\/"]}]}},"_links":{"self":[{"href":"https:\/\/tiketi.com\/fr-fr\/wp-json\/wp\/v2\/pages\/11849","targetHints":{"allow":["GET"]}}],"collection":[{"href":"https:\/\/tiketi.com\/fr-fr\/wp-json\/wp\/v2\/pages"}],"about":[{"href":"https:\/\/tiketi.com\/fr-fr\/wp-json\/wp\/v2\/types\/page"}],"author":[{"embeddable":true,"href":"https:\/\/tiketi.com\/fr-fr\/wp-json\/wp\/v2\/users\/1"}],"replies":[{"embeddable":true,"href":"https:\/\/tiketi.com\/fr-fr\/wp-json\/wp\/v2\/comments?post=11849"}],"version-history":[{"count":0,"href":"https:\/\/tiketi.com\/fr-fr\/wp-json\/wp\/v2\/pages\/11849\/revisions"}],"wp:featuredmedia":[{"embeddable":true,"href":"https:\/\/tiketi.com\/fr-fr\/wp-json\/wp\/v2\/media\/14041"}],"wp:attachment":[{"href":"https:\/\/tiketi.com\/fr-fr\/wp-json\/wp\/v2\/media?parent=11849"}],"curies":[{"name":"wp","href":"https:\/\/api.w.org\/{rel}","templated":true}]}}