{"id":11851,"date":"2022-01-19T12:55:18","date_gmt":"2022-01-19T11:55:18","guid":{"rendered":"https:\/\/new.tiketi.com\/cheap-flights-from-nairobi-to-mumbai\/"},"modified":"2022-02-09T14:51:42","modified_gmt":"2022-02-09T13:51:42","slug":"flights-nairobi-mumbai-nbo-bom","status":"publish","type":"page","link":"https:\/\/tiketi.com\/fr-fr\/flights-nairobi-mumbai-nbo-bom\/","title":{"rendered":"Vols \u00e0 bas prix de Nairobi \u00e0 Bombay"},"content":{"rendered":"<h2>Vous recherchez un billet d&#039;avion pas cher Nairobi - Bombay ou des offres de derni\u00e8re minute ?<\/h2>\n<h3>Recherchez, comparez et r\u00e9servez un billet d&#039;avion pas cher entre Nairobi (NBO) et Bombay (BOM)<span style=\"font-size: 16px;\">\u00a0<\/span>maintenant en ligne.<\/h3>\n<p>R\u00e9servez en ligne des vols \u00e0 bas prix de Nairobi \u00e0 Bombay et \u00e9conomisez de l&#039;argent sur les billets d&#039;avion. Mumbai est vraiment un endroit \u00e0 voir en Inde, quelque chose qui occupera \u00e9galement vos souvenirs pendant des jours apr\u00e8s le voyage. Il y en a pour tous les go\u00fbts et en quantit\u00e9 suffisante pour se faire exploser la t\u00eate. Site Web unique pour comparer les prix et obtenir les tarifs les plus bas sur les billets d&#039;avion de Nairobi \u00e0 Mumbai gr\u00e2ce \u00e0 des offres exceptionnelles sur la r\u00e9servation de billets en ligne de vols Nairobi \u00e0 Mumbai.<\/p>\n<h2>Voici quelques-unes des meilleures attractions de Mumbai<\/h2>\n<h3>Porte de l&#039;Inde<\/h3>\n<p>Gateway of India est le grand point de rep\u00e8re de la ville de Mumbai. Construit au vingti\u00e8me si\u00e8cle pour honorer la visite du roi George V et de la reine Mary \u00e0 Mumbai. Plac\u00e9e \u00e0 la pointe d&#039;Apollo Bunder, la porte d&#039;entr\u00e9e surplombe le port de la ville bord\u00e9 par la mer d&#039;Oman dans la r\u00e9gion de Coloba. La Porte de l&#039;Inde est constitu\u00e9e d&#039;une grande arche, d&#039;une hauteur de 26m et est r\u00e9alis\u00e9e dans le style indo-sarrasin.<\/p>\n<h3>Terminus Victoria<\/h3>\n<p>\u00c9galement c\u00e9l\u00e8bre sous le nom de Chhatrapati Shivaji Terminus, cet \u00e9difice de style gothique victorien est situ\u00e9 au centre de la ville de Mumbai. Tout comme la porte de l&#039;Inde, CST est un point de rep\u00e8re vital de Mumbai. D\u00e9clar\u00e9 site du patrimoine mondial par l&#039;UNESCO en 2004, Victoria Terminus a \u00e9t\u00e9 construit en 1888 et reste jusqu&#039;\u00e0 aujourd&#039;hui l&#039;un des meilleurs exemples d&#039;architecture de style gothique en Inde.<\/p>\n<h3>Ville du cin\u00e9ma<\/h3>\n<p>Situ\u00e9 \u00e0 proximit\u00e9 du parc national de Sanjay Ghandi, \u00e0 proximit\u00e9 de la colonie d&#039;Aarey \u00e0 Gorregaon, c&#039;est probablement l&#039;endroit le plus populaire de Mumbai. Aussi appel\u00e9e Dadasaheb Phalke Chitranagri, Film City s&#039;\u00e9tend sur 522 acres et est en fait un monde de r\u00eave.<\/p>\n<h2>FAQ sur les vols pas chers de Nairobi \u00e0 Bombay<\/h2>\n<h3>Quelle est la distance entre Bombay et Nairobi ?<\/h3>\n<p>La distance de Nairobi \u00e0 Mumbai est de 4 525 kilom\u00e8tres.<\/p>\n<h3>Quelle est la dur\u00e9e des vols Nairobi-Mumbai ?<\/h3>\n<p>La dur\u00e9e moyenne d&#039;un vol entre Nairobi et Mumbai est de six heures et quinze minutes.<\/p>\n<h3>Les compagnies a\u00e9riennes proposent-elles un espace suppl\u00e9mentaire pour dormir ?<\/h3>\n<p>La plupart des compagnies a\u00e9riennes en classe affaires offrent un espace suppl\u00e9mentaire pour dormir.<\/p>\n<h3>Quelle est la fr\u00e9quence des vols directs de Nairobi \u00e0 Bombay ?<\/h3>\n<p>Il y a quatorze vols directs de Nairobi \u00e0 Mumbai.<\/p>\n<h3>Quelles sont les compagnies a\u00e9riennes les plus c\u00e9l\u00e8bres de Nairobi pour les billets d&#039;avion directs pas chers de Nairobi \u00e0 Bombay ?<\/h3>\n<p>Kenya Airways propose cent pour cent des vols sans escale les moins chers de Nairobi \u00e0 Mumbai.<\/p>\n<h3>Quelles sont les compagnies a\u00e9riennes pr\u00e9f\u00e9r\u00e9es de Nairobi \u00e0 Bombay ?<\/h3>\n<p>Kenya Airways, Egyptair, Oman Air, Air Arabia, Emirates sont les compagnies a\u00e9riennes pr\u00e9f\u00e9r\u00e9es sur les billets d&#039;avion pas chers de Nairobi \u00e0 Mumbai.<\/p>\n<h3>Quels sont les codes et les noms des a\u00e9roports de Nairobi et Mumbai\u00a0?<\/h3>\n<p>Le nom de l&#039;a\u00e9roport de Mumbai est l&#039;a\u00e9roport international Chhatrapati Shivaji, son code est BOM et le nom de l&#039;a\u00e9roport de Nairobi est l&#039;a\u00e9roport international Jomo Kenyatta et son code est NBO.<\/p>\n<h2>Conseils pour un vol pas cher de Nairobi \u00e0 Bombay<\/h2>\n<p>\u2022 Deux vols sans escale op\u00e8rent de Nairobi \u00e0 Mumbai.<\/p>\n<p>\u2022 Kenya Airways propose le plus de vols sans escale entre Mumbai et Nairobi.<\/p>\n<p>\u2022 Duba\u00ef, \u00c9mirats Arabes Unis \u2013 Duba\u00ef est le lien le plus c\u00e9l\u00e8bre pour les vols \u00e0 escale entre Mumbai et le Kenya.<\/p>\n<p>&nbsp;<\/p>","protected":false},"excerpt":{"rendered":"<p>Looking for cheap airline ticket from Nairobi to Mumbai\u00a0or last minute deals? Search, compare and book cheap airline ticket from Nairobi (NBO) to Mumbai (BOM)\u00a0online now. Book cheap flights from Nairobi to Mumbai online and save money on airfare. Mumbai is truly a location to see in India, something that will engage your memories for [&hellip;]<\/p>\n","protected":false},"author":1,"featured_media":16441,"parent":0,"menu_order":0,"comment_status":"open","ping_status":"closed","template":"template-home-modern.php","meta":{"footnotes":""},"class_list":["post-11851","page","type-page","status-publish","has-post-thumbnail","hentry"],"yoast_head":"<!-- This site is optimized with the Yoast SEO plugin v27.2 - https:\/\/yoast.com\/product\/yoast-seo-wordpress\/ -->\n<title>Cheap Flights from Nairobi to Mumbai<\/title>\n<meta name=\"description\" content=\"Looking for cheap flights from\u00a0Nairobi to Mumbai? Search, compare and book cheap airline ticket from Nairobi to Mumbai online\" \/>\n<meta name=\"robots\" content=\"index, follow, max-snippet:-1, max-image-preview:large, max-video-preview:-1\" \/>\n<link rel=\"canonical\" href=\"https:\/\/tiketi.com\/fr-fr\/flights-nairobi-mumbai-nbo-bom\/\" \/>\n<meta property=\"og:locale\" content=\"fr_FR\" \/>\n<meta property=\"og:type\" content=\"article\" \/>\n<meta property=\"og:title\" content=\"Cheap Flights from Nairobi to Mumbai\" \/>\n<meta property=\"og:description\" content=\"Looking for cheap flights from\u00a0Nairobi to Mumbai? Search, compare and book cheap airline ticket from Nairobi to Mumbai online\" \/>\n<meta property=\"og:url\" content=\"https:\/\/tiketi.com\/fr-fr\/flights-nairobi-mumbai-nbo-bom\/\" \/>\n<meta property=\"og:site_name\" content=\"Tiketi.com\" \/>\n<meta property=\"article:publisher\" content=\"https:\/\/www.facebook.com\/TiketiCom\/\" \/>\n<meta property=\"article:modified_time\" content=\"2022-02-09T13:51:42+00:00\" \/>\n<meta property=\"og:image\" content=\"https:\/\/tiketi.com\/wp-content\/uploads\/2022\/02\/mumbai-390928_1280.jpg\" \/>\n\t<meta property=\"og:image:width\" content=\"1200\" \/>\n\t<meta property=\"og:image:height\" content=\"224\" \/>\n\t<meta property=\"og:image:type\" content=\"image\/jpeg\" \/>\n<meta name=\"twitter:card\" content=\"summary_large_image\" \/>\n<meta name=\"twitter:label1\" content=\"Dur\u00e9e de lecture estim\u00e9e\" \/>\n\t<meta name=\"twitter:data1\" content=\"3 minutes\" \/>\n<script type=\"application\/ld+json\" class=\"yoast-schema-graph\">{\"@context\":\"https:\/\/schema.org\",\"@graph\":[{\"@type\":\"WebPage\",\"@id\":\"https:\/\/tiketi.com\/flights-nairobi-mumbai-nbo-bom\/\",\"url\":\"https:\/\/tiketi.com\/flights-nairobi-mumbai-nbo-bom\/\",\"name\":\"Cheap Flights from Nairobi to Mumbai\",\"isPartOf\":{\"@id\":\"https:\/\/tiketi.com\/#website\"},\"primaryImageOfPage\":{\"@id\":\"https:\/\/tiketi.com\/flights-nairobi-mumbai-nbo-bom\/#primaryimage\"},\"image\":{\"@id\":\"https:\/\/tiketi.com\/flights-nairobi-mumbai-nbo-bom\/#primaryimage\"},\"thumbnailUrl\":\"https:\/\/tiketi.com\/wp-content\/uploads\/2022\/02\/mumbai-390928_1280.jpg\",\"datePublished\":\"2022-01-19T11:55:18+00:00\",\"dateModified\":\"2022-02-09T13:51:42+00:00\",\"description\":\"Looking for cheap flights from\u00a0Nairobi to Mumbai? Search, compare and book cheap airline ticket from Nairobi to Mumbai online\",\"breadcrumb\":{\"@id\":\"https:\/\/tiketi.com\/flights-nairobi-mumbai-nbo-bom\/#breadcrumb\"},\"inLanguage\":\"fr-FR\",\"potentialAction\":[{\"@type\":\"ReadAction\",\"target\":[\"https:\/\/tiketi.com\/flights-nairobi-mumbai-nbo-bom\/\"]}]},{\"@type\":\"ImageObject\",\"inLanguage\":\"fr-FR\",\"@id\":\"https:\/\/tiketi.com\/flights-nairobi-mumbai-nbo-bom\/#primaryimage\",\"url\":\"https:\/\/tiketi.com\/wp-content\/uploads\/2022\/02\/mumbai-390928_1280.jpg\",\"contentUrl\":\"https:\/\/tiketi.com\/wp-content\/uploads\/2022\/02\/mumbai-390928_1280.jpg\",\"width\":1200,\"height\":224,\"caption\":\"Air Taxi in Mumbai\"},{\"@type\":\"BreadcrumbList\",\"@id\":\"https:\/\/tiketi.com\/flights-nairobi-mumbai-nbo-bom\/#breadcrumb\",\"itemListElement\":[{\"@type\":\"ListItem\",\"position\":1,\"name\":\"Home\",\"item\":\"https:\/\/tiketi.com\/\"},{\"@type\":\"ListItem\",\"position\":2,\"name\":\"Cheap Flights from Nairobi to Mumbai\"}]},{\"@type\":\"WebSite\",\"@id\":\"https:\/\/tiketi.com\/#website\",\"url\":\"https:\/\/tiketi.com\/\",\"name\":\"Flight & Bus Tickets, Tour Packages & Activitites - Tiketi.com\",\"description\":\"Flight &amp; Bus Tickets, Tours, Activitites\",\"publisher\":{\"@id\":\"https:\/\/tiketi.com\/#organization\"},\"potentialAction\":[{\"@type\":\"SearchAction\",\"target\":{\"@type\":\"EntryPoint\",\"urlTemplate\":\"https:\/\/tiketi.com\/?s={search_term_string}\"},\"query-input\":{\"@type\":\"PropertyValueSpecification\",\"valueRequired\":true,\"valueName\":\"search_term_string\"}}],\"inLanguage\":\"fr-FR\"},{\"@type\":\"Organization\",\"@id\":\"https:\/\/tiketi.com\/#organization\",\"name\":\"Tiketi.com\",\"alternateName\":\"Tiketi\",\"url\":\"https:\/\/tiketi.com\/\",\"logo\":{\"@type\":\"ImageObject\",\"inLanguage\":\"fr-FR\",\"@id\":\"https:\/\/tiketi.com\/#\/schema\/logo\/image\/\",\"url\":\"https:\/\/tiketi.com\/wp-content\/uploads\/2019\/05\/tiketi-logo-696.png\",\"contentUrl\":\"https:\/\/tiketi.com\/wp-content\/uploads\/2019\/05\/tiketi-logo-696.png\",\"width\":696,\"height\":696,\"caption\":\"Tiketi.com\"},\"image\":{\"@id\":\"https:\/\/tiketi.com\/#\/schema\/logo\/image\/\"},\"sameAs\":[\"https:\/\/www.facebook.com\/TiketiCom\/\"]}]}<\/script>\n<!-- \/ Yoast SEO plugin. -->","yoast_head_json":{"title":"Vols \u00e0 bas prix de Nairobi \u00e0 Bombay","description":"Vous recherchez des vols \u00e0 bas prix de Nairobi vers Bombay ? Recherchez, comparez et r\u00e9servez en ligne un billet d&#039;avion pas cher de Nairobi \u00e0 Bombay","robots":{"index":"index","follow":"follow","max-snippet":"max-snippet:-1","max-image-preview":"max-image-preview:large","max-video-preview":"max-video-preview:-1"},"canonical":"https:\/\/tiketi.com\/fr-fr\/flights-nairobi-mumbai-nbo-bom\/","og_locale":"fr_FR","og_type":"article","og_title":"Cheap Flights from Nairobi to Mumbai","og_description":"Looking for cheap flights from\u00a0Nairobi to Mumbai? Search, compare and book cheap airline ticket from Nairobi to Mumbai online","og_url":"https:\/\/tiketi.com\/fr-fr\/flights-nairobi-mumbai-nbo-bom\/","og_site_name":"Tiketi.com","article_publisher":"https:\/\/www.facebook.com\/TiketiCom\/","article_modified_time":"2022-02-09T13:51:42+00:00","og_image":[{"width":1200,"height":224,"url":"https:\/\/tiketi.com\/wp-content\/uploads\/2022\/02\/mumbai-390928_1280.jpg","type":"image\/jpeg"}],"twitter_card":"summary_large_image","twitter_misc":{"Dur\u00e9e de lecture estim\u00e9e":"3 minutes"},"schema":{"@context":"https:\/\/schema.org","@graph":[{"@type":"WebPage","@id":"https:\/\/tiketi.com\/flights-nairobi-mumbai-nbo-bom\/","url":"https:\/\/tiketi.com\/flights-nairobi-mumbai-nbo-bom\/","name":"Vols \u00e0 bas prix de Nairobi \u00e0 Bombay","isPartOf":{"@id":"https:\/\/tiketi.com\/#website"},"primaryImageOfPage":{"@id":"https:\/\/tiketi.com\/flights-nairobi-mumbai-nbo-bom\/#primaryimage"},"image":{"@id":"https:\/\/tiketi.com\/flights-nairobi-mumbai-nbo-bom\/#primaryimage"},"thumbnailUrl":"https:\/\/tiketi.com\/wp-content\/uploads\/2022\/02\/mumbai-390928_1280.jpg","datePublished":"2022-01-19T11:55:18+00:00","dateModified":"2022-02-09T13:51:42+00:00","description":"Vous recherchez des vols \u00e0 bas prix de Nairobi vers Bombay ? Recherchez, comparez et r\u00e9servez en ligne un billet d&#039;avion pas cher de Nairobi \u00e0 Bombay","breadcrumb":{"@id":"https:\/\/tiketi.com\/flights-nairobi-mumbai-nbo-bom\/#breadcrumb"},"inLanguage":"fr-FR","potentialAction":[{"@type":"ReadAction","target":["https:\/\/tiketi.com\/flights-nairobi-mumbai-nbo-bom\/"]}]},{"@type":"ImageObject","inLanguage":"fr-FR","@id":"https:\/\/tiketi.com\/flights-nairobi-mumbai-nbo-bom\/#primaryimage","url":"https:\/\/tiketi.com\/wp-content\/uploads\/2022\/02\/mumbai-390928_1280.jpg","contentUrl":"https:\/\/tiketi.com\/wp-content\/uploads\/2022\/02\/mumbai-390928_1280.jpg","width":1200,"height":224,"caption":"Air Taxi in Mumbai"},{"@type":"BreadcrumbList","@id":"https:\/\/tiketi.com\/flights-nairobi-mumbai-nbo-bom\/#breadcrumb","itemListElement":[{"@type":"ListItem","position":1,"name":"Home","item":"https:\/\/tiketi.com\/"},{"@type":"ListItem","position":2,"name":"Cheap Flights from Nairobi to Mumbai"}]},{"@type":"WebSite","@id":"https:\/\/tiketi.com\/#website","url":"https:\/\/tiketi.com\/","name":"Billets d&#039;avion et de bus, forfaits touristiques et activit\u00e9s - Tiketi.com","description":"Billets d&#039;avion et de bus, Tours, Activit\u00e9s","publisher":{"@id":"https:\/\/tiketi.com\/#organization"},"potentialAction":[{"@type":"SearchAction","target":{"@type":"EntryPoint","urlTemplate":"https:\/\/tiketi.com\/?s={search_term_string}"},"query-input":{"@type":"PropertyValueSpecification","valueRequired":true,"valueName":"search_term_string"}}],"inLanguage":"fr-FR"},{"@type":"Organization","@id":"https:\/\/tiketi.com\/#organization","name":"Tiketi.com","alternateName":"Tiketi","url":"https:\/\/tiketi.com\/","logo":{"@type":"ImageObject","inLanguage":"fr-FR","@id":"https:\/\/tiketi.com\/#\/schema\/logo\/image\/","url":"https:\/\/tiketi.com\/wp-content\/uploads\/2019\/05\/tiketi-logo-696.png","contentUrl":"https:\/\/tiketi.com\/wp-content\/uploads\/2019\/05\/tiketi-logo-696.png","width":696,"height":696,"caption":"Tiketi.com"},"image":{"@id":"https:\/\/tiketi.com\/#\/schema\/logo\/image\/"},"sameAs":["https:\/\/www.facebook.com\/TiketiCom\/"]}]}},"_links":{"self":[{"href":"https:\/\/tiketi.com\/fr-fr\/wp-json\/wp\/v2\/pages\/11851","targetHints":{"allow":["GET"]}}],"collection":[{"href":"https:\/\/tiketi.com\/fr-fr\/wp-json\/wp\/v2\/pages"}],"about":[{"href":"https:\/\/tiketi.com\/fr-fr\/wp-json\/wp\/v2\/types\/page"}],"author":[{"embeddable":true,"href":"https:\/\/tiketi.com\/fr-fr\/wp-json\/wp\/v2\/users\/1"}],"replies":[{"embeddable":true,"href":"https:\/\/tiketi.com\/fr-fr\/wp-json\/wp\/v2\/comments?post=11851"}],"version-history":[{"count":0,"href":"https:\/\/tiketi.com\/fr-fr\/wp-json\/wp\/v2\/pages\/11851\/revisions"}],"wp:featuredmedia":[{"embeddable":true,"href":"https:\/\/tiketi.com\/fr-fr\/wp-json\/wp\/v2\/media\/16441"}],"wp:attachment":[{"href":"https:\/\/tiketi.com\/fr-fr\/wp-json\/wp\/v2\/media?parent=11851"}],"curies":[{"name":"wp","href":"https:\/\/api.w.org\/{rel}","templated":true}]}}