{"id":11852,"date":"2022-01-19T12:55:18","date_gmt":"2022-01-19T11:55:18","guid":{"rendered":"https:\/\/new.tiketi.com\/cheap-flights-from-nairobi-to-kilimanjaro\/"},"modified":"2022-02-09T14:33:37","modified_gmt":"2022-02-09T13:33:37","slug":"flights-nairobi-kilimanjaro-nbo-jro","status":"publish","type":"page","link":"https:\/\/tiketi.com\/fr-fr\/flights-nairobi-kilimanjaro-nbo-jro\/","title":{"rendered":"Vols \u00e0 bas prix de Nairobi \u00e0 Kilimandjaro"},"content":{"rendered":"<h2>Vous recherchez un billet d&#039;avion pas cher de Nairobi \u00e0 Kilimandjaro ou des offres de derni\u00e8re minute ?<\/h2>\n<h3>Recherchez, comparez et r\u00e9servez un billet d&#039;avion pas cher entre Nairobi (DAR) et Kilimandjaro (JRO)<span style=\"font-size: 16px;\">\u00a0<\/span>maintenant en ligne.<\/h3>\n<p>R\u00e9servez des vols pas chers de Nairobi vers Kilimandjaro en ligne et \u00e9conomisez sur les billets d&#039;avion en toute confiance sur Tiketi.com. Le Kilimandjaro est connu de nombreuses personnes dans le monde entier pour les sommets populaires du mont Kilimandjaro, la plus haute montagne d&#039;Afrique, et un lieu incontournable pour de nombreux alpinistes en herbe et \u00e9tablis. R\u00e9servez vos billets d&#039;avion de Nairobi \u00e0 Kilimandjaro avec Kenya Airways et pr\u00e9parez-vous \u00e0 explorer l&#039;un des sites les plus \u00e9tonnants d&#039;Afrique. Comparez les prix et obtenez les meilleurs tarifs sur les billets d&#039;avion de Nairobi \u00e0 Kilimandjaro gr\u00e2ce \u00e0 des offres exceptionnelles sur la r\u00e9servation de billets en ligne de vols Nairobi \u00e0 Kilimandjaro.<\/p>\n<h2>Voici quelques-unes des meilleures attractions du Kilimandjaro<\/h2>\n<h3>Parc national du Kilimandjaro<\/h3>\n<p>Ce parc attire des milliers de visiteurs chaque ann\u00e9e, vous permettant de d\u00e9couvrir le c\u0153ur de l&#039;Afrique, communiant avec des l\u00e9opards, des \u00e9l\u00e9phants, des buffles et de nombreuses esp\u00e8ces menac\u00e9es.<\/p>\n<h3>le Mont Kilimanjaro<\/h3>\n<p>La plus grande et la plus haute montagne autoportante de la plan\u00e8te et la plus haute montagne d&#039;Afrique, dominant le sol \u00e0 5895 m\u00e8tres au-dessus du niveau de la mer, populaire pour son terrain difficile et ses randonn\u00e9es int\u00e9ressantes.<\/p>\n<h3>Sources chaudes de Kikuletwa<\/h3>\n<p>Une piscine de sources chaudes de plus de six m\u00e8tres de profondeur, qui donne l&#039;impression que l&#039;eau bout lorsqu&#039;elle explose du sous-sol.<\/p>\n<p>Les attractions \u00e0 proximit\u00e9 comme le Serengeti, la zone de conservation de Ngorongoro, Mangyara, les parcs nationaux de Tarangire, les cascades de Materuni Kinukamori offriront chacune des vues et des exp\u00e9riences incroyables.<br \/>\nR\u00e9servez d\u00e8s aujourd&#039;hui vos vols directs de Nairobi \u00e0 Kilimandjaro avec Kenya Airways et profitez d&#039;un paysage qui est rest\u00e9 pratiquement inchang\u00e9 depuis des mill\u00e9naires.<\/p>\n<h2>FAQ sur les vols pas chers de Nairobi \u00e0 Kilimandjaro<\/h2>\n<h3>Quel est le jour le moins cher pour voler de Nairobi \u00e0 Kilimandjaro direct ?<\/h3>\n<p>Le jour le moins cher pour voler de Nairobi \u00e0 Kilimandjaro est le mardi.<\/p>\n<h3>Quel est le temps de vol de Nairobi \u00e0 Kilimandjaro?<\/h3>\n<p>La dur\u00e9e moyenne d&#039;un vol Kilimandjaro-Nairobi est de 0 h 55 min.<\/p>\n<h3>Combien de compagnies a\u00e9riennes proposent des vols directs de Nairobi \u00e0 Kilimandjaro ?<\/h3>\n<p>Quatre compagnies a\u00e9riennes op\u00e8rent des vols directs entre Kilimandjaro et Nairobi.<\/p>\n<h3>Combien de vols y a-t-il par semaine entre Nairobi et Kilimandjaro ?<\/h3>\n<p>Il y a quarante-cinq vols par semaine entre Kilimandjaro et Nairobi.<\/p>\n<h3>Combien d&#039;a\u00e9roports y a-t-il \u00e0 Nairobi ?<\/h3>\n<p>Il y a deux a\u00e9roports \u00e0 Nairobi : Nairobi Wilson et Nairobi Jomo Kenyatta.<\/p>\n<h3>Quel est le nom des compagnies a\u00e9riennes c\u00e9l\u00e8bres op\u00e9rant des billets d&#039;avion bon march\u00e9 de Nairobi \u00e0 Kilimandjaro ?<\/h3>\n<p>AirKenya Express, Coastal Aviation, Safarlink Aviation, Kenya Airways, Precision Air et Etihad Airways sont les compagnies a\u00e9riennes pr\u00e9f\u00e9r\u00e9es sur les billets d&#039;avion pas chers de Nairobi \u00e0 Kilimandjaro.<\/p>\n<h2>Bons plans sur les vols pas chers de Nairobi \u00e0 Kilimandjaro<\/h2>\n<p>\u2022 Nairobi, au Kenya, est \u00e0 148 miles du parc national du Kilimandjaro.<\/p>\n<p>\u2022 Il y a quatorze vols quotidiens entre Nairobi et le Kilimandjaro.<\/p>\n<p>\u2022 Quatorze vols sans escale op\u00e8rent de Nairobi au Kilimandjaro.<\/p>\n<p>\u2022 Precision Air propose le plus de vols sans escale de Nairobi \u00e0 Kilimandjaro.<\/p>\n<p>\u2022 Dar es Salaam, Tanzanie -Dear es Salaam Intl est le lien le plus c\u00e9l\u00e8bre pour les vols \u00e0 escale entre le Kilimandjaro et Nairobi.<\/p>","protected":false},"excerpt":{"rendered":"<p>Looking for cheap airline ticket from Nairobi to Kilimanjaro\u00a0or last minute deals? Search, compare and book cheap airline ticket from Nairobi (DAR) to Kilimanjaro (JRO)\u00a0online now. Book cheap flights from Nairobi to Kilimanjaro online and save money on airfare with confidence on Tiketi.com. Kilimanjaro known to many people all around the globe for the popular [&hellip;]<\/p>\n","protected":false},"author":1,"featured_media":14041,"parent":0,"menu_order":0,"comment_status":"open","ping_status":"closed","template":"template-home-modern.php","meta":{"footnotes":""},"class_list":["post-11852","page","type-page","status-publish","has-post-thumbnail","hentry"],"yoast_head":"<!-- This site is optimized with the Yoast SEO plugin v27.2 - https:\/\/yoast.com\/product\/yoast-seo-wordpress\/ -->\n<title>Cheap Flights from\u00a0Nairobi to Kilimanjaro<\/title>\n<meta name=\"description\" content=\"Looking for cheap flights from\u00a0Nairobi to Kilimanjaro? Search, compare and book cheap airline ticket from Nairobi to Kilimanjaro online\" \/>\n<meta name=\"robots\" content=\"index, follow, max-snippet:-1, max-image-preview:large, max-video-preview:-1\" \/>\n<link rel=\"canonical\" href=\"https:\/\/tiketi.com\/fr-fr\/flights-nairobi-kilimanjaro-nbo-jro\/\" \/>\n<meta property=\"og:locale\" content=\"fr_FR\" \/>\n<meta property=\"og:type\" content=\"article\" \/>\n<meta property=\"og:title\" content=\"Cheap Flights from\u00a0Nairobi to Kilimanjaro\" \/>\n<meta property=\"og:description\" content=\"Looking for cheap flights from\u00a0Nairobi to Kilimanjaro? Search, compare and book cheap airline ticket from Nairobi to Kilimanjaro online\" \/>\n<meta property=\"og:url\" content=\"https:\/\/tiketi.com\/fr-fr\/flights-nairobi-kilimanjaro-nbo-jro\/\" \/>\n<meta property=\"og:site_name\" content=\"Tiketi.com\" \/>\n<meta property=\"article:publisher\" content=\"https:\/\/www.facebook.com\/TiketiCom\/\" \/>\n<meta property=\"article:modified_time\" content=\"2022-02-09T13:33:37+00:00\" \/>\n<meta property=\"og:image\" content=\"https:\/\/tiketi.com\/wp-content\/uploads\/2022\/01\/flight-ticket-booking-sorasak-KxCJXXGsv9I-unsplas.jpg\" \/>\n\t<meta property=\"og:image:width\" content=\"1200\" \/>\n\t<meta property=\"og:image:height\" content=\"240\" \/>\n\t<meta property=\"og:image:type\" content=\"image\/jpeg\" \/>\n<meta name=\"twitter:card\" content=\"summary_large_image\" \/>\n<meta name=\"twitter:label1\" content=\"Dur\u00e9e de lecture estim\u00e9e\" \/>\n\t<meta name=\"twitter:data1\" content=\"3 minutes\" \/>\n<script type=\"application\/ld+json\" class=\"yoast-schema-graph\">{\"@context\":\"https:\/\/schema.org\",\"@graph\":[{\"@type\":\"WebPage\",\"@id\":\"https:\/\/tiketi.com\/flights-nairobi-kilimanjaro-nbo-jro\/\",\"url\":\"https:\/\/tiketi.com\/flights-nairobi-kilimanjaro-nbo-jro\/\",\"name\":\"Cheap Flights from\u00a0Nairobi to Kilimanjaro\",\"isPartOf\":{\"@id\":\"https:\/\/tiketi.com\/#website\"},\"primaryImageOfPage\":{\"@id\":\"https:\/\/tiketi.com\/flights-nairobi-kilimanjaro-nbo-jro\/#primaryimage\"},\"image\":{\"@id\":\"https:\/\/tiketi.com\/flights-nairobi-kilimanjaro-nbo-jro\/#primaryimage\"},\"thumbnailUrl\":\"https:\/\/tiketi.com\/wp-content\/uploads\/2022\/01\/flight-ticket-booking-sorasak-KxCJXXGsv9I-unsplas.jpg\",\"datePublished\":\"2022-01-19T11:55:18+00:00\",\"dateModified\":\"2022-02-09T13:33:37+00:00\",\"description\":\"Looking for cheap flights from\u00a0Nairobi to Kilimanjaro? Search, compare and book cheap airline ticket from Nairobi to Kilimanjaro online\",\"breadcrumb\":{\"@id\":\"https:\/\/tiketi.com\/flights-nairobi-kilimanjaro-nbo-jro\/#breadcrumb\"},\"inLanguage\":\"fr-FR\",\"potentialAction\":[{\"@type\":\"ReadAction\",\"target\":[\"https:\/\/tiketi.com\/flights-nairobi-kilimanjaro-nbo-jro\/\"]}]},{\"@type\":\"ImageObject\",\"inLanguage\":\"fr-FR\",\"@id\":\"https:\/\/tiketi.com\/flights-nairobi-kilimanjaro-nbo-jro\/#primaryimage\",\"url\":\"https:\/\/tiketi.com\/wp-content\/uploads\/2022\/01\/flight-ticket-booking-sorasak-KxCJXXGsv9I-unsplas.jpg\",\"contentUrl\":\"https:\/\/tiketi.com\/wp-content\/uploads\/2022\/01\/flight-ticket-booking-sorasak-KxCJXXGsv9I-unsplas.jpg\",\"width\":1200,\"height\":240,\"caption\":\"Online flight ticket booking\"},{\"@type\":\"BreadcrumbList\",\"@id\":\"https:\/\/tiketi.com\/flights-nairobi-kilimanjaro-nbo-jro\/#breadcrumb\",\"itemListElement\":[{\"@type\":\"ListItem\",\"position\":1,\"name\":\"Home\",\"item\":\"https:\/\/tiketi.com\/\"},{\"@type\":\"ListItem\",\"position\":2,\"name\":\"Cheap Flights from\u00a0Nairobi to Kilimanjaro\"}]},{\"@type\":\"WebSite\",\"@id\":\"https:\/\/tiketi.com\/#website\",\"url\":\"https:\/\/tiketi.com\/\",\"name\":\"Flight & Bus Tickets, Tour Packages & Activitites - Tiketi.com\",\"description\":\"Flight &amp; Bus Tickets, Tours, Activitites\",\"publisher\":{\"@id\":\"https:\/\/tiketi.com\/#organization\"},\"potentialAction\":[{\"@type\":\"SearchAction\",\"target\":{\"@type\":\"EntryPoint\",\"urlTemplate\":\"https:\/\/tiketi.com\/?s={search_term_string}\"},\"query-input\":{\"@type\":\"PropertyValueSpecification\",\"valueRequired\":true,\"valueName\":\"search_term_string\"}}],\"inLanguage\":\"fr-FR\"},{\"@type\":\"Organization\",\"@id\":\"https:\/\/tiketi.com\/#organization\",\"name\":\"Tiketi.com\",\"alternateName\":\"Tiketi\",\"url\":\"https:\/\/tiketi.com\/\",\"logo\":{\"@type\":\"ImageObject\",\"inLanguage\":\"fr-FR\",\"@id\":\"https:\/\/tiketi.com\/#\/schema\/logo\/image\/\",\"url\":\"https:\/\/tiketi.com\/wp-content\/uploads\/2019\/05\/tiketi-logo-696.png\",\"contentUrl\":\"https:\/\/tiketi.com\/wp-content\/uploads\/2019\/05\/tiketi-logo-696.png\",\"width\":696,\"height\":696,\"caption\":\"Tiketi.com\"},\"image\":{\"@id\":\"https:\/\/tiketi.com\/#\/schema\/logo\/image\/\"},\"sameAs\":[\"https:\/\/www.facebook.com\/TiketiCom\/\"]}]}<\/script>\n<!-- \/ Yoast SEO plugin. -->","yoast_head_json":{"title":"Vols \u00e0 bas prix de Nairobi \u00e0 Kilimandjaro","description":"Vous recherchez des vols \u00e0 bas prix de Nairobi vers Kilimandjaro ? Recherchez, comparez et r\u00e9servez en ligne un billet d&#039;avion pas cher de Nairobi \u00e0 Kilimandjaro","robots":{"index":"index","follow":"follow","max-snippet":"max-snippet:-1","max-image-preview":"max-image-preview:large","max-video-preview":"max-video-preview:-1"},"canonical":"https:\/\/tiketi.com\/fr-fr\/flights-nairobi-kilimanjaro-nbo-jro\/","og_locale":"fr_FR","og_type":"article","og_title":"Cheap Flights from\u00a0Nairobi to Kilimanjaro","og_description":"Looking for cheap flights from\u00a0Nairobi to Kilimanjaro? Search, compare and book cheap airline ticket from Nairobi to Kilimanjaro online","og_url":"https:\/\/tiketi.com\/fr-fr\/flights-nairobi-kilimanjaro-nbo-jro\/","og_site_name":"Tiketi.com","article_publisher":"https:\/\/www.facebook.com\/TiketiCom\/","article_modified_time":"2022-02-09T13:33:37+00:00","og_image":[{"width":1200,"height":240,"url":"https:\/\/tiketi.com\/wp-content\/uploads\/2022\/01\/flight-ticket-booking-sorasak-KxCJXXGsv9I-unsplas.jpg","type":"image\/jpeg"}],"twitter_card":"summary_large_image","twitter_misc":{"Dur\u00e9e de lecture estim\u00e9e":"3 minutes"},"schema":{"@context":"https:\/\/schema.org","@graph":[{"@type":"WebPage","@id":"https:\/\/tiketi.com\/flights-nairobi-kilimanjaro-nbo-jro\/","url":"https:\/\/tiketi.com\/flights-nairobi-kilimanjaro-nbo-jro\/","name":"Vols \u00e0 bas prix de Nairobi \u00e0 Kilimandjaro","isPartOf":{"@id":"https:\/\/tiketi.com\/#website"},"primaryImageOfPage":{"@id":"https:\/\/tiketi.com\/flights-nairobi-kilimanjaro-nbo-jro\/#primaryimage"},"image":{"@id":"https:\/\/tiketi.com\/flights-nairobi-kilimanjaro-nbo-jro\/#primaryimage"},"thumbnailUrl":"https:\/\/tiketi.com\/wp-content\/uploads\/2022\/01\/flight-ticket-booking-sorasak-KxCJXXGsv9I-unsplas.jpg","datePublished":"2022-01-19T11:55:18+00:00","dateModified":"2022-02-09T13:33:37+00:00","description":"Vous recherchez des vols \u00e0 bas prix de Nairobi vers Kilimandjaro ? Recherchez, comparez et r\u00e9servez en ligne un billet d&#039;avion pas cher de Nairobi \u00e0 Kilimandjaro","breadcrumb":{"@id":"https:\/\/tiketi.com\/flights-nairobi-kilimanjaro-nbo-jro\/#breadcrumb"},"inLanguage":"fr-FR","potentialAction":[{"@type":"ReadAction","target":["https:\/\/tiketi.com\/flights-nairobi-kilimanjaro-nbo-jro\/"]}]},{"@type":"ImageObject","inLanguage":"fr-FR","@id":"https:\/\/tiketi.com\/flights-nairobi-kilimanjaro-nbo-jro\/#primaryimage","url":"https:\/\/tiketi.com\/wp-content\/uploads\/2022\/01\/flight-ticket-booking-sorasak-KxCJXXGsv9I-unsplas.jpg","contentUrl":"https:\/\/tiketi.com\/wp-content\/uploads\/2022\/01\/flight-ticket-booking-sorasak-KxCJXXGsv9I-unsplas.jpg","width":1200,"height":240,"caption":"Online flight ticket booking"},{"@type":"BreadcrumbList","@id":"https:\/\/tiketi.com\/flights-nairobi-kilimanjaro-nbo-jro\/#breadcrumb","itemListElement":[{"@type":"ListItem","position":1,"name":"Home","item":"https:\/\/tiketi.com\/"},{"@type":"ListItem","position":2,"name":"Cheap Flights from\u00a0Nairobi to Kilimanjaro"}]},{"@type":"WebSite","@id":"https:\/\/tiketi.com\/#website","url":"https:\/\/tiketi.com\/","name":"Billets d&#039;avion et de bus, forfaits touristiques et activit\u00e9s - Tiketi.com","description":"Billets d&#039;avion et de bus, Tours, Activit\u00e9s","publisher":{"@id":"https:\/\/tiketi.com\/#organization"},"potentialAction":[{"@type":"SearchAction","target":{"@type":"EntryPoint","urlTemplate":"https:\/\/tiketi.com\/?s={search_term_string}"},"query-input":{"@type":"PropertyValueSpecification","valueRequired":true,"valueName":"search_term_string"}}],"inLanguage":"fr-FR"},{"@type":"Organization","@id":"https:\/\/tiketi.com\/#organization","name":"Tiketi.com","alternateName":"Tiketi","url":"https:\/\/tiketi.com\/","logo":{"@type":"ImageObject","inLanguage":"fr-FR","@id":"https:\/\/tiketi.com\/#\/schema\/logo\/image\/","url":"https:\/\/tiketi.com\/wp-content\/uploads\/2019\/05\/tiketi-logo-696.png","contentUrl":"https:\/\/tiketi.com\/wp-content\/uploads\/2019\/05\/tiketi-logo-696.png","width":696,"height":696,"caption":"Tiketi.com"},"image":{"@id":"https:\/\/tiketi.com\/#\/schema\/logo\/image\/"},"sameAs":["https:\/\/www.facebook.com\/TiketiCom\/"]}]}},"_links":{"self":[{"href":"https:\/\/tiketi.com\/fr-fr\/wp-json\/wp\/v2\/pages\/11852","targetHints":{"allow":["GET"]}}],"collection":[{"href":"https:\/\/tiketi.com\/fr-fr\/wp-json\/wp\/v2\/pages"}],"about":[{"href":"https:\/\/tiketi.com\/fr-fr\/wp-json\/wp\/v2\/types\/page"}],"author":[{"embeddable":true,"href":"https:\/\/tiketi.com\/fr-fr\/wp-json\/wp\/v2\/users\/1"}],"replies":[{"embeddable":true,"href":"https:\/\/tiketi.com\/fr-fr\/wp-json\/wp\/v2\/comments?post=11852"}],"version-history":[{"count":0,"href":"https:\/\/tiketi.com\/fr-fr\/wp-json\/wp\/v2\/pages\/11852\/revisions"}],"wp:featuredmedia":[{"embeddable":true,"href":"https:\/\/tiketi.com\/fr-fr\/wp-json\/wp\/v2\/media\/14041"}],"wp:attachment":[{"href":"https:\/\/tiketi.com\/fr-fr\/wp-json\/wp\/v2\/media?parent=11852"}],"curies":[{"name":"wp","href":"https:\/\/api.w.org\/{rel}","templated":true}]}}