{"id":11853,"date":"2022-01-19T12:55:18","date_gmt":"2022-01-19T11:55:18","guid":{"rendered":"https:\/\/new.tiketi.com\/cheap-flights-from-nairobi-to-cape-town\/"},"modified":"2022-02-09T14:14:28","modified_gmt":"2022-02-09T13:14:28","slug":"flights-nairobi-cape-town-nbo-cpt","status":"publish","type":"page","link":"https:\/\/tiketi.com\/fr-fr\/flights-nairobi-cape-town-nbo-cpt\/","title":{"rendered":"Vols pas chers de Nairobi \u00e0 Le Cap"},"content":{"rendered":"<h2>Vous cherchez un billet d&#039;avion pas cher \u00e0 partir de Nairobi pour Le Cap ou des offres de derni\u00e8re minute ?<\/h2>\n<h3>Cherchez, comparez et r\u00e9servez un billet d&#039;avion pas cher de Nairobi (NBO) \u00e0 Le Cap (CPT)<span style=\"font-size: 16px;\">\u00a0<\/span>maintenant en ligne.<\/h3>\n<p>R\u00e9servez des vols pas chers de Nairobi \u00e0 Le Cap en ligne et \u00e9conomisez de l&#039;argent sur les billets d&#039;avion en toute confiance sur Tiketi.com. Le Cap a en fait \u00e9t\u00e9 cr\u00e9\u00e9 comme station de ravitaillement pour les navires des Indes n\u00e9erlandaises qui se dirigeaient vers l&#039;est. Il occupe une place merveilleuse sur la c\u00f4te sud-africaine, offrant une vue imprenable sur la baie et l&#039;oc\u00e9an avec les montagnes de la Table en toile de fond. Site Web unique pour les tarifs a\u00e9riens et les billets d&#039;avion \u00e0 bas prix de Nairobi \u00e0 Le Cap. Comparez les prix et obtenez le tarif le plus bas sur les billets d&#039;avion de Nairobi \u00e0 Le Cap gr\u00e2ce \u00e0 des offres exceptionnelles sur les vols de Nairobi \u00e0 Le Cap en r\u00e9servant en ligne des billets.<\/p>\n<h2>Voici quelques-unes des meilleures attractions de Cape Town<\/h2>\n<p>Situ\u00e9 dans un parc national, atteindre la hauteur de la montagne de la Table est une pratique merveilleuse qui offre une vue extraordinaire \u00e0 vol d&#039;oiseau sur la ville du Cap, Robben Island au nord et la c\u00f4te atlantique au sud et \u00e0 l&#039;ouest.<\/p>\n<h3>Front de mer Victoria et Alfred<\/h3>\n<p>Le Victoria &amp; Alfred Waterfront est l&#039;une des attractions les plus populaires d&#039;Afrique du Sud, avec ses vues imprenables sur l&#039;oc\u00e9an Atlantique, la montagne de la Table et la baie de la Table. Nomm\u00e9 en l&#039;honneur de la reine britannique Victoria et de son plus jeune fils Alfred, qui ont pos\u00e9 les principales pierres du brise-lames dans les ann\u00e9es 1860, le front de mer historique abrite aujourd&#039;hui un large \u00e9ventail de restaurants, de boutiques et de lieux de vie nocturne.<\/p>\n<h3>Jardin botanique national de Kirstenbosch<\/h3>\n<p>Ce c\u00e9l\u00e8bre jardin, cr\u00e9\u00e9 en 1913, est l&#039;un des plus grands jardins botaniques du monde et a \u00e9t\u00e9 le premier \u00e0 se concentrer sur les plantes indig\u00e8nes d&#039;un pays. Kirstenbosch ne s\u00e9lectionne pas seulement des plantes de la r\u00e9gion du Cap, mais aussi de toute l&#039;Afrique australe.<\/p>\n<h2>FAQ sur les vols pas chers de Nairobi \u00e0 Le Cap<\/h2>\n<h3>Quelles compagnies a\u00e9riennes proposent des vols entre Nairobi et Le Cap ?<\/h3>\n<p>Kenya Airways, Etihad Airways sont les seules compagnies a\u00e9riennes \u00e0 proposer des vols directs pas chers de Nairobi \u00e0 Le Cap ?<\/p>\n<h3>Quelle est la dur\u00e9e des vols entre Nairobi et Le Cap ?<\/h3>\n<p>Les visiteurs peuvent deviner qu&#039;un vol direct durera environ six heures, sur une distance d&#039;environ 2 550 kilom\u00e8tres.<\/p>\n<h3>En moyenne, combien de vols par jour d\u00e9collent de Nairobi \u00e0 Le Cap ?<\/h3>\n<p>Chaque jour, trois vols partent de Nairobi vers Le Cap.<\/p>\n<p>Apr\u00e8s-midi \u2013 cent pour cent des d\u00e9parts de vols les moins chers de Nairobi \u00e0 Cape Town.<\/p>\n<h3>Quel est le jour le moins cher pour r\u00e9server un billet d&#039;avion de Nairobi \u00e0 Le Cap ?<\/h3>\n<p>Le jour le moins cher pour r\u00e9server un billet d&#039;avion de Nairobi \u00e0 Le Cap est le mercredi.<\/p>\n<h2>Conseils pour les vols pas chers de Nairobi \u00e0 Le Cap<\/h2>\n<p>\u2022 Nairobi, au Kenya, est \u00e0 2 550\u00a0miles de Cape Town Central.<\/p>\n<p>\u2022 Il y a trois vols hebdomadaires de Nairobi \u00e0 Cape Town.<\/p>\n<p>\u2022 Il y a dix vols hebdomadaires de Nairobi \u00e0 Cape Town.<\/p>\n<p>\u2022 Un vol sans escale au Cap depuis Nairobi est en service.<\/p>\n<p>\u2022 Kenya Airways propose le plus grand nombre de vols sans escale entre Le Cap et Nairobi.<\/p>\n<p>\u2022 Johannesburg, Afrique du Sud \u2013 OR Tamboo International est la liaison la plus c\u00e9l\u00e8bre pour les vols \u00e0 escale entre Le Cap et Nairobi.<\/p>\n<p>\u2022 L&#039;a\u00e9roport international du Cap propose des vols sans escale vers trente villes.<\/p>","protected":false},"excerpt":{"rendered":"<p>Looking for cheap airline ticket from Nairobi to Cape Town\u00a0or last minute deals? Search, compare and book cheap airline ticket from Nairobi (NBO) to Cape Town (CPT)\u00a0online now. Book cheap flights from Nairobi to Cape Town online and save money on airfare with confidence on Tiketi.com. Cape Town was actually established as supply station for [&hellip;]<\/p>\n","protected":false},"author":1,"featured_media":16150,"parent":0,"menu_order":0,"comment_status":"open","ping_status":"closed","template":"template-home-modern.php","meta":{"footnotes":""},"class_list":["post-11853","page","type-page","status-publish","has-post-thumbnail","hentry"],"yoast_head":"<!-- This site is optimized with the Yoast SEO plugin v27.2 - https:\/\/yoast.com\/product\/yoast-seo-wordpress\/ -->\n<title>Cheap Flights from\u00a0Nairobi to Cape Town<\/title>\n<meta name=\"description\" content=\"Looking for cheap flights from\u00a0Nairobi to Cape Town? Search, compare and book cheap airline ticket from Nairobi to Cape Town online\" \/>\n<meta name=\"robots\" content=\"index, follow, max-snippet:-1, max-image-preview:large, max-video-preview:-1\" \/>\n<link rel=\"canonical\" href=\"https:\/\/tiketi.com\/fr-fr\/flights-nairobi-cape-town-nbo-cpt\/\" \/>\n<meta property=\"og:locale\" content=\"fr_FR\" \/>\n<meta property=\"og:type\" content=\"article\" \/>\n<meta property=\"og:title\" content=\"Cheap Flights from\u00a0Nairobi to Cape Town\" \/>\n<meta property=\"og:description\" content=\"Looking for cheap flights from\u00a0Nairobi to Cape Town? Search, compare and book cheap airline ticket from Nairobi to Cape Town online\" \/>\n<meta property=\"og:url\" content=\"https:\/\/tiketi.com\/fr-fr\/flights-nairobi-cape-town-nbo-cpt\/\" \/>\n<meta property=\"og:site_name\" content=\"Tiketi.com\" \/>\n<meta property=\"article:publisher\" content=\"https:\/\/www.facebook.com\/TiketiCom\/\" \/>\n<meta property=\"article:modified_time\" content=\"2022-02-09T13:14:28+00:00\" \/>\n<meta property=\"og:image\" content=\"https:\/\/tiketi.com\/wp-content\/uploads\/2022\/02\/cape-town-5293565_1200.jpg\" \/>\n\t<meta property=\"og:image:width\" content=\"1280\" \/>\n\t<meta property=\"og:image:height\" content=\"222\" \/>\n\t<meta property=\"og:image:type\" content=\"image\/jpeg\" \/>\n<meta name=\"twitter:card\" content=\"summary_large_image\" \/>\n<meta name=\"twitter:label1\" content=\"Dur\u00e9e de lecture estim\u00e9e\" \/>\n\t<meta name=\"twitter:data1\" content=\"3 minutes\" \/>\n<script type=\"application\/ld+json\" class=\"yoast-schema-graph\">{\"@context\":\"https:\/\/schema.org\",\"@graph\":[{\"@type\":\"WebPage\",\"@id\":\"https:\/\/tiketi.com\/flights-nairobi-cape-town-nbo-cpt\/\",\"url\":\"https:\/\/tiketi.com\/flights-nairobi-cape-town-nbo-cpt\/\",\"name\":\"Cheap Flights from\u00a0Nairobi to Cape Town\",\"isPartOf\":{\"@id\":\"https:\/\/tiketi.com\/#website\"},\"primaryImageOfPage\":{\"@id\":\"https:\/\/tiketi.com\/flights-nairobi-cape-town-nbo-cpt\/#primaryimage\"},\"image\":{\"@id\":\"https:\/\/tiketi.com\/flights-nairobi-cape-town-nbo-cpt\/#primaryimage\"},\"thumbnailUrl\":\"https:\/\/tiketi.com\/wp-content\/uploads\/2022\/02\/cape-town-5293565_1200.jpg\",\"datePublished\":\"2022-01-19T11:55:18+00:00\",\"dateModified\":\"2022-02-09T13:14:28+00:00\",\"description\":\"Looking for cheap flights from\u00a0Nairobi to Cape Town? Search, compare and book cheap airline ticket from Nairobi to Cape Town online\",\"breadcrumb\":{\"@id\":\"https:\/\/tiketi.com\/flights-nairobi-cape-town-nbo-cpt\/#breadcrumb\"},\"inLanguage\":\"fr-FR\",\"potentialAction\":[{\"@type\":\"ReadAction\",\"target\":[\"https:\/\/tiketi.com\/flights-nairobi-cape-town-nbo-cpt\/\"]}]},{\"@type\":\"ImageObject\",\"inLanguage\":\"fr-FR\",\"@id\":\"https:\/\/tiketi.com\/flights-nairobi-cape-town-nbo-cpt\/#primaryimage\",\"url\":\"https:\/\/tiketi.com\/wp-content\/uploads\/2022\/02\/cape-town-5293565_1200.jpg\",\"contentUrl\":\"https:\/\/tiketi.com\/wp-content\/uploads\/2022\/02\/cape-town-5293565_1200.jpg\",\"width\":1280,\"height\":222,\"caption\":\"Air Taxi in Cape Town\"},{\"@type\":\"BreadcrumbList\",\"@id\":\"https:\/\/tiketi.com\/flights-nairobi-cape-town-nbo-cpt\/#breadcrumb\",\"itemListElement\":[{\"@type\":\"ListItem\",\"position\":1,\"name\":\"Home\",\"item\":\"https:\/\/tiketi.com\/\"},{\"@type\":\"ListItem\",\"position\":2,\"name\":\"Cheap Flights from\u00a0Nairobi to Cape Town\"}]},{\"@type\":\"WebSite\",\"@id\":\"https:\/\/tiketi.com\/#website\",\"url\":\"https:\/\/tiketi.com\/\",\"name\":\"Flight & Bus Tickets, Tour Packages & Activitites - Tiketi.com\",\"description\":\"Flight &amp; Bus Tickets, Tours, Activitites\",\"publisher\":{\"@id\":\"https:\/\/tiketi.com\/#organization\"},\"potentialAction\":[{\"@type\":\"SearchAction\",\"target\":{\"@type\":\"EntryPoint\",\"urlTemplate\":\"https:\/\/tiketi.com\/?s={search_term_string}\"},\"query-input\":{\"@type\":\"PropertyValueSpecification\",\"valueRequired\":true,\"valueName\":\"search_term_string\"}}],\"inLanguage\":\"fr-FR\"},{\"@type\":\"Organization\",\"@id\":\"https:\/\/tiketi.com\/#organization\",\"name\":\"Tiketi.com\",\"alternateName\":\"Tiketi\",\"url\":\"https:\/\/tiketi.com\/\",\"logo\":{\"@type\":\"ImageObject\",\"inLanguage\":\"fr-FR\",\"@id\":\"https:\/\/tiketi.com\/#\/schema\/logo\/image\/\",\"url\":\"https:\/\/tiketi.com\/wp-content\/uploads\/2019\/05\/tiketi-logo-696.png\",\"contentUrl\":\"https:\/\/tiketi.com\/wp-content\/uploads\/2019\/05\/tiketi-logo-696.png\",\"width\":696,\"height\":696,\"caption\":\"Tiketi.com\"},\"image\":{\"@id\":\"https:\/\/tiketi.com\/#\/schema\/logo\/image\/\"},\"sameAs\":[\"https:\/\/www.facebook.com\/TiketiCom\/\"]}]}<\/script>\n<!-- \/ Yoast SEO plugin. -->","yoast_head_json":{"title":"Vols pas chers de Nairobi \u00e0 Le Cap","description":"Vous recherchez des vols \u00e0 bas prix au Nairobi vers Le Cap? Recherchez, comparez et r\u00e9servez un billet d&#039;avion pas cher de Nairobi \u00e0 Le Cap en ligne","robots":{"index":"index","follow":"follow","max-snippet":"max-snippet:-1","max-image-preview":"max-image-preview:large","max-video-preview":"max-video-preview:-1"},"canonical":"https:\/\/tiketi.com\/fr-fr\/flights-nairobi-cape-town-nbo-cpt\/","og_locale":"fr_FR","og_type":"article","og_title":"Cheap Flights from\u00a0Nairobi to Cape Town","og_description":"Looking for cheap flights from\u00a0Nairobi to Cape Town? Search, compare and book cheap airline ticket from Nairobi to Cape Town online","og_url":"https:\/\/tiketi.com\/fr-fr\/flights-nairobi-cape-town-nbo-cpt\/","og_site_name":"Tiketi.com","article_publisher":"https:\/\/www.facebook.com\/TiketiCom\/","article_modified_time":"2022-02-09T13:14:28+00:00","og_image":[{"width":1280,"height":222,"url":"https:\/\/tiketi.com\/wp-content\/uploads\/2022\/02\/cape-town-5293565_1200.jpg","type":"image\/jpeg"}],"twitter_card":"summary_large_image","twitter_misc":{"Dur\u00e9e de lecture estim\u00e9e":"3 minutes"},"schema":{"@context":"https:\/\/schema.org","@graph":[{"@type":"WebPage","@id":"https:\/\/tiketi.com\/flights-nairobi-cape-town-nbo-cpt\/","url":"https:\/\/tiketi.com\/flights-nairobi-cape-town-nbo-cpt\/","name":"Vols pas chers de Nairobi \u00e0 Le Cap","isPartOf":{"@id":"https:\/\/tiketi.com\/#website"},"primaryImageOfPage":{"@id":"https:\/\/tiketi.com\/flights-nairobi-cape-town-nbo-cpt\/#primaryimage"},"image":{"@id":"https:\/\/tiketi.com\/flights-nairobi-cape-town-nbo-cpt\/#primaryimage"},"thumbnailUrl":"https:\/\/tiketi.com\/wp-content\/uploads\/2022\/02\/cape-town-5293565_1200.jpg","datePublished":"2022-01-19T11:55:18+00:00","dateModified":"2022-02-09T13:14:28+00:00","description":"Vous recherchez des vols \u00e0 bas prix au Nairobi vers Le Cap? Recherchez, comparez et r\u00e9servez un billet d&#039;avion pas cher de Nairobi \u00e0 Le Cap en ligne","breadcrumb":{"@id":"https:\/\/tiketi.com\/flights-nairobi-cape-town-nbo-cpt\/#breadcrumb"},"inLanguage":"fr-FR","potentialAction":[{"@type":"ReadAction","target":["https:\/\/tiketi.com\/flights-nairobi-cape-town-nbo-cpt\/"]}]},{"@type":"ImageObject","inLanguage":"fr-FR","@id":"https:\/\/tiketi.com\/flights-nairobi-cape-town-nbo-cpt\/#primaryimage","url":"https:\/\/tiketi.com\/wp-content\/uploads\/2022\/02\/cape-town-5293565_1200.jpg","contentUrl":"https:\/\/tiketi.com\/wp-content\/uploads\/2022\/02\/cape-town-5293565_1200.jpg","width":1280,"height":222,"caption":"Air Taxi in Cape Town"},{"@type":"BreadcrumbList","@id":"https:\/\/tiketi.com\/flights-nairobi-cape-town-nbo-cpt\/#breadcrumb","itemListElement":[{"@type":"ListItem","position":1,"name":"Home","item":"https:\/\/tiketi.com\/"},{"@type":"ListItem","position":2,"name":"Cheap Flights from\u00a0Nairobi to Cape Town"}]},{"@type":"WebSite","@id":"https:\/\/tiketi.com\/#website","url":"https:\/\/tiketi.com\/","name":"Billets d&#039;avion et de bus, forfaits touristiques et activit\u00e9s - Tiketi.com","description":"Billets d&#039;avion et de bus, Tours, Activit\u00e9s","publisher":{"@id":"https:\/\/tiketi.com\/#organization"},"potentialAction":[{"@type":"SearchAction","target":{"@type":"EntryPoint","urlTemplate":"https:\/\/tiketi.com\/?s={search_term_string}"},"query-input":{"@type":"PropertyValueSpecification","valueRequired":true,"valueName":"search_term_string"}}],"inLanguage":"fr-FR"},{"@type":"Organization","@id":"https:\/\/tiketi.com\/#organization","name":"Tiketi.com","alternateName":"Tiketi","url":"https:\/\/tiketi.com\/","logo":{"@type":"ImageObject","inLanguage":"fr-FR","@id":"https:\/\/tiketi.com\/#\/schema\/logo\/image\/","url":"https:\/\/tiketi.com\/wp-content\/uploads\/2019\/05\/tiketi-logo-696.png","contentUrl":"https:\/\/tiketi.com\/wp-content\/uploads\/2019\/05\/tiketi-logo-696.png","width":696,"height":696,"caption":"Tiketi.com"},"image":{"@id":"https:\/\/tiketi.com\/#\/schema\/logo\/image\/"},"sameAs":["https:\/\/www.facebook.com\/TiketiCom\/"]}]}},"_links":{"self":[{"href":"https:\/\/tiketi.com\/fr-fr\/wp-json\/wp\/v2\/pages\/11853","targetHints":{"allow":["GET"]}}],"collection":[{"href":"https:\/\/tiketi.com\/fr-fr\/wp-json\/wp\/v2\/pages"}],"about":[{"href":"https:\/\/tiketi.com\/fr-fr\/wp-json\/wp\/v2\/types\/page"}],"author":[{"embeddable":true,"href":"https:\/\/tiketi.com\/fr-fr\/wp-json\/wp\/v2\/users\/1"}],"replies":[{"embeddable":true,"href":"https:\/\/tiketi.com\/fr-fr\/wp-json\/wp\/v2\/comments?post=11853"}],"version-history":[{"count":0,"href":"https:\/\/tiketi.com\/fr-fr\/wp-json\/wp\/v2\/pages\/11853\/revisions"}],"wp:featuredmedia":[{"embeddable":true,"href":"https:\/\/tiketi.com\/fr-fr\/wp-json\/wp\/v2\/media\/16150"}],"wp:attachment":[{"href":"https:\/\/tiketi.com\/fr-fr\/wp-json\/wp\/v2\/media?parent=11853"}],"curies":[{"name":"wp","href":"https:\/\/api.w.org\/{rel}","templated":true}]}}