{"id":11854,"date":"2022-01-19T12:55:18","date_gmt":"2022-01-19T11:55:18","guid":{"rendered":"https:\/\/new.tiketi.com\/cheap-flights-kisumu-to-nairobi\/"},"modified":"2022-02-09T19:31:58","modified_gmt":"2022-02-09T18:31:58","slug":"flights-kisumu-nairobi-kis-nbo","status":"publish","type":"page","link":"https:\/\/tiketi.com\/fr-fr\/flights-kisumu-nairobi-kis-nbo\/","title":{"rendered":"Vols \u00e0 bas prix de Kisumu \u00e0 Nairobi"},"content":{"rendered":"<h2>Vous recherchez un billet d&#039;avion pas cher de Kisumu \u00e0 Nairobi ou des offres de derni\u00e8re minute ?<\/h2>\n<h3>Recherchez, comparez et r\u00e9servez un billet d&#039;avion pas cher entre Kisumu (KIS) et Nairobi (NBO)<span style=\"font-size: 16px;\">\u00a0<\/span>maintenant en ligne.<\/h3>\n<p>R\u00e9servez en ligne des vols \u00e0 bas prix de Kisumu \u00e0 Nairobi et \u00e9conomisez de l&#039;argent sur les billets d&#039;avion. Nairobi est la capitale du Kenya et promet de vous offrir l&#039;une des meilleures vacances en r\u00e9servant votre billet d&#039;avion pas cher de Kisumu \u00e0 Nairobi gr\u00e2ce \u00e0 des offres exceptionnelles sur la r\u00e9servation de billets en ligne de vols Kisumu \u00e0 Nairobi.<\/p>\n<h2>Voici quelques-unes des meilleures attractions d&#039;Arusha<\/h2>\n<p>Le Mus\u00e9e du chemin de fer \u00e0 Nairobi donne l&#039;histoire de l&#039;emplacement. Une grande exposition des locomotives et des moteurs de chemin de fer sont pr\u00e9sent\u00e9s ici qui ont \u00e9t\u00e9 utilis\u00e9s \u00e0 l&#039;\u00e9poque coloniale.<\/p>\n<p>Le mus\u00e9e national de Nairobi est un autre endroit incroyable \u00e0 voir, \u00e0 explorer et \u00e0 visiter, en organisant des vols pas chers de Kisumu \u00e0 Nairobi, car le pays du Kenya est connu pour afficher la signification du berceau de l&#039;humanit\u00e9 et ici, dans ce mus\u00e9e, vous pouvez voir l&#039;humain empreintes de pas des phases primaires de la civilisation humaine.<\/p>\n<p>Le Snake Park est un autre endroit \u00e9tonnant ici o\u00f9 vous avez la chance de voir les serpents les plus venimeux et les plus mortels de la plan\u00e8te. De front, une esp\u00e8ce rare de crocodiles se trouve \u00e9galement ici.<\/p>\n<p>Un autre parc plac\u00e9 au centre de la ville est le parc Uhuru et dans ce parc, des discours et des rassemblements ont lieu et certains monuments relatifs \u00e0 l&#039;ind\u00e9pendance du Kenya sont \u00e9galement conserv\u00e9s ici. Le parc est une copie d&#039;une facette verte, o\u00f9 vous trouverez de l&#039;herbe verte et des arbres verts tout autour.<\/p>\n<h2>FAQ sur les vols pas chers Kisumu - Nairobi<\/h2>\n<h3>Combien de temps dure le vol Nairobi-Kisumu ?<\/h3>\n<p>Le temps de vol moyen entre Kisumu et Nairobi est de cinquante minutes.<\/p>\n<h3>Quelle est la distance entre Nairobi et Kisumu ?<\/h3>\n<p>La distance entre les vols de Kisumu \u00e0 Nairobi est de 268 kilom\u00e8tres.<\/p>\n<h3>Quelle est la fr\u00e9quence des vols directs Kisumu-Nairobi ?<\/h3>\n<p>Il y a quatre-vingt-neuf vols directs de Kisumu \u00e0 Nairobi.<\/p>\n<h3>Quelles sont les compagnies a\u00e9riennes Kisumu les plus c\u00e9l\u00e8bres pour les vols directs Kisumu vers Nairobi ?<\/h3>\n<p>Kenya Airways propose 32% des vols bon march\u00e9 sans escale de Kisumu \u00e0 Nairobi.<\/p>\n<h3>Le meilleur moment pour r\u00e9server un billet d&#039;avion pas cher de Kisumu \u00e0 Nairobi<\/h3>\n<p>G\u00e9n\u00e9ralement, le meilleur moment pour r\u00e9server un vol Kisumu Nairobi est 2 mois \u00e0 l&#039;avance. Et les jours les moins chers pour voler sont le mercredi, le mardi et le samedi.<\/p>\n<h2>Conseils pour les vols de Kisumu \u00e0 Nairobi<\/h2>\n<p>\u2022 Kisumu, Kenya est \u00e0 280 km de Nairobi<\/p>\n<p>\u2022 Il y a quinze vols quotidiens de Kisumu \u00e0 Nairobi.<\/p>\n<p>\u2022 Il y a vingt-sept vols de Kisumu \u00e0 Nairobi.<\/p>\n<p>\u2022 Vingt et un vols sans escale op\u00e8rent de Kisumu \u00e0 Nairobi.<\/p>\n<p>\u2022 Fly540 propose le billet d&#039;avion le plus direct entre Kisumu et Nairobi.<\/p>\n<p>\u2022 Edoret, Kenya \u2013 L&#039;a\u00e9roport international d&#039;Eldoret est l&#039;un des liens les plus c\u00e9l\u00e8bres pour les vols \u00e0 escale entre Nairobi et Kisumu.<\/p>","protected":false},"excerpt":{"rendered":"<p>Looking for cheap airline ticket from Kisumu to Nairobi\u00a0or last minute deals? Search, compare and book cheap airline ticket from Kisumu (KIS) to Nairobi (NBO)\u00a0online now. Book cheap flights from Kisumu to Nairobi online and save money on airfare. Nairobi is the capital city of Kenya, and promises to deliver one of the best holidays [&hellip;]<\/p>\n","protected":false},"author":1,"featured_media":17853,"parent":0,"menu_order":0,"comment_status":"open","ping_status":"closed","template":"template-home-modern.php","meta":{"footnotes":""},"class_list":["post-11854","page","type-page","status-publish","has-post-thumbnail","hentry"],"yoast_head":"<!-- This site is optimized with the Yoast SEO plugin v27.3 - https:\/\/yoast.com\/product\/yoast-seo-wordpress\/ -->\n<title>Cheap Flights Kisumu to Nairobi<\/title>\n<meta name=\"description\" content=\"Looking for cheap flights from\u00a0Kisumu to Nairobi? Search, compare and book cheap airline ticket from Kisumu to Nairobi online\" \/>\n<meta name=\"robots\" content=\"index, follow, max-snippet:-1, max-image-preview:large, max-video-preview:-1\" \/>\n<link rel=\"canonical\" href=\"https:\/\/tiketi.com\/fr-fr\/flights-kisumu-nairobi-kis-nbo\/\" \/>\n<meta property=\"og:locale\" content=\"fr_FR\" \/>\n<meta property=\"og:type\" content=\"article\" \/>\n<meta property=\"og:title\" content=\"Cheap Flights Kisumu to Nairobi\" \/>\n<meta property=\"og:description\" content=\"Looking for cheap flights from\u00a0Kisumu to Nairobi? Search, compare and book cheap airline ticket from Kisumu to Nairobi online\" \/>\n<meta property=\"og:url\" content=\"https:\/\/tiketi.com\/fr-fr\/flights-kisumu-nairobi-kis-nbo\/\" \/>\n<meta property=\"og:site_name\" content=\"Tiketi.com\" \/>\n<meta property=\"article:publisher\" content=\"https:\/\/www.facebook.com\/TiketiCom\/\" \/>\n<meta property=\"article:modified_time\" content=\"2022-02-09T18:31:58+00:00\" \/>\n<meta property=\"og:image\" content=\"https:\/\/tiketi.com\/wp-content\/uploads\/2019\/05\/nairobi-city-3143632_1280.jpg\" \/>\n\t<meta property=\"og:image:width\" content=\"1200\" \/>\n\t<meta property=\"og:image:height\" content=\"202\" \/>\n\t<meta property=\"og:image:type\" content=\"image\/jpeg\" \/>\n<meta name=\"twitter:card\" content=\"summary_large_image\" \/>\n<meta name=\"twitter:label1\" content=\"Dur\u00e9e de lecture estim\u00e9e\" \/>\n\t<meta name=\"twitter:data1\" content=\"3 minutes\" \/>\n<script type=\"application\/ld+json\" class=\"yoast-schema-graph\">{\"@context\":\"https:\\\/\\\/schema.org\",\"@graph\":[{\"@type\":\"WebPage\",\"@id\":\"https:\\\/\\\/tiketi.com\\\/sw\\\/flights-kisumu-nairobi-kis-nbo\\\/\",\"url\":\"https:\\\/\\\/tiketi.com\\\/sw\\\/flights-kisumu-nairobi-kis-nbo\\\/\",\"name\":\"Cheap Flights Kisumu to Nairobi\",\"isPartOf\":{\"@id\":\"https:\\\/\\\/tiketi.com\\\/#website\"},\"primaryImageOfPage\":{\"@id\":\"https:\\\/\\\/tiketi.com\\\/sw\\\/flights-kisumu-nairobi-kis-nbo\\\/#primaryimage\"},\"image\":{\"@id\":\"https:\\\/\\\/tiketi.com\\\/sw\\\/flights-kisumu-nairobi-kis-nbo\\\/#primaryimage\"},\"thumbnailUrl\":\"https:\\\/\\\/tiketi.com\\\/wp-content\\\/uploads\\\/2019\\\/05\\\/nairobi-city-3143632_1280.jpg\",\"datePublished\":\"2022-01-19T11:55:18+00:00\",\"dateModified\":\"2022-02-09T18:31:58+00:00\",\"description\":\"Looking for cheap flights from\u00a0Kisumu to Nairobi? Search, compare and book cheap airline ticket from Kisumu to Nairobi online\",\"breadcrumb\":{\"@id\":\"https:\\\/\\\/tiketi.com\\\/sw\\\/flights-kisumu-nairobi-kis-nbo\\\/#breadcrumb\"},\"inLanguage\":\"fr-FR\",\"potentialAction\":[{\"@type\":\"ReadAction\",\"target\":[\"https:\\\/\\\/tiketi.com\\\/sw\\\/flights-kisumu-nairobi-kis-nbo\\\/\"]}]},{\"@type\":\"ImageObject\",\"inLanguage\":\"fr-FR\",\"@id\":\"https:\\\/\\\/tiketi.com\\\/sw\\\/flights-kisumu-nairobi-kis-nbo\\\/#primaryimage\",\"url\":\"https:\\\/\\\/tiketi.com\\\/wp-content\\\/uploads\\\/2019\\\/05\\\/nairobi-city-3143632_1280.jpg\",\"contentUrl\":\"https:\\\/\\\/tiketi.com\\\/wp-content\\\/uploads\\\/2019\\\/05\\\/nairobi-city-3143632_1280.jpg\",\"width\":1200,\"height\":202,\"caption\":\"Air Taxi in Nairobi\"},{\"@type\":\"BreadcrumbList\",\"@id\":\"https:\\\/\\\/tiketi.com\\\/sw\\\/flights-kisumu-nairobi-kis-nbo\\\/#breadcrumb\",\"itemListElement\":[{\"@type\":\"ListItem\",\"position\":1,\"name\":\"Home\",\"item\":\"https:\\\/\\\/tiketi.com\\\/\"},{\"@type\":\"ListItem\",\"position\":2,\"name\":\"Cheap Flights from Kisumu to Nairobi\"}]},{\"@type\":\"WebSite\",\"@id\":\"https:\\\/\\\/tiketi.com\\\/#website\",\"url\":\"https:\\\/\\\/tiketi.com\\\/\",\"name\":\"Flight & Bus Tickets, Tour Packages & Activitites - Tiketi.com\",\"description\":\"Flight &amp; Bus Tickets, Tours, Activitites\",\"publisher\":{\"@id\":\"https:\\\/\\\/tiketi.com\\\/#organization\"},\"potentialAction\":[{\"@type\":\"SearchAction\",\"target\":{\"@type\":\"EntryPoint\",\"urlTemplate\":\"https:\\\/\\\/tiketi.com\\\/?s={search_term_string}\"},\"query-input\":{\"@type\":\"PropertyValueSpecification\",\"valueRequired\":true,\"valueName\":\"search_term_string\"}}],\"inLanguage\":\"fr-FR\"},{\"@type\":\"Organization\",\"@id\":\"https:\\\/\\\/tiketi.com\\\/#organization\",\"name\":\"Tiketi.com\",\"alternateName\":\"Tiketi\",\"url\":\"https:\\\/\\\/tiketi.com\\\/\",\"logo\":{\"@type\":\"ImageObject\",\"inLanguage\":\"fr-FR\",\"@id\":\"https:\\\/\\\/tiketi.com\\\/#\\\/schema\\\/logo\\\/image\\\/\",\"url\":\"https:\\\/\\\/tiketi.com\\\/wp-content\\\/uploads\\\/2019\\\/05\\\/tiketi-logo-696.png\",\"contentUrl\":\"https:\\\/\\\/tiketi.com\\\/wp-content\\\/uploads\\\/2019\\\/05\\\/tiketi-logo-696.png\",\"width\":696,\"height\":696,\"caption\":\"Tiketi.com\"},\"image\":{\"@id\":\"https:\\\/\\\/tiketi.com\\\/#\\\/schema\\\/logo\\\/image\\\/\"},\"sameAs\":[\"https:\\\/\\\/www.facebook.com\\\/TiketiCom\\\/\"]}]}<\/script>\n<!-- \/ Yoast SEO plugin. -->","yoast_head_json":{"title":"Vols pas chers Kisumu vers Nairobi","description":"Vous recherchez des vols \u00e0 bas prix de Kisumu \u00e0 Nairobi ? Recherchez, comparez et r\u00e9servez en ligne un billet d&#039;avion pas cher de Kisumu \u00e0 Nairobi","robots":{"index":"index","follow":"follow","max-snippet":"max-snippet:-1","max-image-preview":"max-image-preview:large","max-video-preview":"max-video-preview:-1"},"canonical":"https:\/\/tiketi.com\/fr-fr\/flights-kisumu-nairobi-kis-nbo\/","og_locale":"fr_FR","og_type":"article","og_title":"Cheap Flights Kisumu to Nairobi","og_description":"Looking for cheap flights from\u00a0Kisumu to Nairobi? Search, compare and book cheap airline ticket from Kisumu to Nairobi online","og_url":"https:\/\/tiketi.com\/fr-fr\/flights-kisumu-nairobi-kis-nbo\/","og_site_name":"Tiketi.com","article_publisher":"https:\/\/www.facebook.com\/TiketiCom\/","article_modified_time":"2022-02-09T18:31:58+00:00","og_image":[{"width":1200,"height":202,"url":"https:\/\/tiketi.com\/wp-content\/uploads\/2019\/05\/nairobi-city-3143632_1280.jpg","type":"image\/jpeg"}],"twitter_card":"summary_large_image","twitter_misc":{"Dur\u00e9e de lecture estim\u00e9e":"3 minutes"},"schema":{"@context":"https:\/\/schema.org","@graph":[{"@type":"WebPage","@id":"https:\/\/tiketi.com\/sw\/flights-kisumu-nairobi-kis-nbo\/","url":"https:\/\/tiketi.com\/sw\/flights-kisumu-nairobi-kis-nbo\/","name":"Vols pas chers Kisumu vers Nairobi","isPartOf":{"@id":"https:\/\/tiketi.com\/#website"},"primaryImageOfPage":{"@id":"https:\/\/tiketi.com\/sw\/flights-kisumu-nairobi-kis-nbo\/#primaryimage"},"image":{"@id":"https:\/\/tiketi.com\/sw\/flights-kisumu-nairobi-kis-nbo\/#primaryimage"},"thumbnailUrl":"https:\/\/tiketi.com\/wp-content\/uploads\/2019\/05\/nairobi-city-3143632_1280.jpg","datePublished":"2022-01-19T11:55:18+00:00","dateModified":"2022-02-09T18:31:58+00:00","description":"Vous recherchez des vols \u00e0 bas prix de Kisumu \u00e0 Nairobi ? Recherchez, comparez et r\u00e9servez en ligne un billet d&#039;avion pas cher de Kisumu \u00e0 Nairobi","breadcrumb":{"@id":"https:\/\/tiketi.com\/sw\/flights-kisumu-nairobi-kis-nbo\/#breadcrumb"},"inLanguage":"fr-FR","potentialAction":[{"@type":"ReadAction","target":["https:\/\/tiketi.com\/sw\/flights-kisumu-nairobi-kis-nbo\/"]}]},{"@type":"ImageObject","inLanguage":"fr-FR","@id":"https:\/\/tiketi.com\/sw\/flights-kisumu-nairobi-kis-nbo\/#primaryimage","url":"https:\/\/tiketi.com\/wp-content\/uploads\/2019\/05\/nairobi-city-3143632_1280.jpg","contentUrl":"https:\/\/tiketi.com\/wp-content\/uploads\/2019\/05\/nairobi-city-3143632_1280.jpg","width":1200,"height":202,"caption":"Air Taxi in Nairobi"},{"@type":"BreadcrumbList","@id":"https:\/\/tiketi.com\/sw\/flights-kisumu-nairobi-kis-nbo\/#breadcrumb","itemListElement":[{"@type":"ListItem","position":1,"name":"Home","item":"https:\/\/tiketi.com\/"},{"@type":"ListItem","position":2,"name":"Cheap Flights from Kisumu to Nairobi"}]},{"@type":"WebSite","@id":"https:\/\/tiketi.com\/#website","url":"https:\/\/tiketi.com\/","name":"Billets d&#039;avion et de bus, forfaits touristiques et activit\u00e9s - Tiketi.com","description":"Billets d&#039;avion et de bus, Tours, Activit\u00e9s","publisher":{"@id":"https:\/\/tiketi.com\/#organization"},"potentialAction":[{"@type":"SearchAction","target":{"@type":"EntryPoint","urlTemplate":"https:\/\/tiketi.com\/?s={search_term_string}"},"query-input":{"@type":"PropertyValueSpecification","valueRequired":true,"valueName":"search_term_string"}}],"inLanguage":"fr-FR"},{"@type":"Organization","@id":"https:\/\/tiketi.com\/#organization","name":"Tiketi.com","alternateName":"Tiketi","url":"https:\/\/tiketi.com\/","logo":{"@type":"ImageObject","inLanguage":"fr-FR","@id":"https:\/\/tiketi.com\/#\/schema\/logo\/image\/","url":"https:\/\/tiketi.com\/wp-content\/uploads\/2019\/05\/tiketi-logo-696.png","contentUrl":"https:\/\/tiketi.com\/wp-content\/uploads\/2019\/05\/tiketi-logo-696.png","width":696,"height":696,"caption":"Tiketi.com"},"image":{"@id":"https:\/\/tiketi.com\/#\/schema\/logo\/image\/"},"sameAs":["https:\/\/www.facebook.com\/TiketiCom\/"]}]}},"_links":{"self":[{"href":"https:\/\/tiketi.com\/fr-fr\/wp-json\/wp\/v2\/pages\/11854","targetHints":{"allow":["GET"]}}],"collection":[{"href":"https:\/\/tiketi.com\/fr-fr\/wp-json\/wp\/v2\/pages"}],"about":[{"href":"https:\/\/tiketi.com\/fr-fr\/wp-json\/wp\/v2\/types\/page"}],"author":[{"embeddable":true,"href":"https:\/\/tiketi.com\/fr-fr\/wp-json\/wp\/v2\/users\/1"}],"replies":[{"embeddable":true,"href":"https:\/\/tiketi.com\/fr-fr\/wp-json\/wp\/v2\/comments?post=11854"}],"version-history":[{"count":0,"href":"https:\/\/tiketi.com\/fr-fr\/wp-json\/wp\/v2\/pages\/11854\/revisions"}],"wp:featuredmedia":[{"embeddable":true,"href":"https:\/\/tiketi.com\/fr-fr\/wp-json\/wp\/v2\/media\/17853"}],"wp:attachment":[{"href":"https:\/\/tiketi.com\/fr-fr\/wp-json\/wp\/v2\/media?parent=11854"}],"curies":[{"name":"wp","href":"https:\/\/api.w.org\/{rel}","templated":true}]}}