{"id":11855,"date":"2022-01-19T12:55:18","date_gmt":"2022-01-19T11:55:18","guid":{"rendered":"https:\/\/new.tiketi.com\/cheap-flights-from-lagos-nigeria-to-nairobi\/"},"modified":"2022-02-08T17:58:53","modified_gmt":"2022-02-08T16:58:53","slug":"flights-lagos-nigeria-nairobi-los-nbo","status":"publish","type":"page","link":"https:\/\/tiketi.com\/fr-fr\/flights-lagos-nigeria-nairobi-los-nbo\/","title":{"rendered":"Vols pas chers de Lagos Nig\u00e9ria \u00e0 Nairobi"},"content":{"rendered":"<h2>Vous cherchez un billet d&#039;avion pas cher \u00e0 partir de Lagos Nig\u00e9ria pour Nairobi ou des offres de derni\u00e8re minute ?<\/h2>\n<h3>Recherchez, comparez et r\u00e9servez en ligne d\u00e8s maintenant un billet d&#039;avion pas cher de Lagos Nig\u00e9ria (LOS) \u00e0 Nairobi (NBO).<\/h3>\n<p>R\u00e9servez des vols pas chers de Lagos Nigeria \u00e0 Nairobi en ligne et \u00e9conomisez de l&#039;argent sur les billets d&#039;avion. Nairobi est une ville sp\u00e9ciale qui ne semble jamais dormir. La ville enti\u00e8re a une \u00e9nergie illimit\u00e9e et constitue un endroit remarquable o\u00f9 se trouve toute la vie humaine. Il s&#039;agit d&#039;un lieu tr\u00e8s contrast\u00e9 o\u00f9 la tribu, la race et l&#039;origine deviennent des faits propres \u00e0 Nairobi. Visitez Nairobi gr\u00e2ce \u00e0 des offres exceptionnelles sur les billets d&#039;avion de Lagos Nigeria \u00e0 Nairobi et volez des vols de Lagos Nigeria \u00e0 Nairobi \u00e0 bas prix.<\/p>\n<h2>Voici quelques-unes des meilleures attractions de Nairobi<\/h2>\n<h3>Maison Java de Nairobi<\/h3>\n<p>Vous recherchez un endroit pour organiser une r\u00e9union d&#039;affaires d\u00e9contract\u00e9e, ou tout simplement un endroit remarquable pour faire du shopping et manger un morceau pendant votre aventure\u00a0? Vous ne pouvez pas vous tromper en choisissant le meilleur caf\u00e9 torr\u00e9fi\u00e9 du pays. Servant le d\u00e9jeuner, le petit-d\u00e9jeuner et le d\u00eener, la Nairobi Java House est le meilleur endroit pour regarder les gens pendant que vous vivez des aventures bien m\u00e9rit\u00e9es.<\/p>\n<h3>Mus\u00e9e Karen Blixen<\/h3>\n<p>Le mus\u00e9e est l&#039;ancienne demeure de l&#039;auteur danois tr\u00e8s appr\u00e9ci\u00e9 de \u00ab Out of Africa \u00bb et a \u00e9t\u00e9 conserv\u00e9 dans le bon \u00e9tat dans lequel elle l&#039;a laiss\u00e9 en hommage \u00e0 une \u00e9poque diff\u00e9rente au Kenya. Vous pouvez m\u00eame voir la lanterne qu&#039;elle laissait sur la terrasse pour faire savoir \u00e0 son amant, Denis Finch Hatton, qu&#039;elle \u00e9tait \u00e0 la maison.<\/p>\n<h3>Fiducie pour la faune David Sheldrake<\/h3>\n<p>Il s\u2019agit du programme de r\u00e9habilitation et de sauvetage des \u00e9l\u00e9phants orphelins le plus r\u00e9ussi de la plan\u00e8te. \u00c0 ce jour, le DSWT a r\u00e9ussi \u00e0 \u00e9lever \u00e0 la main plus de 152 b\u00e9b\u00e9s \u00e9l\u00e9phants orphelins et continue de lutter activement contre le braconnage des rhinoc\u00e9ros et des \u00e9l\u00e9phants.<\/p>\n<h2>FAQ sur les vols pas chers de Lagos Nig\u00e9ria \u00e0 Nairobi<\/h2>\n<h3>Combien de vols directs Lagos-Nairobi sont propos\u00e9s ?<\/h3>\n<p>Il existe sept vols directs de Lagos \u00e0 Nairobi.<\/p>\n<h3>Meilleur moment pour r\u00e9server un billet d&#039;avion de Lagos Nig\u00e9ria \u00e0 Nairobi<\/h3>\n<p>En r\u00e8gle g\u00e9n\u00e9rale, le meilleur temps pour r\u00e9server un billet d&#039;avion de Lagos Nigeria \u00e0 Nairobi est de 2 mois \u00e0 l&#039;avance. Et les jours les moins chers pour voler sont le mercredi, le mardi et le samedi. Le dimanche est le plus cher.<\/p>\n<h3>Quelle est la compagnie a\u00e9rienne la plus c\u00e9l\u00e8bre proposant des vols directs pas chers de Lagos du Nigeria \u00e0 Nairobi ?<\/h3>\n<p>Kenya Airways propose des centaines de vols sans escale entre Nairobi et Lagos.<\/p>\n<h3>Quelle est la dur\u00e9e de vol entre Lagos et Nairobi ?<\/h3>\n<p>La dur\u00e9e moyenne d&#039;un vol Lagos-Nairobi est de 5 h 15 min.<\/p>\n<h3>En moyenne, combien de vols de Lagos Nig\u00e9ria \u00e0 Nairobi sont op\u00e9r\u00e9s par semaine ?<\/h3>\n<p>Il y a dix vols par semaine entre Lagos et Nairobi.<\/p>\n<h2>Conseils pour les vols de Lagos Nig\u00e9ria \u00e0 Nairobi<\/h2>\n<p>\u2022 Lagos, au Nig\u00e9ria, se trouve \u00e0 2 385 milles de Nairobi.<\/p>\n<p>\u2022 Il y a un vol quotidien de Lagos \u00e0 Nairobi.<\/p>\n<p>\u2022 Il y a deux vols hebdomadaires de Lagos \u00e0 Nairobi.<\/p>\n<p>\u2022 Kenya Airways propose le plus de vols sans escale entre Lagos et Nairobi.<\/p>\n<p>\u2022 Un vol sans escale op\u00e8re de Lagos \u00e0 Nairobi.<\/p>\n<p>\u2022 Chaque semaine, au moins 447 vols locaux et 1 635 vols mondiaux partent de l&#039;a\u00e9roport international Jomo Kenyatta.<\/p>","protected":false},"excerpt":{"rendered":"<p>Looking for cheap airline ticket from Lagos Nigeria to Nairobi\u00a0or last minute deals? Search, compare and book cheap airline ticket from Lagos Nigeria (LOS) to Nairobi (NBO) online now. Book cheap flights from Lagos Nigeria to Nairobi online and save money on airfare. Nairobi is a special city that never seems to sleep. The full [&hellip;]<\/p>\n","protected":false},"author":1,"featured_media":17853,"parent":0,"menu_order":0,"comment_status":"open","ping_status":"closed","template":"template-home-modern.php","meta":{"footnotes":""},"class_list":["post-11855","page","type-page","status-publish","has-post-thumbnail","hentry"],"yoast_head":"<!-- This site is optimized with the Yoast SEO plugin v27.3 - https:\/\/yoast.com\/product\/yoast-seo-wordpress\/ -->\n<title>Cheap Flights from\u00a0Lagos Nigeria to Nairobi<\/title>\n<meta name=\"description\" content=\"Looking for cheap flights from\u00a0Lagos Nigeria to Nairobi? Search, compare and book cheap airline ticket from Lagos Nigeria to Nairobi online\" \/>\n<meta name=\"robots\" content=\"index, follow, max-snippet:-1, max-image-preview:large, max-video-preview:-1\" \/>\n<link rel=\"canonical\" href=\"https:\/\/tiketi.com\/fr-fr\/flights-lagos-nigeria-nairobi-los-nbo\/\" \/>\n<meta property=\"og:locale\" content=\"fr_FR\" \/>\n<meta property=\"og:type\" content=\"article\" \/>\n<meta property=\"og:title\" content=\"Cheap Flights from\u00a0Lagos Nigeria to Nairobi\" \/>\n<meta property=\"og:description\" content=\"Looking for cheap flights from\u00a0Lagos Nigeria to Nairobi? Search, compare and book cheap airline ticket from Lagos Nigeria to Nairobi online\" \/>\n<meta property=\"og:url\" content=\"https:\/\/tiketi.com\/fr-fr\/flights-lagos-nigeria-nairobi-los-nbo\/\" \/>\n<meta property=\"og:site_name\" content=\"Tiketi.com\" \/>\n<meta property=\"article:publisher\" content=\"https:\/\/www.facebook.com\/TiketiCom\/\" \/>\n<meta property=\"article:modified_time\" content=\"2022-02-08T16:58:53+00:00\" \/>\n<meta property=\"og:image\" content=\"https:\/\/tiketi.com\/wp-content\/uploads\/2019\/05\/nairobi-city-3143632_1280.jpg\" \/>\n\t<meta property=\"og:image:width\" content=\"1200\" \/>\n\t<meta property=\"og:image:height\" content=\"202\" \/>\n\t<meta property=\"og:image:type\" content=\"image\/jpeg\" \/>\n<meta name=\"twitter:card\" content=\"summary_large_image\" \/>\n<meta name=\"twitter:label1\" content=\"Dur\u00e9e de lecture estim\u00e9e\" \/>\n\t<meta name=\"twitter:data1\" content=\"3 minutes\" \/>\n<script type=\"application\/ld+json\" class=\"yoast-schema-graph\">{\"@context\":\"https:\\\/\\\/schema.org\",\"@graph\":[{\"@type\":\"WebPage\",\"@id\":\"https:\\\/\\\/tiketi.com\\\/fr-fr\\\/flights-lagos-nigeria-nairobi-los-nbo\\\/\",\"url\":\"https:\\\/\\\/tiketi.com\\\/fr-fr\\\/flights-lagos-nigeria-nairobi-los-nbo\\\/\",\"name\":\"Cheap Flights from\u00a0Lagos Nigeria to Nairobi\",\"isPartOf\":{\"@id\":\"https:\\\/\\\/tiketi.com\\\/#website\"},\"primaryImageOfPage\":{\"@id\":\"https:\\\/\\\/tiketi.com\\\/fr-fr\\\/flights-lagos-nigeria-nairobi-los-nbo\\\/#primaryimage\"},\"image\":{\"@id\":\"https:\\\/\\\/tiketi.com\\\/fr-fr\\\/flights-lagos-nigeria-nairobi-los-nbo\\\/#primaryimage\"},\"thumbnailUrl\":\"https:\\\/\\\/tiketi.com\\\/wp-content\\\/uploads\\\/2019\\\/05\\\/nairobi-city-3143632_1280.jpg\",\"datePublished\":\"2022-01-19T11:55:18+00:00\",\"dateModified\":\"2022-02-08T16:58:53+00:00\",\"description\":\"Looking for cheap flights from\u00a0Lagos Nigeria to Nairobi? Search, compare and book cheap airline ticket from Lagos Nigeria to Nairobi online\",\"breadcrumb\":{\"@id\":\"https:\\\/\\\/tiketi.com\\\/fr-fr\\\/flights-lagos-nigeria-nairobi-los-nbo\\\/#breadcrumb\"},\"inLanguage\":\"fr-FR\",\"potentialAction\":[{\"@type\":\"ReadAction\",\"target\":[\"https:\\\/\\\/tiketi.com\\\/fr-fr\\\/flights-lagos-nigeria-nairobi-los-nbo\\\/\"]}]},{\"@type\":\"ImageObject\",\"inLanguage\":\"fr-FR\",\"@id\":\"https:\\\/\\\/tiketi.com\\\/fr-fr\\\/flights-lagos-nigeria-nairobi-los-nbo\\\/#primaryimage\",\"url\":\"https:\\\/\\\/tiketi.com\\\/wp-content\\\/uploads\\\/2019\\\/05\\\/nairobi-city-3143632_1280.jpg\",\"contentUrl\":\"https:\\\/\\\/tiketi.com\\\/wp-content\\\/uploads\\\/2019\\\/05\\\/nairobi-city-3143632_1280.jpg\",\"width\":1200,\"height\":202,\"caption\":\"Air Taxi in Nairobi\"},{\"@type\":\"BreadcrumbList\",\"@id\":\"https:\\\/\\\/tiketi.com\\\/fr-fr\\\/flights-lagos-nigeria-nairobi-los-nbo\\\/#breadcrumb\",\"itemListElement\":[{\"@type\":\"ListItem\",\"position\":1,\"name\":\"Home\",\"item\":\"https:\\\/\\\/tiketi.com\\\/\"},{\"@type\":\"ListItem\",\"position\":2,\"name\":\"Cheap Flights from\u00a0Lagos Nigeria to Nairobi\"}]},{\"@type\":\"WebSite\",\"@id\":\"https:\\\/\\\/tiketi.com\\\/#website\",\"url\":\"https:\\\/\\\/tiketi.com\\\/\",\"name\":\"Flight & Bus Tickets, Tour Packages & Activitites - Tiketi.com\",\"description\":\"Flight &amp; Bus Tickets, Tours, Activitites\",\"publisher\":{\"@id\":\"https:\\\/\\\/tiketi.com\\\/#organization\"},\"potentialAction\":[{\"@type\":\"SearchAction\",\"target\":{\"@type\":\"EntryPoint\",\"urlTemplate\":\"https:\\\/\\\/tiketi.com\\\/?s={search_term_string}\"},\"query-input\":{\"@type\":\"PropertyValueSpecification\",\"valueRequired\":true,\"valueName\":\"search_term_string\"}}],\"inLanguage\":\"fr-FR\"},{\"@type\":\"Organization\",\"@id\":\"https:\\\/\\\/tiketi.com\\\/#organization\",\"name\":\"Tiketi.com\",\"alternateName\":\"Tiketi\",\"url\":\"https:\\\/\\\/tiketi.com\\\/\",\"logo\":{\"@type\":\"ImageObject\",\"inLanguage\":\"fr-FR\",\"@id\":\"https:\\\/\\\/tiketi.com\\\/#\\\/schema\\\/logo\\\/image\\\/\",\"url\":\"https:\\\/\\\/tiketi.com\\\/wp-content\\\/uploads\\\/2019\\\/05\\\/tiketi-logo-696.png\",\"contentUrl\":\"https:\\\/\\\/tiketi.com\\\/wp-content\\\/uploads\\\/2019\\\/05\\\/tiketi-logo-696.png\",\"width\":696,\"height\":696,\"caption\":\"Tiketi.com\"},\"image\":{\"@id\":\"https:\\\/\\\/tiketi.com\\\/#\\\/schema\\\/logo\\\/image\\\/\"},\"sameAs\":[\"https:\\\/\\\/www.facebook.com\\\/TiketiCom\\\/\"]}]}<\/script>\n<!-- \/ Yoast SEO plugin. -->","yoast_head_json":{"title":"Vols pas chers de Lagos Nig\u00e9ria \u00e0 Nairobi","description":"Vous recherchez des vols \u00e0 bas prix au Lagos Nig\u00e9ria vers Nairobi? Recherchez, comparez et r\u00e9servez un billet d&#039;avion pas cher de Lagos Nig\u00e9ria \u00e0 Nairobi en ligne","robots":{"index":"index","follow":"follow","max-snippet":"max-snippet:-1","max-image-preview":"max-image-preview:large","max-video-preview":"max-video-preview:-1"},"canonical":"https:\/\/tiketi.com\/fr-fr\/flights-lagos-nigeria-nairobi-los-nbo\/","og_locale":"fr_FR","og_type":"article","og_title":"Cheap Flights from\u00a0Lagos Nigeria to Nairobi","og_description":"Looking for cheap flights from\u00a0Lagos Nigeria to Nairobi? Search, compare and book cheap airline ticket from Lagos Nigeria to Nairobi online","og_url":"https:\/\/tiketi.com\/fr-fr\/flights-lagos-nigeria-nairobi-los-nbo\/","og_site_name":"Tiketi.com","article_publisher":"https:\/\/www.facebook.com\/TiketiCom\/","article_modified_time":"2022-02-08T16:58:53+00:00","og_image":[{"width":1200,"height":202,"url":"https:\/\/tiketi.com\/wp-content\/uploads\/2019\/05\/nairobi-city-3143632_1280.jpg","type":"image\/jpeg"}],"twitter_card":"summary_large_image","twitter_misc":{"Dur\u00e9e de lecture estim\u00e9e":"3 minutes"},"schema":{"@context":"https:\/\/schema.org","@graph":[{"@type":"WebPage","@id":"https:\/\/tiketi.com\/fr-fr\/flights-lagos-nigeria-nairobi-los-nbo\/","url":"https:\/\/tiketi.com\/fr-fr\/flights-lagos-nigeria-nairobi-los-nbo\/","name":"Vols pas chers de Lagos Nig\u00e9ria \u00e0 Nairobi","isPartOf":{"@id":"https:\/\/tiketi.com\/#website"},"primaryImageOfPage":{"@id":"https:\/\/tiketi.com\/fr-fr\/flights-lagos-nigeria-nairobi-los-nbo\/#primaryimage"},"image":{"@id":"https:\/\/tiketi.com\/fr-fr\/flights-lagos-nigeria-nairobi-los-nbo\/#primaryimage"},"thumbnailUrl":"https:\/\/tiketi.com\/wp-content\/uploads\/2019\/05\/nairobi-city-3143632_1280.jpg","datePublished":"2022-01-19T11:55:18+00:00","dateModified":"2022-02-08T16:58:53+00:00","description":"Vous recherchez des vols \u00e0 bas prix au Lagos Nig\u00e9ria vers Nairobi? Recherchez, comparez et r\u00e9servez un billet d&#039;avion pas cher de Lagos Nig\u00e9ria \u00e0 Nairobi en ligne","breadcrumb":{"@id":"https:\/\/tiketi.com\/fr-fr\/flights-lagos-nigeria-nairobi-los-nbo\/#breadcrumb"},"inLanguage":"fr-FR","potentialAction":[{"@type":"ReadAction","target":["https:\/\/tiketi.com\/fr-fr\/flights-lagos-nigeria-nairobi-los-nbo\/"]}]},{"@type":"ImageObject","inLanguage":"fr-FR","@id":"https:\/\/tiketi.com\/fr-fr\/flights-lagos-nigeria-nairobi-los-nbo\/#primaryimage","url":"https:\/\/tiketi.com\/wp-content\/uploads\/2019\/05\/nairobi-city-3143632_1280.jpg","contentUrl":"https:\/\/tiketi.com\/wp-content\/uploads\/2019\/05\/nairobi-city-3143632_1280.jpg","width":1200,"height":202,"caption":"Air Taxi in Nairobi"},{"@type":"BreadcrumbList","@id":"https:\/\/tiketi.com\/fr-fr\/flights-lagos-nigeria-nairobi-los-nbo\/#breadcrumb","itemListElement":[{"@type":"ListItem","position":1,"name":"Home","item":"https:\/\/tiketi.com\/"},{"@type":"ListItem","position":2,"name":"Cheap Flights from\u00a0Lagos Nigeria to Nairobi"}]},{"@type":"WebSite","@id":"https:\/\/tiketi.com\/#website","url":"https:\/\/tiketi.com\/","name":"Billets d&#039;avion et de bus, forfaits touristiques et activit\u00e9s - Tiketi.com","description":"Billets d&#039;avion et de bus, Tours, Activit\u00e9s","publisher":{"@id":"https:\/\/tiketi.com\/#organization"},"potentialAction":[{"@type":"SearchAction","target":{"@type":"EntryPoint","urlTemplate":"https:\/\/tiketi.com\/?s={search_term_string}"},"query-input":{"@type":"PropertyValueSpecification","valueRequired":true,"valueName":"search_term_string"}}],"inLanguage":"fr-FR"},{"@type":"Organization","@id":"https:\/\/tiketi.com\/#organization","name":"Tiketi.com","alternateName":"Tiketi","url":"https:\/\/tiketi.com\/","logo":{"@type":"ImageObject","inLanguage":"fr-FR","@id":"https:\/\/tiketi.com\/#\/schema\/logo\/image\/","url":"https:\/\/tiketi.com\/wp-content\/uploads\/2019\/05\/tiketi-logo-696.png","contentUrl":"https:\/\/tiketi.com\/wp-content\/uploads\/2019\/05\/tiketi-logo-696.png","width":696,"height":696,"caption":"Tiketi.com"},"image":{"@id":"https:\/\/tiketi.com\/#\/schema\/logo\/image\/"},"sameAs":["https:\/\/www.facebook.com\/TiketiCom\/"]}]}},"_links":{"self":[{"href":"https:\/\/tiketi.com\/fr-fr\/wp-json\/wp\/v2\/pages\/11855","targetHints":{"allow":["GET"]}}],"collection":[{"href":"https:\/\/tiketi.com\/fr-fr\/wp-json\/wp\/v2\/pages"}],"about":[{"href":"https:\/\/tiketi.com\/fr-fr\/wp-json\/wp\/v2\/types\/page"}],"author":[{"embeddable":true,"href":"https:\/\/tiketi.com\/fr-fr\/wp-json\/wp\/v2\/users\/1"}],"replies":[{"embeddable":true,"href":"https:\/\/tiketi.com\/fr-fr\/wp-json\/wp\/v2\/comments?post=11855"}],"version-history":[{"count":0,"href":"https:\/\/tiketi.com\/fr-fr\/wp-json\/wp\/v2\/pages\/11855\/revisions"}],"wp:featuredmedia":[{"embeddable":true,"href":"https:\/\/tiketi.com\/fr-fr\/wp-json\/wp\/v2\/media\/17853"}],"wp:attachment":[{"href":"https:\/\/tiketi.com\/fr-fr\/wp-json\/wp\/v2\/media?parent=11855"}],"curies":[{"name":"wp","href":"https:\/\/api.w.org\/{rel}","templated":true}]}}