{"id":11856,"date":"2022-01-19T12:55:18","date_gmt":"2022-01-19T11:55:18","guid":{"rendered":"https:\/\/new.tiketi.com\/cheap-flights-air-taxi-from-dubai-to-ras-al-khaimah-booking\/"},"modified":"2025-08-09T12:40:13","modified_gmt":"2025-08-09T11:40:13","slug":"ras-al-khaimah","status":"publish","type":"page","link":"https:\/\/tiketi.com\/fr-fr\/flying\/air-taxi\/dubai\/to-ras-al-khaimah\/","title":{"rendered":"Taxi a\u00e9rien de Duba\u00ef \u00e0 Ras Al Khaimah R\u00e9servation en ligne"},"content":{"rendered":"<h2>Vous recherchez des vols \u00e0 bas prix de Ras Al Khaimah \u00e0 Duba\u00ef ?<\/h2>\n<h3>Recherchez, comparez et r\u00e9servez en ligne maintenant des billets d&#039;avion \u00e0 bas prix de Duba\u00ef (DXB) \u00e0 Ras Al Khaimah (RKT).<\/h3>\n<p>La r\u00e9servation en ligne d&#039;un taxi a\u00e9rien de Duba\u00ef \u00e0 Ras Al Khaimah sera bient\u00f4t possible. L&#039;application Tiketi.com vous permet de rechercher, comparer et r\u00e9server en ligne des vols pas chers de Ras Al Khaimah \u00e0 Duba\u00ef. Plac\u00e9 le long de l&#039;extr\u00e9mit\u00e9 nord de la c\u00f4te du golfe Persique des \u00c9mirats arabes unis, l&#039;\u00e9mirat de Ras Al Khaimah est plac\u00e9 entre les montagnes Hajar et le golfe Persique. Couvrant un littoral de vingt-sept milles, comprenant des plages de sable dor\u00e9 et un lagon tranquille, il partage \u00e9galement les fronti\u00e8res montagneuses d&#039;Oman. Cela fait de Ras Al Khaimah un endroit parfait pour tous les types de visiteurs. Alors trouvez et comparez les billets d&#039;avion de Duba\u00ef (DXB) \u00e0 Ras Al Khaimah (RKT) et r\u00e9servez en ligne d\u00e8s maintenant des offres exceptionnelles sur des taxis a\u00e9riens pas chers de Duba\u00ef \u00e0 Ras Al Khaimah.<\/p>\n<h3>Plages de Ras Al-Khaimah<\/h3>\n<p>Ras Al-khaimah a beaucoup pour les amateurs de soleil et les amateurs de d\u00e9tente. Le long littoral des \u00e9mirats est parsem\u00e9 de complexes de luxe offrant tous leur propre plage priv\u00e9e de sable dor\u00e9. La plupart permettront \u00e9galement aux non-invit\u00e9s d&#039;utiliser leurs installations avec un laissez-passer d&#039;une journ\u00e9e. Les plages sont bien entretenues et regorgent d&#039;installations, notamment des parasols, des chaises longues, des restaurants et des caf\u00e9s directement sur le sable, des douches d&#039;eau douce et \u00e0 peu pr\u00e8s tout ce dont vous avez besoin pour une journ\u00e9e de bronzage.<\/p>\n<h3>Monts Hajar<\/h3>\n<p>RAKs Hajar Mountains est une surprise naturelle dans la r\u00e9gion. Il descend directement dans la mer avec le point culminant plac\u00e9 au nord. La r\u00e9gion est connue sous le nom de &quot;Ru U Al-Jibal&quot;, ce qui implique des t\u00eates de montagnes. La montagne Hajar poss\u00e8de la plus grande surface d&#039;exploration de roches ign\u00e9es de la cro\u00fbte marine au monde et est tr\u00e8s appr\u00e9ci\u00e9e des g\u00e9ologues.<\/p>\n<h3>Mus\u00e9e national de Ras Al Khaimah<\/h3>\n<p>L&#039;une des plus grandes merveilles arch\u00e9ologiques et l&#039;histoire de longue date de la ville peuvent \u00eatre rassembl\u00e9es par une visite au Mus\u00e9e national, qui \u00e9tait autrefois le fort et la maison du souverain RAK.<\/p>\n<h2>Taxi a\u00e9rien pas cher de Duba\u00ef \u00e0 Ras Al Khaimah FAQ sur la r\u00e9servation en ligne<\/h2>\n<h3>Quelle est la distance entre Duba\u00ef et Sharjah ?<\/h3>\n<p>La distance du taxi drone de Duba\u00ef au vol Ras Al Khaimah est de 94 km (58 miles).<\/p>\n<h3>Quelle est la dur\u00e9e des vols pas chers de Ras Al Khaimah \u00e0 Duba\u00ef ?<\/h3>\n<p>La dur\u00e9e moyenne d&#039;un vol Duba\u00ef-Charjah est de 00:20 minutes.<\/p>\n<h3>Que sont les taxis volants \u00e9lectriques eVLTO de Duba\u00ef \u00e0 Ras Al Khaimah ?<\/h3>\n<p><!--{cke_protected}{C}%3C!%2D%2D%20%2Fwp%3Aheading%20%2D%2D%3E--><!--{cke_protected}{C}%3C!%2D%2D%20wp%3Aparagraph%20%2D%2D%3E-->Les taxis volants \u00e9lectriques de Duba\u00ef \u00e0 Ras Al Khaimah, appel\u00e9s eVTOL (d\u00e9collage et atterrissage verticaux \u00e9lectriques), sont con\u00e7us pour transporter des personnes dans l&#039;atmosph\u00e8re urbaine et citadine.<\/p>\n<h3>Les taxis a\u00e9riens \u00e9lectriques de Duba\u00ef \u00e0 Ras Al Khaimah sont des transports publics \u00e0 grande vitesse<\/h3>\n<p><!--{cke_protected}{C}%3C!%2D%2D%20%2Fwp%3Aheading%20%2D%2D%3E--><!--{cke_protected}{C}%3C!%2D%2D%20wp%3Aparagraph%20%2D%2D%3E-->Le meilleur avantage des drones taxis a\u00e9riens de Duba\u00ef \u00e0 Ras Al Khaimah est sa grande vitesse. C&#039;est le mode de transport le plus rapide et donc le moyen le plus parfait o\u00f9 le temps est un facteur vital.<\/p>\n<h3>Le taxi volant par drone de Duba\u00ef \u00e0 Ras Al Khaimah a de tr\u00e8s faibles \u00e9missions de carbone<\/h3>\n<p>Les taxis drones de Duba\u00ef aux producteurs de Ras Al Khaimah utilisent l&#039;\u00e9lectricit\u00e9 pour alimenter leurs v\u00e9hicules. Ainsi, les taxis drones n&#039;\u00e9mettront pas de gaz \u00e0 effet de serre. Par cons\u00e9quent, ces taxis peuvent contribuer \u00e0 r\u00e9duire l&#039;impact du changement climatique. Alors r\u00e9servez votre taxi avec l&#039;aide d&#039;un taxi drone de Duba\u00ef \u00e0 Ras Al Khaimah maintenant.<\/p>\n<h2>Vols bon march\u00e9 de Ras Al Khaimah \u00e0 Duba\u00ef<\/h2>\n<p>Les vols pas chers avec drone de Ras Al Khaimah \u00e0 Duba\u00ef offrent le plus de vols sans escale entre Sharjah et Duba\u00ef.<\/p>\n<h2>Autres vols populaires en taxi a\u00e9rien<\/h2>\n<table border=\"0\" cellspacing=\"1\" cellpadding=\"1\">\n<tbody>\n<tr>\n<td>Bon march\u00e9 <a href=\"https:\/\/tiketi.com\/fr-fr\/volants\/taxi-aerien\/abu-dhabi\/\" target=\"_blank\" rel=\"noopener\">taxi a\u00e9rien \u00e0 Abu Dhabi<\/a><\/td>\n<td style=\"width: 30px;\"><\/td>\n<td>Bon march\u00e9 <a href=\"https:\/\/tiketi.com\/fr-fr\/volants\/taxi-aerien\/uae-united-arab-emirates\/\" target=\"_blank\" rel=\"noopener\">taxi a\u00e9rien \u00e0 Duba\u00ef<\/a><\/td>\n<td style=\"width: 30px;\"><\/td>\n<td>Bon march\u00e9 <a href=\"https:\/\/tiketi.com\/fr-fr\/volants\/taxi-aerien\/uae-united-arab-emirates\/\" target=\"_blank\" rel=\"noopener\">taxi a\u00e9rien aux \u00c9mirats arabes unis<\/a><\/td>\n<\/tr>\n<tr>\n<td>Bon march\u00e9 <a href=\"https:\/\/tiketi.com\/fr-fr\/volants\/taxi-aerien\/singapore\/\" target=\"_blank\" rel=\"noopener\">taxi a\u00e9rien \u00e0 Singapour<\/a><\/td>\n<td style=\"width: 30px;\"><\/td>\n<td>Bon march\u00e9 <a href=\"https:\/\/tiketi.com\/fr-fr\/volants\/taxi-aerien\/new-york-nyc\/\" target=\"_blank\" rel=\"noopener\">taxi a\u00e9rien \u00e0 New York<\/a><\/td>\n<td style=\"width: 30px;\"><\/td>\n<td>Bon march\u00e9 <a href=\"https:\/\/tiketi.com\/fr-fr\/volants\/taxi-aerien\/paris\/\" target=\"_blank\" rel=\"noopener\">taxi a\u00e9rien \u00e0 Paris<\/a><\/td>\n<\/tr>\n<tr>\n<td>Bon march\u00e9 <a href=\"https:\/\/tiketi.com\/fr-fr\/volants\/taxi-aerien\/sydney\/\" target=\"_blank\" rel=\"noopener\">taxi a\u00e9rien \u00e0 Sydney<\/a><\/td>\n<td style=\"width: 30px;\"><\/td>\n<td>Bon march\u00e9 <a href=\"https:\/\/tiketi.com\/fr-fr\/volants\/taxi-aerien\/london\/\" target=\"_blank\" rel=\"noopener\">taxi a\u00e9rien \u00e0 Londres<\/a><\/td>\n<td style=\"width: 30px;\"><\/td>\n<td>Bon march\u00e9 <a href=\"https:\/\/tiketi.com\/fr-fr\/volants\/taxi-aerien\/hong-kong\/\" target=\"_blank\" rel=\"noopener\">taxi a\u00e9rien \u00e0 Hong Kong<\/a><\/td>\n<\/tr>\n<\/tbody>\n<\/table>\n<h2><\/h2>","protected":false},"excerpt":{"rendered":"<p>Looking for cheap flights from Ras Al Khaimah to Dubai? Search, compare and book cheap flight tickets from Dubai (DXB) to Ras Al Khaimah (RKT) online now. Air taxi from Dubai to Ras Al Khaimah online booking will be possible soon. The Tiketi.com app helps you search, compare and book cheap flights from Ras Al [&hellip;]<\/p>\n","protected":false},"author":1,"featured_media":16474,"parent":25621,"menu_order":0,"comment_status":"open","ping_status":"closed","template":"template-home-modern.php","meta":{"footnotes":""},"class_list":["post-11856","page","type-page","status-publish","has-post-thumbnail","hentry"],"yoast_head":"<!-- This site is optimized with the Yoast SEO plugin v27.3 - https:\/\/yoast.com\/product\/yoast-seo-wordpress\/ -->\n<title>Air Taxi from Dubai to Ras Al Khaimah Online Booking<\/title>\n<meta name=\"description\" content=\"Looking for cheap air taxi from\u00a0Dubai to Ras Al Khaimah online booking app? Compare and book cheap flights from Ras Al Khaimah to Dubai\" \/>\n<meta name=\"robots\" content=\"index, follow, max-snippet:-1, max-image-preview:large, max-video-preview:-1\" \/>\n<link rel=\"canonical\" href=\"https:\/\/tiketi.com\/fr-fr\/flying\/air-taxi\/dubai\/to-ras-al-khaimah\/\" \/>\n<meta property=\"og:locale\" content=\"fr_FR\" \/>\n<meta property=\"og:type\" content=\"article\" \/>\n<meta property=\"og:title\" content=\"Air Taxi from Dubai to Ras Al Khaimah Online Booking\" \/>\n<meta property=\"og:description\" content=\"Looking for cheap air taxi from\u00a0Dubai to Ras Al Khaimah online booking app? Compare and book cheap flights from Ras Al Khaimah to Dubai\" \/>\n<meta property=\"og:url\" content=\"https:\/\/tiketi.com\/fr-fr\/flying\/air-taxi\/dubai\/to-ras-al-khaimah\/\" \/>\n<meta property=\"og:site_name\" content=\"Tiketi.com\" \/>\n<meta property=\"article:publisher\" content=\"https:\/\/www.facebook.com\/TiketiCom\/\" \/>\n<meta property=\"article:modified_time\" content=\"2025-08-09T11:40:13+00:00\" \/>\n<meta property=\"og:image\" content=\"https:\/\/tiketi.com\/wp-content\/uploads\/2022\/02\/dubai-skyline-buildings-183.jpg\" \/>\n\t<meta property=\"og:image:width\" content=\"1200\" \/>\n\t<meta property=\"og:image:height\" content=\"202\" \/>\n\t<meta property=\"og:image:type\" content=\"image\/jpeg\" \/>\n<meta name=\"twitter:card\" content=\"summary_large_image\" \/>\n<meta name=\"twitter:label1\" content=\"Dur\u00e9e de lecture estim\u00e9e\" \/>\n\t<meta name=\"twitter:data1\" content=\"3 minutes\" \/>\n<script type=\"application\/ld+json\" class=\"yoast-schema-graph\">{\"@context\":\"https:\\\/\\\/schema.org\",\"@graph\":[{\"@type\":\"WebPage\",\"@id\":\"https:\\\/\\\/tiketi.com\\\/flying\\\/air-taxi\\\/dubai\\\/to-ras-al-khaimah\\\/\",\"url\":\"https:\\\/\\\/tiketi.com\\\/flying\\\/air-taxi\\\/dubai\\\/to-ras-al-khaimah\\\/\",\"name\":\"Air Taxi from Dubai to Ras Al Khaimah Online Booking\",\"isPartOf\":{\"@id\":\"https:\\\/\\\/tiketi.com\\\/#website\"},\"primaryImageOfPage\":{\"@id\":\"https:\\\/\\\/tiketi.com\\\/flying\\\/air-taxi\\\/dubai\\\/to-ras-al-khaimah\\\/#primaryimage\"},\"image\":{\"@id\":\"https:\\\/\\\/tiketi.com\\\/flying\\\/air-taxi\\\/dubai\\\/to-ras-al-khaimah\\\/#primaryimage\"},\"thumbnailUrl\":\"https:\\\/\\\/tiketi.com\\\/wp-content\\\/uploads\\\/2022\\\/02\\\/dubai-skyline-buildings-183.jpg\",\"datePublished\":\"2022-01-19T11:55:18+00:00\",\"dateModified\":\"2025-08-09T11:40:13+00:00\",\"description\":\"Looking for cheap air taxi from\u00a0Dubai to Ras Al Khaimah online booking app? Compare and book cheap flights from Ras Al Khaimah to Dubai\",\"breadcrumb\":{\"@id\":\"https:\\\/\\\/tiketi.com\\\/flying\\\/air-taxi\\\/dubai\\\/to-ras-al-khaimah\\\/#breadcrumb\"},\"inLanguage\":\"fr-FR\",\"potentialAction\":[{\"@type\":\"ReadAction\",\"target\":[\"https:\\\/\\\/tiketi.com\\\/flying\\\/air-taxi\\\/dubai\\\/to-ras-al-khaimah\\\/\"]}]},{\"@type\":\"ImageObject\",\"inLanguage\":\"fr-FR\",\"@id\":\"https:\\\/\\\/tiketi.com\\\/flying\\\/air-taxi\\\/dubai\\\/to-ras-al-khaimah\\\/#primaryimage\",\"url\":\"https:\\\/\\\/tiketi.com\\\/wp-content\\\/uploads\\\/2022\\\/02\\\/dubai-skyline-buildings-183.jpg\",\"contentUrl\":\"https:\\\/\\\/tiketi.com\\\/wp-content\\\/uploads\\\/2022\\\/02\\\/dubai-skyline-buildings-183.jpg\",\"width\":1200,\"height\":202,\"caption\":\"Air Taxi in Dubai\"},{\"@type\":\"BreadcrumbList\",\"@id\":\"https:\\\/\\\/tiketi.com\\\/flying\\\/air-taxi\\\/dubai\\\/to-ras-al-khaimah\\\/#breadcrumb\",\"itemListElement\":[{\"@type\":\"ListItem\",\"position\":1,\"name\":\"Home\",\"item\":\"https:\\\/\\\/tiketi.com\\\/\"},{\"@type\":\"ListItem\",\"position\":2,\"name\":\"Flying\",\"item\":\"https:\\\/\\\/tiketi.com\\\/fr-fr\\\/volants\\\/\"},{\"@type\":\"ListItem\",\"position\":3,\"name\":\"Air Taxi\",\"item\":\"https:\\\/\\\/tiketi.com\\\/flying\\\/air-taxi\\\/\"},{\"@type\":\"ListItem\",\"position\":4,\"name\":\"Air Taxi from Dubai to Ras Al Khaimah Online Booking\"}]},{\"@type\":\"WebSite\",\"@id\":\"https:\\\/\\\/tiketi.com\\\/#website\",\"url\":\"https:\\\/\\\/tiketi.com\\\/\",\"name\":\"Flight & Bus Tickets, Tour Packages & Activitites - Tiketi.com\",\"description\":\"Flight &amp; Bus Tickets, Tours, Activitites\",\"publisher\":{\"@id\":\"https:\\\/\\\/tiketi.com\\\/#organization\"},\"potentialAction\":[{\"@type\":\"SearchAction\",\"target\":{\"@type\":\"EntryPoint\",\"urlTemplate\":\"https:\\\/\\\/tiketi.com\\\/?s={search_term_string}\"},\"query-input\":{\"@type\":\"PropertyValueSpecification\",\"valueRequired\":true,\"valueName\":\"search_term_string\"}}],\"inLanguage\":\"fr-FR\"},{\"@type\":\"Organization\",\"@id\":\"https:\\\/\\\/tiketi.com\\\/#organization\",\"name\":\"Tiketi.com\",\"alternateName\":\"Tiketi\",\"url\":\"https:\\\/\\\/tiketi.com\\\/\",\"logo\":{\"@type\":\"ImageObject\",\"inLanguage\":\"fr-FR\",\"@id\":\"https:\\\/\\\/tiketi.com\\\/#\\\/schema\\\/logo\\\/image\\\/\",\"url\":\"https:\\\/\\\/tiketi.com\\\/wp-content\\\/uploads\\\/2019\\\/05\\\/tiketi-logo-696.png\",\"contentUrl\":\"https:\\\/\\\/tiketi.com\\\/wp-content\\\/uploads\\\/2019\\\/05\\\/tiketi-logo-696.png\",\"width\":696,\"height\":696,\"caption\":\"Tiketi.com\"},\"image\":{\"@id\":\"https:\\\/\\\/tiketi.com\\\/#\\\/schema\\\/logo\\\/image\\\/\"},\"sameAs\":[\"https:\\\/\\\/www.facebook.com\\\/TiketiCom\\\/\"]}]}<\/script>\n<!-- \/ Yoast SEO plugin. -->","yoast_head_json":{"title":"Taxi a\u00e9rien de Duba\u00ef \u00e0 Ras Al Khaimah R\u00e9servation en ligne","description":"Vous recherchez une application de r\u00e9servation en ligne de taxi a\u00e9rien pas cher de Duba\u00ef \u00e0 Ras Al Khaimah? Comparez et r\u00e9servez des vols pas chers de Ras Al Khaimah \u00e0 Duba\u00ef","robots":{"index":"index","follow":"follow","max-snippet":"max-snippet:-1","max-image-preview":"max-image-preview:large","max-video-preview":"max-video-preview:-1"},"canonical":"https:\/\/tiketi.com\/fr-fr\/flying\/air-taxi\/dubai\/to-ras-al-khaimah\/","og_locale":"fr_FR","og_type":"article","og_title":"Air Taxi from Dubai to Ras Al Khaimah Online Booking","og_description":"Looking for cheap air taxi from\u00a0Dubai to Ras Al Khaimah online booking app? Compare and book cheap flights from Ras Al Khaimah to Dubai","og_url":"https:\/\/tiketi.com\/fr-fr\/flying\/air-taxi\/dubai\/to-ras-al-khaimah\/","og_site_name":"Tiketi.com","article_publisher":"https:\/\/www.facebook.com\/TiketiCom\/","article_modified_time":"2025-08-09T11:40:13+00:00","og_image":[{"width":1200,"height":202,"url":"https:\/\/tiketi.com\/wp-content\/uploads\/2022\/02\/dubai-skyline-buildings-183.jpg","type":"image\/jpeg"}],"twitter_card":"summary_large_image","twitter_misc":{"Dur\u00e9e de lecture estim\u00e9e":"3 minutes"},"schema":{"@context":"https:\/\/schema.org","@graph":[{"@type":"WebPage","@id":"https:\/\/tiketi.com\/flying\/air-taxi\/dubai\/to-ras-al-khaimah\/","url":"https:\/\/tiketi.com\/flying\/air-taxi\/dubai\/to-ras-al-khaimah\/","name":"Taxi a\u00e9rien de Duba\u00ef \u00e0 Ras Al Khaimah R\u00e9servation en ligne","isPartOf":{"@id":"https:\/\/tiketi.com\/#website"},"primaryImageOfPage":{"@id":"https:\/\/tiketi.com\/flying\/air-taxi\/dubai\/to-ras-al-khaimah\/#primaryimage"},"image":{"@id":"https:\/\/tiketi.com\/flying\/air-taxi\/dubai\/to-ras-al-khaimah\/#primaryimage"},"thumbnailUrl":"https:\/\/tiketi.com\/wp-content\/uploads\/2022\/02\/dubai-skyline-buildings-183.jpg","datePublished":"2022-01-19T11:55:18+00:00","dateModified":"2025-08-09T11:40:13+00:00","description":"Vous recherchez une application de r\u00e9servation en ligne de taxi a\u00e9rien pas cher de Duba\u00ef \u00e0 Ras Al Khaimah? Comparez et r\u00e9servez des vols pas chers de Ras Al Khaimah \u00e0 Duba\u00ef","breadcrumb":{"@id":"https:\/\/tiketi.com\/flying\/air-taxi\/dubai\/to-ras-al-khaimah\/#breadcrumb"},"inLanguage":"fr-FR","potentialAction":[{"@type":"ReadAction","target":["https:\/\/tiketi.com\/flying\/air-taxi\/dubai\/to-ras-al-khaimah\/"]}]},{"@type":"ImageObject","inLanguage":"fr-FR","@id":"https:\/\/tiketi.com\/flying\/air-taxi\/dubai\/to-ras-al-khaimah\/#primaryimage","url":"https:\/\/tiketi.com\/wp-content\/uploads\/2022\/02\/dubai-skyline-buildings-183.jpg","contentUrl":"https:\/\/tiketi.com\/wp-content\/uploads\/2022\/02\/dubai-skyline-buildings-183.jpg","width":1200,"height":202,"caption":"Air Taxi in Dubai"},{"@type":"BreadcrumbList","@id":"https:\/\/tiketi.com\/flying\/air-taxi\/dubai\/to-ras-al-khaimah\/#breadcrumb","itemListElement":[{"@type":"ListItem","position":1,"name":"Home","item":"https:\/\/tiketi.com\/"},{"@type":"ListItem","position":2,"name":"Flying","item":"https:\/\/tiketi.com\/fr-fr\/volants\/"},{"@type":"ListItem","position":3,"name":"Air Taxi","item":"https:\/\/tiketi.com\/flying\/air-taxi\/"},{"@type":"ListItem","position":4,"name":"Air Taxi from Dubai to Ras Al Khaimah Online Booking"}]},{"@type":"WebSite","@id":"https:\/\/tiketi.com\/#website","url":"https:\/\/tiketi.com\/","name":"Billets d&#039;avion et de bus, forfaits touristiques et activit\u00e9s - Tiketi.com","description":"Billets d&#039;avion et de bus, Tours, Activit\u00e9s","publisher":{"@id":"https:\/\/tiketi.com\/#organization"},"potentialAction":[{"@type":"SearchAction","target":{"@type":"EntryPoint","urlTemplate":"https:\/\/tiketi.com\/?s={search_term_string}"},"query-input":{"@type":"PropertyValueSpecification","valueRequired":true,"valueName":"search_term_string"}}],"inLanguage":"fr-FR"},{"@type":"Organization","@id":"https:\/\/tiketi.com\/#organization","name":"Tiketi.com","alternateName":"Tiketi","url":"https:\/\/tiketi.com\/","logo":{"@type":"ImageObject","inLanguage":"fr-FR","@id":"https:\/\/tiketi.com\/#\/schema\/logo\/image\/","url":"https:\/\/tiketi.com\/wp-content\/uploads\/2019\/05\/tiketi-logo-696.png","contentUrl":"https:\/\/tiketi.com\/wp-content\/uploads\/2019\/05\/tiketi-logo-696.png","width":696,"height":696,"caption":"Tiketi.com"},"image":{"@id":"https:\/\/tiketi.com\/#\/schema\/logo\/image\/"},"sameAs":["https:\/\/www.facebook.com\/TiketiCom\/"]}]}},"_links":{"self":[{"href":"https:\/\/tiketi.com\/fr-fr\/wp-json\/wp\/v2\/pages\/11856","targetHints":{"allow":["GET"]}}],"collection":[{"href":"https:\/\/tiketi.com\/fr-fr\/wp-json\/wp\/v2\/pages"}],"about":[{"href":"https:\/\/tiketi.com\/fr-fr\/wp-json\/wp\/v2\/types\/page"}],"author":[{"embeddable":true,"href":"https:\/\/tiketi.com\/fr-fr\/wp-json\/wp\/v2\/users\/1"}],"replies":[{"embeddable":true,"href":"https:\/\/tiketi.com\/fr-fr\/wp-json\/wp\/v2\/comments?post=11856"}],"version-history":[{"count":2,"href":"https:\/\/tiketi.com\/fr-fr\/wp-json\/wp\/v2\/pages\/11856\/revisions"}],"predecessor-version":[{"id":32518,"href":"https:\/\/tiketi.com\/fr-fr\/wp-json\/wp\/v2\/pages\/11856\/revisions\/32518"}],"up":[{"embeddable":true,"href":"https:\/\/tiketi.com\/fr-fr\/wp-json\/wp\/v2\/pages\/25621"}],"wp:featuredmedia":[{"embeddable":true,"href":"https:\/\/tiketi.com\/fr-fr\/wp-json\/wp\/v2\/media\/16474"}],"wp:attachment":[{"href":"https:\/\/tiketi.com\/fr-fr\/wp-json\/wp\/v2\/media?parent=11856"}],"curies":[{"name":"wp","href":"https:\/\/api.w.org\/{rel}","templated":true}]}}