{"id":11857,"date":"2022-01-19T12:55:18","date_gmt":"2022-01-19T11:55:18","guid":{"rendered":"https:\/\/new.tiketi.com\/cheap-flights-from-johannesburg-to-luanda\/"},"modified":"2022-02-08T14:52:00","modified_gmt":"2022-02-08T13:52:00","slug":"flights-johannesburg-luanda-jnb-lad","status":"publish","type":"page","link":"https:\/\/tiketi.com\/fr-fr\/flights-johannesburg-luanda-jnb-lad\/","title":{"rendered":"Vols \u00e0 bas prix de Johannesbourg \u00e0 Luanda"},"content":{"rendered":"<h2>Vous recherchez un billet d&#039;avion pas cher Johannesbourg - Luanda ou des offres de derni\u00e8re minute ?<\/h2>\n<h3>Recherchez, comparez et r\u00e9servez en ligne maintenant un billet d&#039;avion pas cher entre Johannesbourg (JNB) et Luanda (LAD).<\/h3>\n<p>R\u00e9servez en ligne des vols \u00e0 bas prix de Johannesbourg \u00e0 Luanda et \u00e9conomisez de l&#039;argent sur les billets d&#039;avion. Luanda est une ville situ\u00e9e au sud-ouest de l&#039;Afrique, sur la c\u00f4te de l&#039;oc\u00e9an Atlantique, pr\u00e8s de l&#039;embouchure du fleuve Cuango. Luanda est la capitale de l&#039;Angola. Visitez Londres gr\u00e2ce \u00e0 des offres exceptionnelles sur les billets d&#039;avion de Johannesbourg \u00e0 Luanda et volez Johannesbourg \u00e0 Luanda \u00e0 bas prix.<\/p>\n<h2>Voici quelques-unes des meilleures attractions de Londres<\/h2>\n<p>Les villes haute et basse sont divis\u00e9es par une terrasse c\u00f4ti\u00e8re en planches, haute de plusieurs dixi\u00e8mes de m\u00e8tres. La ville haute propose une abondance de maisons vertes avec des v\u00e9randas et des tourelles. C&#039;est aussi le lieu des agences gouvernementales, du parlement, de la cath\u00e9drale, du palais du pr\u00e9sident et de l&#039;\u00e9v\u00eaque, du s\u00e9minaire et de l&#039;Universit\u00e9 d&#039;Angola.<\/p>\n<p>Parmi les plages les plus c\u00e9l\u00e8bres de Luanda figurent Belas, Ile, Mussulu et Corymbia. Pr\u00e8s de la c\u00f4te de l&#039;une des plages se trouve une petite \u00eele aux palmiers, qui choque traditionnellement les visiteurs par sa beaut\u00e9.<\/p>\n<p>Une collection extr\u00eamement \u00e9tonnante d&#039;expositions ethnographiques et historiques est pr\u00e9sent\u00e9e au mus\u00e9e Dundu. Ses visiteurs pourront voir de charmants v\u00eatements nationaux que les habitants portaient il y a des centaines d&#039;ann\u00e9es et explorer la collection d&#039;objets qui \u00e9taient et de fournitures rituelles. Ce mus\u00e9e pr\u00e9sente une \u00e9tonnante collection d&#039;artefacts historiques t\u00e9moins de nombreux \u00e9v\u00e9nements historiques vitaux.<\/p>\n<p>Sur le territoire de la Ville Haute, est plac\u00e9e l&#039;Acad\u00e9mie de Musique. Ce sera incroyable pour toute personne int\u00e9ress\u00e9e par la musique classique \u00e0 visiter.<\/p>\n<h2>FAQ sur les vols pas chers de Johannesbourg \u00e0 Luanda<\/h2>\n<h3>Combien de temps dure le vol entre Luanda et Johannesbourg?<\/h3>\n<p>La dur\u00e9e moyenne d&#039;un vol Johannesbourg-Luanda est de 3 h 30 min.<\/p>\n<h3>Combien de compagnies a\u00e9riennes proposent des vols directs Johannesbourg - Luanda ?<\/h3>\n<p>Deux compagnies a\u00e9riennes op\u00e8rent des vols directs entre Johannesbourg et Luanda.<\/p>\n<h3>Combien de vols y a-t-il par semaine entre Johannesbourg et Luanda ?<\/h3>\n<p>Il y a dix-huit vols par semaine entre Johannesburg et Luanda.<\/p>\n<h3>Le meilleur moment pour r\u00e9server un billet d&#039;avion pas cher de Johannesbourg \u00e0 Luanda.<\/h3>\n<p>G\u00e9n\u00e9ralement, le meilleur temps de vol de Johannesbourg \u00e0 Luanda est de 2 mois \u00e0 l&#039;avance. Et les jours les moins chers pour voler sont le mercredi, le mardi et le samedi. Le samedi est le plus cher.<\/p>\n<h3>Quelle est la compagnie a\u00e9rienne la plus c\u00e9l\u00e8bre pour les vols directs Johannesbourg - Luanda ?<\/h3>\n<p>South African Airways propose 63 des vols pas chers sans escale de Luanda \u00e0 Johannesburg.<\/p>\n<h2>Conseils de vol de Johannesbourg \u00e0 Luanda<\/h2>\n<p>\u2022 Johannesburg, Afrique du Sud est \u00e0 2 550 milles de Luanda.<\/p>\n<p>\u2022 Il y a deux vols pas chers quotidiens entre Johannesburg et Luanda.<\/p>\n<p>\u2022 Il y a quatre vols hebdomadaires de Johannesburg \u00e0 Luanda.<\/p>\n<p>\u2022 Deux vols sans escale op\u00e8rent de Johannesburg \u00e0 Luanda.<\/p>\n<p>\u2022 Windhoek, Namibie \u2013 Hosea Kutako Intl est le lien le plus c\u00e9l\u00e8bre pour les vols \u00e0 escale entre Luanda et Johannesburg.<\/p>\n<p>\u2022 TAAG Angola Airlines propose le plus de vols sans escale de Johannesburg \u00e0 Luanda bon march\u00e9.<\/p>","protected":false},"excerpt":{"rendered":"<p>Looking for cheap airline ticket from Johannesburg to Luanda\u00a0or last minute deals? Search, compare and book cheap airline ticket from Johannesburg (JNB) to Luanda (LAD) online now. Book cheap flights from Johannesburg to Luanda online and save money on airfare. Luanda is a city placed in the south-west of Africa, on the coast of Atlantic [&hellip;]<\/p>\n","protected":false},"author":1,"featured_media":14041,"parent":0,"menu_order":0,"comment_status":"open","ping_status":"closed","template":"template-home-modern.php","meta":{"footnotes":""},"class_list":["post-11857","page","type-page","status-publish","has-post-thumbnail","hentry"],"yoast_head":"<!-- This site is optimized with the Yoast SEO plugin v27.3 - https:\/\/yoast.com\/product\/yoast-seo-wordpress\/ -->\n<title>Cheap Flights from\u00a0Johannesburg to Luanda<\/title>\n<meta name=\"description\" content=\"Looking for cheap flights from\u00a0Johannesburg to Luanda? Search, compare and book cheap airline ticket from Johannesburg to Luanda online\" \/>\n<meta name=\"robots\" content=\"index, follow, max-snippet:-1, max-image-preview:large, max-video-preview:-1\" \/>\n<link rel=\"canonical\" href=\"https:\/\/tiketi.com\/fr-fr\/flights-johannesburg-luanda-jnb-lad\/\" \/>\n<meta property=\"og:locale\" content=\"fr_FR\" \/>\n<meta property=\"og:type\" content=\"article\" \/>\n<meta property=\"og:title\" content=\"Cheap Flights from\u00a0Johannesburg to Luanda\" \/>\n<meta property=\"og:description\" content=\"Looking for cheap flights from\u00a0Johannesburg to Luanda? Search, compare and book cheap airline ticket from Johannesburg to Luanda online\" \/>\n<meta property=\"og:url\" content=\"https:\/\/tiketi.com\/fr-fr\/flights-johannesburg-luanda-jnb-lad\/\" \/>\n<meta property=\"og:site_name\" content=\"Tiketi.com\" \/>\n<meta property=\"article:publisher\" content=\"https:\/\/www.facebook.com\/TiketiCom\/\" \/>\n<meta property=\"article:modified_time\" content=\"2022-02-08T13:52:00+00:00\" \/>\n<meta property=\"og:image\" content=\"https:\/\/tiketi.com\/wp-content\/uploads\/2022\/01\/flight-ticket-booking-sorasak-KxCJXXGsv9I-unsplas.jpg\" \/>\n\t<meta property=\"og:image:width\" content=\"1200\" \/>\n\t<meta property=\"og:image:height\" content=\"240\" \/>\n\t<meta property=\"og:image:type\" content=\"image\/jpeg\" \/>\n<meta name=\"twitter:card\" content=\"summary_large_image\" \/>\n<meta name=\"twitter:label1\" content=\"Dur\u00e9e de lecture estim\u00e9e\" \/>\n\t<meta name=\"twitter:data1\" content=\"3 minutes\" \/>\n<script type=\"application\/ld+json\" class=\"yoast-schema-graph\">{\"@context\":\"https:\\\/\\\/schema.org\",\"@graph\":[{\"@type\":\"WebPage\",\"@id\":\"https:\\\/\\\/tiketi.com\\\/flights-johannesburg-luanda-jnb-lad\\\/\",\"url\":\"https:\\\/\\\/tiketi.com\\\/flights-johannesburg-luanda-jnb-lad\\\/\",\"name\":\"Cheap Flights from\u00a0Johannesburg to Luanda\",\"isPartOf\":{\"@id\":\"https:\\\/\\\/tiketi.com\\\/#website\"},\"primaryImageOfPage\":{\"@id\":\"https:\\\/\\\/tiketi.com\\\/flights-johannesburg-luanda-jnb-lad\\\/#primaryimage\"},\"image\":{\"@id\":\"https:\\\/\\\/tiketi.com\\\/flights-johannesburg-luanda-jnb-lad\\\/#primaryimage\"},\"thumbnailUrl\":\"https:\\\/\\\/tiketi.com\\\/wp-content\\\/uploads\\\/2022\\\/01\\\/flight-ticket-booking-sorasak-KxCJXXGsv9I-unsplas.jpg\",\"datePublished\":\"2022-01-19T11:55:18+00:00\",\"dateModified\":\"2022-02-08T13:52:00+00:00\",\"description\":\"Looking for cheap flights from\u00a0Johannesburg to Luanda? Search, compare and book cheap airline ticket from Johannesburg to Luanda online\",\"breadcrumb\":{\"@id\":\"https:\\\/\\\/tiketi.com\\\/flights-johannesburg-luanda-jnb-lad\\\/#breadcrumb\"},\"inLanguage\":\"fr-FR\",\"potentialAction\":[{\"@type\":\"ReadAction\",\"target\":[\"https:\\\/\\\/tiketi.com\\\/flights-johannesburg-luanda-jnb-lad\\\/\"]}]},{\"@type\":\"ImageObject\",\"inLanguage\":\"fr-FR\",\"@id\":\"https:\\\/\\\/tiketi.com\\\/flights-johannesburg-luanda-jnb-lad\\\/#primaryimage\",\"url\":\"https:\\\/\\\/tiketi.com\\\/wp-content\\\/uploads\\\/2022\\\/01\\\/flight-ticket-booking-sorasak-KxCJXXGsv9I-unsplas.jpg\",\"contentUrl\":\"https:\\\/\\\/tiketi.com\\\/wp-content\\\/uploads\\\/2022\\\/01\\\/flight-ticket-booking-sorasak-KxCJXXGsv9I-unsplas.jpg\",\"width\":1200,\"height\":240,\"caption\":\"Online flight ticket booking\"},{\"@type\":\"BreadcrumbList\",\"@id\":\"https:\\\/\\\/tiketi.com\\\/flights-johannesburg-luanda-jnb-lad\\\/#breadcrumb\",\"itemListElement\":[{\"@type\":\"ListItem\",\"position\":1,\"name\":\"Home\",\"item\":\"https:\\\/\\\/tiketi.com\\\/\"},{\"@type\":\"ListItem\",\"position\":2,\"name\":\"Cheap Flights from\u00a0Johannesburg to Luanda\"}]},{\"@type\":\"WebSite\",\"@id\":\"https:\\\/\\\/tiketi.com\\\/#website\",\"url\":\"https:\\\/\\\/tiketi.com\\\/\",\"name\":\"Flight & Bus Tickets, Tour Packages & Activitites - Tiketi.com\",\"description\":\"Flight &amp; Bus Tickets, Tours, Activitites\",\"publisher\":{\"@id\":\"https:\\\/\\\/tiketi.com\\\/#organization\"},\"potentialAction\":[{\"@type\":\"SearchAction\",\"target\":{\"@type\":\"EntryPoint\",\"urlTemplate\":\"https:\\\/\\\/tiketi.com\\\/?s={search_term_string}\"},\"query-input\":{\"@type\":\"PropertyValueSpecification\",\"valueRequired\":true,\"valueName\":\"search_term_string\"}}],\"inLanguage\":\"fr-FR\"},{\"@type\":\"Organization\",\"@id\":\"https:\\\/\\\/tiketi.com\\\/#organization\",\"name\":\"Tiketi.com\",\"alternateName\":\"Tiketi\",\"url\":\"https:\\\/\\\/tiketi.com\\\/\",\"logo\":{\"@type\":\"ImageObject\",\"inLanguage\":\"fr-FR\",\"@id\":\"https:\\\/\\\/tiketi.com\\\/#\\\/schema\\\/logo\\\/image\\\/\",\"url\":\"https:\\\/\\\/tiketi.com\\\/wp-content\\\/uploads\\\/2019\\\/05\\\/tiketi-logo-696.png\",\"contentUrl\":\"https:\\\/\\\/tiketi.com\\\/wp-content\\\/uploads\\\/2019\\\/05\\\/tiketi-logo-696.png\",\"width\":696,\"height\":696,\"caption\":\"Tiketi.com\"},\"image\":{\"@id\":\"https:\\\/\\\/tiketi.com\\\/#\\\/schema\\\/logo\\\/image\\\/\"},\"sameAs\":[\"https:\\\/\\\/www.facebook.com\\\/TiketiCom\\\/\"]}]}<\/script>\n<!-- \/ Yoast SEO plugin. -->","yoast_head_json":{"title":"Vols \u00e0 bas prix de Johannesbourg \u00e0 Luanda","description":"Vous recherchez des vols \u00e0 bas prix de Johannesbourg \u00e0 Luanda ? Recherchez, comparez et r\u00e9servez en ligne un billet d&#039;avion pas cher de Johannesbourg \u00e0 Luanda","robots":{"index":"index","follow":"follow","max-snippet":"max-snippet:-1","max-image-preview":"max-image-preview:large","max-video-preview":"max-video-preview:-1"},"canonical":"https:\/\/tiketi.com\/fr-fr\/flights-johannesburg-luanda-jnb-lad\/","og_locale":"fr_FR","og_type":"article","og_title":"Cheap Flights from\u00a0Johannesburg to Luanda","og_description":"Looking for cheap flights from\u00a0Johannesburg to Luanda? Search, compare and book cheap airline ticket from Johannesburg to Luanda online","og_url":"https:\/\/tiketi.com\/fr-fr\/flights-johannesburg-luanda-jnb-lad\/","og_site_name":"Tiketi.com","article_publisher":"https:\/\/www.facebook.com\/TiketiCom\/","article_modified_time":"2022-02-08T13:52:00+00:00","og_image":[{"width":1200,"height":240,"url":"https:\/\/tiketi.com\/wp-content\/uploads\/2022\/01\/flight-ticket-booking-sorasak-KxCJXXGsv9I-unsplas.jpg","type":"image\/jpeg"}],"twitter_card":"summary_large_image","twitter_misc":{"Dur\u00e9e de lecture estim\u00e9e":"3 minutes"},"schema":{"@context":"https:\/\/schema.org","@graph":[{"@type":"WebPage","@id":"https:\/\/tiketi.com\/flights-johannesburg-luanda-jnb-lad\/","url":"https:\/\/tiketi.com\/flights-johannesburg-luanda-jnb-lad\/","name":"Vols \u00e0 bas prix de Johannesbourg \u00e0 Luanda","isPartOf":{"@id":"https:\/\/tiketi.com\/#website"},"primaryImageOfPage":{"@id":"https:\/\/tiketi.com\/flights-johannesburg-luanda-jnb-lad\/#primaryimage"},"image":{"@id":"https:\/\/tiketi.com\/flights-johannesburg-luanda-jnb-lad\/#primaryimage"},"thumbnailUrl":"https:\/\/tiketi.com\/wp-content\/uploads\/2022\/01\/flight-ticket-booking-sorasak-KxCJXXGsv9I-unsplas.jpg","datePublished":"2022-01-19T11:55:18+00:00","dateModified":"2022-02-08T13:52:00+00:00","description":"Vous recherchez des vols \u00e0 bas prix de Johannesbourg \u00e0 Luanda ? Recherchez, comparez et r\u00e9servez en ligne un billet d&#039;avion pas cher de Johannesbourg \u00e0 Luanda","breadcrumb":{"@id":"https:\/\/tiketi.com\/flights-johannesburg-luanda-jnb-lad\/#breadcrumb"},"inLanguage":"fr-FR","potentialAction":[{"@type":"ReadAction","target":["https:\/\/tiketi.com\/flights-johannesburg-luanda-jnb-lad\/"]}]},{"@type":"ImageObject","inLanguage":"fr-FR","@id":"https:\/\/tiketi.com\/flights-johannesburg-luanda-jnb-lad\/#primaryimage","url":"https:\/\/tiketi.com\/wp-content\/uploads\/2022\/01\/flight-ticket-booking-sorasak-KxCJXXGsv9I-unsplas.jpg","contentUrl":"https:\/\/tiketi.com\/wp-content\/uploads\/2022\/01\/flight-ticket-booking-sorasak-KxCJXXGsv9I-unsplas.jpg","width":1200,"height":240,"caption":"Online flight ticket booking"},{"@type":"BreadcrumbList","@id":"https:\/\/tiketi.com\/flights-johannesburg-luanda-jnb-lad\/#breadcrumb","itemListElement":[{"@type":"ListItem","position":1,"name":"Home","item":"https:\/\/tiketi.com\/"},{"@type":"ListItem","position":2,"name":"Cheap Flights from\u00a0Johannesburg to Luanda"}]},{"@type":"WebSite","@id":"https:\/\/tiketi.com\/#website","url":"https:\/\/tiketi.com\/","name":"Billets d&#039;avion et de bus, forfaits touristiques et activit\u00e9s - Tiketi.com","description":"Billets d&#039;avion et de bus, Tours, Activit\u00e9s","publisher":{"@id":"https:\/\/tiketi.com\/#organization"},"potentialAction":[{"@type":"SearchAction","target":{"@type":"EntryPoint","urlTemplate":"https:\/\/tiketi.com\/?s={search_term_string}"},"query-input":{"@type":"PropertyValueSpecification","valueRequired":true,"valueName":"search_term_string"}}],"inLanguage":"fr-FR"},{"@type":"Organization","@id":"https:\/\/tiketi.com\/#organization","name":"Tiketi.com","alternateName":"Tiketi","url":"https:\/\/tiketi.com\/","logo":{"@type":"ImageObject","inLanguage":"fr-FR","@id":"https:\/\/tiketi.com\/#\/schema\/logo\/image\/","url":"https:\/\/tiketi.com\/wp-content\/uploads\/2019\/05\/tiketi-logo-696.png","contentUrl":"https:\/\/tiketi.com\/wp-content\/uploads\/2019\/05\/tiketi-logo-696.png","width":696,"height":696,"caption":"Tiketi.com"},"image":{"@id":"https:\/\/tiketi.com\/#\/schema\/logo\/image\/"},"sameAs":["https:\/\/www.facebook.com\/TiketiCom\/"]}]}},"_links":{"self":[{"href":"https:\/\/tiketi.com\/fr-fr\/wp-json\/wp\/v2\/pages\/11857","targetHints":{"allow":["GET"]}}],"collection":[{"href":"https:\/\/tiketi.com\/fr-fr\/wp-json\/wp\/v2\/pages"}],"about":[{"href":"https:\/\/tiketi.com\/fr-fr\/wp-json\/wp\/v2\/types\/page"}],"author":[{"embeddable":true,"href":"https:\/\/tiketi.com\/fr-fr\/wp-json\/wp\/v2\/users\/1"}],"replies":[{"embeddable":true,"href":"https:\/\/tiketi.com\/fr-fr\/wp-json\/wp\/v2\/comments?post=11857"}],"version-history":[{"count":0,"href":"https:\/\/tiketi.com\/fr-fr\/wp-json\/wp\/v2\/pages\/11857\/revisions"}],"wp:featuredmedia":[{"embeddable":true,"href":"https:\/\/tiketi.com\/fr-fr\/wp-json\/wp\/v2\/media\/14041"}],"wp:attachment":[{"href":"https:\/\/tiketi.com\/fr-fr\/wp-json\/wp\/v2\/media?parent=11857"}],"curies":[{"name":"wp","href":"https:\/\/api.w.org\/{rel}","templated":true}]}}