{"id":11858,"date":"2022-01-19T12:55:18","date_gmt":"2022-01-19T11:55:18","guid":{"rendered":"https:\/\/new.tiketi.com\/cheap-flights-from-dar-es-salaam-to-addis-ababa\/"},"modified":"2022-09-14T15:23:48","modified_gmt":"2022-09-14T14:23:48","slug":"dar-es-salaam-to-addis-ababa-dar-add","status":"publish","type":"page","link":"https:\/\/tiketi.com\/fr-fr\/cheap-flights\/dar-es-salaam-to-addis-ababa-dar-add\/","title":{"rendered":"Vols \u00e0 bas prix de Dar es Salam \u00e0 Addis-Abeba"},"content":{"rendered":"<h2 id=\"looking-for-cheap-airline-ticket-from-cape-town-to-victoria-falls-or-last-minute-deals\">Vous recherchez un billet d&#039;avion pas cher de Dar es Salam \u00e0 Addis-Abeba ou des offres de derni\u00e8re minute ?<\/h2>\r\n<h2><span style=\"font-size: 16px;\"><!-- \/wp:post-content --><!-- wp:heading {\"level\":3} --><\/span><\/h2>\r\n<h3 id=\"search-compare-and-book-cheap-airline-ticket-from-cape-town-cpt-to-victoria-falls-vfa-online-now\">Recherchez, comparez et r\u00e9servez en ligne maintenant un billet d&#039;avion pas cher de (DAR) \u00e0 Addis-Abeba (ADD).<\/h3>\r\n<h2><span style=\"font-size: 16px;\"><!-- \/wp:heading --><!-- wp:paragraph --><\/span><\/h2>\r\nComparez et r\u00e9servez en ligne des vols pas chers de Dar es Salam \u00e0 Addis-Abeba et gagnez du temps et de l&#039;argent. Addis-Abeba est la plus grande et la capitale de l&#039;\u00c9thiopie. \u00c9tant le si\u00e8ge de l&#039;Union africaine, ayant des branches vitales des Nations Unies et avec presque toutes les ambassades \u00e9trang\u00e8res du monde entier repr\u00e9sent\u00e9es, Addis-Abeba est g\u00e9n\u00e9ralement d\u00e9sign\u00e9e comme la capitale de l&#039;Afrique. Vous pouvez visiter Addis-Abeba gr\u00e2ce \u00e0 des offres exceptionnelles sur les billets d&#039;avion de Dar es Salaam \u00e0 Addis-Abeba au meilleur prix et voler de Dar es Salaam \u00e0 Addis-Abeba \u00e0 bas prix.\r\n<h3>Voici quelques-unes des meilleures attractions d&#039;Addis-Abeba\u00a0:<\/h3>\r\n<h3>Place Meskel<\/h3>\r\nLa place Meskel \u00e0 Addis-Abeba est en quelque sorte le lieu de rassemblement central de la ville, particuli\u00e8rement important lors des manifestations politiques et des festivals. La place Meskel est \u00e9galement un meilleur point de r\u00e9f\u00e9rence pour les transports int\u00e9rieurs et pour se rendre au centre-ville.\r\n<h3>Mus\u00e9e comm\u00e9moratif des martyrs de la terreur rouge<\/h3>\r\nIl s&#039;agit d&#039;un dernier mus\u00e9e montrant et d\u00e9crivant la p\u00e9riode de \u00ab\u00a0Terreur rouge dans le pays\u00a0\u00bb lorsque de nombreux innocents ont souffert. L&#039;entr\u00e9e du mus\u00e9e est totalement gratuite. Et \u00e0 c\u00f4t\u00e9 de la place Meskel se trouve le mus\u00e9e d&#039;Addis-Abeba.\r\n<h3>Mus\u00e9e Ethnologique<\/h3>\r\n\u00c0 une petite distance du Mus\u00e9e national d&#039;\u00c9thiopie, situ\u00e9 dans le campus universitaire verdoyant, se trouve le Mus\u00e9e ethnologique. Le mus\u00e9e pr\u00e9sente d&#039;abord certaines des grandes tribus d&#039;\u00c9thiopie, passe en revue l&#039;importance de l&#039;histoire du caf\u00e9 dans la culture \u00e9thiopienne. On y trouve \u00e9galement une remarquable collection de peintures orthodoxes \u00e9thiopiennes, de croix orthodoxes et de triptyques.\r\n<h2>FAQ sur les vols pas chers de Dar es Salam \u00e0 Addis-Abeba<\/h2>\r\n<h3>Quel est le jour le moins cher pour r\u00e9server un billet d&#039;avion de Dar es Salam \u00e0 Addis-Abeba ?<\/h3>\r\nLe jour le moins cher pour r\u00e9server un billet d&#039;avion pas cher de Dar es Salaam \u00e0 Addis-Abeba est le vendredi.\r\n<h3>Quelle est la compagnie a\u00e9rienne la moins ch\u00e8re entre Dar Es Salam et Addis-Abeba ?<\/h3>\r\nKenya Airways propose la meilleure offre sur les vols de Dar es Salaam \u00e0 Addis-Abeba au $343.\r\n<h3>Combien de compagnies a\u00e9riennes proposent des vols Dar es Salam - Addis-Abeba ?<\/h3>\r\nDeux compagnies a\u00e9riennes op\u00e8rent des vols directs entre Dar Es Salaam et Addis-Abeba.\r\n<h3>Quelle est la dur\u00e9e du vol entre Addis-Abeba et Dar es Salam ?<\/h3>\r\nLa dur\u00e9e moyenne d&#039;un vol Dar es Salam-Addis-Abeba est de 24 h 40 min.\r\n<h3>Combien de vols sont op\u00e9r\u00e9s par semaine entre Dar es Salam et Addis-Abeba ?<\/h3>\r\n\u2022 Il y a quinze vols entre Dar es Salaam et Addis Abeba par semaine.\r\n<h2>Conseils sur les vols Dar es Salaam - Addis-Abeba<\/h2>\r\n\u2022 Dar es Salaam, Tanzanie est \u00e0 1 700 km d&#039;Addis-Abeba. \u2022 Il y a cinq vols quotidiens de Dar es Salaam \u00e0 Addis-Abeba. \u2022 Il y a quinze vols hebdomadaires entre Dar es Salaam et Addis Abeba. \u2022 Cinq vols sans escale op\u00e8rent de Dar es Salaam \u00e0 Addis-Abeba. \u2022 Ethiopian Airlines propose le plus de vols sans escale entre Addis-Abeba et Dar es Salaam. \u2022 Nairobi, Kenya \u2013 Jomo Kenyatta Intl est la liaison la plus c\u00e9l\u00e8bre pour un vol \u00e0 escale entre Addis-Abeba et Dar es Salaam.","protected":false},"excerpt":{"rendered":"<p>Looking for cheap airline ticket from Dar es Salaam to Addis Ababa\u00a0or last minute deals? Search, compare and book cheap airline ticket from (DAR) to Addis Ababa (ADD) online now. Compare and book cheap flights from Dar es Salaam to Addis Ababa online and save time and money. Addis Ababa is the biggest and capital [&hellip;]<\/p>\n","protected":false},"author":1,"featured_media":14381,"parent":23264,"menu_order":0,"comment_status":"open","ping_status":"closed","template":"template-home-modern.php","meta":{"footnotes":""},"class_list":["post-11858","page","type-page","status-publish","has-post-thumbnail","hentry"],"yoast_head":"<!-- This site is optimized with the Yoast SEO plugin v27.3 - https:\/\/yoast.com\/product\/yoast-seo-wordpress\/ -->\n<title>Cheap Flights from Dar es Salaam to Addis Ababa<\/title>\n<meta name=\"description\" content=\"Looking for cheap flights from\u00a0Dar es Salaam to Addis Ababa? Search, compare and book cheap airline ticket from Dar es Salaam to Addis Ababa online\" \/>\n<meta name=\"robots\" content=\"index, follow, max-snippet:-1, max-image-preview:large, max-video-preview:-1\" \/>\n<link rel=\"canonical\" href=\"https:\/\/tiketi.com\/fr-fr\/nauli-ndege\/dar-es-salaam-kwenda-addis-ababa-dar-add\/\" \/>\n<meta property=\"og:locale\" content=\"fr_FR\" \/>\n<meta property=\"og:type\" content=\"article\" \/>\n<meta property=\"og:title\" content=\"Cheap Flights from Dar es Salaam to Addis Ababa\" \/>\n<meta property=\"og:description\" content=\"Looking for cheap flights from\u00a0Dar es Salaam to Addis Ababa? Search, compare and book cheap airline ticket from Dar es Salaam to Addis Ababa online\" \/>\n<meta property=\"og:url\" content=\"https:\/\/tiketi.com\/fr-fr\/nauli-ndege\/dar-es-salaam-kwenda-addis-ababa-dar-add\/\" \/>\n<meta property=\"og:site_name\" content=\"Tiketi.com\" \/>\n<meta property=\"article:publisher\" content=\"https:\/\/www.facebook.com\/TiketiCom\/\" \/>\n<meta property=\"article:modified_time\" content=\"2022-09-14T14:23:48+00:00\" \/>\n<meta property=\"og:image\" content=\"https:\/\/tiketi.com\/wp-content\/uploads\/2022\/01\/yohannes-minas-YPLosSc3w6A-unsplash.jpg\" \/>\n\t<meta property=\"og:image:width\" content=\"1600\" \/>\n\t<meta property=\"og:image:height\" content=\"1200\" \/>\n\t<meta property=\"og:image:type\" content=\"image\/jpeg\" \/>\n<meta name=\"twitter:card\" content=\"summary_large_image\" \/>\n<meta name=\"twitter:label1\" content=\"Dur\u00e9e de lecture estim\u00e9e\" \/>\n\t<meta name=\"twitter:data1\" content=\"3 minutes\" \/>\n<script type=\"application\/ld+json\" class=\"yoast-schema-graph\">{\"@context\":\"https:\\\/\\\/schema.org\",\"@graph\":[{\"@type\":\"WebPage\",\"@id\":\"https:\\\/\\\/tiketi.com\\\/sw\\\/nauli-ndege\\\/dar-es-salaam-kwenda-addis-ababa-dar-add\\\/\",\"url\":\"https:\\\/\\\/tiketi.com\\\/sw\\\/nauli-ndege\\\/dar-es-salaam-kwenda-addis-ababa-dar-add\\\/\",\"name\":\"Cheap Flights from Dar es Salaam to Addis Ababa\",\"isPartOf\":{\"@id\":\"https:\\\/\\\/tiketi.com\\\/#website\"},\"primaryImageOfPage\":{\"@id\":\"https:\\\/\\\/tiketi.com\\\/sw\\\/nauli-ndege\\\/dar-es-salaam-kwenda-addis-ababa-dar-add\\\/#primaryimage\"},\"image\":{\"@id\":\"https:\\\/\\\/tiketi.com\\\/sw\\\/nauli-ndege\\\/dar-es-salaam-kwenda-addis-ababa-dar-add\\\/#primaryimage\"},\"thumbnailUrl\":\"https:\\\/\\\/tiketi.com\\\/wp-content\\\/uploads\\\/2022\\\/01\\\/yohannes-minas-YPLosSc3w6A-unsplash.jpg\",\"datePublished\":\"2022-01-19T11:55:18+00:00\",\"dateModified\":\"2022-09-14T14:23:48+00:00\",\"description\":\"Looking for cheap flights from\u00a0Dar es Salaam to Addis Ababa? Search, compare and book cheap airline ticket from Dar es Salaam to Addis Ababa online\",\"breadcrumb\":{\"@id\":\"https:\\\/\\\/tiketi.com\\\/sw\\\/nauli-ndege\\\/dar-es-salaam-kwenda-addis-ababa-dar-add\\\/#breadcrumb\"},\"inLanguage\":\"fr-FR\",\"potentialAction\":[{\"@type\":\"ReadAction\",\"target\":[\"https:\\\/\\\/tiketi.com\\\/sw\\\/nauli-ndege\\\/dar-es-salaam-kwenda-addis-ababa-dar-add\\\/\"]}]},{\"@type\":\"ImageObject\",\"inLanguage\":\"fr-FR\",\"@id\":\"https:\\\/\\\/tiketi.com\\\/sw\\\/nauli-ndege\\\/dar-es-salaam-kwenda-addis-ababa-dar-add\\\/#primaryimage\",\"url\":\"https:\\\/\\\/tiketi.com\\\/wp-content\\\/uploads\\\/2022\\\/01\\\/yohannes-minas-YPLosSc3w6A-unsplash.jpg\",\"contentUrl\":\"https:\\\/\\\/tiketi.com\\\/wp-content\\\/uploads\\\/2022\\\/01\\\/yohannes-minas-YPLosSc3w6A-unsplash.jpg\",\"width\":1600,\"height\":1200,\"caption\":\"Addis Ababa Air Taxi\"},{\"@type\":\"BreadcrumbList\",\"@id\":\"https:\\\/\\\/tiketi.com\\\/sw\\\/nauli-ndege\\\/dar-es-salaam-kwenda-addis-ababa-dar-add\\\/#breadcrumb\",\"itemListElement\":[{\"@type\":\"ListItem\",\"position\":1,\"name\":\"Home\",\"item\":\"https:\\\/\\\/tiketi.com\\\/\"},{\"@type\":\"ListItem\",\"position\":2,\"name\":\"Cheap Flights\",\"item\":\"https:\\\/\\\/tiketi.com\\\/cheap-flights\\\/\"},{\"@type\":\"ListItem\",\"position\":3,\"name\":\"Cheap Flights from Dar es Salaam to Addis Ababa\"}]},{\"@type\":\"WebSite\",\"@id\":\"https:\\\/\\\/tiketi.com\\\/#website\",\"url\":\"https:\\\/\\\/tiketi.com\\\/\",\"name\":\"Flight & Bus Tickets, Tour Packages & Activitites - Tiketi.com\",\"description\":\"Flight &amp; Bus Tickets, Tours, Activitites\",\"publisher\":{\"@id\":\"https:\\\/\\\/tiketi.com\\\/#organization\"},\"potentialAction\":[{\"@type\":\"SearchAction\",\"target\":{\"@type\":\"EntryPoint\",\"urlTemplate\":\"https:\\\/\\\/tiketi.com\\\/?s={search_term_string}\"},\"query-input\":{\"@type\":\"PropertyValueSpecification\",\"valueRequired\":true,\"valueName\":\"search_term_string\"}}],\"inLanguage\":\"fr-FR\"},{\"@type\":\"Organization\",\"@id\":\"https:\\\/\\\/tiketi.com\\\/#organization\",\"name\":\"Tiketi.com\",\"alternateName\":\"Tiketi\",\"url\":\"https:\\\/\\\/tiketi.com\\\/\",\"logo\":{\"@type\":\"ImageObject\",\"inLanguage\":\"fr-FR\",\"@id\":\"https:\\\/\\\/tiketi.com\\\/#\\\/schema\\\/logo\\\/image\\\/\",\"url\":\"https:\\\/\\\/tiketi.com\\\/wp-content\\\/uploads\\\/2019\\\/05\\\/tiketi-logo-696.png\",\"contentUrl\":\"https:\\\/\\\/tiketi.com\\\/wp-content\\\/uploads\\\/2019\\\/05\\\/tiketi-logo-696.png\",\"width\":696,\"height\":696,\"caption\":\"Tiketi.com\"},\"image\":{\"@id\":\"https:\\\/\\\/tiketi.com\\\/#\\\/schema\\\/logo\\\/image\\\/\"},\"sameAs\":[\"https:\\\/\\\/www.facebook.com\\\/TiketiCom\\\/\"]}]}<\/script>\n<!-- \/ Yoast SEO plugin. -->","yoast_head_json":{"title":"Vols \u00e0 bas prix de Dar es Salam \u00e0 Addis-Abeba","description":"Vous recherchez des vols \u00e0 bas prix de Dar es Salam vers Addis-Abeba ? Recherchez, comparez et r\u00e9servez en ligne un billet d&#039;avion pas cher de Dar es Salam \u00e0 Addis-Abeba","robots":{"index":"index","follow":"follow","max-snippet":"max-snippet:-1","max-image-preview":"max-image-preview:large","max-video-preview":"max-video-preview:-1"},"canonical":"https:\/\/tiketi.com\/fr-fr\/nauli-ndege\/dar-es-salaam-kwenda-addis-ababa-dar-add\/","og_locale":"fr_FR","og_type":"article","og_title":"Cheap Flights from Dar es Salaam to Addis Ababa","og_description":"Looking for cheap flights from\u00a0Dar es Salaam to Addis Ababa? Search, compare and book cheap airline ticket from Dar es Salaam to Addis Ababa online","og_url":"https:\/\/tiketi.com\/fr-fr\/nauli-ndege\/dar-es-salaam-kwenda-addis-ababa-dar-add\/","og_site_name":"Tiketi.com","article_publisher":"https:\/\/www.facebook.com\/TiketiCom\/","article_modified_time":"2022-09-14T14:23:48+00:00","og_image":[{"width":1600,"height":1200,"url":"https:\/\/tiketi.com\/wp-content\/uploads\/2022\/01\/yohannes-minas-YPLosSc3w6A-unsplash.jpg","type":"image\/jpeg"}],"twitter_card":"summary_large_image","twitter_misc":{"Dur\u00e9e de lecture estim\u00e9e":"3 minutes"},"schema":{"@context":"https:\/\/schema.org","@graph":[{"@type":"WebPage","@id":"https:\/\/tiketi.com\/sw\/nauli-ndege\/dar-es-salaam-kwenda-addis-ababa-dar-add\/","url":"https:\/\/tiketi.com\/sw\/nauli-ndege\/dar-es-salaam-kwenda-addis-ababa-dar-add\/","name":"Vols \u00e0 bas prix de Dar es Salam \u00e0 Addis-Abeba","isPartOf":{"@id":"https:\/\/tiketi.com\/#website"},"primaryImageOfPage":{"@id":"https:\/\/tiketi.com\/sw\/nauli-ndege\/dar-es-salaam-kwenda-addis-ababa-dar-add\/#primaryimage"},"image":{"@id":"https:\/\/tiketi.com\/sw\/nauli-ndege\/dar-es-salaam-kwenda-addis-ababa-dar-add\/#primaryimage"},"thumbnailUrl":"https:\/\/tiketi.com\/wp-content\/uploads\/2022\/01\/yohannes-minas-YPLosSc3w6A-unsplash.jpg","datePublished":"2022-01-19T11:55:18+00:00","dateModified":"2022-09-14T14:23:48+00:00","description":"Vous recherchez des vols \u00e0 bas prix de Dar es Salam vers Addis-Abeba ? Recherchez, comparez et r\u00e9servez en ligne un billet d&#039;avion pas cher de Dar es Salam \u00e0 Addis-Abeba","breadcrumb":{"@id":"https:\/\/tiketi.com\/sw\/nauli-ndege\/dar-es-salaam-kwenda-addis-ababa-dar-add\/#breadcrumb"},"inLanguage":"fr-FR","potentialAction":[{"@type":"ReadAction","target":["https:\/\/tiketi.com\/sw\/nauli-ndege\/dar-es-salaam-kwenda-addis-ababa-dar-add\/"]}]},{"@type":"ImageObject","inLanguage":"fr-FR","@id":"https:\/\/tiketi.com\/sw\/nauli-ndege\/dar-es-salaam-kwenda-addis-ababa-dar-add\/#primaryimage","url":"https:\/\/tiketi.com\/wp-content\/uploads\/2022\/01\/yohannes-minas-YPLosSc3w6A-unsplash.jpg","contentUrl":"https:\/\/tiketi.com\/wp-content\/uploads\/2022\/01\/yohannes-minas-YPLosSc3w6A-unsplash.jpg","width":1600,"height":1200,"caption":"Addis Ababa Air Taxi"},{"@type":"BreadcrumbList","@id":"https:\/\/tiketi.com\/sw\/nauli-ndege\/dar-es-salaam-kwenda-addis-ababa-dar-add\/#breadcrumb","itemListElement":[{"@type":"ListItem","position":1,"name":"Home","item":"https:\/\/tiketi.com\/"},{"@type":"ListItem","position":2,"name":"Cheap Flights","item":"https:\/\/tiketi.com\/cheap-flights\/"},{"@type":"ListItem","position":3,"name":"Cheap Flights from Dar es Salaam to Addis Ababa"}]},{"@type":"WebSite","@id":"https:\/\/tiketi.com\/#website","url":"https:\/\/tiketi.com\/","name":"Billets d&#039;avion et de bus, forfaits touristiques et activit\u00e9s - Tiketi.com","description":"Billets d&#039;avion et de bus, Tours, Activit\u00e9s","publisher":{"@id":"https:\/\/tiketi.com\/#organization"},"potentialAction":[{"@type":"SearchAction","target":{"@type":"EntryPoint","urlTemplate":"https:\/\/tiketi.com\/?s={search_term_string}"},"query-input":{"@type":"PropertyValueSpecification","valueRequired":true,"valueName":"search_term_string"}}],"inLanguage":"fr-FR"},{"@type":"Organization","@id":"https:\/\/tiketi.com\/#organization","name":"Tiketi.com","alternateName":"Tiketi","url":"https:\/\/tiketi.com\/","logo":{"@type":"ImageObject","inLanguage":"fr-FR","@id":"https:\/\/tiketi.com\/#\/schema\/logo\/image\/","url":"https:\/\/tiketi.com\/wp-content\/uploads\/2019\/05\/tiketi-logo-696.png","contentUrl":"https:\/\/tiketi.com\/wp-content\/uploads\/2019\/05\/tiketi-logo-696.png","width":696,"height":696,"caption":"Tiketi.com"},"image":{"@id":"https:\/\/tiketi.com\/#\/schema\/logo\/image\/"},"sameAs":["https:\/\/www.facebook.com\/TiketiCom\/"]}]}},"_links":{"self":[{"href":"https:\/\/tiketi.com\/fr-fr\/wp-json\/wp\/v2\/pages\/11858","targetHints":{"allow":["GET"]}}],"collection":[{"href":"https:\/\/tiketi.com\/fr-fr\/wp-json\/wp\/v2\/pages"}],"about":[{"href":"https:\/\/tiketi.com\/fr-fr\/wp-json\/wp\/v2\/types\/page"}],"author":[{"embeddable":true,"href":"https:\/\/tiketi.com\/fr-fr\/wp-json\/wp\/v2\/users\/1"}],"replies":[{"embeddable":true,"href":"https:\/\/tiketi.com\/fr-fr\/wp-json\/wp\/v2\/comments?post=11858"}],"version-history":[{"count":0,"href":"https:\/\/tiketi.com\/fr-fr\/wp-json\/wp\/v2\/pages\/11858\/revisions"}],"up":[{"embeddable":true,"href":"https:\/\/tiketi.com\/fr-fr\/wp-json\/wp\/v2\/pages\/23264"}],"wp:featuredmedia":[{"embeddable":true,"href":"https:\/\/tiketi.com\/fr-fr\/wp-json\/wp\/v2\/media\/14381"}],"wp:attachment":[{"href":"https:\/\/tiketi.com\/fr-fr\/wp-json\/wp\/v2\/media?parent=11858"}],"curies":[{"name":"wp","href":"https:\/\/api.w.org\/{rel}","templated":true}]}}