{"id":11860,"date":"2022-01-19T12:55:18","date_gmt":"2022-01-19T11:55:18","guid":{"rendered":"https:\/\/new.tiketi.com\/cheap-flights-from-dubai-to-lagos\/"},"modified":"2022-02-08T10:24:49","modified_gmt":"2022-02-08T09:24:49","slug":"flights-dubai-lagos-dxb-los","status":"publish","type":"page","link":"https:\/\/tiketi.com\/fr-fr\/flights-dubai-lagos-dxb-los\/","title":{"rendered":"Vols pas chers de Duba\u00ef \u00e0 Lagos"},"content":{"rendered":"<h2>Vous cherchez un billet d&#039;avion pas cher \u00e0 Duba\u00ef pour Lagos ou des offres de derni\u00e8re minute ?<\/h2>\n<h3>Recherchez, comparez et r\u00e9servez en ligne d\u00e8s maintenant un billet d&#039;avion pas cher de Duba\u00ef (DXB) \u00e0 Lagos (LOS).<\/h3>\n<p>Recherchez des vols pas chers de Duba\u00ef \u00e0 Lagos et \u00e9conomisez de l&#039;argent. Si vous visitez le Nigeria et que vous n\u2019avez jamais visit\u00e9 Lagos, alors vous \u00eates quelque chose de grand. L&#039;ancienne capitale du Nigeria et la plus grande \u00e9conomie du pays regorge d&#039;attractions touristiques. Vous serez g\u00e2t\u00e9 par les tonnes de lieux de loisirs \u00e0 Lagos, comme les stations baln\u00e9aires, les plages, les centres d&#039;art, les mus\u00e9es, les centres commerciaux, les march\u00e9s et les festivals dont vous pourrez profiter. Visitez Lagos, Nigeria gr\u00e2ce \u00e0 des offres exceptionnelles sur les billets d&#039;avion de Duba\u00ef \u00e0 Lagos et volez des vols Duba\u00ef \u00e0 Lagos Nigeria pas chers.<\/p>\n<h2>Voici quelques-unes des meilleures attractions de Lagos, Nigeria<\/h2>\n<h3>mus\u00e9e national<\/h3>\n<p>Le mus\u00e9e national Place Din Onikan Lagos, cr\u00e9\u00e9 en 1957, juste avant l&#039;ind\u00e9pendance du Nigeria, est une source de tourisme. Le mus\u00e9e poss\u00e8de des collections remarquables d&#039;ethnographie, d&#039;arch\u00e9ologie et d&#039;art traditionnel.<\/p>\n<h3>Terra culture<\/h3>\n<p>La Terra Kulture est l&#039;attraction touristique unique pour les arts cr\u00e9atifs : langue, litt\u00e9rature, arts visuels, th\u00e9\u00e2tre, cuisine, com\u00e9die, mode, cin\u00e9ma, danse et design. Vous ne pouvez pas obtenir tout cet art dans un seul endroit ailleurs \u00e0 Lagos. Cet endroit \u00e9tonnant se trouve au 1376, Tiamiyu Savage Street, Victoria Island, Lagos.<\/p>\n<h3>Centre de conservation de Lekki<\/h3>\n<p>Le centre de conservation de Lekki est un centre de conservation des ressources naturelles de soixante-dix-huit hectares situ\u00e9 \u00e0 Lekki, dans l&#039;\u00c9tat de Lagos. Vous pourrez vous immerger dans le charme de la nature lors de la visite remarquable de ce centre. Vous pouvez m\u00eame grimper au-dessus de la canop\u00e9e des arbres lors de la plus grande promenade sur les ponts \u00e0 baldaquin d&#039;Afrique.<\/p>\n<h2>FAQ sur les vols pas chers de Duba\u00ef \u00e0 Lagos Nig\u00e9ria<\/h2>\n<h3>Quelles compagnies a\u00e9riennes proposent les billets d&#039;avion les moins chers de Duba\u00ef \u00e0 Lagos ?<\/h3>\n<p>Emirates propose des billets d&#039;avion pas chers de Duba\u00ef \u00e0 Lagos.<\/p>\n<h3>Quelles compagnies a\u00e9riennes proposent des vols entre Lagos et Duba\u00ef ?<\/h3>\n<p>Toutes les grandes compagnies a\u00e9riennes desservent la route Duba\u00ef-Lagos, comme Egypt Airways, Qatar Airways et Emirates.<\/p>\n<h3>Quelle est la dur\u00e9e des vols pas chers de Duba\u00ef \u00e0 Lagos Nigeria ?<\/h3>\n<p>Rejoignez Lagos en huit heures dix minutes depuis Duba\u00ef.<\/p>\n<h3>Quel est le jour le moins cher pour voler ?<\/h3>\n<p>Le jour le moins cher pour prendre un vol Duba\u00ef - Lagos est le mardi.<\/p>\n<h3>En moyenne, combien de vols de Duba\u00ef \u00e0 Lagos sont effectu\u00e9s par semaine ?<\/h3>\n<p>Il y a quinze vols par semaine entre Duba\u00ef et Lagos.<\/p>\n<h2>Conseils de vol de Duba\u00ef vers Lagos Nig\u00e9ria<\/h2>\n<p>\u2022 Duba\u00ef, \u00c9mirats arabes unis, se trouve \u00e0 3\u00a0670\u00a0miles de Lagos.<\/p>\n<p>\u2022 Nairobi, Kenya \u2013 Jomo Kenyatta Intl est le lien le plus c\u00e9l\u00e8bre pour les vols \u00e0 escale entre les vols bon march\u00e9 au d\u00e9part de Lagos et de Duba\u00ef.<\/p>\n<p>\u2022 Le premier vol de la journ\u00e9e part \u00e0 00h50. Le dernier vol de la journ\u00e9e part \u00e0 21h50.<\/p>\n<p>\u2022 Il existe une compagnie a\u00e9rienne qui propose des vols directs de Duba\u00ef \u00e0 Lagos au Nig\u00e9ria.<\/p>\n<p>\u2022 La compagnie a\u00e9rienne la plus c\u00e9l\u00e8bre reliant Duba\u00ef \u00e0 Lagos est Kenya Airways.<\/p>","protected":false},"excerpt":{"rendered":"<p>Looking for cheap airline ticket from Dubai to Lagos\u00a0or last minute deals? Search, compare and book cheap airline ticket from Dubai (DXB) to Lagos (LOS) online now. Search great deals on cheap flights from Dubai to Lagos and save money. If you are visiting Nigeria and have never visited Lagos, then you are something big. [&hellip;]<\/p>\n","protected":false},"author":1,"featured_media":18043,"parent":0,"menu_order":0,"comment_status":"open","ping_status":"closed","template":"template-home-modern.php","meta":{"footnotes":""},"class_list":["post-11860","page","type-page","status-publish","has-post-thumbnail","hentry"],"yoast_head":"<!-- This site is optimized with the Yoast SEO plugin v27.2 - https:\/\/yoast.com\/product\/yoast-seo-wordpress\/ -->\n<title>Cheap Flights from Dubai to Lagos<\/title>\n<meta name=\"description\" content=\"Looking for cheap flights from\u00a0Dubai to Lagos? Search, compare and book cheap airline ticket from Dubai to Lagos online\" \/>\n<meta name=\"robots\" content=\"index, follow, max-snippet:-1, max-image-preview:large, max-video-preview:-1\" \/>\n<link rel=\"canonical\" href=\"https:\/\/tiketi.com\/fr-fr\/flights-dubai-lagos-dxb-los\/\" \/>\n<meta property=\"og:locale\" content=\"fr_FR\" \/>\n<meta property=\"og:type\" content=\"article\" \/>\n<meta property=\"og:title\" content=\"Cheap Flights from Dubai to Lagos\" \/>\n<meta property=\"og:description\" content=\"Looking for cheap flights from\u00a0Dubai to Lagos? Search, compare and book cheap airline ticket from Dubai to Lagos online\" \/>\n<meta property=\"og:url\" content=\"https:\/\/tiketi.com\/fr-fr\/flights-dubai-lagos-dxb-los\/\" \/>\n<meta property=\"og:site_name\" content=\"Tiketi.com\" \/>\n<meta property=\"article:publisher\" content=\"https:\/\/www.facebook.com\/TiketiCom\/\" \/>\n<meta property=\"article:modified_time\" content=\"2022-02-08T09:24:49+00:00\" \/>\n<meta property=\"og:image\" content=\"https:\/\/tiketi.com\/wp-content\/uploads\/2022\/02\/lagos-nigeria-nupo-deyon-daniel-67ruAEYmp4c-u.jpg\" \/>\n\t<meta property=\"og:image:width\" content=\"1200\" \/>\n\t<meta property=\"og:image:height\" content=\"202\" \/>\n\t<meta property=\"og:image:type\" content=\"image\/jpeg\" \/>\n<meta name=\"twitter:card\" content=\"summary_large_image\" \/>\n<meta name=\"twitter:label1\" content=\"Dur\u00e9e de lecture estim\u00e9e\" \/>\n\t<meta name=\"twitter:data1\" content=\"3 minutes\" \/>\n<script type=\"application\/ld+json\" class=\"yoast-schema-graph\">{\"@context\":\"https:\/\/schema.org\",\"@graph\":[{\"@type\":\"WebPage\",\"@id\":\"https:\/\/tiketi.com\/flights-dubai-lagos-dxb-los\/\",\"url\":\"https:\/\/tiketi.com\/flights-dubai-lagos-dxb-los\/\",\"name\":\"Cheap Flights from Dubai to Lagos\",\"isPartOf\":{\"@id\":\"https:\/\/tiketi.com\/#website\"},\"primaryImageOfPage\":{\"@id\":\"https:\/\/tiketi.com\/flights-dubai-lagos-dxb-los\/#primaryimage\"},\"image\":{\"@id\":\"https:\/\/tiketi.com\/flights-dubai-lagos-dxb-los\/#primaryimage\"},\"thumbnailUrl\":\"https:\/\/tiketi.com\/wp-content\/uploads\/2022\/02\/lagos-nigeria-nupo-deyon-daniel-67ruAEYmp4c-u.jpg\",\"datePublished\":\"2022-01-19T11:55:18+00:00\",\"dateModified\":\"2022-02-08T09:24:49+00:00\",\"description\":\"Looking for cheap flights from\u00a0Dubai to Lagos? Search, compare and book cheap airline ticket from Dubai to Lagos online\",\"breadcrumb\":{\"@id\":\"https:\/\/tiketi.com\/flights-dubai-lagos-dxb-los\/#breadcrumb\"},\"inLanguage\":\"fr-FR\",\"potentialAction\":[{\"@type\":\"ReadAction\",\"target\":[\"https:\/\/tiketi.com\/flights-dubai-lagos-dxb-los\/\"]}]},{\"@type\":\"ImageObject\",\"inLanguage\":\"fr-FR\",\"@id\":\"https:\/\/tiketi.com\/flights-dubai-lagos-dxb-los\/#primaryimage\",\"url\":\"https:\/\/tiketi.com\/wp-content\/uploads\/2022\/02\/lagos-nigeria-nupo-deyon-daniel-67ruAEYmp4c-u.jpg\",\"contentUrl\":\"https:\/\/tiketi.com\/wp-content\/uploads\/2022\/02\/lagos-nigeria-nupo-deyon-daniel-67ruAEYmp4c-u.jpg\",\"width\":1200,\"height\":202,\"caption\":\"Air Taxi in Lagos Nigeria Booking\"},{\"@type\":\"BreadcrumbList\",\"@id\":\"https:\/\/tiketi.com\/flights-dubai-lagos-dxb-los\/#breadcrumb\",\"itemListElement\":[{\"@type\":\"ListItem\",\"position\":1,\"name\":\"Home\",\"item\":\"https:\/\/tiketi.com\/\"},{\"@type\":\"ListItem\",\"position\":2,\"name\":\"Cheap Flights from Dubai to Lagos\"}]},{\"@type\":\"WebSite\",\"@id\":\"https:\/\/tiketi.com\/#website\",\"url\":\"https:\/\/tiketi.com\/\",\"name\":\"Flight & Bus Tickets, Tour Packages & Activitites - Tiketi.com\",\"description\":\"Flight &amp; Bus Tickets, Tours, Activitites\",\"publisher\":{\"@id\":\"https:\/\/tiketi.com\/#organization\"},\"potentialAction\":[{\"@type\":\"SearchAction\",\"target\":{\"@type\":\"EntryPoint\",\"urlTemplate\":\"https:\/\/tiketi.com\/?s={search_term_string}\"},\"query-input\":{\"@type\":\"PropertyValueSpecification\",\"valueRequired\":true,\"valueName\":\"search_term_string\"}}],\"inLanguage\":\"fr-FR\"},{\"@type\":\"Organization\",\"@id\":\"https:\/\/tiketi.com\/#organization\",\"name\":\"Tiketi.com\",\"alternateName\":\"Tiketi\",\"url\":\"https:\/\/tiketi.com\/\",\"logo\":{\"@type\":\"ImageObject\",\"inLanguage\":\"fr-FR\",\"@id\":\"https:\/\/tiketi.com\/#\/schema\/logo\/image\/\",\"url\":\"https:\/\/tiketi.com\/wp-content\/uploads\/2019\/05\/tiketi-logo-696.png\",\"contentUrl\":\"https:\/\/tiketi.com\/wp-content\/uploads\/2019\/05\/tiketi-logo-696.png\",\"width\":696,\"height\":696,\"caption\":\"Tiketi.com\"},\"image\":{\"@id\":\"https:\/\/tiketi.com\/#\/schema\/logo\/image\/\"},\"sameAs\":[\"https:\/\/www.facebook.com\/TiketiCom\/\"]}]}<\/script>\n<!-- \/ Yoast SEO plugin. -->","yoast_head_json":{"title":"Vols pas chers de Duba\u00ef \u00e0 Lagos","description":"Vous recherchez des vols \u00e0 bas prix au Duba\u00ef vers Lagos? Recherchez, comparez et r\u00e9servez un billet d&#039;avion pas cher de Duba\u00ef \u00e0 Lagos en ligne","robots":{"index":"index","follow":"follow","max-snippet":"max-snippet:-1","max-image-preview":"max-image-preview:large","max-video-preview":"max-video-preview:-1"},"canonical":"https:\/\/tiketi.com\/fr-fr\/flights-dubai-lagos-dxb-los\/","og_locale":"fr_FR","og_type":"article","og_title":"Cheap Flights from Dubai to Lagos","og_description":"Looking for cheap flights from\u00a0Dubai to Lagos? Search, compare and book cheap airline ticket from Dubai to Lagos online","og_url":"https:\/\/tiketi.com\/fr-fr\/flights-dubai-lagos-dxb-los\/","og_site_name":"Tiketi.com","article_publisher":"https:\/\/www.facebook.com\/TiketiCom\/","article_modified_time":"2022-02-08T09:24:49+00:00","og_image":[{"width":1200,"height":202,"url":"https:\/\/tiketi.com\/wp-content\/uploads\/2022\/02\/lagos-nigeria-nupo-deyon-daniel-67ruAEYmp4c-u.jpg","type":"image\/jpeg"}],"twitter_card":"summary_large_image","twitter_misc":{"Dur\u00e9e de lecture estim\u00e9e":"3 minutes"},"schema":{"@context":"https:\/\/schema.org","@graph":[{"@type":"WebPage","@id":"https:\/\/tiketi.com\/flights-dubai-lagos-dxb-los\/","url":"https:\/\/tiketi.com\/flights-dubai-lagos-dxb-los\/","name":"Vols pas chers de Duba\u00ef \u00e0 Lagos","isPartOf":{"@id":"https:\/\/tiketi.com\/#website"},"primaryImageOfPage":{"@id":"https:\/\/tiketi.com\/flights-dubai-lagos-dxb-los\/#primaryimage"},"image":{"@id":"https:\/\/tiketi.com\/flights-dubai-lagos-dxb-los\/#primaryimage"},"thumbnailUrl":"https:\/\/tiketi.com\/wp-content\/uploads\/2022\/02\/lagos-nigeria-nupo-deyon-daniel-67ruAEYmp4c-u.jpg","datePublished":"2022-01-19T11:55:18+00:00","dateModified":"2022-02-08T09:24:49+00:00","description":"Vous recherchez des vols \u00e0 bas prix au Duba\u00ef vers Lagos? Recherchez, comparez et r\u00e9servez un billet d&#039;avion pas cher de Duba\u00ef \u00e0 Lagos en ligne","breadcrumb":{"@id":"https:\/\/tiketi.com\/flights-dubai-lagos-dxb-los\/#breadcrumb"},"inLanguage":"fr-FR","potentialAction":[{"@type":"ReadAction","target":["https:\/\/tiketi.com\/flights-dubai-lagos-dxb-los\/"]}]},{"@type":"ImageObject","inLanguage":"fr-FR","@id":"https:\/\/tiketi.com\/flights-dubai-lagos-dxb-los\/#primaryimage","url":"https:\/\/tiketi.com\/wp-content\/uploads\/2022\/02\/lagos-nigeria-nupo-deyon-daniel-67ruAEYmp4c-u.jpg","contentUrl":"https:\/\/tiketi.com\/wp-content\/uploads\/2022\/02\/lagos-nigeria-nupo-deyon-daniel-67ruAEYmp4c-u.jpg","width":1200,"height":202,"caption":"Air Taxi in Lagos Nigeria Booking"},{"@type":"BreadcrumbList","@id":"https:\/\/tiketi.com\/flights-dubai-lagos-dxb-los\/#breadcrumb","itemListElement":[{"@type":"ListItem","position":1,"name":"Home","item":"https:\/\/tiketi.com\/"},{"@type":"ListItem","position":2,"name":"Cheap Flights from Dubai to Lagos"}]},{"@type":"WebSite","@id":"https:\/\/tiketi.com\/#website","url":"https:\/\/tiketi.com\/","name":"Billets d&#039;avion et de bus, forfaits touristiques et activit\u00e9s - Tiketi.com","description":"Billets d&#039;avion et de bus, Tours, Activit\u00e9s","publisher":{"@id":"https:\/\/tiketi.com\/#organization"},"potentialAction":[{"@type":"SearchAction","target":{"@type":"EntryPoint","urlTemplate":"https:\/\/tiketi.com\/?s={search_term_string}"},"query-input":{"@type":"PropertyValueSpecification","valueRequired":true,"valueName":"search_term_string"}}],"inLanguage":"fr-FR"},{"@type":"Organization","@id":"https:\/\/tiketi.com\/#organization","name":"Tiketi.com","alternateName":"Tiketi","url":"https:\/\/tiketi.com\/","logo":{"@type":"ImageObject","inLanguage":"fr-FR","@id":"https:\/\/tiketi.com\/#\/schema\/logo\/image\/","url":"https:\/\/tiketi.com\/wp-content\/uploads\/2019\/05\/tiketi-logo-696.png","contentUrl":"https:\/\/tiketi.com\/wp-content\/uploads\/2019\/05\/tiketi-logo-696.png","width":696,"height":696,"caption":"Tiketi.com"},"image":{"@id":"https:\/\/tiketi.com\/#\/schema\/logo\/image\/"},"sameAs":["https:\/\/www.facebook.com\/TiketiCom\/"]}]}},"_links":{"self":[{"href":"https:\/\/tiketi.com\/fr-fr\/wp-json\/wp\/v2\/pages\/11860","targetHints":{"allow":["GET"]}}],"collection":[{"href":"https:\/\/tiketi.com\/fr-fr\/wp-json\/wp\/v2\/pages"}],"about":[{"href":"https:\/\/tiketi.com\/fr-fr\/wp-json\/wp\/v2\/types\/page"}],"author":[{"embeddable":true,"href":"https:\/\/tiketi.com\/fr-fr\/wp-json\/wp\/v2\/users\/1"}],"replies":[{"embeddable":true,"href":"https:\/\/tiketi.com\/fr-fr\/wp-json\/wp\/v2\/comments?post=11860"}],"version-history":[{"count":0,"href":"https:\/\/tiketi.com\/fr-fr\/wp-json\/wp\/v2\/pages\/11860\/revisions"}],"wp:featuredmedia":[{"embeddable":true,"href":"https:\/\/tiketi.com\/fr-fr\/wp-json\/wp\/v2\/media\/18043"}],"wp:attachment":[{"href":"https:\/\/tiketi.com\/fr-fr\/wp-json\/wp\/v2\/media?parent=11860"}],"curies":[{"name":"wp","href":"https:\/\/api.w.org\/{rel}","templated":true}]}}