{"id":11861,"date":"2022-01-19T12:55:18","date_gmt":"2022-01-19T11:55:18","guid":{"rendered":"https:\/\/new.tiketi.com\/cheap-flights-to-accra-ghana\/"},"modified":"2022-02-10T12:38:24","modified_gmt":"2022-02-10T11:38:24","slug":"cheap-flights-to-accra-ghana","status":"publish","type":"page","link":"https:\/\/tiketi.com\/fr-fr\/cheap-flights-to-accra-ghana\/","title":{"rendered":"Vols pas chers vers Accra Ghana"},"content":{"rendered":"<h2>Vous recherchez un billet d&#039;avion pas cher pour Accra ou des offres de derni\u00e8re minute ?<\/h2>\n<h3>Recherchez, comparez et r\u00e9servez d\u00e8s maintenant des vols pas chers \u00e0 Accra (AUH) en ligne.<\/h3>\n<p>R\u00e9servez des vols pas chers vers Accra en ligne et \u00e9conomisez de l\u2019argent sur les billets d\u2019avion. Accra est une ville moderne et anim\u00e9e, o\u00f9 les rues sentent les plats savoureux et la plage attend pour vous d\u00e9tendre. Vous trouverez une merveilleuse sc\u00e8ne culturelle locale, avec tout, de la danse traditionnelle au chant en passant par les clubs modernes avec la derni\u00e8re musique live. Comparez les prix et obtenez le tarif le plus bas sur les billets d&#039;avion au d\u00e9part d&#039;Accra gr\u00e2ce \u00e0 des offres exceptionnelles sur la r\u00e9servation de billets en ligne de vols \u00e0 Accra.<\/p>\n<h2>Voici quelques-unes des meilleures attractions d\u2019Accra<\/h2>\n<h3>Mausol\u00e9e Kwame Nkrumah<\/h3>\n<p>L&#039;\u00e9tonnant parc comm\u00e9moratif et mausol\u00e9e qui lui est d\u00e9di\u00e9 est situ\u00e9 dans le centre d&#039;Accra et comprend 5 acres de parc paysager ainsi qu&#039;un mus\u00e9e qui pr\u00e9sente des expositions sur sa vie et l&#039;histoire entrelac\u00e9e de la fondation du Ghana.<\/p>\n<h3>Jardin botanique d&#039;Aburi<\/h3>\n<p>Situ\u00e9 \u00e0 dix-huit kilom\u00e8tres au nord d&#039;Accra, dans la petite ville d&#039;Aburi, le jardin botanique d&#039;Aburi s&#039;\u00e9tend sur un peu moins de soixante-cinq acres sur les collines d&#039;Akuapem, \u00e0 des altitudes allant jusqu&#039;\u00e0 1 200 pieds. Il existe de nombreuses atmosph\u00e8res diff\u00e9rentes \u00e0 appr\u00e9cier, notamment un jardin de rocaille, une \u00e9cole d&#039;horticulture et la promenade des palmiers. Les activit\u00e9s comprennent la location de v\u00e9los et la randonn\u00e9e. L&#039;h\u00e9bergement est accessible dans un gracieux h\u00f4tel de style colonial ancien, dot\u00e9 d&#039;un bar et d&#039;un restaurant.<\/p>\n<h3>Plage de Labadi<\/h3>\n<p>Sans doute la plage la plus c\u00e9l\u00e8bre du Ghana, la plage de Labadi s&#039;\u00e9tend le long de la c\u00f4te, juste \u00e0 l&#039;est d&#039;Accra. Elle se caract\u00e9rise par du sable fin et des eaux chaudes, avec de nombreuses activit\u00e9s accessibles en plus de la baignade et du soleil, comme l&#039;\u00e9quitation le long de la plage et les sports nautiques. L&#039;environnement est familial et d\u00e9contract\u00e9, et la plage a tendance \u00e0 \u00eatre extr\u00eamement fr\u00e9quent\u00e9e le week-end.<\/p>\n<h3>March\u00e9 de Makola<\/h3>\n<p>De tout, des articles m\u00e9nagers \u00e0 l&#039;\u00e9lectronique, en passant par les bijoux, les v\u00eatements et m\u00eame les pi\u00e8ces de v\u00e9hicules, sont en vente au march\u00e9 de Makola, un grand march\u00e9 et une zone commer\u00e7ante du centre-ville du Ghana. Il existe de nombreuses bonnes affaires sur les produits produits localement, notamment l&#039;artisanat, les v\u00eatements et les souvenirs abordables. Les visiteurs doivent \u00eatre pr\u00eats \u00e0 prendre quelques heures pour parcourir le march\u00e9 complet afin de profiter au maximum des opportunit\u00e9s de shopping, avec des stands de nourriture et de produits frais accessibles pour faire le plein en cours de route.<\/p>\n<h2>FAQ sur les vols pas chers vers Accra Ghana<\/h2>\n<h3>Quel est le meilleur moment pour r\u00e9server un billet d&#039;avion pour Accra ?<\/h3>\n<p>Vendredi est actuellement, en moyenne, le jour le moins cher pour r\u00e9server un billet d\u2019avion pour Accra. Prendre un vol jeudi entra\u00eenera une hausse des prix des vols.<\/p>\n<h3>\u00c0 quelle heure de la journ\u00e9e est-il bon march\u00e9 de voler\u00a0?<\/h3>\n<p>Les vols \u00e0 Accra \u00e0 midi sont g\u00e9n\u00e9ralement le moment le moins cher de la journ\u00e9e pour se rendre \u00e0 Accra. Les billets d&#039;avion pour Accra dans l&#039;apr\u00e8s-midi sont g\u00e9n\u00e9ralement les plus chers.<\/p>\n<h3>Quelle est la p\u00e9riode de l\u2019ann\u00e9e la moins ch\u00e8re pour prendre un vol pour Accra ?<\/h3>\n<p>Le climat d&#039;Accra reste chaud et ensoleill\u00e9 toute l&#039;ann\u00e9e. Quoi qu&#039;il en soit, il y a quelques mois pendant lesquels il pleut beaucoup. La plupart des visiteurs pr\u00e9f\u00e8rent visiter la ville pendant les vacances du Nouvel An et de No\u00ebl. C\u2019est la haute saison et trouver des vols bon march\u00e9 pour Accra au Ghana est tr\u00e8s difficile. D\u00e9cembre est la p\u00e9riode la plus co\u00fbteuse de l&#039;ann\u00e9e. Vous devez r\u00e9server \u00e0 l\u2019avance pour garantir le prix de vos billets d\u2019avion \u00e0 Accra en haute saison.<\/p>\n<p>La saison des pluies commence en avril et se termine \u00e0 la mi-juillet. C&#039;est hors saison car il y a tr\u00e8s peu de monde. Si vous souhaitez \u00e9conomiser de l&#039;argent, cette p\u00e9riode de l&#039;ann\u00e9e est id\u00e9ale pour explorer la ville. Le mois le plus agr\u00e9able de l&#039;ann\u00e9e est le mois d&#039;ao\u00fbt et l&#039;on constate une forte baisse de l&#039;afflux de visiteurs. Vous pouvez obtenir des offres de vols et d\u2019h\u00e9bergement \u00e0 Accra.<\/p>\n<h3>Quelle est la meilleure p\u00e9riode pour visiter Accra ?<\/h3>\n<p><strong>Haute saison<\/strong><br \/>\nG\u00e9n\u00e9ralement, le climat d&#039;Accra est caract\u00e9ris\u00e9 par 2 saisons principales, \u00e0 savoir s\u00e8che et humide. La saison des visiteurs bat son plein en novembre et dure jusqu&#039;en mars. F\u00eater No\u00ebl et les f\u00eates au bord de la plage, dans le sable chaud, a ses plaisirs. M\u00eame si les plages vont devenir un peu plus fr\u00e9quent\u00e9es, celles d&#039;Accra sont ensoleill\u00e9es et les journ\u00e9es longues et somnolentes sont longues. La temp\u00e9rature moyenne zigzague entre 26\u00b0C et 32\u00b0C de novembre \u00e0 avril. Il n\u2019y a pas de pluie pendant cette p\u00e9riode.<\/p>\n<p><strong>Hors saison<\/strong><br \/>\nJuillet et juin sont la p\u00e9riode la plus pluvieuse de l&#039;ann\u00e9e, ce qui rend la navigation difficile sur les diff\u00e9rentes routes de la ville. La saison des pluies est abordable pour les voyageurs \u00e0 petit budget, mais ils pourraient devoir subir des niveaux d&#039;humidit\u00e9 un peu plus \u00e9lev\u00e9s.<\/p>\n<h3>Quel est le principal a\u00e9roport international d&#039;Accra ?<\/h3>\n<p>L&#039;a\u00e9roport international de Kotoka est le principal a\u00e9roport international desservant la ville d&#039;Accra. C&#039;est l&#039;un des meilleurs a\u00e9roports d&#039;Accra offrant des installations pour les vols locaux et internationaux. Le centre-ville est situ\u00e9 \u00e0 seulement six miles de l&#039;a\u00e9roport.<\/p>\n<h3>Quelles compagnies a\u00e9riennes proposent des vols directs pas chers vers Accra ?<\/h3>\n<p>Il existe quelques compagnies a\u00e9riennes diff\u00e9rentes qui proposent des vols pas chers vers Accra au Ghana, vous pouvez donc choisir par prix ou par pr\u00e9f\u00e9rence de compagnie a\u00e9rienne. Iberia, British Airways, KLM et Egypt Air sont les principaux acteurs, bien qu&#039;il en existe d&#039;autres comme Air Canada. Le prix du billet d&#039;avion pour Accra change en fonction de la compagnie a\u00e9rienne, il vaut donc la peine de v\u00e9rifier quelques-uns et de voir \u00e9galement ce qu&#039;ils facturent pour les bagages enregistr\u00e9s.<\/p>\n<h2>Vols Accra<\/h2>\n<h3>Vols int\u00e9rieurs et tarifs a\u00e9riens pas chers au d\u00e9part d&#039;Accra, Ghana<\/h3>\n<table border=\"0\" cellspacing=\"2\" cellpadding=\"2\">\n<tbody>\n<tr>\n<td>Vols pas chers au d\u00e9part de Accra <a href=\"https:\/\/tiketi.com\/fr-fr\/cheap-flights-from-accra-to-kumasi-acc-kms\/\" target=\"_blank\" rel=\"noopener\">\u00e0 Kumasi<\/a><\/td>\n<td><\/td>\n<td><\/td>\n<\/tr>\n<\/tbody>\n<\/table>\n<h3>Vols et tarifs a\u00e9riens internationaux pas chers au d\u00e9part d&#039;Accra, Ghana<\/h3>\n<table border=\"0\" cellspacing=\"2\" cellpadding=\"2\">\n<tbody>\n<tr>\n<td>Vols pas chers au d\u00e9part de Accra <a href=\"https:\/\/tiketi.com\/fr-fr\/flights-accra-dubai-acc-dxb\/\" target=\"_blank\" rel=\"noopener\">Vers Duba\u00ef<\/a><\/td>\n<td><\/td>\n<td>Vols pas chers au d\u00e9part de Accra <a href=\"https:\/\/tiketi.com\/fr-fr\/flights-accra-lagos-acc-los\/\" target=\"_blank\" rel=\"noopener\">\u00e0 Lagos Nig\u00e9ria\u200b<\/a><\/td>\n<\/tr>\n<tr>\n<td>Vols pas chers au d\u00e9part de Accra <a href=\"https:\/\/tiketi.com\/fr-fr\/flights-accra-dar-es-salaam-acc-dar\/\" target=\"_blank\" rel=\"noopener\">\u00e0 Dar es Salam<\/a><\/td>\n<td><\/td>\n<td>Vols pas chers au d\u00e9part de Accra <a href=\"https:\/\/tiketi.com\/fr-fr\/flights-accra-nairobi-acc-nbo\/\" target=\"_blank\" rel=\"noopener\">\u00e0 Nairobi<\/a><\/td>\n<\/tr>\n<\/tbody>\n<\/table>","protected":false},"excerpt":{"rendered":"<p>Looking for cheap airline ticket to Accra or last minute deals? Search, compare and book cheap Accra flights (AUH) online now. Book cheap flights to Accra online and save money on airfare. Accra is a busy modern city, where the streets smell of tasty foods and the beach waits to chill you down. You will [&hellip;]<\/p>\n","protected":false},"author":1,"featured_media":14041,"parent":0,"menu_order":0,"comment_status":"open","ping_status":"closed","template":"template-home-modern.php","meta":{"footnotes":""},"class_list":["post-11861","page","type-page","status-publish","has-post-thumbnail","hentry"],"yoast_head":"<!-- This site is optimized with the Yoast SEO plugin v27.4 - https:\/\/yoast.com\/product\/yoast-seo-wordpress\/ -->\n<title>Cheap Flights to Accra Ghana<\/title>\n<meta name=\"description\" content=\"Looking for cheap flights to\u00a0Accra? Search, compare and book cheap airline ticket from to\u00a0Accra Ghana online\" \/>\n<meta name=\"robots\" content=\"index, follow, max-snippet:-1, max-image-preview:large, max-video-preview:-1\" \/>\n<link rel=\"canonical\" href=\"https:\/\/tiketi.com\/fr-fr\/cheap-flights-to-accra-ghana\/\" \/>\n<meta property=\"og:locale\" content=\"fr_FR\" \/>\n<meta property=\"og:type\" content=\"article\" \/>\n<meta property=\"og:title\" content=\"Cheap Flights to Accra Ghana\" \/>\n<meta property=\"og:description\" content=\"Looking for cheap flights to\u00a0Accra? Search, compare and book cheap airline ticket from to\u00a0Accra Ghana online\" \/>\n<meta property=\"og:url\" content=\"https:\/\/tiketi.com\/fr-fr\/cheap-flights-to-accra-ghana\/\" \/>\n<meta property=\"og:site_name\" content=\"Tiketi.com\" \/>\n<meta property=\"article:publisher\" content=\"https:\/\/www.facebook.com\/TiketiCom\/\" \/>\n<meta property=\"article:modified_time\" content=\"2022-02-10T11:38:24+00:00\" \/>\n<meta property=\"og:image\" content=\"https:\/\/tiketi.com\/wp-content\/uploads\/2022\/01\/flight-ticket-booking-sorasak-KxCJXXGsv9I-unsplas.jpg\" \/>\n\t<meta property=\"og:image:width\" content=\"1200\" \/>\n\t<meta property=\"og:image:height\" content=\"240\" \/>\n\t<meta property=\"og:image:type\" content=\"image\/jpeg\" \/>\n<meta name=\"twitter:card\" content=\"summary_large_image\" \/>\n<meta name=\"twitter:label1\" content=\"Dur\u00e9e de lecture estim\u00e9e\" \/>\n\t<meta name=\"twitter:data1\" content=\"5 minutes\" \/>\n<script type=\"application\/ld+json\" class=\"yoast-schema-graph\">{\"@context\":\"https:\\\/\\\/schema.org\",\"@graph\":[{\"@type\":\"WebPage\",\"@id\":\"https:\\\/\\\/tiketi.com\\\/cheap-flights-to-accra-ghana\\\/\",\"url\":\"https:\\\/\\\/tiketi.com\\\/cheap-flights-to-accra-ghana\\\/\",\"name\":\"Cheap Flights to Accra Ghana\",\"isPartOf\":{\"@id\":\"https:\\\/\\\/tiketi.com\\\/#website\"},\"primaryImageOfPage\":{\"@id\":\"https:\\\/\\\/tiketi.com\\\/cheap-flights-to-accra-ghana\\\/#primaryimage\"},\"image\":{\"@id\":\"https:\\\/\\\/tiketi.com\\\/cheap-flights-to-accra-ghana\\\/#primaryimage\"},\"thumbnailUrl\":\"https:\\\/\\\/tiketi.com\\\/wp-content\\\/uploads\\\/2022\\\/01\\\/flight-ticket-booking-sorasak-KxCJXXGsv9I-unsplas.jpg\",\"datePublished\":\"2022-01-19T11:55:18+00:00\",\"dateModified\":\"2022-02-10T11:38:24+00:00\",\"description\":\"Looking for cheap flights to\u00a0Accra? Search, compare and book cheap airline ticket from to\u00a0Accra Ghana online\",\"breadcrumb\":{\"@id\":\"https:\\\/\\\/tiketi.com\\\/cheap-flights-to-accra-ghana\\\/#breadcrumb\"},\"inLanguage\":\"fr-FR\",\"potentialAction\":[{\"@type\":\"ReadAction\",\"target\":[\"https:\\\/\\\/tiketi.com\\\/cheap-flights-to-accra-ghana\\\/\"]}]},{\"@type\":\"ImageObject\",\"inLanguage\":\"fr-FR\",\"@id\":\"https:\\\/\\\/tiketi.com\\\/cheap-flights-to-accra-ghana\\\/#primaryimage\",\"url\":\"https:\\\/\\\/tiketi.com\\\/wp-content\\\/uploads\\\/2022\\\/01\\\/flight-ticket-booking-sorasak-KxCJXXGsv9I-unsplas.jpg\",\"contentUrl\":\"https:\\\/\\\/tiketi.com\\\/wp-content\\\/uploads\\\/2022\\\/01\\\/flight-ticket-booking-sorasak-KxCJXXGsv9I-unsplas.jpg\",\"width\":1200,\"height\":240,\"caption\":\"Online flight ticket booking\"},{\"@type\":\"BreadcrumbList\",\"@id\":\"https:\\\/\\\/tiketi.com\\\/cheap-flights-to-accra-ghana\\\/#breadcrumb\",\"itemListElement\":[{\"@type\":\"ListItem\",\"position\":1,\"name\":\"Home\",\"item\":\"https:\\\/\\\/tiketi.com\\\/\"},{\"@type\":\"ListItem\",\"position\":2,\"name\":\"Cheap Flights to Accra Ghana\"}]},{\"@type\":\"WebSite\",\"@id\":\"https:\\\/\\\/tiketi.com\\\/#website\",\"url\":\"https:\\\/\\\/tiketi.com\\\/\",\"name\":\"Flight & Bus Tickets, Tour Packages & Activitites - Tiketi.com\",\"description\":\"Flight &amp; Bus Tickets, Tours, Activitites\",\"publisher\":{\"@id\":\"https:\\\/\\\/tiketi.com\\\/#organization\"},\"potentialAction\":[{\"@type\":\"SearchAction\",\"target\":{\"@type\":\"EntryPoint\",\"urlTemplate\":\"https:\\\/\\\/tiketi.com\\\/?s={search_term_string}\"},\"query-input\":{\"@type\":\"PropertyValueSpecification\",\"valueRequired\":true,\"valueName\":\"search_term_string\"}}],\"inLanguage\":\"fr-FR\"},{\"@type\":\"Organization\",\"@id\":\"https:\\\/\\\/tiketi.com\\\/#organization\",\"name\":\"Tiketi.com\",\"alternateName\":\"Tiketi\",\"url\":\"https:\\\/\\\/tiketi.com\\\/\",\"logo\":{\"@type\":\"ImageObject\",\"inLanguage\":\"fr-FR\",\"@id\":\"https:\\\/\\\/tiketi.com\\\/#\\\/schema\\\/logo\\\/image\\\/\",\"url\":\"https:\\\/\\\/tiketi.com\\\/wp-content\\\/uploads\\\/2019\\\/05\\\/tiketi-logo-696.png\",\"contentUrl\":\"https:\\\/\\\/tiketi.com\\\/wp-content\\\/uploads\\\/2019\\\/05\\\/tiketi-logo-696.png\",\"width\":696,\"height\":696,\"caption\":\"Tiketi.com\"},\"image\":{\"@id\":\"https:\\\/\\\/tiketi.com\\\/#\\\/schema\\\/logo\\\/image\\\/\"},\"sameAs\":[\"https:\\\/\\\/www.facebook.com\\\/TiketiCom\\\/\"]}]}<\/script>\n<!-- \/ Yoast SEO plugin. -->","yoast_head_json":{"title":"Vols pas chers vers Accra Ghana","description":"Vous recherchez des vols pas chers pour Accra ? Recherchez, comparez et r\u00e9servez un billet d&#039;avion pas cher de \u00e0 Accra Ghana en ligne","robots":{"index":"index","follow":"follow","max-snippet":"max-snippet:-1","max-image-preview":"max-image-preview:large","max-video-preview":"max-video-preview:-1"},"canonical":"https:\/\/tiketi.com\/fr-fr\/cheap-flights-to-accra-ghana\/","og_locale":"fr_FR","og_type":"article","og_title":"Cheap Flights to Accra Ghana","og_description":"Looking for cheap flights to\u00a0Accra? Search, compare and book cheap airline ticket from to\u00a0Accra Ghana online","og_url":"https:\/\/tiketi.com\/fr-fr\/cheap-flights-to-accra-ghana\/","og_site_name":"Tiketi.com","article_publisher":"https:\/\/www.facebook.com\/TiketiCom\/","article_modified_time":"2022-02-10T11:38:24+00:00","og_image":[{"width":1200,"height":240,"url":"https:\/\/tiketi.com\/wp-content\/uploads\/2022\/01\/flight-ticket-booking-sorasak-KxCJXXGsv9I-unsplas.jpg","type":"image\/jpeg"}],"twitter_card":"summary_large_image","twitter_misc":{"Dur\u00e9e de lecture estim\u00e9e":"5 minutes"},"schema":{"@context":"https:\/\/schema.org","@graph":[{"@type":"WebPage","@id":"https:\/\/tiketi.com\/cheap-flights-to-accra-ghana\/","url":"https:\/\/tiketi.com\/cheap-flights-to-accra-ghana\/","name":"Vols pas chers vers Accra Ghana","isPartOf":{"@id":"https:\/\/tiketi.com\/#website"},"primaryImageOfPage":{"@id":"https:\/\/tiketi.com\/cheap-flights-to-accra-ghana\/#primaryimage"},"image":{"@id":"https:\/\/tiketi.com\/cheap-flights-to-accra-ghana\/#primaryimage"},"thumbnailUrl":"https:\/\/tiketi.com\/wp-content\/uploads\/2022\/01\/flight-ticket-booking-sorasak-KxCJXXGsv9I-unsplas.jpg","datePublished":"2022-01-19T11:55:18+00:00","dateModified":"2022-02-10T11:38:24+00:00","description":"Vous recherchez des vols pas chers pour Accra ? Recherchez, comparez et r\u00e9servez un billet d&#039;avion pas cher de \u00e0 Accra Ghana en ligne","breadcrumb":{"@id":"https:\/\/tiketi.com\/cheap-flights-to-accra-ghana\/#breadcrumb"},"inLanguage":"fr-FR","potentialAction":[{"@type":"ReadAction","target":["https:\/\/tiketi.com\/cheap-flights-to-accra-ghana\/"]}]},{"@type":"ImageObject","inLanguage":"fr-FR","@id":"https:\/\/tiketi.com\/cheap-flights-to-accra-ghana\/#primaryimage","url":"https:\/\/tiketi.com\/wp-content\/uploads\/2022\/01\/flight-ticket-booking-sorasak-KxCJXXGsv9I-unsplas.jpg","contentUrl":"https:\/\/tiketi.com\/wp-content\/uploads\/2022\/01\/flight-ticket-booking-sorasak-KxCJXXGsv9I-unsplas.jpg","width":1200,"height":240,"caption":"Online flight ticket booking"},{"@type":"BreadcrumbList","@id":"https:\/\/tiketi.com\/cheap-flights-to-accra-ghana\/#breadcrumb","itemListElement":[{"@type":"ListItem","position":1,"name":"Home","item":"https:\/\/tiketi.com\/"},{"@type":"ListItem","position":2,"name":"Cheap Flights to Accra Ghana"}]},{"@type":"WebSite","@id":"https:\/\/tiketi.com\/#website","url":"https:\/\/tiketi.com\/","name":"Billets d&#039;avion et de bus, forfaits touristiques et activit\u00e9s - Tiketi.com","description":"Billets d&#039;avion et de bus, Tours, Activit\u00e9s","publisher":{"@id":"https:\/\/tiketi.com\/#organization"},"potentialAction":[{"@type":"SearchAction","target":{"@type":"EntryPoint","urlTemplate":"https:\/\/tiketi.com\/?s={search_term_string}"},"query-input":{"@type":"PropertyValueSpecification","valueRequired":true,"valueName":"search_term_string"}}],"inLanguage":"fr-FR"},{"@type":"Organization","@id":"https:\/\/tiketi.com\/#organization","name":"Tiketi.com","alternateName":"Tiketi","url":"https:\/\/tiketi.com\/","logo":{"@type":"ImageObject","inLanguage":"fr-FR","@id":"https:\/\/tiketi.com\/#\/schema\/logo\/image\/","url":"https:\/\/tiketi.com\/wp-content\/uploads\/2019\/05\/tiketi-logo-696.png","contentUrl":"https:\/\/tiketi.com\/wp-content\/uploads\/2019\/05\/tiketi-logo-696.png","width":696,"height":696,"caption":"Tiketi.com"},"image":{"@id":"https:\/\/tiketi.com\/#\/schema\/logo\/image\/"},"sameAs":["https:\/\/www.facebook.com\/TiketiCom\/"]}]}},"_links":{"self":[{"href":"https:\/\/tiketi.com\/fr-fr\/wp-json\/wp\/v2\/pages\/11861","targetHints":{"allow":["GET"]}}],"collection":[{"href":"https:\/\/tiketi.com\/fr-fr\/wp-json\/wp\/v2\/pages"}],"about":[{"href":"https:\/\/tiketi.com\/fr-fr\/wp-json\/wp\/v2\/types\/page"}],"author":[{"embeddable":true,"href":"https:\/\/tiketi.com\/fr-fr\/wp-json\/wp\/v2\/users\/1"}],"replies":[{"embeddable":true,"href":"https:\/\/tiketi.com\/fr-fr\/wp-json\/wp\/v2\/comments?post=11861"}],"version-history":[{"count":0,"href":"https:\/\/tiketi.com\/fr-fr\/wp-json\/wp\/v2\/pages\/11861\/revisions"}],"wp:featuredmedia":[{"embeddable":true,"href":"https:\/\/tiketi.com\/fr-fr\/wp-json\/wp\/v2\/media\/14041"}],"wp:attachment":[{"href":"https:\/\/tiketi.com\/fr-fr\/wp-json\/wp\/v2\/media?parent=11861"}],"curies":[{"name":"wp","href":"https:\/\/api.w.org\/{rel}","templated":true}]}}