{"id":11863,"date":"2022-01-19T12:55:18","date_gmt":"2022-01-19T11:55:18","guid":{"rendered":"https:\/\/new.tiketi.com\/cheap-flights-to-oman\/"},"modified":"2022-11-09T11:35:09","modified_gmt":"2022-11-09T10:35:09","slug":"oman","status":"publish","type":"page","link":"https:\/\/tiketi.com\/fr-fr\/cheap-flights\/oman\/","title":{"rendered":"Vols pas chers vers Oman"},"content":{"rendered":"<h2>\u00c0 la recherche d&#039;un billet d&#039;avion pas cher pour Oman ou d&#039;offres de derni\u00e8re minute ?<\/h2>\n<h3>Recherchez, comparez et r\u00e9servez des vols \u00e0 bas prix pour Oman en ligne d\u00e8s maintenant.<\/h3>\n<p>R\u00e9servez en ligne des vols pas chers pour Oman et \u00e9conomisez de l&#039;argent sur les billets d&#039;avion. Oman a beaucoup \u00e0 offrir aux visiteurs f\u00e9rus d&#039;histoire et de nature. Il est c\u00e9l\u00e8bre, non seulement pour le charme naturel qui entoure chaque recoin, mais aussi pour l&#039;\u00e9tonnante architecture des maisons, des ch\u00e2teaux, des forts, des mus\u00e9es et des mosqu\u00e9es. Bien qu&#039;une petite visite ne rende pas justice au pays, si vous ne disposez que de quelques jours, ciblez ces attractions incontournables. Comparez les prix et obtenez le tarif le plus bas sur les billets d&#039;avion pour Oman gr\u00e2ce \u00e0 des offres exceptionnelles sur la r\u00e9servation de billets en ligne de vols Oman.<\/p>\n<h2>Voici quelques-unes des meilleures attractions d&#039;Oman<\/h2>\n<h3>Muscat<\/h3>\n<p>Si vous ne voyagez qu&#039;\u00e0 un seul endroit \u00e0 Oman, ce sera probablement Mascate. Cette ville abrite des palais, des forts, des march\u00e9s et des mus\u00e9es, offrant quelque chose pour tout le monde. Toutes ces choses ont fait de cet endroit l&#039;une des principales attractions d&#039;Oman. Bien que vous ne puissiez pas voir la d\u00e9coration int\u00e9rieure du palais royal de Qasr Al Alam, vous pouvez vous diriger vers le port pour profiter d&#039;une vue rapproch\u00e9e de la charmante structure. En sentinelle au-dessus du palais se trouvent les ch\u00e2teaux jumeaux d&#039;Al Mirani et d&#039;Al Jalali, qui ont \u00e9t\u00e9 remplac\u00e9s par des mus\u00e9es et sont ouverts \u00e0 tous. Les visiteurs non musulmans peuvent \u00e9galement visiter la magnifique Grande Mosqu\u00e9e du Sultan Qaboos presque tous les matins, en approchant des caract\u00e9ristiques telles qu&#039;un grand lustre en cristal, des panneaux muraux en marbre et le deuxi\u00e8me plus grand tapis persan de la plan\u00e8te.<\/p>\n<h3>Fort de Nizwa<\/h3>\n<p>Un autre fort c\u00e9l\u00e8bre \u00e0 visiter est le fort de Nizwa du XVIIe si\u00e8cle avec sa magnifique tour circulaire que vous pouvez escalader pour admirer le souk, la mosqu\u00e9e, les montagnes rocheuses lointaines et les palmiers dattiers qui entourent cette ville oasis.<br \/>\nLe fort de Nizwa a \u00e9t\u00e9 r\u00e9cemment r\u00e9nov\u00e9 et il y a maintenant des objets historiques expos\u00e9s comme des outils, des bijoux et une chronologie de l&#039;histoire de la r\u00e9gion. Vous pouvez \u00e9galement regarder des dames faire de l&#039;artisanat et cuire du pain sur un feu ouvert.<\/p>\n<h3>Sables de Wahiba<\/h3>\n<p>Au centre d&#039;Oman, les dunes de sable s&#039;\u00e9tendent sur des kilom\u00e8tres et forment ce qu&#039;on appelle les sables de Wahiba. Dans cet endroit, le peuple Bedu vit, et c&#039;est un lieu touristique bien-aim\u00e9 pour ceux qui recherchent l&#039;Oman r\u00e9el, pur et conventionnel. Profitez du merveilleux mode de vie dans les sables de Wahiba en participant \u00e0 un voyage qui vous permet de faire une balade \u00e0 dos de chameau et de camper dans le grand d\u00e9sert.<\/p>\n<h2>FAQ sur les vols pas chers vers Oman<\/h2>\n<h3>Quel jour est le moins cher pour partir pour Oman ?<\/h3>\n<p>Le mercredi est actuellement, en moyenne, la journ\u00e9e la moins ch\u00e8re pour prendre l&#039;avion pour Oman. Les vols bon march\u00e9 vers Oman samedi entra\u00eeneront une hausse des prix des vols.<\/p>\n<h3>\u00c0 quelle heure de la journ\u00e9e est-il bon march\u00e9 de voler\u00a0?<\/h3>\n<p>\u00c0 l&#039;heure actuelle, les vols pas chers \u00e0 Oman en soir\u00e9e sont susceptibles d&#039;offrir le meilleur rapport qualit\u00e9-prix pour votre voyage \u00e0 Oman. Un vol \u00e0 midi sera le plus souvent au meilleur prix.<\/p>\n<h3>Quel est le meilleur moment pour r\u00e9server un billet d&#039;avion pas cher pour Oman ?<\/h3>\n<p>Le meilleur billet d&#039;avion pour Oman est de 50 jours avant la date de d\u00e9part souhait\u00e9e. Le co\u00fbt de votre vol \u00e0 Oman augmentera probablement consid\u00e9rablement si vous r\u00e9servez 2 semaines avant votre vol.<\/p>\n<h3>Quelle est la p\u00e9riode de l&#039;ann\u00e9e la moins ch\u00e8re pour partir pour Oman ?<\/h3>\n<p>Le moment le moins cher pour explorer Oman est les mois de novembre et octobre. Oman conna\u00eet une basse saison, juste avant les vacances de No\u00ebl, qui offre une chance en or \u00e0 tous ceux qui recherchent des vols et des offres d&#039;h\u00f4tel incroyables \u00e0 Oman. Pendant ces mois d&#039;automne, le temps est assez agr\u00e9able pour d\u00e9couvrir les tr\u00e8s vieux myst\u00e8res d&#039;Oman, mais la temp\u00e9rature moyenne d\u00e9passe toujours les 30 \u00b0 C, ce qui peut \u00eatre assez \u00e9crasant \u00e0 midi. Quoi qu&#039;il en soit, si vous planifiez vos excursions en cons\u00e9quence et que vous vous hydratez par intermittence, Oman peut \u00eatre un merveilleux lieu de vacances bon march\u00e9, avec des offres de vols \u00e0 bas prix pour Oman.<\/p>\n<h3>Quel est le meilleur moment pour visiter Oman ?<\/h3>\n<p>D\u00e9cembre \u00e0 f\u00e9vrier est l&#039;excellente p\u00e9riode de l&#039;ann\u00e9e pour faire un voyage \u00e0 Oman. Oman a principalement un climat chaud, c&#039;est pourquoi il est parfait pour le visiteur d&#039;aller \u00e0 Oman pendant la saison hivernale. La temp\u00e9rature pendant ces mois n&#039;augmente pas au-del\u00e0 de 26C. Il y a peu ou pas de pluie pendant ces p\u00e9riodes \u00e9galement, ce qui rend cette partie de l&#039;ann\u00e9e id\u00e9ale pour l&#039;exploration du pays. Il y a \u00e9galement une augmentation du nombre de visiteurs dans le pays pendant cette p\u00e9riode, en particulier apr\u00e8s les vacances de No\u00ebl \u00e0 la mi-janvier. Attendez-vous \u00e0 des tarifs plus \u00e9lev\u00e9s pour les billets d&#039;avion et l&#039;h\u00e9bergement pendant cette p\u00e9riode.<\/p>\n<h3>Quelles compagnies a\u00e9riennes op\u00e8rent des vols \u00e0 Oman ?<\/h3>\n<p>\u2022 Lufthansa<br \/>\n\u2022 Suisse<br \/>\n\u2022 \u00c9mirats<br \/>\n\u2022 KLM<br \/>\n\u2022 Qatar Airways<br \/>\n\u2022 British Airways<br \/>\n\u2022 Turkish Airlines<br \/>\n\u2022 Air d&#039;Oman<\/p>\n<h2>Se d\u00e9placer \u00e0 Oman<\/h2>\n<p>Se d\u00e9placer \u00e0 Oman est simple. \u00c9tant un grand pays producteur de p\u00e9trole, Oman a l&#039;un des tarifs de voyage les plus bas. Oman Air op\u00e8re un vol tous les jours entre Salalah et Mascate et propose aux compagnies a\u00e9riennes des billets d&#039;avion pas chers pour Oman. D&#039;autre part, les bus d\u00e9placent les gens entre les grandes villes comme Mascate, Salalah, Sur, Nizwa et Sohar plusieurs fois par jour. Le r\u00e9seau de bus s&#039;\u00e9tend en plus jusqu&#039;\u00e0 Abu Dhabi aux \u00c9mirats Arabes Unis. La conduite de taxi est une profession prot\u00e9g\u00e9e \u00e0 Oman, ce qui signifie que seuls les citoyens du pays sont autoris\u00e9s \u00e0 conduire un taxi. Il existe 2 types de taxis : collectifs et priv\u00e9s.<\/p>","protected":false},"excerpt":{"rendered":"<p>Looking for cheap airline ticket to Oman or last minute deals? Search, compare and book cheap Oman flights online now. Book cheap flights to Oman online and save money on airfare. Oman has much to provide visitors keen on history and the natural world. It is celebrated, not just for the natural charm that surrounds [&hellip;]<\/p>\n","protected":false},"author":1,"featured_media":14041,"parent":23264,"menu_order":0,"comment_status":"open","ping_status":"closed","template":"template-home-modern.php","meta":{"footnotes":""},"class_list":["post-11863","page","type-page","status-publish","has-post-thumbnail","hentry"],"yoast_head":"<!-- This site is optimized with the Yoast SEO plugin v27.2 - https:\/\/yoast.com\/product\/yoast-seo-wordpress\/ -->\n<title>Cheap Flights to Oman<\/title>\n<meta name=\"description\" content=\"Looking for cheap flights to\u00a0Oman? Search, compare and book cheap airline ticket from to\u00a0Oman online and save time and money\" \/>\n<meta name=\"robots\" content=\"index, follow, max-snippet:-1, max-image-preview:large, max-video-preview:-1\" \/>\n<link rel=\"canonical\" href=\"https:\/\/tiketi.com\/fr-fr\/cheap-flights\/oman\/\" \/>\n<meta property=\"og:locale\" content=\"fr_FR\" \/>\n<meta property=\"og:type\" content=\"article\" \/>\n<meta property=\"og:title\" content=\"Cheap Flights to Oman\" \/>\n<meta property=\"og:description\" content=\"Looking for cheap flights to\u00a0Oman? Search, compare and book cheap airline ticket from to\u00a0Oman online and save time and money\" \/>\n<meta property=\"og:url\" content=\"https:\/\/tiketi.com\/fr-fr\/cheap-flights\/oman\/\" \/>\n<meta property=\"og:site_name\" content=\"Tiketi.com\" \/>\n<meta property=\"article:publisher\" content=\"https:\/\/www.facebook.com\/TiketiCom\/\" \/>\n<meta property=\"article:modified_time\" content=\"2022-11-09T10:35:09+00:00\" \/>\n<meta property=\"og:image\" content=\"https:\/\/tiketi.com\/wp-content\/uploads\/2022\/01\/flight-ticket-booking-sorasak-KxCJXXGsv9I-unsplas.jpg\" \/>\n\t<meta property=\"og:image:width\" content=\"1200\" \/>\n\t<meta property=\"og:image:height\" content=\"240\" \/>\n\t<meta property=\"og:image:type\" content=\"image\/jpeg\" \/>\n<meta name=\"twitter:card\" content=\"summary_large_image\" \/>\n<meta name=\"twitter:label1\" content=\"Dur\u00e9e de lecture estim\u00e9e\" \/>\n\t<meta name=\"twitter:data1\" content=\"4 minutes\" \/>\n<script type=\"application\/ld+json\" class=\"yoast-schema-graph\">{\"@context\":\"https:\/\/schema.org\",\"@graph\":[{\"@type\":\"WebPage\",\"@id\":\"https:\/\/tiketi.com\/fr-fr\/cheap-flights\/oman\/\",\"url\":\"https:\/\/tiketi.com\/fr-fr\/cheap-flights\/oman\/\",\"name\":\"Cheap Flights to Oman\",\"isPartOf\":{\"@id\":\"https:\/\/tiketi.com\/#website\"},\"primaryImageOfPage\":{\"@id\":\"https:\/\/tiketi.com\/fr-fr\/cheap-flights\/oman\/#primaryimage\"},\"image\":{\"@id\":\"https:\/\/tiketi.com\/fr-fr\/cheap-flights\/oman\/#primaryimage\"},\"thumbnailUrl\":\"https:\/\/tiketi.com\/wp-content\/uploads\/2022\/01\/flight-ticket-booking-sorasak-KxCJXXGsv9I-unsplas.jpg\",\"datePublished\":\"2022-01-19T11:55:18+00:00\",\"dateModified\":\"2022-11-09T10:35:09+00:00\",\"description\":\"Looking for cheap flights to\u00a0Oman? Search, compare and book cheap airline ticket from to\u00a0Oman online and save time and money\",\"breadcrumb\":{\"@id\":\"https:\/\/tiketi.com\/fr-fr\/cheap-flights\/oman\/#breadcrumb\"},\"inLanguage\":\"fr-FR\",\"potentialAction\":[{\"@type\":\"ReadAction\",\"target\":[\"https:\/\/tiketi.com\/fr-fr\/cheap-flights\/oman\/\"]}]},{\"@type\":\"ImageObject\",\"inLanguage\":\"fr-FR\",\"@id\":\"https:\/\/tiketi.com\/fr-fr\/cheap-flights\/oman\/#primaryimage\",\"url\":\"https:\/\/tiketi.com\/wp-content\/uploads\/2022\/01\/flight-ticket-booking-sorasak-KxCJXXGsv9I-unsplas.jpg\",\"contentUrl\":\"https:\/\/tiketi.com\/wp-content\/uploads\/2022\/01\/flight-ticket-booking-sorasak-KxCJXXGsv9I-unsplas.jpg\",\"width\":1200,\"height\":240,\"caption\":\"Online flight ticket booking\"},{\"@type\":\"BreadcrumbList\",\"@id\":\"https:\/\/tiketi.com\/fr-fr\/cheap-flights\/oman\/#breadcrumb\",\"itemListElement\":[{\"@type\":\"ListItem\",\"position\":1,\"name\":\"Home\",\"item\":\"https:\/\/tiketi.com\/\"},{\"@type\":\"ListItem\",\"position\":2,\"name\":\"Cheap Flights\",\"item\":\"https:\/\/tiketi.com\/cheap-flights\/\"},{\"@type\":\"ListItem\",\"position\":3,\"name\":\"Cheap Flights to Oman\"}]},{\"@type\":\"WebSite\",\"@id\":\"https:\/\/tiketi.com\/#website\",\"url\":\"https:\/\/tiketi.com\/\",\"name\":\"Flight & Bus Tickets, Tour Packages & Activitites - Tiketi.com\",\"description\":\"Flight &amp; Bus Tickets, Tours, Activitites\",\"publisher\":{\"@id\":\"https:\/\/tiketi.com\/#organization\"},\"potentialAction\":[{\"@type\":\"SearchAction\",\"target\":{\"@type\":\"EntryPoint\",\"urlTemplate\":\"https:\/\/tiketi.com\/?s={search_term_string}\"},\"query-input\":{\"@type\":\"PropertyValueSpecification\",\"valueRequired\":true,\"valueName\":\"search_term_string\"}}],\"inLanguage\":\"fr-FR\"},{\"@type\":\"Organization\",\"@id\":\"https:\/\/tiketi.com\/#organization\",\"name\":\"Tiketi.com\",\"alternateName\":\"Tiketi\",\"url\":\"https:\/\/tiketi.com\/\",\"logo\":{\"@type\":\"ImageObject\",\"inLanguage\":\"fr-FR\",\"@id\":\"https:\/\/tiketi.com\/#\/schema\/logo\/image\/\",\"url\":\"https:\/\/tiketi.com\/wp-content\/uploads\/2019\/05\/tiketi-logo-696.png\",\"contentUrl\":\"https:\/\/tiketi.com\/wp-content\/uploads\/2019\/05\/tiketi-logo-696.png\",\"width\":696,\"height\":696,\"caption\":\"Tiketi.com\"},\"image\":{\"@id\":\"https:\/\/tiketi.com\/#\/schema\/logo\/image\/\"},\"sameAs\":[\"https:\/\/www.facebook.com\/TiketiCom\/\"]}]}<\/script>\n<!-- \/ Yoast SEO plugin. -->","yoast_head_json":{"title":"Vols pas chers vers Oman","description":"Vous cherchez des vols pas chers vers Oman ? Recherchez, comparez et r\u00e9servez en ligne un billet d&#039;avion pas cher de vers Oman et gagnez du temps et de l&#039;argent","robots":{"index":"index","follow":"follow","max-snippet":"max-snippet:-1","max-image-preview":"max-image-preview:large","max-video-preview":"max-video-preview:-1"},"canonical":"https:\/\/tiketi.com\/fr-fr\/cheap-flights\/oman\/","og_locale":"fr_FR","og_type":"article","og_title":"Cheap Flights to Oman","og_description":"Looking for cheap flights to\u00a0Oman? Search, compare and book cheap airline ticket from to\u00a0Oman online and save time and money","og_url":"https:\/\/tiketi.com\/fr-fr\/cheap-flights\/oman\/","og_site_name":"Tiketi.com","article_publisher":"https:\/\/www.facebook.com\/TiketiCom\/","article_modified_time":"2022-11-09T10:35:09+00:00","og_image":[{"width":1200,"height":240,"url":"https:\/\/tiketi.com\/wp-content\/uploads\/2022\/01\/flight-ticket-booking-sorasak-KxCJXXGsv9I-unsplas.jpg","type":"image\/jpeg"}],"twitter_card":"summary_large_image","twitter_misc":{"Dur\u00e9e de lecture estim\u00e9e":"4 minutes"},"schema":{"@context":"https:\/\/schema.org","@graph":[{"@type":"WebPage","@id":"https:\/\/tiketi.com\/fr-fr\/cheap-flights\/oman\/","url":"https:\/\/tiketi.com\/fr-fr\/cheap-flights\/oman\/","name":"Vols pas chers vers Oman","isPartOf":{"@id":"https:\/\/tiketi.com\/#website"},"primaryImageOfPage":{"@id":"https:\/\/tiketi.com\/fr-fr\/cheap-flights\/oman\/#primaryimage"},"image":{"@id":"https:\/\/tiketi.com\/fr-fr\/cheap-flights\/oman\/#primaryimage"},"thumbnailUrl":"https:\/\/tiketi.com\/wp-content\/uploads\/2022\/01\/flight-ticket-booking-sorasak-KxCJXXGsv9I-unsplas.jpg","datePublished":"2022-01-19T11:55:18+00:00","dateModified":"2022-11-09T10:35:09+00:00","description":"Vous cherchez des vols pas chers vers Oman ? Recherchez, comparez et r\u00e9servez en ligne un billet d&#039;avion pas cher de vers Oman et gagnez du temps et de l&#039;argent","breadcrumb":{"@id":"https:\/\/tiketi.com\/fr-fr\/cheap-flights\/oman\/#breadcrumb"},"inLanguage":"fr-FR","potentialAction":[{"@type":"ReadAction","target":["https:\/\/tiketi.com\/fr-fr\/cheap-flights\/oman\/"]}]},{"@type":"ImageObject","inLanguage":"fr-FR","@id":"https:\/\/tiketi.com\/fr-fr\/cheap-flights\/oman\/#primaryimage","url":"https:\/\/tiketi.com\/wp-content\/uploads\/2022\/01\/flight-ticket-booking-sorasak-KxCJXXGsv9I-unsplas.jpg","contentUrl":"https:\/\/tiketi.com\/wp-content\/uploads\/2022\/01\/flight-ticket-booking-sorasak-KxCJXXGsv9I-unsplas.jpg","width":1200,"height":240,"caption":"Online flight ticket booking"},{"@type":"BreadcrumbList","@id":"https:\/\/tiketi.com\/fr-fr\/cheap-flights\/oman\/#breadcrumb","itemListElement":[{"@type":"ListItem","position":1,"name":"Home","item":"https:\/\/tiketi.com\/"},{"@type":"ListItem","position":2,"name":"Cheap Flights","item":"https:\/\/tiketi.com\/cheap-flights\/"},{"@type":"ListItem","position":3,"name":"Cheap Flights to Oman"}]},{"@type":"WebSite","@id":"https:\/\/tiketi.com\/#website","url":"https:\/\/tiketi.com\/","name":"Billets d&#039;avion et de bus, forfaits touristiques et activit\u00e9s - Tiketi.com","description":"Billets d&#039;avion et de bus, Tours, Activit\u00e9s","publisher":{"@id":"https:\/\/tiketi.com\/#organization"},"potentialAction":[{"@type":"SearchAction","target":{"@type":"EntryPoint","urlTemplate":"https:\/\/tiketi.com\/?s={search_term_string}"},"query-input":{"@type":"PropertyValueSpecification","valueRequired":true,"valueName":"search_term_string"}}],"inLanguage":"fr-FR"},{"@type":"Organization","@id":"https:\/\/tiketi.com\/#organization","name":"Tiketi.com","alternateName":"Tiketi","url":"https:\/\/tiketi.com\/","logo":{"@type":"ImageObject","inLanguage":"fr-FR","@id":"https:\/\/tiketi.com\/#\/schema\/logo\/image\/","url":"https:\/\/tiketi.com\/wp-content\/uploads\/2019\/05\/tiketi-logo-696.png","contentUrl":"https:\/\/tiketi.com\/wp-content\/uploads\/2019\/05\/tiketi-logo-696.png","width":696,"height":696,"caption":"Tiketi.com"},"image":{"@id":"https:\/\/tiketi.com\/#\/schema\/logo\/image\/"},"sameAs":["https:\/\/www.facebook.com\/TiketiCom\/"]}]}},"_links":{"self":[{"href":"https:\/\/tiketi.com\/fr-fr\/wp-json\/wp\/v2\/pages\/11863","targetHints":{"allow":["GET"]}}],"collection":[{"href":"https:\/\/tiketi.com\/fr-fr\/wp-json\/wp\/v2\/pages"}],"about":[{"href":"https:\/\/tiketi.com\/fr-fr\/wp-json\/wp\/v2\/types\/page"}],"author":[{"embeddable":true,"href":"https:\/\/tiketi.com\/fr-fr\/wp-json\/wp\/v2\/users\/1"}],"replies":[{"embeddable":true,"href":"https:\/\/tiketi.com\/fr-fr\/wp-json\/wp\/v2\/comments?post=11863"}],"version-history":[{"count":0,"href":"https:\/\/tiketi.com\/fr-fr\/wp-json\/wp\/v2\/pages\/11863\/revisions"}],"up":[{"embeddable":true,"href":"https:\/\/tiketi.com\/fr-fr\/wp-json\/wp\/v2\/pages\/23264"}],"wp:featuredmedia":[{"embeddable":true,"href":"https:\/\/tiketi.com\/fr-fr\/wp-json\/wp\/v2\/media\/14041"}],"wp:attachment":[{"href":"https:\/\/tiketi.com\/fr-fr\/wp-json\/wp\/v2\/media?parent=11863"}],"curies":[{"name":"wp","href":"https:\/\/api.w.org\/{rel}","templated":true}]}}