{"id":11865,"date":"2022-01-19T12:55:18","date_gmt":"2022-01-19T11:55:18","guid":{"rendered":"https:\/\/new.tiketi.com\/cheap-flights-to-comoros\/"},"modified":"2022-11-09T16:42:15","modified_gmt":"2022-11-09T15:42:15","slug":"comoros","status":"publish","type":"page","link":"https:\/\/tiketi.com\/fr-fr\/cheap-flights\/comoros\/","title":{"rendered":"Vols pas chers vers Comores"},"content":{"rendered":"<h2>Vous recherchez un billet d&#039;avion pas cher pour les Comores ou des offres de derni\u00e8re minute ?<\/h2>\n<h3>Recherchez, comparez et r\u00e9servez en ligne d\u00e8s maintenant votre billet d&#039;avion pas cher Comores.<\/h3>\n<p>R\u00e9servez en ligne des vols pas chers pour les Comores et \u00e9conomisez de l&#039;argent sur les billets d&#039;avion. Les \u00eeles qui forment l&#039;archipel des Comores contiennent les grandes \u00eeles de Mwali, Nzwani et Ngazidja. La capitale des Comores, Moroni, avec son environnement colonial attire un certain nombre de visiteurs. Comparez les prix et obtenez les tarifs les plus bas sur les billets d&#039;avion pour Comores gr\u00e2ce \u00e0 des offres exceptionnelles sur la r\u00e9servation de billets en ligne de vols Comores.<\/p>\n<h2>Voici quelques-unes des meilleures attractions des Comores sont<\/h2>\n<h3>Mont Karthala<\/h3>\n<p>Le mont Karthala est le point culminant des Comores et se situe sur l&#039;\u00eele de la Grande Comore. Le mont Karthala de l&#039;\u00eele de Ngazidja aux Comores a la particularit\u00e9 d&#039;\u00eatre le point culminant de l&#039;archipel de l&#039;oc\u00e9an Indien. Le sommet de la montagne est estim\u00e9 \u00e0 2361 m\u00e8tres d&#039;altitude.<br \/>\nCe volcan dynamique est entr\u00e9 en \u00e9ruption environ 20 fois depuis le 19\u00e8me si\u00e8cle. De fr\u00e9quentes \u00e9ruptions ont fa\u00e7onn\u00e9 le mont Karthala en caldeira.<\/p>\n<h3>Le parc marin<\/h3>\n<p>Le parc marin couvre une superficie de 404 km2 et contient des zones rocheuses et des plages, des \u00eeles au large, des r\u00e9cifs coralliens bien d\u00e9velopp\u00e9s et des peuplements de mangroves dispers\u00e9s.<br \/>\nLe parc est \u00e9galement d&#039;importance internationale et r\u00e9gionale pour sa colonie de reproduction de plusieurs milliers de noddies, sa plage de nidification pour quelque cinq mille tortues vertes, une petite population r\u00e9sidente de dugongs et l&#039;observation r\u00e9guli\u00e8re de dauphins et de baleines.<\/p>\n<h3>Ile de Ngazidja et La Sale<\/h3>\n<p>L&#039;attraction principale de l&#039;\u00eele de Ngazidja aux Comores est la montagne volcanique dynamique appel\u00e9e mont Karthala. D&#039;autres attractions de l&#039;\u00eele de Ngazidja aux Comores contiennent la mosqu\u00e9e Vendredi. La mosqu\u00e9e est plac\u00e9e tr\u00e8s pr\u00e8s du port. Le sommet de la mosqu\u00e9e offre une vue parfaite sur toute la ville de Moroni. La ville elle-m\u00eame est un \u00e9tablissement urbain remarquable de conception coloniale et borde de boulevards. Les rues \u00e9troites et sinueuses de Moroni ont un charme particulier. L&#039;\u00eele de Ngazidja poss\u00e8de \u00e9galement quelques sources chaudes de soufre. De nombreux visiteurs de l&#039;\u00eele visitent le lac Sale pour observer la merveille naturelle.<\/p>\n<h3>Moroni<\/h3>\n<p>La capitale des Comores, la ville est la ville swahili des Comores. La ville abrite tous les lieux vitaux, comme les b\u00e2timents administratifs, etc. La mosqu\u00e9e Badjanani, ou l&#039;ancienne mosqu\u00e9e du vendredi, m\u00e9rite d&#039;\u00eatre mentionn\u00e9e, car elle attire des visiteurs de partout dans ce lieu de culte sacr\u00e9 pour son architecture complexe en pierre. La ville est vintage et tr\u00e8s ancienne, et refl\u00e8te bien son pass\u00e9.<\/p>\n<h2>FAQ sur les vols pas chers vers les Comores<\/h2>\n<h3>Quel jour est le moins cher pour partir pour Comores ?<\/h3>\n<p>En ce moment, le vendredi est le jour le plus parfait pour prendre un vol pas cher vers les Comores. Le mardi est probablement le plus cher.<\/p>\n<h3>\u00c0 quel moment de la journ\u00e9e est-il le moins cher de r\u00e9server un billet d&#039;avion pour les Comores\u00a0?<\/h3>\n<p>\u00c0 l&#039;heure actuelle, les billets d&#039;avion pour les Comores \u00e0 midi sont susceptibles d&#039;offrir le meilleur rapport qualit\u00e9-prix pour votre voyage aux Comores. Un vol direct vers les Comores dans l&#039;apr\u00e8s-midi sera le plus souvent au meilleur prix.<\/p>\n<h3>Quel est le meilleur moment pour s&#039;envoler pour les Comores ?<\/h3>\n<p>Janvier est g\u00e9n\u00e9ralement le meilleur moment pour les vols vers les Comores, mais il existe d&#039;autres moments o\u00f9 d&#039;incroyables offres de billets d&#039;avion pour les Comores et d&#039;h\u00f4tels sont accessibles.<\/p>\n<h3>Meilleur moment pour visiter les Comores<\/h3>\n<p><strong>Haute saison<\/strong><br \/>\nLes Comores se caract\u00e9risent par son climat tropical, r\u00e9gi par sa saison s\u00e8che et humide. Vous trouverez le temps plut\u00f4t mousson et humide entre les mois de janvier et mai, quand il est aussi le plus humide. Le temps est incroyable pour visiter entre juin et novembre, avec une temp\u00e9rature chaude et moins de pluie. La temp\u00e9rature moyenne en saison s\u00e8che varie entre 18 C et 27 C pendant la saison s\u00e8che.<br \/>\nR\u00e9server un vol pour les Comores pendant la haute saison signifie que vous visiterez les Comores au meilleur moment possible, car la plupart des attractions touristiques seront ouvertes aux affaires. Quoi qu&#039;il en soit, si vous ne r\u00e9servez pas \u00e0 l&#039;avance, vous courez le risque de manquer les meilleures offres de vols, h\u00f4tels et attractions des Comores aux Comores. Assurez-vous donc de r\u00e9server vos activit\u00e9s suffisamment \u00e0 l&#039;avance pour ne pas \u00eatre d\u00e9\u00e7u.<\/p>\n<p><strong>Hors saison<\/strong><br \/>\nLes vols bon march\u00e9 vers les Comores pendant la saison creuse peuvent \u00eatre un moyen remarquable de garder de l&#039;argent car les h\u00f4tels et les vols sont g\u00e9n\u00e9ralement abordables \u00e0 cette \u00e9poque. En r\u00e9servant un billet d&#039;avion pas cher pour les Comores, vous devriez d\u00e9penser le franc comorien que vous avez \u00e9conomis\u00e9 sur d&#039;autres choses telles que les boissons, la nourriture et les activit\u00e9s. Quoi qu&#039;il en soit, vous devez \u00e9galement \u00eatre conscient que certaines attractions peuvent \u00eatre ferm\u00e9es ou avoir des horaires limit\u00e9s pendant la saison creuse.<br \/>\nQuelles compagnies a\u00e9riennes op\u00e8rent des vols pas chers Comores ?<br \/>\nTurkish Airlines, Ethiopian Airlines, Kenya Airways, Air Tanzania, EWA Air et Air Madagascar sont quelques-unes des compagnies a\u00e9riennes c\u00e9l\u00e8bres qui op\u00e8rent des vols vers les Comores.<\/p>\n<h2>Se d\u00e9placer aux Comores<\/h2>\n<h3>En voiture<\/h3>\n<p>Seulement sur l&#039;\u00eele principale (Grande Comore) il y a des v\u00e9hicules de location accessibles, mais c&#039;est assez cher. La circulation roule \u00e0 droite et vous avez besoin d&#039;un permis de conduire international.<\/p>\n<h3>En bus<\/h3>\n<p>Les d\u00e9placements se font en taxi-brousses ou taxi collectif. Les services sont fr\u00e9quents dans certains endroits, mais moins fr\u00e9quents dans les endroits les plus \u00e9loign\u00e9s ou sur l&#039;\u00eele ext\u00e9rieure.<\/p>\n<h3>En bateau<\/h3>\n<p>Il existe des services r\u00e9guliers de passagers et de fret entre les \u00eeles. Anjouan et Moheli sont les principales liaisons depuis la Grande Comore.<\/p>\n<h3>En avion<\/h3>\n<p>Comores Aviation propose des services entre les \u00eeles. Air Services Comores propose \u00e9galement des vols.<\/p>","protected":false},"excerpt":{"rendered":"<p>Looking for cheap airline ticket to Comoros or last minute deals? Search, compare and book cheap airline ticket Comoros online now. Book cheap flights to Comoros online and save money on airfare. The islands that form the Comoros archipelago contain the big islands of Mwali, Nzwani, and Ngazidja. The Comoros capital city of Moroni with [&hellip;]<\/p>\n","protected":false},"author":1,"featured_media":14041,"parent":23264,"menu_order":0,"comment_status":"open","ping_status":"closed","template":"template-home-modern.php","meta":{"footnotes":""},"class_list":["post-11865","page","type-page","status-publish","has-post-thumbnail","hentry"],"yoast_head":"<!-- This site is optimized with the Yoast SEO plugin v27.2 - https:\/\/yoast.com\/product\/yoast-seo-wordpress\/ -->\n<title>Cheap Flights to Comoros<\/title>\n<meta name=\"description\" content=\"Looking for cheap flights to\u00a0Comoros? Search, compare and book cheap airline ticket from to\u00a0Comoros online\" \/>\n<meta name=\"robots\" content=\"index, follow, max-snippet:-1, max-image-preview:large, max-video-preview:-1\" \/>\n<link rel=\"canonical\" href=\"https:\/\/tiketi.com\/fr-fr\/cheap-flights\/comoros\/\" \/>\n<meta property=\"og:locale\" content=\"fr_FR\" \/>\n<meta property=\"og:type\" content=\"article\" \/>\n<meta property=\"og:title\" content=\"Cheap Flights to Comoros\" \/>\n<meta property=\"og:description\" content=\"Looking for cheap flights to\u00a0Comoros? Search, compare and book cheap airline ticket from to\u00a0Comoros online\" \/>\n<meta property=\"og:url\" content=\"https:\/\/tiketi.com\/fr-fr\/cheap-flights\/comoros\/\" \/>\n<meta property=\"og:site_name\" content=\"Tiketi.com\" \/>\n<meta property=\"article:publisher\" content=\"https:\/\/www.facebook.com\/TiketiCom\/\" \/>\n<meta property=\"article:modified_time\" content=\"2022-11-09T15:42:15+00:00\" \/>\n<meta property=\"og:image\" content=\"https:\/\/tiketi.com\/wp-content\/uploads\/2022\/01\/flight-ticket-booking-sorasak-KxCJXXGsv9I-unsplas.jpg\" \/>\n\t<meta property=\"og:image:width\" content=\"1200\" \/>\n\t<meta property=\"og:image:height\" content=\"240\" \/>\n\t<meta property=\"og:image:type\" content=\"image\/jpeg\" \/>\n<meta name=\"twitter:card\" content=\"summary_large_image\" \/>\n<meta name=\"twitter:label1\" content=\"Dur\u00e9e de lecture estim\u00e9e\" \/>\n\t<meta name=\"twitter:data1\" content=\"4 minutes\" \/>\n<script type=\"application\/ld+json\" class=\"yoast-schema-graph\">{\"@context\":\"https:\/\/schema.org\",\"@graph\":[{\"@type\":\"WebPage\",\"@id\":\"https:\/\/tiketi.com\/fr-fr\/cheap-flights\/comoros\/\",\"url\":\"https:\/\/tiketi.com\/fr-fr\/cheap-flights\/comoros\/\",\"name\":\"Cheap Flights to Comoros\",\"isPartOf\":{\"@id\":\"https:\/\/tiketi.com\/#website\"},\"primaryImageOfPage\":{\"@id\":\"https:\/\/tiketi.com\/fr-fr\/cheap-flights\/comoros\/#primaryimage\"},\"image\":{\"@id\":\"https:\/\/tiketi.com\/fr-fr\/cheap-flights\/comoros\/#primaryimage\"},\"thumbnailUrl\":\"https:\/\/tiketi.com\/wp-content\/uploads\/2022\/01\/flight-ticket-booking-sorasak-KxCJXXGsv9I-unsplas.jpg\",\"datePublished\":\"2022-01-19T11:55:18+00:00\",\"dateModified\":\"2022-11-09T15:42:15+00:00\",\"description\":\"Looking for cheap flights to\u00a0Comoros? Search, compare and book cheap airline ticket from to\u00a0Comoros online\",\"breadcrumb\":{\"@id\":\"https:\/\/tiketi.com\/fr-fr\/cheap-flights\/comoros\/#breadcrumb\"},\"inLanguage\":\"fr-FR\",\"potentialAction\":[{\"@type\":\"ReadAction\",\"target\":[\"https:\/\/tiketi.com\/fr-fr\/cheap-flights\/comoros\/\"]}]},{\"@type\":\"ImageObject\",\"inLanguage\":\"fr-FR\",\"@id\":\"https:\/\/tiketi.com\/fr-fr\/cheap-flights\/comoros\/#primaryimage\",\"url\":\"https:\/\/tiketi.com\/wp-content\/uploads\/2022\/01\/flight-ticket-booking-sorasak-KxCJXXGsv9I-unsplas.jpg\",\"contentUrl\":\"https:\/\/tiketi.com\/wp-content\/uploads\/2022\/01\/flight-ticket-booking-sorasak-KxCJXXGsv9I-unsplas.jpg\",\"width\":1200,\"height\":240,\"caption\":\"Online flight ticket booking\"},{\"@type\":\"BreadcrumbList\",\"@id\":\"https:\/\/tiketi.com\/fr-fr\/cheap-flights\/comoros\/#breadcrumb\",\"itemListElement\":[{\"@type\":\"ListItem\",\"position\":1,\"name\":\"Home\",\"item\":\"https:\/\/tiketi.com\/\"},{\"@type\":\"ListItem\",\"position\":2,\"name\":\"Cheap Flights\",\"item\":\"https:\/\/tiketi.com\/cheap-flights\/\"},{\"@type\":\"ListItem\",\"position\":3,\"name\":\"Cheap Flights to Comoros\"}]},{\"@type\":\"WebSite\",\"@id\":\"https:\/\/tiketi.com\/#website\",\"url\":\"https:\/\/tiketi.com\/\",\"name\":\"Flight & Bus Tickets, Tour Packages & Activitites - Tiketi.com\",\"description\":\"Flight &amp; Bus Tickets, Tours, Activitites\",\"publisher\":{\"@id\":\"https:\/\/tiketi.com\/#organization\"},\"potentialAction\":[{\"@type\":\"SearchAction\",\"target\":{\"@type\":\"EntryPoint\",\"urlTemplate\":\"https:\/\/tiketi.com\/?s={search_term_string}\"},\"query-input\":{\"@type\":\"PropertyValueSpecification\",\"valueRequired\":true,\"valueName\":\"search_term_string\"}}],\"inLanguage\":\"fr-FR\"},{\"@type\":\"Organization\",\"@id\":\"https:\/\/tiketi.com\/#organization\",\"name\":\"Tiketi.com\",\"alternateName\":\"Tiketi\",\"url\":\"https:\/\/tiketi.com\/\",\"logo\":{\"@type\":\"ImageObject\",\"inLanguage\":\"fr-FR\",\"@id\":\"https:\/\/tiketi.com\/#\/schema\/logo\/image\/\",\"url\":\"https:\/\/tiketi.com\/wp-content\/uploads\/2019\/05\/tiketi-logo-696.png\",\"contentUrl\":\"https:\/\/tiketi.com\/wp-content\/uploads\/2019\/05\/tiketi-logo-696.png\",\"width\":696,\"height\":696,\"caption\":\"Tiketi.com\"},\"image\":{\"@id\":\"https:\/\/tiketi.com\/#\/schema\/logo\/image\/\"},\"sameAs\":[\"https:\/\/www.facebook.com\/TiketiCom\/\"]}]}<\/script>\n<!-- \/ Yoast SEO plugin. -->","yoast_head_json":{"title":"Vols pas chers vers Comores","description":"Vous cherchez des vols pas chers vers Comores ? Recherchez, comparez et r\u00e9servez en ligne un billet d&#039;avion pas cher de vers Comores","robots":{"index":"index","follow":"follow","max-snippet":"max-snippet:-1","max-image-preview":"max-image-preview:large","max-video-preview":"max-video-preview:-1"},"canonical":"https:\/\/tiketi.com\/fr-fr\/cheap-flights\/comoros\/","og_locale":"fr_FR","og_type":"article","og_title":"Cheap Flights to Comoros","og_description":"Looking for cheap flights to\u00a0Comoros? Search, compare and book cheap airline ticket from to\u00a0Comoros online","og_url":"https:\/\/tiketi.com\/fr-fr\/cheap-flights\/comoros\/","og_site_name":"Tiketi.com","article_publisher":"https:\/\/www.facebook.com\/TiketiCom\/","article_modified_time":"2022-11-09T15:42:15+00:00","og_image":[{"width":1200,"height":240,"url":"https:\/\/tiketi.com\/wp-content\/uploads\/2022\/01\/flight-ticket-booking-sorasak-KxCJXXGsv9I-unsplas.jpg","type":"image\/jpeg"}],"twitter_card":"summary_large_image","twitter_misc":{"Dur\u00e9e de lecture estim\u00e9e":"4 minutes"},"schema":{"@context":"https:\/\/schema.org","@graph":[{"@type":"WebPage","@id":"https:\/\/tiketi.com\/fr-fr\/cheap-flights\/comoros\/","url":"https:\/\/tiketi.com\/fr-fr\/cheap-flights\/comoros\/","name":"Vols pas chers vers Comores","isPartOf":{"@id":"https:\/\/tiketi.com\/#website"},"primaryImageOfPage":{"@id":"https:\/\/tiketi.com\/fr-fr\/cheap-flights\/comoros\/#primaryimage"},"image":{"@id":"https:\/\/tiketi.com\/fr-fr\/cheap-flights\/comoros\/#primaryimage"},"thumbnailUrl":"https:\/\/tiketi.com\/wp-content\/uploads\/2022\/01\/flight-ticket-booking-sorasak-KxCJXXGsv9I-unsplas.jpg","datePublished":"2022-01-19T11:55:18+00:00","dateModified":"2022-11-09T15:42:15+00:00","description":"Vous cherchez des vols pas chers vers Comores ? Recherchez, comparez et r\u00e9servez en ligne un billet d&#039;avion pas cher de vers Comores","breadcrumb":{"@id":"https:\/\/tiketi.com\/fr-fr\/cheap-flights\/comoros\/#breadcrumb"},"inLanguage":"fr-FR","potentialAction":[{"@type":"ReadAction","target":["https:\/\/tiketi.com\/fr-fr\/cheap-flights\/comoros\/"]}]},{"@type":"ImageObject","inLanguage":"fr-FR","@id":"https:\/\/tiketi.com\/fr-fr\/cheap-flights\/comoros\/#primaryimage","url":"https:\/\/tiketi.com\/wp-content\/uploads\/2022\/01\/flight-ticket-booking-sorasak-KxCJXXGsv9I-unsplas.jpg","contentUrl":"https:\/\/tiketi.com\/wp-content\/uploads\/2022\/01\/flight-ticket-booking-sorasak-KxCJXXGsv9I-unsplas.jpg","width":1200,"height":240,"caption":"Online flight ticket booking"},{"@type":"BreadcrumbList","@id":"https:\/\/tiketi.com\/fr-fr\/cheap-flights\/comoros\/#breadcrumb","itemListElement":[{"@type":"ListItem","position":1,"name":"Home","item":"https:\/\/tiketi.com\/"},{"@type":"ListItem","position":2,"name":"Cheap Flights","item":"https:\/\/tiketi.com\/cheap-flights\/"},{"@type":"ListItem","position":3,"name":"Cheap Flights to Comoros"}]},{"@type":"WebSite","@id":"https:\/\/tiketi.com\/#website","url":"https:\/\/tiketi.com\/","name":"Billets d&#039;avion et de bus, forfaits touristiques et activit\u00e9s - Tiketi.com","description":"Billets d&#039;avion et de bus, Tours, Activit\u00e9s","publisher":{"@id":"https:\/\/tiketi.com\/#organization"},"potentialAction":[{"@type":"SearchAction","target":{"@type":"EntryPoint","urlTemplate":"https:\/\/tiketi.com\/?s={search_term_string}"},"query-input":{"@type":"PropertyValueSpecification","valueRequired":true,"valueName":"search_term_string"}}],"inLanguage":"fr-FR"},{"@type":"Organization","@id":"https:\/\/tiketi.com\/#organization","name":"Tiketi.com","alternateName":"Tiketi","url":"https:\/\/tiketi.com\/","logo":{"@type":"ImageObject","inLanguage":"fr-FR","@id":"https:\/\/tiketi.com\/#\/schema\/logo\/image\/","url":"https:\/\/tiketi.com\/wp-content\/uploads\/2019\/05\/tiketi-logo-696.png","contentUrl":"https:\/\/tiketi.com\/wp-content\/uploads\/2019\/05\/tiketi-logo-696.png","width":696,"height":696,"caption":"Tiketi.com"},"image":{"@id":"https:\/\/tiketi.com\/#\/schema\/logo\/image\/"},"sameAs":["https:\/\/www.facebook.com\/TiketiCom\/"]}]}},"_links":{"self":[{"href":"https:\/\/tiketi.com\/fr-fr\/wp-json\/wp\/v2\/pages\/11865","targetHints":{"allow":["GET"]}}],"collection":[{"href":"https:\/\/tiketi.com\/fr-fr\/wp-json\/wp\/v2\/pages"}],"about":[{"href":"https:\/\/tiketi.com\/fr-fr\/wp-json\/wp\/v2\/types\/page"}],"author":[{"embeddable":true,"href":"https:\/\/tiketi.com\/fr-fr\/wp-json\/wp\/v2\/users\/1"}],"replies":[{"embeddable":true,"href":"https:\/\/tiketi.com\/fr-fr\/wp-json\/wp\/v2\/comments?post=11865"}],"version-history":[{"count":0,"href":"https:\/\/tiketi.com\/fr-fr\/wp-json\/wp\/v2\/pages\/11865\/revisions"}],"up":[{"embeddable":true,"href":"https:\/\/tiketi.com\/fr-fr\/wp-json\/wp\/v2\/pages\/23264"}],"wp:featuredmedia":[{"embeddable":true,"href":"https:\/\/tiketi.com\/fr-fr\/wp-json\/wp\/v2\/media\/14041"}],"wp:attachment":[{"href":"https:\/\/tiketi.com\/fr-fr\/wp-json\/wp\/v2\/media?parent=11865"}],"curies":[{"name":"wp","href":"https:\/\/api.w.org\/{rel}","templated":true}]}}