{"id":11866,"date":"2022-01-19T12:55:18","date_gmt":"2022-01-19T11:55:18","guid":{"rendered":"https:\/\/new.tiketi.com\/cheap-flights-to-reunion\/"},"modified":"2022-02-10T15:30:48","modified_gmt":"2022-02-10T14:30:48","slug":"cheap-flights-to-reunion","status":"publish","type":"page","link":"https:\/\/tiketi.com\/fr-fr\/cheap-flights-to-reunion\/","title":{"rendered":"Vols pas chers vers La R\u00e9union"},"content":{"rendered":"<h2>\u00c0 la recherche d&#039;un billet d&#039;avion pas cher pour La R\u00e9union ou d&#039;offres de derni\u00e8re minute ?<\/h2>\n<h3>Recherchez, comparez et r\u00e9servez en ligne d\u00e8s maintenant des vols pas chers pour La R\u00e9union.<\/h3>\n<p>R\u00e9servez en ligne des vols pas chers pour La R\u00e9union et \u00e9conomisez de l&#039;argent sur les billets d&#039;avion. L&#039;\u00eele de La R\u00e9union est un lieu de paysages vari\u00e9s, de d\u00e9couvertes, d&#039;une culture dynamique et d&#039;activit\u00e9s \u00e9tonnantes. Comparez les prix et obtenez les tarifs les plus bas sur les billets d&#039;avion pour R\u00e9union gr\u00e2ce \u00e0 des offres exceptionnelles sur la r\u00e9servation de billets en ligne de vols R\u00e9union.<\/p>\n<h2>Voici quelques-unes des meilleures attractions de l&#039;\u00eele de la R\u00e9union<\/h2>\n<h3>Le Piton de La Fournaise<\/h3>\n<p>Le Piton de La Fournaise est plus ou moins un lieu de p\u00e8lerinage \u00e0 la R\u00e9union car des tonnes de personnes visitent r\u00e9guli\u00e8rement l&#039;\u00eele pour explorer cette merveilleuse attraction de l&#039;oc\u00e9an Indien. Le Piton de La Fournaise est l&#039;un des volcans les plus dynamiques de la terre et peut \u00eatre visit\u00e9 en ULM ou en h\u00e9licopt\u00e8re, mais la meilleure fa\u00e7on de le d\u00e9couvrir est \u00e0 la dure, le trekking.<\/p>\n<h3>Mafate<\/h3>\n<p>Mafate est l&#039;une des 3 caldeiras populaires situ\u00e9es au c\u0153ur de l&#039;\u00eele de La R\u00e9union. La caldeira de Mafate abrite un petit village du m\u00eame nom. Un village extr\u00eamement peu commun car il est plac\u00e9 \u00e0 pr\u00e8s de deux mille m\u00e8tres d&#039;altitude.<\/p>\n<h3>Cilaos<\/h3>\n<p>Cilaos est une caldeira avec des paysages magnifiques \u00e0 couper le souffle. Son pic embl\u00e9matique, le Piton des Neiges, qui domine la commune \u00e0 environ 3070 m\u00e8tres, est le paradis des randonneurs. Cilaos est \u00e9galement populaire pour ses remarquables canyons et cascades qui accueillent des activit\u00e9s sportives extr\u00eames comme l&#039;escalade et le canyoning. Ne vous inqui\u00e9tez pas d&#039;avoir quelques-uns des produits c\u00e9l\u00e8bres de Cilaos comme les lentilles ou son rhum de canne \u00e0 sucre \u00e0 l&#039;ancienne lorsque vous \u00eates en ville.<\/p>\n<h3>Voile de la Mariee<\/h3>\n<p>Voile de La Mairee est un groupe de cascades extr\u00eamement hautes qui prennent l&#039;apparence des voiles d&#039;une mari\u00e9e. Diff\u00e9rentes goulottes forment cette cascade qui d\u00e9bouche dans une piscine naturelle bord\u00e9e d&#039;une flore somptueuse.<br \/>\nVous devriez \u00e9galement d\u00e9couvrir ces chutes d&#039;eau remarquables : les chutes du Niagara, les chutes du Chaudron, la Cascade Blanche, tous des endroits populaires avec une hauteur comprise entre 500 et 650 m. Fleurs Jaunes est une v\u00e9ritable cascade, glissant le long d&#039;une falaise dans un canal \u00e9troit, jusqu&#039;\u00e0 trois cents m\u00e8tres de haut. C&#039;est un merveilleux spot de canyoing.<\/p>\n<h3>March\u00e9 Saint-Paul<\/h3>\n<p>Ce march\u00e9 assez immense ouvre le samedi et le vendredi. Consid\u00e9r\u00e9 comme le march\u00e9 le plus charmant et le plus touristique de l&#039;\u00eele, le march\u00e9 Saint-Paul d\u00e9file des \u00e9tals de produits frais ainsi que ceux vendant de l&#039;artisanat et d&#039;autres objets de charme.<\/p>\n<h2>FAQ sur les vols pas chers vers la R\u00e9union<\/h2>\n<h3>Quel jour est le moins cher pour partir \u00e0 La R\u00e9union ?<\/h3>\n<p>Les billets d&#039;avion pas chers pour la R\u00e9union se trouvent g\u00e9n\u00e9ralement au d\u00e9part un mercredi. Le jour de d\u00e9part avec le co\u00fbt le plus \u00e9lev\u00e9 actuellement est le samedi.<\/p>\n<h3>\u00c0 quelle heure de la journ\u00e9e est-il bon march\u00e9 de voler\u00a0?<\/h3>\n<p>\u00c0 l&#039;heure actuelle, les vols de la R\u00e9union \u00e0 midi sont susceptibles de fournir la meilleure valeur pour votre voyage \u00e0 la R\u00e9union. Un vol dans l&#039;apr\u00e8s-midi sera le plus souvent tr\u00e8s co\u00fbteux.<\/p>\n<h3>Quel est le meilleur moment pour r\u00e9server un billet d&#039;avion pas cher pour la R\u00e9union ?<\/h3>\n<p>Pour vous assurer d&#039;obtenir le prix le plus abordable possible pour un vol direct vers La R\u00e9union, vous devez r\u00e9server au moins 43 jours avant la date pr\u00e9vue de votre voyage. Le prix des billets pour la R\u00e9union peut augmenter si vous retardez et laissez la r\u00e9servation jusqu&#039;\u00e0 une semaine environ avant le d\u00e9part.<\/p>\n<h3>Quelle est la p\u00e9riode de l&#039;ann\u00e9e la moins ch\u00e8re pour partir pour La R\u00e9union ?<\/h3>\n<p>De d\u00e9cembre \u00e0 f\u00e9vrier, il y a des vols bon march\u00e9 vers la R\u00e9union pour plusieurs raisons. D\u00e8s que la saison des mois chauds commence, elle entra\u00eene avec elle la saison des pluies. Il y a des moments o\u00f9 le soleil d&#039;\u00e9t\u00e9 brille, et la temp\u00e9rature qui d\u00e9passe les 28\u00b0C mais parfois la R\u00e9union conna\u00eet des cyclones. Actuellement, l&#039;\u00eele d\u00e9tient le record d&#039;\u00eatre l&#039;endroit le plus pluvieux de l&#039;h\u00e9misph\u00e8re sud \u00e9tabli lors d&#039;un ouragan en 2016 - il y a donc toujours une chance. L&#039;incertitude quant \u00e0 savoir si les situations pendant le temps maintient les h\u00f4tels vides et pour attirer les affaires, les vols et les prix des h\u00f4tels \u00e0 la R\u00e9union diminuent. Si vous voulez tenter votre chance pour un s\u00e9jour de r\u00eave \u00e0 La R\u00e9union \u00e0 moiti\u00e9 prix, venez sur l&#039;\u00eele en d\u00e9cembre, juste apr\u00e8s No\u00ebl.<\/p>\n<h3>Quels sont les grands a\u00e9roports internationaux de La R\u00e9union ?<\/h3>\n<p>L&#039;a\u00e9roport Roland Garros est le premier a\u00e9roport international de La R\u00e9union dans la commune de Sainte Marie, non loin de Saint-Denis, chef-lieu du territoire. L&#039;a\u00e9roport accueille 2,5 millions de passagers chaque ann\u00e9e et se trouve \u00e0 seulement sept kilom\u00e8tres du centre-ville de Saint-Denis. Un taxi ne met qu&#039;une quinzaine de minutes pour rejoindre le centre de Saint-Denis depuis l&#039;a\u00e9roport Roland Garros.<\/p>\n<p>L&#039;a\u00e9roport de Pierrefonds se trouve \u00e0 l&#039;oppos\u00e9 de l&#039;\u00eele de l&#039;a\u00e9roport Roland Garros. Situ\u00e9 pr\u00e8s de la ville c\u00f4ti\u00e8re de Saint Pierre, l&#039;a\u00e9roport a desservi environ 100 000 personnes l&#039;ann\u00e9e derni\u00e8re. M\u00eame si l&#039;a\u00e9roport n&#039;est pas tr\u00e8s utilis\u00e9, il y a encore des vols internationaux en provenance de Maurice et de Madagascar qui arrivent \u00e0 l&#039;a\u00e9roport de Pierrefonds.<\/p>\n<h2>Se d\u00e9placer \u00e0 La R\u00e9union<\/h2>\n<p>La R\u00e9union compte plus de v\u00e9hicules qu&#039;il n&#039;y a de routes sur l&#039;Ile. Une seule autoroute fait le tour de l&#039;\u00eele, et c&#039;est plus que suffisant pour d\u00e9placer les gens. Les taxis sont un peu chers, et le trajet de l&#039;a\u00e9roport \u00e0 votre h\u00f4tel \u00e0 Saint-Denis peut co\u00fbter environ 30 \u20ac. L&#039;\u00eele dispose \u00e9galement d&#039;un syst\u00e8me de bus jaune solide qui peut emmener les passagers d&#039;un endroit \u00e0 l&#039;autre.<\/p>","protected":false},"excerpt":{"rendered":"<p>Looking for cheap airline ticket to Reunion or last minute deals? Search, compare and book cheap Reunion flights online now. Book cheap flights to Reunion online and save money on airfare. Reunion Island is a location for diverse sceneries, discovery, a dynamic culture and amazing activities. Compare prices and get the lowest airfare on airline [&hellip;]<\/p>\n","protected":false},"author":1,"featured_media":14041,"parent":0,"menu_order":0,"comment_status":"open","ping_status":"closed","template":"template-home-modern.php","meta":{"footnotes":""},"class_list":["post-11866","page","type-page","status-publish","has-post-thumbnail","hentry"],"yoast_head":"<!-- This site is optimized with the Yoast SEO plugin v27.5 - https:\/\/yoast.com\/product\/yoast-seo-wordpress\/ -->\n<title>Cheap Flights to Reunion<\/title>\n<meta name=\"description\" content=\"Looking for cheap flights to\u00a0Reunion? Search, compare and book cheap airline ticket from to\u00a0Reunion online\" \/>\n<meta name=\"robots\" content=\"index, follow, max-snippet:-1, max-image-preview:large, max-video-preview:-1\" \/>\n<link rel=\"canonical\" href=\"https:\/\/tiketi.com\/fr-fr\/cheap-flights-to-reunion\/\" \/>\n<meta property=\"og:locale\" content=\"fr_FR\" \/>\n<meta property=\"og:type\" content=\"article\" \/>\n<meta property=\"og:title\" content=\"Cheap Flights to Reunion\" \/>\n<meta property=\"og:description\" content=\"Looking for cheap flights to\u00a0Reunion? Search, compare and book cheap airline ticket from to\u00a0Reunion online\" \/>\n<meta property=\"og:url\" content=\"https:\/\/tiketi.com\/fr-fr\/cheap-flights-to-reunion\/\" \/>\n<meta property=\"og:site_name\" content=\"Tiketi.com\" \/>\n<meta property=\"article:publisher\" content=\"https:\/\/www.facebook.com\/TiketiCom\/\" \/>\n<meta property=\"article:modified_time\" content=\"2022-02-10T14:30:48+00:00\" \/>\n<meta property=\"og:image\" content=\"https:\/\/tiketi.com\/wp-content\/uploads\/2022\/01\/flight-ticket-booking-sorasak-KxCJXXGsv9I-unsplas.jpg\" \/>\n\t<meta property=\"og:image:width\" content=\"1200\" \/>\n\t<meta property=\"og:image:height\" content=\"240\" \/>\n\t<meta property=\"og:image:type\" content=\"image\/jpeg\" \/>\n<meta name=\"twitter:card\" content=\"summary_large_image\" \/>\n<meta name=\"twitter:label1\" content=\"Dur\u00e9e de lecture estim\u00e9e\" \/>\n\t<meta name=\"twitter:data1\" content=\"4 minutes\" \/>\n<script type=\"application\/ld+json\" class=\"yoast-schema-graph\">{\"@context\":\"https:\\\/\\\/schema.org\",\"@graph\":[{\"@type\":\"WebPage\",\"@id\":\"https:\\\/\\\/tiketi.com\\\/fr-fr\\\/cheap-flights-to-reunion\\\/\",\"url\":\"https:\\\/\\\/tiketi.com\\\/fr-fr\\\/cheap-flights-to-reunion\\\/\",\"name\":\"Cheap Flights to Reunion\",\"isPartOf\":{\"@id\":\"https:\\\/\\\/tiketi.com\\\/#website\"},\"primaryImageOfPage\":{\"@id\":\"https:\\\/\\\/tiketi.com\\\/fr-fr\\\/cheap-flights-to-reunion\\\/#primaryimage\"},\"image\":{\"@id\":\"https:\\\/\\\/tiketi.com\\\/fr-fr\\\/cheap-flights-to-reunion\\\/#primaryimage\"},\"thumbnailUrl\":\"https:\\\/\\\/tiketi.com\\\/wp-content\\\/uploads\\\/2022\\\/01\\\/flight-ticket-booking-sorasak-KxCJXXGsv9I-unsplas.jpg\",\"datePublished\":\"2022-01-19T11:55:18+00:00\",\"dateModified\":\"2022-02-10T14:30:48+00:00\",\"description\":\"Looking for cheap flights to\u00a0Reunion? Search, compare and book cheap airline ticket from to\u00a0Reunion online\",\"breadcrumb\":{\"@id\":\"https:\\\/\\\/tiketi.com\\\/fr-fr\\\/cheap-flights-to-reunion\\\/#breadcrumb\"},\"inLanguage\":\"fr-FR\",\"potentialAction\":[{\"@type\":\"ReadAction\",\"target\":[\"https:\\\/\\\/tiketi.com\\\/fr-fr\\\/cheap-flights-to-reunion\\\/\"]}]},{\"@type\":\"ImageObject\",\"inLanguage\":\"fr-FR\",\"@id\":\"https:\\\/\\\/tiketi.com\\\/fr-fr\\\/cheap-flights-to-reunion\\\/#primaryimage\",\"url\":\"https:\\\/\\\/tiketi.com\\\/wp-content\\\/uploads\\\/2022\\\/01\\\/flight-ticket-booking-sorasak-KxCJXXGsv9I-unsplas.jpg\",\"contentUrl\":\"https:\\\/\\\/tiketi.com\\\/wp-content\\\/uploads\\\/2022\\\/01\\\/flight-ticket-booking-sorasak-KxCJXXGsv9I-unsplas.jpg\",\"width\":1200,\"height\":240,\"caption\":\"Online flight ticket booking\"},{\"@type\":\"BreadcrumbList\",\"@id\":\"https:\\\/\\\/tiketi.com\\\/fr-fr\\\/cheap-flights-to-reunion\\\/#breadcrumb\",\"itemListElement\":[{\"@type\":\"ListItem\",\"position\":1,\"name\":\"Home\",\"item\":\"https:\\\/\\\/tiketi.com\\\/\"},{\"@type\":\"ListItem\",\"position\":2,\"name\":\"Cheap Flights to Reunion\"}]},{\"@type\":\"WebSite\",\"@id\":\"https:\\\/\\\/tiketi.com\\\/#website\",\"url\":\"https:\\\/\\\/tiketi.com\\\/\",\"name\":\"Flight & Bus Tickets, Tour Packages & Activitites - Tiketi.com\",\"description\":\"Flight &amp; Bus Tickets, Tours, Activitites\",\"publisher\":{\"@id\":\"https:\\\/\\\/tiketi.com\\\/#organization\"},\"potentialAction\":[{\"@type\":\"SearchAction\",\"target\":{\"@type\":\"EntryPoint\",\"urlTemplate\":\"https:\\\/\\\/tiketi.com\\\/?s={search_term_string}\"},\"query-input\":{\"@type\":\"PropertyValueSpecification\",\"valueRequired\":true,\"valueName\":\"search_term_string\"}}],\"inLanguage\":\"fr-FR\"},{\"@type\":\"Organization\",\"@id\":\"https:\\\/\\\/tiketi.com\\\/#organization\",\"name\":\"Tiketi.com\",\"alternateName\":\"Tiketi\",\"url\":\"https:\\\/\\\/tiketi.com\\\/\",\"logo\":{\"@type\":\"ImageObject\",\"inLanguage\":\"fr-FR\",\"@id\":\"https:\\\/\\\/tiketi.com\\\/#\\\/schema\\\/logo\\\/image\\\/\",\"url\":\"https:\\\/\\\/tiketi.com\\\/wp-content\\\/uploads\\\/2019\\\/05\\\/tiketi-logo-696.png\",\"contentUrl\":\"https:\\\/\\\/tiketi.com\\\/wp-content\\\/uploads\\\/2019\\\/05\\\/tiketi-logo-696.png\",\"width\":696,\"height\":696,\"caption\":\"Tiketi.com\"},\"image\":{\"@id\":\"https:\\\/\\\/tiketi.com\\\/#\\\/schema\\\/logo\\\/image\\\/\"},\"sameAs\":[\"https:\\\/\\\/www.facebook.com\\\/TiketiCom\\\/\"]}]}<\/script>\n<!-- \/ Yoast SEO plugin. -->","yoast_head_json":{"title":"Vols pas chers vers La R\u00e9union","description":"Vous cherchez des vols pas chers vers La R\u00e9union ? Recherchez, comparez et r\u00e9servez en ligne un billet d&#039;avion pas cher de vers La R\u00e9union","robots":{"index":"index","follow":"follow","max-snippet":"max-snippet:-1","max-image-preview":"max-image-preview:large","max-video-preview":"max-video-preview:-1"},"canonical":"https:\/\/tiketi.com\/fr-fr\/cheap-flights-to-reunion\/","og_locale":"fr_FR","og_type":"article","og_title":"Cheap Flights to Reunion","og_description":"Looking for cheap flights to\u00a0Reunion? Search, compare and book cheap airline ticket from to\u00a0Reunion online","og_url":"https:\/\/tiketi.com\/fr-fr\/cheap-flights-to-reunion\/","og_site_name":"Tiketi.com","article_publisher":"https:\/\/www.facebook.com\/TiketiCom\/","article_modified_time":"2022-02-10T14:30:48+00:00","og_image":[{"width":1200,"height":240,"url":"https:\/\/tiketi.com\/wp-content\/uploads\/2022\/01\/flight-ticket-booking-sorasak-KxCJXXGsv9I-unsplas.jpg","type":"image\/jpeg"}],"twitter_card":"summary_large_image","twitter_misc":{"Dur\u00e9e de lecture estim\u00e9e":"4 minutes"},"schema":{"@context":"https:\/\/schema.org","@graph":[{"@type":"WebPage","@id":"https:\/\/tiketi.com\/fr-fr\/cheap-flights-to-reunion\/","url":"https:\/\/tiketi.com\/fr-fr\/cheap-flights-to-reunion\/","name":"Vols pas chers vers La R\u00e9union","isPartOf":{"@id":"https:\/\/tiketi.com\/#website"},"primaryImageOfPage":{"@id":"https:\/\/tiketi.com\/fr-fr\/cheap-flights-to-reunion\/#primaryimage"},"image":{"@id":"https:\/\/tiketi.com\/fr-fr\/cheap-flights-to-reunion\/#primaryimage"},"thumbnailUrl":"https:\/\/tiketi.com\/wp-content\/uploads\/2022\/01\/flight-ticket-booking-sorasak-KxCJXXGsv9I-unsplas.jpg","datePublished":"2022-01-19T11:55:18+00:00","dateModified":"2022-02-10T14:30:48+00:00","description":"Vous cherchez des vols pas chers vers La R\u00e9union ? Recherchez, comparez et r\u00e9servez en ligne un billet d&#039;avion pas cher de vers La R\u00e9union","breadcrumb":{"@id":"https:\/\/tiketi.com\/fr-fr\/cheap-flights-to-reunion\/#breadcrumb"},"inLanguage":"fr-FR","potentialAction":[{"@type":"ReadAction","target":["https:\/\/tiketi.com\/fr-fr\/cheap-flights-to-reunion\/"]}]},{"@type":"ImageObject","inLanguage":"fr-FR","@id":"https:\/\/tiketi.com\/fr-fr\/cheap-flights-to-reunion\/#primaryimage","url":"https:\/\/tiketi.com\/wp-content\/uploads\/2022\/01\/flight-ticket-booking-sorasak-KxCJXXGsv9I-unsplas.jpg","contentUrl":"https:\/\/tiketi.com\/wp-content\/uploads\/2022\/01\/flight-ticket-booking-sorasak-KxCJXXGsv9I-unsplas.jpg","width":1200,"height":240,"caption":"Online flight ticket booking"},{"@type":"BreadcrumbList","@id":"https:\/\/tiketi.com\/fr-fr\/cheap-flights-to-reunion\/#breadcrumb","itemListElement":[{"@type":"ListItem","position":1,"name":"Home","item":"https:\/\/tiketi.com\/"},{"@type":"ListItem","position":2,"name":"Cheap Flights to Reunion"}]},{"@type":"WebSite","@id":"https:\/\/tiketi.com\/#website","url":"https:\/\/tiketi.com\/","name":"Billets d&#039;avion et de bus, forfaits touristiques et activit\u00e9s - Tiketi.com","description":"Billets d&#039;avion et de bus, Tours, Activit\u00e9s","publisher":{"@id":"https:\/\/tiketi.com\/#organization"},"potentialAction":[{"@type":"SearchAction","target":{"@type":"EntryPoint","urlTemplate":"https:\/\/tiketi.com\/?s={search_term_string}"},"query-input":{"@type":"PropertyValueSpecification","valueRequired":true,"valueName":"search_term_string"}}],"inLanguage":"fr-FR"},{"@type":"Organization","@id":"https:\/\/tiketi.com\/#organization","name":"Tiketi.com","alternateName":"Tiketi","url":"https:\/\/tiketi.com\/","logo":{"@type":"ImageObject","inLanguage":"fr-FR","@id":"https:\/\/tiketi.com\/#\/schema\/logo\/image\/","url":"https:\/\/tiketi.com\/wp-content\/uploads\/2019\/05\/tiketi-logo-696.png","contentUrl":"https:\/\/tiketi.com\/wp-content\/uploads\/2019\/05\/tiketi-logo-696.png","width":696,"height":696,"caption":"Tiketi.com"},"image":{"@id":"https:\/\/tiketi.com\/#\/schema\/logo\/image\/"},"sameAs":["https:\/\/www.facebook.com\/TiketiCom\/"]}]}},"_links":{"self":[{"href":"https:\/\/tiketi.com\/fr-fr\/wp-json\/wp\/v2\/pages\/11866","targetHints":{"allow":["GET"]}}],"collection":[{"href":"https:\/\/tiketi.com\/fr-fr\/wp-json\/wp\/v2\/pages"}],"about":[{"href":"https:\/\/tiketi.com\/fr-fr\/wp-json\/wp\/v2\/types\/page"}],"author":[{"embeddable":true,"href":"https:\/\/tiketi.com\/fr-fr\/wp-json\/wp\/v2\/users\/1"}],"replies":[{"embeddable":true,"href":"https:\/\/tiketi.com\/fr-fr\/wp-json\/wp\/v2\/comments?post=11866"}],"version-history":[{"count":0,"href":"https:\/\/tiketi.com\/fr-fr\/wp-json\/wp\/v2\/pages\/11866\/revisions"}],"wp:featuredmedia":[{"embeddable":true,"href":"https:\/\/tiketi.com\/fr-fr\/wp-json\/wp\/v2\/media\/14041"}],"wp:attachment":[{"href":"https:\/\/tiketi.com\/fr-fr\/wp-json\/wp\/v2\/media?parent=11866"}],"curies":[{"name":"wp","href":"https:\/\/api.w.org\/{rel}","templated":true}]}}