{"id":11867,"date":"2022-01-19T12:55:18","date_gmt":"2022-01-19T11:55:18","guid":{"rendered":"https:\/\/new.tiketi.com\/cheap-flights-to-lagos-nigeria\/"},"modified":"2022-07-14T11:23:24","modified_gmt":"2022-07-14T10:23:24","slug":"cheap-flights-to-lagos-nigeria-los","status":"publish","type":"page","link":"https:\/\/tiketi.com\/fr-fr\/cheap-flights-to-lagos-nigeria-los\/","title":{"rendered":"Vols pas chers vers Lagos Nig\u00e9ria"},"content":{"rendered":"<h2>Vous recherchez un billet d&#039;avion pas cher pour Lagos ou des offres de derni\u00e8re minute ?<\/h2>\n<h3>Cherchez, comparez et r\u00e9servez des vols pas chers pour Lagos en ligne d\u00e8s maintenant.<\/h3>\n<p>R\u00e9servez en ligne des vols pas chers pour Lagos Nigeria et \u00e9conomisez de l&#039;argent sur les billets d&#039;avion. Lors de votre visite \u00e0 Lagos, vous ne manquerez pas de choses \u00e0 faire. Cette ville culturellement diversifi\u00e9e et \u00e9tonnante offre quelque chose de tout le monde. Des sites exotiques \u00e0 la cuisine savoureuse et aux activit\u00e9s culturelles, il y a toujours quelque chose \u00e0 faire. Comparez les prix et obtenez le tarif le plus bas sur les billets d&#039;avion pour Lagos gr\u00e2ce \u00e0 des offres exceptionnelles sur la r\u00e9servation de billets en ligne pour les vols \u00e0 destination de Lagos.<\/p>\n<h2>Voici quelques-unes des meilleures attractions de Lagos Nigeria<\/h2>\n<h3>Nouvel Afrika Sanctuaire<\/h3>\n<p>Bien que le v\u00e9ritable sanctuaire ait \u00e9t\u00e9 incendi\u00e9, ce remplacement est exploit\u00e9 par Fela Children est l&#039;un des meilleurs endroits \u00e0 visiter dans la r\u00e9gion. Lors de votre visite, vous aurez acc\u00e8s \u00e0 du vin, des collations et des glaces.<\/p>\n<h3>Terra culture<\/h3>\n<p>Si vous \u00eates proche de Bar Beach, vous voudrez peut-\u00eatre visiter ce centre artistique. Le centre Terra Kulture est install\u00e9 dans un b\u00e2timent avec un haut toit en bambou qui abrite \u00e9galement un restaurant traditionnel connu pour \u00eatre l&#039;un des meilleurs endroits pour manger \u00e0 Lagos. Il y a un certain nombre de plats incroyables parmi lesquels choisir, comme le poisson-chat avec de l&#039;igname pil\u00e9e, ainsi qu&#039;une soupe \u00e9pic\u00e9e. En plus d&#039;une librairie, une galerie d&#039;art. Il y a aussi un th\u00e9\u00e2tre.<\/p>\n<h3>Galerie d&#039;art Nike<\/h3>\n<p>Cette galerie est g\u00e9r\u00e9e par l&#039;un des artistes les plus importants du Nigeria, Nike Okundaye. Vous y trouverez des arts nig\u00e9rians contemporains et tr\u00e8s anciens. L&#039;\u00e2me charmante de Nike est \u00e9vidente dans toute la galerie.<\/p>\n<h3>Parc aquatique Funtopia<\/h3>\n<p>Le parc aquatique Funtopia est un endroit remarquable \u00e0 d\u00e9couvrir si vous cherchez des choses amusantes \u00e0 faire \u00e0 Lagos. Ce parc familial offre des divertissements \u00e0 la fois ext\u00e9rieurs et int\u00e9rieurs avec un large \u00e9ventail d&#039;activit\u00e9s. Le parc dispose de trois \u00e9normes toboggans aquatiques g\u00e9ants ainsi que de trois piscines interconnect\u00e9es, d&#039;un centre informatique et d&#039;une salle de jeux. Vous trouverez \u00e9galement un centre de tennis de table et de billard, et bien plus encore.<\/p>\n<h3>Parc de la Libert\u00e9<\/h3>\n<p>L&#039;un des monuments populaires de Lagos est Freedom Park, une ancienne prison coloniale transform\u00e9e en parc avec des fontaines et des \u00e9tangs, des vendeurs de nourriture, une sc\u00e8ne de concert en plein air et un lieu pour des expositions d&#039;art. Certaines expositions r\u00e9elles d\u00e9taillent l&#039;histoire du lieu, autrefois un port de commerce d&#039;esclaves ainsi qu&#039;une prison historique. Le parc est situ\u00e9 au c\u0153ur de l&#039;\u00eele de Lagos et l&#039;un des lieux de rencontre les plus c\u00e9l\u00e8bres de Lagos, servant de lieu de rassemblement pour la communaut\u00e9.<\/p>\n<h2>FAQ sur les vols pas chers vers Lagos au Nigeria<\/h2>\n<h3>Quel jour est le moins cher pour prendre l&#039;avion pour Lagos ?<\/h3>\n<p>Pour le moment, le mercredi est le jour le plus id\u00e9al pour prendre un vol pas cher vers Lagos au Nigeria. Samedi, est susceptible d&#039;\u00eatre le plus cher.<\/p>\n<h3>\u00c0 quelle heure de la journ\u00e9e est-il bon march\u00e9 de voler\u00a0?<\/h3>\n<p>Les vols vers Lagos Nigeria peuvent \u00eatre rendus abordables si vous choisissez un vol le matin. R\u00e9server un vol Lagos Nigeria \u00e0 midi signifiera probablement des prix plus \u00e9lev\u00e9s.<\/p>\n<h3>Quel est le meilleur moment pour r\u00e9server un billet d&#039;avion pas cher pour Lagos ?<\/h3>\n<p>Les meilleurs vols vers Lagos au Nigeria sont pendant la saison s\u00e8che d&#039;ao\u00fbt \u00e0 septembre ou de novembre \u00e0 mars. De nombreux visiteurs souhaitent \u00e9galement d\u00e9couvrir la culture nig\u00e9riane, il est donc conseill\u00e9 de visiter l&#039;un des festivals, comme le Lagos Black Heritage Festival en avril. Gardez \u00e0 l&#039;esprit que le prix des billets pour Lagos Nigeria peut \u00eatre plus \u00e9lev\u00e9 lors d&#039;\u00e9v\u00e9nements uniques, donc si vous recherchez un billet d&#039;avion pas cher pour Lagos, Nigeria, il est excellent d&#039;\u00e9viter ces p\u00e9riodes.<\/p>\n<h3>Quelle est la meilleure p\u00e9riode pour visiter Lagos ?<\/h3>\n<p><strong>Haute saison<\/strong><br \/>\nLes visiteurs ayant envie de passer leurs vacances sur les plages tout en profitant des apr\u00e8s-midi ensoleill\u00e9s devraient visiter en janvier et d\u00e9cembre. C&#039;est juste la p\u00e9riode de l&#039;ann\u00e9e o\u00f9 les pr\u00e9cipitations diminuent et la temp\u00e9rature diurne moyenne est d&#039;environ 25 \u00b0 C. Mais sur une note commune, novembre \u00e0 avril est consid\u00e9r\u00e9e comme la saison s\u00e8che \u00e0 Lagos, au Nigeria et par d\u00e9faut le pic de visiteurs saison. Voyager au cours de ces mois serait id\u00e9al pour vos f\u00eates sur la plage et vos visites en plein air. Lagos est situ\u00e9e tr\u00e8s pr\u00e8s de l&#039;\u00e9quateur et conna\u00eet l&#039;appel des climatologues, un climat de savane tropicale.<\/p>\n<p><strong>Hors saison<\/strong><br \/>\nQuoi qu&#039;il en soit, pour ceux qui n&#039;attendent pas de sentir le soleil extr\u00eame sur leur dos, envisagez de voyager dans les p\u00e9riodes interm\u00e9diaires, septembre et octobre ou mars et avril. Les pluies occasionnelles font un sort magique dans un climat autrement sec et compl\u00e8tent l&#039;humeur des visiteurs. Les pr\u00e9cipitations sont assez mod\u00e9r\u00e9es au cours de ces mois, et une basse saison se traduit par moins de monde et peut-\u00eatre des vols et des offres d&#039;h\u00f4tels \u00e0 Lagos au Nigeria.<\/p>\n<h3>Prix pas chers pour les vols vers Lagos par mois<\/h3>\n<p>Actuellement, f\u00e9vrier est le mois le moins cher pendant lequel vous pouvez r\u00e9server un vol Lagos Nig\u00e9ria au prix moyen de 535 \u20ac. Voler vers Lagos en d\u00e9cembre s&#039;av\u00e9rera le plus co\u00fbteux avec un prix moyen des billets de Lagos Nigeria de 844 \u20ac.<\/p>\n<h3>Quelles compagnies a\u00e9riennes op\u00e8rent des vols \u00e0 Lagos\u00a0?<\/h3>\n<p>Virgin Atlantic et British Airways sont deux compagnies a\u00e9riennes cl\u00e9s qui exploitent des vols Lagos Nigeria. Arik Air propose des vols quotidiens de Londres \u00e0 Lagos.<\/p>\n<h2>Se d\u00e9placer \u00e0 Lagos<\/h2>\n<p>Le moyen le plus \u00e9conomique de se d\u00e9placer, autrement qu&#039;\u00e0 pied, est d&#039;utiliser le syst\u00e8me Bus Rapid Transit. Les bus sont g\u00e9n\u00e9ralement bien entretenus, avec des billets \u00e0 des prix raisonnables. Pour un voyage plus relaxant, les taxis modernes sont de plus en plus nombreux.<\/p>\n<h2>Vols depuis Lagos, Nig\u00e9ria<\/h2>\n<h3>Vols int\u00e9rieurs et billets d&#039;avion pas chers au d\u00e9part de Lagos, Nig\u00e9ria<\/h3>\n<table border=\"0\" cellspacing=\"2\" cellpadding=\"2\">\n<tbody>\n<tr>\n<td>Vols pas chers de Lagos Nig\u00e9ria \u00e0 <a href=\"https:\/\/tiketi.com\/fr-fr\/flights-lagos-abuja-los-abv\/\" target=\"_blank\" rel=\"noopener\">Abuja<\/a><\/td>\n<td style=\"width: 30px;\"><\/td>\n<td>Vols pas chers de Lagos Nig\u00e9ria \u00e0 <a href=\"https:\/\/tiketi.com\/fr-fr\/flights-lagos-ibadan-los-iba\/\" target=\"_blank\" rel=\"noopener\">Ibadan<\/a><\/td>\n<\/tr>\n<tr>\n<td>Vols pas chers de Lagos Nig\u00e9ria \u00e0 <a href=\"https:\/\/tiketi.com\/fr-fr\/flights-lagos-benin-city-los-bni\/\" target=\"_blank\" rel=\"noopener\">B\u00e9nin Ville<\/a><\/td>\n<td><\/td>\n<td>Vols pas chers de Lagos Nig\u00e9ria \u00e0 <a href=\"https:\/\/tiketi.com\/fr-fr\/flights-lagos-kano-los-kan\/\" target=\"_blank\" rel=\"noopener\">Kano<\/a><\/td>\n<\/tr>\n<\/tbody>\n<\/table>\n<h3>Vols internationaux et tarifs a\u00e9riens pas chers au d\u00e9part de Lagos, Nig\u00e9ria<\/h3>\n<table border=\"0\" cellspacing=\"2\" cellpadding=\"2\">\n<tbody>\n<tr>\n<td>Vols pas chers de Lagos Nig\u00e9ria \u00e0 <a href=\"https:\/\/tiketi.com\/fr-fr\/flights-lagos-dubai-los-dxb\/\" target=\"_blank\" rel=\"noopener\">Dubai<\/a><\/td>\n<td style=\"width: 30px;\"><\/td>\n<td>Vols pas chers de Lagos Nig\u00e9ria \u00e0 <a href=\"https:\/\/tiketi.com\/fr-fr\/flights-lagos-nigeria-nairobi-los-nbo\/\" target=\"_blank\" rel=\"noopener\">Nairobi<\/a><a href=\"https:\/\/tiketi.com\/fr-fr\/flights-accra-lagos-acc-los\/\" target=\"_blank\" rel=\"noopener\">\u200b<\/a><\/td>\n<\/tr>\n<\/tbody>\n<\/table>\n<p>&nbsp;<\/p>\n<p>&nbsp;<\/p>","protected":false},"excerpt":{"rendered":"<p>Looking for cheap airline ticket to Lagos or last minute deals? Search, compare and book cheap Lagos flights online now. Book cheap flights to Lagos Nigeria online and save money on airfare. When visiting Lagos you would not lack in things to do. This culturally diverse and amazing city provides something from everyone. From exotic [&hellip;]<\/p>\n","protected":false},"author":1,"featured_media":18043,"parent":0,"menu_order":0,"comment_status":"open","ping_status":"closed","template":"template-home-modern.php","meta":{"footnotes":""},"class_list":["post-11867","page","type-page","status-publish","has-post-thumbnail","hentry"],"yoast_head":"<!-- This site is optimized with the Yoast SEO plugin v27.3 - https:\/\/yoast.com\/product\/yoast-seo-wordpress\/ -->\n<title>Cheap Flights to Lagos Nigeria<\/title>\n<meta name=\"description\" content=\"Looking for cheap flights to\u00a0Lagos Nigeria? Search, compare and book cheap airline ticket from to\u00a0Lagos Nigeria online\" \/>\n<meta name=\"robots\" content=\"index, follow, max-snippet:-1, max-image-preview:large, max-video-preview:-1\" \/>\n<link rel=\"canonical\" href=\"https:\/\/tiketi.com\/fr-fr\/cheap-flights-to-lagos-nigeria-los\/\" \/>\n<meta property=\"og:locale\" content=\"fr_FR\" \/>\n<meta property=\"og:type\" content=\"article\" \/>\n<meta property=\"og:title\" content=\"Cheap Flights to Lagos Nigeria\" \/>\n<meta property=\"og:description\" content=\"Looking for cheap flights to\u00a0Lagos Nigeria? Search, compare and book cheap airline ticket from to\u00a0Lagos Nigeria online\" \/>\n<meta property=\"og:url\" content=\"https:\/\/tiketi.com\/fr-fr\/cheap-flights-to-lagos-nigeria-los\/\" \/>\n<meta property=\"og:site_name\" content=\"Tiketi.com\" \/>\n<meta property=\"article:publisher\" content=\"https:\/\/www.facebook.com\/TiketiCom\/\" \/>\n<meta property=\"article:modified_time\" content=\"2022-07-14T10:23:24+00:00\" \/>\n<meta property=\"og:image\" content=\"https:\/\/tiketi.com\/wp-content\/uploads\/2022\/02\/lagos-nigeria-nupo-deyon-daniel-67ruAEYmp4c-u.jpg\" \/>\n\t<meta property=\"og:image:width\" content=\"1200\" \/>\n\t<meta property=\"og:image:height\" content=\"202\" \/>\n\t<meta property=\"og:image:type\" content=\"image\/jpeg\" \/>\n<meta name=\"twitter:card\" content=\"summary_large_image\" \/>\n<meta name=\"twitter:label1\" content=\"Dur\u00e9e de lecture estim\u00e9e\" \/>\n\t<meta name=\"twitter:data1\" content=\"5 minutes\" \/>\n<script type=\"application\/ld+json\" class=\"yoast-schema-graph\">{\"@context\":\"https:\\\/\\\/schema.org\",\"@graph\":[{\"@type\":\"WebPage\",\"@id\":\"https:\\\/\\\/tiketi.com\\\/cheap-flights-to-lagos-nigeria-los\\\/\",\"url\":\"https:\\\/\\\/tiketi.com\\\/cheap-flights-to-lagos-nigeria-los\\\/\",\"name\":\"Cheap Flights to Lagos Nigeria\",\"isPartOf\":{\"@id\":\"https:\\\/\\\/tiketi.com\\\/#website\"},\"primaryImageOfPage\":{\"@id\":\"https:\\\/\\\/tiketi.com\\\/cheap-flights-to-lagos-nigeria-los\\\/#primaryimage\"},\"image\":{\"@id\":\"https:\\\/\\\/tiketi.com\\\/cheap-flights-to-lagos-nigeria-los\\\/#primaryimage\"},\"thumbnailUrl\":\"https:\\\/\\\/tiketi.com\\\/wp-content\\\/uploads\\\/2022\\\/02\\\/lagos-nigeria-nupo-deyon-daniel-67ruAEYmp4c-u.jpg\",\"datePublished\":\"2022-01-19T11:55:18+00:00\",\"dateModified\":\"2022-07-14T10:23:24+00:00\",\"description\":\"Looking for cheap flights to\u00a0Lagos Nigeria? Search, compare and book cheap airline ticket from to\u00a0Lagos Nigeria online\",\"breadcrumb\":{\"@id\":\"https:\\\/\\\/tiketi.com\\\/cheap-flights-to-lagos-nigeria-los\\\/#breadcrumb\"},\"inLanguage\":\"fr-FR\",\"potentialAction\":[{\"@type\":\"ReadAction\",\"target\":[\"https:\\\/\\\/tiketi.com\\\/cheap-flights-to-lagos-nigeria-los\\\/\"]}]},{\"@type\":\"ImageObject\",\"inLanguage\":\"fr-FR\",\"@id\":\"https:\\\/\\\/tiketi.com\\\/cheap-flights-to-lagos-nigeria-los\\\/#primaryimage\",\"url\":\"https:\\\/\\\/tiketi.com\\\/wp-content\\\/uploads\\\/2022\\\/02\\\/lagos-nigeria-nupo-deyon-daniel-67ruAEYmp4c-u.jpg\",\"contentUrl\":\"https:\\\/\\\/tiketi.com\\\/wp-content\\\/uploads\\\/2022\\\/02\\\/lagos-nigeria-nupo-deyon-daniel-67ruAEYmp4c-u.jpg\",\"width\":1200,\"height\":202,\"caption\":\"Air Taxi in Lagos Nigeria Booking\"},{\"@type\":\"BreadcrumbList\",\"@id\":\"https:\\\/\\\/tiketi.com\\\/cheap-flights-to-lagos-nigeria-los\\\/#breadcrumb\",\"itemListElement\":[{\"@type\":\"ListItem\",\"position\":1,\"name\":\"Home\",\"item\":\"https:\\\/\\\/tiketi.com\\\/\"},{\"@type\":\"ListItem\",\"position\":2,\"name\":\"Cheap Flights to Lagos Nigeria\"}]},{\"@type\":\"WebSite\",\"@id\":\"https:\\\/\\\/tiketi.com\\\/#website\",\"url\":\"https:\\\/\\\/tiketi.com\\\/\",\"name\":\"Flight & Bus Tickets, Tour Packages & Activitites - Tiketi.com\",\"description\":\"Flight &amp; Bus Tickets, Tours, Activitites\",\"publisher\":{\"@id\":\"https:\\\/\\\/tiketi.com\\\/#organization\"},\"potentialAction\":[{\"@type\":\"SearchAction\",\"target\":{\"@type\":\"EntryPoint\",\"urlTemplate\":\"https:\\\/\\\/tiketi.com\\\/?s={search_term_string}\"},\"query-input\":{\"@type\":\"PropertyValueSpecification\",\"valueRequired\":true,\"valueName\":\"search_term_string\"}}],\"inLanguage\":\"fr-FR\"},{\"@type\":\"Organization\",\"@id\":\"https:\\\/\\\/tiketi.com\\\/#organization\",\"name\":\"Tiketi.com\",\"alternateName\":\"Tiketi\",\"url\":\"https:\\\/\\\/tiketi.com\\\/\",\"logo\":{\"@type\":\"ImageObject\",\"inLanguage\":\"fr-FR\",\"@id\":\"https:\\\/\\\/tiketi.com\\\/#\\\/schema\\\/logo\\\/image\\\/\",\"url\":\"https:\\\/\\\/tiketi.com\\\/wp-content\\\/uploads\\\/2019\\\/05\\\/tiketi-logo-696.png\",\"contentUrl\":\"https:\\\/\\\/tiketi.com\\\/wp-content\\\/uploads\\\/2019\\\/05\\\/tiketi-logo-696.png\",\"width\":696,\"height\":696,\"caption\":\"Tiketi.com\"},\"image\":{\"@id\":\"https:\\\/\\\/tiketi.com\\\/#\\\/schema\\\/logo\\\/image\\\/\"},\"sameAs\":[\"https:\\\/\\\/www.facebook.com\\\/TiketiCom\\\/\"]}]}<\/script>\n<!-- \/ Yoast SEO plugin. -->","yoast_head_json":{"title":"Vols pas chers vers Lagos Nig\u00e9ria","description":"Vous cherchez des vols pas chers vers Lagos Nigeria ? Recherchez, comparez et r\u00e9servez en ligne un billet d&#039;avion pas cher de vers Lagos Nig\u00e9ria","robots":{"index":"index","follow":"follow","max-snippet":"max-snippet:-1","max-image-preview":"max-image-preview:large","max-video-preview":"max-video-preview:-1"},"canonical":"https:\/\/tiketi.com\/fr-fr\/cheap-flights-to-lagos-nigeria-los\/","og_locale":"fr_FR","og_type":"article","og_title":"Cheap Flights to Lagos Nigeria","og_description":"Looking for cheap flights to\u00a0Lagos Nigeria? Search, compare and book cheap airline ticket from to\u00a0Lagos Nigeria online","og_url":"https:\/\/tiketi.com\/fr-fr\/cheap-flights-to-lagos-nigeria-los\/","og_site_name":"Tiketi.com","article_publisher":"https:\/\/www.facebook.com\/TiketiCom\/","article_modified_time":"2022-07-14T10:23:24+00:00","og_image":[{"width":1200,"height":202,"url":"https:\/\/tiketi.com\/wp-content\/uploads\/2022\/02\/lagos-nigeria-nupo-deyon-daniel-67ruAEYmp4c-u.jpg","type":"image\/jpeg"}],"twitter_card":"summary_large_image","twitter_misc":{"Dur\u00e9e de lecture estim\u00e9e":"5 minutes"},"schema":{"@context":"https:\/\/schema.org","@graph":[{"@type":"WebPage","@id":"https:\/\/tiketi.com\/cheap-flights-to-lagos-nigeria-los\/","url":"https:\/\/tiketi.com\/cheap-flights-to-lagos-nigeria-los\/","name":"Vols pas chers vers Lagos Nig\u00e9ria","isPartOf":{"@id":"https:\/\/tiketi.com\/#website"},"primaryImageOfPage":{"@id":"https:\/\/tiketi.com\/cheap-flights-to-lagos-nigeria-los\/#primaryimage"},"image":{"@id":"https:\/\/tiketi.com\/cheap-flights-to-lagos-nigeria-los\/#primaryimage"},"thumbnailUrl":"https:\/\/tiketi.com\/wp-content\/uploads\/2022\/02\/lagos-nigeria-nupo-deyon-daniel-67ruAEYmp4c-u.jpg","datePublished":"2022-01-19T11:55:18+00:00","dateModified":"2022-07-14T10:23:24+00:00","description":"Vous cherchez des vols pas chers vers Lagos Nigeria ? Recherchez, comparez et r\u00e9servez en ligne un billet d&#039;avion pas cher de vers Lagos Nig\u00e9ria","breadcrumb":{"@id":"https:\/\/tiketi.com\/cheap-flights-to-lagos-nigeria-los\/#breadcrumb"},"inLanguage":"fr-FR","potentialAction":[{"@type":"ReadAction","target":["https:\/\/tiketi.com\/cheap-flights-to-lagos-nigeria-los\/"]}]},{"@type":"ImageObject","inLanguage":"fr-FR","@id":"https:\/\/tiketi.com\/cheap-flights-to-lagos-nigeria-los\/#primaryimage","url":"https:\/\/tiketi.com\/wp-content\/uploads\/2022\/02\/lagos-nigeria-nupo-deyon-daniel-67ruAEYmp4c-u.jpg","contentUrl":"https:\/\/tiketi.com\/wp-content\/uploads\/2022\/02\/lagos-nigeria-nupo-deyon-daniel-67ruAEYmp4c-u.jpg","width":1200,"height":202,"caption":"Air Taxi in Lagos Nigeria Booking"},{"@type":"BreadcrumbList","@id":"https:\/\/tiketi.com\/cheap-flights-to-lagos-nigeria-los\/#breadcrumb","itemListElement":[{"@type":"ListItem","position":1,"name":"Home","item":"https:\/\/tiketi.com\/"},{"@type":"ListItem","position":2,"name":"Cheap Flights to Lagos Nigeria"}]},{"@type":"WebSite","@id":"https:\/\/tiketi.com\/#website","url":"https:\/\/tiketi.com\/","name":"Billets d&#039;avion et de bus, forfaits touristiques et activit\u00e9s - Tiketi.com","description":"Billets d&#039;avion et de bus, Tours, Activit\u00e9s","publisher":{"@id":"https:\/\/tiketi.com\/#organization"},"potentialAction":[{"@type":"SearchAction","target":{"@type":"EntryPoint","urlTemplate":"https:\/\/tiketi.com\/?s={search_term_string}"},"query-input":{"@type":"PropertyValueSpecification","valueRequired":true,"valueName":"search_term_string"}}],"inLanguage":"fr-FR"},{"@type":"Organization","@id":"https:\/\/tiketi.com\/#organization","name":"Tiketi.com","alternateName":"Tiketi","url":"https:\/\/tiketi.com\/","logo":{"@type":"ImageObject","inLanguage":"fr-FR","@id":"https:\/\/tiketi.com\/#\/schema\/logo\/image\/","url":"https:\/\/tiketi.com\/wp-content\/uploads\/2019\/05\/tiketi-logo-696.png","contentUrl":"https:\/\/tiketi.com\/wp-content\/uploads\/2019\/05\/tiketi-logo-696.png","width":696,"height":696,"caption":"Tiketi.com"},"image":{"@id":"https:\/\/tiketi.com\/#\/schema\/logo\/image\/"},"sameAs":["https:\/\/www.facebook.com\/TiketiCom\/"]}]}},"_links":{"self":[{"href":"https:\/\/tiketi.com\/fr-fr\/wp-json\/wp\/v2\/pages\/11867","targetHints":{"allow":["GET"]}}],"collection":[{"href":"https:\/\/tiketi.com\/fr-fr\/wp-json\/wp\/v2\/pages"}],"about":[{"href":"https:\/\/tiketi.com\/fr-fr\/wp-json\/wp\/v2\/types\/page"}],"author":[{"embeddable":true,"href":"https:\/\/tiketi.com\/fr-fr\/wp-json\/wp\/v2\/users\/1"}],"replies":[{"embeddable":true,"href":"https:\/\/tiketi.com\/fr-fr\/wp-json\/wp\/v2\/comments?post=11867"}],"version-history":[{"count":0,"href":"https:\/\/tiketi.com\/fr-fr\/wp-json\/wp\/v2\/pages\/11867\/revisions"}],"wp:featuredmedia":[{"embeddable":true,"href":"https:\/\/tiketi.com\/fr-fr\/wp-json\/wp\/v2\/media\/18043"}],"wp:attachment":[{"href":"https:\/\/tiketi.com\/fr-fr\/wp-json\/wp\/v2\/media?parent=11867"}],"curies":[{"name":"wp","href":"https:\/\/api.w.org\/{rel}","templated":true}]}}