{"id":11868,"date":"2022-01-19T12:55:18","date_gmt":"2022-01-19T11:55:18","guid":{"rendered":"https:\/\/new.tiketi.com\/cheap-flights-to-marrakech\/"},"modified":"2022-07-13T20:54:29","modified_gmt":"2022-07-13T19:54:29","slug":"cheap-flights-to-marrakech-rak","status":"publish","type":"page","link":"https:\/\/tiketi.com\/fr-fr\/cheap-flights-to-marrakech-rak\/","title":{"rendered":"Vols pas chers vers Marrakech"},"content":{"rendered":"<h2>Vous recherchez un billet d&#039;avion pas cher pour Marrakech ou des offres de derni\u00e8re minute ?<\/h2>\n<h3>Recherchez, comparez et r\u00e9servez des vols pas chers pour Marrakech (RAK) en ligne d\u00e8s maintenant.<\/h3>\n<p>R\u00e9servez des vols pas chers vers Marrakech en ligne et \u00e9conomisez de l&#039;argent sur les billets d&#039;avion. Marrakech, l&#039;un des lieux touristiques les plus merveilleux du Maroc, regorge de sites charmants et d&#039;attractions \u00e9poustouflantes. Comparez les prix et obtenez le tarif le plus bas sur les billets d&#039;avion au d\u00e9part de Marrakech gr\u00e2ce \u00e0 des offres exceptionnelles sur la r\u00e9servation de billets en ligne de vols \u00e0 Marrakech.<\/p>\n<h2>Voici quelques-unes des meilleures attractions de Marrakech<\/h2>\n<h3>Place Jemaa El Fna<\/h3>\n<p>Cette grande place \u00e0 l&#039;entr\u00e9e de la M\u00e9dina est le centre de la vie marrakchie. La place Djemaa El Fna est un centre dynamique de brocantes, de conteurs, de musiciens, de charmeurs de serpents, de diseuses de bonne aventure qui ne semble jamais se reposer. Ici, tout le spectre de la vie marocaine s&#039;offre \u00e0 vous. Au fur et \u00e0 mesure que la journ\u00e9e avance, les charmeurs de serpents c\u00f4toient les magiciens et danseurs traditionnels, qui se transforment eux-m\u00eames en stands de nourriture.<\/p>\n<h3>M\u00e9dine<\/h3>\n<p>L&#039;ancien m\u00e9dia de Marrakech regorge de passages \u00e9troits qui s&#039;entrelacent et de boutiques domestiques pleines de caract\u00e8re. La M\u00e9dina est aussi le lieu o\u00f9 s\u00e9journer dans un Riad, une maison marocaine dot\u00e9e d&#039;une cour int\u00e9rieure. Ils constituent un endroit remarquable o\u00f9 s\u00e9journer et offrent une retraite relaxante et intime.<\/p>\n<h3>Jardin de Manara<\/h3>\n<p>Ce grand jardin, autrefois retraite royale, est une bulle de s\u00e9r\u00e9nit\u00e9 cach\u00e9e en plein centre de Marrakech. C&#039;est le meilleur endroit pour les habitants qui souhaitent \u00e9chapper \u00e0 l&#039;agitation et profiter d&#039;un peu de silence et de paix. La majorit\u00e9 de la r\u00e9gion est occup\u00e9e par des oliveraies, mais pour les touristes, la principale attraction et raison de venir ici est la grande piscine r\u00e9fl\u00e9chissante avec son pavillon parfait. Mais \u00e0 la fin du XIXe si\u00e8cle, le pavillon et la piscine sont un lieu privil\u00e9gi\u00e9 pour de nombreuses familles domestiques de Marrakech, qui viennent ici pour pique-niquer et se promener.<\/p>\n<h3>Mosqu\u00e9e de la Koutoubia<\/h3>\n<p>La mosqu\u00e9e Koutoubia est le monument le plus populaire de Marrakech avec son impressionnant minaret de soixante-dix m\u00e8tres de haut, visible \u00e0 des kilom\u00e8tres dans toutes les directions. La mosqu\u00e9e a \u00e9t\u00e9 construite en 1162 et constitue l&#039;une des r\u00e9alisations remarquables de l&#039;architecture almohade. Les non-musulmans ne sont pas autoris\u00e9s \u00e0 entrer dans la mosqu\u00e9e elle-m\u00eame.<\/p>\n<h3>M\u00e9dersa Ben Youssef<\/h3>\n<p>Construite en 1565 par les Saadiens, la Medersa Ben Youssef est le plus grand coll\u00e8ge th\u00e9ologique du Maroc. Les plafonds de stalactites, le carrelage fin en zellige, l&#039;inscription coufique, les d\u00e9tails en bois de c\u00e8dre utilis\u00e9s comme d\u00e9coration \u00e0 l&#039;int\u00e9rieur des cours font de cette medersa l&#039;un des b\u00e2timents les plus charmants du Maroc et une attraction vedette de la m\u00e9dina.<\/p>\n<h2>FAQ sur les vols pas chers vers Marrakech<\/h2>\n<h3>Quel est le jour le moins cher pour prendre un vol pour Marrakech ?<\/h3>\n<p>Les vols bon march\u00e9 vers Marrakech se trouvent g\u00e9n\u00e9ralement avec un d\u00e9part un mardi. Le jour de d\u00e9part le plus cher actuellement est le dimanche.<\/p>\n<h3>\u00c0 quelle heure de la journ\u00e9e les vols pour Marrakech sont-ils les moins chers ?<\/h3>\n<p>Pour en tirer le meilleur parti, essayez de r\u00e9server un billet d&#039;avion pas cher pour Marrakech le matin lorsque vous visitez Marrakech. G\u00e9n\u00e9ralement, le prix augmentera pour les vols de Marrakech \u00e0 midi, car ceux-ci ont tendance \u00e0 \u00eatre plus demand\u00e9s.<\/p>\n<h3>Quelle est la meilleure p\u00e9riode pour r\u00e9server un billet d\u2019avion pas cher pour Marrakech ?<\/h3>\n<p>Le prix que vous payez pour votre billet d&#039;avion pour Marrakech peut changer en fonction du moment o\u00f9 vous r\u00e9servez. Pour avoir toutes les chances d&#039;obtenir un tarif inf\u00e9rieur, pensez \u00e0 r\u00e9server 53 jours avant votre voyage.<\/p>\n<h3>Quelle est la meilleure p\u00e9riode pour visiter Marrakech ?<\/h3>\n<p>\u00c9tant donn\u00e9 que la majorit\u00e9 des attractions touristiques de Marrakech sont constitu\u00e9es de jardins de palais et de jardins botaniques, le printemps est ind\u00e9niablement la meilleure p\u00e9riode pour se rendre \u00e0 Marrakech. \u00c0 partir de d\u00e9but mars et jusqu\u2019au d\u00e9but mai, la saison printani\u00e8re attire plus de visiteurs qu\u2019\u00e0 toute autre p\u00e9riode. La temp\u00e9rature diurne moyenne est de 18 \u00b0C avec des brises fra\u00eeches et un ciel clair. Le tourisme \u00e0 Marrakech conna\u00eet une deuxi\u00e8me explosion durant la saison automnale. De septembre \u00e0 fin octobre, la canicule estivale est pass\u00e9e et le temps redevient beau. Une fois de plus, la v\u00e9g\u00e9tation naturelle pr\u00e9sente un merveilleux changement de teintes et de couleurs, offrant un cadre \u00e9poustouflant \u00e0 vos activit\u00e9s de plein air. En moyenne, la temp\u00e9rature reste autour de 24 \u00b0C pendant la journ\u00e9e et diminue \u00e0 mesure que l&#039;on avance en novembre.<\/p>\n<h3>Quelle est la p\u00e9riode la moins ch\u00e8re pour visiter Marrakech ?<\/h3>\n<p>Les temp\u00e9ratures devraient baisser \u00e0 partir d\u2019octobre et jusqu\u2019en janvier. Des nuages pluvieux se d\u00e9veloppent avec le temps, c&#039;est pourquoi novembre \u00e0 f\u00e9vrier est consid\u00e9r\u00e9 comme la basse saison. Le prix des billets pour Marrakech peut \u00eatre obtenu \u00e0 des prix r\u00e9duits et les chambres d&#039;h\u00f4tel ne co\u00fbtent pas autant qu&#039;en haute saison.<\/p>\n<p>La temp\u00e9rature moyenne pendant la journ\u00e9e sera d&#039;environ 11 \u00b0C mais elle sera accompagn\u00e9e d&#039;humidit\u00e9. \u00c9tant un pays religieux islamique, les c\u00e9l\u00e9brations de No\u00ebl sont limit\u00e9es \u00e0 certaines zones.<\/p>\n<h3>Quelles compagnies a\u00e9riennes op\u00e8rent des vols pour Marrakech ?<\/h3>\n<p>De nombreuses compagnies a\u00e9riennes proposent des vols directs vers Marrakech, et la plupart \u00e0 des prix remarquables. Ryanair, Easy Jet, Thomson Airways et British Airways sont quelques compagnies a\u00e9riennes, Ryanair fournissant normalement le prix des billets bon march\u00e9 pour Marrakech. Si vous \u00eates flexible sur vos dates et sur l&#039;a\u00e9roport de d\u00e9part, Ryanair peut vous proposer des bonnes affaires sur vos vols pour Marrakech. Les autres compagnies a\u00e9riennes proposent \u00e9galement des prix tr\u00e8s abordables et, pendant l&#039;\u00e9t\u00e9, Ryanair facture un suppl\u00e9ment pour les bagages.<\/p>\n<h2>Se d\u00e9placer \u00e0 Marrakech<\/h2>\n<p>Une fois votre vol vers Marrakech atterri, vous vous pr\u00e9parerez pour aller visiter les sites touristiques. Le meilleur moyen de se rendre directement de l&#039;a\u00e9roport au centre-ville est de prendre un taxi. Avec deux types accessibles, Petits et Grands, vous arriverez l\u00e0 o\u00f9 vous allez en un rien de temps. La plupart des taxis Grands sont accessibles \u00e0 l&#039;ext\u00e9rieur des terminaux de l&#039;a\u00e9roport et utilisent un syst\u00e8me tarifaire fixe pour vous assurer de ne pas \u00eatre surfactur\u00e9.<\/p>\n<h2>Vols vers Marrakech<\/h2>\n<h3>Vols int\u00e9rieurs pas chers au d\u00e9part de Marrakech<\/h3>\n<table border=\"0\" cellspacing=\"2\" cellpadding=\"2\">\n<tbody>\n<tr>\n<td>Vols pas chers de Marrakech \u00e0 <a href=\"https:\/\/tiketi.com\/fr-fr\/how-to-travel-from-marrakech-to-casablanca\/\" target=\"_blank\" rel=\"noopener\">Casablanca<\/a><\/td>\n<td style=\"width: 30px;\"><\/td>\n<td>Vols pas chers de Marrakech \u00e0 <a href=\"https:\/\/tiketi.com\/fr-fr\/flights-marrakech-rabat-rak-rba\/\" target=\"_blank\" rel=\"noopener\">Rabat<\/a><\/td>\n<\/tr>\n<tr>\n<td>Vols pas chers de Marrakech \u00e0 <a href=\"https:\/\/tiketi.com\/fr-fr\/flights-marrakech-agadir-rak-aga\/\" target=\"_blank\" rel=\"noopener\">Agadir<\/a><\/td>\n<td><\/td>\n<td><\/td>\n<\/tr>\n<\/tbody>\n<\/table>","protected":false},"excerpt":{"rendered":"<p>Looking for cheap airline ticket to Marrakech or last minute deals? Search, compare and book cheap Marrakech flights (RAK) online now. Book cheap flights to Marrakech online and save money on airfare. One of Morocco&#8217;s most wonderful tourist places, Marrakech is brimming with charming sights and stunning attractions.\u00a0Compare prices and get the lowest airfare on [&hellip;]<\/p>\n","protected":false},"author":1,"featured_media":14041,"parent":0,"menu_order":0,"comment_status":"open","ping_status":"closed","template":"template-home-modern.php","meta":{"footnotes":""},"class_list":["post-11868","page","type-page","status-publish","has-post-thumbnail","hentry"],"yoast_head":"<!-- This site is optimized with the Yoast SEO plugin v27.4 - https:\/\/yoast.com\/product\/yoast-seo-wordpress\/ -->\n<title>Cheap Flights to Marrakech<\/title>\n<meta name=\"description\" content=\"Looking for cheap flights to\u00a0Marrakech? Search, compare and book cheap airline ticket from to\u00a0Marrakech online\" \/>\n<meta name=\"robots\" content=\"index, follow, max-snippet:-1, max-image-preview:large, max-video-preview:-1\" \/>\n<link rel=\"canonical\" href=\"https:\/\/tiketi.com\/fr-fr\/cheap-flights-to-marrakech-rak\/\" \/>\n<meta property=\"og:locale\" content=\"fr_FR\" \/>\n<meta property=\"og:type\" content=\"article\" \/>\n<meta property=\"og:title\" content=\"Cheap Flights to Marrakech\" \/>\n<meta property=\"og:description\" content=\"Looking for cheap flights to\u00a0Marrakech? Search, compare and book cheap airline ticket from to\u00a0Marrakech online\" \/>\n<meta property=\"og:url\" content=\"https:\/\/tiketi.com\/fr-fr\/cheap-flights-to-marrakech-rak\/\" \/>\n<meta property=\"og:site_name\" content=\"Tiketi.com\" \/>\n<meta property=\"article:publisher\" content=\"https:\/\/www.facebook.com\/TiketiCom\/\" \/>\n<meta property=\"article:modified_time\" content=\"2022-07-13T19:54:29+00:00\" \/>\n<meta property=\"og:image\" content=\"https:\/\/tiketi.com\/wp-content\/uploads\/2022\/01\/flight-ticket-booking-sorasak-KxCJXXGsv9I-unsplas.jpg\" \/>\n\t<meta property=\"og:image:width\" content=\"1200\" \/>\n\t<meta property=\"og:image:height\" content=\"240\" \/>\n\t<meta property=\"og:image:type\" content=\"image\/jpeg\" \/>\n<meta name=\"twitter:card\" content=\"summary_large_image\" \/>\n<meta name=\"twitter:label1\" content=\"Dur\u00e9e de lecture estim\u00e9e\" \/>\n\t<meta name=\"twitter:data1\" content=\"5 minutes\" \/>\n<script type=\"application\/ld+json\" class=\"yoast-schema-graph\">{\"@context\":\"https:\\\/\\\/schema.org\",\"@graph\":[{\"@type\":\"WebPage\",\"@id\":\"https:\\\/\\\/tiketi.com\\\/fr-fr\\\/cheap-flights-to-marrakech-rak\\\/\",\"url\":\"https:\\\/\\\/tiketi.com\\\/fr-fr\\\/cheap-flights-to-marrakech-rak\\\/\",\"name\":\"Cheap Flights to Marrakech\",\"isPartOf\":{\"@id\":\"https:\\\/\\\/tiketi.com\\\/#website\"},\"primaryImageOfPage\":{\"@id\":\"https:\\\/\\\/tiketi.com\\\/fr-fr\\\/cheap-flights-to-marrakech-rak\\\/#primaryimage\"},\"image\":{\"@id\":\"https:\\\/\\\/tiketi.com\\\/fr-fr\\\/cheap-flights-to-marrakech-rak\\\/#primaryimage\"},\"thumbnailUrl\":\"https:\\\/\\\/tiketi.com\\\/wp-content\\\/uploads\\\/2022\\\/01\\\/flight-ticket-booking-sorasak-KxCJXXGsv9I-unsplas.jpg\",\"datePublished\":\"2022-01-19T11:55:18+00:00\",\"dateModified\":\"2022-07-13T19:54:29+00:00\",\"description\":\"Looking for cheap flights to\u00a0Marrakech? Search, compare and book cheap airline ticket from to\u00a0Marrakech online\",\"breadcrumb\":{\"@id\":\"https:\\\/\\\/tiketi.com\\\/fr-fr\\\/cheap-flights-to-marrakech-rak\\\/#breadcrumb\"},\"inLanguage\":\"fr-FR\",\"potentialAction\":[{\"@type\":\"ReadAction\",\"target\":[\"https:\\\/\\\/tiketi.com\\\/fr-fr\\\/cheap-flights-to-marrakech-rak\\\/\"]}]},{\"@type\":\"ImageObject\",\"inLanguage\":\"fr-FR\",\"@id\":\"https:\\\/\\\/tiketi.com\\\/fr-fr\\\/cheap-flights-to-marrakech-rak\\\/#primaryimage\",\"url\":\"https:\\\/\\\/tiketi.com\\\/wp-content\\\/uploads\\\/2022\\\/01\\\/flight-ticket-booking-sorasak-KxCJXXGsv9I-unsplas.jpg\",\"contentUrl\":\"https:\\\/\\\/tiketi.com\\\/wp-content\\\/uploads\\\/2022\\\/01\\\/flight-ticket-booking-sorasak-KxCJXXGsv9I-unsplas.jpg\",\"width\":1200,\"height\":240,\"caption\":\"Online flight ticket booking\"},{\"@type\":\"BreadcrumbList\",\"@id\":\"https:\\\/\\\/tiketi.com\\\/fr-fr\\\/cheap-flights-to-marrakech-rak\\\/#breadcrumb\",\"itemListElement\":[{\"@type\":\"ListItem\",\"position\":1,\"name\":\"Home\",\"item\":\"https:\\\/\\\/tiketi.com\\\/\"},{\"@type\":\"ListItem\",\"position\":2,\"name\":\"Cheap Flights to Marrakech\"}]},{\"@type\":\"WebSite\",\"@id\":\"https:\\\/\\\/tiketi.com\\\/#website\",\"url\":\"https:\\\/\\\/tiketi.com\\\/\",\"name\":\"Flight & Bus Tickets, Tour Packages & Activitites - Tiketi.com\",\"description\":\"Flight &amp; Bus Tickets, Tours, Activitites\",\"publisher\":{\"@id\":\"https:\\\/\\\/tiketi.com\\\/#organization\"},\"potentialAction\":[{\"@type\":\"SearchAction\",\"target\":{\"@type\":\"EntryPoint\",\"urlTemplate\":\"https:\\\/\\\/tiketi.com\\\/?s={search_term_string}\"},\"query-input\":{\"@type\":\"PropertyValueSpecification\",\"valueRequired\":true,\"valueName\":\"search_term_string\"}}],\"inLanguage\":\"fr-FR\"},{\"@type\":\"Organization\",\"@id\":\"https:\\\/\\\/tiketi.com\\\/#organization\",\"name\":\"Tiketi.com\",\"alternateName\":\"Tiketi\",\"url\":\"https:\\\/\\\/tiketi.com\\\/\",\"logo\":{\"@type\":\"ImageObject\",\"inLanguage\":\"fr-FR\",\"@id\":\"https:\\\/\\\/tiketi.com\\\/#\\\/schema\\\/logo\\\/image\\\/\",\"url\":\"https:\\\/\\\/tiketi.com\\\/wp-content\\\/uploads\\\/2019\\\/05\\\/tiketi-logo-696.png\",\"contentUrl\":\"https:\\\/\\\/tiketi.com\\\/wp-content\\\/uploads\\\/2019\\\/05\\\/tiketi-logo-696.png\",\"width\":696,\"height\":696,\"caption\":\"Tiketi.com\"},\"image\":{\"@id\":\"https:\\\/\\\/tiketi.com\\\/#\\\/schema\\\/logo\\\/image\\\/\"},\"sameAs\":[\"https:\\\/\\\/www.facebook.com\\\/TiketiCom\\\/\"]}]}<\/script>\n<!-- \/ Yoast SEO plugin. -->","yoast_head_json":{"title":"Vols pas chers vers Marrakech","description":"Vous recherchez des vols pas chers pour Marrakech ? Recherchez, comparez et r\u00e9servez un billet d&#039;avion pas cher de \u00e0 Marrakech en ligne","robots":{"index":"index","follow":"follow","max-snippet":"max-snippet:-1","max-image-preview":"max-image-preview:large","max-video-preview":"max-video-preview:-1"},"canonical":"https:\/\/tiketi.com\/fr-fr\/cheap-flights-to-marrakech-rak\/","og_locale":"fr_FR","og_type":"article","og_title":"Cheap Flights to Marrakech","og_description":"Looking for cheap flights to\u00a0Marrakech? Search, compare and book cheap airline ticket from to\u00a0Marrakech online","og_url":"https:\/\/tiketi.com\/fr-fr\/cheap-flights-to-marrakech-rak\/","og_site_name":"Tiketi.com","article_publisher":"https:\/\/www.facebook.com\/TiketiCom\/","article_modified_time":"2022-07-13T19:54:29+00:00","og_image":[{"width":1200,"height":240,"url":"https:\/\/tiketi.com\/wp-content\/uploads\/2022\/01\/flight-ticket-booking-sorasak-KxCJXXGsv9I-unsplas.jpg","type":"image\/jpeg"}],"twitter_card":"summary_large_image","twitter_misc":{"Dur\u00e9e de lecture estim\u00e9e":"5 minutes"},"schema":{"@context":"https:\/\/schema.org","@graph":[{"@type":"WebPage","@id":"https:\/\/tiketi.com\/fr-fr\/cheap-flights-to-marrakech-rak\/","url":"https:\/\/tiketi.com\/fr-fr\/cheap-flights-to-marrakech-rak\/","name":"Vols pas chers vers Marrakech","isPartOf":{"@id":"https:\/\/tiketi.com\/#website"},"primaryImageOfPage":{"@id":"https:\/\/tiketi.com\/fr-fr\/cheap-flights-to-marrakech-rak\/#primaryimage"},"image":{"@id":"https:\/\/tiketi.com\/fr-fr\/cheap-flights-to-marrakech-rak\/#primaryimage"},"thumbnailUrl":"https:\/\/tiketi.com\/wp-content\/uploads\/2022\/01\/flight-ticket-booking-sorasak-KxCJXXGsv9I-unsplas.jpg","datePublished":"2022-01-19T11:55:18+00:00","dateModified":"2022-07-13T19:54:29+00:00","description":"Vous recherchez des vols pas chers pour Marrakech ? Recherchez, comparez et r\u00e9servez un billet d&#039;avion pas cher de \u00e0 Marrakech en ligne","breadcrumb":{"@id":"https:\/\/tiketi.com\/fr-fr\/cheap-flights-to-marrakech-rak\/#breadcrumb"},"inLanguage":"fr-FR","potentialAction":[{"@type":"ReadAction","target":["https:\/\/tiketi.com\/fr-fr\/cheap-flights-to-marrakech-rak\/"]}]},{"@type":"ImageObject","inLanguage":"fr-FR","@id":"https:\/\/tiketi.com\/fr-fr\/cheap-flights-to-marrakech-rak\/#primaryimage","url":"https:\/\/tiketi.com\/wp-content\/uploads\/2022\/01\/flight-ticket-booking-sorasak-KxCJXXGsv9I-unsplas.jpg","contentUrl":"https:\/\/tiketi.com\/wp-content\/uploads\/2022\/01\/flight-ticket-booking-sorasak-KxCJXXGsv9I-unsplas.jpg","width":1200,"height":240,"caption":"Online flight ticket booking"},{"@type":"BreadcrumbList","@id":"https:\/\/tiketi.com\/fr-fr\/cheap-flights-to-marrakech-rak\/#breadcrumb","itemListElement":[{"@type":"ListItem","position":1,"name":"Home","item":"https:\/\/tiketi.com\/"},{"@type":"ListItem","position":2,"name":"Cheap Flights to Marrakech"}]},{"@type":"WebSite","@id":"https:\/\/tiketi.com\/#website","url":"https:\/\/tiketi.com\/","name":"Billets d&#039;avion et de bus, forfaits touristiques et activit\u00e9s - Tiketi.com","description":"Billets d&#039;avion et de bus, Tours, Activit\u00e9s","publisher":{"@id":"https:\/\/tiketi.com\/#organization"},"potentialAction":[{"@type":"SearchAction","target":{"@type":"EntryPoint","urlTemplate":"https:\/\/tiketi.com\/?s={search_term_string}"},"query-input":{"@type":"PropertyValueSpecification","valueRequired":true,"valueName":"search_term_string"}}],"inLanguage":"fr-FR"},{"@type":"Organization","@id":"https:\/\/tiketi.com\/#organization","name":"Tiketi.com","alternateName":"Tiketi","url":"https:\/\/tiketi.com\/","logo":{"@type":"ImageObject","inLanguage":"fr-FR","@id":"https:\/\/tiketi.com\/#\/schema\/logo\/image\/","url":"https:\/\/tiketi.com\/wp-content\/uploads\/2019\/05\/tiketi-logo-696.png","contentUrl":"https:\/\/tiketi.com\/wp-content\/uploads\/2019\/05\/tiketi-logo-696.png","width":696,"height":696,"caption":"Tiketi.com"},"image":{"@id":"https:\/\/tiketi.com\/#\/schema\/logo\/image\/"},"sameAs":["https:\/\/www.facebook.com\/TiketiCom\/"]}]}},"_links":{"self":[{"href":"https:\/\/tiketi.com\/fr-fr\/wp-json\/wp\/v2\/pages\/11868","targetHints":{"allow":["GET"]}}],"collection":[{"href":"https:\/\/tiketi.com\/fr-fr\/wp-json\/wp\/v2\/pages"}],"about":[{"href":"https:\/\/tiketi.com\/fr-fr\/wp-json\/wp\/v2\/types\/page"}],"author":[{"embeddable":true,"href":"https:\/\/tiketi.com\/fr-fr\/wp-json\/wp\/v2\/users\/1"}],"replies":[{"embeddable":true,"href":"https:\/\/tiketi.com\/fr-fr\/wp-json\/wp\/v2\/comments?post=11868"}],"version-history":[{"count":0,"href":"https:\/\/tiketi.com\/fr-fr\/wp-json\/wp\/v2\/pages\/11868\/revisions"}],"wp:featuredmedia":[{"embeddable":true,"href":"https:\/\/tiketi.com\/fr-fr\/wp-json\/wp\/v2\/media\/14041"}],"wp:attachment":[{"href":"https:\/\/tiketi.com\/fr-fr\/wp-json\/wp\/v2\/media?parent=11868"}],"curies":[{"name":"wp","href":"https:\/\/api.w.org\/{rel}","templated":true}]}}