{"id":11869,"date":"2022-01-19T12:55:19","date_gmt":"2022-01-19T11:55:19","guid":{"rendered":"https:\/\/new.tiketi.com\/cheap-flights-to-liberia\/"},"modified":"2022-02-10T13:38:42","modified_gmt":"2022-02-10T12:38:42","slug":"cheap-flights-to-liberia","status":"publish","type":"page","link":"https:\/\/tiketi.com\/fr-fr\/cheap-flights-to-liberia\/","title":{"rendered":"Vols pas chers vers Lib\u00e9ria"},"content":{"rendered":"<h2>\u00c0 la recherche d&#039;un billet d&#039;avion pas cher pour Lib\u00e9ria ou d&#039;offres de derni\u00e8re minute ?<\/h2>\n<h3>Recherchez, comparez et r\u00e9servez en ligne d\u00e8s maintenant vos vols Lib\u00e9ria.<\/h3>\n<p>R\u00e9servez en ligne des vols pas chers pour Lib\u00e9ria et \u00e9conomisez de l&#039;argent sur les billets d&#039;avion. Le Lib\u00e9ria, qui abrite environ 4,5 millions d&#039;habitants, est un pays qui poss\u00e8de de nombreuses attractions touristiques sp\u00e9ciales, allant de ses plages de sable parfaites \u00e0 ses for\u00eats intrigantes et abrite certains des sites historiques et des \u00e9co-stations les plus beaux mais relativement inconnus d&#039;Africains. Comparez les prix et obtenez les tarifs les plus bas sur les billets d&#039;avion pour Lib\u00e9ria gr\u00e2ce \u00e0 des offres exceptionnelles sur la r\u00e9servation de billets en ligne de vols Lib\u00e9ria.<\/p>\n<h2>Voici quelques-unes des meilleures attractions du Lib\u00e9ria<\/h2>\n<h3>Des plages<\/h3>\n<p>\u00c0 environ une demi-heure \u00e0 l&#039;ouest du Lib\u00e9ria, les touristes se d\u00e9tendent sur les sables gorg\u00e9s de soleil de la Gold Coast. Les plages entourant le golfe de Papagayo sont des endroits incroyables pour nager, bronzer et plonger, et comprennent Playa Panama, Playa Hermosa, Playa Ocotal et Playa del Coco. Plus au sud, vous trouverez Playa Ostional, c\u00e9l\u00e8bre pour ses grandes migrations de tortues, et les plages voisines de Samara et Nosara.<\/p>\n<h3>Parc national de Guanacaste<\/h3>\n<p>Ce parc national de 86 000 acres se trouve \u00e0 proximit\u00e9 du parc national de Santa Rose et abrite des habitats allant de la for\u00eat s\u00e8che c\u00f4ti\u00e8re aux for\u00eats nuageuses des montagnes \u00e0 haute altitude. Abritant les volcans Cacao et Orosi, ainsi qu&#039;une faune diversifi\u00e9e et des vues imprenables, le parc national de Guanacastle offre aux visiteurs une tranche de paradis rural. Comme c&#039;est le domaine initial des chercheurs et des scientifiques, les visiteurs peuvent randonner toute la journ\u00e9e sans croiser \u00e2me qui vive.<\/p>\n<h3>Careysburg<\/h3>\n<p>Careysburg est la chose la plus proche d&#039;une ville historique du Lib\u00e9ria pour sa charmante architecture de style sud des \u00c9tats-Unis \u00e0 la suite d&#039;un afflux d&#039;esclaves libres d&#039;Am\u00e9rique. Fond\u00e9e en 1856 et nomm\u00e9e d&#039;apr\u00e8s le premier missionnaire baptiste, la commune se trouve \u00e0 seulement quinze miles de Monrovia et d&#039;une communaut\u00e9 agricole dynamique.<\/p>\n<h3>Cascade de Wongan<\/h3>\n<p>Comme une surprise du Lib\u00e9ria, la cascade de Wongan mesure environ 50 \u00e0 60 m\u00e8tres de haut et de large, mettant en valeur une beaut\u00e9 \u00e9tonnante qui se manifeste dans les embruns, l&#039;\u00eele tranquille sous la cascade et le son orageux qui accompagne l&#039;eau en cascade.<\/p>\n<h3>Elizabeth Village et station baln\u00e9aire<\/h3>\n<p>Elizabeth Resort and Village, qui est perch\u00e9 au sommet de la rivi\u00e8re Benson, est la principale station baln\u00e9aire du Lib\u00e9ria construite \u00e0 partir de boue et con\u00e7ue dans le style rondavelle ou ovale. Mais c&#039;est un endroit luxueux qui offre les meilleurs loisirs une fois d\u00e9sir\u00e9s loin de chez soi.<\/p>\n<h2>FAQ sur les vols pas chers vers Lib\u00e9ria<\/h2>\n<h3>Quel est le moment id\u00e9al pour visiter le Lib\u00e9ria ?<\/h3>\n<p>Le Lib\u00e9ria reste ouvert tout au long de l&#039;ann\u00e9e. Sa proximit\u00e9 avec l&#039;\u00e9quateur maintient une temp\u00e9rature quelque peu constante - humide et chaude. L&#039;oc\u00e9an Atlantique joue un r\u00f4le vital dans le climat du Lib\u00e9ria. Sur la c\u00f4te, principalement dans la ville de Monrovia, la temp\u00e9rature ne va jamais vraiment \u00e0 l&#039;extr\u00eame. Les temp\u00e9ratures extr\u00eames ne sont g\u00e9n\u00e9ralement jamais rencontr\u00e9es sur le littoral du Lib\u00e9ria. Plus vous voyagez \u00e0 l&#039;int\u00e9rieur des terres, plus il deviendra humide pendant les mois chauds. Il est plus facile de venir dans ces r\u00e9gions pendant les mois glac\u00e9s lorsque les vents se l\u00e8vent et chassent l&#039;humidit\u00e9 de l&#039;air. Heureusement, le Lib\u00e9ria re\u00e7oit des pr\u00e9cipitations minimales tout au long de l&#039;ann\u00e9e, alors devinez le ciel ouvert tout au long de votre voyage.<\/p>\n<h3>Quelle est la p\u00e9riode de l&#039;ann\u00e9e la moins ch\u00e8re pour partir pour Lib\u00e9ria ?<\/h3>\n<p>Septembre est le mois au cours duquel le Lib\u00e9ria conna\u00eet le tr\u00e8s faible afflux de touristes. Les entreprises recherchent des visiteurs pour remplir leurs vols au Lib\u00e9ria et leurs si\u00e8ges d&#039;h\u00f4tel afin que les tarifs baissent vraiment ce mois-ci. La temp\u00e9rature la plus \u00e9lev\u00e9e en septembre ne d\u00e9passe pas 26 \u00b0 C, c&#039;est donc assez agr\u00e9able \u00e9tant donn\u00e9 que c&#039;est une basse saison au Lib\u00e9ria. Le peu de pr\u00e9cipitations au cours de ce mois est \u00e9galement un plus, dans l&#039;ensemble, reste sec, id\u00e9al pour une exploration.<\/p>\n<h3>Quel jour est le moins cher pour partir pour Lib\u00e9ria ?<\/h3>\n<p>Pour le moment, le mercredi est le jour le plus parfait pour s&#039;envoler vers le Lib\u00e9ria. Le samedi est probablement le plus cher.<\/p>\n<h3>\u00c0 quelle heure de la journ\u00e9e est-il bon march\u00e9 de voler\u00a0?<\/h3>\n<p>Les vols vers le Lib\u00e9ria peuvent \u00eatre rendus abordables si vous choisissez un vol dans l&#039;apr\u00e8s-midi. R\u00e9server un billet d&#039;avion pour le Lib\u00e9ria directement le soir signifiera probablement des prix plus \u00e9lev\u00e9s.<\/p>\n<h3>Quel est le meilleur moment pour r\u00e9server un billet d&#039;avion pas cher pour Lib\u00e9ria ?<\/h3>\n<p>Le prix que vous payez pour votre billet d&#039;avion pas cher \u00e0 destination du Lib\u00e9ria peut varier en fonction de la date de r\u00e9servation. Pour avoir une excellente chance d&#039;obtenir un prix inf\u00e9rieur pour les billets pour Lib\u00e9ria, pensez \u00e0 r\u00e9server 23 jours avant votre voyage. Les tarifs sont susceptibles d&#039;augmenter une quinzaine de jours avant votre date de d\u00e9part.<\/p>\n<h3>Quels sont les grands a\u00e9roports internationaux au Lib\u00e9ria ?<\/h3>\n<p>Il y a 11 a\u00e9roports au Lib\u00e9ria, dont seul l&#039;a\u00e9roport international Roberts g\u00e8re les vols internationaux. L&#039;a\u00e9roport Roberts est situ\u00e9 dans la capitale de Monrovia. L&#039;a\u00e9roport a accueilli environ 200 000 passagers en 2017 et se trouve \u00e0 cinquante-quatre kilom\u00e8tres du centre-ville. Le trajet de l&#039;a\u00e9roport \u00e0 la ville peut prendre une heure. L&#039;a\u00e9roport est \u00e9galement une piste d&#039;urgence pour le programme spatial de la navette de la NASA.<\/p>\n<h3>Se d\u00e9placer \u00e0 l&#039;a\u00e9roport international de Lib\u00e9ria<\/h3>\n<p>\u2022 Les bus sont abordables, bien entretenus et couvrent toutes les parties de la ville, c&#039;est de loin le moyen le plus parfait pour se d\u00e9placer au Costa Rica. Les bus locaux sont les moins chers. Le voyage vers la plupart des grandes villes et des villes baln\u00e9aires.<\/p>\n<p>\u2022 Les taxis et les agences de location de voitures sont facilement accessibles. Vous pouvez h\u00e9ler un taxi dans la rue ou bien appeler un taxi depuis votre h\u00f4tel.<\/p>\n<p>&nbsp;<\/p>","protected":false},"excerpt":{"rendered":"<p>Looking for cheap airline ticket to Liberia or last minute deals? Search, compare and book cheap Liberia flights online now. Book cheap flights to Liberia online and save money on airfare. Liberia, a home to about 4.5 million people, is a country that posses so many special visitor attractions ranging from its perfect sandy beaches, [&hellip;]<\/p>\n","protected":false},"author":1,"featured_media":14041,"parent":0,"menu_order":0,"comment_status":"open","ping_status":"closed","template":"template-home-modern.php","meta":{"footnotes":""},"class_list":["post-11869","page","type-page","status-publish","has-post-thumbnail","hentry"],"yoast_head":"<!-- This site is optimized with the Yoast SEO plugin v27.3 - https:\/\/yoast.com\/product\/yoast-seo-wordpress\/ -->\n<title>Cheap Flights to Liberia<\/title>\n<meta name=\"description\" content=\"Looking for cheap flights to\u00a0Liberia? Search, compare and book cheap airline ticket from to\u00a0Liberia online\" \/>\n<meta name=\"robots\" content=\"index, follow, max-snippet:-1, max-image-preview:large, max-video-preview:-1\" \/>\n<link rel=\"canonical\" href=\"https:\/\/tiketi.com\/fr-fr\/cheap-flights-to-liberia\/\" \/>\n<meta property=\"og:locale\" content=\"fr_FR\" \/>\n<meta property=\"og:type\" content=\"article\" \/>\n<meta property=\"og:title\" content=\"Cheap Flights to Liberia\" \/>\n<meta property=\"og:description\" content=\"Looking for cheap flights to\u00a0Liberia? Search, compare and book cheap airline ticket from to\u00a0Liberia online\" \/>\n<meta property=\"og:url\" content=\"https:\/\/tiketi.com\/fr-fr\/cheap-flights-to-liberia\/\" \/>\n<meta property=\"og:site_name\" content=\"Tiketi.com\" \/>\n<meta property=\"article:publisher\" content=\"https:\/\/www.facebook.com\/TiketiCom\/\" \/>\n<meta property=\"article:modified_time\" content=\"2022-02-10T12:38:42+00:00\" \/>\n<meta property=\"og:image\" content=\"https:\/\/tiketi.com\/wp-content\/uploads\/2022\/01\/flight-ticket-booking-sorasak-KxCJXXGsv9I-unsplas.jpg\" \/>\n\t<meta property=\"og:image:width\" content=\"1200\" \/>\n\t<meta property=\"og:image:height\" content=\"240\" \/>\n\t<meta property=\"og:image:type\" content=\"image\/jpeg\" \/>\n<meta name=\"twitter:card\" content=\"summary_large_image\" \/>\n<meta name=\"twitter:label1\" content=\"Dur\u00e9e de lecture estim\u00e9e\" \/>\n\t<meta name=\"twitter:data1\" content=\"4 minutes\" \/>\n<script type=\"application\/ld+json\" class=\"yoast-schema-graph\">{\"@context\":\"https:\\\/\\\/schema.org\",\"@graph\":[{\"@type\":\"WebPage\",\"@id\":\"https:\\\/\\\/tiketi.com\\\/cheap-flights-to-liberia\\\/\",\"url\":\"https:\\\/\\\/tiketi.com\\\/cheap-flights-to-liberia\\\/\",\"name\":\"Cheap Flights to Liberia\",\"isPartOf\":{\"@id\":\"https:\\\/\\\/tiketi.com\\\/#website\"},\"primaryImageOfPage\":{\"@id\":\"https:\\\/\\\/tiketi.com\\\/cheap-flights-to-liberia\\\/#primaryimage\"},\"image\":{\"@id\":\"https:\\\/\\\/tiketi.com\\\/cheap-flights-to-liberia\\\/#primaryimage\"},\"thumbnailUrl\":\"https:\\\/\\\/tiketi.com\\\/wp-content\\\/uploads\\\/2022\\\/01\\\/flight-ticket-booking-sorasak-KxCJXXGsv9I-unsplas.jpg\",\"datePublished\":\"2022-01-19T11:55:19+00:00\",\"dateModified\":\"2022-02-10T12:38:42+00:00\",\"description\":\"Looking for cheap flights to\u00a0Liberia? Search, compare and book cheap airline ticket from to\u00a0Liberia online\",\"breadcrumb\":{\"@id\":\"https:\\\/\\\/tiketi.com\\\/cheap-flights-to-liberia\\\/#breadcrumb\"},\"inLanguage\":\"fr-FR\",\"potentialAction\":[{\"@type\":\"ReadAction\",\"target\":[\"https:\\\/\\\/tiketi.com\\\/cheap-flights-to-liberia\\\/\"]}]},{\"@type\":\"ImageObject\",\"inLanguage\":\"fr-FR\",\"@id\":\"https:\\\/\\\/tiketi.com\\\/cheap-flights-to-liberia\\\/#primaryimage\",\"url\":\"https:\\\/\\\/tiketi.com\\\/wp-content\\\/uploads\\\/2022\\\/01\\\/flight-ticket-booking-sorasak-KxCJXXGsv9I-unsplas.jpg\",\"contentUrl\":\"https:\\\/\\\/tiketi.com\\\/wp-content\\\/uploads\\\/2022\\\/01\\\/flight-ticket-booking-sorasak-KxCJXXGsv9I-unsplas.jpg\",\"width\":1200,\"height\":240,\"caption\":\"Online flight ticket booking\"},{\"@type\":\"BreadcrumbList\",\"@id\":\"https:\\\/\\\/tiketi.com\\\/cheap-flights-to-liberia\\\/#breadcrumb\",\"itemListElement\":[{\"@type\":\"ListItem\",\"position\":1,\"name\":\"Home\",\"item\":\"https:\\\/\\\/tiketi.com\\\/\"},{\"@type\":\"ListItem\",\"position\":2,\"name\":\"Cheap Flights to Liberia\"}]},{\"@type\":\"WebSite\",\"@id\":\"https:\\\/\\\/tiketi.com\\\/#website\",\"url\":\"https:\\\/\\\/tiketi.com\\\/\",\"name\":\"Flight & Bus Tickets, Tour Packages & Activitites - Tiketi.com\",\"description\":\"Flight &amp; Bus Tickets, Tours, Activitites\",\"publisher\":{\"@id\":\"https:\\\/\\\/tiketi.com\\\/#organization\"},\"potentialAction\":[{\"@type\":\"SearchAction\",\"target\":{\"@type\":\"EntryPoint\",\"urlTemplate\":\"https:\\\/\\\/tiketi.com\\\/?s={search_term_string}\"},\"query-input\":{\"@type\":\"PropertyValueSpecification\",\"valueRequired\":true,\"valueName\":\"search_term_string\"}}],\"inLanguage\":\"fr-FR\"},{\"@type\":\"Organization\",\"@id\":\"https:\\\/\\\/tiketi.com\\\/#organization\",\"name\":\"Tiketi.com\",\"alternateName\":\"Tiketi\",\"url\":\"https:\\\/\\\/tiketi.com\\\/\",\"logo\":{\"@type\":\"ImageObject\",\"inLanguage\":\"fr-FR\",\"@id\":\"https:\\\/\\\/tiketi.com\\\/#\\\/schema\\\/logo\\\/image\\\/\",\"url\":\"https:\\\/\\\/tiketi.com\\\/wp-content\\\/uploads\\\/2019\\\/05\\\/tiketi-logo-696.png\",\"contentUrl\":\"https:\\\/\\\/tiketi.com\\\/wp-content\\\/uploads\\\/2019\\\/05\\\/tiketi-logo-696.png\",\"width\":696,\"height\":696,\"caption\":\"Tiketi.com\"},\"image\":{\"@id\":\"https:\\\/\\\/tiketi.com\\\/#\\\/schema\\\/logo\\\/image\\\/\"},\"sameAs\":[\"https:\\\/\\\/www.facebook.com\\\/TiketiCom\\\/\"]}]}<\/script>\n<!-- \/ Yoast SEO plugin. -->","yoast_head_json":{"title":"Vols pas chers vers Lib\u00e9ria","description":"Vous recherchez des vols pas chers vers Lib\u00e9ria ? Recherchez, comparez et r\u00e9servez en ligne un billet d&#039;avion pas cher de vers Lib\u00e9ria","robots":{"index":"index","follow":"follow","max-snippet":"max-snippet:-1","max-image-preview":"max-image-preview:large","max-video-preview":"max-video-preview:-1"},"canonical":"https:\/\/tiketi.com\/fr-fr\/cheap-flights-to-liberia\/","og_locale":"fr_FR","og_type":"article","og_title":"Cheap Flights to Liberia","og_description":"Looking for cheap flights to\u00a0Liberia? Search, compare and book cheap airline ticket from to\u00a0Liberia online","og_url":"https:\/\/tiketi.com\/fr-fr\/cheap-flights-to-liberia\/","og_site_name":"Tiketi.com","article_publisher":"https:\/\/www.facebook.com\/TiketiCom\/","article_modified_time":"2022-02-10T12:38:42+00:00","og_image":[{"width":1200,"height":240,"url":"https:\/\/tiketi.com\/wp-content\/uploads\/2022\/01\/flight-ticket-booking-sorasak-KxCJXXGsv9I-unsplas.jpg","type":"image\/jpeg"}],"twitter_card":"summary_large_image","twitter_misc":{"Dur\u00e9e de lecture estim\u00e9e":"4 minutes"},"schema":{"@context":"https:\/\/schema.org","@graph":[{"@type":"WebPage","@id":"https:\/\/tiketi.com\/cheap-flights-to-liberia\/","url":"https:\/\/tiketi.com\/cheap-flights-to-liberia\/","name":"Vols pas chers vers Lib\u00e9ria","isPartOf":{"@id":"https:\/\/tiketi.com\/#website"},"primaryImageOfPage":{"@id":"https:\/\/tiketi.com\/cheap-flights-to-liberia\/#primaryimage"},"image":{"@id":"https:\/\/tiketi.com\/cheap-flights-to-liberia\/#primaryimage"},"thumbnailUrl":"https:\/\/tiketi.com\/wp-content\/uploads\/2022\/01\/flight-ticket-booking-sorasak-KxCJXXGsv9I-unsplas.jpg","datePublished":"2022-01-19T11:55:19+00:00","dateModified":"2022-02-10T12:38:42+00:00","description":"Vous recherchez des vols pas chers vers Lib\u00e9ria ? Recherchez, comparez et r\u00e9servez en ligne un billet d&#039;avion pas cher de vers Lib\u00e9ria","breadcrumb":{"@id":"https:\/\/tiketi.com\/cheap-flights-to-liberia\/#breadcrumb"},"inLanguage":"fr-FR","potentialAction":[{"@type":"ReadAction","target":["https:\/\/tiketi.com\/cheap-flights-to-liberia\/"]}]},{"@type":"ImageObject","inLanguage":"fr-FR","@id":"https:\/\/tiketi.com\/cheap-flights-to-liberia\/#primaryimage","url":"https:\/\/tiketi.com\/wp-content\/uploads\/2022\/01\/flight-ticket-booking-sorasak-KxCJXXGsv9I-unsplas.jpg","contentUrl":"https:\/\/tiketi.com\/wp-content\/uploads\/2022\/01\/flight-ticket-booking-sorasak-KxCJXXGsv9I-unsplas.jpg","width":1200,"height":240,"caption":"Online flight ticket booking"},{"@type":"BreadcrumbList","@id":"https:\/\/tiketi.com\/cheap-flights-to-liberia\/#breadcrumb","itemListElement":[{"@type":"ListItem","position":1,"name":"Home","item":"https:\/\/tiketi.com\/"},{"@type":"ListItem","position":2,"name":"Cheap Flights to Liberia"}]},{"@type":"WebSite","@id":"https:\/\/tiketi.com\/#website","url":"https:\/\/tiketi.com\/","name":"Billets d&#039;avion et de bus, forfaits touristiques et activit\u00e9s - Tiketi.com","description":"Billets d&#039;avion et de bus, Tours, Activit\u00e9s","publisher":{"@id":"https:\/\/tiketi.com\/#organization"},"potentialAction":[{"@type":"SearchAction","target":{"@type":"EntryPoint","urlTemplate":"https:\/\/tiketi.com\/?s={search_term_string}"},"query-input":{"@type":"PropertyValueSpecification","valueRequired":true,"valueName":"search_term_string"}}],"inLanguage":"fr-FR"},{"@type":"Organization","@id":"https:\/\/tiketi.com\/#organization","name":"Tiketi.com","alternateName":"Tiketi","url":"https:\/\/tiketi.com\/","logo":{"@type":"ImageObject","inLanguage":"fr-FR","@id":"https:\/\/tiketi.com\/#\/schema\/logo\/image\/","url":"https:\/\/tiketi.com\/wp-content\/uploads\/2019\/05\/tiketi-logo-696.png","contentUrl":"https:\/\/tiketi.com\/wp-content\/uploads\/2019\/05\/tiketi-logo-696.png","width":696,"height":696,"caption":"Tiketi.com"},"image":{"@id":"https:\/\/tiketi.com\/#\/schema\/logo\/image\/"},"sameAs":["https:\/\/www.facebook.com\/TiketiCom\/"]}]}},"_links":{"self":[{"href":"https:\/\/tiketi.com\/fr-fr\/wp-json\/wp\/v2\/pages\/11869","targetHints":{"allow":["GET"]}}],"collection":[{"href":"https:\/\/tiketi.com\/fr-fr\/wp-json\/wp\/v2\/pages"}],"about":[{"href":"https:\/\/tiketi.com\/fr-fr\/wp-json\/wp\/v2\/types\/page"}],"author":[{"embeddable":true,"href":"https:\/\/tiketi.com\/fr-fr\/wp-json\/wp\/v2\/users\/1"}],"replies":[{"embeddable":true,"href":"https:\/\/tiketi.com\/fr-fr\/wp-json\/wp\/v2\/comments?post=11869"}],"version-history":[{"count":0,"href":"https:\/\/tiketi.com\/fr-fr\/wp-json\/wp\/v2\/pages\/11869\/revisions"}],"wp:featuredmedia":[{"embeddable":true,"href":"https:\/\/tiketi.com\/fr-fr\/wp-json\/wp\/v2\/media\/14041"}],"wp:attachment":[{"href":"https:\/\/tiketi.com\/fr-fr\/wp-json\/wp\/v2\/media?parent=11869"}],"curies":[{"name":"wp","href":"https:\/\/api.w.org\/{rel}","templated":true}]}}