{"id":11870,"date":"2022-01-19T12:55:19","date_gmt":"2022-01-19T11:55:19","guid":{"rendered":"https:\/\/new.tiketi.com\/cheap-flights-to-lesotho\/"},"modified":"2022-02-10T13:37:59","modified_gmt":"2022-02-10T12:37:59","slug":"cheap-flights-to-lesotho","status":"publish","type":"page","link":"https:\/\/tiketi.com\/fr-fr\/cheap-flights-to-lesotho\/","title":{"rendered":"Vols pas chers vers Lesotho"},"content":{"rendered":"<h2>\u00c0 la recherche d&#039;un billet d&#039;avion pas cher pour le Lesotho ou d&#039;offres de derni\u00e8re minute ?<\/h2>\n<h3>Cherchez, comparez et r\u00e9servez des vols pas chers pour Lesotho en ligne d\u00e8s maintenant.<\/h3>\n<p>R\u00e9servez en ligne des vols pas chers pour le Lesotho et \u00e9conomisez de l&#039;argent sur les billets d&#039;avion. Bien qu&#039;il s&#039;agisse d&#039;un petit pays, le Lesotho poss\u00e8de un assortiment d&#039;attractions \u00e9tonnantes que les visiteurs peuvent visiter et d\u00e9couvrir le patrimoine et l&#039;histoire du peuple Basotho et du royaume des montagnes. Comparez les prix et obtenez les tarifs les plus bas sur les billets d&#039;avion pour Lesotho gr\u00e2ce \u00e0 des offres exceptionnelles sur la r\u00e9servation de billets en ligne de vols Lesotho.<\/p>\n<h2>Voici quelques-unes des meilleures attractions du Lesotho<\/h2>\n<h3>Parc national de Tse&#039;hlanyane<\/h3>\n<p>C&#039;est le plus grand parc du Lesotho et aucun autre endroit n&#039;est aussi \u00e9loign\u00e9 de tout que Ts&#039;ehlanyane. Ce parc du nord du Lesotho pr\u00e9serve une charmante parcelle de haute altitude de 5 600 hectares de nature sauvage accident\u00e9e, ajoutant l&#039;un des seuls peuplements de for\u00eats indig\u00e8nes du Lesotho avec un certain nombre de plantes de sous-bois rares qui sont particuli\u00e8res \u00e0 cet habitat bois\u00e9.<\/p>\n<h3>Barrage de Katse et jardins botaniques<\/h3>\n<p>Tout voyage au Lesotho est agr\u00e9ment\u00e9 d&#039;une visite au barrage de Katse. C&#039;est la pi\u00e8ce ma\u00eetresse des projets Lesotho Highlands Water qui transf\u00e8re l&#039;eau des Highlands du Lesotho via un incroyable conduit de tunnels et de barrages \u00e0 travers les montagnes, pour finalement se dissiper dans les plaines de la province de l&#039;\u00c9tat libre d&#039;Afrique du Sud.<\/p>\n<h3>Sanni Pass et le plus haut diviseur<\/h3>\n<p>Remarquablement important aupr\u00e8s de la population locale et des visiteurs, le col de Sanni est une zone capitale pour l&#039;escalade, la conduite ou le VTT tout en profitant des perspectives remarquables des montagnes du Drakensburg. Cet itin\u00e9raire est plein d&#039;aventure et de plaisir.<\/p>\n<h3>Chutes de Semonkong<\/h3>\n<p>Semonkong en soi est une fascination bien connue, car il abrite les chutes de Semonkong, autrement appel\u00e9es les chutes de Maletsuyane, la chute la plus \u00e9tonnante d&#039;Afrique australe et offre un paysage vierge stup\u00e9fiant. Cette charmante cascade est facilement accessible depuis Semonkong par une promenade de 5 kilom\u00e8tres pr\u00e8s de la rivi\u00e8re Maletsunyane. Le meilleur endroit pour se promener d\u00e9finitivement.<\/p>\n<h3>Thaba-Boisu<\/h3>\n<p>Un monument national, Thaba-Boisu ou montagne de la nuit, est connu comme le berceau de la nation Basotho. C&#039;est de loin l&#039;un des lieux historiques les plus vitaux du Lesotho et invoque un sentiment d&#039;identit\u00e9 pour la fi\u00e8re nation Basotho.<\/p>\n<h3>Empreintes de dinosaures<\/h3>\n<p>Cette jolie nation poss\u00e8de les plus grands sites d&#039;empreintes de dinosaures connus au monde, ce qui fait du Lesotho un lieu incontournable pour les scientifiques et les arch\u00e9ologues. Il existe diff\u00e9rentes zones d&#039;impression de dinosaures et certaines se trouvent \u00e0 Subeng Stream, Morija et Tsikoane pr\u00e8s de Moyeni, Leribe.<\/p>\n<h2>FAQ sur les vols pas chers vers le Lesotho<\/h2>\n<p><strong>Haute saison<\/strong><br \/>\nAvec plus de trois cents jours de soleil par an, la plupart des visiteurs r\u00e9servent des billets d&#039;avion bon march\u00e9 pour le Lesotho \u00e0 la recherche de journ\u00e9es chaudes et lumineuses. Surtout pendant les mois d&#039;\u00e9t\u00e9 entre novembre et f\u00e9vrier, vous pourrez profiter du plein air en camping, en randonn\u00e9e et en trekking sans h\u00e9siter \u00e0 la pluie ou \u00e0 d&#039;autres intemp\u00e9ries. Le Moshoeshoe Day est le 14 mars, lorsque les visiteurs r\u00e9servent des vols bon march\u00e9 pour le Lesotho afin de voir le pays en costume national et de regarder les d\u00e9fil\u00e9s se d\u00e9placer joyeusement du palais au stade Sotho.<\/p>\n<p><strong>Hors saison<\/strong><br \/>\nAlors que les mois glac\u00e9s de mai \u00e0 juillet sont incroyablement froids dans les montagnes de Maluti, vous pourrez trouver des vols et des offres d&#039;h\u00f4tels pour le Lesotho et des billets d&#039;avion bon march\u00e9 pour le Lesotho pendant cette p\u00e9riode creuse.<\/p>\n<h3>Quel jour est le moins cher pour partir pour Lesotho ?<\/h3>\n<p>En ce moment, le vendredi est le jour le plus id\u00e9al pour prendre un vol vers le Lesotho. Le mardi est probablement le plus co\u00fbteux.<\/p>\n<h3>\u00c0 quelle heure de la journ\u00e9e est-il bon march\u00e9 de voler\u00a0?<\/h3>\n<p>Les vols au Lesotho peuvent \u00eatre rendus abordables si vous choisissez un vol dans l&#039;apr\u00e8s-midi. R\u00e9server un vol le matin signifiera probablement des prix \u00e9lev\u00e9s.<\/p>\n<h3>Quel est le meilleur moment pour r\u00e9server un billet d&#039;avion pour le Lesotho ?<\/h3>\n<p>D&#039;octobre \u00e0 mai, il peut faire extr\u00eamement chaud au Lesotho, mais le pays conna\u00eet \u00e9galement des temp\u00e9ratures tr\u00e8s froides au c\u0153ur des mois d&#039;hiver, tombant parfois \u00e0 -19. R\u00e9server un billet d&#039;avion pour le Lesotho entre mars et mai pourrait \u00eatre votre meilleure chance de d\u00e9crocher les offres de vol pour le Lesotho et de profiter des meilleures conditions m\u00e9t\u00e9orologiques que le pays a \u00e0 offrir.<\/p>\n<h3>Quelles compagnies a\u00e9riennes op\u00e8rent des vols au Lesotho ?<\/h3>\n<p>South African Airways, Finnaviation et South African Airlink proposent toutes des billets d&#039;avion bon march\u00e9 pour le Lesotho. Le vol le moins cher et le plus rapide depuis et vers Maseru peut \u00eatre r\u00e9serv\u00e9 avec Airlink.<\/p>\n<h2>Se d\u00e9placer au Lesotho<\/h2>\n<p>\u2022 Si vous songez \u00e0 des vols locaux au Lesotho pour entrer et sortir de l&#039;Afrique du Sud, vous utiliserez tr\u00e8s probablement South African Airways pour entrer et sortir de l&#039;a\u00e9roport international de Moshoeshoe.<\/p>\n<p>\u2022 Si vous recherchez un voyage au Lesotho plut\u00f4t local, les soci\u00e9t\u00e9s de location de v\u00e9hicules offrent des choix faciles pour vous d\u00e9placer \u00e0 Maseru, la capitale. La plupart des entreprises sont des succursales d&#039;autres entreprises sud-africaines, leur expertise est donc large et elles seront capables de vous aider \u00e0 d\u00e9passer les fronti\u00e8res.<\/p>\n<p>\u2022 Conduire de Maseru \u00e0 quelques endroits domestiques ne prend pas beaucoup de temps : \u00e0 Mokhotlong, cela prend sept heures ; \u00e0 Qachas Nek, cela prend huit heures, \u00e0 Mohales Hoek, cela prend une heure et 30 minutes, et \u00e0 Mafeteng, cela ne prend qu&#039;une heure.<\/p>\n<p>\u2022 D&#039;autres choix comme le service de taxi, les minibus et les services a\u00e9riens nolis\u00e9s sont \u00e9galement accessibles, mais il n&#039;y a pas de service de train accessible.<\/p>","protected":false},"excerpt":{"rendered":"<p>Looking for cheap airline ticket to Lesotho or last minute deals? Search, compare and book cheap Lesotho flights online now. Book cheap flights to Lesotho online and save money on airfare. Although a little country, Lesotho boasts an assortment of amazing attractions that visitors can visit and discover the heritage and history of both the [&hellip;]<\/p>\n","protected":false},"author":1,"featured_media":14041,"parent":0,"menu_order":0,"comment_status":"open","ping_status":"closed","template":"template-home-modern.php","meta":{"footnotes":""},"class_list":["post-11870","page","type-page","status-publish","has-post-thumbnail","hentry"],"yoast_head":"<!-- This site is optimized with the Yoast SEO plugin v27.3 - https:\/\/yoast.com\/product\/yoast-seo-wordpress\/ -->\n<title>Cheap Flights to Lesotho<\/title>\n<meta name=\"description\" content=\"Looking for cheap flights to\u00a0Lesotho? Search, compare and book cheap airline ticket from to\u00a0Lesotho online\" \/>\n<meta name=\"robots\" content=\"index, follow, max-snippet:-1, max-image-preview:large, max-video-preview:-1\" \/>\n<link rel=\"canonical\" href=\"https:\/\/tiketi.com\/fr-fr\/cheap-flights-to-lesotho\/\" \/>\n<meta property=\"og:locale\" content=\"fr_FR\" \/>\n<meta property=\"og:type\" content=\"article\" \/>\n<meta property=\"og:title\" content=\"Cheap Flights to Lesotho\" \/>\n<meta property=\"og:description\" content=\"Looking for cheap flights to\u00a0Lesotho? Search, compare and book cheap airline ticket from to\u00a0Lesotho online\" \/>\n<meta property=\"og:url\" content=\"https:\/\/tiketi.com\/fr-fr\/cheap-flights-to-lesotho\/\" \/>\n<meta property=\"og:site_name\" content=\"Tiketi.com\" \/>\n<meta property=\"article:publisher\" content=\"https:\/\/www.facebook.com\/TiketiCom\/\" \/>\n<meta property=\"article:modified_time\" content=\"2022-02-10T12:37:59+00:00\" \/>\n<meta property=\"og:image\" content=\"https:\/\/tiketi.com\/wp-content\/uploads\/2022\/01\/flight-ticket-booking-sorasak-KxCJXXGsv9I-unsplas.jpg\" \/>\n\t<meta property=\"og:image:width\" content=\"1200\" \/>\n\t<meta property=\"og:image:height\" content=\"240\" \/>\n\t<meta property=\"og:image:type\" content=\"image\/jpeg\" \/>\n<meta name=\"twitter:card\" content=\"summary_large_image\" \/>\n<meta name=\"twitter:label1\" content=\"Dur\u00e9e de lecture estim\u00e9e\" \/>\n\t<meta name=\"twitter:data1\" content=\"4 minutes\" \/>\n<script type=\"application\/ld+json\" class=\"yoast-schema-graph\">{\"@context\":\"https:\\\/\\\/schema.org\",\"@graph\":[{\"@type\":\"WebPage\",\"@id\":\"https:\\\/\\\/tiketi.com\\\/cheap-flights-to-lesotho\\\/\",\"url\":\"https:\\\/\\\/tiketi.com\\\/cheap-flights-to-lesotho\\\/\",\"name\":\"Cheap Flights to Lesotho\",\"isPartOf\":{\"@id\":\"https:\\\/\\\/tiketi.com\\\/#website\"},\"primaryImageOfPage\":{\"@id\":\"https:\\\/\\\/tiketi.com\\\/cheap-flights-to-lesotho\\\/#primaryimage\"},\"image\":{\"@id\":\"https:\\\/\\\/tiketi.com\\\/cheap-flights-to-lesotho\\\/#primaryimage\"},\"thumbnailUrl\":\"https:\\\/\\\/tiketi.com\\\/wp-content\\\/uploads\\\/2022\\\/01\\\/flight-ticket-booking-sorasak-KxCJXXGsv9I-unsplas.jpg\",\"datePublished\":\"2022-01-19T11:55:19+00:00\",\"dateModified\":\"2022-02-10T12:37:59+00:00\",\"description\":\"Looking for cheap flights to\u00a0Lesotho? Search, compare and book cheap airline ticket from to\u00a0Lesotho online\",\"breadcrumb\":{\"@id\":\"https:\\\/\\\/tiketi.com\\\/cheap-flights-to-lesotho\\\/#breadcrumb\"},\"inLanguage\":\"fr-FR\",\"potentialAction\":[{\"@type\":\"ReadAction\",\"target\":[\"https:\\\/\\\/tiketi.com\\\/cheap-flights-to-lesotho\\\/\"]}]},{\"@type\":\"ImageObject\",\"inLanguage\":\"fr-FR\",\"@id\":\"https:\\\/\\\/tiketi.com\\\/cheap-flights-to-lesotho\\\/#primaryimage\",\"url\":\"https:\\\/\\\/tiketi.com\\\/wp-content\\\/uploads\\\/2022\\\/01\\\/flight-ticket-booking-sorasak-KxCJXXGsv9I-unsplas.jpg\",\"contentUrl\":\"https:\\\/\\\/tiketi.com\\\/wp-content\\\/uploads\\\/2022\\\/01\\\/flight-ticket-booking-sorasak-KxCJXXGsv9I-unsplas.jpg\",\"width\":1200,\"height\":240,\"caption\":\"Online flight ticket booking\"},{\"@type\":\"BreadcrumbList\",\"@id\":\"https:\\\/\\\/tiketi.com\\\/cheap-flights-to-lesotho\\\/#breadcrumb\",\"itemListElement\":[{\"@type\":\"ListItem\",\"position\":1,\"name\":\"Home\",\"item\":\"https:\\\/\\\/tiketi.com\\\/\"},{\"@type\":\"ListItem\",\"position\":2,\"name\":\"Cheap Flights to Lesotho\"}]},{\"@type\":\"WebSite\",\"@id\":\"https:\\\/\\\/tiketi.com\\\/#website\",\"url\":\"https:\\\/\\\/tiketi.com\\\/\",\"name\":\"Flight & Bus Tickets, Tour Packages & Activitites - Tiketi.com\",\"description\":\"Flight &amp; Bus Tickets, Tours, Activitites\",\"publisher\":{\"@id\":\"https:\\\/\\\/tiketi.com\\\/#organization\"},\"potentialAction\":[{\"@type\":\"SearchAction\",\"target\":{\"@type\":\"EntryPoint\",\"urlTemplate\":\"https:\\\/\\\/tiketi.com\\\/?s={search_term_string}\"},\"query-input\":{\"@type\":\"PropertyValueSpecification\",\"valueRequired\":true,\"valueName\":\"search_term_string\"}}],\"inLanguage\":\"fr-FR\"},{\"@type\":\"Organization\",\"@id\":\"https:\\\/\\\/tiketi.com\\\/#organization\",\"name\":\"Tiketi.com\",\"alternateName\":\"Tiketi\",\"url\":\"https:\\\/\\\/tiketi.com\\\/\",\"logo\":{\"@type\":\"ImageObject\",\"inLanguage\":\"fr-FR\",\"@id\":\"https:\\\/\\\/tiketi.com\\\/#\\\/schema\\\/logo\\\/image\\\/\",\"url\":\"https:\\\/\\\/tiketi.com\\\/wp-content\\\/uploads\\\/2019\\\/05\\\/tiketi-logo-696.png\",\"contentUrl\":\"https:\\\/\\\/tiketi.com\\\/wp-content\\\/uploads\\\/2019\\\/05\\\/tiketi-logo-696.png\",\"width\":696,\"height\":696,\"caption\":\"Tiketi.com\"},\"image\":{\"@id\":\"https:\\\/\\\/tiketi.com\\\/#\\\/schema\\\/logo\\\/image\\\/\"},\"sameAs\":[\"https:\\\/\\\/www.facebook.com\\\/TiketiCom\\\/\"]}]}<\/script>\n<!-- \/ Yoast SEO plugin. -->","yoast_head_json":{"title":"Vols pas chers vers Lesotho","description":"Vous cherchez des vols pas chers vers Lesotho ? Recherchez, comparez et r\u00e9servez en ligne un billet d&#039;avion pas cher du vers Lesotho","robots":{"index":"index","follow":"follow","max-snippet":"max-snippet:-1","max-image-preview":"max-image-preview:large","max-video-preview":"max-video-preview:-1"},"canonical":"https:\/\/tiketi.com\/fr-fr\/cheap-flights-to-lesotho\/","og_locale":"fr_FR","og_type":"article","og_title":"Cheap Flights to Lesotho","og_description":"Looking for cheap flights to\u00a0Lesotho? Search, compare and book cheap airline ticket from to\u00a0Lesotho online","og_url":"https:\/\/tiketi.com\/fr-fr\/cheap-flights-to-lesotho\/","og_site_name":"Tiketi.com","article_publisher":"https:\/\/www.facebook.com\/TiketiCom\/","article_modified_time":"2022-02-10T12:37:59+00:00","og_image":[{"width":1200,"height":240,"url":"https:\/\/tiketi.com\/wp-content\/uploads\/2022\/01\/flight-ticket-booking-sorasak-KxCJXXGsv9I-unsplas.jpg","type":"image\/jpeg"}],"twitter_card":"summary_large_image","twitter_misc":{"Dur\u00e9e de lecture estim\u00e9e":"4 minutes"},"schema":{"@context":"https:\/\/schema.org","@graph":[{"@type":"WebPage","@id":"https:\/\/tiketi.com\/cheap-flights-to-lesotho\/","url":"https:\/\/tiketi.com\/cheap-flights-to-lesotho\/","name":"Vols pas chers vers Lesotho","isPartOf":{"@id":"https:\/\/tiketi.com\/#website"},"primaryImageOfPage":{"@id":"https:\/\/tiketi.com\/cheap-flights-to-lesotho\/#primaryimage"},"image":{"@id":"https:\/\/tiketi.com\/cheap-flights-to-lesotho\/#primaryimage"},"thumbnailUrl":"https:\/\/tiketi.com\/wp-content\/uploads\/2022\/01\/flight-ticket-booking-sorasak-KxCJXXGsv9I-unsplas.jpg","datePublished":"2022-01-19T11:55:19+00:00","dateModified":"2022-02-10T12:37:59+00:00","description":"Vous cherchez des vols pas chers vers Lesotho ? Recherchez, comparez et r\u00e9servez en ligne un billet d&#039;avion pas cher du vers Lesotho","breadcrumb":{"@id":"https:\/\/tiketi.com\/cheap-flights-to-lesotho\/#breadcrumb"},"inLanguage":"fr-FR","potentialAction":[{"@type":"ReadAction","target":["https:\/\/tiketi.com\/cheap-flights-to-lesotho\/"]}]},{"@type":"ImageObject","inLanguage":"fr-FR","@id":"https:\/\/tiketi.com\/cheap-flights-to-lesotho\/#primaryimage","url":"https:\/\/tiketi.com\/wp-content\/uploads\/2022\/01\/flight-ticket-booking-sorasak-KxCJXXGsv9I-unsplas.jpg","contentUrl":"https:\/\/tiketi.com\/wp-content\/uploads\/2022\/01\/flight-ticket-booking-sorasak-KxCJXXGsv9I-unsplas.jpg","width":1200,"height":240,"caption":"Online flight ticket booking"},{"@type":"BreadcrumbList","@id":"https:\/\/tiketi.com\/cheap-flights-to-lesotho\/#breadcrumb","itemListElement":[{"@type":"ListItem","position":1,"name":"Home","item":"https:\/\/tiketi.com\/"},{"@type":"ListItem","position":2,"name":"Cheap Flights to Lesotho"}]},{"@type":"WebSite","@id":"https:\/\/tiketi.com\/#website","url":"https:\/\/tiketi.com\/","name":"Billets d&#039;avion et de bus, forfaits touristiques et activit\u00e9s - Tiketi.com","description":"Billets d&#039;avion et de bus, Tours, Activit\u00e9s","publisher":{"@id":"https:\/\/tiketi.com\/#organization"},"potentialAction":[{"@type":"SearchAction","target":{"@type":"EntryPoint","urlTemplate":"https:\/\/tiketi.com\/?s={search_term_string}"},"query-input":{"@type":"PropertyValueSpecification","valueRequired":true,"valueName":"search_term_string"}}],"inLanguage":"fr-FR"},{"@type":"Organization","@id":"https:\/\/tiketi.com\/#organization","name":"Tiketi.com","alternateName":"Tiketi","url":"https:\/\/tiketi.com\/","logo":{"@type":"ImageObject","inLanguage":"fr-FR","@id":"https:\/\/tiketi.com\/#\/schema\/logo\/image\/","url":"https:\/\/tiketi.com\/wp-content\/uploads\/2019\/05\/tiketi-logo-696.png","contentUrl":"https:\/\/tiketi.com\/wp-content\/uploads\/2019\/05\/tiketi-logo-696.png","width":696,"height":696,"caption":"Tiketi.com"},"image":{"@id":"https:\/\/tiketi.com\/#\/schema\/logo\/image\/"},"sameAs":["https:\/\/www.facebook.com\/TiketiCom\/"]}]}},"_links":{"self":[{"href":"https:\/\/tiketi.com\/fr-fr\/wp-json\/wp\/v2\/pages\/11870","targetHints":{"allow":["GET"]}}],"collection":[{"href":"https:\/\/tiketi.com\/fr-fr\/wp-json\/wp\/v2\/pages"}],"about":[{"href":"https:\/\/tiketi.com\/fr-fr\/wp-json\/wp\/v2\/types\/page"}],"author":[{"embeddable":true,"href":"https:\/\/tiketi.com\/fr-fr\/wp-json\/wp\/v2\/users\/1"}],"replies":[{"embeddable":true,"href":"https:\/\/tiketi.com\/fr-fr\/wp-json\/wp\/v2\/comments?post=11870"}],"version-history":[{"count":0,"href":"https:\/\/tiketi.com\/fr-fr\/wp-json\/wp\/v2\/pages\/11870\/revisions"}],"wp:featuredmedia":[{"embeddable":true,"href":"https:\/\/tiketi.com\/fr-fr\/wp-json\/wp\/v2\/media\/14041"}],"wp:attachment":[{"href":"https:\/\/tiketi.com\/fr-fr\/wp-json\/wp\/v2\/media?parent=11870"}],"curies":[{"name":"wp","href":"https:\/\/api.w.org\/{rel}","templated":true}]}}