{"id":11871,"date":"2022-01-19T12:55:19","date_gmt":"2022-01-19T11:55:19","guid":{"rendered":"https:\/\/new.tiketi.com\/cheap-flights-to-eswatini\/"},"modified":"2022-02-10T11:08:05","modified_gmt":"2022-02-10T10:08:05","slug":"cheap-flights-to-eswatini","status":"publish","type":"page","link":"https:\/\/tiketi.com\/fr-fr\/cheap-flights-to-eswatini\/","title":{"rendered":"Vols pas chers vers Eswatini"},"content":{"rendered":"<h2>Vous recherchez un billet d&#039;avion pas cher pour Eswatini ou des offres de derni\u00e8re minute ?<\/h2>\n<h3>Cherchez, comparez et r\u00e9servez des vols bon march\u00e9 pour Eswatini en ligne d\u00e8s maintenant.<\/h3>\n<p>R\u00e9servez en ligne des vols pas chers pour Eswatini et \u00e9conomisez de l&#039;argent sur les billets d&#039;avion. Avec ses paysages remarquables et sa faune riche, le Royaume du Swaziland, alias Eswatini, est un paradis pour les amoureux de la nature. L&#039;une des rares monarchies au monde, le petit pays, qui est presque enti\u00e8rement bord\u00e9 par l&#039;Afrique du Sud, ne manque pas de possibilit\u00e9s de faire du v\u00e9lo, de la randonn\u00e9e et de l&#039;\u00e9quitation et ses nombreux parcs nationaux offrent un aper\u00e7u de tout, du rhinoc\u00e9ros noir en voie de disparition aux oiseaux rares. . Comparez les prix et obtenez le tarif le plus bas sur les billets d&#039;avion pour Eswatini gr\u00e2ce \u00e0 des offres exceptionnelles sur la r\u00e9servation de billets en ligne de vols Eswatini.<\/p>\n<h2>Voici quelques-unes des meilleures attractions d&#039;Eswatini sont<\/h2>\n<h3>Parc national royal de Hlane<\/h3>\n<p>Le plus grand lieu prot\u00e9g\u00e9 d&#039;Eswatini poss\u00e8de un vaste r\u00e9seau de routes faciles \u00e0 parcourir, ce qui le rend parfait pour un safari en voiture. Hippopotames, z\u00e8bres, girafes, rhinoc\u00e9ros blancs, \u00e9l\u00e9phants, l\u00e9opards et antilopes comme le koudou, l&#039;impala, le cobe et le gnou r\u00e9sident tous dans le parc. Les lions occupent une r\u00e9gion cl\u00f4tur\u00e9e s\u00e9par\u00e9e qui ne peut \u00eatre vue que lors d&#039;un safari guid\u00e9.<\/p>\n<h3>R\u00e9serve de gibier de Mkhaya<\/h3>\n<p>Abritant des esp\u00e8ces rares comme la race Nguni de bovins et de rhinoc\u00e9ros noirs, ainsi que des \u00e9l\u00e9phants, des antilopes et une foule d&#039;animaux, cette jolie r\u00e9serve priv\u00e9e du sud-est d&#039;Eswatini est \u00e9galement connue pour ses nombreux arbres \u00e0 boutons, mkhaya, qui portent un type de fruits que les Swazis utilisent pour brasser de la bi\u00e8re.<\/p>\n<h3>Lobamba<\/h3>\n<p>Dans la charmante vall\u00e9e d&#039;Ezulwini, Lobamba est le c\u0153ur culturel et spirituel du Swaziland. La ville d\u00e9contract\u00e9e abrite la monarchie du Swaziland ainsi que ses b\u00e2timents les plus vitaux. Ici, les clients trouveront le village royal de Lobamba avec le kraal royal, le b\u00e2timent du Parlement, le mus\u00e9e national et les b\u00e2timents administratifs.<\/p>\n<h3>Rocher de Sibebe<\/h3>\n<p>Situ\u00e9e juste au nord de Mbabane, la caract\u00e9ristique g\u00e9ologique la plus populaire d&#039;Eswatini est un grand d\u00f4me de granit \u00e9mergeant de la campagne. Les amateurs de plaisir peuvent escalader le rocher de pr\u00e8s de 1 000 pieds et les rochers voisins, les moins aventureux peuvent consulter les peintures Bushman faisant les rochers au sommet.<\/p>\n<h3>R\u00e9serve naturelle de Malolotja<\/h3>\n<p>Le parc le moins visit\u00e9 du pays, dans les hautes terres du nord-ouest, regorge de d\u00e9couvertes amusantes ; des montagnes anciennes stri\u00e9es de cascades, pr\u00e8s de trois cents esp\u00e8ces d&#039;oiseaux et la plus ancienne mine du monde.<\/p>\n<h2>FAQ sur les vols pas chers vers Eswatini<\/h2>\n<h3>Quelles compagnies a\u00e9riennes op\u00e8rent des vols Eswatini ?<\/h3>\n<p>Les compagnies a\u00e9riennes telles que SA Express, South African Airways et British Airways sont les principaux choix lorsqu&#039;il s&#039;agit de trouver et de r\u00e9server un vol pas cher pour Eswatini. Gardez \u00e0 l&#039;esprit que certaines compagnies a\u00e9riennes, telles que SAA, peuvent vous offrir un confort \u00e0 bord incroyable sous la forme de boissons et de collations en vol, ce qui peut ajouter encore plus de valeur au prix des billets Eswatini. Allez-y et faites correspondre les offres disponibles aupr\u00e8s de toutes ces compagnies a\u00e9riennes avant de vous installer et d&#039;utiliser un transporteur particulier.<\/p>\n<h3>\u00c0 quelle heure de la journ\u00e9e les vols pour Eswatini sont-ils les moins chers ?<\/h3>\n<p>Pour obtenir le meilleur rapport qualit\u00e9-prix, essayez de r\u00e9server un combat \u00e0 midi lors de votre visite \u00e0 Eswatini. G\u00e9n\u00e9ralement, les prix augmenteront pour les vols Eswatini le matin car ceux-ci ont tendance \u00e0 avoir une demande plus \u00e9lev\u00e9e.<\/p>\n<h3>Quel jour est le moins cher pour partir pour Eswatini ?<\/h3>\n<p>Le jour le moins cher pour prendre l&#039;avion pour Eswatini est g\u00e9n\u00e9ralement le vendredi. Pour le moment, le lundi est le plus cher.<\/p>\n<h3>Quel est le meilleur moment pour r\u00e9server un billet d&#039;avion pour Eswatini ?<\/h3>\n<p>Si vous envisagez de visiter Eswatini pendant la haute saison touristique, n&#039;h\u00e9sitez pas \u00e0 r\u00e9server vos billets d&#039;avion Eswatini aussi longtemps \u00e0 l&#039;avance que possible. Vous constaterez peut-\u00eatre qu&#039;en r\u00e9servant vos vols pendant les mois d&#039;ao\u00fbt ou de juillet, vous aurez les meilleures chances d&#039;atterrir et de faire des offres d&#039;h\u00f4tel. Quel que soit le moment o\u00f9 vous pr\u00e9voyez de visiter le Swaziland, \u00eatre flexible et assortir les offres de vols propos\u00e9es par diff\u00e9rentes compagnies a\u00e9riennes reste votre meilleur pari pour trouver les vols directs vers Eswatini.<\/p>\n<h3>Quel est le meilleur moment pour partir \u00e0 Eswatini ?<\/h3>\n<p><strong>Haute saison<\/strong><br \/>\nLa haute saison touristique d&#039;Eswatini tombe pendant ses mois froids, entre juin et septembre. C&#039;est ce que de nombreux visiteurs affluent dans le pays enclav\u00e9 entre le Mozambique et l&#039;Afrique du Sud pour participer aux c\u00e9l\u00e9brations de la Journ\u00e9e de la danse Umhlanga Reed. Ce festival a lieu en ao\u00fbt et est suivi de pr\u00e8s par le jour de l&#039;ind\u00e9pendance. Assurez-vous de r\u00e9server vos billets d&#039;avion bon march\u00e9 pour Eswatini \u00e0 l&#039;avance si vous souhaitez participer \u00e0 la f\u00eate.<\/p>\n<p><strong>Hors saison<\/strong><br \/>\nLa p\u00e9riode la plus humide de l&#039;ann\u00e9e en Eswatini se situe entre les mois de septembre et de mai, qui sont \u00e9galement les mois chauds du pays. Des billets d&#039;avion bon march\u00e9 pour Eswatini peuvent souvent \u00eatre trouv\u00e9s \u00e0 cette p\u00e9riode de l&#039;ann\u00e9e, car c&#039;est \u00e0 ce moment-l\u00e0 que le pays conna\u00eet une baisse de l&#039;activit\u00e9 touristique. Gardez \u00e0 l&#039;esprit que le jour d&#039;IncWala, qui est le Nouvel An swazi, tombe en janvier ou en d\u00e9cembre, selon le cycle lunaire, et beaucoup influencent bien les compagnies a\u00e9riennes pendant la saison touristique hors saison.<\/p>\n<h2>Se d\u00e9placer en Eswatini<\/h2>\n<p>Les vols vers Eswatini sont les seuls moyens accessibles pour entrer dans le pays : si vous voyagez au Swaziland depuis d&#039;autres points d&#039;Afrique, il y a des possibilit\u00e9s qu&#039;il y ait des taxis et des autocars qui vous transporteront sans probl\u00e8me \u00e0 travers les fronti\u00e8res du Mozambique et de l&#039;Afrique du Sud. \u00c0 Mbabane, les taxis sont le mode de transport le plus parfait et le meilleur moyen de se rendre en ville depuis l&#039;a\u00e9roport apr\u00e8s l&#039;atterrissage de votre vol Eswatini, Swaziland.<\/p>","protected":false},"excerpt":{"rendered":"<p>Looking for cheap airline ticket to Eswatini or last minute deals? Search, compare and book cheap Eswatini flights online now. Book cheap flights to Eswatini online and save money on airfare. With its remarkable scenery and rich wildlife, the Kingdom of Swaziland, aka, Eswatini is a nature lovers heaven. \u00a0One of the worlds few remaining [&hellip;]<\/p>\n","protected":false},"author":1,"featured_media":14041,"parent":0,"menu_order":0,"comment_status":"open","ping_status":"closed","template":"template-home-modern.php","meta":{"footnotes":""},"class_list":["post-11871","page","type-page","status-publish","has-post-thumbnail","hentry"],"yoast_head":"<!-- This site is optimized with the Yoast SEO plugin v27.5 - https:\/\/yoast.com\/product\/yoast-seo-wordpress\/ -->\n<title>Cheap Flights to Eswatini<\/title>\n<meta name=\"description\" content=\"Looking for cheap flights to\u00a0Eswatini? Search, compare and book cheap airline ticket from to\u00a0Eswatini online\" \/>\n<meta name=\"robots\" content=\"index, follow, max-snippet:-1, max-image-preview:large, max-video-preview:-1\" \/>\n<link rel=\"canonical\" href=\"https:\/\/tiketi.com\/fr-fr\/cheap-flights-to-eswatini\/\" \/>\n<meta property=\"og:locale\" content=\"fr_FR\" \/>\n<meta property=\"og:type\" content=\"article\" \/>\n<meta property=\"og:title\" content=\"Cheap Flights to Eswatini\" \/>\n<meta property=\"og:description\" content=\"Looking for cheap flights to\u00a0Eswatini? Search, compare and book cheap airline ticket from to\u00a0Eswatini online\" \/>\n<meta property=\"og:url\" content=\"https:\/\/tiketi.com\/fr-fr\/cheap-flights-to-eswatini\/\" \/>\n<meta property=\"og:site_name\" content=\"Tiketi.com\" \/>\n<meta property=\"article:publisher\" content=\"https:\/\/www.facebook.com\/TiketiCom\/\" \/>\n<meta property=\"article:modified_time\" content=\"2022-02-10T10:08:05+00:00\" \/>\n<meta property=\"og:image\" content=\"https:\/\/tiketi.com\/wp-content\/uploads\/2022\/01\/flight-ticket-booking-sorasak-KxCJXXGsv9I-unsplas.jpg\" \/>\n\t<meta property=\"og:image:width\" content=\"1200\" \/>\n\t<meta property=\"og:image:height\" content=\"240\" \/>\n\t<meta property=\"og:image:type\" content=\"image\/jpeg\" \/>\n<meta name=\"twitter:card\" content=\"summary_large_image\" \/>\n<meta name=\"twitter:label1\" content=\"Dur\u00e9e de lecture estim\u00e9e\" \/>\n\t<meta name=\"twitter:data1\" content=\"4 minutes\" \/>\n<script type=\"application\/ld+json\" class=\"yoast-schema-graph\">{\"@context\":\"https:\\\/\\\/schema.org\",\"@graph\":[{\"@type\":\"WebPage\",\"@id\":\"https:\\\/\\\/tiketi.com\\\/fr-fr\\\/cheap-flights-to-eswatini\\\/\",\"url\":\"https:\\\/\\\/tiketi.com\\\/fr-fr\\\/cheap-flights-to-eswatini\\\/\",\"name\":\"Cheap Flights to Eswatini\",\"isPartOf\":{\"@id\":\"https:\\\/\\\/tiketi.com\\\/#website\"},\"primaryImageOfPage\":{\"@id\":\"https:\\\/\\\/tiketi.com\\\/fr-fr\\\/cheap-flights-to-eswatini\\\/#primaryimage\"},\"image\":{\"@id\":\"https:\\\/\\\/tiketi.com\\\/fr-fr\\\/cheap-flights-to-eswatini\\\/#primaryimage\"},\"thumbnailUrl\":\"https:\\\/\\\/tiketi.com\\\/wp-content\\\/uploads\\\/2022\\\/01\\\/flight-ticket-booking-sorasak-KxCJXXGsv9I-unsplas.jpg\",\"datePublished\":\"2022-01-19T11:55:19+00:00\",\"dateModified\":\"2022-02-10T10:08:05+00:00\",\"description\":\"Looking for cheap flights to\u00a0Eswatini? Search, compare and book cheap airline ticket from to\u00a0Eswatini online\",\"breadcrumb\":{\"@id\":\"https:\\\/\\\/tiketi.com\\\/fr-fr\\\/cheap-flights-to-eswatini\\\/#breadcrumb\"},\"inLanguage\":\"fr-FR\",\"potentialAction\":[{\"@type\":\"ReadAction\",\"target\":[\"https:\\\/\\\/tiketi.com\\\/fr-fr\\\/cheap-flights-to-eswatini\\\/\"]}]},{\"@type\":\"ImageObject\",\"inLanguage\":\"fr-FR\",\"@id\":\"https:\\\/\\\/tiketi.com\\\/fr-fr\\\/cheap-flights-to-eswatini\\\/#primaryimage\",\"url\":\"https:\\\/\\\/tiketi.com\\\/wp-content\\\/uploads\\\/2022\\\/01\\\/flight-ticket-booking-sorasak-KxCJXXGsv9I-unsplas.jpg\",\"contentUrl\":\"https:\\\/\\\/tiketi.com\\\/wp-content\\\/uploads\\\/2022\\\/01\\\/flight-ticket-booking-sorasak-KxCJXXGsv9I-unsplas.jpg\",\"width\":1200,\"height\":240,\"caption\":\"Online flight ticket booking\"},{\"@type\":\"BreadcrumbList\",\"@id\":\"https:\\\/\\\/tiketi.com\\\/fr-fr\\\/cheap-flights-to-eswatini\\\/#breadcrumb\",\"itemListElement\":[{\"@type\":\"ListItem\",\"position\":1,\"name\":\"Home\",\"item\":\"https:\\\/\\\/tiketi.com\\\/\"},{\"@type\":\"ListItem\",\"position\":2,\"name\":\"Cheap Flights to Eswatini\"}]},{\"@type\":\"WebSite\",\"@id\":\"https:\\\/\\\/tiketi.com\\\/#website\",\"url\":\"https:\\\/\\\/tiketi.com\\\/\",\"name\":\"Flight & Bus Tickets, Tour Packages & Activitites - Tiketi.com\",\"description\":\"Flight &amp; Bus Tickets, Tours, Activitites\",\"publisher\":{\"@id\":\"https:\\\/\\\/tiketi.com\\\/#organization\"},\"potentialAction\":[{\"@type\":\"SearchAction\",\"target\":{\"@type\":\"EntryPoint\",\"urlTemplate\":\"https:\\\/\\\/tiketi.com\\\/?s={search_term_string}\"},\"query-input\":{\"@type\":\"PropertyValueSpecification\",\"valueRequired\":true,\"valueName\":\"search_term_string\"}}],\"inLanguage\":\"fr-FR\"},{\"@type\":\"Organization\",\"@id\":\"https:\\\/\\\/tiketi.com\\\/#organization\",\"name\":\"Tiketi.com\",\"alternateName\":\"Tiketi\",\"url\":\"https:\\\/\\\/tiketi.com\\\/\",\"logo\":{\"@type\":\"ImageObject\",\"inLanguage\":\"fr-FR\",\"@id\":\"https:\\\/\\\/tiketi.com\\\/#\\\/schema\\\/logo\\\/image\\\/\",\"url\":\"https:\\\/\\\/tiketi.com\\\/wp-content\\\/uploads\\\/2019\\\/05\\\/tiketi-logo-696.png\",\"contentUrl\":\"https:\\\/\\\/tiketi.com\\\/wp-content\\\/uploads\\\/2019\\\/05\\\/tiketi-logo-696.png\",\"width\":696,\"height\":696,\"caption\":\"Tiketi.com\"},\"image\":{\"@id\":\"https:\\\/\\\/tiketi.com\\\/#\\\/schema\\\/logo\\\/image\\\/\"},\"sameAs\":[\"https:\\\/\\\/www.facebook.com\\\/TiketiCom\\\/\"]}]}<\/script>\n<!-- \/ Yoast SEO plugin. -->","yoast_head_json":{"title":"Vols pas chers vers Eswatini","description":"Vous recherchez des vols pas chers vers Eswatini ? Recherchez, comparez et r\u00e9servez en ligne un billet d&#039;avion pas cher du vers Eswatini","robots":{"index":"index","follow":"follow","max-snippet":"max-snippet:-1","max-image-preview":"max-image-preview:large","max-video-preview":"max-video-preview:-1"},"canonical":"https:\/\/tiketi.com\/fr-fr\/cheap-flights-to-eswatini\/","og_locale":"fr_FR","og_type":"article","og_title":"Cheap Flights to Eswatini","og_description":"Looking for cheap flights to\u00a0Eswatini? Search, compare and book cheap airline ticket from to\u00a0Eswatini online","og_url":"https:\/\/tiketi.com\/fr-fr\/cheap-flights-to-eswatini\/","og_site_name":"Tiketi.com","article_publisher":"https:\/\/www.facebook.com\/TiketiCom\/","article_modified_time":"2022-02-10T10:08:05+00:00","og_image":[{"width":1200,"height":240,"url":"https:\/\/tiketi.com\/wp-content\/uploads\/2022\/01\/flight-ticket-booking-sorasak-KxCJXXGsv9I-unsplas.jpg","type":"image\/jpeg"}],"twitter_card":"summary_large_image","twitter_misc":{"Dur\u00e9e de lecture estim\u00e9e":"4 minutes"},"schema":{"@context":"https:\/\/schema.org","@graph":[{"@type":"WebPage","@id":"https:\/\/tiketi.com\/fr-fr\/cheap-flights-to-eswatini\/","url":"https:\/\/tiketi.com\/fr-fr\/cheap-flights-to-eswatini\/","name":"Vols pas chers vers Eswatini","isPartOf":{"@id":"https:\/\/tiketi.com\/#website"},"primaryImageOfPage":{"@id":"https:\/\/tiketi.com\/fr-fr\/cheap-flights-to-eswatini\/#primaryimage"},"image":{"@id":"https:\/\/tiketi.com\/fr-fr\/cheap-flights-to-eswatini\/#primaryimage"},"thumbnailUrl":"https:\/\/tiketi.com\/wp-content\/uploads\/2022\/01\/flight-ticket-booking-sorasak-KxCJXXGsv9I-unsplas.jpg","datePublished":"2022-01-19T11:55:19+00:00","dateModified":"2022-02-10T10:08:05+00:00","description":"Vous recherchez des vols pas chers vers Eswatini ? Recherchez, comparez et r\u00e9servez en ligne un billet d&#039;avion pas cher du vers Eswatini","breadcrumb":{"@id":"https:\/\/tiketi.com\/fr-fr\/cheap-flights-to-eswatini\/#breadcrumb"},"inLanguage":"fr-FR","potentialAction":[{"@type":"ReadAction","target":["https:\/\/tiketi.com\/fr-fr\/cheap-flights-to-eswatini\/"]}]},{"@type":"ImageObject","inLanguage":"fr-FR","@id":"https:\/\/tiketi.com\/fr-fr\/cheap-flights-to-eswatini\/#primaryimage","url":"https:\/\/tiketi.com\/wp-content\/uploads\/2022\/01\/flight-ticket-booking-sorasak-KxCJXXGsv9I-unsplas.jpg","contentUrl":"https:\/\/tiketi.com\/wp-content\/uploads\/2022\/01\/flight-ticket-booking-sorasak-KxCJXXGsv9I-unsplas.jpg","width":1200,"height":240,"caption":"Online flight ticket booking"},{"@type":"BreadcrumbList","@id":"https:\/\/tiketi.com\/fr-fr\/cheap-flights-to-eswatini\/#breadcrumb","itemListElement":[{"@type":"ListItem","position":1,"name":"Home","item":"https:\/\/tiketi.com\/"},{"@type":"ListItem","position":2,"name":"Cheap Flights to Eswatini"}]},{"@type":"WebSite","@id":"https:\/\/tiketi.com\/#website","url":"https:\/\/tiketi.com\/","name":"Billets d&#039;avion et de bus, forfaits touristiques et activit\u00e9s - Tiketi.com","description":"Billets d&#039;avion et de bus, Tours, Activit\u00e9s","publisher":{"@id":"https:\/\/tiketi.com\/#organization"},"potentialAction":[{"@type":"SearchAction","target":{"@type":"EntryPoint","urlTemplate":"https:\/\/tiketi.com\/?s={search_term_string}"},"query-input":{"@type":"PropertyValueSpecification","valueRequired":true,"valueName":"search_term_string"}}],"inLanguage":"fr-FR"},{"@type":"Organization","@id":"https:\/\/tiketi.com\/#organization","name":"Tiketi.com","alternateName":"Tiketi","url":"https:\/\/tiketi.com\/","logo":{"@type":"ImageObject","inLanguage":"fr-FR","@id":"https:\/\/tiketi.com\/#\/schema\/logo\/image\/","url":"https:\/\/tiketi.com\/wp-content\/uploads\/2019\/05\/tiketi-logo-696.png","contentUrl":"https:\/\/tiketi.com\/wp-content\/uploads\/2019\/05\/tiketi-logo-696.png","width":696,"height":696,"caption":"Tiketi.com"},"image":{"@id":"https:\/\/tiketi.com\/#\/schema\/logo\/image\/"},"sameAs":["https:\/\/www.facebook.com\/TiketiCom\/"]}]}},"_links":{"self":[{"href":"https:\/\/tiketi.com\/fr-fr\/wp-json\/wp\/v2\/pages\/11871","targetHints":{"allow":["GET"]}}],"collection":[{"href":"https:\/\/tiketi.com\/fr-fr\/wp-json\/wp\/v2\/pages"}],"about":[{"href":"https:\/\/tiketi.com\/fr-fr\/wp-json\/wp\/v2\/types\/page"}],"author":[{"embeddable":true,"href":"https:\/\/tiketi.com\/fr-fr\/wp-json\/wp\/v2\/users\/1"}],"replies":[{"embeddable":true,"href":"https:\/\/tiketi.com\/fr-fr\/wp-json\/wp\/v2\/comments?post=11871"}],"version-history":[{"count":0,"href":"https:\/\/tiketi.com\/fr-fr\/wp-json\/wp\/v2\/pages\/11871\/revisions"}],"wp:featuredmedia":[{"embeddable":true,"href":"https:\/\/tiketi.com\/fr-fr\/wp-json\/wp\/v2\/media\/14041"}],"wp:attachment":[{"href":"https:\/\/tiketi.com\/fr-fr\/wp-json\/wp\/v2\/media?parent=11871"}],"curies":[{"name":"wp","href":"https:\/\/api.w.org\/{rel}","templated":true}]}}