{"id":11872,"date":"2022-01-19T12:55:19","date_gmt":"2022-01-19T11:55:19","guid":{"rendered":"https:\/\/new.tiketi.com\/cheap-flights-to-equatorial-guinea\/"},"modified":"2022-02-10T10:51:57","modified_gmt":"2022-02-10T09:51:57","slug":"cheap-flights-to-equatorial-guinea","status":"publish","type":"page","link":"https:\/\/tiketi.com\/fr-fr\/cheap-flights-to-equatorial-guinea\/","title":{"rendered":"Vols pas chers vers la Guin\u00e9e \u00e9quatoriale"},"content":{"rendered":"<h2>Vous recherchez un billet d&#039;avion pas cher pour la Guin\u00e9e \u00e9quatoriale ou des offres de derni\u00e8re minute ?<\/h2>\n<h3>Recherchez, comparez et r\u00e9servez en ligne d\u00e8s maintenant des vols bon march\u00e9 pour la Guin\u00e9e \u00e9quatoriale.<\/h3>\n<p>R\u00e9servez des vols pas chers vers la Guin\u00e9e \u00e9quatoriale en ligne et \u00e9conomisez de l&#039;argent sur les billets d&#039;avion. La Guin\u00e9e \u00e9quatoriale regorge de lieux qui valent la peine d&#039;\u00eatre visit\u00e9s par les voyageurs. Ces sites incluent la ville de Malabo, la capitale du pays, sur la c\u00f4te nord de l&#039;\u00eele de Bioko, au bord d&#039;un volcan englouti. L\u2019int\u00e9rieur des terres lui-m\u00eame est r\u00e9put\u00e9 pour abriter plus d\u2019esp\u00e8ces de singes rares que tout autre endroit d\u2019Afrique. Voici quelques-unes des meilleures attractions de la Guin\u00e9e \u00e9quatoriale. Comparez les prix et obtenez le tarif le plus bas sur les billets d&#039;avion au d\u00e9part de Guin\u00e9e \u00e9quatoriale gr\u00e2ce \u00e0 des offres exceptionnelles sur la r\u00e9servation de billets en ligne de vols pour Guin\u00e9e \u00e9quatoriale.<\/p>\n<h2>Voici quelques-unes des meilleures attractions de la Guin\u00e9e \u00e9quatoriale<\/h2>\n<h3>Parc National du Mont Al\u00e9n<\/h3>\n<p>Monte Alen est situ\u00e9 \u00e0 moins de 288 km de Malabo et constitue une zone pr\u00e9serv\u00e9e de for\u00eats tropicales humides s&#039;\u00e9tendant sur 1 400 km\u00b2. Le parc offre un large \u00e9ventail d&#039;opportunit\u00e9s telles que\u00a0: observation de la faune, randonn\u00e9e et trekking. Les for\u00eats du parc abritent de nombreuses esp\u00e8ces d&#039;animaux, comme les sentiers de la jungle. Gorilles, \u00e9l\u00e9phants, chimpanz\u00e9s et crocodiles.<\/p>\n<h3>\u00cele de Bioko<\/h3>\n<p>L&#039;\u00eele de Bioko est l&#039;un des endroits les plus charmants et les plus importants sur le plan biologique de toute l&#039;Afrique, situ\u00e9e \u00e0 moins de 40 km de Malabo et \u00e0 33 km au large des c\u00f4tes du Cameroun. Il abrite la plus grande concentration d\u2019Afrique de primates menac\u00e9s et plus de 50 esp\u00e8ces sp\u00e9ciales de plantes. Pendant la saison s\u00e8che, les papillons se rassemblent dans la for\u00eat tropicale et les tortues marines, une esp\u00e8ce en voie de disparition, viennent nicher sur le sable et les plages noires.<\/p>\n<h3>Vall\u00e9e de Moka<\/h3>\n<p>Cette vall\u00e9e remarquable offre des vues panoramiques et magnifiques qui vous feront sentir si frais et frais. Ce charmant c\u00e2ble de moca, dot\u00e9 d&#039;une vall\u00e9e magnifique et de vues panoramiques remarquables, est tout simplement fascinant. Le nuage touchant les sommets des montagnes et les vall\u00e9es profondes serait tout simplement doux et merveilleux pendant les adorables couchers et levers de soleil.<\/p>\n<h3>Malabo<\/h3>\n<p>Situ\u00e9e sur l&#039;\u00eele de Bioko, Malabo est la capitale de la Guin\u00e9e \u00e9quatoriale et \u00e9galement la ville la plus grande et relativement d\u00e9velopp\u00e9e. La ville de Malabo a une histoire importante et a \u00e9t\u00e9 fond\u00e9e en 1827 par des Britanniques qui avaient lou\u00e9 la r\u00e9gion \u00e0 l&#039;Espagne dans le cadre de leurs efforts de colonisation de la ville.<\/p>\n<h2>FAQ sur les vols pas chers vers la Guin\u00e9e \u00e9quatoriale<\/h2>\n<h3>Quel est le jour le moins cher pour prendre un vol pour la Guin\u00e9e \u00e9quatoriale ?<\/h3>\n<p>Pour le moment, le mardi est le jour le plus id\u00e9al pour prendre un vol vers la Guin\u00e9e \u00e9quatoriale. Le dimanche sera probablement le plus cher.<\/p>\n<h3>Quel est le nom des compagnies a\u00e9riennes populaires proposant des billets d&#039;avion pour la Guin\u00e9e \u00e9quatoriale ?<\/h3>\n<p>Certaines des compagnies a\u00e9riennes proposent des billets d&#039;avion bon march\u00e9 pour la Guin\u00e9e \u00e9quatoriale sont Air France, Ethiopian Airlines, Chicago Express, Royal Air France et Lufthansa.<\/p>\n<h3>\u00c0 quel moment de la journ\u00e9e les vols pour la Guin\u00e9e \u00e9quatoriale sont-ils les moins chers ?<\/h3>\n<p>\u00c0 l&#039;heure actuelle, les vols directs vers la Guin\u00e9e \u00e9quatoriale sont susceptibles d&#039;offrir le meilleur rapport qualit\u00e9-prix pour votre voyage en Guin\u00e9e \u00e9quatoriale. Le vol le matin est le meilleur choix.<\/p>\n<h3>Excellent moment pour visiter la Guin\u00e9e \u00e9quatoriale<\/h3>\n<p>Comme son nom l&#039;indique, la Guin\u00e9e \u00e9quatoriale conna\u00eet un climat tropical avec des temp\u00e9ratures fr\u00e9quentes et \u00e9lev\u00e9es et de fortes pr\u00e9cipitations. Il existe de l\u00e9g\u00e8res diff\u00e9rences r\u00e9gionales : l&#039;\u00eele de Bioko et Annobon connaissent des temp\u00e9ratures froides d&#039;environ 25 \u00b0C en raison de la fr\u00e9quentation de la mer. Le continent conna\u00eet g\u00e9n\u00e9ralement des niveaux \u00e9lev\u00e9s de pr\u00e9cipitations et d\u2019humidit\u00e9, la saison des pluies se situant entre mai et octobre. La p\u00e9riode id\u00e9ale pour voler en Guin\u00e9e \u00e9quatoriale se situe pendant la saison s\u00e8che, de novembre \u00e0 avril, o\u00f9 de minimes averses ne g\u00eaneront pas vos excursions en plein air et o\u00f9 les plages dor\u00e9es constituent un merveilleux paradis. R\u00e9servez un billet d&#039;avion pas cher pour la Guin\u00e9e \u00e9quatoriale et d\u00e9couvrez le patrimoine et la culture du pays \u00e0 travers ses festivals dynamiques organis\u00e9s tout au long de l&#039;ann\u00e9e. Certains \u00e9v\u00e9nements importants incluent le festival SOMAGEC Music Day, la Journ\u00e9e des forces arm\u00e9es et le Malabo Hip Hop Festival, rassemblant des performances de toute l&#039;Europe et de l&#039;Afrique dans le cadre d&#039;un atelier de dix jours. Alors, r\u00e9servez vos vols pas chers en Guin\u00e9e \u00e9quatoriale pour passer des moments inoubliables.<\/p>\n<h3>Comment se rendre en Guin\u00e9e \u00e9quatoriale<\/h3>\n<p>Le principal a\u00e9roport de Guin\u00e9e \u00e9quatoriale est l\u2019a\u00e9roport international de Malabo, \u00e9galement connu sous le nom d\u2019a\u00e9roport Saint Isabel. Il est situ\u00e9 \u00e0 Punta Europa sur l&#039;\u00eele de Bioko. La capitale du pays, Malabo, est situ\u00e9e \u00e0 environ 9 kilom\u00e8tres \u00e0 l&#039;est de l&#039;a\u00e9roport. L&#039;a\u00e9roport dessert un centre pour Ceiba International Airlines, Gunea Ecuational Airlines, Cronos Airlies. Les autres compagnies a\u00e9riennes ici sont Air France, Air Annobon, Africa Connection STP, Royal Air, Ethiopian Airlines et Westair Benin.<\/p>\n<p><strong>A\u00e9roport de Santa Isabel (Malabo, Guin\u00e9e \u00e9quatoriale)<\/strong><\/p>\n<p>\u2022 Actuellement, 10 compagnies a\u00e9riennes op\u00e8rent \u00e0 l&#039;a\u00e9roport de Santa Isabel.<br \/>\n\u2022 L&#039;a\u00e9roport de Santa Isabel propose des vols sans escale vers onze villes.<br \/>\n\u2022 Chaque semaine, au moins dix-huit vols locaux et vingt-neuf vols internationaux partent de l&#039;a\u00e9roport de Santa Isabel.<br \/>\n\u2022 Chaque semaine, au moins vingt vols locaux partent de l&#039;a\u00e9roport de Bata.<\/p>\n<p>Le deuxi\u00e8me plus grand a\u00e9roport est l&#039;a\u00e9roport de Bata, qui est desservi par Ceiba International Airlines, Guinea Ecuatorial Airlines, Cronos Airlines et Punto Azal, avec des vols \u00e0 destination et en provenance de Libreville, Douala, Cotonou et Malabo. Chaque semaine, au moins vingt vols locaux partent de l\u2019a\u00e9roport de Bata.<\/p>\n<h2>Comment se d\u00e9placer en Guin\u00e9e \u00e9quatoriale<\/h2>\n<p>Les taxis-brousses constituent le principal moyen de transport en Guin\u00e9e \u00e9quatoriale. Il s&#039;agit d&#039;une sorte de taxi partag\u00e9 reliant Malabo \u00e0 d&#039;autres grandes villes comme Luba et Riabi. Des taxis-brousse desservent \u00e9galement Mongomo et Ebebiyin depuis Bata. Ils peuvent \u00eatre lou\u00e9s \u00e0 l&#039;heure ou \u00e0 la journ\u00e9e.<br \/>\nLes minibus sont un moyen de transport public g\u00e9n\u00e9ral en Guin\u00e9e \u00e9quatoriale.<\/p>","protected":false},"excerpt":{"rendered":"<p>Looking for cheap airline ticket to Equatorial Guinea or last minute deals? Search, compare and book cheap Equatorial Guinea flights online now. Book cheap flights to Equatorial Guinea online and save money on airfare. Equatorial Guinea is gifted with places value a travelers visit. These locations include Malabo City, the country&#8217;s capital, at the northern [&hellip;]<\/p>\n","protected":false},"author":1,"featured_media":14041,"parent":0,"menu_order":0,"comment_status":"open","ping_status":"closed","template":"template-home-modern.php","meta":{"footnotes":""},"class_list":["post-11872","page","type-page","status-publish","has-post-thumbnail","hentry"],"yoast_head":"<!-- This site is optimized with the Yoast SEO plugin v27.3 - https:\/\/yoast.com\/product\/yoast-seo-wordpress\/ -->\n<title>Cheap Flights to Equatorial Guinea<\/title>\n<meta name=\"description\" content=\"Looking for cheap flights to\u00a0Equatorial Guinea? Search, compare and book cheap airline ticket from to\u00a0Equatorial Guinea online\" \/>\n<meta name=\"robots\" content=\"index, follow, max-snippet:-1, max-image-preview:large, max-video-preview:-1\" \/>\n<link rel=\"canonical\" href=\"https:\/\/tiketi.com\/fr-fr\/cheap-flights-to-equatorial-guinea\/\" \/>\n<meta property=\"og:locale\" content=\"fr_FR\" \/>\n<meta property=\"og:type\" content=\"article\" \/>\n<meta property=\"og:title\" content=\"Cheap Flights to Equatorial Guinea\" \/>\n<meta property=\"og:description\" content=\"Looking for cheap flights to\u00a0Equatorial Guinea? Search, compare and book cheap airline ticket from to\u00a0Equatorial Guinea online\" \/>\n<meta property=\"og:url\" content=\"https:\/\/tiketi.com\/fr-fr\/cheap-flights-to-equatorial-guinea\/\" \/>\n<meta property=\"og:site_name\" content=\"Tiketi.com\" \/>\n<meta property=\"article:publisher\" content=\"https:\/\/www.facebook.com\/TiketiCom\/\" \/>\n<meta property=\"article:modified_time\" content=\"2022-02-10T09:51:57+00:00\" \/>\n<meta property=\"og:image\" content=\"https:\/\/tiketi.com\/wp-content\/uploads\/2022\/01\/flight-ticket-booking-sorasak-KxCJXXGsv9I-unsplas.jpg\" \/>\n\t<meta property=\"og:image:width\" content=\"1200\" \/>\n\t<meta property=\"og:image:height\" content=\"240\" \/>\n\t<meta property=\"og:image:type\" content=\"image\/jpeg\" \/>\n<meta name=\"twitter:card\" content=\"summary_large_image\" \/>\n<meta name=\"twitter:label1\" content=\"Dur\u00e9e de lecture estim\u00e9e\" \/>\n\t<meta name=\"twitter:data1\" content=\"4 minutes\" \/>\n<script type=\"application\/ld+json\" class=\"yoast-schema-graph\">{\"@context\":\"https:\\\/\\\/schema.org\",\"@graph\":[{\"@type\":\"WebPage\",\"@id\":\"https:\\\/\\\/tiketi.com\\\/fr-fr\\\/cheap-flights-to-equatorial-guinea\\\/\",\"url\":\"https:\\\/\\\/tiketi.com\\\/fr-fr\\\/cheap-flights-to-equatorial-guinea\\\/\",\"name\":\"Cheap Flights to Equatorial Guinea\",\"isPartOf\":{\"@id\":\"https:\\\/\\\/tiketi.com\\\/#website\"},\"primaryImageOfPage\":{\"@id\":\"https:\\\/\\\/tiketi.com\\\/fr-fr\\\/cheap-flights-to-equatorial-guinea\\\/#primaryimage\"},\"image\":{\"@id\":\"https:\\\/\\\/tiketi.com\\\/fr-fr\\\/cheap-flights-to-equatorial-guinea\\\/#primaryimage\"},\"thumbnailUrl\":\"https:\\\/\\\/tiketi.com\\\/wp-content\\\/uploads\\\/2022\\\/01\\\/flight-ticket-booking-sorasak-KxCJXXGsv9I-unsplas.jpg\",\"datePublished\":\"2022-01-19T11:55:19+00:00\",\"dateModified\":\"2022-02-10T09:51:57+00:00\",\"description\":\"Looking for cheap flights to\u00a0Equatorial Guinea? Search, compare and book cheap airline ticket from to\u00a0Equatorial Guinea online\",\"breadcrumb\":{\"@id\":\"https:\\\/\\\/tiketi.com\\\/fr-fr\\\/cheap-flights-to-equatorial-guinea\\\/#breadcrumb\"},\"inLanguage\":\"fr-FR\",\"potentialAction\":[{\"@type\":\"ReadAction\",\"target\":[\"https:\\\/\\\/tiketi.com\\\/fr-fr\\\/cheap-flights-to-equatorial-guinea\\\/\"]}]},{\"@type\":\"ImageObject\",\"inLanguage\":\"fr-FR\",\"@id\":\"https:\\\/\\\/tiketi.com\\\/fr-fr\\\/cheap-flights-to-equatorial-guinea\\\/#primaryimage\",\"url\":\"https:\\\/\\\/tiketi.com\\\/wp-content\\\/uploads\\\/2022\\\/01\\\/flight-ticket-booking-sorasak-KxCJXXGsv9I-unsplas.jpg\",\"contentUrl\":\"https:\\\/\\\/tiketi.com\\\/wp-content\\\/uploads\\\/2022\\\/01\\\/flight-ticket-booking-sorasak-KxCJXXGsv9I-unsplas.jpg\",\"width\":1200,\"height\":240,\"caption\":\"Online flight ticket booking\"},{\"@type\":\"BreadcrumbList\",\"@id\":\"https:\\\/\\\/tiketi.com\\\/fr-fr\\\/cheap-flights-to-equatorial-guinea\\\/#breadcrumb\",\"itemListElement\":[{\"@type\":\"ListItem\",\"position\":1,\"name\":\"Home\",\"item\":\"https:\\\/\\\/tiketi.com\\\/\"},{\"@type\":\"ListItem\",\"position\":2,\"name\":\"Cheap Flights to Equatorial Guinea\"}]},{\"@type\":\"WebSite\",\"@id\":\"https:\\\/\\\/tiketi.com\\\/#website\",\"url\":\"https:\\\/\\\/tiketi.com\\\/\",\"name\":\"Flight & Bus Tickets, Tour Packages & Activitites - Tiketi.com\",\"description\":\"Flight &amp; Bus Tickets, Tours, Activitites\",\"publisher\":{\"@id\":\"https:\\\/\\\/tiketi.com\\\/#organization\"},\"potentialAction\":[{\"@type\":\"SearchAction\",\"target\":{\"@type\":\"EntryPoint\",\"urlTemplate\":\"https:\\\/\\\/tiketi.com\\\/?s={search_term_string}\"},\"query-input\":{\"@type\":\"PropertyValueSpecification\",\"valueRequired\":true,\"valueName\":\"search_term_string\"}}],\"inLanguage\":\"fr-FR\"},{\"@type\":\"Organization\",\"@id\":\"https:\\\/\\\/tiketi.com\\\/#organization\",\"name\":\"Tiketi.com\",\"alternateName\":\"Tiketi\",\"url\":\"https:\\\/\\\/tiketi.com\\\/\",\"logo\":{\"@type\":\"ImageObject\",\"inLanguage\":\"fr-FR\",\"@id\":\"https:\\\/\\\/tiketi.com\\\/#\\\/schema\\\/logo\\\/image\\\/\",\"url\":\"https:\\\/\\\/tiketi.com\\\/wp-content\\\/uploads\\\/2019\\\/05\\\/tiketi-logo-696.png\",\"contentUrl\":\"https:\\\/\\\/tiketi.com\\\/wp-content\\\/uploads\\\/2019\\\/05\\\/tiketi-logo-696.png\",\"width\":696,\"height\":696,\"caption\":\"Tiketi.com\"},\"image\":{\"@id\":\"https:\\\/\\\/tiketi.com\\\/#\\\/schema\\\/logo\\\/image\\\/\"},\"sameAs\":[\"https:\\\/\\\/www.facebook.com\\\/TiketiCom\\\/\"]}]}<\/script>\n<!-- \/ Yoast SEO plugin. -->","yoast_head_json":{"title":"Vols pas chers vers la Guin\u00e9e \u00e9quatoriale","description":"Vous recherchez des vols pas chers pour la Guin\u00e9e \u00e9quatoriale ? Recherchez, comparez et r\u00e9servez un billet d&#039;avion pas cher de la Guin\u00e9e \u00e9quatoriale en ligne","robots":{"index":"index","follow":"follow","max-snippet":"max-snippet:-1","max-image-preview":"max-image-preview:large","max-video-preview":"max-video-preview:-1"},"canonical":"https:\/\/tiketi.com\/fr-fr\/cheap-flights-to-equatorial-guinea\/","og_locale":"fr_FR","og_type":"article","og_title":"Cheap Flights to Equatorial Guinea","og_description":"Looking for cheap flights to\u00a0Equatorial Guinea? Search, compare and book cheap airline ticket from to\u00a0Equatorial Guinea online","og_url":"https:\/\/tiketi.com\/fr-fr\/cheap-flights-to-equatorial-guinea\/","og_site_name":"Tiketi.com","article_publisher":"https:\/\/www.facebook.com\/TiketiCom\/","article_modified_time":"2022-02-10T09:51:57+00:00","og_image":[{"width":1200,"height":240,"url":"https:\/\/tiketi.com\/wp-content\/uploads\/2022\/01\/flight-ticket-booking-sorasak-KxCJXXGsv9I-unsplas.jpg","type":"image\/jpeg"}],"twitter_card":"summary_large_image","twitter_misc":{"Dur\u00e9e de lecture estim\u00e9e":"4 minutes"},"schema":{"@context":"https:\/\/schema.org","@graph":[{"@type":"WebPage","@id":"https:\/\/tiketi.com\/fr-fr\/cheap-flights-to-equatorial-guinea\/","url":"https:\/\/tiketi.com\/fr-fr\/cheap-flights-to-equatorial-guinea\/","name":"Vols pas chers vers la Guin\u00e9e \u00e9quatoriale","isPartOf":{"@id":"https:\/\/tiketi.com\/#website"},"primaryImageOfPage":{"@id":"https:\/\/tiketi.com\/fr-fr\/cheap-flights-to-equatorial-guinea\/#primaryimage"},"image":{"@id":"https:\/\/tiketi.com\/fr-fr\/cheap-flights-to-equatorial-guinea\/#primaryimage"},"thumbnailUrl":"https:\/\/tiketi.com\/wp-content\/uploads\/2022\/01\/flight-ticket-booking-sorasak-KxCJXXGsv9I-unsplas.jpg","datePublished":"2022-01-19T11:55:19+00:00","dateModified":"2022-02-10T09:51:57+00:00","description":"Vous recherchez des vols pas chers pour la Guin\u00e9e \u00e9quatoriale ? Recherchez, comparez et r\u00e9servez un billet d&#039;avion pas cher de la Guin\u00e9e \u00e9quatoriale en ligne","breadcrumb":{"@id":"https:\/\/tiketi.com\/fr-fr\/cheap-flights-to-equatorial-guinea\/#breadcrumb"},"inLanguage":"fr-FR","potentialAction":[{"@type":"ReadAction","target":["https:\/\/tiketi.com\/fr-fr\/cheap-flights-to-equatorial-guinea\/"]}]},{"@type":"ImageObject","inLanguage":"fr-FR","@id":"https:\/\/tiketi.com\/fr-fr\/cheap-flights-to-equatorial-guinea\/#primaryimage","url":"https:\/\/tiketi.com\/wp-content\/uploads\/2022\/01\/flight-ticket-booking-sorasak-KxCJXXGsv9I-unsplas.jpg","contentUrl":"https:\/\/tiketi.com\/wp-content\/uploads\/2022\/01\/flight-ticket-booking-sorasak-KxCJXXGsv9I-unsplas.jpg","width":1200,"height":240,"caption":"Online flight ticket booking"},{"@type":"BreadcrumbList","@id":"https:\/\/tiketi.com\/fr-fr\/cheap-flights-to-equatorial-guinea\/#breadcrumb","itemListElement":[{"@type":"ListItem","position":1,"name":"Home","item":"https:\/\/tiketi.com\/"},{"@type":"ListItem","position":2,"name":"Cheap Flights to Equatorial Guinea"}]},{"@type":"WebSite","@id":"https:\/\/tiketi.com\/#website","url":"https:\/\/tiketi.com\/","name":"Billets d&#039;avion et de bus, forfaits touristiques et activit\u00e9s - Tiketi.com","description":"Billets d&#039;avion et de bus, Tours, Activit\u00e9s","publisher":{"@id":"https:\/\/tiketi.com\/#organization"},"potentialAction":[{"@type":"SearchAction","target":{"@type":"EntryPoint","urlTemplate":"https:\/\/tiketi.com\/?s={search_term_string}"},"query-input":{"@type":"PropertyValueSpecification","valueRequired":true,"valueName":"search_term_string"}}],"inLanguage":"fr-FR"},{"@type":"Organization","@id":"https:\/\/tiketi.com\/#organization","name":"Tiketi.com","alternateName":"Tiketi","url":"https:\/\/tiketi.com\/","logo":{"@type":"ImageObject","inLanguage":"fr-FR","@id":"https:\/\/tiketi.com\/#\/schema\/logo\/image\/","url":"https:\/\/tiketi.com\/wp-content\/uploads\/2019\/05\/tiketi-logo-696.png","contentUrl":"https:\/\/tiketi.com\/wp-content\/uploads\/2019\/05\/tiketi-logo-696.png","width":696,"height":696,"caption":"Tiketi.com"},"image":{"@id":"https:\/\/tiketi.com\/#\/schema\/logo\/image\/"},"sameAs":["https:\/\/www.facebook.com\/TiketiCom\/"]}]}},"_links":{"self":[{"href":"https:\/\/tiketi.com\/fr-fr\/wp-json\/wp\/v2\/pages\/11872","targetHints":{"allow":["GET"]}}],"collection":[{"href":"https:\/\/tiketi.com\/fr-fr\/wp-json\/wp\/v2\/pages"}],"about":[{"href":"https:\/\/tiketi.com\/fr-fr\/wp-json\/wp\/v2\/types\/page"}],"author":[{"embeddable":true,"href":"https:\/\/tiketi.com\/fr-fr\/wp-json\/wp\/v2\/users\/1"}],"replies":[{"embeddable":true,"href":"https:\/\/tiketi.com\/fr-fr\/wp-json\/wp\/v2\/comments?post=11872"}],"version-history":[{"count":0,"href":"https:\/\/tiketi.com\/fr-fr\/wp-json\/wp\/v2\/pages\/11872\/revisions"}],"wp:featuredmedia":[{"embeddable":true,"href":"https:\/\/tiketi.com\/fr-fr\/wp-json\/wp\/v2\/media\/14041"}],"wp:attachment":[{"href":"https:\/\/tiketi.com\/fr-fr\/wp-json\/wp\/v2\/media?parent=11872"}],"curies":[{"name":"wp","href":"https:\/\/api.w.org\/{rel}","templated":true}]}}