{"id":11873,"date":"2022-01-19T12:55:19","date_gmt":"2022-01-19T11:55:19","guid":{"rendered":"https:\/\/new.tiketi.com\/cheap-flights-to-democratic-republic-of-the-congo\/"},"modified":"2022-02-10T10:27:38","modified_gmt":"2022-02-10T09:27:38","slug":"cheap-flights-to-democratic-republic-of-the-congo","status":"publish","type":"page","link":"https:\/\/tiketi.com\/fr-fr\/cheap-flights-to-democratic-republic-of-the-congo\/","title":{"rendered":"Vols pas chers vers R\u00e9publique d\u00e9mocratique du Congo"},"content":{"rendered":"<h2>\u00c0 la recherche d&#039;un billet d&#039;avion pas cher pour la R\u00e9publique d\u00e9mocratique du Congo ou d&#039;offres de derni\u00e8re minute ?<\/h2>\n<h3>Cherchez, comparez et r\u00e9servez en ligne maintenant des billets d&#039;avion pas chers R\u00e9publique D\u00e9mocratique du Congo.<\/h3>\n<p>R\u00e9servez en ligne des vols pas chers pour la R\u00e9publique d\u00e9mocratique du Congo et \u00e9conomisez de l&#039;argent sur les billets d&#039;avion. Kinshasa, la capitale est un meilleur point de d\u00e9part pour des excursions d&#039;une journ\u00e9e. Parmi les lieux importants, citons Bunia, Kisantu et Goma, qui sont de petites villes qui peuvent \u00eatre utilis\u00e9es comme escales pour visiter les villages indig\u00e8nes, les montagnes et les parcs nationaux. Un voyage local est conseill\u00e9 pour vous aider \u00e0 vous d\u00e9placer. Comparez les prix et obtenez les tarifs les plus bas sur les billets d&#039;avion pour R\u00e9publique d\u00e9mocratique du Congo gr\u00e2ce \u00e0 des offres exceptionnelles sur la r\u00e9servation de billets en ligne de vols R\u00e9publique d\u00e9mocratique du Congo.<\/p>\n<h2>Voici quelques-unes des meilleures attractions de la R\u00e9publique d\u00e9mocratique du Congo<\/h2>\n<h3>Fleuve Congo<\/h3>\n<p>Le fleuve Congo est le fleuve le plus profond du monde et le deuxi\u00e8me plus grand fleuve de la plan\u00e8te en volume d&#039;eau rejet\u00e9e apr\u00e8s le fleuve Amazone. Les scientifiques ont calcul\u00e9 que la base du Congo compl\u00e8te repr\u00e9sente 13 % du potentiel hydro\u00e9lectrique mondial. Actuellement, il existe environ 40 centrales hydro\u00e9lectriques dans le bassin du Congo. En termes de vie aquatique, le bassin du fleuve Congo compte plus de sept cents esp\u00e8ces de poissons, crocodiles et autres.<\/p>\n<h3>Kinshasa<\/h3>\n<p>La capitale, sur les rives du fleuve Congo, conserve une culture urbaine diversifi\u00e9e avec des lieux pittoresques charmants ainsi qu&#039;une vie nocturne dynamique. Un merveilleux int\u00e9r\u00eat g\u00e9ographique de cette ville province du sud-ouest est qu&#039;elle surplombe Brazzaville de l&#039;autre c\u00f4t\u00e9 du fleuve qui est la capitale de la R\u00e9publique du Congo. Le tourisme autour de la ville est adapt\u00e9 et favorable en raison des nombreux choix de circuits planifi\u00e9s. Ces voyages planifi\u00e9s proposent des excursions d&#039;une journ\u00e9e dans la ville vers des galeries d&#039;art, des mus\u00e9es et des cath\u00e9drales et des lieux universitaires ainsi que des choix d&#039;\u00e9co-excursions.<\/p>\n<h3>Lola Ya Bonobo<\/h3>\n<p>Lola Ya Bonobo est le seul refuge de la plan\u00e8te pour les bonobos orphelins situ\u00e9 juste au sud de la ville de Kimwenza aux Peties Chutes de la Lukaya, Kinshasa, en R\u00e9publique d\u00e9mocratique du Congo, cr\u00e9\u00e9e en 1944 par Claudine Andr\u00e9 et abrite plus de soixante bonobos.<\/p>\n<h3>Cascades de Zongo<\/h3>\n<p>Les cascades de Zongo sont \u00e0 180 kilom\u00e8tres de Kinshasa. C&#039;est l&#039;endroit id\u00e9al pour la plupart des visiteurs en R\u00e9publique d\u00e9mocratique du Congo. La cascade offre une vue magnifique et sereine, au milieu des nuages et des arcs-en-ciel form\u00e9s en raison de la chute d&#039;eau d&#039;une grande hauteur.<\/p>\n<h2>FAQ sur les vols pas chers vers la R\u00e9publique d\u00e9mocratique du Congo<\/h2>\n<h3>Meilleur moment pour partir au Congo<\/h3>\n<p>Lorsque vous r\u00e9servez un billet d&#039;avion pour la R\u00e9publique d\u00e9mocratique du Congo, le guide du mauvais temps est pr\u00e9f\u00e9rable d&#039;avoir \u00e0 l&#039;esprit. G\u00e9n\u00e9ralement, nous voyons la m\u00e9t\u00e9o dans 4 kal\u00e9idoscopes diff\u00e9rents au cours d&#039;une ann\u00e9e civile compl\u00e8te. La p\u00e9riode de s\u00e9cheresse qui commence \u00e0 partir du d\u00e9but de la semaine de juin et dure tout au long du d\u00e9but de septembre sont les meilleurs jours pour r\u00e9server des vols directs vers la R\u00e9publique d\u00e9mocratique du Congo. On pense que c&#039;est un temps parfait pour partir en excursion. Quoi qu&#039;il en soit, de l&#039;autre c\u00f4t\u00e9, la saison des pluies dans le sud du Congo rend les d\u00e9placements un peu difficiles. Il est donc particuli\u00e8rement conseill\u00e9 de visiter le Congo pendant la saison diurne.<\/p>\n<h3>Quel est le moment le moins cher pour r\u00e9server un billet d&#039;avion pour la R\u00e9publique d\u00e9mocratique du Congo ?<\/h3>\n<p>Eh bien, il y a toujours des gens avis\u00e9s sur le budget qui ont l&#039;intention d&#039;explorer autant qu&#039;ils le peuvent dans un budget abordable. Ils peuvent opter pour la saison des pluies lorsqu&#039;un tr\u00e8s petit nombre de circuits exp\u00e9ditionnaires sont devin\u00e9s. Certaines r\u00e9gions du nord du pays accueillent encore les mois de f\u00e9vrier et janvier et les visiteurs ont tendance \u00e0 trouver des vols et des offres d&#039;h\u00f4tels en R\u00e9publique d\u00e9mocratique du Congo \u00e0 des tarifs inf\u00e9rieurs.<\/p>\n<h3>Quelles compagnies a\u00e9riennes proposent des vols pas chers vers la R\u00e9publique d\u00e9mocratique du Congo ?<\/h3>\n<p>\u2022 Compagnies a\u00e9riennes \u00e9thiopiennes<br \/>\n\u2022  Air France<br \/>\n\u2022 Kenya Airways<br \/>\n\u2022  Turkish Airlines<br \/>\n\u2022 Brussels Airlines<br \/>\n\u2022 Royal Air Maroc<\/p>\n<h3>Grands a\u00e9roports internationaux au Congo<\/h3>\n<p>Le Congo est partag\u00e9 entre 2 pays, \u00e0 savoir la R\u00e9publique du Congo et la R\u00e9publique D\u00e9mocratique du Congo. Dans le cas de ces R\u00e9publique d\u00e9mocratique du Congo, les principaux hubs internationaux pour soutenir le r\u00e9seau a\u00e9rien local sont\u00a0:<\/p>\n<p>\u2022 A\u00e9roport N&#039;Djili de Kinshasa<\/p>\n<p>\u2022 L&#039;a\u00e9roport Luano de Lubumbashi<\/p>\n<p>L&#039;a\u00e9roport de Goma et l&#039;a\u00e9roport international de Bangoka accueillent \u00e9galement des vols internationaux, \u00e9tendant les vols de la R\u00e9publique d\u00e9mocratique du Congo \u00e0 de nombreux a\u00e9roports locaux ainsi qu&#039;aux pistes d&#039;atterrissage.<\/p>\n<p>Pour la R\u00e9publique du Congo, Brazzaville est la principale plaque tournante de l&#039;aviation avec son a\u00e9roport Maya Maya assurant environ 400 vols par semaine. Pointe Noire facilite \u00e9galement les op\u00e9rations de vol international dans le pays, permettant aux vols de liaison d&#039;atteindre d&#039;autres a\u00e9roports et pistes d&#039;atterrissage locaux.<\/p>\n<h2>Comment se d\u00e9placer au Congo<\/h2>\n<p>La R\u00e9publique d\u00e9mocratique du Congo se situe au centre du bassin du Congo et poss\u00e8de diff\u00e9rents ports int\u00e9rieurs pour les ferries.<\/p>\n<p><strong>Taxis et locations de voitures<\/strong><br \/>\nLa conduite est un moyen simple de se d\u00e9placer au Congo. Si vous allez vous procurer un v\u00e9hicule, les v\u00e9hicules \u00e0 quatre roues motrices sont fortement conseill\u00e9s. Les flottes sont limit\u00e9es, mais sont accessibles \u00e0 l&#039;a\u00e9roport avec des r\u00e9servations \u00e0 l&#039;avance sugg\u00e9r\u00e9es.<\/p>\n<p><strong>Ferries congolais<\/strong><br \/>\nUn ferry op\u00e8re sur le fleuve Congo, et si la s\u00e9curit\u00e9 le permet, vous pouvez l&#039;utiliser pour vous rendre \u00e0 Kisangani depuis Kinshasa.<\/p>\n<p><strong>Bus et trains congolais<\/strong><br \/>\nIl est possible de voyager en train vers Matadi depuis Kinshasa, ainsi que depuis Kalemie via Kabalo ou Lumbumbashi jusqu&#039;\u00e0 llebo. Les chemins de fer des grands lacs relient Kisangani \u00e0 Ubundu, en passant par Boyoma Falls et Stanley en cours de route. Les trains principaux ont des couchettes et des v\u00e9hicules-restaurants et sont climatis\u00e9s.<\/p>\n<p>Des minibus circulent \u00e9galement dans les grandes villes comme Kinshasa et sont connus sous le nom de taxis.<\/p>","protected":false},"excerpt":{"rendered":"<p>Looking for cheap airline ticket to Democratic Republic of the Congo or last minute deals? Search, compare and book cheap airline ticket Democratic Republic of the Congo online now. Book cheap flights to Democratic Republic of the Congo online and save money on airfare. Kinshasa, the capital is a best starting point for daytrips. Some [&hellip;]<\/p>\n","protected":false},"author":1,"featured_media":14041,"parent":0,"menu_order":0,"comment_status":"open","ping_status":"closed","template":"template-home-modern.php","meta":{"footnotes":""},"class_list":["post-11873","page","type-page","status-publish","has-post-thumbnail","hentry"],"yoast_head":"<!-- This site is optimized with the Yoast SEO plugin v27.3 - https:\/\/yoast.com\/product\/yoast-seo-wordpress\/ -->\n<title>Cheap Flights to Democratic Republic of the Congo<\/title>\n<meta name=\"description\" content=\"Looking for cheap flights to\u00a0Democratic Republic of the Congo? Compare and book cheap airline ticket from to\u00a0Democratic Republic of the Congo online\" \/>\n<meta name=\"robots\" content=\"index, follow, max-snippet:-1, max-image-preview:large, max-video-preview:-1\" \/>\n<link rel=\"canonical\" href=\"https:\/\/tiketi.com\/fr-fr\/cheap-flights-to-democratic-republic-of-the-congo\/\" \/>\n<meta property=\"og:locale\" content=\"fr_FR\" \/>\n<meta property=\"og:type\" content=\"article\" \/>\n<meta property=\"og:title\" content=\"Cheap Flights to Democratic Republic of the Congo\" \/>\n<meta property=\"og:description\" content=\"Looking for cheap flights to\u00a0Democratic Republic of the Congo? Compare and book cheap airline ticket from to\u00a0Democratic Republic of the Congo online\" \/>\n<meta property=\"og:url\" content=\"https:\/\/tiketi.com\/fr-fr\/cheap-flights-to-democratic-republic-of-the-congo\/\" \/>\n<meta property=\"og:site_name\" content=\"Tiketi.com\" \/>\n<meta property=\"article:publisher\" content=\"https:\/\/www.facebook.com\/TiketiCom\/\" \/>\n<meta property=\"article:modified_time\" content=\"2022-02-10T09:27:38+00:00\" \/>\n<meta property=\"og:image\" content=\"https:\/\/tiketi.com\/wp-content\/uploads\/2022\/01\/flight-ticket-booking-sorasak-KxCJXXGsv9I-unsplas.jpg\" \/>\n\t<meta property=\"og:image:width\" content=\"1200\" \/>\n\t<meta property=\"og:image:height\" content=\"240\" \/>\n\t<meta property=\"og:image:type\" content=\"image\/jpeg\" \/>\n<meta name=\"twitter:card\" content=\"summary_large_image\" \/>\n<meta name=\"twitter:label1\" content=\"Dur\u00e9e de lecture estim\u00e9e\" \/>\n\t<meta name=\"twitter:data1\" content=\"4 minutes\" \/>\n<script type=\"application\/ld+json\" class=\"yoast-schema-graph\">{\"@context\":\"https:\\\/\\\/schema.org\",\"@graph\":[{\"@type\":\"WebPage\",\"@id\":\"https:\\\/\\\/tiketi.com\\\/cheap-flights-to-democratic-republic-of-the-congo\\\/\",\"url\":\"https:\\\/\\\/tiketi.com\\\/cheap-flights-to-democratic-republic-of-the-congo\\\/\",\"name\":\"Cheap Flights to Democratic Republic of the Congo\",\"isPartOf\":{\"@id\":\"https:\\\/\\\/tiketi.com\\\/#website\"},\"primaryImageOfPage\":{\"@id\":\"https:\\\/\\\/tiketi.com\\\/cheap-flights-to-democratic-republic-of-the-congo\\\/#primaryimage\"},\"image\":{\"@id\":\"https:\\\/\\\/tiketi.com\\\/cheap-flights-to-democratic-republic-of-the-congo\\\/#primaryimage\"},\"thumbnailUrl\":\"https:\\\/\\\/tiketi.com\\\/wp-content\\\/uploads\\\/2022\\\/01\\\/flight-ticket-booking-sorasak-KxCJXXGsv9I-unsplas.jpg\",\"datePublished\":\"2022-01-19T11:55:19+00:00\",\"dateModified\":\"2022-02-10T09:27:38+00:00\",\"description\":\"Looking for cheap flights to\u00a0Democratic Republic of the Congo? Compare and book cheap airline ticket from to\u00a0Democratic Republic of the Congo online\",\"breadcrumb\":{\"@id\":\"https:\\\/\\\/tiketi.com\\\/cheap-flights-to-democratic-republic-of-the-congo\\\/#breadcrumb\"},\"inLanguage\":\"fr-FR\",\"potentialAction\":[{\"@type\":\"ReadAction\",\"target\":[\"https:\\\/\\\/tiketi.com\\\/cheap-flights-to-democratic-republic-of-the-congo\\\/\"]}]},{\"@type\":\"ImageObject\",\"inLanguage\":\"fr-FR\",\"@id\":\"https:\\\/\\\/tiketi.com\\\/cheap-flights-to-democratic-republic-of-the-congo\\\/#primaryimage\",\"url\":\"https:\\\/\\\/tiketi.com\\\/wp-content\\\/uploads\\\/2022\\\/01\\\/flight-ticket-booking-sorasak-KxCJXXGsv9I-unsplas.jpg\",\"contentUrl\":\"https:\\\/\\\/tiketi.com\\\/wp-content\\\/uploads\\\/2022\\\/01\\\/flight-ticket-booking-sorasak-KxCJXXGsv9I-unsplas.jpg\",\"width\":1200,\"height\":240,\"caption\":\"Online flight ticket booking\"},{\"@type\":\"BreadcrumbList\",\"@id\":\"https:\\\/\\\/tiketi.com\\\/cheap-flights-to-democratic-republic-of-the-congo\\\/#breadcrumb\",\"itemListElement\":[{\"@type\":\"ListItem\",\"position\":1,\"name\":\"Home\",\"item\":\"https:\\\/\\\/tiketi.com\\\/\"},{\"@type\":\"ListItem\",\"position\":2,\"name\":\"Cheap Flights to Democratic Republic of the Congo\"}]},{\"@type\":\"WebSite\",\"@id\":\"https:\\\/\\\/tiketi.com\\\/#website\",\"url\":\"https:\\\/\\\/tiketi.com\\\/\",\"name\":\"Flight & Bus Tickets, Tour Packages & Activitites - Tiketi.com\",\"description\":\"Flight &amp; Bus Tickets, Tours, Activitites\",\"publisher\":{\"@id\":\"https:\\\/\\\/tiketi.com\\\/#organization\"},\"potentialAction\":[{\"@type\":\"SearchAction\",\"target\":{\"@type\":\"EntryPoint\",\"urlTemplate\":\"https:\\\/\\\/tiketi.com\\\/?s={search_term_string}\"},\"query-input\":{\"@type\":\"PropertyValueSpecification\",\"valueRequired\":true,\"valueName\":\"search_term_string\"}}],\"inLanguage\":\"fr-FR\"},{\"@type\":\"Organization\",\"@id\":\"https:\\\/\\\/tiketi.com\\\/#organization\",\"name\":\"Tiketi.com\",\"alternateName\":\"Tiketi\",\"url\":\"https:\\\/\\\/tiketi.com\\\/\",\"logo\":{\"@type\":\"ImageObject\",\"inLanguage\":\"fr-FR\",\"@id\":\"https:\\\/\\\/tiketi.com\\\/#\\\/schema\\\/logo\\\/image\\\/\",\"url\":\"https:\\\/\\\/tiketi.com\\\/wp-content\\\/uploads\\\/2019\\\/05\\\/tiketi-logo-696.png\",\"contentUrl\":\"https:\\\/\\\/tiketi.com\\\/wp-content\\\/uploads\\\/2019\\\/05\\\/tiketi-logo-696.png\",\"width\":696,\"height\":696,\"caption\":\"Tiketi.com\"},\"image\":{\"@id\":\"https:\\\/\\\/tiketi.com\\\/#\\\/schema\\\/logo\\\/image\\\/\"},\"sameAs\":[\"https:\\\/\\\/www.facebook.com\\\/TiketiCom\\\/\"]}]}<\/script>\n<!-- \/ Yoast SEO plugin. -->","yoast_head_json":{"title":"Vols pas chers vers R\u00e9publique d\u00e9mocratique du Congo","description":"Vous cherchez des vols pas chers vers la R\u00e9publique d\u00e9mocratique du Congo ? Comparez et r\u00e9servez en ligne les billets d&#039;avion pas chers du vers R\u00e9publique D\u00e9mocratique du Congo","robots":{"index":"index","follow":"follow","max-snippet":"max-snippet:-1","max-image-preview":"max-image-preview:large","max-video-preview":"max-video-preview:-1"},"canonical":"https:\/\/tiketi.com\/fr-fr\/cheap-flights-to-democratic-republic-of-the-congo\/","og_locale":"fr_FR","og_type":"article","og_title":"Cheap Flights to Democratic Republic of the Congo","og_description":"Looking for cheap flights to\u00a0Democratic Republic of the Congo? Compare and book cheap airline ticket from to\u00a0Democratic Republic of the Congo online","og_url":"https:\/\/tiketi.com\/fr-fr\/cheap-flights-to-democratic-republic-of-the-congo\/","og_site_name":"Tiketi.com","article_publisher":"https:\/\/www.facebook.com\/TiketiCom\/","article_modified_time":"2022-02-10T09:27:38+00:00","og_image":[{"width":1200,"height":240,"url":"https:\/\/tiketi.com\/wp-content\/uploads\/2022\/01\/flight-ticket-booking-sorasak-KxCJXXGsv9I-unsplas.jpg","type":"image\/jpeg"}],"twitter_card":"summary_large_image","twitter_misc":{"Dur\u00e9e de lecture estim\u00e9e":"4 minutes"},"schema":{"@context":"https:\/\/schema.org","@graph":[{"@type":"WebPage","@id":"https:\/\/tiketi.com\/cheap-flights-to-democratic-republic-of-the-congo\/","url":"https:\/\/tiketi.com\/cheap-flights-to-democratic-republic-of-the-congo\/","name":"Vols pas chers vers R\u00e9publique d\u00e9mocratique du Congo","isPartOf":{"@id":"https:\/\/tiketi.com\/#website"},"primaryImageOfPage":{"@id":"https:\/\/tiketi.com\/cheap-flights-to-democratic-republic-of-the-congo\/#primaryimage"},"image":{"@id":"https:\/\/tiketi.com\/cheap-flights-to-democratic-republic-of-the-congo\/#primaryimage"},"thumbnailUrl":"https:\/\/tiketi.com\/wp-content\/uploads\/2022\/01\/flight-ticket-booking-sorasak-KxCJXXGsv9I-unsplas.jpg","datePublished":"2022-01-19T11:55:19+00:00","dateModified":"2022-02-10T09:27:38+00:00","description":"Vous cherchez des vols pas chers vers la R\u00e9publique d\u00e9mocratique du Congo ? Comparez et r\u00e9servez en ligne les billets d&#039;avion pas chers du vers R\u00e9publique D\u00e9mocratique du Congo","breadcrumb":{"@id":"https:\/\/tiketi.com\/cheap-flights-to-democratic-republic-of-the-congo\/#breadcrumb"},"inLanguage":"fr-FR","potentialAction":[{"@type":"ReadAction","target":["https:\/\/tiketi.com\/cheap-flights-to-democratic-republic-of-the-congo\/"]}]},{"@type":"ImageObject","inLanguage":"fr-FR","@id":"https:\/\/tiketi.com\/cheap-flights-to-democratic-republic-of-the-congo\/#primaryimage","url":"https:\/\/tiketi.com\/wp-content\/uploads\/2022\/01\/flight-ticket-booking-sorasak-KxCJXXGsv9I-unsplas.jpg","contentUrl":"https:\/\/tiketi.com\/wp-content\/uploads\/2022\/01\/flight-ticket-booking-sorasak-KxCJXXGsv9I-unsplas.jpg","width":1200,"height":240,"caption":"Online flight ticket booking"},{"@type":"BreadcrumbList","@id":"https:\/\/tiketi.com\/cheap-flights-to-democratic-republic-of-the-congo\/#breadcrumb","itemListElement":[{"@type":"ListItem","position":1,"name":"Home","item":"https:\/\/tiketi.com\/"},{"@type":"ListItem","position":2,"name":"Cheap Flights to Democratic Republic of the Congo"}]},{"@type":"WebSite","@id":"https:\/\/tiketi.com\/#website","url":"https:\/\/tiketi.com\/","name":"Billets d&#039;avion et de bus, forfaits touristiques et activit\u00e9s - Tiketi.com","description":"Billets d&#039;avion et de bus, Tours, Activit\u00e9s","publisher":{"@id":"https:\/\/tiketi.com\/#organization"},"potentialAction":[{"@type":"SearchAction","target":{"@type":"EntryPoint","urlTemplate":"https:\/\/tiketi.com\/?s={search_term_string}"},"query-input":{"@type":"PropertyValueSpecification","valueRequired":true,"valueName":"search_term_string"}}],"inLanguage":"fr-FR"},{"@type":"Organization","@id":"https:\/\/tiketi.com\/#organization","name":"Tiketi.com","alternateName":"Tiketi","url":"https:\/\/tiketi.com\/","logo":{"@type":"ImageObject","inLanguage":"fr-FR","@id":"https:\/\/tiketi.com\/#\/schema\/logo\/image\/","url":"https:\/\/tiketi.com\/wp-content\/uploads\/2019\/05\/tiketi-logo-696.png","contentUrl":"https:\/\/tiketi.com\/wp-content\/uploads\/2019\/05\/tiketi-logo-696.png","width":696,"height":696,"caption":"Tiketi.com"},"image":{"@id":"https:\/\/tiketi.com\/#\/schema\/logo\/image\/"},"sameAs":["https:\/\/www.facebook.com\/TiketiCom\/"]}]}},"_links":{"self":[{"href":"https:\/\/tiketi.com\/fr-fr\/wp-json\/wp\/v2\/pages\/11873","targetHints":{"allow":["GET"]}}],"collection":[{"href":"https:\/\/tiketi.com\/fr-fr\/wp-json\/wp\/v2\/pages"}],"about":[{"href":"https:\/\/tiketi.com\/fr-fr\/wp-json\/wp\/v2\/types\/page"}],"author":[{"embeddable":true,"href":"https:\/\/tiketi.com\/fr-fr\/wp-json\/wp\/v2\/users\/1"}],"replies":[{"embeddable":true,"href":"https:\/\/tiketi.com\/fr-fr\/wp-json\/wp\/v2\/comments?post=11873"}],"version-history":[{"count":0,"href":"https:\/\/tiketi.com\/fr-fr\/wp-json\/wp\/v2\/pages\/11873\/revisions"}],"wp:featuredmedia":[{"embeddable":true,"href":"https:\/\/tiketi.com\/fr-fr\/wp-json\/wp\/v2\/media\/14041"}],"wp:attachment":[{"href":"https:\/\/tiketi.com\/fr-fr\/wp-json\/wp\/v2\/media?parent=11873"}],"curies":[{"name":"wp","href":"https:\/\/api.w.org\/{rel}","templated":true}]}}