{"id":11874,"date":"2022-01-19T12:55:19","date_gmt":"2022-01-19T11:55:19","guid":{"rendered":"https:\/\/new.tiketi.com\/cheap-flights-to-cameroon\/"},"modified":"2022-02-10T09:57:20","modified_gmt":"2022-02-10T08:57:20","slug":"cheap-flights-to-cameroon","status":"publish","type":"page","link":"https:\/\/tiketi.com\/fr-fr\/cheap-flights-to-cameroon\/","title":{"rendered":"Vols pas chers vers le Cameroun"},"content":{"rendered":"<h2>\u00c0 la recherche d&#039;un billet d&#039;avion pas cher pour le Cameroun ou d&#039;offres de derni\u00e8re minute ?<\/h2>\n<h3>Cherchez, comparez et r\u00e9servez en ligne maintenant des billets d&#039;avion pas chers Cameroun (AUH).<\/h3>\n<p>R\u00e9servez en ligne des vols pas chers pour le Cameroun et \u00e9conomisez de l&#039;argent sur les billets d&#039;avion. Voyager \u00e0 travers le Cameroun est un voyage de d\u00e9couverte qui vous fera voyager dans des lieux historiques qui pr\u00e9servent son histoire, sa culture et des espaces qui nourrissent son art. Voici les meilleures attractions \u00e0 ne pas manquer. Comparez les prix et obtenez les tarifs les plus bas sur les billets d&#039;avion pour Cameroun gr\u00e2ce \u00e0 des offres exceptionnelles sur la r\u00e9servation de billets en ligne de vols Cameroun.<\/p>\n<h2>Voici quelques-unes des meilleures attractions du Cameroun<\/h2>\n<h3>Parc national de Waza<\/h3>\n<p>Fond\u00e9 en 1934 en tant que r\u00e9serve de chasse, ce parc national de Waza est devenu par la suite la r\u00e9serve de biosph\u00e8re de l&#039;UNESCO. Le parc sauve des hy\u00e8nes, des \u00e9l\u00e9phants, des lions, des gu\u00e9pards et de nombreux autres animaux dans un lieu couvert de v\u00e9g\u00e9tation de savane et du Sahel.<\/p>\n<h3>Centre de la faune de Limbe<\/h3>\n<p>Ce centre de conversation sauve et r\u00e9habilite les perroquets, les gorilles, les reptiles, les babouins et de nombreux autres mammif\u00e8res des marchands d&#039;animaux de compagnie et des chasseurs. Ils dirigent un grand programme d&#039;\u00e9ducation du public et enseignent des formes d&#039;emploi de substitution afin de dissuader la chasse.<\/p>\n<h3>Lac Nyos<\/h3>\n<p>Le lac Nyos est \u00e9quip\u00e9 de cuves de d\u00e9gazage pour arr\u00eater l&#039;\u00e9ruption limnique qui a asphyxi\u00e9 plus de 1 700 personnes et 3 600 t\u00eates de b\u00e9tail en 1986. C&#039;est l&#039;un des 3 lacs de ce type sur la plan\u00e8te.<\/p>\n<h3>Parc national de Korup<\/h3>\n<p>L&#039;une des for\u00eats primaires les plus riches de la plan\u00e8te a \u00e9t\u00e9 rendue accessible aux h\u00f4tes. L&#039;h\u00e9bergement est accessible et un pont suspendu m\u00e8ne au parc. C&#039;est un endroit remarquable pour observer les oiseaux et les animaux sauvages.<\/p>\n<h3>Mont Cameron<\/h3>\n<p>Le plus haut sommet volcanique dynamique d&#039;Afrique de l&#039;Ouest, situ\u00e9 dans la partie sud-ouest du Cameroun, le mont Cameroun est l&#039;un des meilleurs sentiers de randonn\u00e9e du tourisme d&#039;aventure. Une randonn\u00e9e de 4 jours depuis la base de la ville coloniale de Buea, qui a \u00e9galement l&#039;histoire d&#039;\u00eatre le principal bureau de poste d&#039;Afrique de l&#039;Ouest.<\/p>\n<h3>Yaound\u00e9<\/h3>\n<p>C&#039;est la capitale qui d\u00e9tient des r\u00e9f\u00e9rences politiques et historiques. En plus du Parc National de la Mefou, le Mus\u00e9e National de Yaound\u00e9 r\u00e9fl\u00e9chit sur la culture et l&#039;histoire du pays. Une autre entreprise priv\u00e9e du nom de Blacktide Museum est un mus\u00e9e ethnographique dont l&#039;objectif est la pr\u00e9servation et la protection du patrimoine artistique.<\/p>\n<h2>FAQ sur les vols pas chers vers le Cameroun<\/h2>\n<h3>Quel jour est le moins cher pour partir pour Cameroun ?<\/h3>\n<p>Les vols pas chers vers le Cameroun se trouvent g\u00e9n\u00e9ralement au d\u00e9part un mardi. Le jour de d\u00e9part avec le co\u00fbt le plus \u00e9lev\u00e9 actuellement est le lundi.<\/p>\n<h3>\u00c0 quelle heure de la journ\u00e9e les vols pour Cameroun sont-ils les moins chers ?<\/h3>\n<p>\u00c0 l&#039;heure actuelle, les vols directs vers le Cameroun dans l&#039;apr\u00e8s-midi sont susceptibles d&#039;offrir le meilleur rapport qualit\u00e9-prix pour votre voyage au Cameroun. Un vol vers le Cameroun le matin sera le plus souvent d&#039;un co\u00fbt \u00e9lev\u00e9.<\/p>\n<h3>Quel est le meilleur moment pour r\u00e9server un billet d&#039;avion pour le Cameroun ?<\/h3>\n<p>Un billet d&#039;avion pas cher pour le Cameroun en novembre est g\u00e9n\u00e9ralement consid\u00e9r\u00e9 comme le meilleur moment pour voyager au Cameroun. Quoi qu&#039;il en soit, vous trouverez d&#039;autres offres de vols vers Cameroun accessibles \u00e0 tout moment toute l&#039;ann\u00e9e. En f\u00e9vrier, les temp\u00e9ratures au Cameroun culminent \u00e0 leur plus haut niveau. Le mois d&#039;ao\u00fbt a tendance, en moyenne, \u00e0 afficher le plus de pr\u00e9cipitations.<\/p>\n<h3>Quel est le meilleur moment pour visiter le Cameroun ?<\/h3>\n<p>Les mois entre novembre et avril sont les meilleurs moments pour les vols vers le Cameroun. Le pays \u00e9tant juste au nord de l&#039;\u00e9quateur, l&#039;humidit\u00e9 dans les r\u00e9gions c\u00f4ti\u00e8res du Cameroun n&#039;est pas extr\u00eamement agr\u00e9able pendant la saison estivale des pluies. De novembre \u00e0 avril, non seulement le Cameroun a un ciel ouvert, mais la temp\u00e9rature reste \u00e9galement hospitali\u00e8re. La temp\u00e9rature moyenne au cours de ces 5 mois reste \u00e9galement comprise entre 23\u00b0C et 32\u00b0C. L&#039;humidit\u00e9 descend \u00e9galement \u00e0 trente pour cent acceptable, ce qui rend votre voyage d\u00e9tendu.<\/p>\n<p>M\u00eame si le Cameroun poss\u00e8de l&#039;une des villes les plus humides de la plan\u00e8te pr\u00e8s de ses r\u00e9gions c\u00f4ti\u00e8res, il y a une augmentation du nombre de visiteurs venant dans le pays en juillet, juin et mai. La plupart de ces visiteurs sont des Camerounais qui rentrent chez eux pour les vacances scolaires d&#039;\u00e9t\u00e9, donc les vols bon march\u00e9 et l&#039;h\u00f4tel au Cameroun peuvent facturer un joli suppl\u00e9ment pendant les \u00e9t\u00e9s. Les visiteurs \u00e9trangers pr\u00e9f\u00e8rent venir dans le pays en novembre, qui correspond \u00e9galement \u00e0 la flamb\u00e9e des prix des billets pour le Cameroun.<\/p>\n<h3>Quelles sont les options de transport accessibles aux visiteurs au Cameroun ?<\/h3>\n<p>Des vols directs r\u00e9guliers du Cameroun sont op\u00e9r\u00e9s entre les grandes villes du Cameroun. Il est tr\u00e8s important de savoir que les v\u00e9hicules se conduisent du c\u00f4t\u00e9 droit. Dans le sud, de superbes parcours s&#039;appr\u00e9cient de pr\u00e9f\u00e9rence en v\u00e9hicule de location avec vos proches. Le r\u00e9seau ferroviaire est \u00e9galement largement r\u00e9pandu dans tout le pays. Il est conseill\u00e9 de ne pas r\u00e9server de billet \u00e0 moins d&#039;avoir suffisamment de temps car les trains se d\u00e9placent \u00e0 une vitesse lente. La plupart des gens pr\u00e9f\u00e8rent communier avec les trains Camrail car ils sont tr\u00e8s abordables. De plus, les taxis sont nombreux dans toutes les grandes villes de Cameron. R\u00e9glez le prix avant de vous rendre dans n&#039;importe quel endroit pour rejeter tout d\u00e9saccord.<\/p>\n<p>Les agences sont accessibles dans les grandes villes si vous \u00eates int\u00e9ress\u00e9 par la location d&#039;un v\u00e9hicule, mais elles sont connues pour \u00eatre assez ch\u00e8res. De Yaound\u00e9, et d&#039;autres villes sont accessibles par des trajets routiers. Duala n&#039;est qu&#039;\u00e0 trois heures de route, mais Ngaoundere est \u00e0 douze heures, Garoua est \u00e0 dix-huit heures, et un trajet jusqu&#039;\u00e0 Maroua vous prendra une journ\u00e9e enti\u00e8re.<\/p>\n<p>Avec ses d\u00e9serts, ses for\u00eats tropicales, ses plages et ses parcs animaliers, le Cameroun, pays d&#039;Afrique de l&#039;Ouest, a beaucoup \u00e0 offrir aux visiteurs. les visiteurs aventureux r\u00e9servent un billet d&#039;avion pour le Cameroun pour voir certains des meilleurs que la nature a \u00e0 offrir en Afrique.<\/p>","protected":false},"excerpt":{"rendered":"<p>Looking for cheap airline ticket to Cameroon or last minute deals? Search, compare and book cheap airline ticket Cameroon (AUH) online now. Book cheap flights to Cameroon online and save money on airfare. Traveling through Cameroon is a voyage of discovery that will take you a trip of historical places which preserve its history, culture, [&hellip;]<\/p>\n","protected":false},"author":1,"featured_media":14041,"parent":0,"menu_order":0,"comment_status":"open","ping_status":"closed","template":"template-home-modern.php","meta":{"footnotes":""},"class_list":["post-11874","page","type-page","status-publish","has-post-thumbnail","hentry"],"yoast_head":"<!-- This site is optimized with the Yoast SEO plugin v27.3 - https:\/\/yoast.com\/product\/yoast-seo-wordpress\/ -->\n<title>Cheap Flights to Cameroon<\/title>\n<meta name=\"description\" content=\"Looking for cheap flights to\u00a0Cameroon? Search, compare and book cheap airline ticket from to\u00a0Cameroon online\" \/>\n<meta name=\"robots\" content=\"index, follow, max-snippet:-1, max-image-preview:large, max-video-preview:-1\" \/>\n<link rel=\"canonical\" href=\"https:\/\/tiketi.com\/fr-fr\/cheap-flights-to-cameroon\/\" \/>\n<meta property=\"og:locale\" content=\"fr_FR\" \/>\n<meta property=\"og:type\" content=\"article\" \/>\n<meta property=\"og:title\" content=\"Cheap Flights to Cameroon\" \/>\n<meta property=\"og:description\" content=\"Looking for cheap flights to\u00a0Cameroon? Search, compare and book cheap airline ticket from to\u00a0Cameroon online\" \/>\n<meta property=\"og:url\" content=\"https:\/\/tiketi.com\/fr-fr\/cheap-flights-to-cameroon\/\" \/>\n<meta property=\"og:site_name\" content=\"Tiketi.com\" \/>\n<meta property=\"article:publisher\" content=\"https:\/\/www.facebook.com\/TiketiCom\/\" \/>\n<meta property=\"article:modified_time\" content=\"2022-02-10T08:57:20+00:00\" \/>\n<meta property=\"og:image\" content=\"https:\/\/tiketi.com\/wp-content\/uploads\/2022\/01\/flight-ticket-booking-sorasak-KxCJXXGsv9I-unsplas.jpg\" \/>\n\t<meta property=\"og:image:width\" content=\"1200\" \/>\n\t<meta property=\"og:image:height\" content=\"240\" \/>\n\t<meta property=\"og:image:type\" content=\"image\/jpeg\" \/>\n<meta name=\"twitter:card\" content=\"summary_large_image\" \/>\n<meta name=\"twitter:label1\" content=\"Dur\u00e9e de lecture estim\u00e9e\" \/>\n\t<meta name=\"twitter:data1\" content=\"4 minutes\" \/>\n<script type=\"application\/ld+json\" class=\"yoast-schema-graph\">{\"@context\":\"https:\\\/\\\/schema.org\",\"@graph\":[{\"@type\":\"WebPage\",\"@id\":\"https:\\\/\\\/tiketi.com\\\/fr-fr\\\/cheap-flights-to-cameroon\\\/\",\"url\":\"https:\\\/\\\/tiketi.com\\\/fr-fr\\\/cheap-flights-to-cameroon\\\/\",\"name\":\"Cheap Flights to Cameroon\",\"isPartOf\":{\"@id\":\"https:\\\/\\\/tiketi.com\\\/#website\"},\"primaryImageOfPage\":{\"@id\":\"https:\\\/\\\/tiketi.com\\\/fr-fr\\\/cheap-flights-to-cameroon\\\/#primaryimage\"},\"image\":{\"@id\":\"https:\\\/\\\/tiketi.com\\\/fr-fr\\\/cheap-flights-to-cameroon\\\/#primaryimage\"},\"thumbnailUrl\":\"https:\\\/\\\/tiketi.com\\\/wp-content\\\/uploads\\\/2022\\\/01\\\/flight-ticket-booking-sorasak-KxCJXXGsv9I-unsplas.jpg\",\"datePublished\":\"2022-01-19T11:55:19+00:00\",\"dateModified\":\"2022-02-10T08:57:20+00:00\",\"description\":\"Looking for cheap flights to\u00a0Cameroon? Search, compare and book cheap airline ticket from to\u00a0Cameroon online\",\"breadcrumb\":{\"@id\":\"https:\\\/\\\/tiketi.com\\\/fr-fr\\\/cheap-flights-to-cameroon\\\/#breadcrumb\"},\"inLanguage\":\"fr-FR\",\"potentialAction\":[{\"@type\":\"ReadAction\",\"target\":[\"https:\\\/\\\/tiketi.com\\\/fr-fr\\\/cheap-flights-to-cameroon\\\/\"]}]},{\"@type\":\"ImageObject\",\"inLanguage\":\"fr-FR\",\"@id\":\"https:\\\/\\\/tiketi.com\\\/fr-fr\\\/cheap-flights-to-cameroon\\\/#primaryimage\",\"url\":\"https:\\\/\\\/tiketi.com\\\/wp-content\\\/uploads\\\/2022\\\/01\\\/flight-ticket-booking-sorasak-KxCJXXGsv9I-unsplas.jpg\",\"contentUrl\":\"https:\\\/\\\/tiketi.com\\\/wp-content\\\/uploads\\\/2022\\\/01\\\/flight-ticket-booking-sorasak-KxCJXXGsv9I-unsplas.jpg\",\"width\":1200,\"height\":240,\"caption\":\"Online flight ticket booking\"},{\"@type\":\"BreadcrumbList\",\"@id\":\"https:\\\/\\\/tiketi.com\\\/fr-fr\\\/cheap-flights-to-cameroon\\\/#breadcrumb\",\"itemListElement\":[{\"@type\":\"ListItem\",\"position\":1,\"name\":\"Home\",\"item\":\"https:\\\/\\\/tiketi.com\\\/\"},{\"@type\":\"ListItem\",\"position\":2,\"name\":\"Cheap Flights to Cameroon\"}]},{\"@type\":\"WebSite\",\"@id\":\"https:\\\/\\\/tiketi.com\\\/#website\",\"url\":\"https:\\\/\\\/tiketi.com\\\/\",\"name\":\"Flight & Bus Tickets, Tour Packages & Activitites - Tiketi.com\",\"description\":\"Flight &amp; Bus Tickets, Tours, Activitites\",\"publisher\":{\"@id\":\"https:\\\/\\\/tiketi.com\\\/#organization\"},\"potentialAction\":[{\"@type\":\"SearchAction\",\"target\":{\"@type\":\"EntryPoint\",\"urlTemplate\":\"https:\\\/\\\/tiketi.com\\\/?s={search_term_string}\"},\"query-input\":{\"@type\":\"PropertyValueSpecification\",\"valueRequired\":true,\"valueName\":\"search_term_string\"}}],\"inLanguage\":\"fr-FR\"},{\"@type\":\"Organization\",\"@id\":\"https:\\\/\\\/tiketi.com\\\/#organization\",\"name\":\"Tiketi.com\",\"alternateName\":\"Tiketi\",\"url\":\"https:\\\/\\\/tiketi.com\\\/\",\"logo\":{\"@type\":\"ImageObject\",\"inLanguage\":\"fr-FR\",\"@id\":\"https:\\\/\\\/tiketi.com\\\/#\\\/schema\\\/logo\\\/image\\\/\",\"url\":\"https:\\\/\\\/tiketi.com\\\/wp-content\\\/uploads\\\/2019\\\/05\\\/tiketi-logo-696.png\",\"contentUrl\":\"https:\\\/\\\/tiketi.com\\\/wp-content\\\/uploads\\\/2019\\\/05\\\/tiketi-logo-696.png\",\"width\":696,\"height\":696,\"caption\":\"Tiketi.com\"},\"image\":{\"@id\":\"https:\\\/\\\/tiketi.com\\\/#\\\/schema\\\/logo\\\/image\\\/\"},\"sameAs\":[\"https:\\\/\\\/www.facebook.com\\\/TiketiCom\\\/\"]}]}<\/script>\n<!-- \/ Yoast SEO plugin. -->","yoast_head_json":{"title":"Vols pas chers vers le Cameroun","description":"Vous recherchez des vols pas chers vers le Cameroun ? Recherchez, comparez et r\u00e9servez en ligne un billet d&#039;avion pas cher de vers Cameroun","robots":{"index":"index","follow":"follow","max-snippet":"max-snippet:-1","max-image-preview":"max-image-preview:large","max-video-preview":"max-video-preview:-1"},"canonical":"https:\/\/tiketi.com\/fr-fr\/cheap-flights-to-cameroon\/","og_locale":"fr_FR","og_type":"article","og_title":"Cheap Flights to Cameroon","og_description":"Looking for cheap flights to\u00a0Cameroon? Search, compare and book cheap airline ticket from to\u00a0Cameroon online","og_url":"https:\/\/tiketi.com\/fr-fr\/cheap-flights-to-cameroon\/","og_site_name":"Tiketi.com","article_publisher":"https:\/\/www.facebook.com\/TiketiCom\/","article_modified_time":"2022-02-10T08:57:20+00:00","og_image":[{"width":1200,"height":240,"url":"https:\/\/tiketi.com\/wp-content\/uploads\/2022\/01\/flight-ticket-booking-sorasak-KxCJXXGsv9I-unsplas.jpg","type":"image\/jpeg"}],"twitter_card":"summary_large_image","twitter_misc":{"Dur\u00e9e de lecture estim\u00e9e":"4 minutes"},"schema":{"@context":"https:\/\/schema.org","@graph":[{"@type":"WebPage","@id":"https:\/\/tiketi.com\/fr-fr\/cheap-flights-to-cameroon\/","url":"https:\/\/tiketi.com\/fr-fr\/cheap-flights-to-cameroon\/","name":"Vols pas chers vers le Cameroun","isPartOf":{"@id":"https:\/\/tiketi.com\/#website"},"primaryImageOfPage":{"@id":"https:\/\/tiketi.com\/fr-fr\/cheap-flights-to-cameroon\/#primaryimage"},"image":{"@id":"https:\/\/tiketi.com\/fr-fr\/cheap-flights-to-cameroon\/#primaryimage"},"thumbnailUrl":"https:\/\/tiketi.com\/wp-content\/uploads\/2022\/01\/flight-ticket-booking-sorasak-KxCJXXGsv9I-unsplas.jpg","datePublished":"2022-01-19T11:55:19+00:00","dateModified":"2022-02-10T08:57:20+00:00","description":"Vous recherchez des vols pas chers vers le Cameroun ? Recherchez, comparez et r\u00e9servez en ligne un billet d&#039;avion pas cher de vers Cameroun","breadcrumb":{"@id":"https:\/\/tiketi.com\/fr-fr\/cheap-flights-to-cameroon\/#breadcrumb"},"inLanguage":"fr-FR","potentialAction":[{"@type":"ReadAction","target":["https:\/\/tiketi.com\/fr-fr\/cheap-flights-to-cameroon\/"]}]},{"@type":"ImageObject","inLanguage":"fr-FR","@id":"https:\/\/tiketi.com\/fr-fr\/cheap-flights-to-cameroon\/#primaryimage","url":"https:\/\/tiketi.com\/wp-content\/uploads\/2022\/01\/flight-ticket-booking-sorasak-KxCJXXGsv9I-unsplas.jpg","contentUrl":"https:\/\/tiketi.com\/wp-content\/uploads\/2022\/01\/flight-ticket-booking-sorasak-KxCJXXGsv9I-unsplas.jpg","width":1200,"height":240,"caption":"Online flight ticket booking"},{"@type":"BreadcrumbList","@id":"https:\/\/tiketi.com\/fr-fr\/cheap-flights-to-cameroon\/#breadcrumb","itemListElement":[{"@type":"ListItem","position":1,"name":"Home","item":"https:\/\/tiketi.com\/"},{"@type":"ListItem","position":2,"name":"Cheap Flights to Cameroon"}]},{"@type":"WebSite","@id":"https:\/\/tiketi.com\/#website","url":"https:\/\/tiketi.com\/","name":"Billets d&#039;avion et de bus, forfaits touristiques et activit\u00e9s - Tiketi.com","description":"Billets d&#039;avion et de bus, Tours, Activit\u00e9s","publisher":{"@id":"https:\/\/tiketi.com\/#organization"},"potentialAction":[{"@type":"SearchAction","target":{"@type":"EntryPoint","urlTemplate":"https:\/\/tiketi.com\/?s={search_term_string}"},"query-input":{"@type":"PropertyValueSpecification","valueRequired":true,"valueName":"search_term_string"}}],"inLanguage":"fr-FR"},{"@type":"Organization","@id":"https:\/\/tiketi.com\/#organization","name":"Tiketi.com","alternateName":"Tiketi","url":"https:\/\/tiketi.com\/","logo":{"@type":"ImageObject","inLanguage":"fr-FR","@id":"https:\/\/tiketi.com\/#\/schema\/logo\/image\/","url":"https:\/\/tiketi.com\/wp-content\/uploads\/2019\/05\/tiketi-logo-696.png","contentUrl":"https:\/\/tiketi.com\/wp-content\/uploads\/2019\/05\/tiketi-logo-696.png","width":696,"height":696,"caption":"Tiketi.com"},"image":{"@id":"https:\/\/tiketi.com\/#\/schema\/logo\/image\/"},"sameAs":["https:\/\/www.facebook.com\/TiketiCom\/"]}]}},"_links":{"self":[{"href":"https:\/\/tiketi.com\/fr-fr\/wp-json\/wp\/v2\/pages\/11874","targetHints":{"allow":["GET"]}}],"collection":[{"href":"https:\/\/tiketi.com\/fr-fr\/wp-json\/wp\/v2\/pages"}],"about":[{"href":"https:\/\/tiketi.com\/fr-fr\/wp-json\/wp\/v2\/types\/page"}],"author":[{"embeddable":true,"href":"https:\/\/tiketi.com\/fr-fr\/wp-json\/wp\/v2\/users\/1"}],"replies":[{"embeddable":true,"href":"https:\/\/tiketi.com\/fr-fr\/wp-json\/wp\/v2\/comments?post=11874"}],"version-history":[{"count":0,"href":"https:\/\/tiketi.com\/fr-fr\/wp-json\/wp\/v2\/pages\/11874\/revisions"}],"wp:featuredmedia":[{"embeddable":true,"href":"https:\/\/tiketi.com\/fr-fr\/wp-json\/wp\/v2\/media\/14041"}],"wp:attachment":[{"href":"https:\/\/tiketi.com\/fr-fr\/wp-json\/wp\/v2\/media?parent=11874"}],"curies":[{"name":"wp","href":"https:\/\/api.w.org\/{rel}","templated":true}]}}